{"id":7339,"date":"2021-01-22T12:16:20","date_gmt":"2021-01-22T11:16:20","guid":{"rendered":"https:\/\/oller-pintures.c.wetopi.com\/?post_type=product&#038;p=7339"},"modified":"2026-04-14T02:00:38","modified_gmt":"2026-04-14T01:00:38","slug":"esmalt-blatemlac-setinat-blatem-blanco-nieve","status":"publish","type":"product","link":"https:\/\/ollerpintures.com\/ca\/producte\/esmalt-blatemlac-setinat-blatem-blanco-nieve\/","title":{"rendered":"Esmalt Blatemlac setinat BLATEM Blanco Nieve"},"content":{"rendered":"<p>Esmalt laca amb poliuret\u00e0 setinat d&#8217;extraordin\u00e0ria qualitat, per a interiors i exteriors, formulada amb la tecnologia m\u00e9s avan\u00e7ada per a oferir les millors prestacions. A m\u00e9s, ign\u00edfug.<\/p>\n<p>Aplicable sobre fusta i ferro:<strong> mobles, finestres, portes, estanteries, tanques, parets de cuina i lavabos, etc.\u00a0<\/strong><\/p>\n<p>&nbsp;<\/p>\n<p><em><strong>Consulta m\u00e9s informaci\u00f3 a la fitxa t\u00e8cnica adjunta!<\/strong><\/em><\/p>\n<p>&nbsp;<\/p>\n","protected":false},"excerpt":{"rendered":"<p>Esmalt laca amb poliuret\u00e0 setinat d&#8217;extraordin\u00e0ria qualitat, per a interiors i exteriors, formulada amb la tecnologia m\u00e9s avan\u00e7ada per a oferir les millors prestacions. A &#8230; <\/p>\n<p class=\"read-more-container\"><a title=\"Esmalt Blatemlac setinat BLATEM Blanco Nieve\" class=\"read-more button\" href=\"https:\/\/ollerpintures.com\/ca\/producte\/esmalt-blatemlac-setinat-blatem-blanco-nieve\/#more-7339\" aria-label=\"M\u00e9s informaci\u00f3 sobre Esmalt Blatemlac setinat BLATEM Blanco Nieve\">Seguir llegint<\/a><\/p>\n","protected":false},"featured_media":7340,"template":"","meta":{"_acf_changed":false},"pwb-brand":[60],"product_brand":[],"product_cat":[24,70,539,42,85,846,847],"product_tag":[81,83,63,84,518,62],"class_list":{"0":"post-7339","1":"product","2":"type-product","3":"status-publish","4":"has-post-thumbnail","6":"pwb-brand-blatem","7":"product_cat-pintura","8":"product_cat-pinturaexterior","9":"product_cat-pintura-per-fusta","10":"product_cat-interiorpintura","11":"product_cat-ferro-esmalt-pintures","12":"product_cat-pintura-per-ferro-2","13":"product_cat-esmalts-per-fusta","14":"product_tag-blatem","15":"product_tag-esmalt","16":"product_tag-exterior","17":"product_tag-ferro","18":"product_tag-fusta","19":"product_tag-interior","20":"no-featured-image-padding","21":"resize-featured-image","22":"sales-flash-overlay","23":"woocommerce-text-align-left","24":"woocommerce-image-align-center","25":"do-quantity-buttons","27":"first","28":"instock","29":"shipping-taxable","30":"purchasable","31":"product-type-variable"},"acf":[],"yoast_head":"<!-- This site is optimized with the Yoast SEO plugin v27.1.1 - https:\/\/yoast.com\/product\/yoast-seo-wordpress\/ -->\n<title>Esmalt Blatemlac setinat BLATEM Blanco Nieve - Oller Pinturas y Revestimientos<\/title>\n<meta name=\"description\" content=\"Esmalt laca amb poliuret\u00e0 setinat d&#039;extraordin\u00e0ria qualitat, per a interiors i exteriors, formulada amb la tecnologia m\u00e9s avan\u00e7ada per a oferir les\" \/>\n<meta name=\"robots\" content=\"index, follow, max-snippet:-1, max-image-preview:large, max-video-preview:-1\" \/>\n<link rel=\"canonical\" href=\"https:\/\/ollerpintures.com\/ca\/producte\/esmalt-blatemlac-setinat-blatem-blanco-nieve\/\" \/>\n<meta property=\"og:locale\" content=\"ca_ES\" \/>\n<meta property=\"og:type\" content=\"article\" \/>\n<meta property=\"og:title\" content=\"Esmalt Blatemlac setinat BLATEM Blanco Nieve - Oller Pinturas y Revestimientos\" \/>\n<meta property=\"og:description\" content=\"Esmalt laca amb poliuret\u00e0 setinat d&#039;extraordin\u00e0ria qualitat, per a interiors i exteriors, formulada amb la tecnologia m\u00e9s avan\u00e7ada per a oferir les\" \/>\n<meta property=\"og:url\" content=\"https:\/\/ollerpintures.com\/ca\/producte\/esmalt-blatemlac-setinat-blatem-blanco-nieve\/\" \/>\n<meta property=\"og:site_name\" content=\"Oller Pinturas y Revestimientos\" \/>\n<meta property=\"article:publisher\" content=\"https:\/\/www.facebook.com\/people\/Oller-Pintures\/100063652056709\/\" \/>\n<meta property=\"article:modified_time\" content=\"2026-04-14T01:00:38+00:00\" \/>\n<meta property=\"og:image\" content=\"https:\/\/ollerpintures.com\/wp-content\/uploads\/2021\/01\/esmalte-blatemlac-satinado-blanco-nieve-blatem-comprar-online-oller.png\" \/>\n\t<meta property=\"og:image:width\" content=\"1080\" \/>\n\t<meta property=\"og:image:height\" content=\"1080\" \/>\n\t<meta property=\"og:image:type\" content=\"image\/png\" \/>\n<meta name=\"twitter:card\" content=\"summary_large_image\" \/>\n<meta name=\"twitter:label1\" content=\"Temps estimat de lectura\" \/>\n\t<meta name=\"twitter:data1\" content=\"1 minut\" \/>\n<script type=\"application\/ld+json\" class=\"yoast-schema-graph\">{\"@context\":\"https:\/\/schema.org\",\"@graph\":[{\"@type\":\"WebPage\",\"@id\":\"https:\/\/ollerpintures.com\/ca\/producte\/esmalt-blatemlac-setinat-blatem-blanco-nieve\/\",\"url\":\"https:\/\/ollerpintures.com\/ca\/producte\/esmalt-blatemlac-setinat-blatem-blanco-nieve\/\",\"name\":\"Esmalt Blatemlac setinat BLATEM Blanco Nieve - Oller Pinturas y Revestimientos\",\"isPartOf\":{\"@id\":\"https:\/\/ollerpintures.com\/ca\/#website\"},\"primaryImageOfPage\":{\"@id\":\"https:\/\/ollerpintures.com\/ca\/producte\/esmalt-blatemlac-setinat-blatem-blanco-nieve\/#primaryimage\"},\"image\":{\"@id\":\"https:\/\/ollerpintures.com\/ca\/producte\/esmalt-blatemlac-setinat-blatem-blanco-nieve\/#primaryimage\"},\"thumbnailUrl\":\"https:\/\/ollerpintures.com\/wp-content\/uploads\/2021\/01\/esmalte-blatemlac-satinado-blanco-nieve-blatem-comprar-online-oller.png\",\"datePublished\":\"2021-01-22T11:16:20+00:00\",\"dateModified\":\"2026-04-14T01:00:38+00:00\",\"description\":\"Esmalt laca amb poliuret\u00e0 setinat d'extraordin\u00e0ria qualitat, per a interiors i exteriors, formulada amb la tecnologia m\u00e9s avan\u00e7ada per a oferir les\",\"breadcrumb\":{\"@id\":\"https:\/\/ollerpintures.com\/ca\/producte\/esmalt-blatemlac-setinat-blatem-blanco-nieve\/#breadcrumb\"},\"inLanguage\":\"ca\",\"potentialAction\":[{\"@type\":\"ReadAction\",\"target\":[\"https:\/\/ollerpintures.com\/ca\/producte\/esmalt-blatemlac-setinat-blatem-blanco-nieve\/\"]}]},{\"@type\":\"ImageObject\",\"inLanguage\":\"ca\",\"@id\":\"https:\/\/ollerpintures.com\/ca\/producte\/esmalt-blatemlac-setinat-blatem-blanco-nieve\/#primaryimage\",\"url\":\"https:\/\/ollerpintures.com\/wp-content\/uploads\/2021\/01\/esmalte-blatemlac-satinado-blanco-nieve-blatem-comprar-online-oller.png\",\"contentUrl\":\"https:\/\/ollerpintures.com\/wp-content\/uploads\/2021\/01\/esmalte-blatemlac-satinado-blanco-nieve-blatem-comprar-online-oller.png\",\"width\":1080,\"height\":1080,\"caption\":\"Esmalt Blatemlac Setinat Blanco Nieve BLATEM\"},{\"@type\":\"BreadcrumbList\",\"@id\":\"https:\/\/ollerpintures.com\/ca\/producte\/esmalt-blatemlac-setinat-blatem-blanco-nieve\/#breadcrumb\",\"itemListElement\":[{\"@type\":\"ListItem\",\"position\":1,\"name\":\"Inici\",\"item\":\"https:\/\/ollerpintures.com\/ca\/\"},{\"@type\":\"ListItem\",\"position\":2,\"name\":\"Botiga\",\"item\":\"https:\/\/ollerpintures.com\/ca\/botiga\/\"},{\"@type\":\"ListItem\",\"position\":3,\"name\":\"Esmalt Blatemlac setinat BLATEM Blanco Nieve\"}]},{\"@type\":\"WebSite\",\"@id\":\"https:\/\/ollerpintures.com\/ca\/#website\",\"url\":\"https:\/\/ollerpintures.com\/ca\/\",\"name\":\"Oller Pinturas y Revestimientos\",\"description\":\"Pinturas y revestimientos para profesionales, industrias, obras p\u00fablicas, bricolaje. Pinturas de calidad profesional i mucho m\u00e1s.\",\"publisher\":{\"@id\":\"https:\/\/ollerpintures.com\/ca\/#organization\"},\"alternateName\":\"Oller Grup\",\"potentialAction\":[{\"@type\":\"SearchAction\",\"target\":{\"@type\":\"EntryPoint\",\"urlTemplate\":\"https:\/\/ollerpintures.com\/ca\/?s={search_term_string}\"},\"query-input\":{\"@type\":\"PropertyValueSpecification\",\"valueRequired\":true,\"valueName\":\"search_term_string\"}}],\"inLanguage\":\"ca\"},{\"@type\":\"Organization\",\"@id\":\"https:\/\/ollerpintures.com\/ca\/#organization\",\"name\":\"Oller Pintures i Revestiments\",\"alternateName\":\"Oller Grup\",\"url\":\"https:\/\/ollerpintures.com\/ca\/\",\"logo\":{\"@type\":\"ImageObject\",\"inLanguage\":\"ca\",\"@id\":\"https:\/\/ollerpintures.com\/ca\/#\/schema\/logo\/image\/\",\"url\":\"https:\/\/ollerpintures.com\/wp-content\/uploads\/2024\/05\/newLogo.png\",\"contentUrl\":\"https:\/\/ollerpintures.com\/wp-content\/uploads\/2024\/05\/newLogo.png\",\"width\":483,\"height\":244,\"caption\":\"Oller Pintures i Revestiments\"},\"image\":{\"@id\":\"https:\/\/ollerpintures.com\/ca\/#\/schema\/logo\/image\/\"},\"sameAs\":[\"https:\/\/www.facebook.com\/people\/Oller-Pintures\/100063652056709\/\",\"https:\/\/www.instagram.com\/ollerpintures\/\",\"https:\/\/descriptor.es\/organization\/oller-grup\/\"]}]}<\/script>\n<!-- \/ Yoast SEO plugin. -->","yoast_head_json":{"title":"Esmalt Blatemlac setinat BLATEM Blanco Nieve - Oller Pinturas y Revestimientos","description":"Esmalt laca amb poliuret\u00e0 setinat d'extraordin\u00e0ria qualitat, per a interiors i exteriors, formulada amb la tecnologia m\u00e9s avan\u00e7ada per a oferir les","robots":{"index":"index","follow":"follow","max-snippet":"max-snippet:-1","max-image-preview":"max-image-preview:large","max-video-preview":"max-video-preview:-1"},"canonical":"https:\/\/ollerpintures.com\/ca\/producte\/esmalt-blatemlac-setinat-blatem-blanco-nieve\/","og_locale":"ca_ES","og_type":"article","og_title":"Esmalt Blatemlac setinat BLATEM Blanco Nieve - Oller Pinturas y Revestimientos","og_description":"Esmalt laca amb poliuret\u00e0 setinat d'extraordin\u00e0ria qualitat, per a interiors i exteriors, formulada amb la tecnologia m\u00e9s avan\u00e7ada per a oferir les","og_url":"https:\/\/ollerpintures.com\/ca\/producte\/esmalt-blatemlac-setinat-blatem-blanco-nieve\/","og_site_name":"Oller Pinturas y Revestimientos","article_publisher":"https:\/\/www.facebook.com\/people\/Oller-Pintures\/100063652056709\/","article_modified_time":"2026-04-14T01:00:38+00:00","og_image":[{"width":1080,"height":1080,"url":"https:\/\/ollerpintures.com\/wp-content\/uploads\/2021\/01\/esmalte-blatemlac-satinado-blanco-nieve-blatem-comprar-online-oller.png","type":"image\/png"}],"twitter_card":"summary_large_image","twitter_misc":{"Temps estimat de lectura":"1 minut"},"schema":{"@context":"https:\/\/schema.org","@graph":[{"@type":"WebPage","@id":"https:\/\/ollerpintures.com\/ca\/producte\/esmalt-blatemlac-setinat-blatem-blanco-nieve\/","url":"https:\/\/ollerpintures.com\/ca\/producte\/esmalt-blatemlac-setinat-blatem-blanco-nieve\/","name":"Esmalt Blatemlac setinat BLATEM Blanco Nieve - Oller Pinturas y Revestimientos","isPartOf":{"@id":"https:\/\/ollerpintures.com\/ca\/#website"},"primaryImageOfPage":{"@id":"https:\/\/ollerpintures.com\/ca\/producte\/esmalt-blatemlac-setinat-blatem-blanco-nieve\/#primaryimage"},"image":{"@id":"https:\/\/ollerpintures.com\/ca\/producte\/esmalt-blatemlac-setinat-blatem-blanco-nieve\/#primaryimage"},"thumbnailUrl":"https:\/\/ollerpintures.com\/wp-content\/uploads\/2021\/01\/esmalte-blatemlac-satinado-blanco-nieve-blatem-comprar-online-oller.png","datePublished":"2021-01-22T11:16:20+00:00","dateModified":"2026-04-14T01:00:38+00:00","description":"Esmalt laca amb poliuret\u00e0 setinat d'extraordin\u00e0ria qualitat, per a interiors i exteriors, formulada amb la tecnologia m\u00e9s avan\u00e7ada per a oferir les","breadcrumb":{"@id":"https:\/\/ollerpintures.com\/ca\/producte\/esmalt-blatemlac-setinat-blatem-blanco-nieve\/#breadcrumb"},"inLanguage":"ca","potentialAction":[{"@type":"ReadAction","target":["https:\/\/ollerpintures.com\/ca\/producte\/esmalt-blatemlac-setinat-blatem-blanco-nieve\/"]}]},{"@type":"ImageObject","inLanguage":"ca","@id":"https:\/\/ollerpintures.com\/ca\/producte\/esmalt-blatemlac-setinat-blatem-blanco-nieve\/#primaryimage","url":"https:\/\/ollerpintures.com\/wp-content\/uploads\/2021\/01\/esmalte-blatemlac-satinado-blanco-nieve-blatem-comprar-online-oller.png","contentUrl":"https:\/\/ollerpintures.com\/wp-content\/uploads\/2021\/01\/esmalte-blatemlac-satinado-blanco-nieve-blatem-comprar-online-oller.png","width":1080,"height":1080,"caption":"Esmalt Blatemlac Setinat Blanco Nieve BLATEM"},{"@type":"BreadcrumbList","@id":"https:\/\/ollerpintures.com\/ca\/producte\/esmalt-blatemlac-setinat-blatem-blanco-nieve\/#breadcrumb","itemListElement":[{"@type":"ListItem","position":1,"name":"Inici","item":"https:\/\/ollerpintures.com\/ca\/"},{"@type":"ListItem","position":2,"name":"Botiga","item":"https:\/\/ollerpintures.com\/ca\/botiga\/"},{"@type":"ListItem","position":3,"name":"Esmalt Blatemlac setinat BLATEM Blanco Nieve"}]},{"@type":"WebSite","@id":"https:\/\/ollerpintures.com\/ca\/#website","url":"https:\/\/ollerpintures.com\/ca\/","name":"Oller Pinturas y Revestimientos","description":"Pinturas y revestimientos para profesionales, industrias, obras p\u00fablicas, bricolaje. Pinturas de calidad profesional i mucho m\u00e1s.","publisher":{"@id":"https:\/\/ollerpintures.com\/ca\/#organization"},"alternateName":"Oller Grup","potentialAction":[{"@type":"SearchAction","target":{"@type":"EntryPoint","urlTemplate":"https:\/\/ollerpintures.com\/ca\/?s={search_term_string}"},"query-input":{"@type":"PropertyValueSpecification","valueRequired":true,"valueName":"search_term_string"}}],"inLanguage":"ca"},{"@type":"Organization","@id":"https:\/\/ollerpintures.com\/ca\/#organization","name":"Oller Pintures i Revestiments","alternateName":"Oller Grup","url":"https:\/\/ollerpintures.com\/ca\/","logo":{"@type":"ImageObject","inLanguage":"ca","@id":"https:\/\/ollerpintures.com\/ca\/#\/schema\/logo\/image\/","url":"https:\/\/ollerpintures.com\/wp-content\/uploads\/2024\/05\/newLogo.png","contentUrl":"https:\/\/ollerpintures.com\/wp-content\/uploads\/2024\/05\/newLogo.png","width":483,"height":244,"caption":"Oller Pintures i Revestiments"},"image":{"@id":"https:\/\/ollerpintures.com\/ca\/#\/schema\/logo\/image\/"},"sameAs":["https:\/\/www.facebook.com\/people\/Oller-Pintures\/100063652056709\/","https:\/\/www.instagram.com\/ollerpintures\/","https:\/\/descriptor.es\/organization\/oller-grup\/"]}]}},"brands":[{"id":60,"name":"Blatem","slug":"blatem"}],"_links":{"self":[{"href":"https:\/\/ollerpintures.com\/ca\/wp-json\/wp\/v2\/product\/7339","targetHints":{"allow":["GET"]}}],"collection":[{"href":"https:\/\/ollerpintures.com\/ca\/wp-json\/wp\/v2\/product"}],"about":[{"href":"https:\/\/ollerpintures.com\/ca\/wp-json\/wp\/v2\/types\/product"}],"wp:featuredmedia":[{"embeddable":true,"href":"https:\/\/ollerpintures.com\/ca\/wp-json\/wp\/v2\/media\/7340"}],"wp:attachment":[{"href":"https:\/\/ollerpintures.com\/ca\/wp-json\/wp\/v2\/media?parent=7339"}],"wp:term":[{"taxonomy":"pwb-brand","embeddable":true,"href":"https:\/\/ollerpintures.com\/ca\/wp-json\/wp\/v2\/pwb-brand?post=7339"},{"taxonomy":"product_brand","embeddable":true,"href":"https:\/\/ollerpintures.com\/ca\/wp-json\/wp\/v2\/product_brand?post=7339"},{"taxonomy":"product_cat","embeddable":true,"href":"https:\/\/ollerpintures.com\/ca\/wp-json\/wp\/v2\/product_cat?post=7339"},{"taxonomy":"product_tag","embeddable":true,"href":"https:\/\/ollerpintures.com\/ca\/wp-json\/wp\/v2\/product_tag?post=7339"}],"curies":[{"name":"wp","href":"https:\/\/api.w.org\/{rel}","templated":true}]}}