{"id":7209,"date":"2021-01-20T13:12:56","date_gmt":"2021-01-20T12:12:56","guid":{"rendered":"https:\/\/oller-pintures.c.wetopi.com\/?post_type=product&#038;p=7209"},"modified":"2026-04-14T02:00:38","modified_gmt":"2026-04-14T01:00:38","slug":"esmalt-antioxidant-blatem-ferro-gel-gris-plomo","status":"publish","type":"product","link":"https:\/\/ollerpintures.com\/ca\/producte\/esmalt-antioxidant-blatem-ferro-gel-gris-plomo\/","title":{"rendered":"Esmalt antioxidant BLATEM Ferro-Gel 750ml OUTLET"},"content":{"rendered":"<p>Pintura met\u00e0l\u00b7lica amb excel\u00b7lents propietats per a la protecci\u00f3 i decoraci\u00f3 de les superf\u00edcies de ferro en exteriors i interiors. El seu acabat d\u00f3na un aspecte met\u00e0l\u00b7lic completament natural.<\/p>\n<h4>Caracter\u00edstiques<\/h4>\n<ul>\n<li>Propietats anticorrosives<\/li>\n<li>Aplicacions: qualsevol superf\u00edcie de ferro en interior i exterior. Especialment en tanques, portes, baranes, taules i cadires, estructures, etc.<\/li>\n<li>Sec en 4h<\/li>\n<li>Repintat en 24h<\/li>\n<\/ul>\n<p>Descarrega la fitxa t\u00e8cnica amb tota la informaci\u00f3 del producte!<\/p>\n","protected":false},"excerpt":{"rendered":"<p>Pintura met\u00e0l\u00b7lica amb excel\u00b7lents propietats per a la protecci\u00f3 i decoraci\u00f3 de les superf\u00edcies de ferro en exteriors i interiors. El seu acabat d\u00f3na un aspecte met\u00e0l\u00b7lic completament natural.<\/p>\n","protected":false},"featured_media":11659,"template":"","meta":{"_acf_changed":false},"pwb-brand":[60],"product_brand":[],"product_cat":[24,70,42,85,846,76],"product_tag":[81,83,63,84,62,86],"class_list":{"0":"post-7209","1":"product","2":"type-product","3":"status-publish","4":"has-post-thumbnail","6":"pwb-brand-blatem","7":"product_cat-pintura","8":"product_cat-pinturaexterior","9":"product_cat-interiorpintura","10":"product_cat-ferro-esmalt-pintures","11":"product_cat-pintura-per-ferro-2","12":"product_cat-ofertes","13":"product_tag-blatem","14":"product_tag-esmalt","15":"product_tag-exterior","16":"product_tag-ferro","17":"product_tag-interior","18":"product_tag-outlet","19":"no-featured-image-padding","20":"resize-featured-image","21":"sales-flash-overlay","22":"woocommerce-text-align-left","23":"woocommerce-image-align-center","24":"do-quantity-buttons","25":"wc-has-gallery","27":"first","28":"instock","29":"shipping-taxable","30":"purchasable","31":"product-type-variable"},"acf":[],"yoast_head":"<!-- This site is optimized with the Yoast SEO plugin v27.1.1 - https:\/\/yoast.com\/product\/yoast-seo-wordpress\/ -->\n<title>Esmalt antioxidant BLATEM Ferro-Gel 750ml OUTLET - Oller Pinturas y Revestimientos<\/title>\n<meta name=\"description\" content=\"Pintura met\u00e0l\u00b7lica amb excel\u00b7lents propietats per a la protecci\u00f3 i decoraci\u00f3 de les superf\u00edcies de ferro en exteriors i interiors. El seu acabat d\u00f3na un aspecte met\u00e0l\u00b7lic completament natural.\" \/>\n<meta name=\"robots\" content=\"index, follow, max-snippet:-1, max-image-preview:large, max-video-preview:-1\" \/>\n<link rel=\"canonical\" href=\"https:\/\/ollerpintures.com\/ca\/producte\/esmalt-antioxidant-blatem-ferro-gel-gris-plomo\/\" \/>\n<meta property=\"og:locale\" content=\"ca_ES\" \/>\n<meta property=\"og:type\" content=\"article\" \/>\n<meta property=\"og:title\" content=\"Esmalt antioxidant BLATEM Ferro-Gel 750ml OUTLET - Oller Pinturas y Revestimientos\" \/>\n<meta property=\"og:description\" content=\"Pintura met\u00e0l\u00b7lica amb excel\u00b7lents propietats per a la protecci\u00f3 i decoraci\u00f3 de les superf\u00edcies de ferro en exteriors i interiors. El seu acabat d\u00f3na un aspecte met\u00e0l\u00b7lic completament natural.\" \/>\n<meta property=\"og:url\" content=\"https:\/\/ollerpintures.com\/ca\/producte\/esmalt-antioxidant-blatem-ferro-gel-gris-plomo\/\" \/>\n<meta property=\"og:site_name\" content=\"Oller Pinturas y Revestimientos\" \/>\n<meta property=\"article:publisher\" content=\"https:\/\/www.facebook.com\/people\/Oller-Pintures\/100063652056709\/\" \/>\n<meta property=\"article:modified_time\" content=\"2026-04-14T01:00:38+00:00\" \/>\n<meta property=\"og:image\" content=\"https:\/\/ollerpintures.com\/wp-content\/uploads\/2021\/01\/esmalte-antioxidante-blatem-ferrogel-750-outlet-online-oller.jpg\" \/>\n\t<meta property=\"og:image:width\" content=\"1080\" \/>\n\t<meta property=\"og:image:height\" content=\"1080\" \/>\n\t<meta property=\"og:image:type\" content=\"image\/jpeg\" \/>\n<meta name=\"twitter:card\" content=\"summary_large_image\" \/>\n<meta name=\"twitter:label1\" content=\"Temps estimat de lectura\" \/>\n\t<meta name=\"twitter:data1\" content=\"1 minut\" \/>\n<script type=\"application\/ld+json\" class=\"yoast-schema-graph\">{\"@context\":\"https:\/\/schema.org\",\"@graph\":[{\"@type\":\"WebPage\",\"@id\":\"https:\/\/ollerpintures.com\/ca\/producte\/esmalt-antioxidant-blatem-ferro-gel-gris-plomo\/\",\"url\":\"https:\/\/ollerpintures.com\/ca\/producte\/esmalt-antioxidant-blatem-ferro-gel-gris-plomo\/\",\"name\":\"Esmalt antioxidant BLATEM Ferro-Gel 750ml OUTLET - Oller Pinturas y Revestimientos\",\"isPartOf\":{\"@id\":\"https:\/\/ollerpintures.com\/ca\/#website\"},\"primaryImageOfPage\":{\"@id\":\"https:\/\/ollerpintures.com\/ca\/producte\/esmalt-antioxidant-blatem-ferro-gel-gris-plomo\/#primaryimage\"},\"image\":{\"@id\":\"https:\/\/ollerpintures.com\/ca\/producte\/esmalt-antioxidant-blatem-ferro-gel-gris-plomo\/#primaryimage\"},\"thumbnailUrl\":\"https:\/\/ollerpintures.com\/wp-content\/uploads\/2021\/01\/esmalte-antioxidante-blatem-ferrogel-750-outlet-online-oller.jpg\",\"datePublished\":\"2021-01-20T12:12:56+00:00\",\"dateModified\":\"2026-04-14T01:00:38+00:00\",\"description\":\"Pintura met\u00e0l\u00b7lica amb excel\u00b7lents propietats per a la protecci\u00f3 i decoraci\u00f3 de les superf\u00edcies de ferro en exteriors i interiors. El seu acabat d\u00f3na un aspecte met\u00e0l\u00b7lic completament natural.\",\"breadcrumb\":{\"@id\":\"https:\/\/ollerpintures.com\/ca\/producte\/esmalt-antioxidant-blatem-ferro-gel-gris-plomo\/#breadcrumb\"},\"inLanguage\":\"ca\",\"potentialAction\":[{\"@type\":\"ReadAction\",\"target\":[\"https:\/\/ollerpintures.com\/ca\/producte\/esmalt-antioxidant-blatem-ferro-gel-gris-plomo\/\"]}]},{\"@type\":\"ImageObject\",\"inLanguage\":\"ca\",\"@id\":\"https:\/\/ollerpintures.com\/ca\/producte\/esmalt-antioxidant-blatem-ferro-gel-gris-plomo\/#primaryimage\",\"url\":\"https:\/\/ollerpintures.com\/wp-content\/uploads\/2021\/01\/esmalte-antioxidante-blatem-ferrogel-750-outlet-online-oller.jpg\",\"contentUrl\":\"https:\/\/ollerpintures.com\/wp-content\/uploads\/2021\/01\/esmalte-antioxidante-blatem-ferrogel-750-outlet-online-oller.jpg\",\"width\":1080,\"height\":1080,\"caption\":\"Esmalte antioxidant BLATEM Ferrogel\"},{\"@type\":\"BreadcrumbList\",\"@id\":\"https:\/\/ollerpintures.com\/ca\/producte\/esmalt-antioxidant-blatem-ferro-gel-gris-plomo\/#breadcrumb\",\"itemListElement\":[{\"@type\":\"ListItem\",\"position\":1,\"name\":\"Inici\",\"item\":\"https:\/\/ollerpintures.com\/ca\/\"},{\"@type\":\"ListItem\",\"position\":2,\"name\":\"Botiga\",\"item\":\"https:\/\/ollerpintures.com\/ca\/botiga\/\"},{\"@type\":\"ListItem\",\"position\":3,\"name\":\"Esmalt antioxidant BLATEM Ferro-Gel 750ml OUTLET\"}]},{\"@type\":\"WebSite\",\"@id\":\"https:\/\/ollerpintures.com\/ca\/#website\",\"url\":\"https:\/\/ollerpintures.com\/ca\/\",\"name\":\"Oller Pinturas y Revestimientos\",\"description\":\"Pinturas y revestimientos para profesionales, industrias, obras p\u00fablicas, bricolaje. Pinturas de calidad profesional i mucho m\u00e1s.\",\"publisher\":{\"@id\":\"https:\/\/ollerpintures.com\/ca\/#organization\"},\"alternateName\":\"Oller Grup\",\"potentialAction\":[{\"@type\":\"SearchAction\",\"target\":{\"@type\":\"EntryPoint\",\"urlTemplate\":\"https:\/\/ollerpintures.com\/ca\/?s={search_term_string}\"},\"query-input\":{\"@type\":\"PropertyValueSpecification\",\"valueRequired\":true,\"valueName\":\"search_term_string\"}}],\"inLanguage\":\"ca\"},{\"@type\":\"Organization\",\"@id\":\"https:\/\/ollerpintures.com\/ca\/#organization\",\"name\":\"Oller Pintures i Revestiments\",\"alternateName\":\"Oller Grup\",\"url\":\"https:\/\/ollerpintures.com\/ca\/\",\"logo\":{\"@type\":\"ImageObject\",\"inLanguage\":\"ca\",\"@id\":\"https:\/\/ollerpintures.com\/ca\/#\/schema\/logo\/image\/\",\"url\":\"https:\/\/ollerpintures.com\/wp-content\/uploads\/2024\/05\/newLogo.png\",\"contentUrl\":\"https:\/\/ollerpintures.com\/wp-content\/uploads\/2024\/05\/newLogo.png\",\"width\":483,\"height\":244,\"caption\":\"Oller Pintures i Revestiments\"},\"image\":{\"@id\":\"https:\/\/ollerpintures.com\/ca\/#\/schema\/logo\/image\/\"},\"sameAs\":[\"https:\/\/www.facebook.com\/people\/Oller-Pintures\/100063652056709\/\",\"https:\/\/www.instagram.com\/ollerpintures\/\",\"https:\/\/descriptor.es\/organization\/oller-grup\/\"]}]}<\/script>\n<!-- \/ Yoast SEO plugin. -->","yoast_head_json":{"title":"Esmalt antioxidant BLATEM Ferro-Gel 750ml OUTLET - Oller Pinturas y Revestimientos","description":"Pintura met\u00e0l\u00b7lica amb excel\u00b7lents propietats per a la protecci\u00f3 i decoraci\u00f3 de les superf\u00edcies de ferro en exteriors i interiors. El seu acabat d\u00f3na un aspecte met\u00e0l\u00b7lic completament natural.","robots":{"index":"index","follow":"follow","max-snippet":"max-snippet:-1","max-image-preview":"max-image-preview:large","max-video-preview":"max-video-preview:-1"},"canonical":"https:\/\/ollerpintures.com\/ca\/producte\/esmalt-antioxidant-blatem-ferro-gel-gris-plomo\/","og_locale":"ca_ES","og_type":"article","og_title":"Esmalt antioxidant BLATEM Ferro-Gel 750ml OUTLET - Oller Pinturas y Revestimientos","og_description":"Pintura met\u00e0l\u00b7lica amb excel\u00b7lents propietats per a la protecci\u00f3 i decoraci\u00f3 de les superf\u00edcies de ferro en exteriors i interiors. El seu acabat d\u00f3na un aspecte met\u00e0l\u00b7lic completament natural.","og_url":"https:\/\/ollerpintures.com\/ca\/producte\/esmalt-antioxidant-blatem-ferro-gel-gris-plomo\/","og_site_name":"Oller Pinturas y Revestimientos","article_publisher":"https:\/\/www.facebook.com\/people\/Oller-Pintures\/100063652056709\/","article_modified_time":"2026-04-14T01:00:38+00:00","og_image":[{"width":1080,"height":1080,"url":"https:\/\/ollerpintures.com\/wp-content\/uploads\/2021\/01\/esmalte-antioxidante-blatem-ferrogel-750-outlet-online-oller.jpg","type":"image\/jpeg"}],"twitter_card":"summary_large_image","twitter_misc":{"Temps estimat de lectura":"1 minut"},"schema":{"@context":"https:\/\/schema.org","@graph":[{"@type":"WebPage","@id":"https:\/\/ollerpintures.com\/ca\/producte\/esmalt-antioxidant-blatem-ferro-gel-gris-plomo\/","url":"https:\/\/ollerpintures.com\/ca\/producte\/esmalt-antioxidant-blatem-ferro-gel-gris-plomo\/","name":"Esmalt antioxidant BLATEM Ferro-Gel 750ml OUTLET - Oller Pinturas y Revestimientos","isPartOf":{"@id":"https:\/\/ollerpintures.com\/ca\/#website"},"primaryImageOfPage":{"@id":"https:\/\/ollerpintures.com\/ca\/producte\/esmalt-antioxidant-blatem-ferro-gel-gris-plomo\/#primaryimage"},"image":{"@id":"https:\/\/ollerpintures.com\/ca\/producte\/esmalt-antioxidant-blatem-ferro-gel-gris-plomo\/#primaryimage"},"thumbnailUrl":"https:\/\/ollerpintures.com\/wp-content\/uploads\/2021\/01\/esmalte-antioxidante-blatem-ferrogel-750-outlet-online-oller.jpg","datePublished":"2021-01-20T12:12:56+00:00","dateModified":"2026-04-14T01:00:38+00:00","description":"Pintura met\u00e0l\u00b7lica amb excel\u00b7lents propietats per a la protecci\u00f3 i decoraci\u00f3 de les superf\u00edcies de ferro en exteriors i interiors. El seu acabat d\u00f3na un aspecte met\u00e0l\u00b7lic completament natural.","breadcrumb":{"@id":"https:\/\/ollerpintures.com\/ca\/producte\/esmalt-antioxidant-blatem-ferro-gel-gris-plomo\/#breadcrumb"},"inLanguage":"ca","potentialAction":[{"@type":"ReadAction","target":["https:\/\/ollerpintures.com\/ca\/producte\/esmalt-antioxidant-blatem-ferro-gel-gris-plomo\/"]}]},{"@type":"ImageObject","inLanguage":"ca","@id":"https:\/\/ollerpintures.com\/ca\/producte\/esmalt-antioxidant-blatem-ferro-gel-gris-plomo\/#primaryimage","url":"https:\/\/ollerpintures.com\/wp-content\/uploads\/2021\/01\/esmalte-antioxidante-blatem-ferrogel-750-outlet-online-oller.jpg","contentUrl":"https:\/\/ollerpintures.com\/wp-content\/uploads\/2021\/01\/esmalte-antioxidante-blatem-ferrogel-750-outlet-online-oller.jpg","width":1080,"height":1080,"caption":"Esmalte antioxidant BLATEM Ferrogel"},{"@type":"BreadcrumbList","@id":"https:\/\/ollerpintures.com\/ca\/producte\/esmalt-antioxidant-blatem-ferro-gel-gris-plomo\/#breadcrumb","itemListElement":[{"@type":"ListItem","position":1,"name":"Inici","item":"https:\/\/ollerpintures.com\/ca\/"},{"@type":"ListItem","position":2,"name":"Botiga","item":"https:\/\/ollerpintures.com\/ca\/botiga\/"},{"@type":"ListItem","position":3,"name":"Esmalt antioxidant BLATEM Ferro-Gel 750ml OUTLET"}]},{"@type":"WebSite","@id":"https:\/\/ollerpintures.com\/ca\/#website","url":"https:\/\/ollerpintures.com\/ca\/","name":"Oller Pinturas y Revestimientos","description":"Pinturas y revestimientos para profesionales, industrias, obras p\u00fablicas, bricolaje. Pinturas de calidad profesional i mucho m\u00e1s.","publisher":{"@id":"https:\/\/ollerpintures.com\/ca\/#organization"},"alternateName":"Oller Grup","potentialAction":[{"@type":"SearchAction","target":{"@type":"EntryPoint","urlTemplate":"https:\/\/ollerpintures.com\/ca\/?s={search_term_string}"},"query-input":{"@type":"PropertyValueSpecification","valueRequired":true,"valueName":"search_term_string"}}],"inLanguage":"ca"},{"@type":"Organization","@id":"https:\/\/ollerpintures.com\/ca\/#organization","name":"Oller Pintures i Revestiments","alternateName":"Oller Grup","url":"https:\/\/ollerpintures.com\/ca\/","logo":{"@type":"ImageObject","inLanguage":"ca","@id":"https:\/\/ollerpintures.com\/ca\/#\/schema\/logo\/image\/","url":"https:\/\/ollerpintures.com\/wp-content\/uploads\/2024\/05\/newLogo.png","contentUrl":"https:\/\/ollerpintures.com\/wp-content\/uploads\/2024\/05\/newLogo.png","width":483,"height":244,"caption":"Oller Pintures i Revestiments"},"image":{"@id":"https:\/\/ollerpintures.com\/ca\/#\/schema\/logo\/image\/"},"sameAs":["https:\/\/www.facebook.com\/people\/Oller-Pintures\/100063652056709\/","https:\/\/www.instagram.com\/ollerpintures\/","https:\/\/descriptor.es\/organization\/oller-grup\/"]}]}},"brands":[{"id":60,"name":"Blatem","slug":"blatem"}],"_links":{"self":[{"href":"https:\/\/ollerpintures.com\/ca\/wp-json\/wp\/v2\/product\/7209","targetHints":{"allow":["GET"]}}],"collection":[{"href":"https:\/\/ollerpintures.com\/ca\/wp-json\/wp\/v2\/product"}],"about":[{"href":"https:\/\/ollerpintures.com\/ca\/wp-json\/wp\/v2\/types\/product"}],"wp:featuredmedia":[{"embeddable":true,"href":"https:\/\/ollerpintures.com\/ca\/wp-json\/wp\/v2\/media\/11659"}],"wp:attachment":[{"href":"https:\/\/ollerpintures.com\/ca\/wp-json\/wp\/v2\/media?parent=7209"}],"wp:term":[{"taxonomy":"pwb-brand","embeddable":true,"href":"https:\/\/ollerpintures.com\/ca\/wp-json\/wp\/v2\/pwb-brand?post=7209"},{"taxonomy":"product_brand","embeddable":true,"href":"https:\/\/ollerpintures.com\/ca\/wp-json\/wp\/v2\/product_brand?post=7209"},{"taxonomy":"product_cat","embeddable":true,"href":"https:\/\/ollerpintures.com\/ca\/wp-json\/wp\/v2\/product_cat?post=7209"},{"taxonomy":"product_tag","embeddable":true,"href":"https:\/\/ollerpintures.com\/ca\/wp-json\/wp\/v2\/product_tag?post=7209"}],"curies":[{"name":"wp","href":"https:\/\/api.w.org\/{rel}","templated":true}]}}