{"id":7016,"date":"2021-01-19T12:46:24","date_gmt":"2021-01-19T11:46:24","guid":{"rendered":"https:\/\/oller-pintures.c.wetopi.com\/?post_type=product&#038;p=7016"},"modified":"2026-04-14T02:00:39","modified_gmt":"2026-04-14T01:00:39","slug":"esmalt-forja-hammerite-750ml","status":"publish","type":"product","link":"https:\/\/ollerpintures.com\/ca\/producte\/esmalt-forja-hammerite-750ml\/","title":{"rendered":"Esmalt forja HAMMERITE &#8211; 750ml"},"content":{"rendered":"<div id=\"product-detail-accordion-0\" class=\"accordion__group pdp-accordion\">\n<div class=\"accordion__content product-info-v2__content\">\n<p>Esmalt directe al ferro\/\u00f2xid. Fins a 8 anys de protecci\u00f3 antioxidant. Impedeix l&#8217;entrada d&#8217;humitats i bloqueja el proc\u00e9s d&#8217;oxidaci\u00f3. Aspecte met\u00e0lic natural forja.<\/p>\n<ul>\n<li>Aplicaci\u00f3 directa sobre ferro\/\u00f2xid<\/li>\n<li>No \u00e9s necessari aplicar imprimaci\u00f3 pr\u00e8viament<\/li>\n<li>Neteja amb dissolvent<\/li>\n<li>8 anys de protecci\u00f3<\/li>\n<\/ul>\n<\/div>\n<\/div>\n<div id=\"product-detail-accordion-1\" class=\"accordion__group pdp-accordion\">\n<div class=\"accordion__content product-info-v2__content\">\n<p class=\"vr-margin-top-2 vr-margin-bottom-5\">\n<\/div>\n<\/div>\n","protected":false},"excerpt":{"rendered":"<p>Esmalt directe al ferro\/\u00f2xid. Fins a 8 anys de protecci\u00f3 antioxidant. Impedeix l&#8217;entrada d&#8217;humitats i bloqueja el proc\u00e9s d&#8217;oxidaci\u00f3. Aspecte met\u00e0lic natural forja. Aplicaci\u00f3 directa &#8230; <\/p>\n<p class=\"read-more-container\"><a title=\"Esmalt forja HAMMERITE &#8211; 750ml\" class=\"read-more button\" href=\"https:\/\/ollerpintures.com\/ca\/producte\/esmalt-forja-hammerite-750ml\/#more-7016\" aria-label=\"M\u00e9s informaci\u00f3 sobre Esmalt forja HAMMERITE &#8211; 750ml\">Seguir llegint<\/a><\/p>\n","protected":false},"featured_media":7000,"template":"","meta":{"_acf_changed":false},"pwb-brand":[457],"product_brand":[],"product_cat":[24,85,846],"product_tag":[83,63,84,450,458,62],"class_list":{"0":"post-7016","1":"product","2":"type-product","3":"status-publish","4":"has-post-thumbnail","6":"pwb-brand-hammerite","7":"product_cat-pintura","8":"product_cat-ferro-esmalt-pintures","9":"product_cat-pintura-per-ferro-2","10":"product_tag-esmalt","11":"product_tag-exterior","12":"product_tag-ferro","13":"product_tag-forja","14":"product_tag-hammerite","15":"product_tag-interior","16":"no-featured-image-padding","17":"resize-featured-image","18":"sales-flash-overlay","19":"woocommerce-text-align-left","20":"woocommerce-image-align-center","21":"do-quantity-buttons","23":"first","24":"instock","25":"shipping-taxable","26":"purchasable","27":"product-type-variable"},"acf":[],"yoast_head":"<!-- This site is optimized with the Yoast SEO plugin v27.1.1 - https:\/\/yoast.com\/product\/yoast-seo-wordpress\/ -->\n<title>Esmalt forja HAMMERITE - 750ml - Oller Pinturas y Revestimientos<\/title>\n<meta name=\"description\" content=\"Esmalt directe al ferro\/\u00f2xid. Fins a 8 anys de protecci\u00f3 antioxidant. Impedeix l&#039;entrada d&#039;humitats i bloqueja el proc\u00e9s d&#039;oxidaci\u00f3. Aspecte met\u00e0lic\" \/>\n<meta name=\"robots\" content=\"index, follow, max-snippet:-1, max-image-preview:large, max-video-preview:-1\" \/>\n<link rel=\"canonical\" href=\"https:\/\/ollerpintures.com\/ca\/producte\/esmalt-forja-hammerite-750ml\/\" \/>\n<meta property=\"og:locale\" content=\"ca_ES\" \/>\n<meta property=\"og:type\" content=\"article\" \/>\n<meta property=\"og:title\" content=\"Esmalt forja HAMMERITE - 750ml - Oller Pinturas y Revestimientos\" \/>\n<meta property=\"og:description\" content=\"Esmalt directe al ferro\/\u00f2xid. Fins a 8 anys de protecci\u00f3 antioxidant. Impedeix l&#039;entrada d&#039;humitats i bloqueja el proc\u00e9s d&#039;oxidaci\u00f3. Aspecte met\u00e0lic\" \/>\n<meta property=\"og:url\" content=\"https:\/\/ollerpintures.com\/ca\/producte\/esmalt-forja-hammerite-750ml\/\" \/>\n<meta property=\"og:site_name\" content=\"Oller Pinturas y Revestimientos\" \/>\n<meta property=\"article:publisher\" content=\"https:\/\/www.facebook.com\/people\/Oller-Pintures\/100063652056709\/\" \/>\n<meta property=\"article:modified_time\" content=\"2026-04-14T01:00:39+00:00\" \/>\n<meta property=\"og:image\" content=\"https:\/\/ollerpintures.com\/wp-content\/uploads\/2021\/01\/esmalte-forja-gris-oscuro-hammerite-metalico-comprar-online-oller.png\" \/>\n\t<meta property=\"og:image:width\" content=\"500\" \/>\n\t<meta property=\"og:image:height\" content=\"500\" \/>\n\t<meta property=\"og:image:type\" content=\"image\/png\" \/>\n<meta name=\"twitter:card\" content=\"summary_large_image\" \/>\n<meta name=\"twitter:label1\" content=\"Temps estimat de lectura\" \/>\n\t<meta name=\"twitter:data1\" content=\"1 minut\" \/>\n<script type=\"application\/ld+json\" class=\"yoast-schema-graph\">{\"@context\":\"https:\/\/schema.org\",\"@graph\":[{\"@type\":\"WebPage\",\"@id\":\"https:\/\/ollerpintures.com\/ca\/producte\/esmalt-forja-hammerite-750ml\/\",\"url\":\"https:\/\/ollerpintures.com\/ca\/producte\/esmalt-forja-hammerite-750ml\/\",\"name\":\"Esmalt forja HAMMERITE - 750ml - Oller Pinturas y Revestimientos\",\"isPartOf\":{\"@id\":\"https:\/\/ollerpintures.com\/ca\/#website\"},\"primaryImageOfPage\":{\"@id\":\"https:\/\/ollerpintures.com\/ca\/producte\/esmalt-forja-hammerite-750ml\/#primaryimage\"},\"image\":{\"@id\":\"https:\/\/ollerpintures.com\/ca\/producte\/esmalt-forja-hammerite-750ml\/#primaryimage\"},\"thumbnailUrl\":\"https:\/\/ollerpintures.com\/wp-content\/uploads\/2021\/01\/esmalte-forja-gris-oscuro-hammerite-metalico-comprar-online-oller.png\",\"datePublished\":\"2021-01-19T11:46:24+00:00\",\"dateModified\":\"2026-04-14T01:00:39+00:00\",\"description\":\"Esmalt directe al ferro\/\u00f2xid. Fins a 8 anys de protecci\u00f3 antioxidant. Impedeix l'entrada d'humitats i bloqueja el proc\u00e9s d'oxidaci\u00f3. Aspecte met\u00e0lic\",\"breadcrumb\":{\"@id\":\"https:\/\/ollerpintures.com\/ca\/producte\/esmalt-forja-hammerite-750ml\/#breadcrumb\"},\"inLanguage\":\"ca\",\"potentialAction\":[{\"@type\":\"ReadAction\",\"target\":[\"https:\/\/ollerpintures.com\/ca\/producte\/esmalt-forja-hammerite-750ml\/\"]}]},{\"@type\":\"ImageObject\",\"inLanguage\":\"ca\",\"@id\":\"https:\/\/ollerpintures.com\/ca\/producte\/esmalt-forja-hammerite-750ml\/#primaryimage\",\"url\":\"https:\/\/ollerpintures.com\/wp-content\/uploads\/2021\/01\/esmalte-forja-gris-oscuro-hammerite-metalico-comprar-online-oller.png\",\"contentUrl\":\"https:\/\/ollerpintures.com\/wp-content\/uploads\/2021\/01\/esmalte-forja-gris-oscuro-hammerite-metalico-comprar-online-oller.png\",\"width\":500,\"height\":500,\"caption\":\"Esmalt Hammerite forja gris oscuro\"},{\"@type\":\"BreadcrumbList\",\"@id\":\"https:\/\/ollerpintures.com\/ca\/producte\/esmalt-forja-hammerite-750ml\/#breadcrumb\",\"itemListElement\":[{\"@type\":\"ListItem\",\"position\":1,\"name\":\"Inici\",\"item\":\"https:\/\/ollerpintures.com\/ca\/\"},{\"@type\":\"ListItem\",\"position\":2,\"name\":\"Botiga\",\"item\":\"https:\/\/ollerpintures.com\/ca\/botiga\/\"},{\"@type\":\"ListItem\",\"position\":3,\"name\":\"Esmalt forja HAMMERITE &#8211; 750ml\"}]},{\"@type\":\"WebSite\",\"@id\":\"https:\/\/ollerpintures.com\/ca\/#website\",\"url\":\"https:\/\/ollerpintures.com\/ca\/\",\"name\":\"Oller Pinturas y Revestimientos\",\"description\":\"Pinturas y revestimientos para profesionales, industrias, obras p\u00fablicas, bricolaje. Pinturas de calidad profesional i mucho m\u00e1s.\",\"publisher\":{\"@id\":\"https:\/\/ollerpintures.com\/ca\/#organization\"},\"alternateName\":\"Oller Grup\",\"potentialAction\":[{\"@type\":\"SearchAction\",\"target\":{\"@type\":\"EntryPoint\",\"urlTemplate\":\"https:\/\/ollerpintures.com\/ca\/?s={search_term_string}\"},\"query-input\":{\"@type\":\"PropertyValueSpecification\",\"valueRequired\":true,\"valueName\":\"search_term_string\"}}],\"inLanguage\":\"ca\"},{\"@type\":\"Organization\",\"@id\":\"https:\/\/ollerpintures.com\/ca\/#organization\",\"name\":\"Oller Pintures i Revestiments\",\"alternateName\":\"Oller Grup\",\"url\":\"https:\/\/ollerpintures.com\/ca\/\",\"logo\":{\"@type\":\"ImageObject\",\"inLanguage\":\"ca\",\"@id\":\"https:\/\/ollerpintures.com\/ca\/#\/schema\/logo\/image\/\",\"url\":\"https:\/\/ollerpintures.com\/wp-content\/uploads\/2024\/05\/newLogo.png\",\"contentUrl\":\"https:\/\/ollerpintures.com\/wp-content\/uploads\/2024\/05\/newLogo.png\",\"width\":483,\"height\":244,\"caption\":\"Oller Pintures i Revestiments\"},\"image\":{\"@id\":\"https:\/\/ollerpintures.com\/ca\/#\/schema\/logo\/image\/\"},\"sameAs\":[\"https:\/\/www.facebook.com\/people\/Oller-Pintures\/100063652056709\/\",\"https:\/\/www.instagram.com\/ollerpintures\/\",\"https:\/\/descriptor.es\/organization\/oller-grup\/\"]}]}<\/script>\n<!-- \/ Yoast SEO plugin. -->","yoast_head_json":{"title":"Esmalt forja HAMMERITE - 750ml - Oller Pinturas y Revestimientos","description":"Esmalt directe al ferro\/\u00f2xid. Fins a 8 anys de protecci\u00f3 antioxidant. Impedeix l'entrada d'humitats i bloqueja el proc\u00e9s d'oxidaci\u00f3. Aspecte met\u00e0lic","robots":{"index":"index","follow":"follow","max-snippet":"max-snippet:-1","max-image-preview":"max-image-preview:large","max-video-preview":"max-video-preview:-1"},"canonical":"https:\/\/ollerpintures.com\/ca\/producte\/esmalt-forja-hammerite-750ml\/","og_locale":"ca_ES","og_type":"article","og_title":"Esmalt forja HAMMERITE - 750ml - Oller Pinturas y Revestimientos","og_description":"Esmalt directe al ferro\/\u00f2xid. Fins a 8 anys de protecci\u00f3 antioxidant. Impedeix l'entrada d'humitats i bloqueja el proc\u00e9s d'oxidaci\u00f3. Aspecte met\u00e0lic","og_url":"https:\/\/ollerpintures.com\/ca\/producte\/esmalt-forja-hammerite-750ml\/","og_site_name":"Oller Pinturas y Revestimientos","article_publisher":"https:\/\/www.facebook.com\/people\/Oller-Pintures\/100063652056709\/","article_modified_time":"2026-04-14T01:00:39+00:00","og_image":[{"width":500,"height":500,"url":"https:\/\/ollerpintures.com\/wp-content\/uploads\/2021\/01\/esmalte-forja-gris-oscuro-hammerite-metalico-comprar-online-oller.png","type":"image\/png"}],"twitter_card":"summary_large_image","twitter_misc":{"Temps estimat de lectura":"1 minut"},"schema":{"@context":"https:\/\/schema.org","@graph":[{"@type":"WebPage","@id":"https:\/\/ollerpintures.com\/ca\/producte\/esmalt-forja-hammerite-750ml\/","url":"https:\/\/ollerpintures.com\/ca\/producte\/esmalt-forja-hammerite-750ml\/","name":"Esmalt forja HAMMERITE - 750ml - Oller Pinturas y Revestimientos","isPartOf":{"@id":"https:\/\/ollerpintures.com\/ca\/#website"},"primaryImageOfPage":{"@id":"https:\/\/ollerpintures.com\/ca\/producte\/esmalt-forja-hammerite-750ml\/#primaryimage"},"image":{"@id":"https:\/\/ollerpintures.com\/ca\/producte\/esmalt-forja-hammerite-750ml\/#primaryimage"},"thumbnailUrl":"https:\/\/ollerpintures.com\/wp-content\/uploads\/2021\/01\/esmalte-forja-gris-oscuro-hammerite-metalico-comprar-online-oller.png","datePublished":"2021-01-19T11:46:24+00:00","dateModified":"2026-04-14T01:00:39+00:00","description":"Esmalt directe al ferro\/\u00f2xid. Fins a 8 anys de protecci\u00f3 antioxidant. Impedeix l'entrada d'humitats i bloqueja el proc\u00e9s d'oxidaci\u00f3. Aspecte met\u00e0lic","breadcrumb":{"@id":"https:\/\/ollerpintures.com\/ca\/producte\/esmalt-forja-hammerite-750ml\/#breadcrumb"},"inLanguage":"ca","potentialAction":[{"@type":"ReadAction","target":["https:\/\/ollerpintures.com\/ca\/producte\/esmalt-forja-hammerite-750ml\/"]}]},{"@type":"ImageObject","inLanguage":"ca","@id":"https:\/\/ollerpintures.com\/ca\/producte\/esmalt-forja-hammerite-750ml\/#primaryimage","url":"https:\/\/ollerpintures.com\/wp-content\/uploads\/2021\/01\/esmalte-forja-gris-oscuro-hammerite-metalico-comprar-online-oller.png","contentUrl":"https:\/\/ollerpintures.com\/wp-content\/uploads\/2021\/01\/esmalte-forja-gris-oscuro-hammerite-metalico-comprar-online-oller.png","width":500,"height":500,"caption":"Esmalt Hammerite forja gris oscuro"},{"@type":"BreadcrumbList","@id":"https:\/\/ollerpintures.com\/ca\/producte\/esmalt-forja-hammerite-750ml\/#breadcrumb","itemListElement":[{"@type":"ListItem","position":1,"name":"Inici","item":"https:\/\/ollerpintures.com\/ca\/"},{"@type":"ListItem","position":2,"name":"Botiga","item":"https:\/\/ollerpintures.com\/ca\/botiga\/"},{"@type":"ListItem","position":3,"name":"Esmalt forja HAMMERITE &#8211; 750ml"}]},{"@type":"WebSite","@id":"https:\/\/ollerpintures.com\/ca\/#website","url":"https:\/\/ollerpintures.com\/ca\/","name":"Oller Pinturas y Revestimientos","description":"Pinturas y revestimientos para profesionales, industrias, obras p\u00fablicas, bricolaje. Pinturas de calidad profesional i mucho m\u00e1s.","publisher":{"@id":"https:\/\/ollerpintures.com\/ca\/#organization"},"alternateName":"Oller Grup","potentialAction":[{"@type":"SearchAction","target":{"@type":"EntryPoint","urlTemplate":"https:\/\/ollerpintures.com\/ca\/?s={search_term_string}"},"query-input":{"@type":"PropertyValueSpecification","valueRequired":true,"valueName":"search_term_string"}}],"inLanguage":"ca"},{"@type":"Organization","@id":"https:\/\/ollerpintures.com\/ca\/#organization","name":"Oller Pintures i Revestiments","alternateName":"Oller Grup","url":"https:\/\/ollerpintures.com\/ca\/","logo":{"@type":"ImageObject","inLanguage":"ca","@id":"https:\/\/ollerpintures.com\/ca\/#\/schema\/logo\/image\/","url":"https:\/\/ollerpintures.com\/wp-content\/uploads\/2024\/05\/newLogo.png","contentUrl":"https:\/\/ollerpintures.com\/wp-content\/uploads\/2024\/05\/newLogo.png","width":483,"height":244,"caption":"Oller Pintures i Revestiments"},"image":{"@id":"https:\/\/ollerpintures.com\/ca\/#\/schema\/logo\/image\/"},"sameAs":["https:\/\/www.facebook.com\/people\/Oller-Pintures\/100063652056709\/","https:\/\/www.instagram.com\/ollerpintures\/","https:\/\/descriptor.es\/organization\/oller-grup\/"]}]}},"brands":[{"id":457,"name":"Hammerite","slug":"hammerite"}],"_links":{"self":[{"href":"https:\/\/ollerpintures.com\/ca\/wp-json\/wp\/v2\/product\/7016","targetHints":{"allow":["GET"]}}],"collection":[{"href":"https:\/\/ollerpintures.com\/ca\/wp-json\/wp\/v2\/product"}],"about":[{"href":"https:\/\/ollerpintures.com\/ca\/wp-json\/wp\/v2\/types\/product"}],"wp:featuredmedia":[{"embeddable":true,"href":"https:\/\/ollerpintures.com\/ca\/wp-json\/wp\/v2\/media\/7000"}],"wp:attachment":[{"href":"https:\/\/ollerpintures.com\/ca\/wp-json\/wp\/v2\/media?parent=7016"}],"wp:term":[{"taxonomy":"pwb-brand","embeddable":true,"href":"https:\/\/ollerpintures.com\/ca\/wp-json\/wp\/v2\/pwb-brand?post=7016"},{"taxonomy":"product_brand","embeddable":true,"href":"https:\/\/ollerpintures.com\/ca\/wp-json\/wp\/v2\/product_brand?post=7016"},{"taxonomy":"product_cat","embeddable":true,"href":"https:\/\/ollerpintures.com\/ca\/wp-json\/wp\/v2\/product_cat?post=7016"},{"taxonomy":"product_tag","embeddable":true,"href":"https:\/\/ollerpintures.com\/ca\/wp-json\/wp\/v2\/product_tag?post=7016"}],"curies":[{"name":"wp","href":"https:\/\/api.w.org\/{rel}","templated":true}]}}