{"id":6986,"date":"2021-01-19T12:15:28","date_gmt":"2021-01-19T11:15:28","guid":{"rendered":"https:\/\/oller-pintures.c.wetopi.com\/?post_type=product&#038;p=6986"},"modified":"2026-04-14T02:00:41","modified_gmt":"2026-04-14T01:00:41","slug":"esmalt-antioxidant-procofer-expert-efecto-forja-procolor-liso-negro","status":"publish","type":"product","link":"https:\/\/ollerpintures.com\/ca\/producte\/esmalt-antioxidant-procofer-expert-efecto-forja-procolor-liso-negro\/","title":{"rendered":"Esmalt antioxidant Procofer Expert Efecto Forja PROCOLOR &#8211; liso negro"},"content":{"rendered":"<p>Aquest \u00e9s un esmalt de <strong>Qualitat Professional.<\/strong> Amb alt poder <strong>antioxidant, <\/strong>\u00a0no et caldr\u00e0 aplicar una imprimaci\u00f3 pr\u00e8via sobre la superf\u00edcie de ferro. Donar\u00e0 un<strong> aspecte de ferro forjat<\/strong> all\u00e0 on l&#8217;apliquis, amb un <strong>acabat completament llis i mat.<\/strong> \u00c9s el<strong> producte ideal per pintar baranes<\/strong>, ja que podr\u00e0s netejar-les sense que s&#8217;enganxi el drap.<\/p>\n<p>&nbsp;<\/p>\n<p>Esmalt antioxidant llis efecte forja, directe al metall\/\u00f2xid. Adequat per a la decoraci\u00f3 i protecci\u00f3 de ferro i acer, sense necessitat d&#8217;aplicar imprimaci\u00f3 pr\u00e8viament.<\/p>\n<ul>\n<li>Aspecte forja amb textura llisa<\/li>\n<li>Sec r\u00e0pidament<\/li>\n<li>Directe al metall\/\u00f2xid<\/li>\n<li>Adequat per Interior i Exterior<\/li>\n<li>Antioxidant<\/li>\n<li>Excel\u00b7lent poder anticorrosiu<\/li>\n<li>Neteja f\u00e0cil<\/li>\n<\/ul>\n","protected":false},"excerpt":{"rendered":"<p>Aquest \u00e9s un esmalt de Qualitat Professional. Amb alt poder antioxidant, \u00a0no et caldr\u00e0 aplicar una imprimaci\u00f3 pr\u00e8via sobre la superf\u00edcie de ferro. Donar\u00e0 un &#8230; <\/p>\n<p class=\"read-more-container\"><a title=\"Esmalt antioxidant Procofer Expert Efecto Forja PROCOLOR &#8211; liso negro\" class=\"read-more button\" href=\"https:\/\/ollerpintures.com\/ca\/producte\/esmalt-antioxidant-procofer-expert-efecto-forja-procolor-liso-negro\/#more-6986\" aria-label=\"M\u00e9s informaci\u00f3 sobre Esmalt antioxidant Procofer Expert Efecto Forja PROCOLOR &#8211; liso negro\">Seguir llegint<\/a><\/p>\n","protected":false},"featured_media":8161,"template":"","meta":{"_acf_changed":false},"pwb-brand":[61],"product_brand":[],"product_cat":[24,70,42,85,846],"product_tag":[449,452,83,63,84,62,82,585],"class_list":{"0":"post-6986","1":"product","2":"type-product","3":"status-publish","4":"has-post-thumbnail","6":"pwb-brand-procolor","7":"product_cat-pintura","8":"product_cat-pinturaexterior","9":"product_cat-interiorpintura","10":"product_cat-ferro-esmalt-pintures","11":"product_cat-pintura-per-ferro-2","12":"product_tag-antioxidant","13":"product_tag-efecto-forja","14":"product_tag-esmalt","15":"product_tag-exterior","16":"product_tag-ferro","17":"product_tag-interior","18":"product_tag-procolor","19":"product_tag-professional-quality","20":"no-featured-image-padding","21":"resize-featured-image","22":"sales-flash-overlay","23":"woocommerce-text-align-left","24":"woocommerce-image-align-center","25":"do-quantity-buttons","26":"wc-has-gallery","28":"first","29":"instock","30":"featured","31":"shipping-taxable","32":"purchasable","33":"product-type-variable"},"acf":[],"yoast_head":"<!-- This site is optimized with the Yoast SEO plugin v27.1.1 - https:\/\/yoast.com\/product\/yoast-seo-wordpress\/ -->\n<title>Esmalt antioxidant Procofer Expert Efecto Forja PROCOLOR - liso negro - Oller Pinturas y Revestimientos<\/title>\n<meta name=\"description\" content=\"A Oller Pinturas y Revestimientos trobar\u00e0s Esmalt antioxidant Procofer Expert Efecto Forja PROCOLOR - liso negro i tot el que necessitis en pintures i materials per a professionals, ind\u00fastries, bricolatge o obres p\u00fabliques.\" \/>\n<meta name=\"robots\" content=\"index, follow, max-snippet:-1, max-image-preview:large, max-video-preview:-1\" \/>\n<link rel=\"canonical\" href=\"https:\/\/ollerpintures.com\/ca\/producte\/esmalt-antioxidant-procofer-expert-efecto-forja-procolor-liso-negro\/\" \/>\n<meta property=\"og:locale\" content=\"ca_ES\" \/>\n<meta property=\"og:type\" content=\"article\" \/>\n<meta property=\"og:title\" content=\"Esmalt antioxidant Procofer Expert Efecto Forja PROCOLOR - liso negro - Oller Pinturas y Revestimientos\" \/>\n<meta property=\"og:description\" content=\"A Oller Pinturas y Revestimientos trobar\u00e0s Esmalt antioxidant Procofer Expert Efecto Forja PROCOLOR - liso negro i tot el que necessitis en pintures i materials per a professionals, ind\u00fastries, bricolatge o obres p\u00fabliques.\" \/>\n<meta property=\"og:url\" content=\"https:\/\/ollerpintures.com\/ca\/producte\/esmalt-antioxidant-procofer-expert-efecto-forja-procolor-liso-negro\/\" \/>\n<meta property=\"og:site_name\" content=\"Oller Pinturas y Revestimientos\" \/>\n<meta property=\"article:publisher\" content=\"https:\/\/www.facebook.com\/people\/Oller-Pintures\/100063652056709\/\" \/>\n<meta property=\"article:modified_time\" content=\"2026-04-14T01:00:41+00:00\" \/>\n<meta property=\"og:image\" content=\"https:\/\/ollerpintures.com\/wp-content\/uploads\/2021\/01\/esmalte-antioxidante-efecto-forja-procofer-liso-negro-comprar-online-oller-PQ.png\" \/>\n\t<meta property=\"og:image:width\" content=\"1080\" \/>\n\t<meta property=\"og:image:height\" content=\"1080\" \/>\n\t<meta property=\"og:image:type\" content=\"image\/png\" \/>\n<meta name=\"twitter:card\" content=\"summary_large_image\" \/>\n<meta name=\"twitter:label1\" content=\"Temps estimat de lectura\" \/>\n\t<meta name=\"twitter:data1\" content=\"1 minut\" \/>\n<script type=\"application\/ld+json\" class=\"yoast-schema-graph\">{\"@context\":\"https:\/\/schema.org\",\"@graph\":[{\"@type\":\"WebPage\",\"@id\":\"https:\/\/ollerpintures.com\/ca\/producte\/esmalt-antioxidant-procofer-expert-efecto-forja-procolor-liso-negro\/\",\"url\":\"https:\/\/ollerpintures.com\/ca\/producte\/esmalt-antioxidant-procofer-expert-efecto-forja-procolor-liso-negro\/\",\"name\":\"Esmalt antioxidant Procofer Expert Efecto Forja PROCOLOR - liso negro - Oller Pinturas y Revestimientos\",\"isPartOf\":{\"@id\":\"https:\/\/ollerpintures.com\/ca\/#website\"},\"primaryImageOfPage\":{\"@id\":\"https:\/\/ollerpintures.com\/ca\/producte\/esmalt-antioxidant-procofer-expert-efecto-forja-procolor-liso-negro\/#primaryimage\"},\"image\":{\"@id\":\"https:\/\/ollerpintures.com\/ca\/producte\/esmalt-antioxidant-procofer-expert-efecto-forja-procolor-liso-negro\/#primaryimage\"},\"thumbnailUrl\":\"https:\/\/ollerpintures.com\/wp-content\/uploads\/2021\/01\/esmalte-antioxidante-efecto-forja-procofer-liso-negro-comprar-online-oller-PQ.png\",\"datePublished\":\"2021-01-19T11:15:28+00:00\",\"dateModified\":\"2026-04-14T01:00:41+00:00\",\"description\":\"A Oller Pinturas y Revestimientos trobar\u00e0s Esmalt antioxidant Procofer Expert Efecto Forja PROCOLOR - liso negro i tot el que necessitis en pintures i materials per a professionals, ind\u00fastries, bricolatge o obres p\u00fabliques.\",\"breadcrumb\":{\"@id\":\"https:\/\/ollerpintures.com\/ca\/producte\/esmalt-antioxidant-procofer-expert-efecto-forja-procolor-liso-negro\/#breadcrumb\"},\"inLanguage\":\"ca\",\"potentialAction\":[{\"@type\":\"ReadAction\",\"target\":[\"https:\/\/ollerpintures.com\/ca\/producte\/esmalt-antioxidant-procofer-expert-efecto-forja-procolor-liso-negro\/\"]}]},{\"@type\":\"ImageObject\",\"inLanguage\":\"ca\",\"@id\":\"https:\/\/ollerpintures.com\/ca\/producte\/esmalt-antioxidant-procofer-expert-efecto-forja-procolor-liso-negro\/#primaryimage\",\"url\":\"https:\/\/ollerpintures.com\/wp-content\/uploads\/2021\/01\/esmalte-antioxidante-efecto-forja-procofer-liso-negro-comprar-online-oller-PQ.png\",\"contentUrl\":\"https:\/\/ollerpintures.com\/wp-content\/uploads\/2021\/01\/esmalte-antioxidante-efecto-forja-procofer-liso-negro-comprar-online-oller-PQ.png\",\"width\":1080,\"height\":1080,\"caption\":\"Procofer Expert Efecto Forja liso Negro\"},{\"@type\":\"BreadcrumbList\",\"@id\":\"https:\/\/ollerpintures.com\/ca\/producte\/esmalt-antioxidant-procofer-expert-efecto-forja-procolor-liso-negro\/#breadcrumb\",\"itemListElement\":[{\"@type\":\"ListItem\",\"position\":1,\"name\":\"Inici\",\"item\":\"https:\/\/ollerpintures.com\/ca\/\"},{\"@type\":\"ListItem\",\"position\":2,\"name\":\"Botiga\",\"item\":\"https:\/\/ollerpintures.com\/ca\/botiga\/\"},{\"@type\":\"ListItem\",\"position\":3,\"name\":\"Esmalt antioxidant Procofer Expert Efecto Forja PROCOLOR &#8211; liso negro\"}]},{\"@type\":\"WebSite\",\"@id\":\"https:\/\/ollerpintures.com\/ca\/#website\",\"url\":\"https:\/\/ollerpintures.com\/ca\/\",\"name\":\"Oller Pinturas y Revestimientos\",\"description\":\"Pinturas y revestimientos para profesionales, industrias, obras p\u00fablicas, bricolaje. Pinturas de calidad profesional i mucho m\u00e1s.\",\"publisher\":{\"@id\":\"https:\/\/ollerpintures.com\/ca\/#organization\"},\"alternateName\":\"Oller Grup\",\"potentialAction\":[{\"@type\":\"SearchAction\",\"target\":{\"@type\":\"EntryPoint\",\"urlTemplate\":\"https:\/\/ollerpintures.com\/ca\/?s={search_term_string}\"},\"query-input\":{\"@type\":\"PropertyValueSpecification\",\"valueRequired\":true,\"valueName\":\"search_term_string\"}}],\"inLanguage\":\"ca\"},{\"@type\":\"Organization\",\"@id\":\"https:\/\/ollerpintures.com\/ca\/#organization\",\"name\":\"Oller Pintures i Revestiments\",\"alternateName\":\"Oller Grup\",\"url\":\"https:\/\/ollerpintures.com\/ca\/\",\"logo\":{\"@type\":\"ImageObject\",\"inLanguage\":\"ca\",\"@id\":\"https:\/\/ollerpintures.com\/ca\/#\/schema\/logo\/image\/\",\"url\":\"https:\/\/ollerpintures.com\/wp-content\/uploads\/2024\/05\/newLogo.png\",\"contentUrl\":\"https:\/\/ollerpintures.com\/wp-content\/uploads\/2024\/05\/newLogo.png\",\"width\":483,\"height\":244,\"caption\":\"Oller Pintures i Revestiments\"},\"image\":{\"@id\":\"https:\/\/ollerpintures.com\/ca\/#\/schema\/logo\/image\/\"},\"sameAs\":[\"https:\/\/www.facebook.com\/people\/Oller-Pintures\/100063652056709\/\",\"https:\/\/www.instagram.com\/ollerpintures\/\",\"https:\/\/descriptor.es\/organization\/oller-grup\/\"]}]}<\/script>\n<!-- \/ Yoast SEO plugin. -->","yoast_head_json":{"title":"Esmalt antioxidant Procofer Expert Efecto Forja PROCOLOR - liso negro - Oller Pinturas y Revestimientos","description":"A Oller Pinturas y Revestimientos trobar\u00e0s Esmalt antioxidant Procofer Expert Efecto Forja PROCOLOR - liso negro i tot el que necessitis en pintures i materials per a professionals, ind\u00fastries, bricolatge o obres p\u00fabliques.","robots":{"index":"index","follow":"follow","max-snippet":"max-snippet:-1","max-image-preview":"max-image-preview:large","max-video-preview":"max-video-preview:-1"},"canonical":"https:\/\/ollerpintures.com\/ca\/producte\/esmalt-antioxidant-procofer-expert-efecto-forja-procolor-liso-negro\/","og_locale":"ca_ES","og_type":"article","og_title":"Esmalt antioxidant Procofer Expert Efecto Forja PROCOLOR - liso negro - Oller Pinturas y Revestimientos","og_description":"A Oller Pinturas y Revestimientos trobar\u00e0s Esmalt antioxidant Procofer Expert Efecto Forja PROCOLOR - liso negro i tot el que necessitis en pintures i materials per a professionals, ind\u00fastries, bricolatge o obres p\u00fabliques.","og_url":"https:\/\/ollerpintures.com\/ca\/producte\/esmalt-antioxidant-procofer-expert-efecto-forja-procolor-liso-negro\/","og_site_name":"Oller Pinturas y Revestimientos","article_publisher":"https:\/\/www.facebook.com\/people\/Oller-Pintures\/100063652056709\/","article_modified_time":"2026-04-14T01:00:41+00:00","og_image":[{"width":1080,"height":1080,"url":"https:\/\/ollerpintures.com\/wp-content\/uploads\/2021\/01\/esmalte-antioxidante-efecto-forja-procofer-liso-negro-comprar-online-oller-PQ.png","type":"image\/png"}],"twitter_card":"summary_large_image","twitter_misc":{"Temps estimat de lectura":"1 minut"},"schema":{"@context":"https:\/\/schema.org","@graph":[{"@type":"WebPage","@id":"https:\/\/ollerpintures.com\/ca\/producte\/esmalt-antioxidant-procofer-expert-efecto-forja-procolor-liso-negro\/","url":"https:\/\/ollerpintures.com\/ca\/producte\/esmalt-antioxidant-procofer-expert-efecto-forja-procolor-liso-negro\/","name":"Esmalt antioxidant Procofer Expert Efecto Forja PROCOLOR - liso negro - Oller Pinturas y Revestimientos","isPartOf":{"@id":"https:\/\/ollerpintures.com\/ca\/#website"},"primaryImageOfPage":{"@id":"https:\/\/ollerpintures.com\/ca\/producte\/esmalt-antioxidant-procofer-expert-efecto-forja-procolor-liso-negro\/#primaryimage"},"image":{"@id":"https:\/\/ollerpintures.com\/ca\/producte\/esmalt-antioxidant-procofer-expert-efecto-forja-procolor-liso-negro\/#primaryimage"},"thumbnailUrl":"https:\/\/ollerpintures.com\/wp-content\/uploads\/2021\/01\/esmalte-antioxidante-efecto-forja-procofer-liso-negro-comprar-online-oller-PQ.png","datePublished":"2021-01-19T11:15:28+00:00","dateModified":"2026-04-14T01:00:41+00:00","description":"A Oller Pinturas y Revestimientos trobar\u00e0s Esmalt antioxidant Procofer Expert Efecto Forja PROCOLOR - liso negro i tot el que necessitis en pintures i materials per a professionals, ind\u00fastries, bricolatge o obres p\u00fabliques.","breadcrumb":{"@id":"https:\/\/ollerpintures.com\/ca\/producte\/esmalt-antioxidant-procofer-expert-efecto-forja-procolor-liso-negro\/#breadcrumb"},"inLanguage":"ca","potentialAction":[{"@type":"ReadAction","target":["https:\/\/ollerpintures.com\/ca\/producte\/esmalt-antioxidant-procofer-expert-efecto-forja-procolor-liso-negro\/"]}]},{"@type":"ImageObject","inLanguage":"ca","@id":"https:\/\/ollerpintures.com\/ca\/producte\/esmalt-antioxidant-procofer-expert-efecto-forja-procolor-liso-negro\/#primaryimage","url":"https:\/\/ollerpintures.com\/wp-content\/uploads\/2021\/01\/esmalte-antioxidante-efecto-forja-procofer-liso-negro-comprar-online-oller-PQ.png","contentUrl":"https:\/\/ollerpintures.com\/wp-content\/uploads\/2021\/01\/esmalte-antioxidante-efecto-forja-procofer-liso-negro-comprar-online-oller-PQ.png","width":1080,"height":1080,"caption":"Procofer Expert Efecto Forja liso Negro"},{"@type":"BreadcrumbList","@id":"https:\/\/ollerpintures.com\/ca\/producte\/esmalt-antioxidant-procofer-expert-efecto-forja-procolor-liso-negro\/#breadcrumb","itemListElement":[{"@type":"ListItem","position":1,"name":"Inici","item":"https:\/\/ollerpintures.com\/ca\/"},{"@type":"ListItem","position":2,"name":"Botiga","item":"https:\/\/ollerpintures.com\/ca\/botiga\/"},{"@type":"ListItem","position":3,"name":"Esmalt antioxidant Procofer Expert Efecto Forja PROCOLOR &#8211; liso negro"}]},{"@type":"WebSite","@id":"https:\/\/ollerpintures.com\/ca\/#website","url":"https:\/\/ollerpintures.com\/ca\/","name":"Oller Pinturas y Revestimientos","description":"Pinturas y revestimientos para profesionales, industrias, obras p\u00fablicas, bricolaje. Pinturas de calidad profesional i mucho m\u00e1s.","publisher":{"@id":"https:\/\/ollerpintures.com\/ca\/#organization"},"alternateName":"Oller Grup","potentialAction":[{"@type":"SearchAction","target":{"@type":"EntryPoint","urlTemplate":"https:\/\/ollerpintures.com\/ca\/?s={search_term_string}"},"query-input":{"@type":"PropertyValueSpecification","valueRequired":true,"valueName":"search_term_string"}}],"inLanguage":"ca"},{"@type":"Organization","@id":"https:\/\/ollerpintures.com\/ca\/#organization","name":"Oller Pintures i Revestiments","alternateName":"Oller Grup","url":"https:\/\/ollerpintures.com\/ca\/","logo":{"@type":"ImageObject","inLanguage":"ca","@id":"https:\/\/ollerpintures.com\/ca\/#\/schema\/logo\/image\/","url":"https:\/\/ollerpintures.com\/wp-content\/uploads\/2024\/05\/newLogo.png","contentUrl":"https:\/\/ollerpintures.com\/wp-content\/uploads\/2024\/05\/newLogo.png","width":483,"height":244,"caption":"Oller Pintures i Revestiments"},"image":{"@id":"https:\/\/ollerpintures.com\/ca\/#\/schema\/logo\/image\/"},"sameAs":["https:\/\/www.facebook.com\/people\/Oller-Pintures\/100063652056709\/","https:\/\/www.instagram.com\/ollerpintures\/","https:\/\/descriptor.es\/organization\/oller-grup\/"]}]}},"brands":[{"id":61,"name":"Procolor","slug":"procolor"}],"_links":{"self":[{"href":"https:\/\/ollerpintures.com\/ca\/wp-json\/wp\/v2\/product\/6986","targetHints":{"allow":["GET"]}}],"collection":[{"href":"https:\/\/ollerpintures.com\/ca\/wp-json\/wp\/v2\/product"}],"about":[{"href":"https:\/\/ollerpintures.com\/ca\/wp-json\/wp\/v2\/types\/product"}],"wp:featuredmedia":[{"embeddable":true,"href":"https:\/\/ollerpintures.com\/ca\/wp-json\/wp\/v2\/media\/8161"}],"wp:attachment":[{"href":"https:\/\/ollerpintures.com\/ca\/wp-json\/wp\/v2\/media?parent=6986"}],"wp:term":[{"taxonomy":"pwb-brand","embeddable":true,"href":"https:\/\/ollerpintures.com\/ca\/wp-json\/wp\/v2\/pwb-brand?post=6986"},{"taxonomy":"product_brand","embeddable":true,"href":"https:\/\/ollerpintures.com\/ca\/wp-json\/wp\/v2\/product_brand?post=6986"},{"taxonomy":"product_cat","embeddable":true,"href":"https:\/\/ollerpintures.com\/ca\/wp-json\/wp\/v2\/product_cat?post=6986"},{"taxonomy":"product_tag","embeddable":true,"href":"https:\/\/ollerpintures.com\/ca\/wp-json\/wp\/v2\/product_tag?post=6986"}],"curies":[{"name":"wp","href":"https:\/\/api.w.org\/{rel}","templated":true}]}}