{"id":6779,"date":"2021-01-18T09:51:21","date_gmt":"2021-01-18T08:51:21","guid":{"rendered":"https:\/\/oller-pintures.c.wetopi.com\/?post_type=product&#038;p=6779"},"modified":"2026-04-14T02:00:41","modified_gmt":"2026-04-14T01:00:41","slug":"bossa-2-recanvis-escuma-corro-velour","status":"publish","type":"product","link":"https:\/\/ollerpintures.com\/ca\/producte\/bossa-2-recanvis-escuma-corro-velour\/","title":{"rendered":"Bossa 2 recanvis corr\u00f3 mini velour \u00d818"},"content":{"rendered":"<p>Aquest \u00e9s el corr\u00f3 perfecte per a aplicar <strong>esmalts i vernissos<\/strong>. Aconsegueix donar una <strong>textura fina sense deixar marques<\/strong>. <strong>Si necessites pintar petites superf\u00edcies<\/strong>, amb aquest corr\u00f3 no tindr\u00e0s cap problema, gr\u00e0cies a la seva mida. Molt adequat per a pintures i productes amb <strong>base dissolvent<\/strong>.<\/p>\n<p>Aprofita aquest pack amb els 2 recanvis del corr\u00f3 velour <strong>i no t&#8217;oblidis del m\u00e0nec!<\/strong><\/p>\n<hr \/>\n<h4><span style=\"color: #ff6600;\">Consell Oller: <span style=\"color: #000000;\">Per determinar quin corr\u00f3 \u00e9s el m\u00e9s adequat pel nostre projecte, necessitem saber quin material volem pintar (ferro, fusta o paret), la mida de la superf\u00edcie (m2) i l&#8217;acabat i qualitat que volem obtenir. Amb aquestes dades, podeu valorar quin \u00e9s el millor corr\u00f3 per vosaltres seguint les recomanacions que us deixem a les descripcions dels productes!<\/span><\/span><\/h4>\n<hr \/>\n<h4><\/h4>\n","protected":false},"excerpt":{"rendered":"<p>Aquest \u00e9s el corr\u00f3 perfecte per a aplicar esmalts i vernissos. Aconsegueix donar una textura fina sense deixar marques. Si necessites pintar petites superf\u00edcies, amb &#8230; <\/p>\n<p class=\"read-more-container\"><a title=\"Bossa 2 recanvis corr\u00f3 mini velour \u00d818\" class=\"read-more button\" href=\"https:\/\/ollerpintures.com\/ca\/producte\/bossa-2-recanvis-escuma-corro-velour\/#more-6779\" aria-label=\"M\u00e9s informaci\u00f3 sobre Bossa 2 recanvis corr\u00f3 mini velour \u00d818\">Seguir llegint<\/a><\/p>\n","protected":false},"featured_media":6782,"template":"","meta":{"_acf_changed":false},"pwb-brand":[],"product_brand":[],"product_cat":[77,95,99],"product_tag":[97,96,380,378],"class_list":{"0":"post-6779","1":"product","2":"type-product","3":"status-publish","4":"has-post-thumbnail","6":"product_cat-eines","7":"product_cat-per-pintar","8":"product_cat-corrons-rodillos","9":"product_tag-corro","10":"product_tag-eines","11":"product_tag-escuma","12":"product_tag-recanvis","13":"no-featured-image-padding","14":"resize-featured-image","15":"sales-flash-overlay","16":"woocommerce-text-align-left","17":"woocommerce-image-align-center","18":"do-quantity-buttons","19":"wc-has-gallery","21":"first","22":"instock","23":"shipping-taxable","24":"purchasable","25":"product-type-variable"},"acf":[],"yoast_head":"<!-- This site is optimized with the Yoast SEO plugin v27.1.1 - https:\/\/yoast.com\/product\/yoast-seo-wordpress\/ -->\n<title>Bossa 2 recanvis corr\u00f3 mini velour \u00d818 - Oller Pinturas y Revestimientos<\/title>\n<meta name=\"description\" content=\"Aquest \u00e9s el corr\u00f3 perfecte per a aplicar esmalts i vernissos. Aconsegueix donar una textura fina sense deixar marques. Si necessites pintar petites\" \/>\n<meta name=\"robots\" content=\"index, follow, max-snippet:-1, max-image-preview:large, max-video-preview:-1\" \/>\n<link rel=\"canonical\" href=\"https:\/\/ollerpintures.com\/ca\/producte\/bossa-2-recanvis-escuma-corro-velour\/\" \/>\n<meta property=\"og:locale\" content=\"ca_ES\" \/>\n<meta property=\"og:type\" content=\"article\" \/>\n<meta property=\"og:title\" content=\"Bossa 2 recanvis corr\u00f3 mini velour \u00d818 - Oller Pinturas y Revestimientos\" \/>\n<meta property=\"og:description\" content=\"Aquest \u00e9s el corr\u00f3 perfecte per a aplicar esmalts i vernissos. Aconsegueix donar una textura fina sense deixar marques. Si necessites pintar petites\" \/>\n<meta property=\"og:url\" content=\"https:\/\/ollerpintures.com\/ca\/producte\/bossa-2-recanvis-escuma-corro-velour\/\" \/>\n<meta property=\"og:site_name\" content=\"Oller Pinturas y Revestimientos\" \/>\n<meta property=\"article:publisher\" content=\"https:\/\/www.facebook.com\/people\/Oller-Pintures\/100063652056709\/\" \/>\n<meta property=\"article:modified_time\" content=\"2026-04-14T01:00:41+00:00\" \/>\n<meta property=\"og:image\" content=\"https:\/\/ollerpintures.com\/wp-content\/uploads\/2021\/01\/rodillo-parapintar-recambio-espuma-velour-tienda-online-oller.jpg\" \/>\n\t<meta property=\"og:image:width\" content=\"600\" \/>\n\t<meta property=\"og:image:height\" content=\"600\" \/>\n\t<meta property=\"og:image:type\" content=\"image\/jpeg\" \/>\n<meta name=\"twitter:card\" content=\"summary_large_image\" \/>\n<meta name=\"twitter:label1\" content=\"Temps estimat de lectura\" \/>\n\t<meta name=\"twitter:data1\" content=\"1 minut\" \/>\n<script type=\"application\/ld+json\" class=\"yoast-schema-graph\">{\"@context\":\"https:\/\/schema.org\",\"@graph\":[{\"@type\":\"WebPage\",\"@id\":\"https:\/\/ollerpintures.com\/ca\/producte\/bossa-2-recanvis-escuma-corro-velour\/\",\"url\":\"https:\/\/ollerpintures.com\/ca\/producte\/bossa-2-recanvis-escuma-corro-velour\/\",\"name\":\"Bossa 2 recanvis corr\u00f3 mini velour \u00d818 - Oller Pinturas y Revestimientos\",\"isPartOf\":{\"@id\":\"https:\/\/ollerpintures.com\/ca\/#website\"},\"primaryImageOfPage\":{\"@id\":\"https:\/\/ollerpintures.com\/ca\/producte\/bossa-2-recanvis-escuma-corro-velour\/#primaryimage\"},\"image\":{\"@id\":\"https:\/\/ollerpintures.com\/ca\/producte\/bossa-2-recanvis-escuma-corro-velour\/#primaryimage\"},\"thumbnailUrl\":\"https:\/\/ollerpintures.com\/wp-content\/uploads\/2021\/01\/rodillo-parapintar-recambio-espuma-velour-tienda-online-oller.jpg\",\"datePublished\":\"2021-01-18T08:51:21+00:00\",\"dateModified\":\"2026-04-14T01:00:41+00:00\",\"description\":\"Aquest \u00e9s el corr\u00f3 perfecte per a aplicar esmalts i vernissos. Aconsegueix donar una textura fina sense deixar marques. Si necessites pintar petites\",\"breadcrumb\":{\"@id\":\"https:\/\/ollerpintures.com\/ca\/producte\/bossa-2-recanvis-escuma-corro-velour\/#breadcrumb\"},\"inLanguage\":\"ca\",\"potentialAction\":[{\"@type\":\"ReadAction\",\"target\":[\"https:\/\/ollerpintures.com\/ca\/producte\/bossa-2-recanvis-escuma-corro-velour\/\"]}]},{\"@type\":\"ImageObject\",\"inLanguage\":\"ca\",\"@id\":\"https:\/\/ollerpintures.com\/ca\/producte\/bossa-2-recanvis-escuma-corro-velour\/#primaryimage\",\"url\":\"https:\/\/ollerpintures.com\/wp-content\/uploads\/2021\/01\/rodillo-parapintar-recambio-espuma-velour-tienda-online-oller.jpg\",\"contentUrl\":\"https:\/\/ollerpintures.com\/wp-content\/uploads\/2021\/01\/rodillo-parapintar-recambio-espuma-velour-tienda-online-oller.jpg\",\"width\":600,\"height\":600,\"caption\":\"Recanvi corr\u00f3 Velour\"},{\"@type\":\"BreadcrumbList\",\"@id\":\"https:\/\/ollerpintures.com\/ca\/producte\/bossa-2-recanvis-escuma-corro-velour\/#breadcrumb\",\"itemListElement\":[{\"@type\":\"ListItem\",\"position\":1,\"name\":\"Inici\",\"item\":\"https:\/\/ollerpintures.com\/ca\/\"},{\"@type\":\"ListItem\",\"position\":2,\"name\":\"Botiga\",\"item\":\"https:\/\/ollerpintures.com\/ca\/botiga\/\"},{\"@type\":\"ListItem\",\"position\":3,\"name\":\"Bossa 2 recanvis corr\u00f3 mini velour \u00d818\"}]},{\"@type\":\"WebSite\",\"@id\":\"https:\/\/ollerpintures.com\/ca\/#website\",\"url\":\"https:\/\/ollerpintures.com\/ca\/\",\"name\":\"Oller Pinturas y Revestimientos\",\"description\":\"Pinturas y revestimientos para profesionales, industrias, obras p\u00fablicas, bricolaje. Pinturas de calidad profesional i mucho m\u00e1s.\",\"publisher\":{\"@id\":\"https:\/\/ollerpintures.com\/ca\/#organization\"},\"alternateName\":\"Oller Grup\",\"potentialAction\":[{\"@type\":\"SearchAction\",\"target\":{\"@type\":\"EntryPoint\",\"urlTemplate\":\"https:\/\/ollerpintures.com\/ca\/?s={search_term_string}\"},\"query-input\":{\"@type\":\"PropertyValueSpecification\",\"valueRequired\":true,\"valueName\":\"search_term_string\"}}],\"inLanguage\":\"ca\"},{\"@type\":\"Organization\",\"@id\":\"https:\/\/ollerpintures.com\/ca\/#organization\",\"name\":\"Oller Pintures i Revestiments\",\"alternateName\":\"Oller Grup\",\"url\":\"https:\/\/ollerpintures.com\/ca\/\",\"logo\":{\"@type\":\"ImageObject\",\"inLanguage\":\"ca\",\"@id\":\"https:\/\/ollerpintures.com\/ca\/#\/schema\/logo\/image\/\",\"url\":\"https:\/\/ollerpintures.com\/wp-content\/uploads\/2024\/05\/newLogo.png\",\"contentUrl\":\"https:\/\/ollerpintures.com\/wp-content\/uploads\/2024\/05\/newLogo.png\",\"width\":483,\"height\":244,\"caption\":\"Oller Pintures i Revestiments\"},\"image\":{\"@id\":\"https:\/\/ollerpintures.com\/ca\/#\/schema\/logo\/image\/\"},\"sameAs\":[\"https:\/\/www.facebook.com\/people\/Oller-Pintures\/100063652056709\/\",\"https:\/\/www.instagram.com\/ollerpintures\/\",\"https:\/\/descriptor.es\/organization\/oller-grup\/\"]}]}<\/script>\n<!-- \/ Yoast SEO plugin. -->","yoast_head_json":{"title":"Bossa 2 recanvis corr\u00f3 mini velour \u00d818 - Oller Pinturas y Revestimientos","description":"Aquest \u00e9s el corr\u00f3 perfecte per a aplicar esmalts i vernissos. Aconsegueix donar una textura fina sense deixar marques. Si necessites pintar petites","robots":{"index":"index","follow":"follow","max-snippet":"max-snippet:-1","max-image-preview":"max-image-preview:large","max-video-preview":"max-video-preview:-1"},"canonical":"https:\/\/ollerpintures.com\/ca\/producte\/bossa-2-recanvis-escuma-corro-velour\/","og_locale":"ca_ES","og_type":"article","og_title":"Bossa 2 recanvis corr\u00f3 mini velour \u00d818 - Oller Pinturas y Revestimientos","og_description":"Aquest \u00e9s el corr\u00f3 perfecte per a aplicar esmalts i vernissos. Aconsegueix donar una textura fina sense deixar marques. Si necessites pintar petites","og_url":"https:\/\/ollerpintures.com\/ca\/producte\/bossa-2-recanvis-escuma-corro-velour\/","og_site_name":"Oller Pinturas y Revestimientos","article_publisher":"https:\/\/www.facebook.com\/people\/Oller-Pintures\/100063652056709\/","article_modified_time":"2026-04-14T01:00:41+00:00","og_image":[{"width":600,"height":600,"url":"https:\/\/ollerpintures.com\/wp-content\/uploads\/2021\/01\/rodillo-parapintar-recambio-espuma-velour-tienda-online-oller.jpg","type":"image\/jpeg"}],"twitter_card":"summary_large_image","twitter_misc":{"Temps estimat de lectura":"1 minut"},"schema":{"@context":"https:\/\/schema.org","@graph":[{"@type":"WebPage","@id":"https:\/\/ollerpintures.com\/ca\/producte\/bossa-2-recanvis-escuma-corro-velour\/","url":"https:\/\/ollerpintures.com\/ca\/producte\/bossa-2-recanvis-escuma-corro-velour\/","name":"Bossa 2 recanvis corr\u00f3 mini velour \u00d818 - Oller Pinturas y Revestimientos","isPartOf":{"@id":"https:\/\/ollerpintures.com\/ca\/#website"},"primaryImageOfPage":{"@id":"https:\/\/ollerpintures.com\/ca\/producte\/bossa-2-recanvis-escuma-corro-velour\/#primaryimage"},"image":{"@id":"https:\/\/ollerpintures.com\/ca\/producte\/bossa-2-recanvis-escuma-corro-velour\/#primaryimage"},"thumbnailUrl":"https:\/\/ollerpintures.com\/wp-content\/uploads\/2021\/01\/rodillo-parapintar-recambio-espuma-velour-tienda-online-oller.jpg","datePublished":"2021-01-18T08:51:21+00:00","dateModified":"2026-04-14T01:00:41+00:00","description":"Aquest \u00e9s el corr\u00f3 perfecte per a aplicar esmalts i vernissos. Aconsegueix donar una textura fina sense deixar marques. Si necessites pintar petites","breadcrumb":{"@id":"https:\/\/ollerpintures.com\/ca\/producte\/bossa-2-recanvis-escuma-corro-velour\/#breadcrumb"},"inLanguage":"ca","potentialAction":[{"@type":"ReadAction","target":["https:\/\/ollerpintures.com\/ca\/producte\/bossa-2-recanvis-escuma-corro-velour\/"]}]},{"@type":"ImageObject","inLanguage":"ca","@id":"https:\/\/ollerpintures.com\/ca\/producte\/bossa-2-recanvis-escuma-corro-velour\/#primaryimage","url":"https:\/\/ollerpintures.com\/wp-content\/uploads\/2021\/01\/rodillo-parapintar-recambio-espuma-velour-tienda-online-oller.jpg","contentUrl":"https:\/\/ollerpintures.com\/wp-content\/uploads\/2021\/01\/rodillo-parapintar-recambio-espuma-velour-tienda-online-oller.jpg","width":600,"height":600,"caption":"Recanvi corr\u00f3 Velour"},{"@type":"BreadcrumbList","@id":"https:\/\/ollerpintures.com\/ca\/producte\/bossa-2-recanvis-escuma-corro-velour\/#breadcrumb","itemListElement":[{"@type":"ListItem","position":1,"name":"Inici","item":"https:\/\/ollerpintures.com\/ca\/"},{"@type":"ListItem","position":2,"name":"Botiga","item":"https:\/\/ollerpintures.com\/ca\/botiga\/"},{"@type":"ListItem","position":3,"name":"Bossa 2 recanvis corr\u00f3 mini velour \u00d818"}]},{"@type":"WebSite","@id":"https:\/\/ollerpintures.com\/ca\/#website","url":"https:\/\/ollerpintures.com\/ca\/","name":"Oller Pinturas y Revestimientos","description":"Pinturas y revestimientos para profesionales, industrias, obras p\u00fablicas, bricolaje. Pinturas de calidad profesional i mucho m\u00e1s.","publisher":{"@id":"https:\/\/ollerpintures.com\/ca\/#organization"},"alternateName":"Oller Grup","potentialAction":[{"@type":"SearchAction","target":{"@type":"EntryPoint","urlTemplate":"https:\/\/ollerpintures.com\/ca\/?s={search_term_string}"},"query-input":{"@type":"PropertyValueSpecification","valueRequired":true,"valueName":"search_term_string"}}],"inLanguage":"ca"},{"@type":"Organization","@id":"https:\/\/ollerpintures.com\/ca\/#organization","name":"Oller Pintures i Revestiments","alternateName":"Oller Grup","url":"https:\/\/ollerpintures.com\/ca\/","logo":{"@type":"ImageObject","inLanguage":"ca","@id":"https:\/\/ollerpintures.com\/ca\/#\/schema\/logo\/image\/","url":"https:\/\/ollerpintures.com\/wp-content\/uploads\/2024\/05\/newLogo.png","contentUrl":"https:\/\/ollerpintures.com\/wp-content\/uploads\/2024\/05\/newLogo.png","width":483,"height":244,"caption":"Oller Pintures i Revestiments"},"image":{"@id":"https:\/\/ollerpintures.com\/ca\/#\/schema\/logo\/image\/"},"sameAs":["https:\/\/www.facebook.com\/people\/Oller-Pintures\/100063652056709\/","https:\/\/www.instagram.com\/ollerpintures\/","https:\/\/descriptor.es\/organization\/oller-grup\/"]}]}},"brands":[],"_links":{"self":[{"href":"https:\/\/ollerpintures.com\/ca\/wp-json\/wp\/v2\/product\/6779","targetHints":{"allow":["GET"]}}],"collection":[{"href":"https:\/\/ollerpintures.com\/ca\/wp-json\/wp\/v2\/product"}],"about":[{"href":"https:\/\/ollerpintures.com\/ca\/wp-json\/wp\/v2\/types\/product"}],"wp:featuredmedia":[{"embeddable":true,"href":"https:\/\/ollerpintures.com\/ca\/wp-json\/wp\/v2\/media\/6782"}],"wp:attachment":[{"href":"https:\/\/ollerpintures.com\/ca\/wp-json\/wp\/v2\/media?parent=6779"}],"wp:term":[{"taxonomy":"pwb-brand","embeddable":true,"href":"https:\/\/ollerpintures.com\/ca\/wp-json\/wp\/v2\/pwb-brand?post=6779"},{"taxonomy":"product_brand","embeddable":true,"href":"https:\/\/ollerpintures.com\/ca\/wp-json\/wp\/v2\/product_brand?post=6779"},{"taxonomy":"product_cat","embeddable":true,"href":"https:\/\/ollerpintures.com\/ca\/wp-json\/wp\/v2\/product_cat?post=6779"},{"taxonomy":"product_tag","embeddable":true,"href":"https:\/\/ollerpintures.com\/ca\/wp-json\/wp\/v2\/product_tag?post=6779"}],"curies":[{"name":"wp","href":"https:\/\/api.w.org\/{rel}","templated":true}]}}