{"id":6731,"date":"2021-01-15T12:51:24","date_gmt":"2021-01-15T11:51:24","guid":{"rendered":"https:\/\/oller-pintures.c.wetopi.com\/?post_type=product&#038;p=6731"},"modified":"2026-04-14T02:00:41","modified_gmt":"2026-04-14T01:00:41","slug":"manec-professional-bm","status":"publish","type":"product","link":"https:\/\/ollerpintures.com\/ca\/producte\/manec-professional-bm\/","title":{"rendered":"M\u00e0nec per corr\u00f3 professional BM"},"content":{"rendered":"<h4>Per qu\u00e8 t&#8217;aconsellem comprar un m\u00e0nec per corr\u00f3 de la categoria &#8216;Professional BM&#8217;?<\/h4>\n<p>\u00c9s un m\u00e0nec de <strong>qualitat professional,<\/strong> molt m\u00e9s <strong>r\u00edgid<\/strong> que qualsevol altre. <strong>No es trenca<\/strong> si s&#8217;ha d&#8217;apretar amb els allargaments d&#8217;alumini ni queda ressec amb el pas del temps. A m\u00e9s, pintar\u00e0s amb molta <strong>m\u00e9s comoditat<\/strong> i no acabar\u00e0s amb les mans desgastades! \u00c9s <strong>ideal per projectes de qualitat.\u00a0<\/strong><\/p>\n<p>&nbsp;<\/p>\n","protected":false},"excerpt":{"rendered":"<p>Per qu\u00e8 t&#8217;aconsellem comprar un m\u00e0nec per corr\u00f3 de la categoria &#8216;Professional BM&#8217;? \u00c9s un m\u00e0nec de qualitat professional, molt m\u00e9s r\u00edgid que qualsevol altre. &#8230; <\/p>\n<p class=\"read-more-container\"><a title=\"M\u00e0nec per corr\u00f3 professional BM\" class=\"read-more button\" href=\"https:\/\/ollerpintures.com\/ca\/producte\/manec-professional-bm\/#more-6731\" aria-label=\"M\u00e9s informaci\u00f3 sobre M\u00e0nec per corr\u00f3 professional BM\">Seguir llegint<\/a><\/p>\n","protected":false},"featured_media":8182,"template":"","meta":{"_acf_changed":false},"pwb-brand":[],"product_brand":[],"product_cat":[77,95,99],"product_tag":[97,96,635,584],"class_list":{"0":"post-6731","1":"product","2":"type-product","3":"status-publish","4":"has-post-thumbnail","6":"product_cat-eines","7":"product_cat-per-pintar","8":"product_cat-corrons-rodillos","9":"product_tag-corro","10":"product_tag-eines","11":"product_tag-manec","12":"product_tag-ok-product","13":"no-featured-image-padding","14":"resize-featured-image","15":"sales-flash-overlay","16":"woocommerce-text-align-left","17":"woocommerce-image-align-center","18":"do-quantity-buttons","20":"first","21":"instock","22":"shipping-taxable","23":"purchasable","24":"product-type-variable"},"acf":[],"yoast_head":"<!-- This site is optimized with the Yoast SEO plugin v27.1.1 - https:\/\/yoast.com\/product\/yoast-seo-wordpress\/ -->\n<title>M\u00e0nec per corr\u00f3 professional BM - Oller Pinturas y Revestimientos<\/title>\n<meta name=\"description\" content=\"Per qu\u00e8 t&#039;aconsellem comprar un m\u00e0nec per corr\u00f3 de la categoria &#039;Professional BM&#039;? \u00c9s un m\u00e0nec de qualitat professional, molt m\u00e9s r\u00edgid que qualsevol\" \/>\n<meta name=\"robots\" content=\"index, follow, max-snippet:-1, max-image-preview:large, max-video-preview:-1\" \/>\n<link rel=\"canonical\" href=\"https:\/\/ollerpintures.com\/ca\/producte\/manec-professional-bm\/\" \/>\n<meta property=\"og:locale\" content=\"ca_ES\" \/>\n<meta property=\"og:type\" content=\"article\" \/>\n<meta property=\"og:title\" content=\"M\u00e0nec per corr\u00f3 professional BM - Oller Pinturas y Revestimientos\" \/>\n<meta property=\"og:description\" content=\"Per qu\u00e8 t&#039;aconsellem comprar un m\u00e0nec per corr\u00f3 de la categoria &#039;Professional BM&#039;? \u00c9s un m\u00e0nec de qualitat professional, molt m\u00e9s r\u00edgid que qualsevol\" \/>\n<meta property=\"og:url\" content=\"https:\/\/ollerpintures.com\/ca\/producte\/manec-professional-bm\/\" \/>\n<meta property=\"og:site_name\" content=\"Oller Pinturas y Revestimientos\" \/>\n<meta property=\"article:publisher\" content=\"https:\/\/www.facebook.com\/people\/Oller-Pintures\/100063652056709\/\" \/>\n<meta property=\"article:modified_time\" content=\"2026-04-14T01:00:41+00:00\" \/>\n<meta property=\"og:image\" content=\"https:\/\/ollerpintures.com\/wp-content\/uploads\/2021\/01\/mango-rodillo-bm-profesional-comprar-online-oller.png\" \/>\n\t<meta property=\"og:image:width\" content=\"1080\" \/>\n\t<meta property=\"og:image:height\" content=\"1080\" \/>\n\t<meta property=\"og:image:type\" content=\"image\/png\" \/>\n<meta name=\"twitter:card\" content=\"summary_large_image\" \/>\n<meta name=\"twitter:label1\" content=\"Temps estimat de lectura\" \/>\n\t<meta name=\"twitter:data1\" content=\"1 minut\" \/>\n<script type=\"application\/ld+json\" class=\"yoast-schema-graph\">{\"@context\":\"https:\/\/schema.org\",\"@graph\":[{\"@type\":\"WebPage\",\"@id\":\"https:\/\/ollerpintures.com\/ca\/producte\/manec-professional-bm\/\",\"url\":\"https:\/\/ollerpintures.com\/ca\/producte\/manec-professional-bm\/\",\"name\":\"M\u00e0nec per corr\u00f3 professional BM - Oller Pinturas y Revestimientos\",\"isPartOf\":{\"@id\":\"https:\/\/ollerpintures.com\/ca\/#website\"},\"primaryImageOfPage\":{\"@id\":\"https:\/\/ollerpintures.com\/ca\/producte\/manec-professional-bm\/#primaryimage\"},\"image\":{\"@id\":\"https:\/\/ollerpintures.com\/ca\/producte\/manec-professional-bm\/#primaryimage\"},\"thumbnailUrl\":\"https:\/\/ollerpintures.com\/wp-content\/uploads\/2021\/01\/mango-rodillo-bm-profesional-comprar-online-oller.png\",\"datePublished\":\"2021-01-15T11:51:24+00:00\",\"dateModified\":\"2026-04-14T01:00:41+00:00\",\"description\":\"Per qu\u00e8 t'aconsellem comprar un m\u00e0nec per corr\u00f3 de la categoria 'Professional BM'? \u00c9s un m\u00e0nec de qualitat professional, molt m\u00e9s r\u00edgid que qualsevol\",\"breadcrumb\":{\"@id\":\"https:\/\/ollerpintures.com\/ca\/producte\/manec-professional-bm\/#breadcrumb\"},\"inLanguage\":\"ca\",\"potentialAction\":[{\"@type\":\"ReadAction\",\"target\":[\"https:\/\/ollerpintures.com\/ca\/producte\/manec-professional-bm\/\"]}]},{\"@type\":\"ImageObject\",\"inLanguage\":\"ca\",\"@id\":\"https:\/\/ollerpintures.com\/ca\/producte\/manec-professional-bm\/#primaryimage\",\"url\":\"https:\/\/ollerpintures.com\/wp-content\/uploads\/2021\/01\/mango-rodillo-bm-profesional-comprar-online-oller.png\",\"contentUrl\":\"https:\/\/ollerpintures.com\/wp-content\/uploads\/2021\/01\/mango-rodillo-bm-profesional-comprar-online-oller.png\",\"width\":1080,\"height\":1080,\"caption\":\"M\u00e0nec professional BM\"},{\"@type\":\"BreadcrumbList\",\"@id\":\"https:\/\/ollerpintures.com\/ca\/producte\/manec-professional-bm\/#breadcrumb\",\"itemListElement\":[{\"@type\":\"ListItem\",\"position\":1,\"name\":\"Inici\",\"item\":\"https:\/\/ollerpintures.com\/ca\/\"},{\"@type\":\"ListItem\",\"position\":2,\"name\":\"Botiga\",\"item\":\"https:\/\/ollerpintures.com\/ca\/botiga\/\"},{\"@type\":\"ListItem\",\"position\":3,\"name\":\"M\u00e0nec per corr\u00f3 professional BM\"}]},{\"@type\":\"WebSite\",\"@id\":\"https:\/\/ollerpintures.com\/ca\/#website\",\"url\":\"https:\/\/ollerpintures.com\/ca\/\",\"name\":\"Oller Pinturas y Revestimientos\",\"description\":\"Pinturas y revestimientos para profesionales, industrias, obras p\u00fablicas, bricolaje. Pinturas de calidad profesional i mucho m\u00e1s.\",\"publisher\":{\"@id\":\"https:\/\/ollerpintures.com\/ca\/#organization\"},\"alternateName\":\"Oller Grup\",\"potentialAction\":[{\"@type\":\"SearchAction\",\"target\":{\"@type\":\"EntryPoint\",\"urlTemplate\":\"https:\/\/ollerpintures.com\/ca\/?s={search_term_string}\"},\"query-input\":{\"@type\":\"PropertyValueSpecification\",\"valueRequired\":true,\"valueName\":\"search_term_string\"}}],\"inLanguage\":\"ca\"},{\"@type\":\"Organization\",\"@id\":\"https:\/\/ollerpintures.com\/ca\/#organization\",\"name\":\"Oller Pintures i Revestiments\",\"alternateName\":\"Oller Grup\",\"url\":\"https:\/\/ollerpintures.com\/ca\/\",\"logo\":{\"@type\":\"ImageObject\",\"inLanguage\":\"ca\",\"@id\":\"https:\/\/ollerpintures.com\/ca\/#\/schema\/logo\/image\/\",\"url\":\"https:\/\/ollerpintures.com\/wp-content\/uploads\/2024\/05\/newLogo.png\",\"contentUrl\":\"https:\/\/ollerpintures.com\/wp-content\/uploads\/2024\/05\/newLogo.png\",\"width\":483,\"height\":244,\"caption\":\"Oller Pintures i Revestiments\"},\"image\":{\"@id\":\"https:\/\/ollerpintures.com\/ca\/#\/schema\/logo\/image\/\"},\"sameAs\":[\"https:\/\/www.facebook.com\/people\/Oller-Pintures\/100063652056709\/\",\"https:\/\/www.instagram.com\/ollerpintures\/\",\"https:\/\/descriptor.es\/organization\/oller-grup\/\"]}]}<\/script>\n<!-- \/ Yoast SEO plugin. -->","yoast_head_json":{"title":"M\u00e0nec per corr\u00f3 professional BM - Oller Pinturas y Revestimientos","description":"Per qu\u00e8 t'aconsellem comprar un m\u00e0nec per corr\u00f3 de la categoria 'Professional BM'? \u00c9s un m\u00e0nec de qualitat professional, molt m\u00e9s r\u00edgid que qualsevol","robots":{"index":"index","follow":"follow","max-snippet":"max-snippet:-1","max-image-preview":"max-image-preview:large","max-video-preview":"max-video-preview:-1"},"canonical":"https:\/\/ollerpintures.com\/ca\/producte\/manec-professional-bm\/","og_locale":"ca_ES","og_type":"article","og_title":"M\u00e0nec per corr\u00f3 professional BM - Oller Pinturas y Revestimientos","og_description":"Per qu\u00e8 t'aconsellem comprar un m\u00e0nec per corr\u00f3 de la categoria 'Professional BM'? \u00c9s un m\u00e0nec de qualitat professional, molt m\u00e9s r\u00edgid que qualsevol","og_url":"https:\/\/ollerpintures.com\/ca\/producte\/manec-professional-bm\/","og_site_name":"Oller Pinturas y Revestimientos","article_publisher":"https:\/\/www.facebook.com\/people\/Oller-Pintures\/100063652056709\/","article_modified_time":"2026-04-14T01:00:41+00:00","og_image":[{"width":1080,"height":1080,"url":"https:\/\/ollerpintures.com\/wp-content\/uploads\/2021\/01\/mango-rodillo-bm-profesional-comprar-online-oller.png","type":"image\/png"}],"twitter_card":"summary_large_image","twitter_misc":{"Temps estimat de lectura":"1 minut"},"schema":{"@context":"https:\/\/schema.org","@graph":[{"@type":"WebPage","@id":"https:\/\/ollerpintures.com\/ca\/producte\/manec-professional-bm\/","url":"https:\/\/ollerpintures.com\/ca\/producte\/manec-professional-bm\/","name":"M\u00e0nec per corr\u00f3 professional BM - Oller Pinturas y Revestimientos","isPartOf":{"@id":"https:\/\/ollerpintures.com\/ca\/#website"},"primaryImageOfPage":{"@id":"https:\/\/ollerpintures.com\/ca\/producte\/manec-professional-bm\/#primaryimage"},"image":{"@id":"https:\/\/ollerpintures.com\/ca\/producte\/manec-professional-bm\/#primaryimage"},"thumbnailUrl":"https:\/\/ollerpintures.com\/wp-content\/uploads\/2021\/01\/mango-rodillo-bm-profesional-comprar-online-oller.png","datePublished":"2021-01-15T11:51:24+00:00","dateModified":"2026-04-14T01:00:41+00:00","description":"Per qu\u00e8 t'aconsellem comprar un m\u00e0nec per corr\u00f3 de la categoria 'Professional BM'? \u00c9s un m\u00e0nec de qualitat professional, molt m\u00e9s r\u00edgid que qualsevol","breadcrumb":{"@id":"https:\/\/ollerpintures.com\/ca\/producte\/manec-professional-bm\/#breadcrumb"},"inLanguage":"ca","potentialAction":[{"@type":"ReadAction","target":["https:\/\/ollerpintures.com\/ca\/producte\/manec-professional-bm\/"]}]},{"@type":"ImageObject","inLanguage":"ca","@id":"https:\/\/ollerpintures.com\/ca\/producte\/manec-professional-bm\/#primaryimage","url":"https:\/\/ollerpintures.com\/wp-content\/uploads\/2021\/01\/mango-rodillo-bm-profesional-comprar-online-oller.png","contentUrl":"https:\/\/ollerpintures.com\/wp-content\/uploads\/2021\/01\/mango-rodillo-bm-profesional-comprar-online-oller.png","width":1080,"height":1080,"caption":"M\u00e0nec professional BM"},{"@type":"BreadcrumbList","@id":"https:\/\/ollerpintures.com\/ca\/producte\/manec-professional-bm\/#breadcrumb","itemListElement":[{"@type":"ListItem","position":1,"name":"Inici","item":"https:\/\/ollerpintures.com\/ca\/"},{"@type":"ListItem","position":2,"name":"Botiga","item":"https:\/\/ollerpintures.com\/ca\/botiga\/"},{"@type":"ListItem","position":3,"name":"M\u00e0nec per corr\u00f3 professional BM"}]},{"@type":"WebSite","@id":"https:\/\/ollerpintures.com\/ca\/#website","url":"https:\/\/ollerpintures.com\/ca\/","name":"Oller Pinturas y Revestimientos","description":"Pinturas y revestimientos para profesionales, industrias, obras p\u00fablicas, bricolaje. Pinturas de calidad profesional i mucho m\u00e1s.","publisher":{"@id":"https:\/\/ollerpintures.com\/ca\/#organization"},"alternateName":"Oller Grup","potentialAction":[{"@type":"SearchAction","target":{"@type":"EntryPoint","urlTemplate":"https:\/\/ollerpintures.com\/ca\/?s={search_term_string}"},"query-input":{"@type":"PropertyValueSpecification","valueRequired":true,"valueName":"search_term_string"}}],"inLanguage":"ca"},{"@type":"Organization","@id":"https:\/\/ollerpintures.com\/ca\/#organization","name":"Oller Pintures i Revestiments","alternateName":"Oller Grup","url":"https:\/\/ollerpintures.com\/ca\/","logo":{"@type":"ImageObject","inLanguage":"ca","@id":"https:\/\/ollerpintures.com\/ca\/#\/schema\/logo\/image\/","url":"https:\/\/ollerpintures.com\/wp-content\/uploads\/2024\/05\/newLogo.png","contentUrl":"https:\/\/ollerpintures.com\/wp-content\/uploads\/2024\/05\/newLogo.png","width":483,"height":244,"caption":"Oller Pintures i Revestiments"},"image":{"@id":"https:\/\/ollerpintures.com\/ca\/#\/schema\/logo\/image\/"},"sameAs":["https:\/\/www.facebook.com\/people\/Oller-Pintures\/100063652056709\/","https:\/\/www.instagram.com\/ollerpintures\/","https:\/\/descriptor.es\/organization\/oller-grup\/"]}]}},"brands":[],"_links":{"self":[{"href":"https:\/\/ollerpintures.com\/ca\/wp-json\/wp\/v2\/product\/6731","targetHints":{"allow":["GET"]}}],"collection":[{"href":"https:\/\/ollerpintures.com\/ca\/wp-json\/wp\/v2\/product"}],"about":[{"href":"https:\/\/ollerpintures.com\/ca\/wp-json\/wp\/v2\/types\/product"}],"wp:featuredmedia":[{"embeddable":true,"href":"https:\/\/ollerpintures.com\/ca\/wp-json\/wp\/v2\/media\/8182"}],"wp:attachment":[{"href":"https:\/\/ollerpintures.com\/ca\/wp-json\/wp\/v2\/media?parent=6731"}],"wp:term":[{"taxonomy":"pwb-brand","embeddable":true,"href":"https:\/\/ollerpintures.com\/ca\/wp-json\/wp\/v2\/pwb-brand?post=6731"},{"taxonomy":"product_brand","embeddable":true,"href":"https:\/\/ollerpintures.com\/ca\/wp-json\/wp\/v2\/product_brand?post=6731"},{"taxonomy":"product_cat","embeddable":true,"href":"https:\/\/ollerpintures.com\/ca\/wp-json\/wp\/v2\/product_cat?post=6731"},{"taxonomy":"product_tag","embeddable":true,"href":"https:\/\/ollerpintures.com\/ca\/wp-json\/wp\/v2\/product_tag?post=6731"}],"curies":[{"name":"wp","href":"https:\/\/api.w.org\/{rel}","templated":true}]}}