{"id":6622,"date":"2021-01-13T12:27:08","date_gmt":"2021-01-13T11:27:08","guid":{"rendered":"https:\/\/oller-pintures.c.wetopi.com\/web-proves\/?post_type=product&#038;p=6622"},"modified":"2026-04-14T02:00:41","modified_gmt":"2026-04-14T01:00:41","slug":"brotxa-rodona-competidor-serie-315","status":"publish","type":"product","link":"https:\/\/ollerpintures.com\/ca\/producte\/brotxa-rodona-competidor-serie-315\/","title":{"rendered":"Brotxa rodona serie 315"},"content":{"rendered":"<p>Brotxa rodona, perfecta per aplicar<strong> pintura pl\u00e0stica<\/strong> tant a <strong>interior<\/strong> com a <strong>exterior<\/strong>. \u00c9s una eina que et donar\u00e0 una soluci\u00f3 molt <strong>pr\u00e0ctica<\/strong> i <strong>econ\u00f2mica<\/strong> per a pintar les superf\u00edcies que desitgis!<\/p>\n<p>&nbsp;<\/p>\n","protected":false},"excerpt":{"rendered":"<p>Brotxa rodona, perfecta per aplicar pintura pl\u00e0stica tant a interior com a exterior. \u00c9s una eina que et donar\u00e0 una soluci\u00f3 molt pr\u00e0ctica i econ\u00f2mica &#8230; <\/p>\n<p class=\"read-more-container\"><a title=\"Brotxa rodona serie 315\" class=\"read-more button\" href=\"https:\/\/ollerpintures.com\/ca\/producte\/brotxa-rodona-competidor-serie-315\/#more-6622\" aria-label=\"M\u00e9s informaci\u00f3 sobre Brotxa rodona serie 315\">Seguir llegint<\/a><\/p>\n","protected":false},"featured_media":6626,"template":"","meta":{"_acf_changed":false},"pwb-brand":[],"product_brand":[],"product_cat":[77,95,347],"product_tag":[349,96],"class_list":{"0":"post-6622","1":"product","2":"type-product","3":"status-publish","4":"has-post-thumbnail","6":"product_cat-eines","7":"product_cat-per-pintar","8":"product_cat-brotxes-i-pinzells","9":"product_tag-brotxa","10":"product_tag-eines","11":"no-featured-image-padding","12":"resize-featured-image","13":"sales-flash-overlay","14":"woocommerce-text-align-left","15":"woocommerce-image-align-center","16":"do-quantity-buttons","18":"first","19":"instock","20":"shipping-taxable","21":"purchasable","22":"product-type-variable"},"acf":[],"yoast_head":"<!-- This site is optimized with the Yoast SEO plugin v27.1.1 - https:\/\/yoast.com\/product\/yoast-seo-wordpress\/ -->\n<title>Brotxa rodona serie 315 - Oller Pinturas y Revestimientos<\/title>\n<meta name=\"description\" content=\"Brotxa rodona, perfecta per aplicar pintura pl\u00e0stica tant a interior com a exterior. \u00c9s una eina que et donar\u00e0 una soluci\u00f3 molt pr\u00e0ctica i econ\u00f2mica per a\" \/>\n<meta name=\"robots\" content=\"index, follow, max-snippet:-1, max-image-preview:large, max-video-preview:-1\" \/>\n<link rel=\"canonical\" href=\"https:\/\/ollerpintures.com\/ca\/producte\/brotxa-rodona-competidor-serie-315\/\" \/>\n<meta property=\"og:locale\" content=\"ca_ES\" \/>\n<meta property=\"og:type\" content=\"article\" \/>\n<meta property=\"og:title\" content=\"Brotxa rodona serie 315 - Oller Pinturas y Revestimientos\" \/>\n<meta property=\"og:description\" content=\"Brotxa rodona, perfecta per aplicar pintura pl\u00e0stica tant a interior com a exterior. \u00c9s una eina que et donar\u00e0 una soluci\u00f3 molt pr\u00e0ctica i econ\u00f2mica per a\" \/>\n<meta property=\"og:url\" content=\"https:\/\/ollerpintures.com\/ca\/producte\/brotxa-rodona-competidor-serie-315\/\" \/>\n<meta property=\"og:site_name\" content=\"Oller Pinturas y Revestimientos\" \/>\n<meta property=\"article:publisher\" content=\"https:\/\/www.facebook.com\/people\/Oller-Pintures\/100063652056709\/\" \/>\n<meta property=\"article:modified_time\" content=\"2026-04-14T01:00:41+00:00\" \/>\n<meta property=\"og:image\" content=\"https:\/\/ollerpintures.com\/wp-content\/uploads\/2021\/01\/brocha-redonda-ollerpintures.jpg\" \/>\n\t<meta property=\"og:image:width\" content=\"400\" \/>\n\t<meta property=\"og:image:height\" content=\"400\" \/>\n\t<meta property=\"og:image:type\" content=\"image\/jpeg\" \/>\n<meta name=\"twitter:card\" content=\"summary_large_image\" \/>\n<meta name=\"twitter:label1\" content=\"Temps estimat de lectura\" \/>\n\t<meta name=\"twitter:data1\" content=\"1 minut\" \/>\n<script type=\"application\/ld+json\" class=\"yoast-schema-graph\">{\"@context\":\"https:\/\/schema.org\",\"@graph\":[{\"@type\":\"WebPage\",\"@id\":\"https:\/\/ollerpintures.com\/ca\/producte\/brotxa-rodona-competidor-serie-315\/\",\"url\":\"https:\/\/ollerpintures.com\/ca\/producte\/brotxa-rodona-competidor-serie-315\/\",\"name\":\"Brotxa rodona serie 315 - Oller Pinturas y Revestimientos\",\"isPartOf\":{\"@id\":\"https:\/\/ollerpintures.com\/ca\/#website\"},\"primaryImageOfPage\":{\"@id\":\"https:\/\/ollerpintures.com\/ca\/producte\/brotxa-rodona-competidor-serie-315\/#primaryimage\"},\"image\":{\"@id\":\"https:\/\/ollerpintures.com\/ca\/producte\/brotxa-rodona-competidor-serie-315\/#primaryimage\"},\"thumbnailUrl\":\"https:\/\/ollerpintures.com\/wp-content\/uploads\/2021\/01\/brocha-redonda-ollerpintures.jpg\",\"datePublished\":\"2021-01-13T11:27:08+00:00\",\"dateModified\":\"2026-04-14T01:00:41+00:00\",\"description\":\"Brotxa rodona, perfecta per aplicar pintura pl\u00e0stica tant a interior com a exterior. \u00c9s una eina que et donar\u00e0 una soluci\u00f3 molt pr\u00e0ctica i econ\u00f2mica per a\",\"breadcrumb\":{\"@id\":\"https:\/\/ollerpintures.com\/ca\/producte\/brotxa-rodona-competidor-serie-315\/#breadcrumb\"},\"inLanguage\":\"ca\",\"potentialAction\":[{\"@type\":\"ReadAction\",\"target\":[\"https:\/\/ollerpintures.com\/ca\/producte\/brotxa-rodona-competidor-serie-315\/\"]}]},{\"@type\":\"ImageObject\",\"inLanguage\":\"ca\",\"@id\":\"https:\/\/ollerpintures.com\/ca\/producte\/brotxa-rodona-competidor-serie-315\/#primaryimage\",\"url\":\"https:\/\/ollerpintures.com\/wp-content\/uploads\/2021\/01\/brocha-redonda-ollerpintures.jpg\",\"contentUrl\":\"https:\/\/ollerpintures.com\/wp-content\/uploads\/2021\/01\/brocha-redonda-ollerpintures.jpg\",\"width\":400,\"height\":400,\"caption\":\"brotxa rodona\"},{\"@type\":\"BreadcrumbList\",\"@id\":\"https:\/\/ollerpintures.com\/ca\/producte\/brotxa-rodona-competidor-serie-315\/#breadcrumb\",\"itemListElement\":[{\"@type\":\"ListItem\",\"position\":1,\"name\":\"Inici\",\"item\":\"https:\/\/ollerpintures.com\/ca\/\"},{\"@type\":\"ListItem\",\"position\":2,\"name\":\"Botiga\",\"item\":\"https:\/\/ollerpintures.com\/ca\/botiga\/\"},{\"@type\":\"ListItem\",\"position\":3,\"name\":\"Brotxa rodona serie 315\"}]},{\"@type\":\"WebSite\",\"@id\":\"https:\/\/ollerpintures.com\/ca\/#website\",\"url\":\"https:\/\/ollerpintures.com\/ca\/\",\"name\":\"Oller Pinturas y Revestimientos\",\"description\":\"Pinturas y revestimientos para profesionales, industrias, obras p\u00fablicas, bricolaje. Pinturas de calidad profesional i mucho m\u00e1s.\",\"publisher\":{\"@id\":\"https:\/\/ollerpintures.com\/ca\/#organization\"},\"alternateName\":\"Oller Grup\",\"potentialAction\":[{\"@type\":\"SearchAction\",\"target\":{\"@type\":\"EntryPoint\",\"urlTemplate\":\"https:\/\/ollerpintures.com\/ca\/?s={search_term_string}\"},\"query-input\":{\"@type\":\"PropertyValueSpecification\",\"valueRequired\":true,\"valueName\":\"search_term_string\"}}],\"inLanguage\":\"ca\"},{\"@type\":\"Organization\",\"@id\":\"https:\/\/ollerpintures.com\/ca\/#organization\",\"name\":\"Oller Pintures i Revestiments\",\"alternateName\":\"Oller Grup\",\"url\":\"https:\/\/ollerpintures.com\/ca\/\",\"logo\":{\"@type\":\"ImageObject\",\"inLanguage\":\"ca\",\"@id\":\"https:\/\/ollerpintures.com\/ca\/#\/schema\/logo\/image\/\",\"url\":\"https:\/\/ollerpintures.com\/wp-content\/uploads\/2024\/05\/newLogo.png\",\"contentUrl\":\"https:\/\/ollerpintures.com\/wp-content\/uploads\/2024\/05\/newLogo.png\",\"width\":483,\"height\":244,\"caption\":\"Oller Pintures i Revestiments\"},\"image\":{\"@id\":\"https:\/\/ollerpintures.com\/ca\/#\/schema\/logo\/image\/\"},\"sameAs\":[\"https:\/\/www.facebook.com\/people\/Oller-Pintures\/100063652056709\/\",\"https:\/\/www.instagram.com\/ollerpintures\/\",\"https:\/\/descriptor.es\/organization\/oller-grup\/\"]}]}<\/script>\n<!-- \/ Yoast SEO plugin. -->","yoast_head_json":{"title":"Brotxa rodona serie 315 - Oller Pinturas y Revestimientos","description":"Brotxa rodona, perfecta per aplicar pintura pl\u00e0stica tant a interior com a exterior. \u00c9s una eina que et donar\u00e0 una soluci\u00f3 molt pr\u00e0ctica i econ\u00f2mica per a","robots":{"index":"index","follow":"follow","max-snippet":"max-snippet:-1","max-image-preview":"max-image-preview:large","max-video-preview":"max-video-preview:-1"},"canonical":"https:\/\/ollerpintures.com\/ca\/producte\/brotxa-rodona-competidor-serie-315\/","og_locale":"ca_ES","og_type":"article","og_title":"Brotxa rodona serie 315 - Oller Pinturas y Revestimientos","og_description":"Brotxa rodona, perfecta per aplicar pintura pl\u00e0stica tant a interior com a exterior. \u00c9s una eina que et donar\u00e0 una soluci\u00f3 molt pr\u00e0ctica i econ\u00f2mica per a","og_url":"https:\/\/ollerpintures.com\/ca\/producte\/brotxa-rodona-competidor-serie-315\/","og_site_name":"Oller Pinturas y Revestimientos","article_publisher":"https:\/\/www.facebook.com\/people\/Oller-Pintures\/100063652056709\/","article_modified_time":"2026-04-14T01:00:41+00:00","og_image":[{"width":400,"height":400,"url":"https:\/\/ollerpintures.com\/wp-content\/uploads\/2021\/01\/brocha-redonda-ollerpintures.jpg","type":"image\/jpeg"}],"twitter_card":"summary_large_image","twitter_misc":{"Temps estimat de lectura":"1 minut"},"schema":{"@context":"https:\/\/schema.org","@graph":[{"@type":"WebPage","@id":"https:\/\/ollerpintures.com\/ca\/producte\/brotxa-rodona-competidor-serie-315\/","url":"https:\/\/ollerpintures.com\/ca\/producte\/brotxa-rodona-competidor-serie-315\/","name":"Brotxa rodona serie 315 - Oller Pinturas y Revestimientos","isPartOf":{"@id":"https:\/\/ollerpintures.com\/ca\/#website"},"primaryImageOfPage":{"@id":"https:\/\/ollerpintures.com\/ca\/producte\/brotxa-rodona-competidor-serie-315\/#primaryimage"},"image":{"@id":"https:\/\/ollerpintures.com\/ca\/producte\/brotxa-rodona-competidor-serie-315\/#primaryimage"},"thumbnailUrl":"https:\/\/ollerpintures.com\/wp-content\/uploads\/2021\/01\/brocha-redonda-ollerpintures.jpg","datePublished":"2021-01-13T11:27:08+00:00","dateModified":"2026-04-14T01:00:41+00:00","description":"Brotxa rodona, perfecta per aplicar pintura pl\u00e0stica tant a interior com a exterior. \u00c9s una eina que et donar\u00e0 una soluci\u00f3 molt pr\u00e0ctica i econ\u00f2mica per a","breadcrumb":{"@id":"https:\/\/ollerpintures.com\/ca\/producte\/brotxa-rodona-competidor-serie-315\/#breadcrumb"},"inLanguage":"ca","potentialAction":[{"@type":"ReadAction","target":["https:\/\/ollerpintures.com\/ca\/producte\/brotxa-rodona-competidor-serie-315\/"]}]},{"@type":"ImageObject","inLanguage":"ca","@id":"https:\/\/ollerpintures.com\/ca\/producte\/brotxa-rodona-competidor-serie-315\/#primaryimage","url":"https:\/\/ollerpintures.com\/wp-content\/uploads\/2021\/01\/brocha-redonda-ollerpintures.jpg","contentUrl":"https:\/\/ollerpintures.com\/wp-content\/uploads\/2021\/01\/brocha-redonda-ollerpintures.jpg","width":400,"height":400,"caption":"brotxa rodona"},{"@type":"BreadcrumbList","@id":"https:\/\/ollerpintures.com\/ca\/producte\/brotxa-rodona-competidor-serie-315\/#breadcrumb","itemListElement":[{"@type":"ListItem","position":1,"name":"Inici","item":"https:\/\/ollerpintures.com\/ca\/"},{"@type":"ListItem","position":2,"name":"Botiga","item":"https:\/\/ollerpintures.com\/ca\/botiga\/"},{"@type":"ListItem","position":3,"name":"Brotxa rodona serie 315"}]},{"@type":"WebSite","@id":"https:\/\/ollerpintures.com\/ca\/#website","url":"https:\/\/ollerpintures.com\/ca\/","name":"Oller Pinturas y Revestimientos","description":"Pinturas y revestimientos para profesionales, industrias, obras p\u00fablicas, bricolaje. Pinturas de calidad profesional i mucho m\u00e1s.","publisher":{"@id":"https:\/\/ollerpintures.com\/ca\/#organization"},"alternateName":"Oller Grup","potentialAction":[{"@type":"SearchAction","target":{"@type":"EntryPoint","urlTemplate":"https:\/\/ollerpintures.com\/ca\/?s={search_term_string}"},"query-input":{"@type":"PropertyValueSpecification","valueRequired":true,"valueName":"search_term_string"}}],"inLanguage":"ca"},{"@type":"Organization","@id":"https:\/\/ollerpintures.com\/ca\/#organization","name":"Oller Pintures i Revestiments","alternateName":"Oller Grup","url":"https:\/\/ollerpintures.com\/ca\/","logo":{"@type":"ImageObject","inLanguage":"ca","@id":"https:\/\/ollerpintures.com\/ca\/#\/schema\/logo\/image\/","url":"https:\/\/ollerpintures.com\/wp-content\/uploads\/2024\/05\/newLogo.png","contentUrl":"https:\/\/ollerpintures.com\/wp-content\/uploads\/2024\/05\/newLogo.png","width":483,"height":244,"caption":"Oller Pintures i Revestiments"},"image":{"@id":"https:\/\/ollerpintures.com\/ca\/#\/schema\/logo\/image\/"},"sameAs":["https:\/\/www.facebook.com\/people\/Oller-Pintures\/100063652056709\/","https:\/\/www.instagram.com\/ollerpintures\/","https:\/\/descriptor.es\/organization\/oller-grup\/"]}]}},"brands":[],"_links":{"self":[{"href":"https:\/\/ollerpintures.com\/ca\/wp-json\/wp\/v2\/product\/6622","targetHints":{"allow":["GET"]}}],"collection":[{"href":"https:\/\/ollerpintures.com\/ca\/wp-json\/wp\/v2\/product"}],"about":[{"href":"https:\/\/ollerpintures.com\/ca\/wp-json\/wp\/v2\/types\/product"}],"wp:featuredmedia":[{"embeddable":true,"href":"https:\/\/ollerpintures.com\/ca\/wp-json\/wp\/v2\/media\/6626"}],"wp:attachment":[{"href":"https:\/\/ollerpintures.com\/ca\/wp-json\/wp\/v2\/media?parent=6622"}],"wp:term":[{"taxonomy":"pwb-brand","embeddable":true,"href":"https:\/\/ollerpintures.com\/ca\/wp-json\/wp\/v2\/pwb-brand?post=6622"},{"taxonomy":"product_brand","embeddable":true,"href":"https:\/\/ollerpintures.com\/ca\/wp-json\/wp\/v2\/product_brand?post=6622"},{"taxonomy":"product_cat","embeddable":true,"href":"https:\/\/ollerpintures.com\/ca\/wp-json\/wp\/v2\/product_cat?post=6622"},{"taxonomy":"product_tag","embeddable":true,"href":"https:\/\/ollerpintures.com\/ca\/wp-json\/wp\/v2\/product_tag?post=6622"}],"curies":[{"name":"wp","href":"https:\/\/api.w.org\/{rel}","templated":true}]}}