{"id":6378,"date":"2021-01-11T12:31:37","date_gmt":"2021-01-11T11:31:37","guid":{"rendered":"https:\/\/oller-pintures.c.wetopi.com\/web-proves\/?post_type=product&#038;p=6378"},"modified":"2026-04-14T02:00:36","modified_gmt":"2026-04-14T01:00:36","slug":"allargament-alumini-per-corro-2m","status":"publish","type":"product","link":"https:\/\/ollerpintures.com\/ca\/producte\/allargament-alumini-per-corro-2m\/","title":{"rendered":"Extensi\u00f3 d&#8217;alumini per corr\u00f3 2m"},"content":{"rendered":"<p>Amb aquesta extensi\u00f3 d&#8217;alumini, oblida&#8217;t de l&#8217;escala i incomoditats. Pinta les parets sense ajupir-te i el sostre sense pujar enlloc! Amb la mida regulable per adaptar l&#8217;allargament des d&#8217;1 fins a 2 metres, podr\u00e0s pintar superf\u00edcies de fins a 4 metres d&#8217;al\u00e7ada!<\/p>\n<p>&nbsp;<\/p>\n","protected":false},"excerpt":{"rendered":"<p>Amb aquesta extensi\u00f3 d&#8217;alumini, oblida&#8217;t de l&#8217;escala i incomoditats. Pinta les parets sense ajupir-te i el sostre sense pujar enlloc! Amb la mida regulable per &#8230; <\/p>\n<p class=\"read-more-container\"><a title=\"Extensi\u00f3 d&#8217;alumini per corr\u00f3 2m\" class=\"read-more button\" href=\"https:\/\/ollerpintures.com\/ca\/producte\/allargament-alumini-per-corro-2m\/#more-6378\" aria-label=\"M\u00e9s informaci\u00f3 sobre Extensi\u00f3 d&#8217;alumini per corr\u00f3 2m\">Seguir llegint<\/a><\/p>\n","protected":false},"featured_media":6379,"template":"","meta":{"_acf_changed":false},"pwb-brand":[],"product_brand":[],"product_cat":[77,95,99],"product_tag":[97,96],"class_list":{"0":"post-6378","1":"product","2":"type-product","3":"status-publish","4":"has-post-thumbnail","6":"product_cat-eines","7":"product_cat-per-pintar","8":"product_cat-corrons-rodillos","9":"product_tag-corro","10":"product_tag-eines","11":"no-featured-image-padding","12":"resize-featured-image","13":"sales-flash-overlay","14":"woocommerce-text-align-left","15":"woocommerce-image-align-center","16":"do-quantity-buttons","18":"first","19":"instock","20":"featured","21":"shipping-taxable","22":"purchasable","23":"product-type-simple"},"acf":[],"yoast_head":"<!-- This site is optimized with the Yoast SEO plugin v27.1.1 - https:\/\/yoast.com\/product\/yoast-seo-wordpress\/ -->\n<title>Extensi\u00f3 d&#039;alumini per corr\u00f3 2m - Oller Pinturas y Revestimientos<\/title>\n<meta name=\"description\" content=\"Amb aquesta extensi\u00f3 d&#039;alumini, oblida&#039;t de l&#039;escala i incomoditats. Pinta les parets sense ajupir-te i el sostre sense pujar enlloc! Amb la mida\" \/>\n<meta name=\"robots\" content=\"index, follow, max-snippet:-1, max-image-preview:large, max-video-preview:-1\" \/>\n<link rel=\"canonical\" href=\"https:\/\/ollerpintures.com\/ca\/producte\/allargament-alumini-per-corro-2m\/\" \/>\n<meta property=\"og:locale\" content=\"ca_ES\" \/>\n<meta property=\"og:type\" content=\"article\" \/>\n<meta property=\"og:title\" content=\"Extensi\u00f3 d&#039;alumini per corr\u00f3 2m - Oller Pinturas y Revestimientos\" \/>\n<meta property=\"og:description\" content=\"Amb aquesta extensi\u00f3 d&#039;alumini, oblida&#039;t de l&#039;escala i incomoditats. Pinta les parets sense ajupir-te i el sostre sense pujar enlloc! Amb la mida\" \/>\n<meta property=\"og:url\" content=\"https:\/\/ollerpintures.com\/ca\/producte\/allargament-alumini-per-corro-2m\/\" \/>\n<meta property=\"og:site_name\" content=\"Oller Pinturas y Revestimientos\" \/>\n<meta property=\"article:publisher\" content=\"https:\/\/www.facebook.com\/people\/Oller-Pintures\/100063652056709\/\" \/>\n<meta property=\"article:modified_time\" content=\"2026-04-14T01:00:36+00:00\" \/>\n<meta property=\"og:image\" content=\"https:\/\/ollerpintures.com\/wp-content\/uploads\/2021\/01\/alargo-extensible-aluminio-2-metros.jpg\" \/>\n\t<meta property=\"og:image:width\" content=\"458\" \/>\n\t<meta property=\"og:image:height\" content=\"458\" \/>\n\t<meta property=\"og:image:type\" content=\"image\/jpeg\" \/>\n<meta name=\"twitter:card\" content=\"summary_large_image\" \/>\n<meta name=\"twitter:label1\" content=\"Temps estimat de lectura\" \/>\n\t<meta name=\"twitter:data1\" content=\"1 minut\" \/>\n<script type=\"application\/ld+json\" class=\"yoast-schema-graph\">{\"@context\":\"https:\/\/schema.org\",\"@graph\":[{\"@type\":\"WebPage\",\"@id\":\"https:\/\/ollerpintures.com\/ca\/producte\/allargament-alumini-per-corro-2m\/\",\"url\":\"https:\/\/ollerpintures.com\/ca\/producte\/allargament-alumini-per-corro-2m\/\",\"name\":\"Extensi\u00f3 d'alumini per corr\u00f3 2m - Oller Pinturas y Revestimientos\",\"isPartOf\":{\"@id\":\"https:\/\/ollerpintures.com\/ca\/#website\"},\"primaryImageOfPage\":{\"@id\":\"https:\/\/ollerpintures.com\/ca\/producte\/allargament-alumini-per-corro-2m\/#primaryimage\"},\"image\":{\"@id\":\"https:\/\/ollerpintures.com\/ca\/producte\/allargament-alumini-per-corro-2m\/#primaryimage\"},\"thumbnailUrl\":\"https:\/\/ollerpintures.com\/wp-content\/uploads\/2021\/01\/alargo-extensible-aluminio-2-metros.jpg\",\"datePublished\":\"2021-01-11T11:31:37+00:00\",\"dateModified\":\"2026-04-14T01:00:36+00:00\",\"description\":\"Amb aquesta extensi\u00f3 d'alumini, oblida't de l'escala i incomoditats. Pinta les parets sense ajupir-te i el sostre sense pujar enlloc! Amb la mida\",\"breadcrumb\":{\"@id\":\"https:\/\/ollerpintures.com\/ca\/producte\/allargament-alumini-per-corro-2m\/#breadcrumb\"},\"inLanguage\":\"ca\",\"potentialAction\":[{\"@type\":\"ReadAction\",\"target\":[\"https:\/\/ollerpintures.com\/ca\/producte\/allargament-alumini-per-corro-2m\/\"]}]},{\"@type\":\"ImageObject\",\"inLanguage\":\"ca\",\"@id\":\"https:\/\/ollerpintures.com\/ca\/producte\/allargament-alumini-per-corro-2m\/#primaryimage\",\"url\":\"https:\/\/ollerpintures.com\/wp-content\/uploads\/2021\/01\/alargo-extensible-aluminio-2-metros.jpg\",\"contentUrl\":\"https:\/\/ollerpintures.com\/wp-content\/uploads\/2021\/01\/alargo-extensible-aluminio-2-metros.jpg\",\"width\":458,\"height\":458,\"caption\":\"alargo aluminio rodillo 2m\"},{\"@type\":\"BreadcrumbList\",\"@id\":\"https:\/\/ollerpintures.com\/ca\/producte\/allargament-alumini-per-corro-2m\/#breadcrumb\",\"itemListElement\":[{\"@type\":\"ListItem\",\"position\":1,\"name\":\"Inici\",\"item\":\"https:\/\/ollerpintures.com\/ca\/\"},{\"@type\":\"ListItem\",\"position\":2,\"name\":\"Botiga\",\"item\":\"https:\/\/ollerpintures.com\/ca\/botiga\/\"},{\"@type\":\"ListItem\",\"position\":3,\"name\":\"Extensi\u00f3 d&#8217;alumini per corr\u00f3 2m\"}]},{\"@type\":\"WebSite\",\"@id\":\"https:\/\/ollerpintures.com\/ca\/#website\",\"url\":\"https:\/\/ollerpintures.com\/ca\/\",\"name\":\"Oller Pinturas y Revestimientos\",\"description\":\"Pinturas y revestimientos para profesionales, industrias, obras p\u00fablicas, bricolaje. Pinturas de calidad profesional i mucho m\u00e1s.\",\"publisher\":{\"@id\":\"https:\/\/ollerpintures.com\/ca\/#organization\"},\"alternateName\":\"Oller Grup\",\"potentialAction\":[{\"@type\":\"SearchAction\",\"target\":{\"@type\":\"EntryPoint\",\"urlTemplate\":\"https:\/\/ollerpintures.com\/ca\/?s={search_term_string}\"},\"query-input\":{\"@type\":\"PropertyValueSpecification\",\"valueRequired\":true,\"valueName\":\"search_term_string\"}}],\"inLanguage\":\"ca\"},{\"@type\":\"Organization\",\"@id\":\"https:\/\/ollerpintures.com\/ca\/#organization\",\"name\":\"Oller Pintures i Revestiments\",\"alternateName\":\"Oller Grup\",\"url\":\"https:\/\/ollerpintures.com\/ca\/\",\"logo\":{\"@type\":\"ImageObject\",\"inLanguage\":\"ca\",\"@id\":\"https:\/\/ollerpintures.com\/ca\/#\/schema\/logo\/image\/\",\"url\":\"https:\/\/ollerpintures.com\/wp-content\/uploads\/2024\/05\/newLogo.png\",\"contentUrl\":\"https:\/\/ollerpintures.com\/wp-content\/uploads\/2024\/05\/newLogo.png\",\"width\":483,\"height\":244,\"caption\":\"Oller Pintures i Revestiments\"},\"image\":{\"@id\":\"https:\/\/ollerpintures.com\/ca\/#\/schema\/logo\/image\/\"},\"sameAs\":[\"https:\/\/www.facebook.com\/people\/Oller-Pintures\/100063652056709\/\",\"https:\/\/www.instagram.com\/ollerpintures\/\",\"https:\/\/descriptor.es\/organization\/oller-grup\/\"]}]}<\/script>\n<!-- \/ Yoast SEO plugin. -->","yoast_head_json":{"title":"Extensi\u00f3 d'alumini per corr\u00f3 2m - Oller Pinturas y Revestimientos","description":"Amb aquesta extensi\u00f3 d'alumini, oblida't de l'escala i incomoditats. Pinta les parets sense ajupir-te i el sostre sense pujar enlloc! Amb la mida","robots":{"index":"index","follow":"follow","max-snippet":"max-snippet:-1","max-image-preview":"max-image-preview:large","max-video-preview":"max-video-preview:-1"},"canonical":"https:\/\/ollerpintures.com\/ca\/producte\/allargament-alumini-per-corro-2m\/","og_locale":"ca_ES","og_type":"article","og_title":"Extensi\u00f3 d'alumini per corr\u00f3 2m - Oller Pinturas y Revestimientos","og_description":"Amb aquesta extensi\u00f3 d'alumini, oblida't de l'escala i incomoditats. Pinta les parets sense ajupir-te i el sostre sense pujar enlloc! Amb la mida","og_url":"https:\/\/ollerpintures.com\/ca\/producte\/allargament-alumini-per-corro-2m\/","og_site_name":"Oller Pinturas y Revestimientos","article_publisher":"https:\/\/www.facebook.com\/people\/Oller-Pintures\/100063652056709\/","article_modified_time":"2026-04-14T01:00:36+00:00","og_image":[{"width":458,"height":458,"url":"https:\/\/ollerpintures.com\/wp-content\/uploads\/2021\/01\/alargo-extensible-aluminio-2-metros.jpg","type":"image\/jpeg"}],"twitter_card":"summary_large_image","twitter_misc":{"Temps estimat de lectura":"1 minut"},"schema":{"@context":"https:\/\/schema.org","@graph":[{"@type":"WebPage","@id":"https:\/\/ollerpintures.com\/ca\/producte\/allargament-alumini-per-corro-2m\/","url":"https:\/\/ollerpintures.com\/ca\/producte\/allargament-alumini-per-corro-2m\/","name":"Extensi\u00f3 d'alumini per corr\u00f3 2m - Oller Pinturas y Revestimientos","isPartOf":{"@id":"https:\/\/ollerpintures.com\/ca\/#website"},"primaryImageOfPage":{"@id":"https:\/\/ollerpintures.com\/ca\/producte\/allargament-alumini-per-corro-2m\/#primaryimage"},"image":{"@id":"https:\/\/ollerpintures.com\/ca\/producte\/allargament-alumini-per-corro-2m\/#primaryimage"},"thumbnailUrl":"https:\/\/ollerpintures.com\/wp-content\/uploads\/2021\/01\/alargo-extensible-aluminio-2-metros.jpg","datePublished":"2021-01-11T11:31:37+00:00","dateModified":"2026-04-14T01:00:36+00:00","description":"Amb aquesta extensi\u00f3 d'alumini, oblida't de l'escala i incomoditats. Pinta les parets sense ajupir-te i el sostre sense pujar enlloc! Amb la mida","breadcrumb":{"@id":"https:\/\/ollerpintures.com\/ca\/producte\/allargament-alumini-per-corro-2m\/#breadcrumb"},"inLanguage":"ca","potentialAction":[{"@type":"ReadAction","target":["https:\/\/ollerpintures.com\/ca\/producte\/allargament-alumini-per-corro-2m\/"]}]},{"@type":"ImageObject","inLanguage":"ca","@id":"https:\/\/ollerpintures.com\/ca\/producte\/allargament-alumini-per-corro-2m\/#primaryimage","url":"https:\/\/ollerpintures.com\/wp-content\/uploads\/2021\/01\/alargo-extensible-aluminio-2-metros.jpg","contentUrl":"https:\/\/ollerpintures.com\/wp-content\/uploads\/2021\/01\/alargo-extensible-aluminio-2-metros.jpg","width":458,"height":458,"caption":"alargo aluminio rodillo 2m"},{"@type":"BreadcrumbList","@id":"https:\/\/ollerpintures.com\/ca\/producte\/allargament-alumini-per-corro-2m\/#breadcrumb","itemListElement":[{"@type":"ListItem","position":1,"name":"Inici","item":"https:\/\/ollerpintures.com\/ca\/"},{"@type":"ListItem","position":2,"name":"Botiga","item":"https:\/\/ollerpintures.com\/ca\/botiga\/"},{"@type":"ListItem","position":3,"name":"Extensi\u00f3 d&#8217;alumini per corr\u00f3 2m"}]},{"@type":"WebSite","@id":"https:\/\/ollerpintures.com\/ca\/#website","url":"https:\/\/ollerpintures.com\/ca\/","name":"Oller Pinturas y Revestimientos","description":"Pinturas y revestimientos para profesionales, industrias, obras p\u00fablicas, bricolaje. Pinturas de calidad profesional i mucho m\u00e1s.","publisher":{"@id":"https:\/\/ollerpintures.com\/ca\/#organization"},"alternateName":"Oller Grup","potentialAction":[{"@type":"SearchAction","target":{"@type":"EntryPoint","urlTemplate":"https:\/\/ollerpintures.com\/ca\/?s={search_term_string}"},"query-input":{"@type":"PropertyValueSpecification","valueRequired":true,"valueName":"search_term_string"}}],"inLanguage":"ca"},{"@type":"Organization","@id":"https:\/\/ollerpintures.com\/ca\/#organization","name":"Oller Pintures i Revestiments","alternateName":"Oller Grup","url":"https:\/\/ollerpintures.com\/ca\/","logo":{"@type":"ImageObject","inLanguage":"ca","@id":"https:\/\/ollerpintures.com\/ca\/#\/schema\/logo\/image\/","url":"https:\/\/ollerpintures.com\/wp-content\/uploads\/2024\/05\/newLogo.png","contentUrl":"https:\/\/ollerpintures.com\/wp-content\/uploads\/2024\/05\/newLogo.png","width":483,"height":244,"caption":"Oller Pintures i Revestiments"},"image":{"@id":"https:\/\/ollerpintures.com\/ca\/#\/schema\/logo\/image\/"},"sameAs":["https:\/\/www.facebook.com\/people\/Oller-Pintures\/100063652056709\/","https:\/\/www.instagram.com\/ollerpintures\/","https:\/\/descriptor.es\/organization\/oller-grup\/"]}]}},"brands":[],"_links":{"self":[{"href":"https:\/\/ollerpintures.com\/ca\/wp-json\/wp\/v2\/product\/6378","targetHints":{"allow":["GET"]}}],"collection":[{"href":"https:\/\/ollerpintures.com\/ca\/wp-json\/wp\/v2\/product"}],"about":[{"href":"https:\/\/ollerpintures.com\/ca\/wp-json\/wp\/v2\/types\/product"}],"wp:featuredmedia":[{"embeddable":true,"href":"https:\/\/ollerpintures.com\/ca\/wp-json\/wp\/v2\/media\/6379"}],"wp:attachment":[{"href":"https:\/\/ollerpintures.com\/ca\/wp-json\/wp\/v2\/media?parent=6378"}],"wp:term":[{"taxonomy":"pwb-brand","embeddable":true,"href":"https:\/\/ollerpintures.com\/ca\/wp-json\/wp\/v2\/pwb-brand?post=6378"},{"taxonomy":"product_brand","embeddable":true,"href":"https:\/\/ollerpintures.com\/ca\/wp-json\/wp\/v2\/product_brand?post=6378"},{"taxonomy":"product_cat","embeddable":true,"href":"https:\/\/ollerpintures.com\/ca\/wp-json\/wp\/v2\/product_cat?post=6378"},{"taxonomy":"product_tag","embeddable":true,"href":"https:\/\/ollerpintures.com\/ca\/wp-json\/wp\/v2\/product_tag?post=6378"}],"curies":[{"name":"wp","href":"https:\/\/api.w.org\/{rel}","templated":true}]}}