{"id":5555,"date":"2020-12-23T23:09:12","date_gmt":"2020-12-23T22:09:12","guid":{"rendered":"https:\/\/oller-pintures.c.wetopi.com\/?post_type=product&#038;p=5555"},"modified":"2026-04-14T14:00:30","modified_gmt":"2026-04-14T13:00:30","slug":"corro-antigota-per-paret-interior-llis-22cm","status":"publish","type":"product","link":"https:\/\/ollerpintures.com\/ca\/producte\/corro-antigota-per-paret-interior-llis-22cm\/","title":{"rendered":"Corr\u00f3 antigota per interior llis 22cm"},"content":{"rendered":"<p>Aquest \u00e9s <strong>el corr\u00f3 m\u00e9s venut per pintar parets i sostres interiors amb superf\u00edcies llises<\/strong>. Est\u00e0 fet amb fil de poliamida (no \u00e9s acr\u00edlic ni sint\u00e8tic) i gr\u00e0cies a aix\u00f2, et donar\u00e0 <strong>molt bons acabats i sense esquitxar-te!\u00a0<\/strong><\/p>\n<p>&nbsp;<\/p>\n<h4>Caracter\u00edstiques<\/h4>\n<ul>\n<li>Ideal per parets i sostres llisos interiors<\/li>\n<li>Fil de poliamida<\/li>\n<li>Bons acabats<\/li>\n<li>No esquitxa<\/li>\n<\/ul>\n<p>&nbsp;<\/p>\n<hr \/>\n<h4><span style=\"color: #ff6600;\">Consell Oller: <span style=\"color: #000000;\">Per determinar quin corr\u00f3 \u00e9s el m\u00e9s adequat pel nostre projecte, necessitem saber quin material volem pintar (ferro, fusta o paret), la mida de la superf\u00edcie (m2) i l&#8217;acabat i qualitat que volem obtenir. Amb aquestes dades, podeu valorar quin \u00e9s el millor corr\u00f3 per vosaltres seguint les recomanacions que us deixem a les descripcions dels productes!<\/span><\/span><\/h4>\n<hr \/>\n<h4><\/h4>\n","protected":false},"excerpt":{"rendered":"<p>Aquest \u00e9s el corr\u00f3 m\u00e9s venut per pintar parets i sostres interiors amb superf\u00edcies llises. Est\u00e0 fet amb fil de poliamida (no \u00e9s acr\u00edlic ni &#8230; <\/p>\n<p class=\"read-more-container\"><a title=\"Corr\u00f3 antigota per interior llis 22cm\" class=\"read-more button\" href=\"https:\/\/ollerpintures.com\/ca\/producte\/corro-antigota-per-paret-interior-llis-22cm\/#more-5555\" aria-label=\"M\u00e9s informaci\u00f3 sobre Corr\u00f3 antigota per interior llis 22cm\">Seguir llegint<\/a><\/p>\n","protected":false},"featured_media":8019,"template":"","meta":{"_acf_changed":false},"pwb-brand":[],"product_brand":[],"product_cat":[77,95,99],"product_tag":[98,97,96,62,71],"class_list":{"0":"post-5555","1":"product","2":"type-product","3":"status-publish","4":"has-post-thumbnail","6":"product_cat-eines","7":"product_cat-per-pintar","8":"product_cat-corrons-rodillos","9":"product_tag-antigota","10":"product_tag-corro","11":"product_tag-eines","12":"product_tag-interior","13":"product_tag-paret","14":"no-featured-image-padding","15":"resize-featured-image","16":"sales-flash-overlay","17":"woocommerce-text-align-left","18":"woocommerce-image-align-center","19":"do-quantity-buttons","20":"wc-has-gallery","22":"first","23":"instock","24":"shipping-taxable","25":"purchasable","26":"product-type-simple"},"acf":[],"yoast_head":"<!-- This site is optimized with the Yoast SEO plugin v27.1.1 - https:\/\/yoast.com\/product\/yoast-seo-wordpress\/ -->\n<title>Corr\u00f3 antigota per interior llis 22cm - Oller Pinturas y Revestimientos<\/title>\n<meta name=\"description\" content=\"Aquest \u00e9s el corr\u00f3 m\u00e9s venut per pintar parets i sostres interiors amb superf\u00edcies llises. Est\u00e0 fet amb fil de poliamida (no \u00e9s acr\u00edlic ni sint\u00e8tic) i\" \/>\n<meta name=\"robots\" content=\"index, follow, max-snippet:-1, max-image-preview:large, max-video-preview:-1\" \/>\n<link rel=\"canonical\" href=\"https:\/\/ollerpintures.com\/ca\/producte\/corro-antigota-per-paret-interior-llis-22cm\/\" \/>\n<meta property=\"og:locale\" content=\"ca_ES\" \/>\n<meta property=\"og:type\" content=\"article\" \/>\n<meta property=\"og:title\" content=\"Corr\u00f3 antigota per interior llis 22cm - Oller Pinturas y Revestimientos\" \/>\n<meta property=\"og:description\" content=\"Aquest \u00e9s el corr\u00f3 m\u00e9s venut per pintar parets i sostres interiors amb superf\u00edcies llises. Est\u00e0 fet amb fil de poliamida (no \u00e9s acr\u00edlic ni sint\u00e8tic) i\" \/>\n<meta property=\"og:url\" content=\"https:\/\/ollerpintures.com\/ca\/producte\/corro-antigota-per-paret-interior-llis-22cm\/\" \/>\n<meta property=\"og:site_name\" content=\"Oller Pinturas y Revestimientos\" \/>\n<meta property=\"article:publisher\" content=\"https:\/\/www.facebook.com\/people\/Oller-Pintures\/100063652056709\/\" \/>\n<meta property=\"article:modified_time\" content=\"2026-04-14T13:00:30+00:00\" \/>\n<meta property=\"og:image\" content=\"https:\/\/ollerpintures.com\/wp-content\/uploads\/2020\/12\/rodillo-antigota-interior-comprar-online-oller-pintura.png\" \/>\n\t<meta property=\"og:image:width\" content=\"1080\" \/>\n\t<meta property=\"og:image:height\" content=\"1080\" \/>\n\t<meta property=\"og:image:type\" content=\"image\/png\" \/>\n<meta name=\"twitter:card\" content=\"summary_large_image\" \/>\n<meta name=\"twitter:label1\" content=\"Temps estimat de lectura\" \/>\n\t<meta name=\"twitter:data1\" content=\"1 minut\" \/>\n<script type=\"application\/ld+json\" class=\"yoast-schema-graph\">{\"@context\":\"https:\/\/schema.org\",\"@graph\":[{\"@type\":\"WebPage\",\"@id\":\"https:\/\/ollerpintures.com\/ca\/producte\/corro-antigota-per-paret-interior-llis-22cm\/\",\"url\":\"https:\/\/ollerpintures.com\/ca\/producte\/corro-antigota-per-paret-interior-llis-22cm\/\",\"name\":\"Corr\u00f3 antigota per interior llis 22cm - Oller Pinturas y Revestimientos\",\"isPartOf\":{\"@id\":\"https:\/\/ollerpintures.com\/ca\/#website\"},\"primaryImageOfPage\":{\"@id\":\"https:\/\/ollerpintures.com\/ca\/producte\/corro-antigota-per-paret-interior-llis-22cm\/#primaryimage\"},\"image\":{\"@id\":\"https:\/\/ollerpintures.com\/ca\/producte\/corro-antigota-per-paret-interior-llis-22cm\/#primaryimage\"},\"thumbnailUrl\":\"https:\/\/ollerpintures.com\/wp-content\/uploads\/2020\/12\/rodillo-antigota-interior-comprar-online-oller-pintura.png\",\"datePublished\":\"2020-12-23T22:09:12+00:00\",\"dateModified\":\"2026-04-14T13:00:30+00:00\",\"description\":\"Aquest \u00e9s el corr\u00f3 m\u00e9s venut per pintar parets i sostres interiors amb superf\u00edcies llises. Est\u00e0 fet amb fil de poliamida (no \u00e9s acr\u00edlic ni sint\u00e8tic) i\",\"breadcrumb\":{\"@id\":\"https:\/\/ollerpintures.com\/ca\/producte\/corro-antigota-per-paret-interior-llis-22cm\/#breadcrumb\"},\"inLanguage\":\"ca\",\"potentialAction\":[{\"@type\":\"ReadAction\",\"target\":[\"https:\/\/ollerpintures.com\/ca\/producte\/corro-antigota-per-paret-interior-llis-22cm\/\"]}]},{\"@type\":\"ImageObject\",\"inLanguage\":\"ca\",\"@id\":\"https:\/\/ollerpintures.com\/ca\/producte\/corro-antigota-per-paret-interior-llis-22cm\/#primaryimage\",\"url\":\"https:\/\/ollerpintures.com\/wp-content\/uploads\/2020\/12\/rodillo-antigota-interior-comprar-online-oller-pintura.png\",\"contentUrl\":\"https:\/\/ollerpintures.com\/wp-content\/uploads\/2020\/12\/rodillo-antigota-interior-comprar-online-oller-pintura.png\",\"width\":1080,\"height\":1080,\"caption\":\"Corr\u00f3 Antigota\"},{\"@type\":\"BreadcrumbList\",\"@id\":\"https:\/\/ollerpintures.com\/ca\/producte\/corro-antigota-per-paret-interior-llis-22cm\/#breadcrumb\",\"itemListElement\":[{\"@type\":\"ListItem\",\"position\":1,\"name\":\"Inici\",\"item\":\"https:\/\/ollerpintures.com\/ca\/\"},{\"@type\":\"ListItem\",\"position\":2,\"name\":\"Botiga\",\"item\":\"https:\/\/ollerpintures.com\/ca\/botiga\/\"},{\"@type\":\"ListItem\",\"position\":3,\"name\":\"Corr\u00f3 antigota per interior llis 22cm\"}]},{\"@type\":\"WebSite\",\"@id\":\"https:\/\/ollerpintures.com\/ca\/#website\",\"url\":\"https:\/\/ollerpintures.com\/ca\/\",\"name\":\"Oller Pinturas y Revestimientos\",\"description\":\"Pinturas y revestimientos para profesionales, industrias, obras p\u00fablicas, bricolaje. Pinturas de calidad profesional i mucho m\u00e1s.\",\"publisher\":{\"@id\":\"https:\/\/ollerpintures.com\/ca\/#organization\"},\"alternateName\":\"Oller Grup\",\"potentialAction\":[{\"@type\":\"SearchAction\",\"target\":{\"@type\":\"EntryPoint\",\"urlTemplate\":\"https:\/\/ollerpintures.com\/ca\/?s={search_term_string}\"},\"query-input\":{\"@type\":\"PropertyValueSpecification\",\"valueRequired\":true,\"valueName\":\"search_term_string\"}}],\"inLanguage\":\"ca\"},{\"@type\":\"Organization\",\"@id\":\"https:\/\/ollerpintures.com\/ca\/#organization\",\"name\":\"Oller Pintures i Revestiments\",\"alternateName\":\"Oller Grup\",\"url\":\"https:\/\/ollerpintures.com\/ca\/\",\"logo\":{\"@type\":\"ImageObject\",\"inLanguage\":\"ca\",\"@id\":\"https:\/\/ollerpintures.com\/ca\/#\/schema\/logo\/image\/\",\"url\":\"https:\/\/ollerpintures.com\/wp-content\/uploads\/2024\/05\/newLogo.png\",\"contentUrl\":\"https:\/\/ollerpintures.com\/wp-content\/uploads\/2024\/05\/newLogo.png\",\"width\":483,\"height\":244,\"caption\":\"Oller Pintures i Revestiments\"},\"image\":{\"@id\":\"https:\/\/ollerpintures.com\/ca\/#\/schema\/logo\/image\/\"},\"sameAs\":[\"https:\/\/www.facebook.com\/people\/Oller-Pintures\/100063652056709\/\",\"https:\/\/www.instagram.com\/ollerpintures\/\",\"https:\/\/descriptor.es\/organization\/oller-grup\/\"]}]}<\/script>\n<!-- \/ Yoast SEO plugin. -->","yoast_head_json":{"title":"Corr\u00f3 antigota per interior llis 22cm - Oller Pinturas y Revestimientos","description":"Aquest \u00e9s el corr\u00f3 m\u00e9s venut per pintar parets i sostres interiors amb superf\u00edcies llises. Est\u00e0 fet amb fil de poliamida (no \u00e9s acr\u00edlic ni sint\u00e8tic) i","robots":{"index":"index","follow":"follow","max-snippet":"max-snippet:-1","max-image-preview":"max-image-preview:large","max-video-preview":"max-video-preview:-1"},"canonical":"https:\/\/ollerpintures.com\/ca\/producte\/corro-antigota-per-paret-interior-llis-22cm\/","og_locale":"ca_ES","og_type":"article","og_title":"Corr\u00f3 antigota per interior llis 22cm - Oller Pinturas y Revestimientos","og_description":"Aquest \u00e9s el corr\u00f3 m\u00e9s venut per pintar parets i sostres interiors amb superf\u00edcies llises. Est\u00e0 fet amb fil de poliamida (no \u00e9s acr\u00edlic ni sint\u00e8tic) i","og_url":"https:\/\/ollerpintures.com\/ca\/producte\/corro-antigota-per-paret-interior-llis-22cm\/","og_site_name":"Oller Pinturas y Revestimientos","article_publisher":"https:\/\/www.facebook.com\/people\/Oller-Pintures\/100063652056709\/","article_modified_time":"2026-04-14T13:00:30+00:00","og_image":[{"width":1080,"height":1080,"url":"https:\/\/ollerpintures.com\/wp-content\/uploads\/2020\/12\/rodillo-antigota-interior-comprar-online-oller-pintura.png","type":"image\/png"}],"twitter_card":"summary_large_image","twitter_misc":{"Temps estimat de lectura":"1 minut"},"schema":{"@context":"https:\/\/schema.org","@graph":[{"@type":"WebPage","@id":"https:\/\/ollerpintures.com\/ca\/producte\/corro-antigota-per-paret-interior-llis-22cm\/","url":"https:\/\/ollerpintures.com\/ca\/producte\/corro-antigota-per-paret-interior-llis-22cm\/","name":"Corr\u00f3 antigota per interior llis 22cm - Oller Pinturas y Revestimientos","isPartOf":{"@id":"https:\/\/ollerpintures.com\/ca\/#website"},"primaryImageOfPage":{"@id":"https:\/\/ollerpintures.com\/ca\/producte\/corro-antigota-per-paret-interior-llis-22cm\/#primaryimage"},"image":{"@id":"https:\/\/ollerpintures.com\/ca\/producte\/corro-antigota-per-paret-interior-llis-22cm\/#primaryimage"},"thumbnailUrl":"https:\/\/ollerpintures.com\/wp-content\/uploads\/2020\/12\/rodillo-antigota-interior-comprar-online-oller-pintura.png","datePublished":"2020-12-23T22:09:12+00:00","dateModified":"2026-04-14T13:00:30+00:00","description":"Aquest \u00e9s el corr\u00f3 m\u00e9s venut per pintar parets i sostres interiors amb superf\u00edcies llises. Est\u00e0 fet amb fil de poliamida (no \u00e9s acr\u00edlic ni sint\u00e8tic) i","breadcrumb":{"@id":"https:\/\/ollerpintures.com\/ca\/producte\/corro-antigota-per-paret-interior-llis-22cm\/#breadcrumb"},"inLanguage":"ca","potentialAction":[{"@type":"ReadAction","target":["https:\/\/ollerpintures.com\/ca\/producte\/corro-antigota-per-paret-interior-llis-22cm\/"]}]},{"@type":"ImageObject","inLanguage":"ca","@id":"https:\/\/ollerpintures.com\/ca\/producte\/corro-antigota-per-paret-interior-llis-22cm\/#primaryimage","url":"https:\/\/ollerpintures.com\/wp-content\/uploads\/2020\/12\/rodillo-antigota-interior-comprar-online-oller-pintura.png","contentUrl":"https:\/\/ollerpintures.com\/wp-content\/uploads\/2020\/12\/rodillo-antigota-interior-comprar-online-oller-pintura.png","width":1080,"height":1080,"caption":"Corr\u00f3 Antigota"},{"@type":"BreadcrumbList","@id":"https:\/\/ollerpintures.com\/ca\/producte\/corro-antigota-per-paret-interior-llis-22cm\/#breadcrumb","itemListElement":[{"@type":"ListItem","position":1,"name":"Inici","item":"https:\/\/ollerpintures.com\/ca\/"},{"@type":"ListItem","position":2,"name":"Botiga","item":"https:\/\/ollerpintures.com\/ca\/botiga\/"},{"@type":"ListItem","position":3,"name":"Corr\u00f3 antigota per interior llis 22cm"}]},{"@type":"WebSite","@id":"https:\/\/ollerpintures.com\/ca\/#website","url":"https:\/\/ollerpintures.com\/ca\/","name":"Oller Pinturas y Revestimientos","description":"Pinturas y revestimientos para profesionales, industrias, obras p\u00fablicas, bricolaje. Pinturas de calidad profesional i mucho m\u00e1s.","publisher":{"@id":"https:\/\/ollerpintures.com\/ca\/#organization"},"alternateName":"Oller Grup","potentialAction":[{"@type":"SearchAction","target":{"@type":"EntryPoint","urlTemplate":"https:\/\/ollerpintures.com\/ca\/?s={search_term_string}"},"query-input":{"@type":"PropertyValueSpecification","valueRequired":true,"valueName":"search_term_string"}}],"inLanguage":"ca"},{"@type":"Organization","@id":"https:\/\/ollerpintures.com\/ca\/#organization","name":"Oller Pintures i Revestiments","alternateName":"Oller Grup","url":"https:\/\/ollerpintures.com\/ca\/","logo":{"@type":"ImageObject","inLanguage":"ca","@id":"https:\/\/ollerpintures.com\/ca\/#\/schema\/logo\/image\/","url":"https:\/\/ollerpintures.com\/wp-content\/uploads\/2024\/05\/newLogo.png","contentUrl":"https:\/\/ollerpintures.com\/wp-content\/uploads\/2024\/05\/newLogo.png","width":483,"height":244,"caption":"Oller Pintures i Revestiments"},"image":{"@id":"https:\/\/ollerpintures.com\/ca\/#\/schema\/logo\/image\/"},"sameAs":["https:\/\/www.facebook.com\/people\/Oller-Pintures\/100063652056709\/","https:\/\/www.instagram.com\/ollerpintures\/","https:\/\/descriptor.es\/organization\/oller-grup\/"]}]}},"brands":[],"_links":{"self":[{"href":"https:\/\/ollerpintures.com\/ca\/wp-json\/wp\/v2\/product\/5555","targetHints":{"allow":["GET"]}}],"collection":[{"href":"https:\/\/ollerpintures.com\/ca\/wp-json\/wp\/v2\/product"}],"about":[{"href":"https:\/\/ollerpintures.com\/ca\/wp-json\/wp\/v2\/types\/product"}],"wp:featuredmedia":[{"embeddable":true,"href":"https:\/\/ollerpintures.com\/ca\/wp-json\/wp\/v2\/media\/8019"}],"wp:attachment":[{"href":"https:\/\/ollerpintures.com\/ca\/wp-json\/wp\/v2\/media?parent=5555"}],"wp:term":[{"taxonomy":"pwb-brand","embeddable":true,"href":"https:\/\/ollerpintures.com\/ca\/wp-json\/wp\/v2\/pwb-brand?post=5555"},{"taxonomy":"product_brand","embeddable":true,"href":"https:\/\/ollerpintures.com\/ca\/wp-json\/wp\/v2\/product_brand?post=5555"},{"taxonomy":"product_cat","embeddable":true,"href":"https:\/\/ollerpintures.com\/ca\/wp-json\/wp\/v2\/product_cat?post=5555"},{"taxonomy":"product_tag","embeddable":true,"href":"https:\/\/ollerpintures.com\/ca\/wp-json\/wp\/v2\/product_tag?post=5555"}],"curies":[{"name":"wp","href":"https:\/\/api.w.org\/{rel}","templated":true}]}}