{"id":5539,"date":"2020-12-23T23:03:41","date_gmt":"2020-12-23T22:03:41","guid":{"rendered":"https:\/\/oller-pintures.c.wetopi.com\/?post_type=product&#038;p=5539"},"modified":"2026-04-14T02:00:41","modified_gmt":"2026-04-14T01:00:41","slug":"revestiment-per-facanes-renovatherm-colores-procolor-15l","status":"publish","type":"product","link":"https:\/\/ollerpintures.com\/ca\/producte\/revestiment-per-facanes-renovatherm-colores-procolor-15l\/","title":{"rendered":"Pintura Revestiment per fa\u00e7anes Renovatherm Procolor 15L &#8211; OUTLET"},"content":{"rendered":"<p>El Renovatherm 15L de Procolor \u00e9s un producte <strong>Premium<\/strong> <strong>per fa\u00e7anes<\/strong>, ja que ofereix la millor soluci\u00f3 i condicions. \u00c9s sens dubte <strong>la millor pintura acr\u00edlica per fa\u00e7anes que hem provat mai<\/strong> i, a m\u00e9s, gr\u00e0cies a la seva capacitat per <strong>reduir la temperatura<\/strong> de la superf\u00edcie, <strong>notar\u00e0s millores en l&#8217;estalvi energ\u00e8tic!<\/strong><\/p>\n<h4>Caracter\u00edstiques<\/h4>\n<ul>\n<li>M\u00e0xima durabilitat: 12 anys<\/li>\n<li>Anticarbonataci\u00f3 C1<\/li>\n<li>Marcat CE<\/li>\n<li>Redueix fins a un 20% la temperatura de la superf\u00edcie &#8211; gran estalvi energ\u00e8tic<\/li>\n<li>Impermeable W3<\/li>\n<li>Transpirable V2<\/li>\n<li>Pintura el\u00e0stica<\/li>\n<\/ul>\n<p><strong>Aprofita l&#8217;Outlet d&#8217;Oller<\/strong> per tenir-lo a un preu \u00fanic al mercat abans que s&#8217;acabi l&#8217;stock!<\/p>\n","protected":false},"excerpt":{"rendered":"<p>El Renovatherm 15L de Procolor \u00e9s un producte Premium per fa\u00e7anes, ja que ofereix la millor soluci\u00f3 i condicions. \u00c9s sens dubte la millor pintura &#8230; <\/p>\n<p class=\"read-more-container\"><a title=\"Pintura Revestiment per fa\u00e7anes Renovatherm Procolor 15L &#8211; OUTLET\" class=\"read-more button\" href=\"https:\/\/ollerpintures.com\/ca\/producte\/revestiment-per-facanes-renovatherm-colores-procolor-15l\/#more-5539\" aria-label=\"M\u00e9s informaci\u00f3 sobre Pintura Revestiment per fa\u00e7anes Renovatherm Procolor 15L &#8211; OUTLET\">Seguir llegint<\/a><\/p>\n","protected":false},"featured_media":8176,"template":"","meta":{"_acf_changed":false},"pwb-brand":[61],"product_brand":[],"product_cat":[24,70,78,76],"product_tag":[63,79,86,66,82,585],"class_list":{"0":"post-5539","1":"product","2":"type-product","3":"status-publish","4":"has-post-thumbnail","6":"pwb-brand-procolor","7":"product_cat-pintura","8":"product_cat-pinturaexterior","9":"product_cat-facanes","10":"product_cat-ofertes","11":"product_tag-exterior","12":"product_tag-facana","13":"product_tag-outlet","14":"product_tag-pintura","15":"product_tag-procolor","16":"product_tag-professional-quality","17":"no-featured-image-padding","18":"resize-featured-image","19":"sales-flash-overlay","20":"woocommerce-text-align-left","21":"woocommerce-image-align-center","22":"do-quantity-buttons","24":"first","25":"outofstock","26":"shipping-taxable","27":"purchasable","28":"product-type-variable"},"acf":[],"yoast_head":"<!-- This site is optimized with the Yoast SEO plugin v27.1.1 - https:\/\/yoast.com\/product\/yoast-seo-wordpress\/ -->\n<title>Pintura Revestiment per fa\u00e7anes Renovatherm Procolor 15L - OUTLET - Oller Pinturas y Revestimientos<\/title>\n<meta name=\"description\" content=\"El Renovatherm 15L de Procolor \u00e9s un producte Premium per fa\u00e7anes, ja que ofereix la millor soluci\u00f3 i condicions. \u00c9s sens dubte la millor pintura acr\u00edlica\" \/>\n<meta name=\"robots\" content=\"index, follow, max-snippet:-1, max-image-preview:large, max-video-preview:-1\" \/>\n<link rel=\"canonical\" href=\"https:\/\/ollerpintures.com\/ca\/producte\/revestiment-per-facanes-renovatherm-colores-procolor-15l\/\" \/>\n<meta property=\"og:locale\" content=\"ca_ES\" \/>\n<meta property=\"og:type\" content=\"article\" \/>\n<meta property=\"og:title\" content=\"Pintura Revestiment per fa\u00e7anes Renovatherm Procolor 15L - OUTLET - Oller Pinturas y Revestimientos\" \/>\n<meta property=\"og:description\" content=\"El Renovatherm 15L de Procolor \u00e9s un producte Premium per fa\u00e7anes, ja que ofereix la millor soluci\u00f3 i condicions. \u00c9s sens dubte la millor pintura acr\u00edlica\" \/>\n<meta property=\"og:url\" content=\"https:\/\/ollerpintures.com\/ca\/producte\/revestiment-per-facanes-renovatherm-colores-procolor-15l\/\" \/>\n<meta property=\"og:site_name\" content=\"Oller Pinturas y Revestimientos\" \/>\n<meta property=\"article:publisher\" content=\"https:\/\/www.facebook.com\/people\/Oller-Pintures\/100063652056709\/\" \/>\n<meta property=\"article:modified_time\" content=\"2026-04-14T01:00:41+00:00\" \/>\n<meta property=\"og:image\" content=\"https:\/\/ollerpintures.com\/wp-content\/uploads\/2020\/12\/renovatherm-comprar-online-oller.png\" \/>\n\t<meta property=\"og:image:width\" content=\"1080\" \/>\n\t<meta property=\"og:image:height\" content=\"1080\" \/>\n\t<meta property=\"og:image:type\" content=\"image\/png\" \/>\n<meta name=\"twitter:card\" content=\"summary_large_image\" \/>\n<meta name=\"twitter:label1\" content=\"Temps estimat de lectura\" \/>\n\t<meta name=\"twitter:data1\" content=\"1 minut\" \/>\n<script type=\"application\/ld+json\" class=\"yoast-schema-graph\">{\"@context\":\"https:\/\/schema.org\",\"@graph\":[{\"@type\":\"WebPage\",\"@id\":\"https:\/\/ollerpintures.com\/ca\/producte\/revestiment-per-facanes-renovatherm-colores-procolor-15l\/\",\"url\":\"https:\/\/ollerpintures.com\/ca\/producte\/revestiment-per-facanes-renovatherm-colores-procolor-15l\/\",\"name\":\"Pintura Revestiment per fa\u00e7anes Renovatherm Procolor 15L - OUTLET - Oller Pinturas y Revestimientos\",\"isPartOf\":{\"@id\":\"https:\/\/ollerpintures.com\/ca\/#website\"},\"primaryImageOfPage\":{\"@id\":\"https:\/\/ollerpintures.com\/ca\/producte\/revestiment-per-facanes-renovatherm-colores-procolor-15l\/#primaryimage\"},\"image\":{\"@id\":\"https:\/\/ollerpintures.com\/ca\/producte\/revestiment-per-facanes-renovatherm-colores-procolor-15l\/#primaryimage\"},\"thumbnailUrl\":\"https:\/\/ollerpintures.com\/wp-content\/uploads\/2020\/12\/renovatherm-comprar-online-oller.png\",\"datePublished\":\"2020-12-23T22:03:41+00:00\",\"dateModified\":\"2026-04-14T01:00:41+00:00\",\"description\":\"El Renovatherm 15L de Procolor \u00e9s un producte Premium per fa\u00e7anes, ja que ofereix la millor soluci\u00f3 i condicions. \u00c9s sens dubte la millor pintura acr\u00edlica\",\"breadcrumb\":{\"@id\":\"https:\/\/ollerpintures.com\/ca\/producte\/revestiment-per-facanes-renovatherm-colores-procolor-15l\/#breadcrumb\"},\"inLanguage\":\"ca\",\"potentialAction\":[{\"@type\":\"ReadAction\",\"target\":[\"https:\/\/ollerpintures.com\/ca\/producte\/revestiment-per-facanes-renovatherm-colores-procolor-15l\/\"]}]},{\"@type\":\"ImageObject\",\"inLanguage\":\"ca\",\"@id\":\"https:\/\/ollerpintures.com\/ca\/producte\/revestiment-per-facanes-renovatherm-colores-procolor-15l\/#primaryimage\",\"url\":\"https:\/\/ollerpintures.com\/wp-content\/uploads\/2020\/12\/renovatherm-comprar-online-oller.png\",\"contentUrl\":\"https:\/\/ollerpintures.com\/wp-content\/uploads\/2020\/12\/renovatherm-comprar-online-oller.png\",\"width\":1080,\"height\":1080,\"caption\":\"Renovatherm\"},{\"@type\":\"BreadcrumbList\",\"@id\":\"https:\/\/ollerpintures.com\/ca\/producte\/revestiment-per-facanes-renovatherm-colores-procolor-15l\/#breadcrumb\",\"itemListElement\":[{\"@type\":\"ListItem\",\"position\":1,\"name\":\"Inici\",\"item\":\"https:\/\/ollerpintures.com\/ca\/\"},{\"@type\":\"ListItem\",\"position\":2,\"name\":\"Botiga\",\"item\":\"https:\/\/ollerpintures.com\/ca\/botiga\/\"},{\"@type\":\"ListItem\",\"position\":3,\"name\":\"Pintura Revestiment per fa\u00e7anes Renovatherm Procolor 15L &#8211; OUTLET\"}]},{\"@type\":\"WebSite\",\"@id\":\"https:\/\/ollerpintures.com\/ca\/#website\",\"url\":\"https:\/\/ollerpintures.com\/ca\/\",\"name\":\"Oller Pinturas y Revestimientos\",\"description\":\"Pinturas y revestimientos para profesionales, industrias, obras p\u00fablicas, bricolaje. Pinturas de calidad profesional i mucho m\u00e1s.\",\"publisher\":{\"@id\":\"https:\/\/ollerpintures.com\/ca\/#organization\"},\"alternateName\":\"Oller Grup\",\"potentialAction\":[{\"@type\":\"SearchAction\",\"target\":{\"@type\":\"EntryPoint\",\"urlTemplate\":\"https:\/\/ollerpintures.com\/ca\/?s={search_term_string}\"},\"query-input\":{\"@type\":\"PropertyValueSpecification\",\"valueRequired\":true,\"valueName\":\"search_term_string\"}}],\"inLanguage\":\"ca\"},{\"@type\":\"Organization\",\"@id\":\"https:\/\/ollerpintures.com\/ca\/#organization\",\"name\":\"Oller Pintures i Revestiments\",\"alternateName\":\"Oller Grup\",\"url\":\"https:\/\/ollerpintures.com\/ca\/\",\"logo\":{\"@type\":\"ImageObject\",\"inLanguage\":\"ca\",\"@id\":\"https:\/\/ollerpintures.com\/ca\/#\/schema\/logo\/image\/\",\"url\":\"https:\/\/ollerpintures.com\/wp-content\/uploads\/2024\/05\/newLogo.png\",\"contentUrl\":\"https:\/\/ollerpintures.com\/wp-content\/uploads\/2024\/05\/newLogo.png\",\"width\":483,\"height\":244,\"caption\":\"Oller Pintures i Revestiments\"},\"image\":{\"@id\":\"https:\/\/ollerpintures.com\/ca\/#\/schema\/logo\/image\/\"},\"sameAs\":[\"https:\/\/www.facebook.com\/people\/Oller-Pintures\/100063652056709\/\",\"https:\/\/www.instagram.com\/ollerpintures\/\",\"https:\/\/descriptor.es\/organization\/oller-grup\/\"]}]}<\/script>\n<!-- \/ Yoast SEO plugin. -->","yoast_head_json":{"title":"Pintura Revestiment per fa\u00e7anes Renovatherm Procolor 15L - OUTLET - Oller Pinturas y Revestimientos","description":"El Renovatherm 15L de Procolor \u00e9s un producte Premium per fa\u00e7anes, ja que ofereix la millor soluci\u00f3 i condicions. \u00c9s sens dubte la millor pintura acr\u00edlica","robots":{"index":"index","follow":"follow","max-snippet":"max-snippet:-1","max-image-preview":"max-image-preview:large","max-video-preview":"max-video-preview:-1"},"canonical":"https:\/\/ollerpintures.com\/ca\/producte\/revestiment-per-facanes-renovatherm-colores-procolor-15l\/","og_locale":"ca_ES","og_type":"article","og_title":"Pintura Revestiment per fa\u00e7anes Renovatherm Procolor 15L - OUTLET - Oller Pinturas y Revestimientos","og_description":"El Renovatherm 15L de Procolor \u00e9s un producte Premium per fa\u00e7anes, ja que ofereix la millor soluci\u00f3 i condicions. \u00c9s sens dubte la millor pintura acr\u00edlica","og_url":"https:\/\/ollerpintures.com\/ca\/producte\/revestiment-per-facanes-renovatherm-colores-procolor-15l\/","og_site_name":"Oller Pinturas y Revestimientos","article_publisher":"https:\/\/www.facebook.com\/people\/Oller-Pintures\/100063652056709\/","article_modified_time":"2026-04-14T01:00:41+00:00","og_image":[{"width":1080,"height":1080,"url":"https:\/\/ollerpintures.com\/wp-content\/uploads\/2020\/12\/renovatherm-comprar-online-oller.png","type":"image\/png"}],"twitter_card":"summary_large_image","twitter_misc":{"Temps estimat de lectura":"1 minut"},"schema":{"@context":"https:\/\/schema.org","@graph":[{"@type":"WebPage","@id":"https:\/\/ollerpintures.com\/ca\/producte\/revestiment-per-facanes-renovatherm-colores-procolor-15l\/","url":"https:\/\/ollerpintures.com\/ca\/producte\/revestiment-per-facanes-renovatherm-colores-procolor-15l\/","name":"Pintura Revestiment per fa\u00e7anes Renovatherm Procolor 15L - OUTLET - Oller Pinturas y Revestimientos","isPartOf":{"@id":"https:\/\/ollerpintures.com\/ca\/#website"},"primaryImageOfPage":{"@id":"https:\/\/ollerpintures.com\/ca\/producte\/revestiment-per-facanes-renovatherm-colores-procolor-15l\/#primaryimage"},"image":{"@id":"https:\/\/ollerpintures.com\/ca\/producte\/revestiment-per-facanes-renovatherm-colores-procolor-15l\/#primaryimage"},"thumbnailUrl":"https:\/\/ollerpintures.com\/wp-content\/uploads\/2020\/12\/renovatherm-comprar-online-oller.png","datePublished":"2020-12-23T22:03:41+00:00","dateModified":"2026-04-14T01:00:41+00:00","description":"El Renovatherm 15L de Procolor \u00e9s un producte Premium per fa\u00e7anes, ja que ofereix la millor soluci\u00f3 i condicions. \u00c9s sens dubte la millor pintura acr\u00edlica","breadcrumb":{"@id":"https:\/\/ollerpintures.com\/ca\/producte\/revestiment-per-facanes-renovatherm-colores-procolor-15l\/#breadcrumb"},"inLanguage":"ca","potentialAction":[{"@type":"ReadAction","target":["https:\/\/ollerpintures.com\/ca\/producte\/revestiment-per-facanes-renovatherm-colores-procolor-15l\/"]}]},{"@type":"ImageObject","inLanguage":"ca","@id":"https:\/\/ollerpintures.com\/ca\/producte\/revestiment-per-facanes-renovatherm-colores-procolor-15l\/#primaryimage","url":"https:\/\/ollerpintures.com\/wp-content\/uploads\/2020\/12\/renovatherm-comprar-online-oller.png","contentUrl":"https:\/\/ollerpintures.com\/wp-content\/uploads\/2020\/12\/renovatherm-comprar-online-oller.png","width":1080,"height":1080,"caption":"Renovatherm"},{"@type":"BreadcrumbList","@id":"https:\/\/ollerpintures.com\/ca\/producte\/revestiment-per-facanes-renovatherm-colores-procolor-15l\/#breadcrumb","itemListElement":[{"@type":"ListItem","position":1,"name":"Inici","item":"https:\/\/ollerpintures.com\/ca\/"},{"@type":"ListItem","position":2,"name":"Botiga","item":"https:\/\/ollerpintures.com\/ca\/botiga\/"},{"@type":"ListItem","position":3,"name":"Pintura Revestiment per fa\u00e7anes Renovatherm Procolor 15L &#8211; OUTLET"}]},{"@type":"WebSite","@id":"https:\/\/ollerpintures.com\/ca\/#website","url":"https:\/\/ollerpintures.com\/ca\/","name":"Oller Pinturas y Revestimientos","description":"Pinturas y revestimientos para profesionales, industrias, obras p\u00fablicas, bricolaje. Pinturas de calidad profesional i mucho m\u00e1s.","publisher":{"@id":"https:\/\/ollerpintures.com\/ca\/#organization"},"alternateName":"Oller Grup","potentialAction":[{"@type":"SearchAction","target":{"@type":"EntryPoint","urlTemplate":"https:\/\/ollerpintures.com\/ca\/?s={search_term_string}"},"query-input":{"@type":"PropertyValueSpecification","valueRequired":true,"valueName":"search_term_string"}}],"inLanguage":"ca"},{"@type":"Organization","@id":"https:\/\/ollerpintures.com\/ca\/#organization","name":"Oller Pintures i Revestiments","alternateName":"Oller Grup","url":"https:\/\/ollerpintures.com\/ca\/","logo":{"@type":"ImageObject","inLanguage":"ca","@id":"https:\/\/ollerpintures.com\/ca\/#\/schema\/logo\/image\/","url":"https:\/\/ollerpintures.com\/wp-content\/uploads\/2024\/05\/newLogo.png","contentUrl":"https:\/\/ollerpintures.com\/wp-content\/uploads\/2024\/05\/newLogo.png","width":483,"height":244,"caption":"Oller Pintures i Revestiments"},"image":{"@id":"https:\/\/ollerpintures.com\/ca\/#\/schema\/logo\/image\/"},"sameAs":["https:\/\/www.facebook.com\/people\/Oller-Pintures\/100063652056709\/","https:\/\/www.instagram.com\/ollerpintures\/","https:\/\/descriptor.es\/organization\/oller-grup\/"]}]}},"brands":[{"id":61,"name":"Procolor","slug":"procolor"}],"_links":{"self":[{"href":"https:\/\/ollerpintures.com\/ca\/wp-json\/wp\/v2\/product\/5539","targetHints":{"allow":["GET"]}}],"collection":[{"href":"https:\/\/ollerpintures.com\/ca\/wp-json\/wp\/v2\/product"}],"about":[{"href":"https:\/\/ollerpintures.com\/ca\/wp-json\/wp\/v2\/types\/product"}],"wp:featuredmedia":[{"embeddable":true,"href":"https:\/\/ollerpintures.com\/ca\/wp-json\/wp\/v2\/media\/8176"}],"wp:attachment":[{"href":"https:\/\/ollerpintures.com\/ca\/wp-json\/wp\/v2\/media?parent=5539"}],"wp:term":[{"taxonomy":"pwb-brand","embeddable":true,"href":"https:\/\/ollerpintures.com\/ca\/wp-json\/wp\/v2\/pwb-brand?post=5539"},{"taxonomy":"product_brand","embeddable":true,"href":"https:\/\/ollerpintures.com\/ca\/wp-json\/wp\/v2\/product_brand?post=5539"},{"taxonomy":"product_cat","embeddable":true,"href":"https:\/\/ollerpintures.com\/ca\/wp-json\/wp\/v2\/product_cat?post=5539"},{"taxonomy":"product_tag","embeddable":true,"href":"https:\/\/ollerpintures.com\/ca\/wp-json\/wp\/v2\/product_tag?post=5539"}],"curies":[{"name":"wp","href":"https:\/\/api.w.org\/{rel}","templated":true}]}}