{"id":28875,"date":"2025-03-04T10:01:38","date_gmt":"2025-03-04T09:01:38","guid":{"rendered":"https:\/\/oller-pintures.c.wetopi.com\/?post_type=product&#038;p=28875"},"modified":"2026-04-14T14:00:12","modified_gmt":"2026-04-14T13:00:12","slug":"blatem-plastic-mat-interior-verd-chroma-4l","status":"publish","type":"product","link":"https:\/\/ollerpintures.com\/ca\/producte\/blatem-plastic-mat-interior-verd-chroma-4l\/","title":{"rendered":"Blatem pl\u00e0stic mat interior verd chroma 4l"},"content":{"rendered":"<p><strong>Blatem pl\u00e0stic mat interior Verd Chroma 4l<\/strong>: espec\u00edfic principalment en la producci\u00f3 de v\u00eddeo i fotografia per permetre la substituci\u00f3 del fons per cinema i tv. Alta qualitat.<\/p>\n<p>Pintura pl\u00e0stica mat verd Chroma tamb\u00e9 conegut com a &#8220;green screen,&#8221; s&#8217;utilitza principalment en la producci\u00f3 de v\u00eddeo i fotografia per permetre la substituci\u00f3 del fons. Aix\u00f2 es fa mitjan\u00e7ant una t\u00e8cnica anomenada &#8220;chroma key,&#8221; on el color verd (o blau) es fa transparent digitalment, permetent que un altre v\u00eddeo o imatge es posi en el seu lloc.<\/p>\n<div>Aquesta t\u00e8cnica \u00e9s molt popular en la ind\u00fastria del cinema, la televisi\u00f3 i fins i tot en la creaci\u00f3 de contingut per a xarxes socials. Per exemple, es pot utilitzar per crear efectes especials, com fer que una persona sembli que est\u00e0 en un lloc ex\u00f2tic sense haver de viatjar-hi realment.<\/div>\n<p>&nbsp;<\/p>\n<div><\/div>\n","protected":false},"excerpt":{"rendered":"<p>Blatem pl\u00e0stic mat interior Verd Chroma 4l: espec\u00edfic principalment en la producci\u00f3 de v\u00eddeo i fotografia per permetre la substituci\u00f3 del fons per cinema i &#8230; <\/p>\n<p class=\"read-more-container\"><a title=\"Blatem pl\u00e0stic mat interior verd chroma 4l\" class=\"read-more button\" href=\"https:\/\/ollerpintures.com\/ca\/producte\/blatem-plastic-mat-interior-verd-chroma-4l\/#more-28875\" aria-label=\"M\u00e9s informaci\u00f3 sobre Blatem pl\u00e0stic mat interior verd chroma 4l\">Seguir llegint<\/a><\/p>\n","protected":false},"featured_media":28881,"template":"","meta":{"_acf_changed":false},"pwb-brand":[60],"product_brand":[],"product_cat":[2133,24,796],"product_tag":[2131,62,2132],"class_list":{"0":"post-28875","1":"product","2":"type-product","3":"status-publish","4":"has-post-thumbnail","6":"pwb-brand-blatem","7":"product_cat-pintura-verd-chroma-green-screen","8":"product_cat-pintura","9":"product_cat-pintures-especials","10":"product_tag-green-screen","11":"product_tag-interior","12":"product_tag-produccio-de-video-i-fotografia","13":"no-featured-image-padding","14":"resize-featured-image","15":"sales-flash-overlay","16":"woocommerce-text-align-left","17":"woocommerce-image-align-center","18":"do-quantity-buttons","20":"first","21":"instock","22":"shipping-taxable","23":"purchasable","24":"product-type-simple"},"acf":[],"yoast_head":"<!-- This site is optimized with the Yoast SEO plugin v27.1.1 - https:\/\/yoast.com\/product\/yoast-seo-wordpress\/ -->\n<title>Blatem pl\u00e0stic mat interior verd chroma 4l - Oller Pinturas y Revestimientos<\/title>\n<meta name=\"description\" content=\"Pintura pl\u00e0stica mat sense olor per a interiors, per reduir les subst\u00e0ncies nocives de l&#039;ambient, amb la darrera tecnologia en pintures per fotocat\u00e0lisi.\" \/>\n<meta name=\"robots\" content=\"index, follow, max-snippet:-1, max-image-preview:large, max-video-preview:-1\" \/>\n<link rel=\"canonical\" href=\"https:\/\/ollerpintures.com\/ca\/producte\/blatem-plastic-mat-interior-verd-chroma-4l\/\" \/>\n<meta property=\"og:locale\" content=\"ca_ES\" \/>\n<meta property=\"og:type\" content=\"article\" \/>\n<meta property=\"og:title\" content=\"Blatem pl\u00e0stic mat interior verd chroma 4l - Oller Pinturas y Revestimientos\" \/>\n<meta property=\"og:description\" content=\"Pintura pl\u00e0stica mat sense olor per a interiors, per reduir les subst\u00e0ncies nocives de l&#039;ambient, amb la darrera tecnologia en pintures per fotocat\u00e0lisi.\" \/>\n<meta property=\"og:url\" content=\"https:\/\/ollerpintures.com\/ca\/producte\/blatem-plastic-mat-interior-verd-chroma-4l\/\" \/>\n<meta property=\"og:site_name\" content=\"Oller Pinturas y Revestimientos\" \/>\n<meta property=\"article:publisher\" content=\"https:\/\/www.facebook.com\/people\/Oller-Pintures\/100063652056709\/\" \/>\n<meta property=\"article:modified_time\" content=\"2026-04-14T13:00:12+00:00\" \/>\n<meta property=\"og:image\" content=\"https:\/\/ollerpintures.com\/wp-content\/uploads\/2025\/03\/Productes-WEB-E-Commerce-Oller-9.jpg\" \/>\n\t<meta property=\"og:image:width\" content=\"1080\" \/>\n\t<meta property=\"og:image:height\" content=\"1080\" \/>\n\t<meta property=\"og:image:type\" content=\"image\/jpeg\" \/>\n<meta name=\"twitter:card\" content=\"summary_large_image\" \/>\n<meta name=\"twitter:label1\" content=\"Temps estimat de lectura\" \/>\n\t<meta name=\"twitter:data1\" content=\"1 minut\" \/>\n<script type=\"application\/ld+json\" class=\"yoast-schema-graph\">{\"@context\":\"https:\/\/schema.org\",\"@graph\":[{\"@type\":\"WebPage\",\"@id\":\"https:\/\/ollerpintures.com\/ca\/producte\/blatem-plastic-mat-interior-verd-chroma-4l\/\",\"url\":\"https:\/\/ollerpintures.com\/ca\/producte\/blatem-plastic-mat-interior-verd-chroma-4l\/\",\"name\":\"Blatem pl\u00e0stic mat interior verd chroma 4l - Oller Pinturas y Revestimientos\",\"isPartOf\":{\"@id\":\"https:\/\/ollerpintures.com\/ca\/#website\"},\"primaryImageOfPage\":{\"@id\":\"https:\/\/ollerpintures.com\/ca\/producte\/blatem-plastic-mat-interior-verd-chroma-4l\/#primaryimage\"},\"image\":{\"@id\":\"https:\/\/ollerpintures.com\/ca\/producte\/blatem-plastic-mat-interior-verd-chroma-4l\/#primaryimage\"},\"thumbnailUrl\":\"https:\/\/ollerpintures.com\/wp-content\/uploads\/2025\/03\/Productes-WEB-E-Commerce-Oller-9.jpg\",\"datePublished\":\"2025-03-04T09:01:38+00:00\",\"dateModified\":\"2026-04-14T13:00:12+00:00\",\"description\":\"Pintura pl\u00e0stica mat sense olor per a interiors, per reduir les subst\u00e0ncies nocives de l'ambient, amb la darrera tecnologia en pintures per fotocat\u00e0lisi.\",\"breadcrumb\":{\"@id\":\"https:\/\/ollerpintures.com\/ca\/producte\/blatem-plastic-mat-interior-verd-chroma-4l\/#breadcrumb\"},\"inLanguage\":\"ca\",\"potentialAction\":[{\"@type\":\"ReadAction\",\"target\":[\"https:\/\/ollerpintures.com\/ca\/producte\/blatem-plastic-mat-interior-verd-chroma-4l\/\"]}]},{\"@type\":\"ImageObject\",\"inLanguage\":\"ca\",\"@id\":\"https:\/\/ollerpintures.com\/ca\/producte\/blatem-plastic-mat-interior-verd-chroma-4l\/#primaryimage\",\"url\":\"https:\/\/ollerpintures.com\/wp-content\/uploads\/2025\/03\/Productes-WEB-E-Commerce-Oller-9.jpg\",\"contentUrl\":\"https:\/\/ollerpintures.com\/wp-content\/uploads\/2025\/03\/Productes-WEB-E-Commerce-Oller-9.jpg\",\"width\":1080,\"height\":1080,\"caption\":\"blatem pl\u00e0stic mat interior verd chroma 4l\"},{\"@type\":\"BreadcrumbList\",\"@id\":\"https:\/\/ollerpintures.com\/ca\/producte\/blatem-plastic-mat-interior-verd-chroma-4l\/#breadcrumb\",\"itemListElement\":[{\"@type\":\"ListItem\",\"position\":1,\"name\":\"Inici\",\"item\":\"https:\/\/ollerpintures.com\/ca\/\"},{\"@type\":\"ListItem\",\"position\":2,\"name\":\"Botiga\",\"item\":\"https:\/\/ollerpintures.com\/ca\/botiga\/\"},{\"@type\":\"ListItem\",\"position\":3,\"name\":\"Blatem pl\u00e0stic mat interior verd chroma 4l\"}]},{\"@type\":\"WebSite\",\"@id\":\"https:\/\/ollerpintures.com\/ca\/#website\",\"url\":\"https:\/\/ollerpintures.com\/ca\/\",\"name\":\"Oller Pinturas y Revestimientos\",\"description\":\"Pinturas y revestimientos para profesionales, industrias, obras p\u00fablicas, bricolaje. Pinturas de calidad profesional i mucho m\u00e1s.\",\"publisher\":{\"@id\":\"https:\/\/ollerpintures.com\/ca\/#organization\"},\"alternateName\":\"Oller Grup\",\"potentialAction\":[{\"@type\":\"SearchAction\",\"target\":{\"@type\":\"EntryPoint\",\"urlTemplate\":\"https:\/\/ollerpintures.com\/ca\/?s={search_term_string}\"},\"query-input\":{\"@type\":\"PropertyValueSpecification\",\"valueRequired\":true,\"valueName\":\"search_term_string\"}}],\"inLanguage\":\"ca\"},{\"@type\":\"Organization\",\"@id\":\"https:\/\/ollerpintures.com\/ca\/#organization\",\"name\":\"Oller Pintures i Revestiments\",\"alternateName\":\"Oller Grup\",\"url\":\"https:\/\/ollerpintures.com\/ca\/\",\"logo\":{\"@type\":\"ImageObject\",\"inLanguage\":\"ca\",\"@id\":\"https:\/\/ollerpintures.com\/ca\/#\/schema\/logo\/image\/\",\"url\":\"https:\/\/ollerpintures.com\/wp-content\/uploads\/2024\/05\/newLogo.png\",\"contentUrl\":\"https:\/\/ollerpintures.com\/wp-content\/uploads\/2024\/05\/newLogo.png\",\"width\":483,\"height\":244,\"caption\":\"Oller Pintures i Revestiments\"},\"image\":{\"@id\":\"https:\/\/ollerpintures.com\/ca\/#\/schema\/logo\/image\/\"},\"sameAs\":[\"https:\/\/www.facebook.com\/people\/Oller-Pintures\/100063652056709\/\",\"https:\/\/www.instagram.com\/ollerpintures\/\",\"https:\/\/descriptor.es\/organization\/oller-grup\/\"]}]}<\/script>\n<!-- \/ Yoast SEO plugin. -->","yoast_head_json":{"title":"Blatem pl\u00e0stic mat interior verd chroma 4l - Oller Pinturas y Revestimientos","description":"Pintura pl\u00e0stica mat sense olor per a interiors, per reduir les subst\u00e0ncies nocives de l'ambient, amb la darrera tecnologia en pintures per fotocat\u00e0lisi.","robots":{"index":"index","follow":"follow","max-snippet":"max-snippet:-1","max-image-preview":"max-image-preview:large","max-video-preview":"max-video-preview:-1"},"canonical":"https:\/\/ollerpintures.com\/ca\/producte\/blatem-plastic-mat-interior-verd-chroma-4l\/","og_locale":"ca_ES","og_type":"article","og_title":"Blatem pl\u00e0stic mat interior verd chroma 4l - Oller Pinturas y Revestimientos","og_description":"Pintura pl\u00e0stica mat sense olor per a interiors, per reduir les subst\u00e0ncies nocives de l'ambient, amb la darrera tecnologia en pintures per fotocat\u00e0lisi.","og_url":"https:\/\/ollerpintures.com\/ca\/producte\/blatem-plastic-mat-interior-verd-chroma-4l\/","og_site_name":"Oller Pinturas y Revestimientos","article_publisher":"https:\/\/www.facebook.com\/people\/Oller-Pintures\/100063652056709\/","article_modified_time":"2026-04-14T13:00:12+00:00","og_image":[{"width":1080,"height":1080,"url":"https:\/\/ollerpintures.com\/wp-content\/uploads\/2025\/03\/Productes-WEB-E-Commerce-Oller-9.jpg","type":"image\/jpeg"}],"twitter_card":"summary_large_image","twitter_misc":{"Temps estimat de lectura":"1 minut"},"schema":{"@context":"https:\/\/schema.org","@graph":[{"@type":"WebPage","@id":"https:\/\/ollerpintures.com\/ca\/producte\/blatem-plastic-mat-interior-verd-chroma-4l\/","url":"https:\/\/ollerpintures.com\/ca\/producte\/blatem-plastic-mat-interior-verd-chroma-4l\/","name":"Blatem pl\u00e0stic mat interior verd chroma 4l - Oller Pinturas y Revestimientos","isPartOf":{"@id":"https:\/\/ollerpintures.com\/ca\/#website"},"primaryImageOfPage":{"@id":"https:\/\/ollerpintures.com\/ca\/producte\/blatem-plastic-mat-interior-verd-chroma-4l\/#primaryimage"},"image":{"@id":"https:\/\/ollerpintures.com\/ca\/producte\/blatem-plastic-mat-interior-verd-chroma-4l\/#primaryimage"},"thumbnailUrl":"https:\/\/ollerpintures.com\/wp-content\/uploads\/2025\/03\/Productes-WEB-E-Commerce-Oller-9.jpg","datePublished":"2025-03-04T09:01:38+00:00","dateModified":"2026-04-14T13:00:12+00:00","description":"Pintura pl\u00e0stica mat sense olor per a interiors, per reduir les subst\u00e0ncies nocives de l'ambient, amb la darrera tecnologia en pintures per fotocat\u00e0lisi.","breadcrumb":{"@id":"https:\/\/ollerpintures.com\/ca\/producte\/blatem-plastic-mat-interior-verd-chroma-4l\/#breadcrumb"},"inLanguage":"ca","potentialAction":[{"@type":"ReadAction","target":["https:\/\/ollerpintures.com\/ca\/producte\/blatem-plastic-mat-interior-verd-chroma-4l\/"]}]},{"@type":"ImageObject","inLanguage":"ca","@id":"https:\/\/ollerpintures.com\/ca\/producte\/blatem-plastic-mat-interior-verd-chroma-4l\/#primaryimage","url":"https:\/\/ollerpintures.com\/wp-content\/uploads\/2025\/03\/Productes-WEB-E-Commerce-Oller-9.jpg","contentUrl":"https:\/\/ollerpintures.com\/wp-content\/uploads\/2025\/03\/Productes-WEB-E-Commerce-Oller-9.jpg","width":1080,"height":1080,"caption":"blatem pl\u00e0stic mat interior verd chroma 4l"},{"@type":"BreadcrumbList","@id":"https:\/\/ollerpintures.com\/ca\/producte\/blatem-plastic-mat-interior-verd-chroma-4l\/#breadcrumb","itemListElement":[{"@type":"ListItem","position":1,"name":"Inici","item":"https:\/\/ollerpintures.com\/ca\/"},{"@type":"ListItem","position":2,"name":"Botiga","item":"https:\/\/ollerpintures.com\/ca\/botiga\/"},{"@type":"ListItem","position":3,"name":"Blatem pl\u00e0stic mat interior verd chroma 4l"}]},{"@type":"WebSite","@id":"https:\/\/ollerpintures.com\/ca\/#website","url":"https:\/\/ollerpintures.com\/ca\/","name":"Oller Pinturas y Revestimientos","description":"Pinturas y revestimientos para profesionales, industrias, obras p\u00fablicas, bricolaje. Pinturas de calidad profesional i mucho m\u00e1s.","publisher":{"@id":"https:\/\/ollerpintures.com\/ca\/#organization"},"alternateName":"Oller Grup","potentialAction":[{"@type":"SearchAction","target":{"@type":"EntryPoint","urlTemplate":"https:\/\/ollerpintures.com\/ca\/?s={search_term_string}"},"query-input":{"@type":"PropertyValueSpecification","valueRequired":true,"valueName":"search_term_string"}}],"inLanguage":"ca"},{"@type":"Organization","@id":"https:\/\/ollerpintures.com\/ca\/#organization","name":"Oller Pintures i Revestiments","alternateName":"Oller Grup","url":"https:\/\/ollerpintures.com\/ca\/","logo":{"@type":"ImageObject","inLanguage":"ca","@id":"https:\/\/ollerpintures.com\/ca\/#\/schema\/logo\/image\/","url":"https:\/\/ollerpintures.com\/wp-content\/uploads\/2024\/05\/newLogo.png","contentUrl":"https:\/\/ollerpintures.com\/wp-content\/uploads\/2024\/05\/newLogo.png","width":483,"height":244,"caption":"Oller Pintures i Revestiments"},"image":{"@id":"https:\/\/ollerpintures.com\/ca\/#\/schema\/logo\/image\/"},"sameAs":["https:\/\/www.facebook.com\/people\/Oller-Pintures\/100063652056709\/","https:\/\/www.instagram.com\/ollerpintures\/","https:\/\/descriptor.es\/organization\/oller-grup\/"]}]}},"brands":[{"id":60,"name":"Blatem","slug":"blatem"}],"_links":{"self":[{"href":"https:\/\/ollerpintures.com\/ca\/wp-json\/wp\/v2\/product\/28875","targetHints":{"allow":["GET"]}}],"collection":[{"href":"https:\/\/ollerpintures.com\/ca\/wp-json\/wp\/v2\/product"}],"about":[{"href":"https:\/\/ollerpintures.com\/ca\/wp-json\/wp\/v2\/types\/product"}],"wp:featuredmedia":[{"embeddable":true,"href":"https:\/\/ollerpintures.com\/ca\/wp-json\/wp\/v2\/media\/28881"}],"wp:attachment":[{"href":"https:\/\/ollerpintures.com\/ca\/wp-json\/wp\/v2\/media?parent=28875"}],"wp:term":[{"taxonomy":"pwb-brand","embeddable":true,"href":"https:\/\/ollerpintures.com\/ca\/wp-json\/wp\/v2\/pwb-brand?post=28875"},{"taxonomy":"product_brand","embeddable":true,"href":"https:\/\/ollerpintures.com\/ca\/wp-json\/wp\/v2\/product_brand?post=28875"},{"taxonomy":"product_cat","embeddable":true,"href":"https:\/\/ollerpintures.com\/ca\/wp-json\/wp\/v2\/product_cat?post=28875"},{"taxonomy":"product_tag","embeddable":true,"href":"https:\/\/ollerpintures.com\/ca\/wp-json\/wp\/v2\/product_tag?post=28875"}],"curies":[{"name":"wp","href":"https:\/\/api.w.org\/{rel}","templated":true}]}}