{"id":27796,"date":"2024-11-13T10:45:56","date_gmt":"2024-11-13T09:45:56","guid":{"rendered":"https:\/\/oller-pintures.c.wetopi.com\/?post_type=product&#038;p=27796"},"modified":"2026-04-14T14:00:12","modified_gmt":"2026-04-14T13:00:12","slug":"blatem-eco-air-fotocatalitica-4l","status":"publish","type":"product","link":"https:\/\/ollerpintures.com\/ca\/producte\/blatem-eco-air-fotocatalitica-4l\/","title":{"rendered":"Blatem Eco Air fotocatal\u00edtica 4L"},"content":{"rendered":"<p><strong>Blatem Eco Air fotocat\u00e0litica 4l<\/strong>: espec\u00edfic per superf\u00edcies a interiors. Acabat de gran qualitat.<\/p>\n<p>Pintura pl\u00e0stica mat sense olor per a interiors, <strong>desenvolupada per reduir les subst\u00e0ncies nocives de l&#8217;ambient<\/strong>, amb la darrera <strong>tecnologia en pintures per fotocat\u00e0lisi<\/strong>. La seva formulaci\u00f3 sense olor permet ocupar les habitacions el mateix dia.<\/p>\n<p>Acabat: Mate<\/p>\n","protected":false},"excerpt":{"rendered":"<p>Blatem Eco Air fotocat\u00e0litica 4l: espec\u00edfic per superf\u00edcies a interiors. Acabat de gran qualitat. Pintura pl\u00e0stica mat sense olor per a interiors, desenvolupada per reduir &#8230; <\/p>\n<p class=\"read-more-container\"><a title=\"Blatem Eco Air fotocatal\u00edtica 4L\" class=\"read-more button\" href=\"https:\/\/ollerpintures.com\/ca\/producte\/blatem-eco-air-fotocatalitica-4l\/#more-27796\" aria-label=\"M\u00e9s informaci\u00f3 sobre Blatem Eco Air fotocatal\u00edtica 4L\">Seguir llegint<\/a><\/p>\n","protected":false},"featured_media":27818,"template":"","meta":{"_acf_changed":false},"pwb-brand":[60],"product_brand":[],"product_cat":[24,42,843,844],"product_tag":[63,2116,62],"class_list":{"0":"post-27796","1":"product","2":"type-product","3":"status-publish","4":"has-post-thumbnail","6":"pwb-brand-blatem","7":"product_cat-pintura","8":"product_cat-interiorpintura","9":"product_cat-pintura-ecologica","10":"product_cat-pintura-per-interior-blanca","11":"product_tag-exterior","12":"product_tag-fotocatalitica","13":"product_tag-interior","14":"no-featured-image-padding","15":"resize-featured-image","16":"sales-flash-overlay","17":"woocommerce-text-align-left","18":"woocommerce-image-align-center","19":"do-quantity-buttons","21":"first","22":"instock","23":"shipping-taxable","24":"purchasable","25":"product-type-simple"},"acf":[],"yoast_head":"<!-- This site is optimized with the Yoast SEO plugin v27.1.1 - https:\/\/yoast.com\/product\/yoast-seo-wordpress\/ -->\n<title>Blatem Eco Air fotocatal\u00edtica 4L - Oller Pinturas y Revestimientos<\/title>\n<meta name=\"description\" content=\"Pintura pl\u00e0stica mat sense olor per a interiors, per reduir les subst\u00e0ncies nocives de l&#039;ambient, amb la darrera tecnologia en pintures per fotocat\u00e0lisi.\" \/>\n<meta name=\"robots\" content=\"index, follow, max-snippet:-1, max-image-preview:large, max-video-preview:-1\" \/>\n<link rel=\"canonical\" href=\"https:\/\/ollerpintures.com\/ca\/producte\/blatem-eco-air-fotocatalitica-4l\/\" \/>\n<meta property=\"og:locale\" content=\"ca_ES\" \/>\n<meta property=\"og:type\" content=\"article\" \/>\n<meta property=\"og:title\" content=\"Blatem Eco Air fotocatal\u00edtica 4L - Oller Pinturas y Revestimientos\" \/>\n<meta property=\"og:description\" content=\"Pintura pl\u00e0stica mat sense olor per a interiors, per reduir les subst\u00e0ncies nocives de l&#039;ambient, amb la darrera tecnologia en pintures per fotocat\u00e0lisi.\" \/>\n<meta property=\"og:url\" content=\"https:\/\/ollerpintures.com\/ca\/producte\/blatem-eco-air-fotocatalitica-4l\/\" \/>\n<meta property=\"og:site_name\" content=\"Oller Pinturas y Revestimientos\" \/>\n<meta property=\"article:publisher\" content=\"https:\/\/www.facebook.com\/people\/Oller-Pintures\/100063652056709\/\" \/>\n<meta property=\"article:modified_time\" content=\"2026-04-14T13:00:12+00:00\" \/>\n<meta property=\"og:image\" content=\"https:\/\/ollerpintures.com\/wp-content\/uploads\/2024\/11\/eco_air_fotocatalitica_blatem_4l.jpg\" \/>\n\t<meta property=\"og:image:width\" content=\"1080\" \/>\n\t<meta property=\"og:image:height\" content=\"1080\" \/>\n\t<meta property=\"og:image:type\" content=\"image\/jpeg\" \/>\n<meta name=\"twitter:card\" content=\"summary_large_image\" \/>\n<meta name=\"twitter:label1\" content=\"Temps estimat de lectura\" \/>\n\t<meta name=\"twitter:data1\" content=\"1 minut\" \/>\n<script type=\"application\/ld+json\" class=\"yoast-schema-graph\">{\"@context\":\"https:\/\/schema.org\",\"@graph\":[{\"@type\":\"WebPage\",\"@id\":\"https:\/\/ollerpintures.com\/ca\/producte\/blatem-eco-air-fotocatalitica-4l\/\",\"url\":\"https:\/\/ollerpintures.com\/ca\/producte\/blatem-eco-air-fotocatalitica-4l\/\",\"name\":\"Blatem Eco Air fotocatal\u00edtica 4L - Oller Pinturas y Revestimientos\",\"isPartOf\":{\"@id\":\"https:\/\/ollerpintures.com\/ca\/#website\"},\"primaryImageOfPage\":{\"@id\":\"https:\/\/ollerpintures.com\/ca\/producte\/blatem-eco-air-fotocatalitica-4l\/#primaryimage\"},\"image\":{\"@id\":\"https:\/\/ollerpintures.com\/ca\/producte\/blatem-eco-air-fotocatalitica-4l\/#primaryimage\"},\"thumbnailUrl\":\"https:\/\/ollerpintures.com\/wp-content\/uploads\/2024\/11\/eco_air_fotocatalitica_blatem_4l.jpg\",\"datePublished\":\"2024-11-13T09:45:56+00:00\",\"dateModified\":\"2026-04-14T13:00:12+00:00\",\"description\":\"Pintura pl\u00e0stica mat sense olor per a interiors, per reduir les subst\u00e0ncies nocives de l'ambient, amb la darrera tecnologia en pintures per fotocat\u00e0lisi.\",\"breadcrumb\":{\"@id\":\"https:\/\/ollerpintures.com\/ca\/producte\/blatem-eco-air-fotocatalitica-4l\/#breadcrumb\"},\"inLanguage\":\"ca\",\"potentialAction\":[{\"@type\":\"ReadAction\",\"target\":[\"https:\/\/ollerpintures.com\/ca\/producte\/blatem-eco-air-fotocatalitica-4l\/\"]}]},{\"@type\":\"ImageObject\",\"inLanguage\":\"ca\",\"@id\":\"https:\/\/ollerpintures.com\/ca\/producte\/blatem-eco-air-fotocatalitica-4l\/#primaryimage\",\"url\":\"https:\/\/ollerpintures.com\/wp-content\/uploads\/2024\/11\/eco_air_fotocatalitica_blatem_4l.jpg\",\"contentUrl\":\"https:\/\/ollerpintures.com\/wp-content\/uploads\/2024\/11\/eco_air_fotocatalitica_blatem_4l.jpg\",\"width\":1080,\"height\":1080,\"caption\":\"Pintura pl\u00e0stica mat sense olor per a interiors, desenvolupada per reduir les subst\u00e0ncies nocives de l'ambient, amb la darrera tecnologia en pintures per fotocat\u00e0lisi. La seva formulaci\u00f3 sense olor permet ocupar les habitacions el mateix dia.\"},{\"@type\":\"BreadcrumbList\",\"@id\":\"https:\/\/ollerpintures.com\/ca\/producte\/blatem-eco-air-fotocatalitica-4l\/#breadcrumb\",\"itemListElement\":[{\"@type\":\"ListItem\",\"position\":1,\"name\":\"Inici\",\"item\":\"https:\/\/ollerpintures.com\/ca\/\"},{\"@type\":\"ListItem\",\"position\":2,\"name\":\"Botiga\",\"item\":\"https:\/\/ollerpintures.com\/ca\/botiga\/\"},{\"@type\":\"ListItem\",\"position\":3,\"name\":\"Blatem Eco Air fotocatal\u00edtica 4L\"}]},{\"@type\":\"WebSite\",\"@id\":\"https:\/\/ollerpintures.com\/ca\/#website\",\"url\":\"https:\/\/ollerpintures.com\/ca\/\",\"name\":\"Oller Pinturas y Revestimientos\",\"description\":\"Pinturas y revestimientos para profesionales, industrias, obras p\u00fablicas, bricolaje. Pinturas de calidad profesional i mucho m\u00e1s.\",\"publisher\":{\"@id\":\"https:\/\/ollerpintures.com\/ca\/#organization\"},\"alternateName\":\"Oller Grup\",\"potentialAction\":[{\"@type\":\"SearchAction\",\"target\":{\"@type\":\"EntryPoint\",\"urlTemplate\":\"https:\/\/ollerpintures.com\/ca\/?s={search_term_string}\"},\"query-input\":{\"@type\":\"PropertyValueSpecification\",\"valueRequired\":true,\"valueName\":\"search_term_string\"}}],\"inLanguage\":\"ca\"},{\"@type\":\"Organization\",\"@id\":\"https:\/\/ollerpintures.com\/ca\/#organization\",\"name\":\"Oller Pintures i Revestiments\",\"alternateName\":\"Oller Grup\",\"url\":\"https:\/\/ollerpintures.com\/ca\/\",\"logo\":{\"@type\":\"ImageObject\",\"inLanguage\":\"ca\",\"@id\":\"https:\/\/ollerpintures.com\/ca\/#\/schema\/logo\/image\/\",\"url\":\"https:\/\/ollerpintures.com\/wp-content\/uploads\/2024\/05\/newLogo.png\",\"contentUrl\":\"https:\/\/ollerpintures.com\/wp-content\/uploads\/2024\/05\/newLogo.png\",\"width\":483,\"height\":244,\"caption\":\"Oller Pintures i Revestiments\"},\"image\":{\"@id\":\"https:\/\/ollerpintures.com\/ca\/#\/schema\/logo\/image\/\"},\"sameAs\":[\"https:\/\/www.facebook.com\/people\/Oller-Pintures\/100063652056709\/\",\"https:\/\/www.instagram.com\/ollerpintures\/\",\"https:\/\/descriptor.es\/organization\/oller-grup\/\"]}]}<\/script>\n<!-- \/ Yoast SEO plugin. -->","yoast_head_json":{"title":"Blatem Eco Air fotocatal\u00edtica 4L - Oller Pinturas y Revestimientos","description":"Pintura pl\u00e0stica mat sense olor per a interiors, per reduir les subst\u00e0ncies nocives de l'ambient, amb la darrera tecnologia en pintures per fotocat\u00e0lisi.","robots":{"index":"index","follow":"follow","max-snippet":"max-snippet:-1","max-image-preview":"max-image-preview:large","max-video-preview":"max-video-preview:-1"},"canonical":"https:\/\/ollerpintures.com\/ca\/producte\/blatem-eco-air-fotocatalitica-4l\/","og_locale":"ca_ES","og_type":"article","og_title":"Blatem Eco Air fotocatal\u00edtica 4L - Oller Pinturas y Revestimientos","og_description":"Pintura pl\u00e0stica mat sense olor per a interiors, per reduir les subst\u00e0ncies nocives de l'ambient, amb la darrera tecnologia en pintures per fotocat\u00e0lisi.","og_url":"https:\/\/ollerpintures.com\/ca\/producte\/blatem-eco-air-fotocatalitica-4l\/","og_site_name":"Oller Pinturas y Revestimientos","article_publisher":"https:\/\/www.facebook.com\/people\/Oller-Pintures\/100063652056709\/","article_modified_time":"2026-04-14T13:00:12+00:00","og_image":[{"width":1080,"height":1080,"url":"https:\/\/ollerpintures.com\/wp-content\/uploads\/2024\/11\/eco_air_fotocatalitica_blatem_4l.jpg","type":"image\/jpeg"}],"twitter_card":"summary_large_image","twitter_misc":{"Temps estimat de lectura":"1 minut"},"schema":{"@context":"https:\/\/schema.org","@graph":[{"@type":"WebPage","@id":"https:\/\/ollerpintures.com\/ca\/producte\/blatem-eco-air-fotocatalitica-4l\/","url":"https:\/\/ollerpintures.com\/ca\/producte\/blatem-eco-air-fotocatalitica-4l\/","name":"Blatem Eco Air fotocatal\u00edtica 4L - Oller Pinturas y Revestimientos","isPartOf":{"@id":"https:\/\/ollerpintures.com\/ca\/#website"},"primaryImageOfPage":{"@id":"https:\/\/ollerpintures.com\/ca\/producte\/blatem-eco-air-fotocatalitica-4l\/#primaryimage"},"image":{"@id":"https:\/\/ollerpintures.com\/ca\/producte\/blatem-eco-air-fotocatalitica-4l\/#primaryimage"},"thumbnailUrl":"https:\/\/ollerpintures.com\/wp-content\/uploads\/2024\/11\/eco_air_fotocatalitica_blatem_4l.jpg","datePublished":"2024-11-13T09:45:56+00:00","dateModified":"2026-04-14T13:00:12+00:00","description":"Pintura pl\u00e0stica mat sense olor per a interiors, per reduir les subst\u00e0ncies nocives de l'ambient, amb la darrera tecnologia en pintures per fotocat\u00e0lisi.","breadcrumb":{"@id":"https:\/\/ollerpintures.com\/ca\/producte\/blatem-eco-air-fotocatalitica-4l\/#breadcrumb"},"inLanguage":"ca","potentialAction":[{"@type":"ReadAction","target":["https:\/\/ollerpintures.com\/ca\/producte\/blatem-eco-air-fotocatalitica-4l\/"]}]},{"@type":"ImageObject","inLanguage":"ca","@id":"https:\/\/ollerpintures.com\/ca\/producte\/blatem-eco-air-fotocatalitica-4l\/#primaryimage","url":"https:\/\/ollerpintures.com\/wp-content\/uploads\/2024\/11\/eco_air_fotocatalitica_blatem_4l.jpg","contentUrl":"https:\/\/ollerpintures.com\/wp-content\/uploads\/2024\/11\/eco_air_fotocatalitica_blatem_4l.jpg","width":1080,"height":1080,"caption":"Pintura pl\u00e0stica mat sense olor per a interiors, desenvolupada per reduir les subst\u00e0ncies nocives de l'ambient, amb la darrera tecnologia en pintures per fotocat\u00e0lisi. La seva formulaci\u00f3 sense olor permet ocupar les habitacions el mateix dia."},{"@type":"BreadcrumbList","@id":"https:\/\/ollerpintures.com\/ca\/producte\/blatem-eco-air-fotocatalitica-4l\/#breadcrumb","itemListElement":[{"@type":"ListItem","position":1,"name":"Inici","item":"https:\/\/ollerpintures.com\/ca\/"},{"@type":"ListItem","position":2,"name":"Botiga","item":"https:\/\/ollerpintures.com\/ca\/botiga\/"},{"@type":"ListItem","position":3,"name":"Blatem Eco Air fotocatal\u00edtica 4L"}]},{"@type":"WebSite","@id":"https:\/\/ollerpintures.com\/ca\/#website","url":"https:\/\/ollerpintures.com\/ca\/","name":"Oller Pinturas y Revestimientos","description":"Pinturas y revestimientos para profesionales, industrias, obras p\u00fablicas, bricolaje. Pinturas de calidad profesional i mucho m\u00e1s.","publisher":{"@id":"https:\/\/ollerpintures.com\/ca\/#organization"},"alternateName":"Oller Grup","potentialAction":[{"@type":"SearchAction","target":{"@type":"EntryPoint","urlTemplate":"https:\/\/ollerpintures.com\/ca\/?s={search_term_string}"},"query-input":{"@type":"PropertyValueSpecification","valueRequired":true,"valueName":"search_term_string"}}],"inLanguage":"ca"},{"@type":"Organization","@id":"https:\/\/ollerpintures.com\/ca\/#organization","name":"Oller Pintures i Revestiments","alternateName":"Oller Grup","url":"https:\/\/ollerpintures.com\/ca\/","logo":{"@type":"ImageObject","inLanguage":"ca","@id":"https:\/\/ollerpintures.com\/ca\/#\/schema\/logo\/image\/","url":"https:\/\/ollerpintures.com\/wp-content\/uploads\/2024\/05\/newLogo.png","contentUrl":"https:\/\/ollerpintures.com\/wp-content\/uploads\/2024\/05\/newLogo.png","width":483,"height":244,"caption":"Oller Pintures i Revestiments"},"image":{"@id":"https:\/\/ollerpintures.com\/ca\/#\/schema\/logo\/image\/"},"sameAs":["https:\/\/www.facebook.com\/people\/Oller-Pintures\/100063652056709\/","https:\/\/www.instagram.com\/ollerpintures\/","https:\/\/descriptor.es\/organization\/oller-grup\/"]}]}},"brands":[{"id":60,"name":"Blatem","slug":"blatem"}],"_links":{"self":[{"href":"https:\/\/ollerpintures.com\/ca\/wp-json\/wp\/v2\/product\/27796","targetHints":{"allow":["GET"]}}],"collection":[{"href":"https:\/\/ollerpintures.com\/ca\/wp-json\/wp\/v2\/product"}],"about":[{"href":"https:\/\/ollerpintures.com\/ca\/wp-json\/wp\/v2\/types\/product"}],"wp:featuredmedia":[{"embeddable":true,"href":"https:\/\/ollerpintures.com\/ca\/wp-json\/wp\/v2\/media\/27818"}],"wp:attachment":[{"href":"https:\/\/ollerpintures.com\/ca\/wp-json\/wp\/v2\/media?parent=27796"}],"wp:term":[{"taxonomy":"pwb-brand","embeddable":true,"href":"https:\/\/ollerpintures.com\/ca\/wp-json\/wp\/v2\/pwb-brand?post=27796"},{"taxonomy":"product_brand","embeddable":true,"href":"https:\/\/ollerpintures.com\/ca\/wp-json\/wp\/v2\/product_brand?post=27796"},{"taxonomy":"product_cat","embeddable":true,"href":"https:\/\/ollerpintures.com\/ca\/wp-json\/wp\/v2\/product_cat?post=27796"},{"taxonomy":"product_tag","embeddable":true,"href":"https:\/\/ollerpintures.com\/ca\/wp-json\/wp\/v2\/product_tag?post=27796"}],"curies":[{"name":"wp","href":"https:\/\/api.w.org\/{rel}","templated":true}]}}