{"id":26937,"date":"2024-05-14T11:15:14","date_gmt":"2024-05-14T10:15:14","guid":{"rendered":"https:\/\/oller-pintures.c.wetopi.com\/?post_type=product&#038;p=26937"},"modified":"2026-04-14T14:00:11","modified_gmt":"2026-04-14T13:00:11","slug":"blatem-acriblatem-antigraffitti-semimat-kit-41l","status":"publish","type":"product","link":"https:\/\/ollerpintures.com\/ca\/producte\/blatem-acriblatem-antigraffitti-semimat-kit-41l\/","title":{"rendered":"BLATEM acriblatem antigraffitti semimat kit 4+1l"},"content":{"rendered":"<div class=\"elementor-element elementor-element-5fdcba8 elementor-widget elementor-widget-heading\" data-id=\"5fdcba8\" data-element_type=\"widget\" data-widget_type=\"heading.default\">\n<div class=\"elementor-widget-container\">\n<p class=\"elementor-heading-title elementor-size-default\"><strong><span style=\"vertical-align: inherit;\"><span style=\"vertical-align: inherit;\">Blatem acriblatem antigraffitti semimat kit 4+1l <\/span><\/span><\/strong><span style=\"vertical-align: inherit;\"><span style=\"vertical-align: inherit;\">espec\u00edfic per eliminar pintades (antigrafit). Acabat de gran qualitat, per a sistemes industrials sobre acer i metalls no f\u00e8rrics.<\/span><\/span><\/p>\n<div class=\"ebT7ne iC15Kb sMVRZe\"><b>Caracter\u00edstiques<\/b><strong>:<\/strong><\/div>\n<div>Acabat de poliuret\u00e0 alif\u00e0tic incolor, de dos components d&#8217;efecte antigrafit. Entre les seves propietats destaquen el seu gran cos i lluentor. No grogueja, de llarga durada, facilita l&#8217;eliminaci\u00f3 de pintades, adherent i impermeable, de f\u00e0cil manteniment i assecat r\u00e0pid. F\u00e0cil aplicaci\u00f3.<\/div>\n<div><\/div>\n<div><\/div>\n<div><\/div>\n<p>&nbsp;<\/p>\n<\/div>\n<\/div>\n","protected":false},"excerpt":{"rendered":"<p>Blatem acriblatem antigraffitti semimat kit 4+1l espec\u00edfic per eliminar pintades (antigrafit). Acabat de gran qualitat, per a sistemes industrials sobre acer i metalls no f\u00e8rrics. &#8230; <\/p>\n<p class=\"read-more-container\"><a title=\"BLATEM acriblatem antigraffitti semimat kit 4+1l\" class=\"read-more button\" href=\"https:\/\/ollerpintures.com\/ca\/producte\/blatem-acriblatem-antigraffitti-semimat-kit-41l\/#more-26937\" aria-label=\"M\u00e9s informaci\u00f3 sobre BLATEM acriblatem antigraffitti semimat kit 4+1l\">Seguir llegint<\/a><\/p>\n","protected":false},"featured_media":26933,"template":"","meta":{"_acf_changed":false},"pwb-brand":[60],"product_brand":[],"product_cat":[2100,78,796],"product_tag":[2099],"class_list":{"0":"post-26937","1":"product","2":"type-product","3":"status-publish","4":"has-post-thumbnail","6":"pwb-brand-blatem","7":"product_cat-pintura-antigraffiti","8":"product_cat-facanes","9":"product_cat-pintures-especials","10":"product_tag-antigraffiti","11":"no-featured-image-padding","12":"resize-featured-image","13":"sales-flash-overlay","14":"woocommerce-text-align-left","15":"woocommerce-image-align-center","16":"do-quantity-buttons","18":"first","19":"instock","20":"shipping-taxable","21":"purchasable","22":"product-type-simple"},"acf":[],"yoast_head":"<!-- This site is optimized with the Yoast SEO plugin v27.1.1 - https:\/\/yoast.com\/product\/yoast-seo-wordpress\/ -->\n<title>BLATEM acriblatem antigraffitti semimat kit 4+1l - Oller Pinturas y Revestimientos<\/title>\n<meta name=\"description\" content=\"Blatem acriblatem antigraffitti semimat kit 4+1l espec\u00edfic per eliminar pintades (antigrafit). Acabat de gran qualitat, per a sistemes industrials sobre\" \/>\n<meta name=\"robots\" content=\"index, follow, max-snippet:-1, max-image-preview:large, max-video-preview:-1\" \/>\n<link rel=\"canonical\" href=\"https:\/\/ollerpintures.com\/ca\/producte\/blatem-acriblatem-antigraffitti-semimat-kit-41l\/\" \/>\n<meta property=\"og:locale\" content=\"ca_ES\" \/>\n<meta property=\"og:type\" content=\"article\" \/>\n<meta property=\"og:title\" content=\"BLATEM acriblatem antigraffitti semimat kit 4+1l - Oller Pinturas y Revestimientos\" \/>\n<meta property=\"og:description\" content=\"Blatem acriblatem antigraffitti semimat kit 4+1l espec\u00edfic per eliminar pintades (antigrafit). Acabat de gran qualitat, per a sistemes industrials sobre\" \/>\n<meta property=\"og:url\" content=\"https:\/\/ollerpintures.com\/ca\/producte\/blatem-acriblatem-antigraffitti-semimat-kit-41l\/\" \/>\n<meta property=\"og:site_name\" content=\"Oller Pinturas y Revestimientos\" \/>\n<meta property=\"article:publisher\" content=\"https:\/\/www.facebook.com\/people\/Oller-Pintures\/100063652056709\/\" \/>\n<meta property=\"article:modified_time\" content=\"2026-04-14T13:00:11+00:00\" \/>\n<meta property=\"og:image\" content=\"https:\/\/ollerpintures.com\/wp-content\/uploads\/2024\/05\/acriblatem_antigraffiti_brillante_kit.jpg\" \/>\n\t<meta property=\"og:image:width\" content=\"1080\" \/>\n\t<meta property=\"og:image:height\" content=\"1080\" \/>\n\t<meta property=\"og:image:type\" content=\"image\/jpeg\" \/>\n<meta name=\"twitter:card\" content=\"summary_large_image\" \/>\n<meta name=\"twitter:label1\" content=\"Temps estimat de lectura\" \/>\n\t<meta name=\"twitter:data1\" content=\"1 minut\" \/>\n<script type=\"application\/ld+json\" class=\"yoast-schema-graph\">{\"@context\":\"https:\/\/schema.org\",\"@graph\":[{\"@type\":\"WebPage\",\"@id\":\"https:\/\/ollerpintures.com\/ca\/producte\/blatem-acriblatem-antigraffitti-semimat-kit-41l\/\",\"url\":\"https:\/\/ollerpintures.com\/ca\/producte\/blatem-acriblatem-antigraffitti-semimat-kit-41l\/\",\"name\":\"BLATEM acriblatem antigraffitti semimat kit 4+1l - Oller Pinturas y Revestimientos\",\"isPartOf\":{\"@id\":\"https:\/\/ollerpintures.com\/ca\/#website\"},\"primaryImageOfPage\":{\"@id\":\"https:\/\/ollerpintures.com\/ca\/producte\/blatem-acriblatem-antigraffitti-semimat-kit-41l\/#primaryimage\"},\"image\":{\"@id\":\"https:\/\/ollerpintures.com\/ca\/producte\/blatem-acriblatem-antigraffitti-semimat-kit-41l\/#primaryimage\"},\"thumbnailUrl\":\"https:\/\/ollerpintures.com\/wp-content\/uploads\/2024\/05\/acriblatem_antigraffiti_brillante_kit.jpg\",\"datePublished\":\"2024-05-14T10:15:14+00:00\",\"dateModified\":\"2026-04-14T13:00:11+00:00\",\"description\":\"Blatem acriblatem antigraffitti semimat kit 4+1l espec\u00edfic per eliminar pintades (antigrafit). Acabat de gran qualitat, per a sistemes industrials sobre\",\"breadcrumb\":{\"@id\":\"https:\/\/ollerpintures.com\/ca\/producte\/blatem-acriblatem-antigraffitti-semimat-kit-41l\/#breadcrumb\"},\"inLanguage\":\"ca\",\"potentialAction\":[{\"@type\":\"ReadAction\",\"target\":[\"https:\/\/ollerpintures.com\/ca\/producte\/blatem-acriblatem-antigraffitti-semimat-kit-41l\/\"]}]},{\"@type\":\"ImageObject\",\"inLanguage\":\"ca\",\"@id\":\"https:\/\/ollerpintures.com\/ca\/producte\/blatem-acriblatem-antigraffitti-semimat-kit-41l\/#primaryimage\",\"url\":\"https:\/\/ollerpintures.com\/wp-content\/uploads\/2024\/05\/acriblatem_antigraffiti_brillante_kit.jpg\",\"contentUrl\":\"https:\/\/ollerpintures.com\/wp-content\/uploads\/2024\/05\/acriblatem_antigraffiti_brillante_kit.jpg\",\"width\":1080,\"height\":1080,\"caption\":\"acriblatem antigraffiti brillante kit\"},{\"@type\":\"BreadcrumbList\",\"@id\":\"https:\/\/ollerpintures.com\/ca\/producte\/blatem-acriblatem-antigraffitti-semimat-kit-41l\/#breadcrumb\",\"itemListElement\":[{\"@type\":\"ListItem\",\"position\":1,\"name\":\"Inici\",\"item\":\"https:\/\/ollerpintures.com\/ca\/\"},{\"@type\":\"ListItem\",\"position\":2,\"name\":\"Botiga\",\"item\":\"https:\/\/ollerpintures.com\/ca\/botiga\/\"},{\"@type\":\"ListItem\",\"position\":3,\"name\":\"BLATEM acriblatem antigraffitti semimat kit 4+1l\"}]},{\"@type\":\"WebSite\",\"@id\":\"https:\/\/ollerpintures.com\/ca\/#website\",\"url\":\"https:\/\/ollerpintures.com\/ca\/\",\"name\":\"Oller Pinturas y Revestimientos\",\"description\":\"Pinturas y revestimientos para profesionales, industrias, obras p\u00fablicas, bricolaje. Pinturas de calidad profesional i mucho m\u00e1s.\",\"publisher\":{\"@id\":\"https:\/\/ollerpintures.com\/ca\/#organization\"},\"alternateName\":\"Oller Grup\",\"potentialAction\":[{\"@type\":\"SearchAction\",\"target\":{\"@type\":\"EntryPoint\",\"urlTemplate\":\"https:\/\/ollerpintures.com\/ca\/?s={search_term_string}\"},\"query-input\":{\"@type\":\"PropertyValueSpecification\",\"valueRequired\":true,\"valueName\":\"search_term_string\"}}],\"inLanguage\":\"ca\"},{\"@type\":\"Organization\",\"@id\":\"https:\/\/ollerpintures.com\/ca\/#organization\",\"name\":\"Oller Pintures i Revestiments\",\"alternateName\":\"Oller Grup\",\"url\":\"https:\/\/ollerpintures.com\/ca\/\",\"logo\":{\"@type\":\"ImageObject\",\"inLanguage\":\"ca\",\"@id\":\"https:\/\/ollerpintures.com\/ca\/#\/schema\/logo\/image\/\",\"url\":\"https:\/\/ollerpintures.com\/wp-content\/uploads\/2024\/05\/newLogo.png\",\"contentUrl\":\"https:\/\/ollerpintures.com\/wp-content\/uploads\/2024\/05\/newLogo.png\",\"width\":483,\"height\":244,\"caption\":\"Oller Pintures i Revestiments\"},\"image\":{\"@id\":\"https:\/\/ollerpintures.com\/ca\/#\/schema\/logo\/image\/\"},\"sameAs\":[\"https:\/\/www.facebook.com\/people\/Oller-Pintures\/100063652056709\/\",\"https:\/\/www.instagram.com\/ollerpintures\/\",\"https:\/\/descriptor.es\/organization\/oller-grup\/\"]}]}<\/script>\n<!-- \/ Yoast SEO plugin. -->","yoast_head_json":{"title":"BLATEM acriblatem antigraffitti semimat kit 4+1l - Oller Pinturas y Revestimientos","description":"Blatem acriblatem antigraffitti semimat kit 4+1l espec\u00edfic per eliminar pintades (antigrafit). Acabat de gran qualitat, per a sistemes industrials sobre","robots":{"index":"index","follow":"follow","max-snippet":"max-snippet:-1","max-image-preview":"max-image-preview:large","max-video-preview":"max-video-preview:-1"},"canonical":"https:\/\/ollerpintures.com\/ca\/producte\/blatem-acriblatem-antigraffitti-semimat-kit-41l\/","og_locale":"ca_ES","og_type":"article","og_title":"BLATEM acriblatem antigraffitti semimat kit 4+1l - Oller Pinturas y Revestimientos","og_description":"Blatem acriblatem antigraffitti semimat kit 4+1l espec\u00edfic per eliminar pintades (antigrafit). Acabat de gran qualitat, per a sistemes industrials sobre","og_url":"https:\/\/ollerpintures.com\/ca\/producte\/blatem-acriblatem-antigraffitti-semimat-kit-41l\/","og_site_name":"Oller Pinturas y Revestimientos","article_publisher":"https:\/\/www.facebook.com\/people\/Oller-Pintures\/100063652056709\/","article_modified_time":"2026-04-14T13:00:11+00:00","og_image":[{"width":1080,"height":1080,"url":"https:\/\/ollerpintures.com\/wp-content\/uploads\/2024\/05\/acriblatem_antigraffiti_brillante_kit.jpg","type":"image\/jpeg"}],"twitter_card":"summary_large_image","twitter_misc":{"Temps estimat de lectura":"1 minut"},"schema":{"@context":"https:\/\/schema.org","@graph":[{"@type":"WebPage","@id":"https:\/\/ollerpintures.com\/ca\/producte\/blatem-acriblatem-antigraffitti-semimat-kit-41l\/","url":"https:\/\/ollerpintures.com\/ca\/producte\/blatem-acriblatem-antigraffitti-semimat-kit-41l\/","name":"BLATEM acriblatem antigraffitti semimat kit 4+1l - Oller Pinturas y Revestimientos","isPartOf":{"@id":"https:\/\/ollerpintures.com\/ca\/#website"},"primaryImageOfPage":{"@id":"https:\/\/ollerpintures.com\/ca\/producte\/blatem-acriblatem-antigraffitti-semimat-kit-41l\/#primaryimage"},"image":{"@id":"https:\/\/ollerpintures.com\/ca\/producte\/blatem-acriblatem-antigraffitti-semimat-kit-41l\/#primaryimage"},"thumbnailUrl":"https:\/\/ollerpintures.com\/wp-content\/uploads\/2024\/05\/acriblatem_antigraffiti_brillante_kit.jpg","datePublished":"2024-05-14T10:15:14+00:00","dateModified":"2026-04-14T13:00:11+00:00","description":"Blatem acriblatem antigraffitti semimat kit 4+1l espec\u00edfic per eliminar pintades (antigrafit). Acabat de gran qualitat, per a sistemes industrials sobre","breadcrumb":{"@id":"https:\/\/ollerpintures.com\/ca\/producte\/blatem-acriblatem-antigraffitti-semimat-kit-41l\/#breadcrumb"},"inLanguage":"ca","potentialAction":[{"@type":"ReadAction","target":["https:\/\/ollerpintures.com\/ca\/producte\/blatem-acriblatem-antigraffitti-semimat-kit-41l\/"]}]},{"@type":"ImageObject","inLanguage":"ca","@id":"https:\/\/ollerpintures.com\/ca\/producte\/blatem-acriblatem-antigraffitti-semimat-kit-41l\/#primaryimage","url":"https:\/\/ollerpintures.com\/wp-content\/uploads\/2024\/05\/acriblatem_antigraffiti_brillante_kit.jpg","contentUrl":"https:\/\/ollerpintures.com\/wp-content\/uploads\/2024\/05\/acriblatem_antigraffiti_brillante_kit.jpg","width":1080,"height":1080,"caption":"acriblatem antigraffiti brillante kit"},{"@type":"BreadcrumbList","@id":"https:\/\/ollerpintures.com\/ca\/producte\/blatem-acriblatem-antigraffitti-semimat-kit-41l\/#breadcrumb","itemListElement":[{"@type":"ListItem","position":1,"name":"Inici","item":"https:\/\/ollerpintures.com\/ca\/"},{"@type":"ListItem","position":2,"name":"Botiga","item":"https:\/\/ollerpintures.com\/ca\/botiga\/"},{"@type":"ListItem","position":3,"name":"BLATEM acriblatem antigraffitti semimat kit 4+1l"}]},{"@type":"WebSite","@id":"https:\/\/ollerpintures.com\/ca\/#website","url":"https:\/\/ollerpintures.com\/ca\/","name":"Oller Pinturas y Revestimientos","description":"Pinturas y revestimientos para profesionales, industrias, obras p\u00fablicas, bricolaje. Pinturas de calidad profesional i mucho m\u00e1s.","publisher":{"@id":"https:\/\/ollerpintures.com\/ca\/#organization"},"alternateName":"Oller Grup","potentialAction":[{"@type":"SearchAction","target":{"@type":"EntryPoint","urlTemplate":"https:\/\/ollerpintures.com\/ca\/?s={search_term_string}"},"query-input":{"@type":"PropertyValueSpecification","valueRequired":true,"valueName":"search_term_string"}}],"inLanguage":"ca"},{"@type":"Organization","@id":"https:\/\/ollerpintures.com\/ca\/#organization","name":"Oller Pintures i Revestiments","alternateName":"Oller Grup","url":"https:\/\/ollerpintures.com\/ca\/","logo":{"@type":"ImageObject","inLanguage":"ca","@id":"https:\/\/ollerpintures.com\/ca\/#\/schema\/logo\/image\/","url":"https:\/\/ollerpintures.com\/wp-content\/uploads\/2024\/05\/newLogo.png","contentUrl":"https:\/\/ollerpintures.com\/wp-content\/uploads\/2024\/05\/newLogo.png","width":483,"height":244,"caption":"Oller Pintures i Revestiments"},"image":{"@id":"https:\/\/ollerpintures.com\/ca\/#\/schema\/logo\/image\/"},"sameAs":["https:\/\/www.facebook.com\/people\/Oller-Pintures\/100063652056709\/","https:\/\/www.instagram.com\/ollerpintures\/","https:\/\/descriptor.es\/organization\/oller-grup\/"]}]}},"brands":[{"id":60,"name":"Blatem","slug":"blatem"}],"_links":{"self":[{"href":"https:\/\/ollerpintures.com\/ca\/wp-json\/wp\/v2\/product\/26937","targetHints":{"allow":["GET"]}}],"collection":[{"href":"https:\/\/ollerpintures.com\/ca\/wp-json\/wp\/v2\/product"}],"about":[{"href":"https:\/\/ollerpintures.com\/ca\/wp-json\/wp\/v2\/types\/product"}],"wp:featuredmedia":[{"embeddable":true,"href":"https:\/\/ollerpintures.com\/ca\/wp-json\/wp\/v2\/media\/26933"}],"wp:attachment":[{"href":"https:\/\/ollerpintures.com\/ca\/wp-json\/wp\/v2\/media?parent=26937"}],"wp:term":[{"taxonomy":"pwb-brand","embeddable":true,"href":"https:\/\/ollerpintures.com\/ca\/wp-json\/wp\/v2\/pwb-brand?post=26937"},{"taxonomy":"product_brand","embeddable":true,"href":"https:\/\/ollerpintures.com\/ca\/wp-json\/wp\/v2\/product_brand?post=26937"},{"taxonomy":"product_cat","embeddable":true,"href":"https:\/\/ollerpintures.com\/ca\/wp-json\/wp\/v2\/product_cat?post=26937"},{"taxonomy":"product_tag","embeddable":true,"href":"https:\/\/ollerpintures.com\/ca\/wp-json\/wp\/v2\/product_tag?post=26937"}],"curies":[{"name":"wp","href":"https:\/\/api.w.org\/{rel}","templated":true}]}}