{"id":26185,"date":"2023-10-16T11:56:24","date_gmt":"2023-10-16T10:56:24","guid":{"rendered":"https:\/\/oller-pintures.c.wetopi.com\/?post_type=product&#038;p=26185"},"modified":"2026-04-14T02:00:33","modified_gmt":"2026-04-14T01:00:33","slug":"paso-pastilles-efervescents-per-foses-septiques-16past","status":"publish","type":"product","link":"https:\/\/ollerpintures.com\/ca\/producte\/paso-pastilles-efervescents-per-foses-septiques-16past\/","title":{"rendered":"PASO pastilles efervescents per foses s\u00e8ptiques 16past"},"content":{"rendered":"<div class=\"elementor-element elementor-element-5fdcba8 elementor-widget elementor-widget-heading\" data-id=\"5fdcba8\" data-element_type=\"widget\" data-widget_type=\"heading.default\">\n<div class=\"elementor-widget-container\">\n<p class=\"elementor-heading-title elementor-size-default\"><strong><span style=\"vertical-align: inherit;\"><span style=\"vertical-align: inherit;\">Paso pastilles efervescents per foses s\u00e8ptiques 16past <\/span><\/span><\/strong><span style=\"vertical-align: inherit;\"><span style=\"vertical-align: inherit;\">\u00a0espec\u00edfic per neteja i elimina males olors, prev\u00e9 embussos.<\/span><\/span><\/p>\n<div class=\"ebT7ne iC15Kb sMVRZe\"><b>Caracter\u00edstiques<\/b><strong>:<\/strong><\/div>\n<div><\/div>\n<div>Pastilles per a fosses s\u00e8ptiques amb f\u00f3rmula a base d&#8217;enzims que destrueix de forma natural restes org\u00e0niques de les fosses s\u00e8ptiques aconseguint posposar les despeses de neteja de la fossa s\u00e8ptica i eliminar les males olors.<\/div>\n<div><\/div>\n<div>Menys olors<br \/>\nM\u00e9s efic\u00e0cia<\/div>\n<p>&nbsp;<\/p>\n<\/div>\n<\/div>\n","protected":false},"excerpt":{"rendered":"<p>Paso pastilles efervescents per foses s\u00e8ptiques 16past \u00a0espec\u00edfic per neteja i elimina males olors, prev\u00e9 embussos. Caracter\u00edstiques: Pastilles per a fosses s\u00e8ptiques amb f\u00f3rmula a &#8230; <\/p>\n<p class=\"read-more-container\"><a title=\"PASO pastilles efervescents per foses s\u00e8ptiques 16past\" class=\"read-more button\" href=\"https:\/\/ollerpintures.com\/ca\/producte\/paso-pastilles-efervescents-per-foses-septiques-16past\/#more-26185\" aria-label=\"M\u00e9s informaci\u00f3 sobre PASO pastilles efervescents per foses s\u00e8ptiques 16past\">Seguir llegint<\/a><\/p>\n","protected":false},"featured_media":26204,"template":"","meta":{"_acf_changed":false},"pwb-brand":[],"product_brand":[],"product_cat":[77,2003],"product_tag":[2079,2080],"class_list":{"0":"post-26185","1":"product","2":"type-product","3":"status-publish","4":"has-post-thumbnail","6":"product_cat-eines","7":"product_cat-neteja-professional","8":"product_tag-embussos","9":"product_tag-menys-olors","10":"no-featured-image-padding","11":"resize-featured-image","12":"sales-flash-overlay","13":"woocommerce-text-align-left","14":"woocommerce-image-align-center","15":"do-quantity-buttons","17":"first","18":"instock","19":"shipping-taxable","20":"purchasable","21":"product-type-simple"},"acf":[],"yoast_head":"<!-- This site is optimized with the Yoast SEO plugin v27.1.1 - https:\/\/yoast.com\/product\/yoast-seo-wordpress\/ -->\n<title>PASO pastilles efervescents per foses s\u00e8ptiques 16past - Oller Pinturas y Revestimientos<\/title>\n<meta name=\"description\" content=\"Paso pastilles efervescents per foses s\u00e8ptiques 16past \u00a0espec\u00edfic per neteja i elimina males olors, prev\u00e9 embussos. Caracter\u00edstiques: Pastilles per a\" \/>\n<meta name=\"robots\" content=\"index, follow, max-snippet:-1, max-image-preview:large, max-video-preview:-1\" \/>\n<link rel=\"canonical\" href=\"https:\/\/ollerpintures.com\/ca\/producte\/paso-pastilles-efervescents-per-foses-septiques-16past\/\" \/>\n<meta property=\"og:locale\" content=\"ca_ES\" \/>\n<meta property=\"og:type\" content=\"article\" \/>\n<meta property=\"og:title\" content=\"PASO pastilles efervescents per foses s\u00e8ptiques 16past - Oller Pinturas y Revestimientos\" \/>\n<meta property=\"og:description\" content=\"Paso pastilles efervescents per foses s\u00e8ptiques 16past \u00a0espec\u00edfic per neteja i elimina males olors, prev\u00e9 embussos. Caracter\u00edstiques: Pastilles per a\" \/>\n<meta property=\"og:url\" content=\"https:\/\/ollerpintures.com\/ca\/producte\/paso-pastilles-efervescents-per-foses-septiques-16past\/\" \/>\n<meta property=\"og:site_name\" content=\"Oller Pinturas y Revestimientos\" \/>\n<meta property=\"article:publisher\" content=\"https:\/\/www.facebook.com\/people\/Oller-Pintures\/100063652056709\/\" \/>\n<meta property=\"article:modified_time\" content=\"2026-04-14T01:00:33+00:00\" \/>\n<meta property=\"og:image\" content=\"https:\/\/ollerpintures.com\/wp-content\/uploads\/2023\/10\/paso-fosas-septicas-16-pastillas.jpg\" \/>\n\t<meta property=\"og:image:width\" content=\"1080\" \/>\n\t<meta property=\"og:image:height\" content=\"1080\" \/>\n\t<meta property=\"og:image:type\" content=\"image\/jpeg\" \/>\n<meta name=\"twitter:card\" content=\"summary_large_image\" \/>\n<meta name=\"twitter:label1\" content=\"Temps estimat de lectura\" \/>\n\t<meta name=\"twitter:data1\" content=\"1 minut\" \/>\n<script type=\"application\/ld+json\" class=\"yoast-schema-graph\">{\"@context\":\"https:\/\/schema.org\",\"@graph\":[{\"@type\":\"WebPage\",\"@id\":\"https:\/\/ollerpintures.com\/ca\/producte\/paso-pastilles-efervescents-per-foses-septiques-16past\/\",\"url\":\"https:\/\/ollerpintures.com\/ca\/producte\/paso-pastilles-efervescents-per-foses-septiques-16past\/\",\"name\":\"PASO pastilles efervescents per foses s\u00e8ptiques 16past - Oller Pinturas y Revestimientos\",\"isPartOf\":{\"@id\":\"https:\/\/ollerpintures.com\/ca\/#website\"},\"primaryImageOfPage\":{\"@id\":\"https:\/\/ollerpintures.com\/ca\/producte\/paso-pastilles-efervescents-per-foses-septiques-16past\/#primaryimage\"},\"image\":{\"@id\":\"https:\/\/ollerpintures.com\/ca\/producte\/paso-pastilles-efervescents-per-foses-septiques-16past\/#primaryimage\"},\"thumbnailUrl\":\"https:\/\/ollerpintures.com\/wp-content\/uploads\/2023\/10\/paso-fosas-septicas-16-pastillas.jpg\",\"datePublished\":\"2023-10-16T10:56:24+00:00\",\"dateModified\":\"2026-04-14T01:00:33+00:00\",\"description\":\"Paso pastilles efervescents per foses s\u00e8ptiques 16past \u00a0espec\u00edfic per neteja i elimina males olors, prev\u00e9 embussos. Caracter\u00edstiques: Pastilles per a\",\"breadcrumb\":{\"@id\":\"https:\/\/ollerpintures.com\/ca\/producte\/paso-pastilles-efervescents-per-foses-septiques-16past\/#breadcrumb\"},\"inLanguage\":\"ca\",\"potentialAction\":[{\"@type\":\"ReadAction\",\"target\":[\"https:\/\/ollerpintures.com\/ca\/producte\/paso-pastilles-efervescents-per-foses-septiques-16past\/\"]}]},{\"@type\":\"ImageObject\",\"inLanguage\":\"ca\",\"@id\":\"https:\/\/ollerpintures.com\/ca\/producte\/paso-pastilles-efervescents-per-foses-septiques-16past\/#primaryimage\",\"url\":\"https:\/\/ollerpintures.com\/wp-content\/uploads\/2023\/10\/paso-fosas-septicas-16-pastillas.jpg\",\"contentUrl\":\"https:\/\/ollerpintures.com\/wp-content\/uploads\/2023\/10\/paso-fosas-septicas-16-pastillas.jpg\",\"width\":1080,\"height\":1080,\"caption\":\"paso fosas septicas 16 pastillas\"},{\"@type\":\"BreadcrumbList\",\"@id\":\"https:\/\/ollerpintures.com\/ca\/producte\/paso-pastilles-efervescents-per-foses-septiques-16past\/#breadcrumb\",\"itemListElement\":[{\"@type\":\"ListItem\",\"position\":1,\"name\":\"Inici\",\"item\":\"https:\/\/ollerpintures.com\/ca\/\"},{\"@type\":\"ListItem\",\"position\":2,\"name\":\"Botiga\",\"item\":\"https:\/\/ollerpintures.com\/ca\/botiga\/\"},{\"@type\":\"ListItem\",\"position\":3,\"name\":\"PASO pastilles efervescents per foses s\u00e8ptiques 16past\"}]},{\"@type\":\"WebSite\",\"@id\":\"https:\/\/ollerpintures.com\/ca\/#website\",\"url\":\"https:\/\/ollerpintures.com\/ca\/\",\"name\":\"Oller Pinturas y Revestimientos\",\"description\":\"Pinturas y revestimientos para profesionales, industrias, obras p\u00fablicas, bricolaje. Pinturas de calidad profesional i mucho m\u00e1s.\",\"publisher\":{\"@id\":\"https:\/\/ollerpintures.com\/ca\/#organization\"},\"alternateName\":\"Oller Grup\",\"potentialAction\":[{\"@type\":\"SearchAction\",\"target\":{\"@type\":\"EntryPoint\",\"urlTemplate\":\"https:\/\/ollerpintures.com\/ca\/?s={search_term_string}\"},\"query-input\":{\"@type\":\"PropertyValueSpecification\",\"valueRequired\":true,\"valueName\":\"search_term_string\"}}],\"inLanguage\":\"ca\"},{\"@type\":\"Organization\",\"@id\":\"https:\/\/ollerpintures.com\/ca\/#organization\",\"name\":\"Oller Pintures i Revestiments\",\"alternateName\":\"Oller Grup\",\"url\":\"https:\/\/ollerpintures.com\/ca\/\",\"logo\":{\"@type\":\"ImageObject\",\"inLanguage\":\"ca\",\"@id\":\"https:\/\/ollerpintures.com\/ca\/#\/schema\/logo\/image\/\",\"url\":\"https:\/\/ollerpintures.com\/wp-content\/uploads\/2024\/05\/newLogo.png\",\"contentUrl\":\"https:\/\/ollerpintures.com\/wp-content\/uploads\/2024\/05\/newLogo.png\",\"width\":483,\"height\":244,\"caption\":\"Oller Pintures i Revestiments\"},\"image\":{\"@id\":\"https:\/\/ollerpintures.com\/ca\/#\/schema\/logo\/image\/\"},\"sameAs\":[\"https:\/\/www.facebook.com\/people\/Oller-Pintures\/100063652056709\/\",\"https:\/\/www.instagram.com\/ollerpintures\/\",\"https:\/\/descriptor.es\/organization\/oller-grup\/\"]}]}<\/script>\n<!-- \/ Yoast SEO plugin. -->","yoast_head_json":{"title":"PASO pastilles efervescents per foses s\u00e8ptiques 16past - Oller Pinturas y Revestimientos","description":"Paso pastilles efervescents per foses s\u00e8ptiques 16past \u00a0espec\u00edfic per neteja i elimina males olors, prev\u00e9 embussos. Caracter\u00edstiques: Pastilles per a","robots":{"index":"index","follow":"follow","max-snippet":"max-snippet:-1","max-image-preview":"max-image-preview:large","max-video-preview":"max-video-preview:-1"},"canonical":"https:\/\/ollerpintures.com\/ca\/producte\/paso-pastilles-efervescents-per-foses-septiques-16past\/","og_locale":"ca_ES","og_type":"article","og_title":"PASO pastilles efervescents per foses s\u00e8ptiques 16past - Oller Pinturas y Revestimientos","og_description":"Paso pastilles efervescents per foses s\u00e8ptiques 16past \u00a0espec\u00edfic per neteja i elimina males olors, prev\u00e9 embussos. Caracter\u00edstiques: Pastilles per a","og_url":"https:\/\/ollerpintures.com\/ca\/producte\/paso-pastilles-efervescents-per-foses-septiques-16past\/","og_site_name":"Oller Pinturas y Revestimientos","article_publisher":"https:\/\/www.facebook.com\/people\/Oller-Pintures\/100063652056709\/","article_modified_time":"2026-04-14T01:00:33+00:00","og_image":[{"width":1080,"height":1080,"url":"https:\/\/ollerpintures.com\/wp-content\/uploads\/2023\/10\/paso-fosas-septicas-16-pastillas.jpg","type":"image\/jpeg"}],"twitter_card":"summary_large_image","twitter_misc":{"Temps estimat de lectura":"1 minut"},"schema":{"@context":"https:\/\/schema.org","@graph":[{"@type":"WebPage","@id":"https:\/\/ollerpintures.com\/ca\/producte\/paso-pastilles-efervescents-per-foses-septiques-16past\/","url":"https:\/\/ollerpintures.com\/ca\/producte\/paso-pastilles-efervescents-per-foses-septiques-16past\/","name":"PASO pastilles efervescents per foses s\u00e8ptiques 16past - Oller Pinturas y Revestimientos","isPartOf":{"@id":"https:\/\/ollerpintures.com\/ca\/#website"},"primaryImageOfPage":{"@id":"https:\/\/ollerpintures.com\/ca\/producte\/paso-pastilles-efervescents-per-foses-septiques-16past\/#primaryimage"},"image":{"@id":"https:\/\/ollerpintures.com\/ca\/producte\/paso-pastilles-efervescents-per-foses-septiques-16past\/#primaryimage"},"thumbnailUrl":"https:\/\/ollerpintures.com\/wp-content\/uploads\/2023\/10\/paso-fosas-septicas-16-pastillas.jpg","datePublished":"2023-10-16T10:56:24+00:00","dateModified":"2026-04-14T01:00:33+00:00","description":"Paso pastilles efervescents per foses s\u00e8ptiques 16past \u00a0espec\u00edfic per neteja i elimina males olors, prev\u00e9 embussos. Caracter\u00edstiques: Pastilles per a","breadcrumb":{"@id":"https:\/\/ollerpintures.com\/ca\/producte\/paso-pastilles-efervescents-per-foses-septiques-16past\/#breadcrumb"},"inLanguage":"ca","potentialAction":[{"@type":"ReadAction","target":["https:\/\/ollerpintures.com\/ca\/producte\/paso-pastilles-efervescents-per-foses-septiques-16past\/"]}]},{"@type":"ImageObject","inLanguage":"ca","@id":"https:\/\/ollerpintures.com\/ca\/producte\/paso-pastilles-efervescents-per-foses-septiques-16past\/#primaryimage","url":"https:\/\/ollerpintures.com\/wp-content\/uploads\/2023\/10\/paso-fosas-septicas-16-pastillas.jpg","contentUrl":"https:\/\/ollerpintures.com\/wp-content\/uploads\/2023\/10\/paso-fosas-septicas-16-pastillas.jpg","width":1080,"height":1080,"caption":"paso fosas septicas 16 pastillas"},{"@type":"BreadcrumbList","@id":"https:\/\/ollerpintures.com\/ca\/producte\/paso-pastilles-efervescents-per-foses-septiques-16past\/#breadcrumb","itemListElement":[{"@type":"ListItem","position":1,"name":"Inici","item":"https:\/\/ollerpintures.com\/ca\/"},{"@type":"ListItem","position":2,"name":"Botiga","item":"https:\/\/ollerpintures.com\/ca\/botiga\/"},{"@type":"ListItem","position":3,"name":"PASO pastilles efervescents per foses s\u00e8ptiques 16past"}]},{"@type":"WebSite","@id":"https:\/\/ollerpintures.com\/ca\/#website","url":"https:\/\/ollerpintures.com\/ca\/","name":"Oller Pinturas y Revestimientos","description":"Pinturas y revestimientos para profesionales, industrias, obras p\u00fablicas, bricolaje. Pinturas de calidad profesional i mucho m\u00e1s.","publisher":{"@id":"https:\/\/ollerpintures.com\/ca\/#organization"},"alternateName":"Oller Grup","potentialAction":[{"@type":"SearchAction","target":{"@type":"EntryPoint","urlTemplate":"https:\/\/ollerpintures.com\/ca\/?s={search_term_string}"},"query-input":{"@type":"PropertyValueSpecification","valueRequired":true,"valueName":"search_term_string"}}],"inLanguage":"ca"},{"@type":"Organization","@id":"https:\/\/ollerpintures.com\/ca\/#organization","name":"Oller Pintures i Revestiments","alternateName":"Oller Grup","url":"https:\/\/ollerpintures.com\/ca\/","logo":{"@type":"ImageObject","inLanguage":"ca","@id":"https:\/\/ollerpintures.com\/ca\/#\/schema\/logo\/image\/","url":"https:\/\/ollerpintures.com\/wp-content\/uploads\/2024\/05\/newLogo.png","contentUrl":"https:\/\/ollerpintures.com\/wp-content\/uploads\/2024\/05\/newLogo.png","width":483,"height":244,"caption":"Oller Pintures i Revestiments"},"image":{"@id":"https:\/\/ollerpintures.com\/ca\/#\/schema\/logo\/image\/"},"sameAs":["https:\/\/www.facebook.com\/people\/Oller-Pintures\/100063652056709\/","https:\/\/www.instagram.com\/ollerpintures\/","https:\/\/descriptor.es\/organization\/oller-grup\/"]}]}},"brands":[],"_links":{"self":[{"href":"https:\/\/ollerpintures.com\/ca\/wp-json\/wp\/v2\/product\/26185","targetHints":{"allow":["GET"]}}],"collection":[{"href":"https:\/\/ollerpintures.com\/ca\/wp-json\/wp\/v2\/product"}],"about":[{"href":"https:\/\/ollerpintures.com\/ca\/wp-json\/wp\/v2\/types\/product"}],"wp:featuredmedia":[{"embeddable":true,"href":"https:\/\/ollerpintures.com\/ca\/wp-json\/wp\/v2\/media\/26204"}],"wp:attachment":[{"href":"https:\/\/ollerpintures.com\/ca\/wp-json\/wp\/v2\/media?parent=26185"}],"wp:term":[{"taxonomy":"pwb-brand","embeddable":true,"href":"https:\/\/ollerpintures.com\/ca\/wp-json\/wp\/v2\/pwb-brand?post=26185"},{"taxonomy":"product_brand","embeddable":true,"href":"https:\/\/ollerpintures.com\/ca\/wp-json\/wp\/v2\/product_brand?post=26185"},{"taxonomy":"product_cat","embeddable":true,"href":"https:\/\/ollerpintures.com\/ca\/wp-json\/wp\/v2\/product_cat?post=26185"},{"taxonomy":"product_tag","embeddable":true,"href":"https:\/\/ollerpintures.com\/ca\/wp-json\/wp\/v2\/product_tag?post=26185"}],"curies":[{"name":"wp","href":"https:\/\/api.w.org\/{rel}","templated":true}]}}