{"id":26173,"date":"2023-10-16T11:23:21","date_gmt":"2023-10-16T10:23:21","guid":{"rendered":"https:\/\/oller-pintures.c.wetopi.com\/?post_type=product&#038;p=26173"},"modified":"2026-04-14T14:00:27","modified_gmt":"2026-04-14T13:00:27","slug":"paso-renovador-mobles-teca-1000ml","status":"publish","type":"product","link":"https:\/\/ollerpintures.com\/ca\/producte\/paso-renovador-mobles-teca-1000ml\/","title":{"rendered":"PASO renovador mobles teca 1000ml"},"content":{"rendered":"<div class=\"elementor-element elementor-element-5fdcba8 elementor-widget elementor-widget-heading\" data-id=\"5fdcba8\" data-element_type=\"widget\" data-widget_type=\"heading.default\">\n<div class=\"elementor-widget-container\">\n<p class=\"elementor-heading-title elementor-size-default\"><strong><span style=\"vertical-align: inherit;\"><span style=\"vertical-align: inherit;\">Paso renovador mobles teca 1000ml<\/span><\/span><\/strong><span style=\"vertical-align: inherit;\"><span style=\"vertical-align: inherit;\"> espec\u00edfic per portegir i nodrir la fusta en mobles d&#8217;exterior.<\/span><\/span><\/p>\n<div class=\"ebT7ne iC15Kb sMVRZe\"><b>Caracter\u00edstiques<\/b><strong>:<\/strong><\/div>\n<div><\/div>\n<div>Renovador de mobles de teca amb f\u00f3rmula enriquida amb ceres naturals i oli de Tung que s&#8217;absorbeix r\u00e0pidament per la fusta formant una capa molt resistent i de llarga durada a agents climatol\u00f2gics<\/div>\n<\/div>\n<\/div>\n<div><\/div>\n<div>Mobiliari de jard\u00ed i terrasses<\/div>\n<div>Terres de fusta<\/div>\n<div>Peces tornejades<\/div>\n<div>Marqueteria<\/div>\n<div>Vaixells<\/div>\n<div>Instruments musicals<\/div>\n<div>Aeromodelisme,&#8230;<\/div>\n","protected":false},"excerpt":{"rendered":"<p>Paso renovador mobles teca 1000ml espec\u00edfic per portegir i nodrir la fusta en mobles d&#8217;exterior. Caracter\u00edstiques: Renovador de mobles de teca amb f\u00f3rmula enriquida amb &#8230; <\/p>\n<p class=\"read-more-container\"><a title=\"PASO renovador mobles teca 1000ml\" class=\"read-more button\" href=\"https:\/\/ollerpintures.com\/ca\/producte\/paso-renovador-mobles-teca-1000ml\/#more-26173\" aria-label=\"M\u00e9s informaci\u00f3 sobre PASO renovador mobles teca 1000ml\">Seguir llegint<\/a><\/p>\n","protected":false},"featured_media":26175,"template":"","meta":{"_acf_changed":false},"pwb-brand":[],"product_brand":[],"product_cat":[77,2003],"product_tag":[2075,2074],"class_list":{"0":"post-26173","1":"product","2":"type-product","3":"status-publish","4":"has-post-thumbnail","6":"product_cat-eines","7":"product_cat-neteja-professional","8":"product_tag-nodrir","9":"product_tag-renovador","10":"no-featured-image-padding","11":"resize-featured-image","12":"sales-flash-overlay","13":"woocommerce-text-align-left","14":"woocommerce-image-align-center","15":"do-quantity-buttons","17":"first","18":"instock","19":"shipping-taxable","20":"purchasable","21":"product-type-simple"},"acf":[],"yoast_head":"<!-- This site is optimized with the Yoast SEO plugin v27.1.1 - https:\/\/yoast.com\/product\/yoast-seo-wordpress\/ -->\n<title>PASO renovador mobles teca 1000ml - Oller Pinturas y Revestimientos<\/title>\n<meta name=\"description\" content=\"Paso renovador mobles teca 1000ml espec\u00edfic per portegir i nodrir la fusta en mobles d&#039;exterior. Caracter\u00edstiques: Renovador de mobles de teca amb f\u00f3rmula\" \/>\n<meta name=\"robots\" content=\"index, follow, max-snippet:-1, max-image-preview:large, max-video-preview:-1\" \/>\n<link rel=\"canonical\" href=\"https:\/\/ollerpintures.com\/ca\/producte\/paso-renovador-mobles-teca-1000ml\/\" \/>\n<meta property=\"og:locale\" content=\"ca_ES\" \/>\n<meta property=\"og:type\" content=\"article\" \/>\n<meta property=\"og:title\" content=\"PASO renovador mobles teca 1000ml - Oller Pinturas y Revestimientos\" \/>\n<meta property=\"og:description\" content=\"Paso renovador mobles teca 1000ml espec\u00edfic per portegir i nodrir la fusta en mobles d&#039;exterior. Caracter\u00edstiques: Renovador de mobles de teca amb f\u00f3rmula\" \/>\n<meta property=\"og:url\" content=\"https:\/\/ollerpintures.com\/ca\/producte\/paso-renovador-mobles-teca-1000ml\/\" \/>\n<meta property=\"og:site_name\" content=\"Oller Pinturas y Revestimientos\" \/>\n<meta property=\"article:publisher\" content=\"https:\/\/www.facebook.com\/people\/Oller-Pintures\/100063652056709\/\" \/>\n<meta property=\"article:modified_time\" content=\"2026-04-14T13:00:27+00:00\" \/>\n<meta property=\"og:image\" content=\"https:\/\/ollerpintures.com\/wp-content\/uploads\/2023\/10\/paso-renovador-muebles-teca-y-madera-dur-1l.jpg\" \/>\n\t<meta property=\"og:image:width\" content=\"1080\" \/>\n\t<meta property=\"og:image:height\" content=\"1080\" \/>\n\t<meta property=\"og:image:type\" content=\"image\/jpeg\" \/>\n<meta name=\"twitter:card\" content=\"summary_large_image\" \/>\n<meta name=\"twitter:label1\" content=\"Temps estimat de lectura\" \/>\n\t<meta name=\"twitter:data1\" content=\"1 minut\" \/>\n<script type=\"application\/ld+json\" class=\"yoast-schema-graph\">{\"@context\":\"https:\/\/schema.org\",\"@graph\":[{\"@type\":\"WebPage\",\"@id\":\"https:\/\/ollerpintures.com\/ca\/producte\/paso-renovador-mobles-teca-1000ml\/\",\"url\":\"https:\/\/ollerpintures.com\/ca\/producte\/paso-renovador-mobles-teca-1000ml\/\",\"name\":\"PASO renovador mobles teca 1000ml - Oller Pinturas y Revestimientos\",\"isPartOf\":{\"@id\":\"https:\/\/ollerpintures.com\/ca\/#website\"},\"primaryImageOfPage\":{\"@id\":\"https:\/\/ollerpintures.com\/ca\/producte\/paso-renovador-mobles-teca-1000ml\/#primaryimage\"},\"image\":{\"@id\":\"https:\/\/ollerpintures.com\/ca\/producte\/paso-renovador-mobles-teca-1000ml\/#primaryimage\"},\"thumbnailUrl\":\"https:\/\/ollerpintures.com\/wp-content\/uploads\/2023\/10\/paso-renovador-muebles-teca-y-madera-dur-1l.jpg\",\"datePublished\":\"2023-10-16T10:23:21+00:00\",\"dateModified\":\"2026-04-14T13:00:27+00:00\",\"description\":\"Paso renovador mobles teca 1000ml espec\u00edfic per portegir i nodrir la fusta en mobles d'exterior. Caracter\u00edstiques: Renovador de mobles de teca amb f\u00f3rmula\",\"breadcrumb\":{\"@id\":\"https:\/\/ollerpintures.com\/ca\/producte\/paso-renovador-mobles-teca-1000ml\/#breadcrumb\"},\"inLanguage\":\"ca\",\"potentialAction\":[{\"@type\":\"ReadAction\",\"target\":[\"https:\/\/ollerpintures.com\/ca\/producte\/paso-renovador-mobles-teca-1000ml\/\"]}]},{\"@type\":\"ImageObject\",\"inLanguage\":\"ca\",\"@id\":\"https:\/\/ollerpintures.com\/ca\/producte\/paso-renovador-mobles-teca-1000ml\/#primaryimage\",\"url\":\"https:\/\/ollerpintures.com\/wp-content\/uploads\/2023\/10\/paso-renovador-muebles-teca-y-madera-dur-1l.jpg\",\"contentUrl\":\"https:\/\/ollerpintures.com\/wp-content\/uploads\/2023\/10\/paso-renovador-muebles-teca-y-madera-dur-1l.jpg\",\"width\":1080,\"height\":1080,\"caption\":\"paso renovador muebles teca y madera dur 1l\"},{\"@type\":\"BreadcrumbList\",\"@id\":\"https:\/\/ollerpintures.com\/ca\/producte\/paso-renovador-mobles-teca-1000ml\/#breadcrumb\",\"itemListElement\":[{\"@type\":\"ListItem\",\"position\":1,\"name\":\"Inici\",\"item\":\"https:\/\/ollerpintures.com\/ca\/\"},{\"@type\":\"ListItem\",\"position\":2,\"name\":\"Botiga\",\"item\":\"https:\/\/ollerpintures.com\/ca\/botiga\/\"},{\"@type\":\"ListItem\",\"position\":3,\"name\":\"PASO renovador mobles teca 1000ml\"}]},{\"@type\":\"WebSite\",\"@id\":\"https:\/\/ollerpintures.com\/ca\/#website\",\"url\":\"https:\/\/ollerpintures.com\/ca\/\",\"name\":\"Oller Pinturas y Revestimientos\",\"description\":\"Pinturas y revestimientos para profesionales, industrias, obras p\u00fablicas, bricolaje. Pinturas de calidad profesional i mucho m\u00e1s.\",\"publisher\":{\"@id\":\"https:\/\/ollerpintures.com\/ca\/#organization\"},\"alternateName\":\"Oller Grup\",\"potentialAction\":[{\"@type\":\"SearchAction\",\"target\":{\"@type\":\"EntryPoint\",\"urlTemplate\":\"https:\/\/ollerpintures.com\/ca\/?s={search_term_string}\"},\"query-input\":{\"@type\":\"PropertyValueSpecification\",\"valueRequired\":true,\"valueName\":\"search_term_string\"}}],\"inLanguage\":\"ca\"},{\"@type\":\"Organization\",\"@id\":\"https:\/\/ollerpintures.com\/ca\/#organization\",\"name\":\"Oller Pintures i Revestiments\",\"alternateName\":\"Oller Grup\",\"url\":\"https:\/\/ollerpintures.com\/ca\/\",\"logo\":{\"@type\":\"ImageObject\",\"inLanguage\":\"ca\",\"@id\":\"https:\/\/ollerpintures.com\/ca\/#\/schema\/logo\/image\/\",\"url\":\"https:\/\/ollerpintures.com\/wp-content\/uploads\/2024\/05\/newLogo.png\",\"contentUrl\":\"https:\/\/ollerpintures.com\/wp-content\/uploads\/2024\/05\/newLogo.png\",\"width\":483,\"height\":244,\"caption\":\"Oller Pintures i Revestiments\"},\"image\":{\"@id\":\"https:\/\/ollerpintures.com\/ca\/#\/schema\/logo\/image\/\"},\"sameAs\":[\"https:\/\/www.facebook.com\/people\/Oller-Pintures\/100063652056709\/\",\"https:\/\/www.instagram.com\/ollerpintures\/\",\"https:\/\/descriptor.es\/organization\/oller-grup\/\"]}]}<\/script>\n<!-- \/ Yoast SEO plugin. -->","yoast_head_json":{"title":"PASO renovador mobles teca 1000ml - Oller Pinturas y Revestimientos","description":"Paso renovador mobles teca 1000ml espec\u00edfic per portegir i nodrir la fusta en mobles d'exterior. Caracter\u00edstiques: Renovador de mobles de teca amb f\u00f3rmula","robots":{"index":"index","follow":"follow","max-snippet":"max-snippet:-1","max-image-preview":"max-image-preview:large","max-video-preview":"max-video-preview:-1"},"canonical":"https:\/\/ollerpintures.com\/ca\/producte\/paso-renovador-mobles-teca-1000ml\/","og_locale":"ca_ES","og_type":"article","og_title":"PASO renovador mobles teca 1000ml - Oller Pinturas y Revestimientos","og_description":"Paso renovador mobles teca 1000ml espec\u00edfic per portegir i nodrir la fusta en mobles d'exterior. Caracter\u00edstiques: Renovador de mobles de teca amb f\u00f3rmula","og_url":"https:\/\/ollerpintures.com\/ca\/producte\/paso-renovador-mobles-teca-1000ml\/","og_site_name":"Oller Pinturas y Revestimientos","article_publisher":"https:\/\/www.facebook.com\/people\/Oller-Pintures\/100063652056709\/","article_modified_time":"2026-04-14T13:00:27+00:00","og_image":[{"width":1080,"height":1080,"url":"https:\/\/ollerpintures.com\/wp-content\/uploads\/2023\/10\/paso-renovador-muebles-teca-y-madera-dur-1l.jpg","type":"image\/jpeg"}],"twitter_card":"summary_large_image","twitter_misc":{"Temps estimat de lectura":"1 minut"},"schema":{"@context":"https:\/\/schema.org","@graph":[{"@type":"WebPage","@id":"https:\/\/ollerpintures.com\/ca\/producte\/paso-renovador-mobles-teca-1000ml\/","url":"https:\/\/ollerpintures.com\/ca\/producte\/paso-renovador-mobles-teca-1000ml\/","name":"PASO renovador mobles teca 1000ml - Oller Pinturas y Revestimientos","isPartOf":{"@id":"https:\/\/ollerpintures.com\/ca\/#website"},"primaryImageOfPage":{"@id":"https:\/\/ollerpintures.com\/ca\/producte\/paso-renovador-mobles-teca-1000ml\/#primaryimage"},"image":{"@id":"https:\/\/ollerpintures.com\/ca\/producte\/paso-renovador-mobles-teca-1000ml\/#primaryimage"},"thumbnailUrl":"https:\/\/ollerpintures.com\/wp-content\/uploads\/2023\/10\/paso-renovador-muebles-teca-y-madera-dur-1l.jpg","datePublished":"2023-10-16T10:23:21+00:00","dateModified":"2026-04-14T13:00:27+00:00","description":"Paso renovador mobles teca 1000ml espec\u00edfic per portegir i nodrir la fusta en mobles d'exterior. Caracter\u00edstiques: Renovador de mobles de teca amb f\u00f3rmula","breadcrumb":{"@id":"https:\/\/ollerpintures.com\/ca\/producte\/paso-renovador-mobles-teca-1000ml\/#breadcrumb"},"inLanguage":"ca","potentialAction":[{"@type":"ReadAction","target":["https:\/\/ollerpintures.com\/ca\/producte\/paso-renovador-mobles-teca-1000ml\/"]}]},{"@type":"ImageObject","inLanguage":"ca","@id":"https:\/\/ollerpintures.com\/ca\/producte\/paso-renovador-mobles-teca-1000ml\/#primaryimage","url":"https:\/\/ollerpintures.com\/wp-content\/uploads\/2023\/10\/paso-renovador-muebles-teca-y-madera-dur-1l.jpg","contentUrl":"https:\/\/ollerpintures.com\/wp-content\/uploads\/2023\/10\/paso-renovador-muebles-teca-y-madera-dur-1l.jpg","width":1080,"height":1080,"caption":"paso renovador muebles teca y madera dur 1l"},{"@type":"BreadcrumbList","@id":"https:\/\/ollerpintures.com\/ca\/producte\/paso-renovador-mobles-teca-1000ml\/#breadcrumb","itemListElement":[{"@type":"ListItem","position":1,"name":"Inici","item":"https:\/\/ollerpintures.com\/ca\/"},{"@type":"ListItem","position":2,"name":"Botiga","item":"https:\/\/ollerpintures.com\/ca\/botiga\/"},{"@type":"ListItem","position":3,"name":"PASO renovador mobles teca 1000ml"}]},{"@type":"WebSite","@id":"https:\/\/ollerpintures.com\/ca\/#website","url":"https:\/\/ollerpintures.com\/ca\/","name":"Oller Pinturas y Revestimientos","description":"Pinturas y revestimientos para profesionales, industrias, obras p\u00fablicas, bricolaje. Pinturas de calidad profesional i mucho m\u00e1s.","publisher":{"@id":"https:\/\/ollerpintures.com\/ca\/#organization"},"alternateName":"Oller Grup","potentialAction":[{"@type":"SearchAction","target":{"@type":"EntryPoint","urlTemplate":"https:\/\/ollerpintures.com\/ca\/?s={search_term_string}"},"query-input":{"@type":"PropertyValueSpecification","valueRequired":true,"valueName":"search_term_string"}}],"inLanguage":"ca"},{"@type":"Organization","@id":"https:\/\/ollerpintures.com\/ca\/#organization","name":"Oller Pintures i Revestiments","alternateName":"Oller Grup","url":"https:\/\/ollerpintures.com\/ca\/","logo":{"@type":"ImageObject","inLanguage":"ca","@id":"https:\/\/ollerpintures.com\/ca\/#\/schema\/logo\/image\/","url":"https:\/\/ollerpintures.com\/wp-content\/uploads\/2024\/05\/newLogo.png","contentUrl":"https:\/\/ollerpintures.com\/wp-content\/uploads\/2024\/05\/newLogo.png","width":483,"height":244,"caption":"Oller Pintures i Revestiments"},"image":{"@id":"https:\/\/ollerpintures.com\/ca\/#\/schema\/logo\/image\/"},"sameAs":["https:\/\/www.facebook.com\/people\/Oller-Pintures\/100063652056709\/","https:\/\/www.instagram.com\/ollerpintures\/","https:\/\/descriptor.es\/organization\/oller-grup\/"]}]}},"brands":[],"_links":{"self":[{"href":"https:\/\/ollerpintures.com\/ca\/wp-json\/wp\/v2\/product\/26173","targetHints":{"allow":["GET"]}}],"collection":[{"href":"https:\/\/ollerpintures.com\/ca\/wp-json\/wp\/v2\/product"}],"about":[{"href":"https:\/\/ollerpintures.com\/ca\/wp-json\/wp\/v2\/types\/product"}],"wp:featuredmedia":[{"embeddable":true,"href":"https:\/\/ollerpintures.com\/ca\/wp-json\/wp\/v2\/media\/26175"}],"wp:attachment":[{"href":"https:\/\/ollerpintures.com\/ca\/wp-json\/wp\/v2\/media?parent=26173"}],"wp:term":[{"taxonomy":"pwb-brand","embeddable":true,"href":"https:\/\/ollerpintures.com\/ca\/wp-json\/wp\/v2\/pwb-brand?post=26173"},{"taxonomy":"product_brand","embeddable":true,"href":"https:\/\/ollerpintures.com\/ca\/wp-json\/wp\/v2\/product_brand?post=26173"},{"taxonomy":"product_cat","embeddable":true,"href":"https:\/\/ollerpintures.com\/ca\/wp-json\/wp\/v2\/product_cat?post=26173"},{"taxonomy":"product_tag","embeddable":true,"href":"https:\/\/ollerpintures.com\/ca\/wp-json\/wp\/v2\/product_tag?post=26173"}],"curies":[{"name":"wp","href":"https:\/\/api.w.org\/{rel}","templated":true}]}}