{"id":26115,"date":"2023-09-29T11:51:38","date_gmt":"2023-09-29T10:51:38","guid":{"rendered":"https:\/\/oller-pintures.c.wetopi.com\/?post_type=product&#038;p=26115"},"modified":"2026-04-14T14:00:26","modified_gmt":"2026-04-14T13:00:26","slug":"paso-abrillantador-de-terres-parquet-1000ml","status":"publish","type":"product","link":"https:\/\/ollerpintures.com\/ca\/producte\/paso-abrillantador-de-terres-parquet-1000ml\/","title":{"rendered":"PASO abrillantador de terres parquet 1000ml"},"content":{"rendered":"<div class=\"elementor-element elementor-element-5fdcba8 elementor-widget elementor-widget-heading\" data-id=\"5fdcba8\" data-element_type=\"widget\" data-widget_type=\"heading.default\">\n<div class=\"elementor-widget-container\">\n<p class=\"elementor-heading-title elementor-size-default\"><strong><span style=\"vertical-align: inherit;\"><span style=\"vertical-align: inherit;\">Paso abrillantador de terres parquet 1000ml<\/span><\/span><\/strong><span style=\"vertical-align: inherit;\"><span style=\"vertical-align: inherit;\"> espec\u00edfic per protegir el parquet i la fusta envernissada de taques i agressions externes.\u00a0<\/span><\/span><\/p>\n<div class=\"ebT7ne iC15Kb sMVRZe\"><b>Caracter\u00edstiques<\/b><strong>:<\/strong><\/div>\n<p class=\"ebT7ne iC15Kb sMVRZe\">Protegeix el parquet i la fusta envernissada de taques i agressions externes. M\u00e9s resist\u00e8ncia a les ratllades i m\u00e9s protecci\u00f3 per m\u00e9s temps. Abrillanta i renova el color natural. Evita i difumina les ratllades. Assecat r\u00e0pid. Antilliscant<\/p>\n<p class=\"ebT7ne iC15Kb sMVRZe\">Retorna la brillantor<br \/>\nNo rellisca<br \/>\nAssecat r\u00e0pid<\/p>\n<p class=\"elementor-heading-title elementor-size-default\">\n<\/div>\n<\/div>\n","protected":false},"excerpt":{"rendered":"<p>Paso abrillantador de terres parquet 1000ml espec\u00edfic per protegir el parquet i la fusta envernissada de taques i agressions externes.\u00a0 Caracter\u00edstiques: Protegeix el parquet i &#8230; <\/p>\n<p class=\"read-more-container\"><a title=\"PASO abrillantador de terres parquet 1000ml\" class=\"read-more button\" href=\"https:\/\/ollerpintures.com\/ca\/producte\/paso-abrillantador-de-terres-parquet-1000ml\/#more-26115\" aria-label=\"M\u00e9s informaci\u00f3 sobre PASO abrillantador de terres parquet 1000ml\">Seguir llegint<\/a><\/p>\n","protected":false},"featured_media":26154,"template":"","meta":{"_acf_changed":false},"pwb-brand":[],"product_brand":[],"product_cat":[77,2003],"product_tag":[2000,2041,2040,2042],"class_list":{"0":"post-26115","1":"product","2":"type-product","3":"status-publish","4":"has-post-thumbnail","6":"product_cat-eines","7":"product_cat-neteja-professional","8":"product_tag-netejador","9":"product_tag-no-rellisca","10":"product_tag-resistencia-a-ratllades","11":"product_tag-retorna-la-brillantor","12":"no-featured-image-padding","13":"resize-featured-image","14":"sales-flash-overlay","15":"woocommerce-text-align-left","16":"woocommerce-image-align-center","17":"do-quantity-buttons","19":"first","20":"instock","21":"shipping-taxable","22":"purchasable","23":"product-type-simple"},"acf":[],"yoast_head":"<!-- This site is optimized with the Yoast SEO plugin v27.1.1 - https:\/\/yoast.com\/product\/yoast-seo-wordpress\/ -->\n<title>PASO abrillantador de terres parquet 1000ml - Oller Pinturas y Revestimientos<\/title>\n<meta name=\"description\" content=\"Paso abrillantador de terres parquet 1000ml espec\u00edfic per protegir el parquet i la fusta envernissada de taques i agressions externes.\u00a0 Caracter\u00edstiques:\" \/>\n<meta name=\"robots\" content=\"index, follow, max-snippet:-1, max-image-preview:large, max-video-preview:-1\" \/>\n<link rel=\"canonical\" href=\"https:\/\/ollerpintures.com\/ca\/producte\/paso-abrillantador-de-terres-parquet-1000ml\/\" \/>\n<meta property=\"og:locale\" content=\"ca_ES\" \/>\n<meta property=\"og:type\" content=\"article\" \/>\n<meta property=\"og:title\" content=\"PASO abrillantador de terres parquet 1000ml - Oller Pinturas y Revestimientos\" \/>\n<meta property=\"og:description\" content=\"Paso abrillantador de terres parquet 1000ml espec\u00edfic per protegir el parquet i la fusta envernissada de taques i agressions externes.\u00a0 Caracter\u00edstiques:\" \/>\n<meta property=\"og:url\" content=\"https:\/\/ollerpintures.com\/ca\/producte\/paso-abrillantador-de-terres-parquet-1000ml\/\" \/>\n<meta property=\"og:site_name\" content=\"Oller Pinturas y Revestimientos\" \/>\n<meta property=\"article:publisher\" content=\"https:\/\/www.facebook.com\/people\/Oller-Pintures\/100063652056709\/\" \/>\n<meta property=\"article:modified_time\" content=\"2026-04-14T13:00:26+00:00\" \/>\n<meta property=\"og:image\" content=\"https:\/\/ollerpintures.com\/wp-content\/uploads\/2023\/09\/paso-abrillantador-protector-parquet-barniz-1000ml.jpg\" \/>\n\t<meta property=\"og:image:width\" content=\"1080\" \/>\n\t<meta property=\"og:image:height\" content=\"1080\" \/>\n\t<meta property=\"og:image:type\" content=\"image\/jpeg\" \/>\n<meta name=\"twitter:card\" content=\"summary_large_image\" \/>\n<meta name=\"twitter:label1\" content=\"Temps estimat de lectura\" \/>\n\t<meta name=\"twitter:data1\" content=\"1 minut\" \/>\n<script type=\"application\/ld+json\" class=\"yoast-schema-graph\">{\"@context\":\"https:\/\/schema.org\",\"@graph\":[{\"@type\":\"WebPage\",\"@id\":\"https:\/\/ollerpintures.com\/ca\/producte\/paso-abrillantador-de-terres-parquet-1000ml\/\",\"url\":\"https:\/\/ollerpintures.com\/ca\/producte\/paso-abrillantador-de-terres-parquet-1000ml\/\",\"name\":\"PASO abrillantador de terres parquet 1000ml - Oller Pinturas y Revestimientos\",\"isPartOf\":{\"@id\":\"https:\/\/ollerpintures.com\/ca\/#website\"},\"primaryImageOfPage\":{\"@id\":\"https:\/\/ollerpintures.com\/ca\/producte\/paso-abrillantador-de-terres-parquet-1000ml\/#primaryimage\"},\"image\":{\"@id\":\"https:\/\/ollerpintures.com\/ca\/producte\/paso-abrillantador-de-terres-parquet-1000ml\/#primaryimage\"},\"thumbnailUrl\":\"https:\/\/ollerpintures.com\/wp-content\/uploads\/2023\/09\/paso-abrillantador-protector-parquet-barniz-1000ml.jpg\",\"datePublished\":\"2023-09-29T10:51:38+00:00\",\"dateModified\":\"2026-04-14T13:00:26+00:00\",\"description\":\"Paso abrillantador de terres parquet 1000ml espec\u00edfic per protegir el parquet i la fusta envernissada de taques i agressions externes.\u00a0 Caracter\u00edstiques:\",\"breadcrumb\":{\"@id\":\"https:\/\/ollerpintures.com\/ca\/producte\/paso-abrillantador-de-terres-parquet-1000ml\/#breadcrumb\"},\"inLanguage\":\"ca\",\"potentialAction\":[{\"@type\":\"ReadAction\",\"target\":[\"https:\/\/ollerpintures.com\/ca\/producte\/paso-abrillantador-de-terres-parquet-1000ml\/\"]}]},{\"@type\":\"ImageObject\",\"inLanguage\":\"ca\",\"@id\":\"https:\/\/ollerpintures.com\/ca\/producte\/paso-abrillantador-de-terres-parquet-1000ml\/#primaryimage\",\"url\":\"https:\/\/ollerpintures.com\/wp-content\/uploads\/2023\/09\/paso-abrillantador-protector-parquet-barniz-1000ml.jpg\",\"contentUrl\":\"https:\/\/ollerpintures.com\/wp-content\/uploads\/2023\/09\/paso-abrillantador-protector-parquet-barniz-1000ml.jpg\",\"width\":1080,\"height\":1080,\"caption\":\"paso abrillantador protector parquet barniz 1000ml\"},{\"@type\":\"BreadcrumbList\",\"@id\":\"https:\/\/ollerpintures.com\/ca\/producte\/paso-abrillantador-de-terres-parquet-1000ml\/#breadcrumb\",\"itemListElement\":[{\"@type\":\"ListItem\",\"position\":1,\"name\":\"Inici\",\"item\":\"https:\/\/ollerpintures.com\/ca\/\"},{\"@type\":\"ListItem\",\"position\":2,\"name\":\"Botiga\",\"item\":\"https:\/\/ollerpintures.com\/ca\/botiga\/\"},{\"@type\":\"ListItem\",\"position\":3,\"name\":\"PASO abrillantador de terres parquet 1000ml\"}]},{\"@type\":\"WebSite\",\"@id\":\"https:\/\/ollerpintures.com\/ca\/#website\",\"url\":\"https:\/\/ollerpintures.com\/ca\/\",\"name\":\"Oller Pinturas y Revestimientos\",\"description\":\"Pinturas y revestimientos para profesionales, industrias, obras p\u00fablicas, bricolaje. Pinturas de calidad profesional i mucho m\u00e1s.\",\"publisher\":{\"@id\":\"https:\/\/ollerpintures.com\/ca\/#organization\"},\"alternateName\":\"Oller Grup\",\"potentialAction\":[{\"@type\":\"SearchAction\",\"target\":{\"@type\":\"EntryPoint\",\"urlTemplate\":\"https:\/\/ollerpintures.com\/ca\/?s={search_term_string}\"},\"query-input\":{\"@type\":\"PropertyValueSpecification\",\"valueRequired\":true,\"valueName\":\"search_term_string\"}}],\"inLanguage\":\"ca\"},{\"@type\":\"Organization\",\"@id\":\"https:\/\/ollerpintures.com\/ca\/#organization\",\"name\":\"Oller Pintures i Revestiments\",\"alternateName\":\"Oller Grup\",\"url\":\"https:\/\/ollerpintures.com\/ca\/\",\"logo\":{\"@type\":\"ImageObject\",\"inLanguage\":\"ca\",\"@id\":\"https:\/\/ollerpintures.com\/ca\/#\/schema\/logo\/image\/\",\"url\":\"https:\/\/ollerpintures.com\/wp-content\/uploads\/2024\/05\/newLogo.png\",\"contentUrl\":\"https:\/\/ollerpintures.com\/wp-content\/uploads\/2024\/05\/newLogo.png\",\"width\":483,\"height\":244,\"caption\":\"Oller Pintures i Revestiments\"},\"image\":{\"@id\":\"https:\/\/ollerpintures.com\/ca\/#\/schema\/logo\/image\/\"},\"sameAs\":[\"https:\/\/www.facebook.com\/people\/Oller-Pintures\/100063652056709\/\",\"https:\/\/www.instagram.com\/ollerpintures\/\",\"https:\/\/descriptor.es\/organization\/oller-grup\/\"]}]}<\/script>\n<!-- \/ Yoast SEO plugin. -->","yoast_head_json":{"title":"PASO abrillantador de terres parquet 1000ml - Oller Pinturas y Revestimientos","description":"Paso abrillantador de terres parquet 1000ml espec\u00edfic per protegir el parquet i la fusta envernissada de taques i agressions externes.\u00a0 Caracter\u00edstiques:","robots":{"index":"index","follow":"follow","max-snippet":"max-snippet:-1","max-image-preview":"max-image-preview:large","max-video-preview":"max-video-preview:-1"},"canonical":"https:\/\/ollerpintures.com\/ca\/producte\/paso-abrillantador-de-terres-parquet-1000ml\/","og_locale":"ca_ES","og_type":"article","og_title":"PASO abrillantador de terres parquet 1000ml - Oller Pinturas y Revestimientos","og_description":"Paso abrillantador de terres parquet 1000ml espec\u00edfic per protegir el parquet i la fusta envernissada de taques i agressions externes.\u00a0 Caracter\u00edstiques:","og_url":"https:\/\/ollerpintures.com\/ca\/producte\/paso-abrillantador-de-terres-parquet-1000ml\/","og_site_name":"Oller Pinturas y Revestimientos","article_publisher":"https:\/\/www.facebook.com\/people\/Oller-Pintures\/100063652056709\/","article_modified_time":"2026-04-14T13:00:26+00:00","og_image":[{"width":1080,"height":1080,"url":"https:\/\/ollerpintures.com\/wp-content\/uploads\/2023\/09\/paso-abrillantador-protector-parquet-barniz-1000ml.jpg","type":"image\/jpeg"}],"twitter_card":"summary_large_image","twitter_misc":{"Temps estimat de lectura":"1 minut"},"schema":{"@context":"https:\/\/schema.org","@graph":[{"@type":"WebPage","@id":"https:\/\/ollerpintures.com\/ca\/producte\/paso-abrillantador-de-terres-parquet-1000ml\/","url":"https:\/\/ollerpintures.com\/ca\/producte\/paso-abrillantador-de-terres-parquet-1000ml\/","name":"PASO abrillantador de terres parquet 1000ml - Oller Pinturas y Revestimientos","isPartOf":{"@id":"https:\/\/ollerpintures.com\/ca\/#website"},"primaryImageOfPage":{"@id":"https:\/\/ollerpintures.com\/ca\/producte\/paso-abrillantador-de-terres-parquet-1000ml\/#primaryimage"},"image":{"@id":"https:\/\/ollerpintures.com\/ca\/producte\/paso-abrillantador-de-terres-parquet-1000ml\/#primaryimage"},"thumbnailUrl":"https:\/\/ollerpintures.com\/wp-content\/uploads\/2023\/09\/paso-abrillantador-protector-parquet-barniz-1000ml.jpg","datePublished":"2023-09-29T10:51:38+00:00","dateModified":"2026-04-14T13:00:26+00:00","description":"Paso abrillantador de terres parquet 1000ml espec\u00edfic per protegir el parquet i la fusta envernissada de taques i agressions externes.\u00a0 Caracter\u00edstiques:","breadcrumb":{"@id":"https:\/\/ollerpintures.com\/ca\/producte\/paso-abrillantador-de-terres-parquet-1000ml\/#breadcrumb"},"inLanguage":"ca","potentialAction":[{"@type":"ReadAction","target":["https:\/\/ollerpintures.com\/ca\/producte\/paso-abrillantador-de-terres-parquet-1000ml\/"]}]},{"@type":"ImageObject","inLanguage":"ca","@id":"https:\/\/ollerpintures.com\/ca\/producte\/paso-abrillantador-de-terres-parquet-1000ml\/#primaryimage","url":"https:\/\/ollerpintures.com\/wp-content\/uploads\/2023\/09\/paso-abrillantador-protector-parquet-barniz-1000ml.jpg","contentUrl":"https:\/\/ollerpintures.com\/wp-content\/uploads\/2023\/09\/paso-abrillantador-protector-parquet-barniz-1000ml.jpg","width":1080,"height":1080,"caption":"paso abrillantador protector parquet barniz 1000ml"},{"@type":"BreadcrumbList","@id":"https:\/\/ollerpintures.com\/ca\/producte\/paso-abrillantador-de-terres-parquet-1000ml\/#breadcrumb","itemListElement":[{"@type":"ListItem","position":1,"name":"Inici","item":"https:\/\/ollerpintures.com\/ca\/"},{"@type":"ListItem","position":2,"name":"Botiga","item":"https:\/\/ollerpintures.com\/ca\/botiga\/"},{"@type":"ListItem","position":3,"name":"PASO abrillantador de terres parquet 1000ml"}]},{"@type":"WebSite","@id":"https:\/\/ollerpintures.com\/ca\/#website","url":"https:\/\/ollerpintures.com\/ca\/","name":"Oller Pinturas y Revestimientos","description":"Pinturas y revestimientos para profesionales, industrias, obras p\u00fablicas, bricolaje. Pinturas de calidad profesional i mucho m\u00e1s.","publisher":{"@id":"https:\/\/ollerpintures.com\/ca\/#organization"},"alternateName":"Oller Grup","potentialAction":[{"@type":"SearchAction","target":{"@type":"EntryPoint","urlTemplate":"https:\/\/ollerpintures.com\/ca\/?s={search_term_string}"},"query-input":{"@type":"PropertyValueSpecification","valueRequired":true,"valueName":"search_term_string"}}],"inLanguage":"ca"},{"@type":"Organization","@id":"https:\/\/ollerpintures.com\/ca\/#organization","name":"Oller Pintures i Revestiments","alternateName":"Oller Grup","url":"https:\/\/ollerpintures.com\/ca\/","logo":{"@type":"ImageObject","inLanguage":"ca","@id":"https:\/\/ollerpintures.com\/ca\/#\/schema\/logo\/image\/","url":"https:\/\/ollerpintures.com\/wp-content\/uploads\/2024\/05\/newLogo.png","contentUrl":"https:\/\/ollerpintures.com\/wp-content\/uploads\/2024\/05\/newLogo.png","width":483,"height":244,"caption":"Oller Pintures i Revestiments"},"image":{"@id":"https:\/\/ollerpintures.com\/ca\/#\/schema\/logo\/image\/"},"sameAs":["https:\/\/www.facebook.com\/people\/Oller-Pintures\/100063652056709\/","https:\/\/www.instagram.com\/ollerpintures\/","https:\/\/descriptor.es\/organization\/oller-grup\/"]}]}},"brands":[],"_links":{"self":[{"href":"https:\/\/ollerpintures.com\/ca\/wp-json\/wp\/v2\/product\/26115","targetHints":{"allow":["GET"]}}],"collection":[{"href":"https:\/\/ollerpintures.com\/ca\/wp-json\/wp\/v2\/product"}],"about":[{"href":"https:\/\/ollerpintures.com\/ca\/wp-json\/wp\/v2\/types\/product"}],"wp:featuredmedia":[{"embeddable":true,"href":"https:\/\/ollerpintures.com\/ca\/wp-json\/wp\/v2\/media\/26154"}],"wp:attachment":[{"href":"https:\/\/ollerpintures.com\/ca\/wp-json\/wp\/v2\/media?parent=26115"}],"wp:term":[{"taxonomy":"pwb-brand","embeddable":true,"href":"https:\/\/ollerpintures.com\/ca\/wp-json\/wp\/v2\/pwb-brand?post=26115"},{"taxonomy":"product_brand","embeddable":true,"href":"https:\/\/ollerpintures.com\/ca\/wp-json\/wp\/v2\/product_brand?post=26115"},{"taxonomy":"product_cat","embeddable":true,"href":"https:\/\/ollerpintures.com\/ca\/wp-json\/wp\/v2\/product_cat?post=26115"},{"taxonomy":"product_tag","embeddable":true,"href":"https:\/\/ollerpintures.com\/ca\/wp-json\/wp\/v2\/product_tag?post=26115"}],"curies":[{"name":"wp","href":"https:\/\/api.w.org\/{rel}","templated":true}]}}