{"id":26062,"date":"2023-09-25T11:38:52","date_gmt":"2023-09-25T10:38:52","guid":{"rendered":"https:\/\/oller-pintures.c.wetopi.com\/?post_type=product&#038;p=26062"},"modified":"2026-04-14T14:00:27","modified_gmt":"2026-04-14T13:00:27","slug":"paso-desembussador-de-canonades-turbo-350ml","status":"publish","type":"product","link":"https:\/\/ollerpintures.com\/ca\/producte\/paso-desembussador-de-canonades-turbo-350ml\/","title":{"rendered":"PASO desembussador de canonades turbo 350ml"},"content":{"rendered":"<div class=\"elementor-element elementor-element-5fdcba8 elementor-widget elementor-widget-heading\" data-id=\"5fdcba8\" data-element_type=\"widget\" data-widget_type=\"heading.default\">\n<div class=\"elementor-widget-container\">\n<p class=\"elementor-heading-title elementor-size-default\"><strong><span style=\"vertical-align: inherit;\"><span style=\"vertical-align: inherit;\">Paso desembussador de canonades turbo 350ml<\/span><\/span><\/strong><span style=\"vertical-align: inherit;\"><span style=\"vertical-align: inherit;\"> espec\u00edfic d&#8217;acci\u00f3 d&#8217;emerg\u00e8ncia per a bloquejos totals.<\/span><\/span><\/p>\n<div class=\"ebT7ne iC15Kb sMVRZe\"><b>Caracter\u00edstiques<\/b><strong>:<\/strong><\/div>\n<p>Desembussador de canonades amb f\u00f3rmula turbo a base de microperles efervescents de triple efic\u00e0cia: alta efervesc\u00e8ncia, alta velocitat i alta efic\u00e0cia.<\/p>\n<\/div>\n<\/div>\n","protected":false},"excerpt":{"rendered":"<p>Paso desembussador de canonades turbo 350ml espec\u00edfic d&#8217;acci\u00f3 d&#8217;emerg\u00e8ncia per a bloquejos totals. Caracter\u00edstiques: Desembussador de canonades amb f\u00f3rmula turbo a base de microperles efervescents &#8230; <\/p>\n<p class=\"read-more-container\"><a title=\"PASO desembussador de canonades turbo 350ml\" class=\"read-more button\" href=\"https:\/\/ollerpintures.com\/ca\/producte\/paso-desembussador-de-canonades-turbo-350ml\/#more-26062\" aria-label=\"M\u00e9s informaci\u00f3 sobre PASO desembussador de canonades turbo 350ml\">Seguir llegint<\/a><\/p>\n","protected":false},"featured_media":26064,"template":"","meta":{"_acf_changed":false},"pwb-brand":[],"product_brand":[],"product_cat":[77,2003],"product_tag":[2053,2052],"class_list":{"0":"post-26062","1":"product","2":"type-product","3":"status-publish","4":"has-post-thumbnail","6":"product_cat-eines","7":"product_cat-neteja-professional","8":"product_tag-bloquejos-totals","9":"product_tag-desembussador","10":"no-featured-image-padding","11":"resize-featured-image","12":"sales-flash-overlay","13":"woocommerce-text-align-left","14":"woocommerce-image-align-center","15":"do-quantity-buttons","17":"first","18":"instock","19":"shipping-taxable","20":"purchasable","21":"product-type-simple"},"acf":[],"yoast_head":"<!-- This site is optimized with the Yoast SEO plugin v27.1.1 - https:\/\/yoast.com\/product\/yoast-seo-wordpress\/ -->\n<title>PASO desembussador de canonades turbo 350ml - Oller Pinturas y Revestimientos<\/title>\n<meta name=\"description\" content=\"Paso desembussador de canonades turbo 350ml espec\u00edfic d&#039;acci\u00f3 d&#039;emerg\u00e8ncia per a bloquejos totals. Caracter\u00edstiques: Desembussador de canonades amb\" \/>\n<meta name=\"robots\" content=\"index, follow, max-snippet:-1, max-image-preview:large, max-video-preview:-1\" \/>\n<link rel=\"canonical\" href=\"https:\/\/ollerpintures.com\/ca\/producte\/paso-desembussador-de-canonades-turbo-350ml\/\" \/>\n<meta property=\"og:locale\" content=\"ca_ES\" \/>\n<meta property=\"og:type\" content=\"article\" \/>\n<meta property=\"og:title\" content=\"PASO desembussador de canonades turbo 350ml - Oller Pinturas y Revestimientos\" \/>\n<meta property=\"og:description\" content=\"Paso desembussador de canonades turbo 350ml espec\u00edfic d&#039;acci\u00f3 d&#039;emerg\u00e8ncia per a bloquejos totals. Caracter\u00edstiques: Desembussador de canonades amb\" \/>\n<meta property=\"og:url\" content=\"https:\/\/ollerpintures.com\/ca\/producte\/paso-desembussador-de-canonades-turbo-350ml\/\" \/>\n<meta property=\"og:site_name\" content=\"Oller Pinturas y Revestimientos\" \/>\n<meta property=\"article:publisher\" content=\"https:\/\/www.facebook.com\/people\/Oller-Pintures\/100063652056709\/\" \/>\n<meta property=\"article:modified_time\" content=\"2026-04-14T13:00:27+00:00\" \/>\n<meta property=\"og:image\" content=\"https:\/\/ollerpintures.com\/wp-content\/uploads\/2023\/09\/paso-desatascador-turbo-350ml.jpg\" \/>\n\t<meta property=\"og:image:width\" content=\"1080\" \/>\n\t<meta property=\"og:image:height\" content=\"1080\" \/>\n\t<meta property=\"og:image:type\" content=\"image\/jpeg\" \/>\n<meta name=\"twitter:card\" content=\"summary_large_image\" \/>\n<meta name=\"twitter:label1\" content=\"Temps estimat de lectura\" \/>\n\t<meta name=\"twitter:data1\" content=\"1 minut\" \/>\n<script type=\"application\/ld+json\" class=\"yoast-schema-graph\">{\"@context\":\"https:\/\/schema.org\",\"@graph\":[{\"@type\":\"WebPage\",\"@id\":\"https:\/\/ollerpintures.com\/ca\/producte\/paso-desembussador-de-canonades-turbo-350ml\/\",\"url\":\"https:\/\/ollerpintures.com\/ca\/producte\/paso-desembussador-de-canonades-turbo-350ml\/\",\"name\":\"PASO desembussador de canonades turbo 350ml - Oller Pinturas y Revestimientos\",\"isPartOf\":{\"@id\":\"https:\/\/ollerpintures.com\/ca\/#website\"},\"primaryImageOfPage\":{\"@id\":\"https:\/\/ollerpintures.com\/ca\/producte\/paso-desembussador-de-canonades-turbo-350ml\/#primaryimage\"},\"image\":{\"@id\":\"https:\/\/ollerpintures.com\/ca\/producte\/paso-desembussador-de-canonades-turbo-350ml\/#primaryimage\"},\"thumbnailUrl\":\"https:\/\/ollerpintures.com\/wp-content\/uploads\/2023\/09\/paso-desatascador-turbo-350ml.jpg\",\"datePublished\":\"2023-09-25T10:38:52+00:00\",\"dateModified\":\"2026-04-14T13:00:27+00:00\",\"description\":\"Paso desembussador de canonades turbo 350ml espec\u00edfic d'acci\u00f3 d'emerg\u00e8ncia per a bloquejos totals. Caracter\u00edstiques: Desembussador de canonades amb\",\"breadcrumb\":{\"@id\":\"https:\/\/ollerpintures.com\/ca\/producte\/paso-desembussador-de-canonades-turbo-350ml\/#breadcrumb\"},\"inLanguage\":\"ca\",\"potentialAction\":[{\"@type\":\"ReadAction\",\"target\":[\"https:\/\/ollerpintures.com\/ca\/producte\/paso-desembussador-de-canonades-turbo-350ml\/\"]}]},{\"@type\":\"ImageObject\",\"inLanguage\":\"ca\",\"@id\":\"https:\/\/ollerpintures.com\/ca\/producte\/paso-desembussador-de-canonades-turbo-350ml\/#primaryimage\",\"url\":\"https:\/\/ollerpintures.com\/wp-content\/uploads\/2023\/09\/paso-desatascador-turbo-350ml.jpg\",\"contentUrl\":\"https:\/\/ollerpintures.com\/wp-content\/uploads\/2023\/09\/paso-desatascador-turbo-350ml.jpg\",\"width\":1080,\"height\":1080,\"caption\":\"paso desatascador turbo 350ml\"},{\"@type\":\"BreadcrumbList\",\"@id\":\"https:\/\/ollerpintures.com\/ca\/producte\/paso-desembussador-de-canonades-turbo-350ml\/#breadcrumb\",\"itemListElement\":[{\"@type\":\"ListItem\",\"position\":1,\"name\":\"Inici\",\"item\":\"https:\/\/ollerpintures.com\/ca\/\"},{\"@type\":\"ListItem\",\"position\":2,\"name\":\"Botiga\",\"item\":\"https:\/\/ollerpintures.com\/ca\/botiga\/\"},{\"@type\":\"ListItem\",\"position\":3,\"name\":\"PASO desembussador de canonades turbo 350ml\"}]},{\"@type\":\"WebSite\",\"@id\":\"https:\/\/ollerpintures.com\/ca\/#website\",\"url\":\"https:\/\/ollerpintures.com\/ca\/\",\"name\":\"Oller Pinturas y Revestimientos\",\"description\":\"Pinturas y revestimientos para profesionales, industrias, obras p\u00fablicas, bricolaje. Pinturas de calidad profesional i mucho m\u00e1s.\",\"publisher\":{\"@id\":\"https:\/\/ollerpintures.com\/ca\/#organization\"},\"alternateName\":\"Oller Grup\",\"potentialAction\":[{\"@type\":\"SearchAction\",\"target\":{\"@type\":\"EntryPoint\",\"urlTemplate\":\"https:\/\/ollerpintures.com\/ca\/?s={search_term_string}\"},\"query-input\":{\"@type\":\"PropertyValueSpecification\",\"valueRequired\":true,\"valueName\":\"search_term_string\"}}],\"inLanguage\":\"ca\"},{\"@type\":\"Organization\",\"@id\":\"https:\/\/ollerpintures.com\/ca\/#organization\",\"name\":\"Oller Pintures i Revestiments\",\"alternateName\":\"Oller Grup\",\"url\":\"https:\/\/ollerpintures.com\/ca\/\",\"logo\":{\"@type\":\"ImageObject\",\"inLanguage\":\"ca\",\"@id\":\"https:\/\/ollerpintures.com\/ca\/#\/schema\/logo\/image\/\",\"url\":\"https:\/\/ollerpintures.com\/wp-content\/uploads\/2024\/05\/newLogo.png\",\"contentUrl\":\"https:\/\/ollerpintures.com\/wp-content\/uploads\/2024\/05\/newLogo.png\",\"width\":483,\"height\":244,\"caption\":\"Oller Pintures i Revestiments\"},\"image\":{\"@id\":\"https:\/\/ollerpintures.com\/ca\/#\/schema\/logo\/image\/\"},\"sameAs\":[\"https:\/\/www.facebook.com\/people\/Oller-Pintures\/100063652056709\/\",\"https:\/\/www.instagram.com\/ollerpintures\/\",\"https:\/\/descriptor.es\/organization\/oller-grup\/\"]}]}<\/script>\n<!-- \/ Yoast SEO plugin. -->","yoast_head_json":{"title":"PASO desembussador de canonades turbo 350ml - Oller Pinturas y Revestimientos","description":"Paso desembussador de canonades turbo 350ml espec\u00edfic d'acci\u00f3 d'emerg\u00e8ncia per a bloquejos totals. Caracter\u00edstiques: Desembussador de canonades amb","robots":{"index":"index","follow":"follow","max-snippet":"max-snippet:-1","max-image-preview":"max-image-preview:large","max-video-preview":"max-video-preview:-1"},"canonical":"https:\/\/ollerpintures.com\/ca\/producte\/paso-desembussador-de-canonades-turbo-350ml\/","og_locale":"ca_ES","og_type":"article","og_title":"PASO desembussador de canonades turbo 350ml - Oller Pinturas y Revestimientos","og_description":"Paso desembussador de canonades turbo 350ml espec\u00edfic d'acci\u00f3 d'emerg\u00e8ncia per a bloquejos totals. Caracter\u00edstiques: Desembussador de canonades amb","og_url":"https:\/\/ollerpintures.com\/ca\/producte\/paso-desembussador-de-canonades-turbo-350ml\/","og_site_name":"Oller Pinturas y Revestimientos","article_publisher":"https:\/\/www.facebook.com\/people\/Oller-Pintures\/100063652056709\/","article_modified_time":"2026-04-14T13:00:27+00:00","og_image":[{"width":1080,"height":1080,"url":"https:\/\/ollerpintures.com\/wp-content\/uploads\/2023\/09\/paso-desatascador-turbo-350ml.jpg","type":"image\/jpeg"}],"twitter_card":"summary_large_image","twitter_misc":{"Temps estimat de lectura":"1 minut"},"schema":{"@context":"https:\/\/schema.org","@graph":[{"@type":"WebPage","@id":"https:\/\/ollerpintures.com\/ca\/producte\/paso-desembussador-de-canonades-turbo-350ml\/","url":"https:\/\/ollerpintures.com\/ca\/producte\/paso-desembussador-de-canonades-turbo-350ml\/","name":"PASO desembussador de canonades turbo 350ml - Oller Pinturas y Revestimientos","isPartOf":{"@id":"https:\/\/ollerpintures.com\/ca\/#website"},"primaryImageOfPage":{"@id":"https:\/\/ollerpintures.com\/ca\/producte\/paso-desembussador-de-canonades-turbo-350ml\/#primaryimage"},"image":{"@id":"https:\/\/ollerpintures.com\/ca\/producte\/paso-desembussador-de-canonades-turbo-350ml\/#primaryimage"},"thumbnailUrl":"https:\/\/ollerpintures.com\/wp-content\/uploads\/2023\/09\/paso-desatascador-turbo-350ml.jpg","datePublished":"2023-09-25T10:38:52+00:00","dateModified":"2026-04-14T13:00:27+00:00","description":"Paso desembussador de canonades turbo 350ml espec\u00edfic d'acci\u00f3 d'emerg\u00e8ncia per a bloquejos totals. Caracter\u00edstiques: Desembussador de canonades amb","breadcrumb":{"@id":"https:\/\/ollerpintures.com\/ca\/producte\/paso-desembussador-de-canonades-turbo-350ml\/#breadcrumb"},"inLanguage":"ca","potentialAction":[{"@type":"ReadAction","target":["https:\/\/ollerpintures.com\/ca\/producte\/paso-desembussador-de-canonades-turbo-350ml\/"]}]},{"@type":"ImageObject","inLanguage":"ca","@id":"https:\/\/ollerpintures.com\/ca\/producte\/paso-desembussador-de-canonades-turbo-350ml\/#primaryimage","url":"https:\/\/ollerpintures.com\/wp-content\/uploads\/2023\/09\/paso-desatascador-turbo-350ml.jpg","contentUrl":"https:\/\/ollerpintures.com\/wp-content\/uploads\/2023\/09\/paso-desatascador-turbo-350ml.jpg","width":1080,"height":1080,"caption":"paso desatascador turbo 350ml"},{"@type":"BreadcrumbList","@id":"https:\/\/ollerpintures.com\/ca\/producte\/paso-desembussador-de-canonades-turbo-350ml\/#breadcrumb","itemListElement":[{"@type":"ListItem","position":1,"name":"Inici","item":"https:\/\/ollerpintures.com\/ca\/"},{"@type":"ListItem","position":2,"name":"Botiga","item":"https:\/\/ollerpintures.com\/ca\/botiga\/"},{"@type":"ListItem","position":3,"name":"PASO desembussador de canonades turbo 350ml"}]},{"@type":"WebSite","@id":"https:\/\/ollerpintures.com\/ca\/#website","url":"https:\/\/ollerpintures.com\/ca\/","name":"Oller Pinturas y Revestimientos","description":"Pinturas y revestimientos para profesionales, industrias, obras p\u00fablicas, bricolaje. Pinturas de calidad profesional i mucho m\u00e1s.","publisher":{"@id":"https:\/\/ollerpintures.com\/ca\/#organization"},"alternateName":"Oller Grup","potentialAction":[{"@type":"SearchAction","target":{"@type":"EntryPoint","urlTemplate":"https:\/\/ollerpintures.com\/ca\/?s={search_term_string}"},"query-input":{"@type":"PropertyValueSpecification","valueRequired":true,"valueName":"search_term_string"}}],"inLanguage":"ca"},{"@type":"Organization","@id":"https:\/\/ollerpintures.com\/ca\/#organization","name":"Oller Pintures i Revestiments","alternateName":"Oller Grup","url":"https:\/\/ollerpintures.com\/ca\/","logo":{"@type":"ImageObject","inLanguage":"ca","@id":"https:\/\/ollerpintures.com\/ca\/#\/schema\/logo\/image\/","url":"https:\/\/ollerpintures.com\/wp-content\/uploads\/2024\/05\/newLogo.png","contentUrl":"https:\/\/ollerpintures.com\/wp-content\/uploads\/2024\/05\/newLogo.png","width":483,"height":244,"caption":"Oller Pintures i Revestiments"},"image":{"@id":"https:\/\/ollerpintures.com\/ca\/#\/schema\/logo\/image\/"},"sameAs":["https:\/\/www.facebook.com\/people\/Oller-Pintures\/100063652056709\/","https:\/\/www.instagram.com\/ollerpintures\/","https:\/\/descriptor.es\/organization\/oller-grup\/"]}]}},"brands":[],"_links":{"self":[{"href":"https:\/\/ollerpintures.com\/ca\/wp-json\/wp\/v2\/product\/26062","targetHints":{"allow":["GET"]}}],"collection":[{"href":"https:\/\/ollerpintures.com\/ca\/wp-json\/wp\/v2\/product"}],"about":[{"href":"https:\/\/ollerpintures.com\/ca\/wp-json\/wp\/v2\/types\/product"}],"wp:featuredmedia":[{"embeddable":true,"href":"https:\/\/ollerpintures.com\/ca\/wp-json\/wp\/v2\/media\/26064"}],"wp:attachment":[{"href":"https:\/\/ollerpintures.com\/ca\/wp-json\/wp\/v2\/media?parent=26062"}],"wp:term":[{"taxonomy":"pwb-brand","embeddable":true,"href":"https:\/\/ollerpintures.com\/ca\/wp-json\/wp\/v2\/pwb-brand?post=26062"},{"taxonomy":"product_brand","embeddable":true,"href":"https:\/\/ollerpintures.com\/ca\/wp-json\/wp\/v2\/product_brand?post=26062"},{"taxonomy":"product_cat","embeddable":true,"href":"https:\/\/ollerpintures.com\/ca\/wp-json\/wp\/v2\/product_cat?post=26062"},{"taxonomy":"product_tag","embeddable":true,"href":"https:\/\/ollerpintures.com\/ca\/wp-json\/wp\/v2\/product_tag?post=26062"}],"curies":[{"name":"wp","href":"https:\/\/api.w.org\/{rel}","templated":true}]}}