{"id":26058,"date":"2023-09-25T11:21:56","date_gmt":"2023-09-25T10:21:56","guid":{"rendered":"https:\/\/oller-pintures.c.wetopi.com\/?post_type=product&#038;p=26058"},"modified":"2026-04-14T14:00:27","modified_gmt":"2026-04-14T13:00:27","slug":"paso-humibox-lavanda-atrapa-la-humitat-250ml","status":"publish","type":"product","link":"https:\/\/ollerpintures.com\/ca\/producte\/paso-humibox-lavanda-atrapa-la-humitat-250ml\/","title":{"rendered":"PASO humibox lavanda atrapa la humitat  250ml"},"content":{"rendered":"<div class=\"elementor-element elementor-element-5fdcba8 elementor-widget elementor-widget-heading\" data-id=\"5fdcba8\" data-element_type=\"widget\" data-widget_type=\"heading.default\">\n<div class=\"elementor-widget-container\">\n<p class=\"elementor-heading-title elementor-size-default\"><strong><span style=\"vertical-align: inherit;\"><span style=\"vertical-align: inherit;\">Paso humibox lavanda atrapa la humitat 250ml<\/span><\/span><\/strong><span style=\"vertical-align: inherit;\"><span style=\"vertical-align: inherit;\"> captura 3 vegades m\u00e9s la humitat amb PAS Humibox Antihumitat i acaba amb les males olors amb un format segur.<\/span><\/span><\/p>\n<div class=\"ebT7ne iC15Kb sMVRZe\"><b>Caracter\u00edstiques<\/b><strong>: <\/strong><\/div>\n<p>Dispositiu antihumitat d&#8217;un sol \u00fas en format safata amb la tecnologia exclusiva ABSOTECH3 basat en un granulat de m\u00e0xima efic\u00e0cia per la seva capacitat de triple absorci\u00f3 respecte a les absorbeix humitats convencionals.\u00a0 Acaba amb les males olors, mant\u00e9 l&#8217;aire fresc i prev\u00e9 la floridura, aconseguint i mantenint un nivell d&#8217;humitat \u00f2ptim.<\/p>\n<p>Sense dip\u00f2sit, sense recanvis, sense instal\u00b7laci\u00f3. Usar i llen\u00e7ar<br \/>\nRecintes de fins a 60m3<br \/>\nProporciona frescor, protecci\u00f3 i confort.<br \/>\nRegula la humitat relativa sense ressecar l&#8217;ambient.<br \/>\nObrir i llest!<\/p>\n<\/div>\n<\/div>\n","protected":false},"excerpt":{"rendered":"<p>Paso humibox lavanda atrapa la humitat 250ml captura 3 vegades m\u00e9s la humitat amb PAS Humibox Antihumitat i acaba amb les males olors amb un &#8230; <\/p>\n<p class=\"read-more-container\"><a title=\"PASO humibox lavanda atrapa la humitat  250ml\" class=\"read-more button\" href=\"https:\/\/ollerpintures.com\/ca\/producte\/paso-humibox-lavanda-atrapa-la-humitat-250ml\/#more-26058\" aria-label=\"M\u00e9s informaci\u00f3 sobre PASO humibox lavanda atrapa la humitat  250ml\">Seguir llegint<\/a><\/p>\n","protected":false},"featured_media":26060,"template":"","meta":{"_acf_changed":false},"pwb-brand":[],"product_brand":[],"product_cat":[77,2003],"product_tag":[2046,2050,2047],"class_list":{"0":"post-26058","1":"product","2":"type-product","3":"status-publish","4":"has-post-thumbnail","6":"product_cat-eines","7":"product_cat-neteja-professional","8":"product_tag-antihumitat","9":"product_tag-lavanda","10":"product_tag-proporciona-frescor","11":"no-featured-image-padding","12":"resize-featured-image","13":"sales-flash-overlay","14":"woocommerce-text-align-left","15":"woocommerce-image-align-center","16":"do-quantity-buttons","18":"first","19":"outofstock","20":"shipping-taxable","21":"purchasable","22":"product-type-simple"},"acf":[],"yoast_head":"<!-- This site is optimized with the Yoast SEO plugin v27.1.1 - https:\/\/yoast.com\/product\/yoast-seo-wordpress\/ -->\n<title>PASO humibox lavanda atrapa la humitat 250ml - Oller Pinturas y Revestimientos<\/title>\n<meta name=\"description\" content=\"Paso humibox lavanda atrapa la humitat 250ml captura 3 vegades m\u00e9s la humitat amb PAS Humibox Antihumitat i acaba amb les males olors amb un format segur.\" \/>\n<meta name=\"robots\" content=\"index, follow, max-snippet:-1, max-image-preview:large, max-video-preview:-1\" \/>\n<link rel=\"canonical\" href=\"https:\/\/ollerpintures.com\/ca\/producte\/paso-humibox-lavanda-atrapa-la-humitat-250ml\/\" \/>\n<meta property=\"og:locale\" content=\"ca_ES\" \/>\n<meta property=\"og:type\" content=\"article\" \/>\n<meta property=\"og:title\" content=\"PASO humibox lavanda atrapa la humitat 250ml - Oller Pinturas y Revestimientos\" \/>\n<meta property=\"og:description\" content=\"Paso humibox lavanda atrapa la humitat 250ml captura 3 vegades m\u00e9s la humitat amb PAS Humibox Antihumitat i acaba amb les males olors amb un format segur.\" \/>\n<meta property=\"og:url\" content=\"https:\/\/ollerpintures.com\/ca\/producte\/paso-humibox-lavanda-atrapa-la-humitat-250ml\/\" \/>\n<meta property=\"og:site_name\" content=\"Oller Pinturas y Revestimientos\" \/>\n<meta property=\"article:publisher\" content=\"https:\/\/www.facebook.com\/people\/Oller-Pintures\/100063652056709\/\" \/>\n<meta property=\"article:modified_time\" content=\"2026-04-14T13:00:27+00:00\" \/>\n<meta property=\"og:image\" content=\"https:\/\/ollerpintures.com\/wp-content\/uploads\/2023\/09\/humibox-lavanda-2x60g.jpg\" \/>\n\t<meta property=\"og:image:width\" content=\"1080\" \/>\n\t<meta property=\"og:image:height\" content=\"1080\" \/>\n\t<meta property=\"og:image:type\" content=\"image\/jpeg\" \/>\n<meta name=\"twitter:card\" content=\"summary_large_image\" \/>\n<meta name=\"twitter:label1\" content=\"Temps estimat de lectura\" \/>\n\t<meta name=\"twitter:data1\" content=\"1 minut\" \/>\n<script type=\"application\/ld+json\" class=\"yoast-schema-graph\">{\"@context\":\"https:\/\/schema.org\",\"@graph\":[{\"@type\":\"WebPage\",\"@id\":\"https:\/\/ollerpintures.com\/ca\/producte\/paso-humibox-lavanda-atrapa-la-humitat-250ml\/\",\"url\":\"https:\/\/ollerpintures.com\/ca\/producte\/paso-humibox-lavanda-atrapa-la-humitat-250ml\/\",\"name\":\"PASO humibox lavanda atrapa la humitat 250ml - Oller Pinturas y Revestimientos\",\"isPartOf\":{\"@id\":\"https:\/\/ollerpintures.com\/ca\/#website\"},\"primaryImageOfPage\":{\"@id\":\"https:\/\/ollerpintures.com\/ca\/producte\/paso-humibox-lavanda-atrapa-la-humitat-250ml\/#primaryimage\"},\"image\":{\"@id\":\"https:\/\/ollerpintures.com\/ca\/producte\/paso-humibox-lavanda-atrapa-la-humitat-250ml\/#primaryimage\"},\"thumbnailUrl\":\"https:\/\/ollerpintures.com\/wp-content\/uploads\/2023\/09\/humibox-lavanda-2x60g.jpg\",\"datePublished\":\"2023-09-25T10:21:56+00:00\",\"dateModified\":\"2026-04-14T13:00:27+00:00\",\"description\":\"Paso humibox lavanda atrapa la humitat 250ml captura 3 vegades m\u00e9s la humitat amb PAS Humibox Antihumitat i acaba amb les males olors amb un format segur.\",\"breadcrumb\":{\"@id\":\"https:\/\/ollerpintures.com\/ca\/producte\/paso-humibox-lavanda-atrapa-la-humitat-250ml\/#breadcrumb\"},\"inLanguage\":\"ca\",\"potentialAction\":[{\"@type\":\"ReadAction\",\"target\":[\"https:\/\/ollerpintures.com\/ca\/producte\/paso-humibox-lavanda-atrapa-la-humitat-250ml\/\"]}]},{\"@type\":\"ImageObject\",\"inLanguage\":\"ca\",\"@id\":\"https:\/\/ollerpintures.com\/ca\/producte\/paso-humibox-lavanda-atrapa-la-humitat-250ml\/#primaryimage\",\"url\":\"https:\/\/ollerpintures.com\/wp-content\/uploads\/2023\/09\/humibox-lavanda-2x60g.jpg\",\"contentUrl\":\"https:\/\/ollerpintures.com\/wp-content\/uploads\/2023\/09\/humibox-lavanda-2x60g.jpg\",\"width\":1080,\"height\":1080,\"caption\":\"humibox lavanda 2x60g\"},{\"@type\":\"BreadcrumbList\",\"@id\":\"https:\/\/ollerpintures.com\/ca\/producte\/paso-humibox-lavanda-atrapa-la-humitat-250ml\/#breadcrumb\",\"itemListElement\":[{\"@type\":\"ListItem\",\"position\":1,\"name\":\"Inici\",\"item\":\"https:\/\/ollerpintures.com\/ca\/\"},{\"@type\":\"ListItem\",\"position\":2,\"name\":\"Botiga\",\"item\":\"https:\/\/ollerpintures.com\/ca\/botiga\/\"},{\"@type\":\"ListItem\",\"position\":3,\"name\":\"PASO humibox lavanda atrapa la humitat 250ml\"}]},{\"@type\":\"WebSite\",\"@id\":\"https:\/\/ollerpintures.com\/ca\/#website\",\"url\":\"https:\/\/ollerpintures.com\/ca\/\",\"name\":\"Oller Pinturas y Revestimientos\",\"description\":\"Pinturas y revestimientos para profesionales, industrias, obras p\u00fablicas, bricolaje. Pinturas de calidad profesional i mucho m\u00e1s.\",\"publisher\":{\"@id\":\"https:\/\/ollerpintures.com\/ca\/#organization\"},\"alternateName\":\"Oller Grup\",\"potentialAction\":[{\"@type\":\"SearchAction\",\"target\":{\"@type\":\"EntryPoint\",\"urlTemplate\":\"https:\/\/ollerpintures.com\/ca\/?s={search_term_string}\"},\"query-input\":{\"@type\":\"PropertyValueSpecification\",\"valueRequired\":true,\"valueName\":\"search_term_string\"}}],\"inLanguage\":\"ca\"},{\"@type\":\"Organization\",\"@id\":\"https:\/\/ollerpintures.com\/ca\/#organization\",\"name\":\"Oller Pintures i Revestiments\",\"alternateName\":\"Oller Grup\",\"url\":\"https:\/\/ollerpintures.com\/ca\/\",\"logo\":{\"@type\":\"ImageObject\",\"inLanguage\":\"ca\",\"@id\":\"https:\/\/ollerpintures.com\/ca\/#\/schema\/logo\/image\/\",\"url\":\"https:\/\/ollerpintures.com\/wp-content\/uploads\/2024\/05\/newLogo.png\",\"contentUrl\":\"https:\/\/ollerpintures.com\/wp-content\/uploads\/2024\/05\/newLogo.png\",\"width\":483,\"height\":244,\"caption\":\"Oller Pintures i Revestiments\"},\"image\":{\"@id\":\"https:\/\/ollerpintures.com\/ca\/#\/schema\/logo\/image\/\"},\"sameAs\":[\"https:\/\/www.facebook.com\/people\/Oller-Pintures\/100063652056709\/\",\"https:\/\/www.instagram.com\/ollerpintures\/\",\"https:\/\/descriptor.es\/organization\/oller-grup\/\"]}]}<\/script>\n<!-- \/ Yoast SEO plugin. -->","yoast_head_json":{"title":"PASO humibox lavanda atrapa la humitat 250ml - Oller Pinturas y Revestimientos","description":"Paso humibox lavanda atrapa la humitat 250ml captura 3 vegades m\u00e9s la humitat amb PAS Humibox Antihumitat i acaba amb les males olors amb un format segur.","robots":{"index":"index","follow":"follow","max-snippet":"max-snippet:-1","max-image-preview":"max-image-preview:large","max-video-preview":"max-video-preview:-1"},"canonical":"https:\/\/ollerpintures.com\/ca\/producte\/paso-humibox-lavanda-atrapa-la-humitat-250ml\/","og_locale":"ca_ES","og_type":"article","og_title":"PASO humibox lavanda atrapa la humitat 250ml - Oller Pinturas y Revestimientos","og_description":"Paso humibox lavanda atrapa la humitat 250ml captura 3 vegades m\u00e9s la humitat amb PAS Humibox Antihumitat i acaba amb les males olors amb un format segur.","og_url":"https:\/\/ollerpintures.com\/ca\/producte\/paso-humibox-lavanda-atrapa-la-humitat-250ml\/","og_site_name":"Oller Pinturas y Revestimientos","article_publisher":"https:\/\/www.facebook.com\/people\/Oller-Pintures\/100063652056709\/","article_modified_time":"2026-04-14T13:00:27+00:00","og_image":[{"width":1080,"height":1080,"url":"https:\/\/ollerpintures.com\/wp-content\/uploads\/2023\/09\/humibox-lavanda-2x60g.jpg","type":"image\/jpeg"}],"twitter_card":"summary_large_image","twitter_misc":{"Temps estimat de lectura":"1 minut"},"schema":{"@context":"https:\/\/schema.org","@graph":[{"@type":"WebPage","@id":"https:\/\/ollerpintures.com\/ca\/producte\/paso-humibox-lavanda-atrapa-la-humitat-250ml\/","url":"https:\/\/ollerpintures.com\/ca\/producte\/paso-humibox-lavanda-atrapa-la-humitat-250ml\/","name":"PASO humibox lavanda atrapa la humitat 250ml - Oller Pinturas y Revestimientos","isPartOf":{"@id":"https:\/\/ollerpintures.com\/ca\/#website"},"primaryImageOfPage":{"@id":"https:\/\/ollerpintures.com\/ca\/producte\/paso-humibox-lavanda-atrapa-la-humitat-250ml\/#primaryimage"},"image":{"@id":"https:\/\/ollerpintures.com\/ca\/producte\/paso-humibox-lavanda-atrapa-la-humitat-250ml\/#primaryimage"},"thumbnailUrl":"https:\/\/ollerpintures.com\/wp-content\/uploads\/2023\/09\/humibox-lavanda-2x60g.jpg","datePublished":"2023-09-25T10:21:56+00:00","dateModified":"2026-04-14T13:00:27+00:00","description":"Paso humibox lavanda atrapa la humitat 250ml captura 3 vegades m\u00e9s la humitat amb PAS Humibox Antihumitat i acaba amb les males olors amb un format segur.","breadcrumb":{"@id":"https:\/\/ollerpintures.com\/ca\/producte\/paso-humibox-lavanda-atrapa-la-humitat-250ml\/#breadcrumb"},"inLanguage":"ca","potentialAction":[{"@type":"ReadAction","target":["https:\/\/ollerpintures.com\/ca\/producte\/paso-humibox-lavanda-atrapa-la-humitat-250ml\/"]}]},{"@type":"ImageObject","inLanguage":"ca","@id":"https:\/\/ollerpintures.com\/ca\/producte\/paso-humibox-lavanda-atrapa-la-humitat-250ml\/#primaryimage","url":"https:\/\/ollerpintures.com\/wp-content\/uploads\/2023\/09\/humibox-lavanda-2x60g.jpg","contentUrl":"https:\/\/ollerpintures.com\/wp-content\/uploads\/2023\/09\/humibox-lavanda-2x60g.jpg","width":1080,"height":1080,"caption":"humibox lavanda 2x60g"},{"@type":"BreadcrumbList","@id":"https:\/\/ollerpintures.com\/ca\/producte\/paso-humibox-lavanda-atrapa-la-humitat-250ml\/#breadcrumb","itemListElement":[{"@type":"ListItem","position":1,"name":"Inici","item":"https:\/\/ollerpintures.com\/ca\/"},{"@type":"ListItem","position":2,"name":"Botiga","item":"https:\/\/ollerpintures.com\/ca\/botiga\/"},{"@type":"ListItem","position":3,"name":"PASO humibox lavanda atrapa la humitat 250ml"}]},{"@type":"WebSite","@id":"https:\/\/ollerpintures.com\/ca\/#website","url":"https:\/\/ollerpintures.com\/ca\/","name":"Oller Pinturas y Revestimientos","description":"Pinturas y revestimientos para profesionales, industrias, obras p\u00fablicas, bricolaje. Pinturas de calidad profesional i mucho m\u00e1s.","publisher":{"@id":"https:\/\/ollerpintures.com\/ca\/#organization"},"alternateName":"Oller Grup","potentialAction":[{"@type":"SearchAction","target":{"@type":"EntryPoint","urlTemplate":"https:\/\/ollerpintures.com\/ca\/?s={search_term_string}"},"query-input":{"@type":"PropertyValueSpecification","valueRequired":true,"valueName":"search_term_string"}}],"inLanguage":"ca"},{"@type":"Organization","@id":"https:\/\/ollerpintures.com\/ca\/#organization","name":"Oller Pintures i Revestiments","alternateName":"Oller Grup","url":"https:\/\/ollerpintures.com\/ca\/","logo":{"@type":"ImageObject","inLanguage":"ca","@id":"https:\/\/ollerpintures.com\/ca\/#\/schema\/logo\/image\/","url":"https:\/\/ollerpintures.com\/wp-content\/uploads\/2024\/05\/newLogo.png","contentUrl":"https:\/\/ollerpintures.com\/wp-content\/uploads\/2024\/05\/newLogo.png","width":483,"height":244,"caption":"Oller Pintures i Revestiments"},"image":{"@id":"https:\/\/ollerpintures.com\/ca\/#\/schema\/logo\/image\/"},"sameAs":["https:\/\/www.facebook.com\/people\/Oller-Pintures\/100063652056709\/","https:\/\/www.instagram.com\/ollerpintures\/","https:\/\/descriptor.es\/organization\/oller-grup\/"]}]}},"brands":[],"_links":{"self":[{"href":"https:\/\/ollerpintures.com\/ca\/wp-json\/wp\/v2\/product\/26058","targetHints":{"allow":["GET"]}}],"collection":[{"href":"https:\/\/ollerpintures.com\/ca\/wp-json\/wp\/v2\/product"}],"about":[{"href":"https:\/\/ollerpintures.com\/ca\/wp-json\/wp\/v2\/types\/product"}],"wp:featuredmedia":[{"embeddable":true,"href":"https:\/\/ollerpintures.com\/ca\/wp-json\/wp\/v2\/media\/26060"}],"wp:attachment":[{"href":"https:\/\/ollerpintures.com\/ca\/wp-json\/wp\/v2\/media?parent=26058"}],"wp:term":[{"taxonomy":"pwb-brand","embeddable":true,"href":"https:\/\/ollerpintures.com\/ca\/wp-json\/wp\/v2\/pwb-brand?post=26058"},{"taxonomy":"product_brand","embeddable":true,"href":"https:\/\/ollerpintures.com\/ca\/wp-json\/wp\/v2\/product_brand?post=26058"},{"taxonomy":"product_cat","embeddable":true,"href":"https:\/\/ollerpintures.com\/ca\/wp-json\/wp\/v2\/product_cat?post=26058"},{"taxonomy":"product_tag","embeddable":true,"href":"https:\/\/ollerpintures.com\/ca\/wp-json\/wp\/v2\/product_tag?post=26058"}],"curies":[{"name":"wp","href":"https:\/\/api.w.org\/{rel}","templated":true}]}}