{"id":25994,"date":"2023-09-15T11:57:34","date_gmt":"2023-09-15T10:57:34","guid":{"rendered":"https:\/\/oller-pintures.c.wetopi.com\/?post_type=product&#038;p=25994"},"modified":"2026-04-14T14:00:27","modified_gmt":"2026-04-14T13:00:27","slug":"paso-eliminador-de-greix-multiusos-professional-500ml","status":"publish","type":"product","link":"https:\/\/ollerpintures.com\/ca\/producte\/paso-eliminador-de-greix-multiusos-professional-500ml\/","title":{"rendered":"PASO eliminador de greix multiusos professional 500ml"},"content":{"rendered":"<div class=\"elementor-element elementor-element-5fdcba8 elementor-widget elementor-widget-heading\" data-id=\"5fdcba8\" data-element_type=\"widget\" data-widget_type=\"heading.default\">\n<div class=\"elementor-widget-container\">\n<p class=\"elementor-heading-title elementor-size-default\"><strong><span style=\"vertical-align: inherit;\"><span style=\"vertical-align: inherit;\">Paso eliminador de gruix multiusos professional 500ml<\/span><\/span><\/strong><span style=\"vertical-align: inherit;\"><span style=\"vertical-align: inherit;\"> espec\u00edfic per desincrusta fins al greix m\u00e9s persistent.\u00a0<\/span><\/span><\/p>\n<div class=\"ebT7ne iC15Kb sMVRZe\"><\/div>\n<div class=\"QcsUad BDJ8fb sMVRZe wneUed\">\n<h3 class=\"oBOnKe\"><b style=\"font-size: 16px;\">Caracter\u00edstiques<\/b><strong style=\"font-size: 16px;\">:<\/strong><\/h3>\n<\/div>\n<p class=\"elementor-heading-title elementor-size-default\">Elimina greixos amb un alt poder desincrustant que dissol completament tant el greix dom\u00e8stic com el greix industrial m\u00e9s resistent. Sense esfor\u00e7. Efic\u00e0cia immediata.<\/p>\n<p class=\"elementor-heading-title elementor-size-default\">40% m\u00e9s poder desincrustant<br \/>\nM\u00e9s agents dissolvents<br \/>\nM\u00e0xima efic\u00e0cia<br \/>\nR\u00e0pid<br \/>\nFins i tot greix industrial<br \/>\nEfic\u00e0cia immediata<br \/>\nDoble funci\u00f3 pistola<\/p>\n<p>&nbsp;<\/p>\n<\/div>\n<\/div>\n","protected":false},"excerpt":{"rendered":"<p>Paso eliminador de gruix multiusos professional 500ml espec\u00edfic per desincrusta fins al greix m\u00e9s persistent.\u00a0 Caracter\u00edstiques: Elimina greixos amb un alt poder desincrustant que dissol &#8230; <\/p>\n<p class=\"read-more-container\"><a title=\"PASO eliminador de greix multiusos professional 500ml\" class=\"read-more button\" href=\"https:\/\/ollerpintures.com\/ca\/producte\/paso-eliminador-de-greix-multiusos-professional-500ml\/#more-25994\" aria-label=\"M\u00e9s informaci\u00f3 sobre PASO eliminador de greix multiusos professional 500ml\">Seguir llegint<\/a><\/p>\n","protected":false},"featured_media":26013,"template":"","meta":{"_acf_changed":false},"pwb-brand":[],"product_brand":[],"product_cat":[77,2003],"product_tag":[2007,2009,2000,2008],"class_list":{"0":"post-25994","1":"product","2":"type-product","3":"status-publish","4":"has-post-thumbnail","6":"product_cat-eines","7":"product_cat-neteja-professional","8":"product_tag-eliminador-gruix","9":"product_tag-multiusos","10":"product_tag-netejador","11":"product_tag-professional","12":"no-featured-image-padding","13":"resize-featured-image","14":"sales-flash-overlay","15":"woocommerce-text-align-left","16":"woocommerce-image-align-center","17":"do-quantity-buttons","19":"first","20":"instock","21":"shipping-taxable","22":"purchasable","23":"product-type-simple"},"acf":[],"yoast_head":"<!-- This site is optimized with the Yoast SEO plugin v27.1.1 - https:\/\/yoast.com\/product\/yoast-seo-wordpress\/ -->\n<title>PASO eliminador de greix multiusos professional 500ml - Oller Pinturas y Revestimientos<\/title>\n<meta name=\"description\" content=\"Paso eliminador de gruix multiusos professional 500ml espec\u00edfic per desincrusta fins al greix m\u00e9s persistent.\u00a0 Caracter\u00edstiques: Elimina greixos amb un\" \/>\n<meta name=\"robots\" content=\"index, follow, max-snippet:-1, max-image-preview:large, max-video-preview:-1\" \/>\n<link rel=\"canonical\" href=\"https:\/\/ollerpintures.com\/ca\/producte\/paso-eliminador-de-greix-multiusos-professional-500ml\/\" \/>\n<meta property=\"og:locale\" content=\"ca_ES\" \/>\n<meta property=\"og:type\" content=\"article\" \/>\n<meta property=\"og:title\" content=\"PASO eliminador de greix multiusos professional 500ml - Oller Pinturas y Revestimientos\" \/>\n<meta property=\"og:description\" content=\"Paso eliminador de gruix multiusos professional 500ml espec\u00edfic per desincrusta fins al greix m\u00e9s persistent.\u00a0 Caracter\u00edstiques: Elimina greixos amb un\" \/>\n<meta property=\"og:url\" content=\"https:\/\/ollerpintures.com\/ca\/producte\/paso-eliminador-de-greix-multiusos-professional-500ml\/\" \/>\n<meta property=\"og:site_name\" content=\"Oller Pinturas y Revestimientos\" \/>\n<meta property=\"article:publisher\" content=\"https:\/\/www.facebook.com\/people\/Oller-Pintures\/100063652056709\/\" \/>\n<meta property=\"article:modified_time\" content=\"2026-04-14T13:00:27+00:00\" \/>\n<meta property=\"og:image\" content=\"https:\/\/ollerpintures.com\/wp-content\/uploads\/2023\/09\/paso-elimina-grasa-multiusos-500ml.png\" \/>\n\t<meta property=\"og:image:width\" content=\"1080\" \/>\n\t<meta property=\"og:image:height\" content=\"1080\" \/>\n\t<meta property=\"og:image:type\" content=\"image\/png\" \/>\n<meta name=\"twitter:card\" content=\"summary_large_image\" \/>\n<meta name=\"twitter:label1\" content=\"Temps estimat de lectura\" \/>\n\t<meta name=\"twitter:data1\" content=\"1 minut\" \/>\n<script type=\"application\/ld+json\" class=\"yoast-schema-graph\">{\"@context\":\"https:\/\/schema.org\",\"@graph\":[{\"@type\":\"WebPage\",\"@id\":\"https:\/\/ollerpintures.com\/ca\/producte\/paso-eliminador-de-greix-multiusos-professional-500ml\/\",\"url\":\"https:\/\/ollerpintures.com\/ca\/producte\/paso-eliminador-de-greix-multiusos-professional-500ml\/\",\"name\":\"PASO eliminador de greix multiusos professional 500ml - Oller Pinturas y Revestimientos\",\"isPartOf\":{\"@id\":\"https:\/\/ollerpintures.com\/ca\/#website\"},\"primaryImageOfPage\":{\"@id\":\"https:\/\/ollerpintures.com\/ca\/producte\/paso-eliminador-de-greix-multiusos-professional-500ml\/#primaryimage\"},\"image\":{\"@id\":\"https:\/\/ollerpintures.com\/ca\/producte\/paso-eliminador-de-greix-multiusos-professional-500ml\/#primaryimage\"},\"thumbnailUrl\":\"https:\/\/ollerpintures.com\/wp-content\/uploads\/2023\/09\/paso-elimina-grasa-multiusos-500ml.png\",\"datePublished\":\"2023-09-15T10:57:34+00:00\",\"dateModified\":\"2026-04-14T13:00:27+00:00\",\"description\":\"Paso eliminador de gruix multiusos professional 500ml espec\u00edfic per desincrusta fins al greix m\u00e9s persistent.\u00a0 Caracter\u00edstiques: Elimina greixos amb un\",\"breadcrumb\":{\"@id\":\"https:\/\/ollerpintures.com\/ca\/producte\/paso-eliminador-de-greix-multiusos-professional-500ml\/#breadcrumb\"},\"inLanguage\":\"ca\",\"potentialAction\":[{\"@type\":\"ReadAction\",\"target\":[\"https:\/\/ollerpintures.com\/ca\/producte\/paso-eliminador-de-greix-multiusos-professional-500ml\/\"]}]},{\"@type\":\"ImageObject\",\"inLanguage\":\"ca\",\"@id\":\"https:\/\/ollerpintures.com\/ca\/producte\/paso-eliminador-de-greix-multiusos-professional-500ml\/#primaryimage\",\"url\":\"https:\/\/ollerpintures.com\/wp-content\/uploads\/2023\/09\/paso-elimina-grasa-multiusos-500ml.png\",\"contentUrl\":\"https:\/\/ollerpintures.com\/wp-content\/uploads\/2023\/09\/paso-elimina-grasa-multiusos-500ml.png\",\"width\":1080,\"height\":1080,\"caption\":\"limpieza elimina grasa multiusos 500ml\"},{\"@type\":\"BreadcrumbList\",\"@id\":\"https:\/\/ollerpintures.com\/ca\/producte\/paso-eliminador-de-greix-multiusos-professional-500ml\/#breadcrumb\",\"itemListElement\":[{\"@type\":\"ListItem\",\"position\":1,\"name\":\"Inici\",\"item\":\"https:\/\/ollerpintures.com\/ca\/\"},{\"@type\":\"ListItem\",\"position\":2,\"name\":\"Botiga\",\"item\":\"https:\/\/ollerpintures.com\/ca\/botiga\/\"},{\"@type\":\"ListItem\",\"position\":3,\"name\":\"PASO eliminador de greix multiusos professional 500ml\"}]},{\"@type\":\"WebSite\",\"@id\":\"https:\/\/ollerpintures.com\/ca\/#website\",\"url\":\"https:\/\/ollerpintures.com\/ca\/\",\"name\":\"Oller Pinturas y Revestimientos\",\"description\":\"Pinturas y revestimientos para profesionales, industrias, obras p\u00fablicas, bricolaje. Pinturas de calidad profesional i mucho m\u00e1s.\",\"publisher\":{\"@id\":\"https:\/\/ollerpintures.com\/ca\/#organization\"},\"alternateName\":\"Oller Grup\",\"potentialAction\":[{\"@type\":\"SearchAction\",\"target\":{\"@type\":\"EntryPoint\",\"urlTemplate\":\"https:\/\/ollerpintures.com\/ca\/?s={search_term_string}\"},\"query-input\":{\"@type\":\"PropertyValueSpecification\",\"valueRequired\":true,\"valueName\":\"search_term_string\"}}],\"inLanguage\":\"ca\"},{\"@type\":\"Organization\",\"@id\":\"https:\/\/ollerpintures.com\/ca\/#organization\",\"name\":\"Oller Pintures i Revestiments\",\"alternateName\":\"Oller Grup\",\"url\":\"https:\/\/ollerpintures.com\/ca\/\",\"logo\":{\"@type\":\"ImageObject\",\"inLanguage\":\"ca\",\"@id\":\"https:\/\/ollerpintures.com\/ca\/#\/schema\/logo\/image\/\",\"url\":\"https:\/\/ollerpintures.com\/wp-content\/uploads\/2024\/05\/newLogo.png\",\"contentUrl\":\"https:\/\/ollerpintures.com\/wp-content\/uploads\/2024\/05\/newLogo.png\",\"width\":483,\"height\":244,\"caption\":\"Oller Pintures i Revestiments\"},\"image\":{\"@id\":\"https:\/\/ollerpintures.com\/ca\/#\/schema\/logo\/image\/\"},\"sameAs\":[\"https:\/\/www.facebook.com\/people\/Oller-Pintures\/100063652056709\/\",\"https:\/\/www.instagram.com\/ollerpintures\/\",\"https:\/\/descriptor.es\/organization\/oller-grup\/\"]}]}<\/script>\n<!-- \/ Yoast SEO plugin. -->","yoast_head_json":{"title":"PASO eliminador de greix multiusos professional 500ml - Oller Pinturas y Revestimientos","description":"Paso eliminador de gruix multiusos professional 500ml espec\u00edfic per desincrusta fins al greix m\u00e9s persistent.\u00a0 Caracter\u00edstiques: Elimina greixos amb un","robots":{"index":"index","follow":"follow","max-snippet":"max-snippet:-1","max-image-preview":"max-image-preview:large","max-video-preview":"max-video-preview:-1"},"canonical":"https:\/\/ollerpintures.com\/ca\/producte\/paso-eliminador-de-greix-multiusos-professional-500ml\/","og_locale":"ca_ES","og_type":"article","og_title":"PASO eliminador de greix multiusos professional 500ml - Oller Pinturas y Revestimientos","og_description":"Paso eliminador de gruix multiusos professional 500ml espec\u00edfic per desincrusta fins al greix m\u00e9s persistent.\u00a0 Caracter\u00edstiques: Elimina greixos amb un","og_url":"https:\/\/ollerpintures.com\/ca\/producte\/paso-eliminador-de-greix-multiusos-professional-500ml\/","og_site_name":"Oller Pinturas y Revestimientos","article_publisher":"https:\/\/www.facebook.com\/people\/Oller-Pintures\/100063652056709\/","article_modified_time":"2026-04-14T13:00:27+00:00","og_image":[{"width":1080,"height":1080,"url":"https:\/\/ollerpintures.com\/wp-content\/uploads\/2023\/09\/paso-elimina-grasa-multiusos-500ml.png","type":"image\/png"}],"twitter_card":"summary_large_image","twitter_misc":{"Temps estimat de lectura":"1 minut"},"schema":{"@context":"https:\/\/schema.org","@graph":[{"@type":"WebPage","@id":"https:\/\/ollerpintures.com\/ca\/producte\/paso-eliminador-de-greix-multiusos-professional-500ml\/","url":"https:\/\/ollerpintures.com\/ca\/producte\/paso-eliminador-de-greix-multiusos-professional-500ml\/","name":"PASO eliminador de greix multiusos professional 500ml - Oller Pinturas y Revestimientos","isPartOf":{"@id":"https:\/\/ollerpintures.com\/ca\/#website"},"primaryImageOfPage":{"@id":"https:\/\/ollerpintures.com\/ca\/producte\/paso-eliminador-de-greix-multiusos-professional-500ml\/#primaryimage"},"image":{"@id":"https:\/\/ollerpintures.com\/ca\/producte\/paso-eliminador-de-greix-multiusos-professional-500ml\/#primaryimage"},"thumbnailUrl":"https:\/\/ollerpintures.com\/wp-content\/uploads\/2023\/09\/paso-elimina-grasa-multiusos-500ml.png","datePublished":"2023-09-15T10:57:34+00:00","dateModified":"2026-04-14T13:00:27+00:00","description":"Paso eliminador de gruix multiusos professional 500ml espec\u00edfic per desincrusta fins al greix m\u00e9s persistent.\u00a0 Caracter\u00edstiques: Elimina greixos amb un","breadcrumb":{"@id":"https:\/\/ollerpintures.com\/ca\/producte\/paso-eliminador-de-greix-multiusos-professional-500ml\/#breadcrumb"},"inLanguage":"ca","potentialAction":[{"@type":"ReadAction","target":["https:\/\/ollerpintures.com\/ca\/producte\/paso-eliminador-de-greix-multiusos-professional-500ml\/"]}]},{"@type":"ImageObject","inLanguage":"ca","@id":"https:\/\/ollerpintures.com\/ca\/producte\/paso-eliminador-de-greix-multiusos-professional-500ml\/#primaryimage","url":"https:\/\/ollerpintures.com\/wp-content\/uploads\/2023\/09\/paso-elimina-grasa-multiusos-500ml.png","contentUrl":"https:\/\/ollerpintures.com\/wp-content\/uploads\/2023\/09\/paso-elimina-grasa-multiusos-500ml.png","width":1080,"height":1080,"caption":"limpieza elimina grasa multiusos 500ml"},{"@type":"BreadcrumbList","@id":"https:\/\/ollerpintures.com\/ca\/producte\/paso-eliminador-de-greix-multiusos-professional-500ml\/#breadcrumb","itemListElement":[{"@type":"ListItem","position":1,"name":"Inici","item":"https:\/\/ollerpintures.com\/ca\/"},{"@type":"ListItem","position":2,"name":"Botiga","item":"https:\/\/ollerpintures.com\/ca\/botiga\/"},{"@type":"ListItem","position":3,"name":"PASO eliminador de greix multiusos professional 500ml"}]},{"@type":"WebSite","@id":"https:\/\/ollerpintures.com\/ca\/#website","url":"https:\/\/ollerpintures.com\/ca\/","name":"Oller Pinturas y Revestimientos","description":"Pinturas y revestimientos para profesionales, industrias, obras p\u00fablicas, bricolaje. Pinturas de calidad profesional i mucho m\u00e1s.","publisher":{"@id":"https:\/\/ollerpintures.com\/ca\/#organization"},"alternateName":"Oller Grup","potentialAction":[{"@type":"SearchAction","target":{"@type":"EntryPoint","urlTemplate":"https:\/\/ollerpintures.com\/ca\/?s={search_term_string}"},"query-input":{"@type":"PropertyValueSpecification","valueRequired":true,"valueName":"search_term_string"}}],"inLanguage":"ca"},{"@type":"Organization","@id":"https:\/\/ollerpintures.com\/ca\/#organization","name":"Oller Pintures i Revestiments","alternateName":"Oller Grup","url":"https:\/\/ollerpintures.com\/ca\/","logo":{"@type":"ImageObject","inLanguage":"ca","@id":"https:\/\/ollerpintures.com\/ca\/#\/schema\/logo\/image\/","url":"https:\/\/ollerpintures.com\/wp-content\/uploads\/2024\/05\/newLogo.png","contentUrl":"https:\/\/ollerpintures.com\/wp-content\/uploads\/2024\/05\/newLogo.png","width":483,"height":244,"caption":"Oller Pintures i Revestiments"},"image":{"@id":"https:\/\/ollerpintures.com\/ca\/#\/schema\/logo\/image\/"},"sameAs":["https:\/\/www.facebook.com\/people\/Oller-Pintures\/100063652056709\/","https:\/\/www.instagram.com\/ollerpintures\/","https:\/\/descriptor.es\/organization\/oller-grup\/"]}]}},"brands":[],"_links":{"self":[{"href":"https:\/\/ollerpintures.com\/ca\/wp-json\/wp\/v2\/product\/25994","targetHints":{"allow":["GET"]}}],"collection":[{"href":"https:\/\/ollerpintures.com\/ca\/wp-json\/wp\/v2\/product"}],"about":[{"href":"https:\/\/ollerpintures.com\/ca\/wp-json\/wp\/v2\/types\/product"}],"wp:featuredmedia":[{"embeddable":true,"href":"https:\/\/ollerpintures.com\/ca\/wp-json\/wp\/v2\/media\/26013"}],"wp:attachment":[{"href":"https:\/\/ollerpintures.com\/ca\/wp-json\/wp\/v2\/media?parent=25994"}],"wp:term":[{"taxonomy":"pwb-brand","embeddable":true,"href":"https:\/\/ollerpintures.com\/ca\/wp-json\/wp\/v2\/pwb-brand?post=25994"},{"taxonomy":"product_brand","embeddable":true,"href":"https:\/\/ollerpintures.com\/ca\/wp-json\/wp\/v2\/product_brand?post=25994"},{"taxonomy":"product_cat","embeddable":true,"href":"https:\/\/ollerpintures.com\/ca\/wp-json\/wp\/v2\/product_cat?post=25994"},{"taxonomy":"product_tag","embeddable":true,"href":"https:\/\/ollerpintures.com\/ca\/wp-json\/wp\/v2\/product_tag?post=25994"}],"curies":[{"name":"wp","href":"https:\/\/api.w.org\/{rel}","templated":true}]}}