{"id":25872,"date":"2023-09-06T07:58:14","date_gmt":"2023-09-06T06:58:14","guid":{"rendered":"https:\/\/oller-pintures.c.wetopi.com\/?post_type=product&#038;p=25872"},"modified":"2026-04-14T14:00:13","modified_gmt":"2026-04-14T13:00:13","slug":"bruguer-pintura-pissarra-negra-750ml","status":"publish","type":"product","link":"https:\/\/ollerpintures.com\/ca\/producte\/bruguer-pintura-pissarra-negra-750ml\/","title":{"rendered":"BRUGUER Pintura pissarra negra 750ml"},"content":{"rendered":"<div class=\"md:container product-container js-product-container pb-10\" data-current-id-product-attribute=\"0\">\n<div class=\"md:flex md:flex-wrap md:-mx-4 relative\">\n<div class=\"container px-5 md:px-4 md:w-7\/12 w-full\">\n<div class=\"hidden lg:block mt-8 tabs\">\n<div id=\"tab-content\">\n<div><strong>Pintura pissarra acr\u00edlica Bruguer<\/strong> de color <strong>negre<\/strong> i acabat <strong>mat<\/strong>. Si vols convertir un tros de paret en pissarra, aquesta \u00e9s la pintura ideal! Apta per pintar<strong> efecte pissarra sobre fusta, pl\u00e0stic, guix o metall<\/strong> en entorns interiors.<\/div>\n<\/div>\n<\/div>\n<\/div>\n<\/div>\n<\/div>\n<div><\/div>\n<div>Com que \u00e9s una pintura acr\u00edlica, pr\u00e0cticament no fa olor i t\u00e9 una aplicaci\u00f3 i neteja posterior molt senzilla.<\/div>\n<div><\/div>\n<div><strong>Caracter\u00edstiques pintura pissarra Bruguer:\u00a0<\/strong><\/div>\n<ul>\n<li>No fa olor<\/li>\n<li>R\u00e0pid assecat (30 minuts)<\/li>\n<li>Pintura rentable<\/li>\n<li>Pintura multisuperf\u00edcie<\/li>\n<\/ul>\n<p><strong>Com pintar amb pintura de pissarra?<\/strong><\/p>\n<p>La pintura pissarra a l&#8217;aigua s&#8217;aplica tant a brotxa com a corr\u00f3 o rodet i pistola. Et recomanem fer dues o tres capes de pintura. Un cop acabat el proc\u00e9s de pintat, \u00e9s important deixar que la pintura pissarra assequi i segelli definitivament durant 3 dies abans de pintar-hi a sobre amb guix.<\/p>\n<div class=\"md:container product-container js-product-container pb-10\" data-current-id-product-attribute=\"0\">\n<div class=\"md:flex md:flex-wrap md:-mx-4 relative\">\n<div class=\"container px-5 md:px-4 md:w-7\/12 w-full\">\n<div class=\"hidden lg:block mt-8 tabs\">\n<div id=\"tab-content\">\n<div><\/div>\n<div id=\"resume\" class=\"tabs__content active\"><\/div>\n<\/div>\n<\/div>\n<div id=\"_mobile_video\"><\/div>\n<\/div>\n<\/div>\n<\/div>\n<div class=\"related-products footer-product\">\n<div class=\"lg:container lg:max-w-none lg:px-0\">\n<section class=\"product-accessories bg-secondary-50 pt-8 pb-12 lg:pt-14 lg:pb-24\">\n<div class=\"container\"><\/div>\n<\/section>\n<\/div>\n<\/div>\n","protected":false},"excerpt":{"rendered":"<div><strong>Caracter\u00edstiques pintura pissarra Bruguer:\u00a0<\/strong><\/div>\n<ul>\n<li>No fa olor<\/li>\n<li>Acabat mat<\/li>\n<li>Color negre<\/li>\n<li>R\u00e0pid assecat (30 minuts)<\/li>\n<li>Pintura rentable<\/li>\n<li>Pintura multisuperf\u00edcie<\/li>\n<\/ul>\n","protected":false},"featured_media":25875,"template":"","meta":{"_acf_changed":false},"pwb-brand":[41],"product_brand":[],"product_cat":[845,1992],"product_tag":[1805,67],"class_list":{"0":"post-25872","1":"product","2":"type-product","3":"status-publish","4":"has-post-thumbnail","6":"pwb-brand-bruguer","7":"product_cat-pintura-decorativa","8":"product_cat-pintura-pissarra","9":"product_tag-pintura-decorativa","10":"product_tag-pissarra","11":"no-featured-image-padding","12":"resize-featured-image","13":"sales-flash-overlay","14":"woocommerce-text-align-left","15":"woocommerce-image-align-center","16":"do-quantity-buttons","17":"wc-has-gallery","19":"first","20":"outofstock","21":"shipping-taxable","22":"purchasable","23":"product-type-simple"},"acf":[],"yoast_head":"<!-- This site is optimized with the Yoast SEO plugin v27.1.1 - https:\/\/yoast.com\/product\/yoast-seo-wordpress\/ -->\n<title>BRUGUER Pintura pissarra negra 750ml - Oller Pinturas y Revestimientos<\/title>\n<meta name=\"description\" content=\"Caracter\u00edstiques pintura pissarra Bruguer:\u00a0   No fa olor  Acabat mat  Color negre  R\u00e0pid assecat (30 minuts)  Pintura rentable  Pintura multisuperf\u00edcie\" \/>\n<meta name=\"robots\" content=\"index, follow, max-snippet:-1, max-image-preview:large, max-video-preview:-1\" \/>\n<link rel=\"canonical\" href=\"https:\/\/ollerpintures.com\/ca\/producte\/bruguer-pintura-pissarra-negra-750ml\/\" \/>\n<meta property=\"og:locale\" content=\"ca_ES\" \/>\n<meta property=\"og:type\" content=\"article\" \/>\n<meta property=\"og:title\" content=\"BRUGUER Pintura pissarra negra 750ml - Oller Pinturas y Revestimientos\" \/>\n<meta property=\"og:description\" content=\"Caracter\u00edstiques pintura pissarra Bruguer:\u00a0   No fa olor  Acabat mat  Color negre  R\u00e0pid assecat (30 minuts)  Pintura rentable  Pintura multisuperf\u00edcie\" \/>\n<meta property=\"og:url\" content=\"https:\/\/ollerpintures.com\/ca\/producte\/bruguer-pintura-pissarra-negra-750ml\/\" \/>\n<meta property=\"og:site_name\" content=\"Oller Pinturas y Revestimientos\" \/>\n<meta property=\"article:publisher\" content=\"https:\/\/www.facebook.com\/people\/Oller-Pintures\/100063652056709\/\" \/>\n<meta property=\"article:modified_time\" content=\"2026-04-14T13:00:13+00:00\" \/>\n<meta property=\"og:image\" content=\"https:\/\/ollerpintures.com\/wp-content\/uploads\/2023\/09\/pintura-pizarra-negro-750-bruguer-oller-pintures.jpg\" \/>\n\t<meta property=\"og:image:width\" content=\"1920\" \/>\n\t<meta property=\"og:image:height\" content=\"1920\" \/>\n\t<meta property=\"og:image:type\" content=\"image\/jpeg\" \/>\n<meta name=\"twitter:card\" content=\"summary_large_image\" \/>\n<meta name=\"twitter:label1\" content=\"Temps estimat de lectura\" \/>\n\t<meta name=\"twitter:data1\" content=\"1 minut\" \/>\n<script type=\"application\/ld+json\" class=\"yoast-schema-graph\">{\"@context\":\"https:\/\/schema.org\",\"@graph\":[{\"@type\":\"WebPage\",\"@id\":\"https:\/\/ollerpintures.com\/ca\/producte\/bruguer-pintura-pissarra-negra-750ml\/\",\"url\":\"https:\/\/ollerpintures.com\/ca\/producte\/bruguer-pintura-pissarra-negra-750ml\/\",\"name\":\"BRUGUER Pintura pissarra negra 750ml - Oller Pinturas y Revestimientos\",\"isPartOf\":{\"@id\":\"https:\/\/ollerpintures.com\/ca\/#website\"},\"primaryImageOfPage\":{\"@id\":\"https:\/\/ollerpintures.com\/ca\/producte\/bruguer-pintura-pissarra-negra-750ml\/#primaryimage\"},\"image\":{\"@id\":\"https:\/\/ollerpintures.com\/ca\/producte\/bruguer-pintura-pissarra-negra-750ml\/#primaryimage\"},\"thumbnailUrl\":\"https:\/\/ollerpintures.com\/wp-content\/uploads\/2023\/09\/pintura-pizarra-negro-750-bruguer-oller-pintures.jpg\",\"datePublished\":\"2023-09-06T06:58:14+00:00\",\"dateModified\":\"2026-04-14T13:00:13+00:00\",\"description\":\"Caracter\u00edstiques pintura pissarra Bruguer:\u00a0 No fa olor Acabat mat Color negre R\u00e0pid assecat (30 minuts) Pintura rentable Pintura multisuperf\u00edcie\",\"breadcrumb\":{\"@id\":\"https:\/\/ollerpintures.com\/ca\/producte\/bruguer-pintura-pissarra-negra-750ml\/#breadcrumb\"},\"inLanguage\":\"ca\",\"potentialAction\":[{\"@type\":\"ReadAction\",\"target\":[\"https:\/\/ollerpintures.com\/ca\/producte\/bruguer-pintura-pissarra-negra-750ml\/\"]}]},{\"@type\":\"ImageObject\",\"inLanguage\":\"ca\",\"@id\":\"https:\/\/ollerpintures.com\/ca\/producte\/bruguer-pintura-pissarra-negra-750ml\/#primaryimage\",\"url\":\"https:\/\/ollerpintures.com\/wp-content\/uploads\/2023\/09\/pintura-pizarra-negro-750-bruguer-oller-pintures.jpg\",\"contentUrl\":\"https:\/\/ollerpintures.com\/wp-content\/uploads\/2023\/09\/pintura-pizarra-negro-750-bruguer-oller-pintures.jpg\",\"width\":1920,\"height\":1920,\"caption\":\"pintura pizarra negro bruguer\"},{\"@type\":\"BreadcrumbList\",\"@id\":\"https:\/\/ollerpintures.com\/ca\/producte\/bruguer-pintura-pissarra-negra-750ml\/#breadcrumb\",\"itemListElement\":[{\"@type\":\"ListItem\",\"position\":1,\"name\":\"Inici\",\"item\":\"https:\/\/ollerpintures.com\/ca\/\"},{\"@type\":\"ListItem\",\"position\":2,\"name\":\"Botiga\",\"item\":\"https:\/\/ollerpintures.com\/ca\/botiga\/\"},{\"@type\":\"ListItem\",\"position\":3,\"name\":\"BRUGUER Pintura pissarra negra 750ml\"}]},{\"@type\":\"WebSite\",\"@id\":\"https:\/\/ollerpintures.com\/ca\/#website\",\"url\":\"https:\/\/ollerpintures.com\/ca\/\",\"name\":\"Oller Pinturas y Revestimientos\",\"description\":\"Pinturas y revestimientos para profesionales, industrias, obras p\u00fablicas, bricolaje. Pinturas de calidad profesional i mucho m\u00e1s.\",\"publisher\":{\"@id\":\"https:\/\/ollerpintures.com\/ca\/#organization\"},\"alternateName\":\"Oller Grup\",\"potentialAction\":[{\"@type\":\"SearchAction\",\"target\":{\"@type\":\"EntryPoint\",\"urlTemplate\":\"https:\/\/ollerpintures.com\/ca\/?s={search_term_string}\"},\"query-input\":{\"@type\":\"PropertyValueSpecification\",\"valueRequired\":true,\"valueName\":\"search_term_string\"}}],\"inLanguage\":\"ca\"},{\"@type\":\"Organization\",\"@id\":\"https:\/\/ollerpintures.com\/ca\/#organization\",\"name\":\"Oller Pintures i Revestiments\",\"alternateName\":\"Oller Grup\",\"url\":\"https:\/\/ollerpintures.com\/ca\/\",\"logo\":{\"@type\":\"ImageObject\",\"inLanguage\":\"ca\",\"@id\":\"https:\/\/ollerpintures.com\/ca\/#\/schema\/logo\/image\/\",\"url\":\"https:\/\/ollerpintures.com\/wp-content\/uploads\/2024\/05\/newLogo.png\",\"contentUrl\":\"https:\/\/ollerpintures.com\/wp-content\/uploads\/2024\/05\/newLogo.png\",\"width\":483,\"height\":244,\"caption\":\"Oller Pintures i Revestiments\"},\"image\":{\"@id\":\"https:\/\/ollerpintures.com\/ca\/#\/schema\/logo\/image\/\"},\"sameAs\":[\"https:\/\/www.facebook.com\/people\/Oller-Pintures\/100063652056709\/\",\"https:\/\/www.instagram.com\/ollerpintures\/\",\"https:\/\/descriptor.es\/organization\/oller-grup\/\"]}]}<\/script>\n<!-- \/ Yoast SEO plugin. -->","yoast_head_json":{"title":"BRUGUER Pintura pissarra negra 750ml - Oller Pinturas y Revestimientos","description":"Caracter\u00edstiques pintura pissarra Bruguer:\u00a0   No fa olor  Acabat mat  Color negre  R\u00e0pid assecat (30 minuts)  Pintura rentable  Pintura multisuperf\u00edcie","robots":{"index":"index","follow":"follow","max-snippet":"max-snippet:-1","max-image-preview":"max-image-preview:large","max-video-preview":"max-video-preview:-1"},"canonical":"https:\/\/ollerpintures.com\/ca\/producte\/bruguer-pintura-pissarra-negra-750ml\/","og_locale":"ca_ES","og_type":"article","og_title":"BRUGUER Pintura pissarra negra 750ml - Oller Pinturas y Revestimientos","og_description":"Caracter\u00edstiques pintura pissarra Bruguer:\u00a0   No fa olor  Acabat mat  Color negre  R\u00e0pid assecat (30 minuts)  Pintura rentable  Pintura multisuperf\u00edcie","og_url":"https:\/\/ollerpintures.com\/ca\/producte\/bruguer-pintura-pissarra-negra-750ml\/","og_site_name":"Oller Pinturas y Revestimientos","article_publisher":"https:\/\/www.facebook.com\/people\/Oller-Pintures\/100063652056709\/","article_modified_time":"2026-04-14T13:00:13+00:00","og_image":[{"width":1920,"height":1920,"url":"https:\/\/ollerpintures.com\/wp-content\/uploads\/2023\/09\/pintura-pizarra-negro-750-bruguer-oller-pintures.jpg","type":"image\/jpeg"}],"twitter_card":"summary_large_image","twitter_misc":{"Temps estimat de lectura":"1 minut"},"schema":{"@context":"https:\/\/schema.org","@graph":[{"@type":"WebPage","@id":"https:\/\/ollerpintures.com\/ca\/producte\/bruguer-pintura-pissarra-negra-750ml\/","url":"https:\/\/ollerpintures.com\/ca\/producte\/bruguer-pintura-pissarra-negra-750ml\/","name":"BRUGUER Pintura pissarra negra 750ml - Oller Pinturas y Revestimientos","isPartOf":{"@id":"https:\/\/ollerpintures.com\/ca\/#website"},"primaryImageOfPage":{"@id":"https:\/\/ollerpintures.com\/ca\/producte\/bruguer-pintura-pissarra-negra-750ml\/#primaryimage"},"image":{"@id":"https:\/\/ollerpintures.com\/ca\/producte\/bruguer-pintura-pissarra-negra-750ml\/#primaryimage"},"thumbnailUrl":"https:\/\/ollerpintures.com\/wp-content\/uploads\/2023\/09\/pintura-pizarra-negro-750-bruguer-oller-pintures.jpg","datePublished":"2023-09-06T06:58:14+00:00","dateModified":"2026-04-14T13:00:13+00:00","description":"Caracter\u00edstiques pintura pissarra Bruguer:\u00a0 No fa olor Acabat mat Color negre R\u00e0pid assecat (30 minuts) Pintura rentable Pintura multisuperf\u00edcie","breadcrumb":{"@id":"https:\/\/ollerpintures.com\/ca\/producte\/bruguer-pintura-pissarra-negra-750ml\/#breadcrumb"},"inLanguage":"ca","potentialAction":[{"@type":"ReadAction","target":["https:\/\/ollerpintures.com\/ca\/producte\/bruguer-pintura-pissarra-negra-750ml\/"]}]},{"@type":"ImageObject","inLanguage":"ca","@id":"https:\/\/ollerpintures.com\/ca\/producte\/bruguer-pintura-pissarra-negra-750ml\/#primaryimage","url":"https:\/\/ollerpintures.com\/wp-content\/uploads\/2023\/09\/pintura-pizarra-negro-750-bruguer-oller-pintures.jpg","contentUrl":"https:\/\/ollerpintures.com\/wp-content\/uploads\/2023\/09\/pintura-pizarra-negro-750-bruguer-oller-pintures.jpg","width":1920,"height":1920,"caption":"pintura pizarra negro bruguer"},{"@type":"BreadcrumbList","@id":"https:\/\/ollerpintures.com\/ca\/producte\/bruguer-pintura-pissarra-negra-750ml\/#breadcrumb","itemListElement":[{"@type":"ListItem","position":1,"name":"Inici","item":"https:\/\/ollerpintures.com\/ca\/"},{"@type":"ListItem","position":2,"name":"Botiga","item":"https:\/\/ollerpintures.com\/ca\/botiga\/"},{"@type":"ListItem","position":3,"name":"BRUGUER Pintura pissarra negra 750ml"}]},{"@type":"WebSite","@id":"https:\/\/ollerpintures.com\/ca\/#website","url":"https:\/\/ollerpintures.com\/ca\/","name":"Oller Pinturas y Revestimientos","description":"Pinturas y revestimientos para profesionales, industrias, obras p\u00fablicas, bricolaje. Pinturas de calidad profesional i mucho m\u00e1s.","publisher":{"@id":"https:\/\/ollerpintures.com\/ca\/#organization"},"alternateName":"Oller Grup","potentialAction":[{"@type":"SearchAction","target":{"@type":"EntryPoint","urlTemplate":"https:\/\/ollerpintures.com\/ca\/?s={search_term_string}"},"query-input":{"@type":"PropertyValueSpecification","valueRequired":true,"valueName":"search_term_string"}}],"inLanguage":"ca"},{"@type":"Organization","@id":"https:\/\/ollerpintures.com\/ca\/#organization","name":"Oller Pintures i Revestiments","alternateName":"Oller Grup","url":"https:\/\/ollerpintures.com\/ca\/","logo":{"@type":"ImageObject","inLanguage":"ca","@id":"https:\/\/ollerpintures.com\/ca\/#\/schema\/logo\/image\/","url":"https:\/\/ollerpintures.com\/wp-content\/uploads\/2024\/05\/newLogo.png","contentUrl":"https:\/\/ollerpintures.com\/wp-content\/uploads\/2024\/05\/newLogo.png","width":483,"height":244,"caption":"Oller Pintures i Revestiments"},"image":{"@id":"https:\/\/ollerpintures.com\/ca\/#\/schema\/logo\/image\/"},"sameAs":["https:\/\/www.facebook.com\/people\/Oller-Pintures\/100063652056709\/","https:\/\/www.instagram.com\/ollerpintures\/","https:\/\/descriptor.es\/organization\/oller-grup\/"]}]}},"brands":[{"id":41,"name":"Bruguer","slug":"bruguer"}],"_links":{"self":[{"href":"https:\/\/ollerpintures.com\/ca\/wp-json\/wp\/v2\/product\/25872","targetHints":{"allow":["GET"]}}],"collection":[{"href":"https:\/\/ollerpintures.com\/ca\/wp-json\/wp\/v2\/product"}],"about":[{"href":"https:\/\/ollerpintures.com\/ca\/wp-json\/wp\/v2\/types\/product"}],"wp:featuredmedia":[{"embeddable":true,"href":"https:\/\/ollerpintures.com\/ca\/wp-json\/wp\/v2\/media\/25875"}],"wp:attachment":[{"href":"https:\/\/ollerpintures.com\/ca\/wp-json\/wp\/v2\/media?parent=25872"}],"wp:term":[{"taxonomy":"pwb-brand","embeddable":true,"href":"https:\/\/ollerpintures.com\/ca\/wp-json\/wp\/v2\/pwb-brand?post=25872"},{"taxonomy":"product_brand","embeddable":true,"href":"https:\/\/ollerpintures.com\/ca\/wp-json\/wp\/v2\/product_brand?post=25872"},{"taxonomy":"product_cat","embeddable":true,"href":"https:\/\/ollerpintures.com\/ca\/wp-json\/wp\/v2\/product_cat?post=25872"},{"taxonomy":"product_tag","embeddable":true,"href":"https:\/\/ollerpintures.com\/ca\/wp-json\/wp\/v2\/product_tag?post=25872"}],"curies":[{"name":"wp","href":"https:\/\/api.w.org\/{rel}","templated":true}]}}