{"id":24824,"date":"2023-04-21T07:49:27","date_gmt":"2023-04-21T06:49:27","guid":{"rendered":"https:\/\/oller-pintures.c.wetopi.com\/?post_type=product&#038;p=24824"},"modified":"2026-04-14T14:00:25","modified_gmt":"2026-04-14T13:00:25","slug":"esmalt-antioxidant-oxirite-forja-negre-750ml-oferta","status":"publish","type":"product","link":"https:\/\/ollerpintures.com\/ca\/producte\/esmalt-antioxidant-oxirite-forja-negre-750ml-oferta\/","title":{"rendered":"Esmalt antioxidant OXIRITE Forja Negre 750ml &#8211; OFERTA!"},"content":{"rendered":"<p>Esmalt Oxirite antioxidant forja negre. Aquesta pintura no necessita imprimaci\u00f3 pr\u00e8via, pot <strong>aplicar-se directament sobre les superf\u00edcies de ferro o acer<\/strong> (tant noves com oxidades).<strong> Protecci\u00f3 contra la corrosi\u00f3 amb acabat llis.\u00a0<\/strong><\/p>\n<p>Pintura per interior i exterior.<\/p>\n<p><strong>*Oferta disponible fins esgotar exist\u00e8ncies!!<\/strong><\/p>\n<p>&nbsp;<\/p>\n","protected":false},"excerpt":{"rendered":"<p><strong>OFERTA DISPONIBLE FINS ESGOTAR EXIST\u00c8NCIES!!<\/strong><\/p>\n<ul>\n<li>Pintura per interior i exterior<\/li>\n<li>Esmalt d&#8217;aplicaci\u00f3 directa sobre la superf\u00edcie, no cal imprimaci\u00f3<\/li>\n<li>Pintura per ferro o acer (nou o oxidat)<\/li>\n<li>Acabat llis<\/li>\n<\/ul>\n","protected":false},"featured_media":24825,"template":"","meta":{"_acf_changed":false},"pwb-brand":[],"product_brand":[],"product_cat":[24,85,846,76],"product_tag":[83,450,1969],"class_list":{"0":"post-24824","1":"product","2":"type-product","3":"status-publish","4":"has-post-thumbnail","6":"product_cat-pintura","7":"product_cat-ferro-esmalt-pintures","8":"product_cat-pintura-per-ferro-2","9":"product_cat-ofertes","10":"product_tag-esmalt","11":"product_tag-forja","12":"product_tag-oferta","13":"no-featured-image-padding","14":"resize-featured-image","15":"sales-flash-overlay","16":"woocommerce-text-align-left","17":"woocommerce-image-align-center","18":"do-quantity-buttons","20":"first","21":"outofstock","22":"shipping-taxable","23":"purchasable","24":"product-type-simple"},"acf":[],"yoast_head":"<!-- This site is optimized with the Yoast SEO plugin v27.1.1 - https:\/\/yoast.com\/product\/yoast-seo-wordpress\/ -->\n<title>Esmalt antioxidant OXIRITE Forja Negre 750ml - OFERTA! - Oller Pinturas y Revestimientos<\/title>\n<meta name=\"description\" content=\"OFERTA DISPONIBLE FINS ESGOTAR EXIST\u00c8NCIES!!   Pintura per interior i exterior  Esmalt d&#039;aplicaci\u00f3 directa sobre la superf\u00edcie, no cal imprimaci\u00f3  Pintura per ferro o acer (nou o oxidat)  Acabat llis\" \/>\n<meta name=\"robots\" content=\"index, follow, max-snippet:-1, max-image-preview:large, max-video-preview:-1\" \/>\n<link rel=\"canonical\" href=\"https:\/\/ollerpintures.com\/ca\/producte\/esmalt-antioxidant-oxirite-forja-negre-750ml-oferta\/\" \/>\n<meta property=\"og:locale\" content=\"ca_ES\" \/>\n<meta property=\"og:type\" content=\"article\" \/>\n<meta property=\"og:title\" content=\"Esmalt antioxidant OXIRITE Forja Negre 750ml - OFERTA! - Oller Pinturas y Revestimientos\" \/>\n<meta property=\"og:description\" content=\"OFERTA DISPONIBLE FINS ESGOTAR EXIST\u00c8NCIES!!   Pintura per interior i exterior  Esmalt d&#039;aplicaci\u00f3 directa sobre la superf\u00edcie, no cal imprimaci\u00f3  Pintura per ferro o acer (nou o oxidat)  Acabat llis\" \/>\n<meta property=\"og:url\" content=\"https:\/\/ollerpintures.com\/ca\/producte\/esmalt-antioxidant-oxirite-forja-negre-750ml-oferta\/\" \/>\n<meta property=\"og:site_name\" content=\"Oller Pinturas y Revestimientos\" \/>\n<meta property=\"article:publisher\" content=\"https:\/\/www.facebook.com\/people\/Oller-Pintures\/100063652056709\/\" \/>\n<meta property=\"article:modified_time\" content=\"2026-04-14T13:00:25+00:00\" \/>\n<meta property=\"og:image\" content=\"https:\/\/ollerpintures.com\/wp-content\/uploads\/2023\/04\/esmalte-liso-forja-negro-750-oxirite-comprar-online-oller.jpg\" \/>\n\t<meta property=\"og:image:width\" content=\"1080\" \/>\n\t<meta property=\"og:image:height\" content=\"1080\" \/>\n\t<meta property=\"og:image:type\" content=\"image\/jpeg\" \/>\n<meta name=\"twitter:card\" content=\"summary_large_image\" \/>\n<meta name=\"twitter:label1\" content=\"Temps estimat de lectura\" \/>\n\t<meta name=\"twitter:data1\" content=\"1 minut\" \/>\n<script type=\"application\/ld+json\" class=\"yoast-schema-graph\">{\"@context\":\"https:\/\/schema.org\",\"@graph\":[{\"@type\":\"WebPage\",\"@id\":\"https:\/\/ollerpintures.com\/ca\/producte\/esmalt-antioxidant-oxirite-forja-negre-750ml-oferta\/\",\"url\":\"https:\/\/ollerpintures.com\/ca\/producte\/esmalt-antioxidant-oxirite-forja-negre-750ml-oferta\/\",\"name\":\"Esmalt antioxidant OXIRITE Forja Negre 750ml - OFERTA! - Oller Pinturas y Revestimientos\",\"isPartOf\":{\"@id\":\"https:\/\/ollerpintures.com\/ca\/#website\"},\"primaryImageOfPage\":{\"@id\":\"https:\/\/ollerpintures.com\/ca\/producte\/esmalt-antioxidant-oxirite-forja-negre-750ml-oferta\/#primaryimage\"},\"image\":{\"@id\":\"https:\/\/ollerpintures.com\/ca\/producte\/esmalt-antioxidant-oxirite-forja-negre-750ml-oferta\/#primaryimage\"},\"thumbnailUrl\":\"https:\/\/ollerpintures.com\/wp-content\/uploads\/2023\/04\/esmalte-liso-forja-negro-750-oxirite-comprar-online-oller.jpg\",\"datePublished\":\"2023-04-21T06:49:27+00:00\",\"dateModified\":\"2026-04-14T13:00:25+00:00\",\"description\":\"OFERTA DISPONIBLE FINS ESGOTAR EXIST\u00c8NCIES!! Pintura per interior i exterior Esmalt d'aplicaci\u00f3 directa sobre la superf\u00edcie, no cal imprimaci\u00f3 Pintura per ferro o acer (nou o oxidat) Acabat llis\",\"breadcrumb\":{\"@id\":\"https:\/\/ollerpintures.com\/ca\/producte\/esmalt-antioxidant-oxirite-forja-negre-750ml-oferta\/#breadcrumb\"},\"inLanguage\":\"ca\",\"potentialAction\":[{\"@type\":\"ReadAction\",\"target\":[\"https:\/\/ollerpintures.com\/ca\/producte\/esmalt-antioxidant-oxirite-forja-negre-750ml-oferta\/\"]}]},{\"@type\":\"ImageObject\",\"inLanguage\":\"ca\",\"@id\":\"https:\/\/ollerpintures.com\/ca\/producte\/esmalt-antioxidant-oxirite-forja-negre-750ml-oferta\/#primaryimage\",\"url\":\"https:\/\/ollerpintures.com\/wp-content\/uploads\/2023\/04\/esmalte-liso-forja-negro-750-oxirite-comprar-online-oller.jpg\",\"contentUrl\":\"https:\/\/ollerpintures.com\/wp-content\/uploads\/2023\/04\/esmalte-liso-forja-negro-750-oxirite-comprar-online-oller.jpg\",\"width\":1080,\"height\":1080,\"caption\":\"oxirite liso forja negro 750 ml\"},{\"@type\":\"BreadcrumbList\",\"@id\":\"https:\/\/ollerpintures.com\/ca\/producte\/esmalt-antioxidant-oxirite-forja-negre-750ml-oferta\/#breadcrumb\",\"itemListElement\":[{\"@type\":\"ListItem\",\"position\":1,\"name\":\"Inici\",\"item\":\"https:\/\/ollerpintures.com\/ca\/\"},{\"@type\":\"ListItem\",\"position\":2,\"name\":\"Botiga\",\"item\":\"https:\/\/ollerpintures.com\/ca\/botiga\/\"},{\"@type\":\"ListItem\",\"position\":3,\"name\":\"Esmalt antioxidant OXIRITE Forja Negre 750ml &#8211; OFERTA!\"}]},{\"@type\":\"WebSite\",\"@id\":\"https:\/\/ollerpintures.com\/ca\/#website\",\"url\":\"https:\/\/ollerpintures.com\/ca\/\",\"name\":\"Oller Pinturas y Revestimientos\",\"description\":\"Pinturas y revestimientos para profesionales, industrias, obras p\u00fablicas, bricolaje. Pinturas de calidad profesional i mucho m\u00e1s.\",\"publisher\":{\"@id\":\"https:\/\/ollerpintures.com\/ca\/#organization\"},\"alternateName\":\"Oller Grup\",\"potentialAction\":[{\"@type\":\"SearchAction\",\"target\":{\"@type\":\"EntryPoint\",\"urlTemplate\":\"https:\/\/ollerpintures.com\/ca\/?s={search_term_string}\"},\"query-input\":{\"@type\":\"PropertyValueSpecification\",\"valueRequired\":true,\"valueName\":\"search_term_string\"}}],\"inLanguage\":\"ca\"},{\"@type\":\"Organization\",\"@id\":\"https:\/\/ollerpintures.com\/ca\/#organization\",\"name\":\"Oller Pintures i Revestiments\",\"alternateName\":\"Oller Grup\",\"url\":\"https:\/\/ollerpintures.com\/ca\/\",\"logo\":{\"@type\":\"ImageObject\",\"inLanguage\":\"ca\",\"@id\":\"https:\/\/ollerpintures.com\/ca\/#\/schema\/logo\/image\/\",\"url\":\"https:\/\/ollerpintures.com\/wp-content\/uploads\/2024\/05\/newLogo.png\",\"contentUrl\":\"https:\/\/ollerpintures.com\/wp-content\/uploads\/2024\/05\/newLogo.png\",\"width\":483,\"height\":244,\"caption\":\"Oller Pintures i Revestiments\"},\"image\":{\"@id\":\"https:\/\/ollerpintures.com\/ca\/#\/schema\/logo\/image\/\"},\"sameAs\":[\"https:\/\/www.facebook.com\/people\/Oller-Pintures\/100063652056709\/\",\"https:\/\/www.instagram.com\/ollerpintures\/\",\"https:\/\/descriptor.es\/organization\/oller-grup\/\"]}]}<\/script>\n<!-- \/ Yoast SEO plugin. -->","yoast_head_json":{"title":"Esmalt antioxidant OXIRITE Forja Negre 750ml - OFERTA! - Oller Pinturas y Revestimientos","description":"OFERTA DISPONIBLE FINS ESGOTAR EXIST\u00c8NCIES!!   Pintura per interior i exterior  Esmalt d'aplicaci\u00f3 directa sobre la superf\u00edcie, no cal imprimaci\u00f3  Pintura per ferro o acer (nou o oxidat)  Acabat llis","robots":{"index":"index","follow":"follow","max-snippet":"max-snippet:-1","max-image-preview":"max-image-preview:large","max-video-preview":"max-video-preview:-1"},"canonical":"https:\/\/ollerpintures.com\/ca\/producte\/esmalt-antioxidant-oxirite-forja-negre-750ml-oferta\/","og_locale":"ca_ES","og_type":"article","og_title":"Esmalt antioxidant OXIRITE Forja Negre 750ml - OFERTA! - Oller Pinturas y Revestimientos","og_description":"OFERTA DISPONIBLE FINS ESGOTAR EXIST\u00c8NCIES!!   Pintura per interior i exterior  Esmalt d'aplicaci\u00f3 directa sobre la superf\u00edcie, no cal imprimaci\u00f3  Pintura per ferro o acer (nou o oxidat)  Acabat llis","og_url":"https:\/\/ollerpintures.com\/ca\/producte\/esmalt-antioxidant-oxirite-forja-negre-750ml-oferta\/","og_site_name":"Oller Pinturas y Revestimientos","article_publisher":"https:\/\/www.facebook.com\/people\/Oller-Pintures\/100063652056709\/","article_modified_time":"2026-04-14T13:00:25+00:00","og_image":[{"width":1080,"height":1080,"url":"https:\/\/ollerpintures.com\/wp-content\/uploads\/2023\/04\/esmalte-liso-forja-negro-750-oxirite-comprar-online-oller.jpg","type":"image\/jpeg"}],"twitter_card":"summary_large_image","twitter_misc":{"Temps estimat de lectura":"1 minut"},"schema":{"@context":"https:\/\/schema.org","@graph":[{"@type":"WebPage","@id":"https:\/\/ollerpintures.com\/ca\/producte\/esmalt-antioxidant-oxirite-forja-negre-750ml-oferta\/","url":"https:\/\/ollerpintures.com\/ca\/producte\/esmalt-antioxidant-oxirite-forja-negre-750ml-oferta\/","name":"Esmalt antioxidant OXIRITE Forja Negre 750ml - OFERTA! - Oller Pinturas y Revestimientos","isPartOf":{"@id":"https:\/\/ollerpintures.com\/ca\/#website"},"primaryImageOfPage":{"@id":"https:\/\/ollerpintures.com\/ca\/producte\/esmalt-antioxidant-oxirite-forja-negre-750ml-oferta\/#primaryimage"},"image":{"@id":"https:\/\/ollerpintures.com\/ca\/producte\/esmalt-antioxidant-oxirite-forja-negre-750ml-oferta\/#primaryimage"},"thumbnailUrl":"https:\/\/ollerpintures.com\/wp-content\/uploads\/2023\/04\/esmalte-liso-forja-negro-750-oxirite-comprar-online-oller.jpg","datePublished":"2023-04-21T06:49:27+00:00","dateModified":"2026-04-14T13:00:25+00:00","description":"OFERTA DISPONIBLE FINS ESGOTAR EXIST\u00c8NCIES!! Pintura per interior i exterior Esmalt d'aplicaci\u00f3 directa sobre la superf\u00edcie, no cal imprimaci\u00f3 Pintura per ferro o acer (nou o oxidat) Acabat llis","breadcrumb":{"@id":"https:\/\/ollerpintures.com\/ca\/producte\/esmalt-antioxidant-oxirite-forja-negre-750ml-oferta\/#breadcrumb"},"inLanguage":"ca","potentialAction":[{"@type":"ReadAction","target":["https:\/\/ollerpintures.com\/ca\/producte\/esmalt-antioxidant-oxirite-forja-negre-750ml-oferta\/"]}]},{"@type":"ImageObject","inLanguage":"ca","@id":"https:\/\/ollerpintures.com\/ca\/producte\/esmalt-antioxidant-oxirite-forja-negre-750ml-oferta\/#primaryimage","url":"https:\/\/ollerpintures.com\/wp-content\/uploads\/2023\/04\/esmalte-liso-forja-negro-750-oxirite-comprar-online-oller.jpg","contentUrl":"https:\/\/ollerpintures.com\/wp-content\/uploads\/2023\/04\/esmalte-liso-forja-negro-750-oxirite-comprar-online-oller.jpg","width":1080,"height":1080,"caption":"oxirite liso forja negro 750 ml"},{"@type":"BreadcrumbList","@id":"https:\/\/ollerpintures.com\/ca\/producte\/esmalt-antioxidant-oxirite-forja-negre-750ml-oferta\/#breadcrumb","itemListElement":[{"@type":"ListItem","position":1,"name":"Inici","item":"https:\/\/ollerpintures.com\/ca\/"},{"@type":"ListItem","position":2,"name":"Botiga","item":"https:\/\/ollerpintures.com\/ca\/botiga\/"},{"@type":"ListItem","position":3,"name":"Esmalt antioxidant OXIRITE Forja Negre 750ml &#8211; OFERTA!"}]},{"@type":"WebSite","@id":"https:\/\/ollerpintures.com\/ca\/#website","url":"https:\/\/ollerpintures.com\/ca\/","name":"Oller Pinturas y Revestimientos","description":"Pinturas y revestimientos para profesionales, industrias, obras p\u00fablicas, bricolaje. Pinturas de calidad profesional i mucho m\u00e1s.","publisher":{"@id":"https:\/\/ollerpintures.com\/ca\/#organization"},"alternateName":"Oller Grup","potentialAction":[{"@type":"SearchAction","target":{"@type":"EntryPoint","urlTemplate":"https:\/\/ollerpintures.com\/ca\/?s={search_term_string}"},"query-input":{"@type":"PropertyValueSpecification","valueRequired":true,"valueName":"search_term_string"}}],"inLanguage":"ca"},{"@type":"Organization","@id":"https:\/\/ollerpintures.com\/ca\/#organization","name":"Oller Pintures i Revestiments","alternateName":"Oller Grup","url":"https:\/\/ollerpintures.com\/ca\/","logo":{"@type":"ImageObject","inLanguage":"ca","@id":"https:\/\/ollerpintures.com\/ca\/#\/schema\/logo\/image\/","url":"https:\/\/ollerpintures.com\/wp-content\/uploads\/2024\/05\/newLogo.png","contentUrl":"https:\/\/ollerpintures.com\/wp-content\/uploads\/2024\/05\/newLogo.png","width":483,"height":244,"caption":"Oller Pintures i Revestiments"},"image":{"@id":"https:\/\/ollerpintures.com\/ca\/#\/schema\/logo\/image\/"},"sameAs":["https:\/\/www.facebook.com\/people\/Oller-Pintures\/100063652056709\/","https:\/\/www.instagram.com\/ollerpintures\/","https:\/\/descriptor.es\/organization\/oller-grup\/"]}]}},"brands":[],"_links":{"self":[{"href":"https:\/\/ollerpintures.com\/ca\/wp-json\/wp\/v2\/product\/24824","targetHints":{"allow":["GET"]}}],"collection":[{"href":"https:\/\/ollerpintures.com\/ca\/wp-json\/wp\/v2\/product"}],"about":[{"href":"https:\/\/ollerpintures.com\/ca\/wp-json\/wp\/v2\/types\/product"}],"wp:featuredmedia":[{"embeddable":true,"href":"https:\/\/ollerpintures.com\/ca\/wp-json\/wp\/v2\/media\/24825"}],"wp:attachment":[{"href":"https:\/\/ollerpintures.com\/ca\/wp-json\/wp\/v2\/media?parent=24824"}],"wp:term":[{"taxonomy":"pwb-brand","embeddable":true,"href":"https:\/\/ollerpintures.com\/ca\/wp-json\/wp\/v2\/pwb-brand?post=24824"},{"taxonomy":"product_brand","embeddable":true,"href":"https:\/\/ollerpintures.com\/ca\/wp-json\/wp\/v2\/product_brand?post=24824"},{"taxonomy":"product_cat","embeddable":true,"href":"https:\/\/ollerpintures.com\/ca\/wp-json\/wp\/v2\/product_cat?post=24824"},{"taxonomy":"product_tag","embeddable":true,"href":"https:\/\/ollerpintures.com\/ca\/wp-json\/wp\/v2\/product_tag?post=24824"}],"curies":[{"name":"wp","href":"https:\/\/api.w.org\/{rel}","templated":true}]}}