{"id":23938,"date":"2023-01-19T12:05:40","date_gmt":"2023-01-19T11:05:40","guid":{"rendered":"https:\/\/oller-pintures.c.wetopi.com\/?post_type=product&#038;p=23938"},"modified":"2023-02-22T11:47:39","modified_gmt":"2023-02-22T10:47:39","slug":"esmalt-ecologic-a-laigua-titanlux-lluent-rojo-coral-750ml","status":"publish","type":"product","link":"https:\/\/ollerpintures.com\/ca\/producte\/esmalt-ecologic-a-laigua-titanlux-lluent-rojo-coral-750ml\/","title":{"rendered":"Esmalt ecol\u00f2gic a l&#8217;aigua Titanlux Lluent Rojo Coral 750ml"},"content":{"rendered":"<p>Esmalt <strong>multisuperf\u00edcie a l&#8217;aigua<\/strong> de m\u00e0xima qualitat i \u00fas universal per interior i exterior. Decora i protegeix <strong>amb una sola capa.<\/strong> Amb conservant <strong>anti-moho<\/strong>. No grogueja i conserva els colors i la lluentor. Respectu\u00f3s amb les persones i medi ambient.<strong> Esmalt ecol\u00f2gic f\u00e0cil d&#8217;aplicar<\/strong>, sense olor, assecat i repintat molt r\u00e0pids amb acabats professionals, cosa que permet reprendre serveis al cap de poques hores d&#8217;haver pintat. Gran <strong>resist\u00e8ncia<\/strong> a productes de neteja dom\u00e8stics, taques (caf\u00e8, vi, salses, olis&#8230;), cops i resistent a la intemp\u00e8rie. No deixa marques de pinzell. 0% dissolvents alif\u00e0tics i arom\u00e0tics, 0% metil etil cetoxima i 0% metalls pesats. Nova tecnologia que garanteix les prestacions premium de <strong>resist\u00e8ncia, duresa, durabilitat, flexibilitat i rentabilitat<\/strong> del producte.<\/p>\n<p><strong>M\u00e8todes d&#8217;aplicaci\u00f3:<\/strong><\/p>\n<ul>\n<li>Brotxa<\/li>\n<li>Corr\u00f3 micro-fibra<\/li>\n<li>Pistola<\/li>\n<\/ul>\n<p><strong>Acabat:<\/strong> lluent<\/p>\n<p>&nbsp;<\/p>\n<p>&nbsp;<\/p>\n","protected":false},"excerpt":{"rendered":"<p><strong>Aquest producte pot tenir un temps d\u2019entrega superior a les 72h.<\/strong><\/p>\n","protected":false},"featured_media":23940,"template":"","meta":{"_acf_changed":false},"pwb-brand":[1963],"product_brand":[],"product_cat":[24,42,843,85,846,847,89],"product_tag":[74,83,63,62,94,66,773],"class_list":{"0":"post-23938","1":"product","2":"type-product","3":"status-publish","4":"has-post-thumbnail","6":"pwb-brand-titan","7":"product_cat-pintura","8":"product_cat-interiorpintura","9":"product_cat-pintura-ecologica","10":"product_cat-ferro-esmalt-pintures","11":"product_cat-pintura-per-ferro-2","12":"product_cat-esmalts-per-fusta","13":"product_cat-pintura-per-portes","14":"product_tag-ecologica","15":"product_tag-esmalt","16":"product_tag-exterior","17":"product_tag-interior","18":"product_tag-multisuperficie","19":"product_tag-pintura","20":"product_tag-pintura-ecologica","21":"no-featured-image-padding","22":"resize-featured-image","23":"sales-flash-overlay","24":"woocommerce-text-align-left","25":"woocommerce-image-align-center","26":"do-quantity-buttons","28":"first","29":"instock","30":"shipping-taxable","31":"purchasable","32":"product-type-simple"},"acf":[],"yoast_head":"<!-- This site is optimized with the Yoast SEO plugin v27.1.1 - https:\/\/yoast.com\/product\/yoast-seo-wordpress\/ -->\n<title>Esmalt ecol\u00f2gic a l&#039;aigua Titanlux Lluent Rojo Coral 750ml - Oller Pinturas y Revestimientos<\/title>\n<meta name=\"description\" content=\"Aquest producte pot tenir un temps d\u2019entrega superior a les 72h.\" \/>\n<meta name=\"robots\" content=\"index, follow, max-snippet:-1, max-image-preview:large, max-video-preview:-1\" \/>\n<link rel=\"canonical\" href=\"https:\/\/ollerpintures.com\/ca\/producte\/esmalt-ecologic-a-laigua-titanlux-lluent-rojo-coral-750ml\/\" \/>\n<meta property=\"og:locale\" content=\"ca_ES\" \/>\n<meta property=\"og:type\" content=\"article\" \/>\n<meta property=\"og:title\" content=\"Esmalt ecol\u00f2gic a l&#039;aigua Titanlux Lluent Rojo Coral 750ml - Oller Pinturas y Revestimientos\" \/>\n<meta property=\"og:description\" content=\"Aquest producte pot tenir un temps d\u2019entrega superior a les 72h.\" \/>\n<meta property=\"og:url\" content=\"https:\/\/ollerpintures.com\/ca\/producte\/esmalt-ecologic-a-laigua-titanlux-lluent-rojo-coral-750ml\/\" \/>\n<meta property=\"og:site_name\" content=\"Oller Pinturas y Revestimientos\" \/>\n<meta property=\"article:publisher\" content=\"https:\/\/www.facebook.com\/people\/Oller-Pintures\/100063652056709\/\" \/>\n<meta property=\"article:modified_time\" content=\"2023-02-22T10:47:39+00:00\" \/>\n<meta property=\"og:image\" content=\"https:\/\/ollerpintures.com\/wp-content\/uploads\/2023\/01\/esmalte-ecologico-titanlux-rojo-coral-oller.jpg\" \/>\n\t<meta property=\"og:image:width\" content=\"1080\" \/>\n\t<meta property=\"og:image:height\" content=\"1080\" \/>\n\t<meta property=\"og:image:type\" content=\"image\/jpeg\" \/>\n<meta name=\"twitter:card\" content=\"summary_large_image\" \/>\n<meta name=\"twitter:label1\" content=\"Temps estimat de lectura\" \/>\n\t<meta name=\"twitter:data1\" content=\"1 minut\" \/>\n<script type=\"application\/ld+json\" class=\"yoast-schema-graph\">{\"@context\":\"https:\/\/schema.org\",\"@graph\":[{\"@type\":\"WebPage\",\"@id\":\"https:\/\/ollerpintures.com\/ca\/producte\/esmalt-ecologic-a-laigua-titanlux-lluent-rojo-coral-750ml\/\",\"url\":\"https:\/\/ollerpintures.com\/ca\/producte\/esmalt-ecologic-a-laigua-titanlux-lluent-rojo-coral-750ml\/\",\"name\":\"Esmalt ecol\u00f2gic a l'aigua Titanlux Lluent Rojo Coral 750ml - Oller Pinturas y Revestimientos\",\"isPartOf\":{\"@id\":\"https:\/\/ollerpintures.com\/ca\/#website\"},\"primaryImageOfPage\":{\"@id\":\"https:\/\/ollerpintures.com\/ca\/producte\/esmalt-ecologic-a-laigua-titanlux-lluent-rojo-coral-750ml\/#primaryimage\"},\"image\":{\"@id\":\"https:\/\/ollerpintures.com\/ca\/producte\/esmalt-ecologic-a-laigua-titanlux-lluent-rojo-coral-750ml\/#primaryimage\"},\"thumbnailUrl\":\"https:\/\/ollerpintures.com\/wp-content\/uploads\/2023\/01\/esmalte-ecologico-titanlux-rojo-coral-oller.jpg\",\"datePublished\":\"2023-01-19T11:05:40+00:00\",\"dateModified\":\"2023-02-22T10:47:39+00:00\",\"description\":\"Aquest producte pot tenir un temps d\u2019entrega superior a les 72h.\",\"breadcrumb\":{\"@id\":\"https:\/\/ollerpintures.com\/ca\/producte\/esmalt-ecologic-a-laigua-titanlux-lluent-rojo-coral-750ml\/#breadcrumb\"},\"inLanguage\":\"ca\",\"potentialAction\":[{\"@type\":\"ReadAction\",\"target\":[\"https:\/\/ollerpintures.com\/ca\/producte\/esmalt-ecologic-a-laigua-titanlux-lluent-rojo-coral-750ml\/\"]}]},{\"@type\":\"ImageObject\",\"inLanguage\":\"ca\",\"@id\":\"https:\/\/ollerpintures.com\/ca\/producte\/esmalt-ecologic-a-laigua-titanlux-lluent-rojo-coral-750ml\/#primaryimage\",\"url\":\"https:\/\/ollerpintures.com\/wp-content\/uploads\/2023\/01\/esmalte-ecologico-titanlux-rojo-coral-oller.jpg\",\"contentUrl\":\"https:\/\/ollerpintures.com\/wp-content\/uploads\/2023\/01\/esmalte-ecologico-titanlux-rojo-coral-oller.jpg\",\"width\":1080,\"height\":1080,\"caption\":\"esmalte ecologico titanlux rojo coral oller\"},{\"@type\":\"BreadcrumbList\",\"@id\":\"https:\/\/ollerpintures.com\/ca\/producte\/esmalt-ecologic-a-laigua-titanlux-lluent-rojo-coral-750ml\/#breadcrumb\",\"itemListElement\":[{\"@type\":\"ListItem\",\"position\":1,\"name\":\"Inici\",\"item\":\"https:\/\/ollerpintures.com\/ca\/\"},{\"@type\":\"ListItem\",\"position\":2,\"name\":\"Botiga\",\"item\":\"https:\/\/ollerpintures.com\/ca\/botiga\/\"},{\"@type\":\"ListItem\",\"position\":3,\"name\":\"Esmalt ecol\u00f2gic a l&#8217;aigua Titanlux Lluent Rojo Coral 750ml\"}]},{\"@type\":\"WebSite\",\"@id\":\"https:\/\/ollerpintures.com\/ca\/#website\",\"url\":\"https:\/\/ollerpintures.com\/ca\/\",\"name\":\"Oller Pinturas y Revestimientos\",\"description\":\"Pinturas y revestimientos para profesionales, industrias, obras p\u00fablicas, bricolaje. Pinturas de calidad profesional i mucho m\u00e1s.\",\"publisher\":{\"@id\":\"https:\/\/ollerpintures.com\/ca\/#organization\"},\"alternateName\":\"Oller Grup\",\"potentialAction\":[{\"@type\":\"SearchAction\",\"target\":{\"@type\":\"EntryPoint\",\"urlTemplate\":\"https:\/\/ollerpintures.com\/ca\/?s={search_term_string}\"},\"query-input\":{\"@type\":\"PropertyValueSpecification\",\"valueRequired\":true,\"valueName\":\"search_term_string\"}}],\"inLanguage\":\"ca\"},{\"@type\":\"Organization\",\"@id\":\"https:\/\/ollerpintures.com\/ca\/#organization\",\"name\":\"Oller Pintures i Revestiments\",\"alternateName\":\"Oller Grup\",\"url\":\"https:\/\/ollerpintures.com\/ca\/\",\"logo\":{\"@type\":\"ImageObject\",\"inLanguage\":\"ca\",\"@id\":\"https:\/\/ollerpintures.com\/ca\/#\/schema\/logo\/image\/\",\"url\":\"https:\/\/ollerpintures.com\/wp-content\/uploads\/2024\/05\/newLogo.png\",\"contentUrl\":\"https:\/\/ollerpintures.com\/wp-content\/uploads\/2024\/05\/newLogo.png\",\"width\":483,\"height\":244,\"caption\":\"Oller Pintures i Revestiments\"},\"image\":{\"@id\":\"https:\/\/ollerpintures.com\/ca\/#\/schema\/logo\/image\/\"},\"sameAs\":[\"https:\/\/www.facebook.com\/people\/Oller-Pintures\/100063652056709\/\",\"https:\/\/www.instagram.com\/ollerpintures\/\",\"https:\/\/descriptor.es\/organization\/oller-grup\/\"]}]}<\/script>\n<!-- \/ Yoast SEO plugin. -->","yoast_head_json":{"title":"Esmalt ecol\u00f2gic a l'aigua Titanlux Lluent Rojo Coral 750ml - Oller Pinturas y Revestimientos","description":"Aquest producte pot tenir un temps d\u2019entrega superior a les 72h.","robots":{"index":"index","follow":"follow","max-snippet":"max-snippet:-1","max-image-preview":"max-image-preview:large","max-video-preview":"max-video-preview:-1"},"canonical":"https:\/\/ollerpintures.com\/ca\/producte\/esmalt-ecologic-a-laigua-titanlux-lluent-rojo-coral-750ml\/","og_locale":"ca_ES","og_type":"article","og_title":"Esmalt ecol\u00f2gic a l'aigua Titanlux Lluent Rojo Coral 750ml - Oller Pinturas y Revestimientos","og_description":"Aquest producte pot tenir un temps d\u2019entrega superior a les 72h.","og_url":"https:\/\/ollerpintures.com\/ca\/producte\/esmalt-ecologic-a-laigua-titanlux-lluent-rojo-coral-750ml\/","og_site_name":"Oller Pinturas y Revestimientos","article_publisher":"https:\/\/www.facebook.com\/people\/Oller-Pintures\/100063652056709\/","article_modified_time":"2023-02-22T10:47:39+00:00","og_image":[{"width":1080,"height":1080,"url":"https:\/\/ollerpintures.com\/wp-content\/uploads\/2023\/01\/esmalte-ecologico-titanlux-rojo-coral-oller.jpg","type":"image\/jpeg"}],"twitter_card":"summary_large_image","twitter_misc":{"Temps estimat de lectura":"1 minut"},"schema":{"@context":"https:\/\/schema.org","@graph":[{"@type":"WebPage","@id":"https:\/\/ollerpintures.com\/ca\/producte\/esmalt-ecologic-a-laigua-titanlux-lluent-rojo-coral-750ml\/","url":"https:\/\/ollerpintures.com\/ca\/producte\/esmalt-ecologic-a-laigua-titanlux-lluent-rojo-coral-750ml\/","name":"Esmalt ecol\u00f2gic a l'aigua Titanlux Lluent Rojo Coral 750ml - Oller Pinturas y Revestimientos","isPartOf":{"@id":"https:\/\/ollerpintures.com\/ca\/#website"},"primaryImageOfPage":{"@id":"https:\/\/ollerpintures.com\/ca\/producte\/esmalt-ecologic-a-laigua-titanlux-lluent-rojo-coral-750ml\/#primaryimage"},"image":{"@id":"https:\/\/ollerpintures.com\/ca\/producte\/esmalt-ecologic-a-laigua-titanlux-lluent-rojo-coral-750ml\/#primaryimage"},"thumbnailUrl":"https:\/\/ollerpintures.com\/wp-content\/uploads\/2023\/01\/esmalte-ecologico-titanlux-rojo-coral-oller.jpg","datePublished":"2023-01-19T11:05:40+00:00","dateModified":"2023-02-22T10:47:39+00:00","description":"Aquest producte pot tenir un temps d\u2019entrega superior a les 72h.","breadcrumb":{"@id":"https:\/\/ollerpintures.com\/ca\/producte\/esmalt-ecologic-a-laigua-titanlux-lluent-rojo-coral-750ml\/#breadcrumb"},"inLanguage":"ca","potentialAction":[{"@type":"ReadAction","target":["https:\/\/ollerpintures.com\/ca\/producte\/esmalt-ecologic-a-laigua-titanlux-lluent-rojo-coral-750ml\/"]}]},{"@type":"ImageObject","inLanguage":"ca","@id":"https:\/\/ollerpintures.com\/ca\/producte\/esmalt-ecologic-a-laigua-titanlux-lluent-rojo-coral-750ml\/#primaryimage","url":"https:\/\/ollerpintures.com\/wp-content\/uploads\/2023\/01\/esmalte-ecologico-titanlux-rojo-coral-oller.jpg","contentUrl":"https:\/\/ollerpintures.com\/wp-content\/uploads\/2023\/01\/esmalte-ecologico-titanlux-rojo-coral-oller.jpg","width":1080,"height":1080,"caption":"esmalte ecologico titanlux rojo coral oller"},{"@type":"BreadcrumbList","@id":"https:\/\/ollerpintures.com\/ca\/producte\/esmalt-ecologic-a-laigua-titanlux-lluent-rojo-coral-750ml\/#breadcrumb","itemListElement":[{"@type":"ListItem","position":1,"name":"Inici","item":"https:\/\/ollerpintures.com\/ca\/"},{"@type":"ListItem","position":2,"name":"Botiga","item":"https:\/\/ollerpintures.com\/ca\/botiga\/"},{"@type":"ListItem","position":3,"name":"Esmalt ecol\u00f2gic a l&#8217;aigua Titanlux Lluent Rojo Coral 750ml"}]},{"@type":"WebSite","@id":"https:\/\/ollerpintures.com\/ca\/#website","url":"https:\/\/ollerpintures.com\/ca\/","name":"Oller Pinturas y Revestimientos","description":"Pinturas y revestimientos para profesionales, industrias, obras p\u00fablicas, bricolaje. Pinturas de calidad profesional i mucho m\u00e1s.","publisher":{"@id":"https:\/\/ollerpintures.com\/ca\/#organization"},"alternateName":"Oller Grup","potentialAction":[{"@type":"SearchAction","target":{"@type":"EntryPoint","urlTemplate":"https:\/\/ollerpintures.com\/ca\/?s={search_term_string}"},"query-input":{"@type":"PropertyValueSpecification","valueRequired":true,"valueName":"search_term_string"}}],"inLanguage":"ca"},{"@type":"Organization","@id":"https:\/\/ollerpintures.com\/ca\/#organization","name":"Oller Pintures i Revestiments","alternateName":"Oller Grup","url":"https:\/\/ollerpintures.com\/ca\/","logo":{"@type":"ImageObject","inLanguage":"ca","@id":"https:\/\/ollerpintures.com\/ca\/#\/schema\/logo\/image\/","url":"https:\/\/ollerpintures.com\/wp-content\/uploads\/2024\/05\/newLogo.png","contentUrl":"https:\/\/ollerpintures.com\/wp-content\/uploads\/2024\/05\/newLogo.png","width":483,"height":244,"caption":"Oller Pintures i Revestiments"},"image":{"@id":"https:\/\/ollerpintures.com\/ca\/#\/schema\/logo\/image\/"},"sameAs":["https:\/\/www.facebook.com\/people\/Oller-Pintures\/100063652056709\/","https:\/\/www.instagram.com\/ollerpintures\/","https:\/\/descriptor.es\/organization\/oller-grup\/"]}]}},"brands":[{"id":1963,"name":"Titan","slug":"titan"}],"_links":{"self":[{"href":"https:\/\/ollerpintures.com\/ca\/wp-json\/wp\/v2\/product\/23938","targetHints":{"allow":["GET"]}}],"collection":[{"href":"https:\/\/ollerpintures.com\/ca\/wp-json\/wp\/v2\/product"}],"about":[{"href":"https:\/\/ollerpintures.com\/ca\/wp-json\/wp\/v2\/types\/product"}],"wp:featuredmedia":[{"embeddable":true,"href":"https:\/\/ollerpintures.com\/ca\/wp-json\/wp\/v2\/media\/23940"}],"wp:attachment":[{"href":"https:\/\/ollerpintures.com\/ca\/wp-json\/wp\/v2\/media?parent=23938"}],"wp:term":[{"taxonomy":"pwb-brand","embeddable":true,"href":"https:\/\/ollerpintures.com\/ca\/wp-json\/wp\/v2\/pwb-brand?post=23938"},{"taxonomy":"product_brand","embeddable":true,"href":"https:\/\/ollerpintures.com\/ca\/wp-json\/wp\/v2\/product_brand?post=23938"},{"taxonomy":"product_cat","embeddable":true,"href":"https:\/\/ollerpintures.com\/ca\/wp-json\/wp\/v2\/product_cat?post=23938"},{"taxonomy":"product_tag","embeddable":true,"href":"https:\/\/ollerpintures.com\/ca\/wp-json\/wp\/v2\/product_tag?post=23938"}],"curies":[{"name":"wp","href":"https:\/\/api.w.org\/{rel}","templated":true}]}}