{"id":23229,"date":"2022-11-14T10:22:18","date_gmt":"2022-11-14T09:22:18","guid":{"rendered":"https:\/\/oller-pintures.c.wetopi.com\/?post_type=product&#038;p=23229"},"modified":"2023-01-09T09:22:10","modified_gmt":"2023-01-09T08:22:10","slug":"serra-dincisio-ts-55-febq-plus-576703-festool","status":"publish","type":"product","link":"https:\/\/ollerpintures.com\/ca\/producte\/serra-dincisio-ts-55-febq-plus-576703-festool\/","title":{"rendered":"Serra d&#8217;incisi\u00f3 TS 55 FEBQ-Plus &#8211; 576703 &#8211; Festool"},"content":{"rendered":"<div class=\"product-description__headline\"><\/div>\n<div class=\"textelement\">\n<h3>La obra mestra, ara el doble de r\u00e0pida.<\/h3>\n<p>Milions de serres no menteixen: la TS destaca des de sempre pels seus talls totalment precisos, una pot\u00e8ncia m\u00e0xima i una extraordin\u00e0ria durabilitat. La fiabilitat acostumada no canvia, la novetat resideix en la velocitat de treball sense precedents: ara la TS 55 serra el doble de r\u00e0pid. A m\u00e9s, la nova generaci\u00f3 de fulles de serra garanteix una qualitat de tall perfecta i un rendiment de tall m\u00e0xim. Amb accessoris com els riells de guia i el topall angular o detalls sofisticats i efica\u00e7os com la protecci\u00f3 antiastelles, aix\u00ed com una aspiraci\u00f3 adaptada perfectament a la m\u00e0quina, la TS 55 permet obtenir uns resultats excel\u00b7lents i constitueix un sistema de serrat de primera classe, per tot tipus de desafiaments.<\/p>\n<p><strong>Avantatges i beneficis:<\/strong><\/p>\n<ul>\n<li>For\u00e7a d&#8217;arrossegament concentrada i treball fins el doble de r\u00e0pid amb major durabilitat de les fulles de serra<\/li>\n<li>Treball pr\u00e0cticament sense esquin\u00e7ament als dos costats gr\u00e0cies a la protecci\u00f3 antiastelles desmuntable<\/li>\n<li>Canto de tall que es mant\u00e9 sempre invariable des de 90\u00ba fins 47\u00ba tot i que s&#8217;inclini la serra<\/li>\n<li>Sistema de serrat de primera classe gr\u00e0cies als m\u00faltiples accessoris<\/li>\n<li>Falca de partir per un treball segur i f\u00e0cil col\u00b7locaci\u00f3 en l&#8217;enfonsament existent<\/li>\n<li>Ajustament de l&#8217;angle amb funci\u00f3 de destalonat de -1\u00ba a 47\u00ba<\/li>\n<\/ul>\n<p><strong>Aplicacions principals<\/strong><\/p>\n<ul>\n<li>Talls precisos en gruixs de fins a 55mm<\/li>\n<li>Retall perfecte de portes interiors. Riell de guia amb serra d&#8217;incisi\u00f3<\/li>\n<li>Elaboraci\u00f3 de juntes de dilataci\u00f3 en terres de parquet, aix\u00ed com encadellats<\/li>\n<li>Retall de materials de placa<\/li>\n<li>Retall i tractament de plaques de guix amb fibra<\/li>\n<\/ul>\n<p><strong>Dades t\u00e8cniques<\/strong><\/p>\n<ul>\n<li>Consum de pot\u00e8ncia: 1200W<\/li>\n<li>Velocitat en buit: 2000 &#8211; 5800 min-1<\/li>\n<li>\u00d8 de la fulla de serra: 160,00 mm<\/li>\n<li>Tall angular: -1 &#8211; 47 \u00b0<\/li>\n<li>Profunditat de tall: 0 &#8211; 55 mm<\/li>\n<li>Profunditat de tall 45\u00b0: 43 mm<\/li>\n<li>Connexi\u00f3 aspiraci\u00f3 de pols \u00d8: 27\/36 mm<\/li>\n<li>Longitud de cable 4.00 m<\/li>\n<li>Pes del producte 4.30 kg<\/li>\n<li>Tipus d&#8217;accionament: xarxa<\/li>\n<\/ul>\n<\/div>\n<p><iframe loading=\"lazy\" title=\"Sierra circular de incisi\u00f3n | TS 55 F | Festool\" width=\"1200\" height=\"675\" src=\"https:\/\/www.youtube.com\/embed\/GLQYy3QodIY?start=18&#038;feature=oembed\" frameborder=\"0\" allow=\"accelerometer; autoplay; clipboard-write; encrypted-media; gyroscope; picture-in-picture; web-share\" allowfullscreen><\/iframe><\/p>\n<p>&nbsp;<\/p>\n<div class=\"triangle listelement\"><\/div>\n","protected":false},"excerpt":{"rendered":"<div id=\"product-description-short-49297\" class=\"product-description-short typo sm-bottom\">\n<div class=\"product-base-info__headline\">\n<h1><strong style=\"font-size: 16px;\">Serra d&#8217;incisi\u00f3 TS 55 FEBQ-Plus Festool<\/strong><\/h1>\n<h1><span style=\"font-size: 16px;\">Festool Referencia 576703<\/span><\/h1>\n<\/div>\n<\/div>\n","protected":false},"featured_media":23233,"template":"","meta":{"_acf_changed":false},"pwb-brand":[909],"product_brand":[],"product_cat":[806,1960,76],"product_tag":[991,911,809],"class_list":{"0":"post-23229","1":"product","2":"type-product","3":"status-publish","4":"has-post-thumbnail","6":"pwb-brand-festool","7":"product_cat-maquinaria","8":"product_cat-festool","9":"product_cat-ofertes","10":"product_tag-abrasius","11":"product_tag-lijar-2","12":"product_tag-maquinaria","13":"no-featured-image-padding","14":"resize-featured-image","15":"sales-flash-overlay","16":"woocommerce-text-align-left","17":"woocommerce-image-align-center","18":"do-quantity-buttons","19":"wc-has-gallery","21":"first","22":"outofstock","23":"sale","24":"shipping-taxable","25":"purchasable","26":"product-type-simple"},"acf":[],"yoast_head":"<!-- This site is optimized with the Yoast SEO plugin v27.1.1 - https:\/\/yoast.com\/product\/yoast-seo-wordpress\/ -->\n<title>Serra d&#039;incisi\u00f3 TS 55 FEBQ-Plus - 576703 - Festool - Oller Pinturas y Revestimientos<\/title>\n<meta name=\"description\" content=\"Serra d&#039;incisi\u00f3 TS 55 FEBQ-Plus Festool Festool Referencia 576703\" \/>\n<meta name=\"robots\" content=\"index, follow, max-snippet:-1, max-image-preview:large, max-video-preview:-1\" \/>\n<link rel=\"canonical\" href=\"https:\/\/ollerpintures.com\/ca\/producte\/serra-dincisio-ts-55-febq-plus-576703-festool\/\" \/>\n<meta property=\"og:locale\" content=\"ca_ES\" \/>\n<meta property=\"og:type\" content=\"article\" \/>\n<meta property=\"og:title\" content=\"Serra d&#039;incisi\u00f3 TS 55 FEBQ-Plus - 576703 - Festool - Oller Pinturas y Revestimientos\" \/>\n<meta property=\"og:description\" content=\"Serra d&#039;incisi\u00f3 TS 55 FEBQ-Plus Festool Festool Referencia 576703\" \/>\n<meta property=\"og:url\" content=\"https:\/\/ollerpintures.com\/ca\/producte\/serra-dincisio-ts-55-febq-plus-576703-festool\/\" \/>\n<meta property=\"og:site_name\" content=\"Oller Pinturas y Revestimientos\" \/>\n<meta property=\"article:publisher\" content=\"https:\/\/www.facebook.com\/people\/Oller-Pintures\/100063652056709\/\" \/>\n<meta property=\"article:modified_time\" content=\"2023-01-09T08:22:10+00:00\" \/>\n<meta property=\"og:image\" content=\"https:\/\/ollerpintures.com\/wp-content\/uploads\/2022\/11\/festool-sierra-incision-ts-55-febq-plus-576703-para-madera.jpg\" \/>\n\t<meta property=\"og:image:width\" content=\"1080\" \/>\n\t<meta property=\"og:image:height\" content=\"1080\" \/>\n\t<meta property=\"og:image:type\" content=\"image\/jpeg\" \/>\n<meta name=\"twitter:card\" content=\"summary_large_image\" \/>\n<meta name=\"twitter:label1\" content=\"Temps estimat de lectura\" \/>\n\t<meta name=\"twitter:data1\" content=\"2 minuts\" \/>\n<script type=\"application\/ld+json\" class=\"yoast-schema-graph\">{\"@context\":\"https:\/\/schema.org\",\"@graph\":[{\"@type\":\"WebPage\",\"@id\":\"https:\/\/ollerpintures.com\/ca\/producte\/serra-dincisio-ts-55-febq-plus-576703-festool\/\",\"url\":\"https:\/\/ollerpintures.com\/ca\/producte\/serra-dincisio-ts-55-febq-plus-576703-festool\/\",\"name\":\"Serra d'incisi\u00f3 TS 55 FEBQ-Plus - 576703 - Festool - Oller Pinturas y Revestimientos\",\"isPartOf\":{\"@id\":\"https:\/\/ollerpintures.com\/ca\/#website\"},\"primaryImageOfPage\":{\"@id\":\"https:\/\/ollerpintures.com\/ca\/producte\/serra-dincisio-ts-55-febq-plus-576703-festool\/#primaryimage\"},\"image\":{\"@id\":\"https:\/\/ollerpintures.com\/ca\/producte\/serra-dincisio-ts-55-febq-plus-576703-festool\/#primaryimage\"},\"thumbnailUrl\":\"https:\/\/ollerpintures.com\/wp-content\/uploads\/2022\/11\/festool-sierra-incision-ts-55-febq-plus-576703-para-madera.jpg\",\"datePublished\":\"2022-11-14T09:22:18+00:00\",\"dateModified\":\"2023-01-09T08:22:10+00:00\",\"description\":\"Serra d'incisi\u00f3 TS 55 FEBQ-Plus Festool Festool Referencia 576703\",\"breadcrumb\":{\"@id\":\"https:\/\/ollerpintures.com\/ca\/producte\/serra-dincisio-ts-55-febq-plus-576703-festool\/#breadcrumb\"},\"inLanguage\":\"ca\",\"potentialAction\":[{\"@type\":\"ReadAction\",\"target\":[\"https:\/\/ollerpintures.com\/ca\/producte\/serra-dincisio-ts-55-febq-plus-576703-festool\/\"]}]},{\"@type\":\"ImageObject\",\"inLanguage\":\"ca\",\"@id\":\"https:\/\/ollerpintures.com\/ca\/producte\/serra-dincisio-ts-55-febq-plus-576703-festool\/#primaryimage\",\"url\":\"https:\/\/ollerpintures.com\/wp-content\/uploads\/2022\/11\/festool-sierra-incision-ts-55-febq-plus-576703-para-madera.jpg\",\"contentUrl\":\"https:\/\/ollerpintures.com\/wp-content\/uploads\/2022\/11\/festool-sierra-incision-ts-55-febq-plus-576703-para-madera.jpg\",\"width\":1080,\"height\":1080,\"caption\":\"sierra de incision festool 576703\"},{\"@type\":\"BreadcrumbList\",\"@id\":\"https:\/\/ollerpintures.com\/ca\/producte\/serra-dincisio-ts-55-febq-plus-576703-festool\/#breadcrumb\",\"itemListElement\":[{\"@type\":\"ListItem\",\"position\":1,\"name\":\"Inici\",\"item\":\"https:\/\/ollerpintures.com\/ca\/\"},{\"@type\":\"ListItem\",\"position\":2,\"name\":\"Botiga\",\"item\":\"https:\/\/ollerpintures.com\/ca\/botiga\/\"},{\"@type\":\"ListItem\",\"position\":3,\"name\":\"Serra d&#8217;incisi\u00f3 TS 55 FEBQ-Plus &#8211; 576703 &#8211; Festool\"}]},{\"@type\":\"WebSite\",\"@id\":\"https:\/\/ollerpintures.com\/ca\/#website\",\"url\":\"https:\/\/ollerpintures.com\/ca\/\",\"name\":\"Oller Pinturas y Revestimientos\",\"description\":\"Pinturas y revestimientos para profesionales, industrias, obras p\u00fablicas, bricolaje. Pinturas de calidad profesional i mucho m\u00e1s.\",\"publisher\":{\"@id\":\"https:\/\/ollerpintures.com\/ca\/#organization\"},\"alternateName\":\"Oller Grup\",\"potentialAction\":[{\"@type\":\"SearchAction\",\"target\":{\"@type\":\"EntryPoint\",\"urlTemplate\":\"https:\/\/ollerpintures.com\/ca\/?s={search_term_string}\"},\"query-input\":{\"@type\":\"PropertyValueSpecification\",\"valueRequired\":true,\"valueName\":\"search_term_string\"}}],\"inLanguage\":\"ca\"},{\"@type\":\"Organization\",\"@id\":\"https:\/\/ollerpintures.com\/ca\/#organization\",\"name\":\"Oller Pintures i Revestiments\",\"alternateName\":\"Oller Grup\",\"url\":\"https:\/\/ollerpintures.com\/ca\/\",\"logo\":{\"@type\":\"ImageObject\",\"inLanguage\":\"ca\",\"@id\":\"https:\/\/ollerpintures.com\/ca\/#\/schema\/logo\/image\/\",\"url\":\"https:\/\/ollerpintures.com\/wp-content\/uploads\/2024\/05\/newLogo.png\",\"contentUrl\":\"https:\/\/ollerpintures.com\/wp-content\/uploads\/2024\/05\/newLogo.png\",\"width\":483,\"height\":244,\"caption\":\"Oller Pintures i Revestiments\"},\"image\":{\"@id\":\"https:\/\/ollerpintures.com\/ca\/#\/schema\/logo\/image\/\"},\"sameAs\":[\"https:\/\/www.facebook.com\/people\/Oller-Pintures\/100063652056709\/\",\"https:\/\/www.instagram.com\/ollerpintures\/\",\"https:\/\/descriptor.es\/organization\/oller-grup\/\"]}]}<\/script>\n<!-- \/ Yoast SEO plugin. -->","yoast_head_json":{"title":"Serra d'incisi\u00f3 TS 55 FEBQ-Plus - 576703 - Festool - Oller Pinturas y Revestimientos","description":"Serra d'incisi\u00f3 TS 55 FEBQ-Plus Festool Festool Referencia 576703","robots":{"index":"index","follow":"follow","max-snippet":"max-snippet:-1","max-image-preview":"max-image-preview:large","max-video-preview":"max-video-preview:-1"},"canonical":"https:\/\/ollerpintures.com\/ca\/producte\/serra-dincisio-ts-55-febq-plus-576703-festool\/","og_locale":"ca_ES","og_type":"article","og_title":"Serra d'incisi\u00f3 TS 55 FEBQ-Plus - 576703 - Festool - Oller Pinturas y Revestimientos","og_description":"Serra d'incisi\u00f3 TS 55 FEBQ-Plus Festool Festool Referencia 576703","og_url":"https:\/\/ollerpintures.com\/ca\/producte\/serra-dincisio-ts-55-febq-plus-576703-festool\/","og_site_name":"Oller Pinturas y Revestimientos","article_publisher":"https:\/\/www.facebook.com\/people\/Oller-Pintures\/100063652056709\/","article_modified_time":"2023-01-09T08:22:10+00:00","og_image":[{"width":1080,"height":1080,"url":"https:\/\/ollerpintures.com\/wp-content\/uploads\/2022\/11\/festool-sierra-incision-ts-55-febq-plus-576703-para-madera.jpg","type":"image\/jpeg"}],"twitter_card":"summary_large_image","twitter_misc":{"Temps estimat de lectura":"2 minuts"},"schema":{"@context":"https:\/\/schema.org","@graph":[{"@type":"WebPage","@id":"https:\/\/ollerpintures.com\/ca\/producte\/serra-dincisio-ts-55-febq-plus-576703-festool\/","url":"https:\/\/ollerpintures.com\/ca\/producte\/serra-dincisio-ts-55-febq-plus-576703-festool\/","name":"Serra d'incisi\u00f3 TS 55 FEBQ-Plus - 576703 - Festool - Oller Pinturas y Revestimientos","isPartOf":{"@id":"https:\/\/ollerpintures.com\/ca\/#website"},"primaryImageOfPage":{"@id":"https:\/\/ollerpintures.com\/ca\/producte\/serra-dincisio-ts-55-febq-plus-576703-festool\/#primaryimage"},"image":{"@id":"https:\/\/ollerpintures.com\/ca\/producte\/serra-dincisio-ts-55-febq-plus-576703-festool\/#primaryimage"},"thumbnailUrl":"https:\/\/ollerpintures.com\/wp-content\/uploads\/2022\/11\/festool-sierra-incision-ts-55-febq-plus-576703-para-madera.jpg","datePublished":"2022-11-14T09:22:18+00:00","dateModified":"2023-01-09T08:22:10+00:00","description":"Serra d'incisi\u00f3 TS 55 FEBQ-Plus Festool Festool Referencia 576703","breadcrumb":{"@id":"https:\/\/ollerpintures.com\/ca\/producte\/serra-dincisio-ts-55-febq-plus-576703-festool\/#breadcrumb"},"inLanguage":"ca","potentialAction":[{"@type":"ReadAction","target":["https:\/\/ollerpintures.com\/ca\/producte\/serra-dincisio-ts-55-febq-plus-576703-festool\/"]}]},{"@type":"ImageObject","inLanguage":"ca","@id":"https:\/\/ollerpintures.com\/ca\/producte\/serra-dincisio-ts-55-febq-plus-576703-festool\/#primaryimage","url":"https:\/\/ollerpintures.com\/wp-content\/uploads\/2022\/11\/festool-sierra-incision-ts-55-febq-plus-576703-para-madera.jpg","contentUrl":"https:\/\/ollerpintures.com\/wp-content\/uploads\/2022\/11\/festool-sierra-incision-ts-55-febq-plus-576703-para-madera.jpg","width":1080,"height":1080,"caption":"sierra de incision festool 576703"},{"@type":"BreadcrumbList","@id":"https:\/\/ollerpintures.com\/ca\/producte\/serra-dincisio-ts-55-febq-plus-576703-festool\/#breadcrumb","itemListElement":[{"@type":"ListItem","position":1,"name":"Inici","item":"https:\/\/ollerpintures.com\/ca\/"},{"@type":"ListItem","position":2,"name":"Botiga","item":"https:\/\/ollerpintures.com\/ca\/botiga\/"},{"@type":"ListItem","position":3,"name":"Serra d&#8217;incisi\u00f3 TS 55 FEBQ-Plus &#8211; 576703 &#8211; Festool"}]},{"@type":"WebSite","@id":"https:\/\/ollerpintures.com\/ca\/#website","url":"https:\/\/ollerpintures.com\/ca\/","name":"Oller Pinturas y Revestimientos","description":"Pinturas y revestimientos para profesionales, industrias, obras p\u00fablicas, bricolaje. Pinturas de calidad profesional i mucho m\u00e1s.","publisher":{"@id":"https:\/\/ollerpintures.com\/ca\/#organization"},"alternateName":"Oller Grup","potentialAction":[{"@type":"SearchAction","target":{"@type":"EntryPoint","urlTemplate":"https:\/\/ollerpintures.com\/ca\/?s={search_term_string}"},"query-input":{"@type":"PropertyValueSpecification","valueRequired":true,"valueName":"search_term_string"}}],"inLanguage":"ca"},{"@type":"Organization","@id":"https:\/\/ollerpintures.com\/ca\/#organization","name":"Oller Pintures i Revestiments","alternateName":"Oller Grup","url":"https:\/\/ollerpintures.com\/ca\/","logo":{"@type":"ImageObject","inLanguage":"ca","@id":"https:\/\/ollerpintures.com\/ca\/#\/schema\/logo\/image\/","url":"https:\/\/ollerpintures.com\/wp-content\/uploads\/2024\/05\/newLogo.png","contentUrl":"https:\/\/ollerpintures.com\/wp-content\/uploads\/2024\/05\/newLogo.png","width":483,"height":244,"caption":"Oller Pintures i Revestiments"},"image":{"@id":"https:\/\/ollerpintures.com\/ca\/#\/schema\/logo\/image\/"},"sameAs":["https:\/\/www.facebook.com\/people\/Oller-Pintures\/100063652056709\/","https:\/\/www.instagram.com\/ollerpintures\/","https:\/\/descriptor.es\/organization\/oller-grup\/"]}]}},"brands":[{"id":909,"name":"Festool","slug":"festool"}],"_links":{"self":[{"href":"https:\/\/ollerpintures.com\/ca\/wp-json\/wp\/v2\/product\/23229","targetHints":{"allow":["GET"]}}],"collection":[{"href":"https:\/\/ollerpintures.com\/ca\/wp-json\/wp\/v2\/product"}],"about":[{"href":"https:\/\/ollerpintures.com\/ca\/wp-json\/wp\/v2\/types\/product"}],"wp:featuredmedia":[{"embeddable":true,"href":"https:\/\/ollerpintures.com\/ca\/wp-json\/wp\/v2\/media\/23233"}],"wp:attachment":[{"href":"https:\/\/ollerpintures.com\/ca\/wp-json\/wp\/v2\/media?parent=23229"}],"wp:term":[{"taxonomy":"pwb-brand","embeddable":true,"href":"https:\/\/ollerpintures.com\/ca\/wp-json\/wp\/v2\/pwb-brand?post=23229"},{"taxonomy":"product_brand","embeddable":true,"href":"https:\/\/ollerpintures.com\/ca\/wp-json\/wp\/v2\/product_brand?post=23229"},{"taxonomy":"product_cat","embeddable":true,"href":"https:\/\/ollerpintures.com\/ca\/wp-json\/wp\/v2\/product_cat?post=23229"},{"taxonomy":"product_tag","embeddable":true,"href":"https:\/\/ollerpintures.com\/ca\/wp-json\/wp\/v2\/product_tag?post=23229"}],"curies":[{"name":"wp","href":"https:\/\/api.w.org\/{rel}","templated":true}]}}