{"id":23138,"date":"2022-10-25T17:51:43","date_gmt":"2022-10-25T16:51:43","guid":{"rendered":"https:\/\/oller-pintures.c.wetopi.com\/?post_type=product&#038;p=23138"},"modified":"2022-10-26T06:41:32","modified_gmt":"2022-10-26T05:41:32","slug":"vernis-ecologic-incolor-setinat-titanlux-750ml","status":"publish","type":"product","link":"https:\/\/ollerpintures.com\/ca\/producte\/vernis-ecologic-incolor-setinat-titanlux-750ml\/","title":{"rendered":"Vern\u00eds a l&#8217;aigua ecol\u00f2gic TITANLUX setinat incolor 750ml"},"content":{"rendered":"<p>Vern\u00eds a l&#8217;aigua Titan de lluentor inalterable i r\u00e0pid assecat. Resistent a productes qu\u00edmics dom\u00e8stics. Excel\u00b7lent blocking. No grogueja. Amb conservant antimoho. Gran duresa, resist\u00e8ncia i elasticitat.<\/p>\n","protected":false},"excerpt":{"rendered":"<p>Vern\u00eds a l&#8217;aigua Titan de lluentor inalterable i r\u00e0pid assecat. Resistent a productes qu\u00edmics dom\u00e8stics. Excel\u00b7lent blocking. No grogueja. Amb conservant antimoho. Gran duresa, resist\u00e8ncia &#8230; <\/p>\n<p class=\"read-more-container\"><a title=\"Vern\u00eds a l&#8217;aigua ecol\u00f2gic TITANLUX setinat incolor 750ml\" class=\"read-more button\" href=\"https:\/\/ollerpintures.com\/ca\/producte\/vernis-ecologic-incolor-setinat-titanlux-750ml\/#more-23138\" aria-label=\"M\u00e9s informaci\u00f3 sobre Vern\u00eds a l&#8217;aigua ecol\u00f2gic TITANLUX setinat incolor 750ml\">Seguir llegint<\/a><\/p>\n","protected":false},"featured_media":23129,"template":"","meta":{"_acf_changed":false},"pwb-brand":[1963],"product_brand":[],"product_cat":[24,821,1964,42,843],"product_tag":[74,63,62,66,773,521],"class_list":{"0":"post-23138","1":"product","2":"type-product","3":"status-publish","4":"has-post-thumbnail","6":"pwb-brand-titan","7":"product_cat-pintura","8":"product_cat-tractament-per-fusta-i-jardi","9":"product_cat-vernis","10":"product_cat-interiorpintura","11":"product_cat-pintura-ecologica","12":"product_tag-ecologica","13":"product_tag-exterior","14":"product_tag-interior","15":"product_tag-pintura","16":"product_tag-pintura-ecologica","17":"product_tag-vernis","18":"no-featured-image-padding","19":"resize-featured-image","20":"sales-flash-overlay","21":"woocommerce-text-align-left","22":"woocommerce-image-align-center","23":"do-quantity-buttons","25":"first","26":"instock","27":"shipping-taxable","28":"purchasable","29":"product-type-simple"},"acf":[],"yoast_head":"<!-- This site is optimized with the Yoast SEO plugin v27.1.1 - https:\/\/yoast.com\/product\/yoast-seo-wordpress\/ -->\n<title>Vern\u00eds a l&#039;aigua ecol\u00f2gic TITANLUX setinat incolor 750ml - Oller Pinturas y Revestimientos<\/title>\n<meta name=\"description\" content=\"Vern\u00eds a l&#039;aigua Titan de lluentor inalterable i r\u00e0pid assecat. Resistent a productes qu\u00edmics dom\u00e8stics. Excel\u00b7lent blocking. No grogueja. Amb conservant\" \/>\n<meta name=\"robots\" content=\"index, follow, max-snippet:-1, max-image-preview:large, max-video-preview:-1\" \/>\n<link rel=\"canonical\" href=\"https:\/\/ollerpintures.com\/ca\/producte\/vernis-ecologic-incolor-setinat-titanlux-750ml\/\" \/>\n<meta property=\"og:locale\" content=\"ca_ES\" \/>\n<meta property=\"og:type\" content=\"article\" \/>\n<meta property=\"og:title\" content=\"Vern\u00eds a l&#039;aigua ecol\u00f2gic TITANLUX setinat incolor 750ml - Oller Pinturas y Revestimientos\" \/>\n<meta property=\"og:description\" content=\"Vern\u00eds a l&#039;aigua Titan de lluentor inalterable i r\u00e0pid assecat. Resistent a productes qu\u00edmics dom\u00e8stics. Excel\u00b7lent blocking. No grogueja. Amb conservant\" \/>\n<meta property=\"og:url\" content=\"https:\/\/ollerpintures.com\/ca\/producte\/vernis-ecologic-incolor-setinat-titanlux-750ml\/\" \/>\n<meta property=\"og:site_name\" content=\"Oller Pinturas y Revestimientos\" \/>\n<meta property=\"article:publisher\" content=\"https:\/\/www.facebook.com\/people\/Oller-Pintures\/100063652056709\/\" \/>\n<meta property=\"article:modified_time\" content=\"2022-10-26T05:41:32+00:00\" \/>\n<meta property=\"og:image\" content=\"https:\/\/ollerpintures.com\/wp-content\/uploads\/2022\/10\/barniz-ecologico-incoloro-titanlux-oller.jpg\" \/>\n\t<meta property=\"og:image:width\" content=\"1080\" \/>\n\t<meta property=\"og:image:height\" content=\"1080\" \/>\n\t<meta property=\"og:image:type\" content=\"image\/jpeg\" \/>\n<meta name=\"twitter:card\" content=\"summary_large_image\" \/>\n<meta name=\"twitter:label1\" content=\"Temps estimat de lectura\" \/>\n\t<meta name=\"twitter:data1\" content=\"1 minut\" \/>\n<script type=\"application\/ld+json\" class=\"yoast-schema-graph\">{\"@context\":\"https:\/\/schema.org\",\"@graph\":[{\"@type\":\"WebPage\",\"@id\":\"https:\/\/ollerpintures.com\/ca\/producte\/vernis-ecologic-incolor-setinat-titanlux-750ml\/\",\"url\":\"https:\/\/ollerpintures.com\/ca\/producte\/vernis-ecologic-incolor-setinat-titanlux-750ml\/\",\"name\":\"Vern\u00eds a l'aigua ecol\u00f2gic TITANLUX setinat incolor 750ml - Oller Pinturas y Revestimientos\",\"isPartOf\":{\"@id\":\"https:\/\/ollerpintures.com\/ca\/#website\"},\"primaryImageOfPage\":{\"@id\":\"https:\/\/ollerpintures.com\/ca\/producte\/vernis-ecologic-incolor-setinat-titanlux-750ml\/#primaryimage\"},\"image\":{\"@id\":\"https:\/\/ollerpintures.com\/ca\/producte\/vernis-ecologic-incolor-setinat-titanlux-750ml\/#primaryimage\"},\"thumbnailUrl\":\"https:\/\/ollerpintures.com\/wp-content\/uploads\/2022\/10\/barniz-ecologico-incoloro-titanlux-oller.jpg\",\"datePublished\":\"2022-10-25T16:51:43+00:00\",\"dateModified\":\"2022-10-26T05:41:32+00:00\",\"description\":\"Vern\u00eds a l'aigua Titan de lluentor inalterable i r\u00e0pid assecat. Resistent a productes qu\u00edmics dom\u00e8stics. Excel\u00b7lent blocking. No grogueja. Amb conservant\",\"breadcrumb\":{\"@id\":\"https:\/\/ollerpintures.com\/ca\/producte\/vernis-ecologic-incolor-setinat-titanlux-750ml\/#breadcrumb\"},\"inLanguage\":\"ca\",\"potentialAction\":[{\"@type\":\"ReadAction\",\"target\":[\"https:\/\/ollerpintures.com\/ca\/producte\/vernis-ecologic-incolor-setinat-titanlux-750ml\/\"]}]},{\"@type\":\"ImageObject\",\"inLanguage\":\"ca\",\"@id\":\"https:\/\/ollerpintures.com\/ca\/producte\/vernis-ecologic-incolor-setinat-titanlux-750ml\/#primaryimage\",\"url\":\"https:\/\/ollerpintures.com\/wp-content\/uploads\/2022\/10\/barniz-ecologico-incoloro-titanlux-oller.jpg\",\"contentUrl\":\"https:\/\/ollerpintures.com\/wp-content\/uploads\/2022\/10\/barniz-ecologico-incoloro-titanlux-oller.jpg\",\"width\":1080,\"height\":1080,\"caption\":\"barniz ecologico titanlux brillante\"},{\"@type\":\"BreadcrumbList\",\"@id\":\"https:\/\/ollerpintures.com\/ca\/producte\/vernis-ecologic-incolor-setinat-titanlux-750ml\/#breadcrumb\",\"itemListElement\":[{\"@type\":\"ListItem\",\"position\":1,\"name\":\"Inici\",\"item\":\"https:\/\/ollerpintures.com\/ca\/\"},{\"@type\":\"ListItem\",\"position\":2,\"name\":\"Botiga\",\"item\":\"https:\/\/ollerpintures.com\/ca\/botiga\/\"},{\"@type\":\"ListItem\",\"position\":3,\"name\":\"Vern\u00eds a l&#8217;aigua ecol\u00f2gic TITANLUX setinat incolor 750ml\"}]},{\"@type\":\"WebSite\",\"@id\":\"https:\/\/ollerpintures.com\/ca\/#website\",\"url\":\"https:\/\/ollerpintures.com\/ca\/\",\"name\":\"Oller Pinturas y Revestimientos\",\"description\":\"Pinturas y revestimientos para profesionales, industrias, obras p\u00fablicas, bricolaje. Pinturas de calidad profesional i mucho m\u00e1s.\",\"publisher\":{\"@id\":\"https:\/\/ollerpintures.com\/ca\/#organization\"},\"alternateName\":\"Oller Grup\",\"potentialAction\":[{\"@type\":\"SearchAction\",\"target\":{\"@type\":\"EntryPoint\",\"urlTemplate\":\"https:\/\/ollerpintures.com\/ca\/?s={search_term_string}\"},\"query-input\":{\"@type\":\"PropertyValueSpecification\",\"valueRequired\":true,\"valueName\":\"search_term_string\"}}],\"inLanguage\":\"ca\"},{\"@type\":\"Organization\",\"@id\":\"https:\/\/ollerpintures.com\/ca\/#organization\",\"name\":\"Oller Pintures i Revestiments\",\"alternateName\":\"Oller Grup\",\"url\":\"https:\/\/ollerpintures.com\/ca\/\",\"logo\":{\"@type\":\"ImageObject\",\"inLanguage\":\"ca\",\"@id\":\"https:\/\/ollerpintures.com\/ca\/#\/schema\/logo\/image\/\",\"url\":\"https:\/\/ollerpintures.com\/wp-content\/uploads\/2024\/05\/newLogo.png\",\"contentUrl\":\"https:\/\/ollerpintures.com\/wp-content\/uploads\/2024\/05\/newLogo.png\",\"width\":483,\"height\":244,\"caption\":\"Oller Pintures i Revestiments\"},\"image\":{\"@id\":\"https:\/\/ollerpintures.com\/ca\/#\/schema\/logo\/image\/\"},\"sameAs\":[\"https:\/\/www.facebook.com\/people\/Oller-Pintures\/100063652056709\/\",\"https:\/\/www.instagram.com\/ollerpintures\/\",\"https:\/\/descriptor.es\/organization\/oller-grup\/\"]}]}<\/script>\n<!-- \/ Yoast SEO plugin. -->","yoast_head_json":{"title":"Vern\u00eds a l'aigua ecol\u00f2gic TITANLUX setinat incolor 750ml - Oller Pinturas y Revestimientos","description":"Vern\u00eds a l'aigua Titan de lluentor inalterable i r\u00e0pid assecat. Resistent a productes qu\u00edmics dom\u00e8stics. Excel\u00b7lent blocking. No grogueja. Amb conservant","robots":{"index":"index","follow":"follow","max-snippet":"max-snippet:-1","max-image-preview":"max-image-preview:large","max-video-preview":"max-video-preview:-1"},"canonical":"https:\/\/ollerpintures.com\/ca\/producte\/vernis-ecologic-incolor-setinat-titanlux-750ml\/","og_locale":"ca_ES","og_type":"article","og_title":"Vern\u00eds a l'aigua ecol\u00f2gic TITANLUX setinat incolor 750ml - Oller Pinturas y Revestimientos","og_description":"Vern\u00eds a l'aigua Titan de lluentor inalterable i r\u00e0pid assecat. Resistent a productes qu\u00edmics dom\u00e8stics. Excel\u00b7lent blocking. No grogueja. Amb conservant","og_url":"https:\/\/ollerpintures.com\/ca\/producte\/vernis-ecologic-incolor-setinat-titanlux-750ml\/","og_site_name":"Oller Pinturas y Revestimientos","article_publisher":"https:\/\/www.facebook.com\/people\/Oller-Pintures\/100063652056709\/","article_modified_time":"2022-10-26T05:41:32+00:00","og_image":[{"width":1080,"height":1080,"url":"https:\/\/ollerpintures.com\/wp-content\/uploads\/2022\/10\/barniz-ecologico-incoloro-titanlux-oller.jpg","type":"image\/jpeg"}],"twitter_card":"summary_large_image","twitter_misc":{"Temps estimat de lectura":"1 minut"},"schema":{"@context":"https:\/\/schema.org","@graph":[{"@type":"WebPage","@id":"https:\/\/ollerpintures.com\/ca\/producte\/vernis-ecologic-incolor-setinat-titanlux-750ml\/","url":"https:\/\/ollerpintures.com\/ca\/producte\/vernis-ecologic-incolor-setinat-titanlux-750ml\/","name":"Vern\u00eds a l'aigua ecol\u00f2gic TITANLUX setinat incolor 750ml - Oller Pinturas y Revestimientos","isPartOf":{"@id":"https:\/\/ollerpintures.com\/ca\/#website"},"primaryImageOfPage":{"@id":"https:\/\/ollerpintures.com\/ca\/producte\/vernis-ecologic-incolor-setinat-titanlux-750ml\/#primaryimage"},"image":{"@id":"https:\/\/ollerpintures.com\/ca\/producte\/vernis-ecologic-incolor-setinat-titanlux-750ml\/#primaryimage"},"thumbnailUrl":"https:\/\/ollerpintures.com\/wp-content\/uploads\/2022\/10\/barniz-ecologico-incoloro-titanlux-oller.jpg","datePublished":"2022-10-25T16:51:43+00:00","dateModified":"2022-10-26T05:41:32+00:00","description":"Vern\u00eds a l'aigua Titan de lluentor inalterable i r\u00e0pid assecat. Resistent a productes qu\u00edmics dom\u00e8stics. Excel\u00b7lent blocking. No grogueja. Amb conservant","breadcrumb":{"@id":"https:\/\/ollerpintures.com\/ca\/producte\/vernis-ecologic-incolor-setinat-titanlux-750ml\/#breadcrumb"},"inLanguage":"ca","potentialAction":[{"@type":"ReadAction","target":["https:\/\/ollerpintures.com\/ca\/producte\/vernis-ecologic-incolor-setinat-titanlux-750ml\/"]}]},{"@type":"ImageObject","inLanguage":"ca","@id":"https:\/\/ollerpintures.com\/ca\/producte\/vernis-ecologic-incolor-setinat-titanlux-750ml\/#primaryimage","url":"https:\/\/ollerpintures.com\/wp-content\/uploads\/2022\/10\/barniz-ecologico-incoloro-titanlux-oller.jpg","contentUrl":"https:\/\/ollerpintures.com\/wp-content\/uploads\/2022\/10\/barniz-ecologico-incoloro-titanlux-oller.jpg","width":1080,"height":1080,"caption":"barniz ecologico titanlux brillante"},{"@type":"BreadcrumbList","@id":"https:\/\/ollerpintures.com\/ca\/producte\/vernis-ecologic-incolor-setinat-titanlux-750ml\/#breadcrumb","itemListElement":[{"@type":"ListItem","position":1,"name":"Inici","item":"https:\/\/ollerpintures.com\/ca\/"},{"@type":"ListItem","position":2,"name":"Botiga","item":"https:\/\/ollerpintures.com\/ca\/botiga\/"},{"@type":"ListItem","position":3,"name":"Vern\u00eds a l&#8217;aigua ecol\u00f2gic TITANLUX setinat incolor 750ml"}]},{"@type":"WebSite","@id":"https:\/\/ollerpintures.com\/ca\/#website","url":"https:\/\/ollerpintures.com\/ca\/","name":"Oller Pinturas y Revestimientos","description":"Pinturas y revestimientos para profesionales, industrias, obras p\u00fablicas, bricolaje. Pinturas de calidad profesional i mucho m\u00e1s.","publisher":{"@id":"https:\/\/ollerpintures.com\/ca\/#organization"},"alternateName":"Oller Grup","potentialAction":[{"@type":"SearchAction","target":{"@type":"EntryPoint","urlTemplate":"https:\/\/ollerpintures.com\/ca\/?s={search_term_string}"},"query-input":{"@type":"PropertyValueSpecification","valueRequired":true,"valueName":"search_term_string"}}],"inLanguage":"ca"},{"@type":"Organization","@id":"https:\/\/ollerpintures.com\/ca\/#organization","name":"Oller Pintures i Revestiments","alternateName":"Oller Grup","url":"https:\/\/ollerpintures.com\/ca\/","logo":{"@type":"ImageObject","inLanguage":"ca","@id":"https:\/\/ollerpintures.com\/ca\/#\/schema\/logo\/image\/","url":"https:\/\/ollerpintures.com\/wp-content\/uploads\/2024\/05\/newLogo.png","contentUrl":"https:\/\/ollerpintures.com\/wp-content\/uploads\/2024\/05\/newLogo.png","width":483,"height":244,"caption":"Oller Pintures i Revestiments"},"image":{"@id":"https:\/\/ollerpintures.com\/ca\/#\/schema\/logo\/image\/"},"sameAs":["https:\/\/www.facebook.com\/people\/Oller-Pintures\/100063652056709\/","https:\/\/www.instagram.com\/ollerpintures\/","https:\/\/descriptor.es\/organization\/oller-grup\/"]}]}},"brands":[{"id":1963,"name":"Titan","slug":"titan"}],"_links":{"self":[{"href":"https:\/\/ollerpintures.com\/ca\/wp-json\/wp\/v2\/product\/23138","targetHints":{"allow":["GET"]}}],"collection":[{"href":"https:\/\/ollerpintures.com\/ca\/wp-json\/wp\/v2\/product"}],"about":[{"href":"https:\/\/ollerpintures.com\/ca\/wp-json\/wp\/v2\/types\/product"}],"wp:featuredmedia":[{"embeddable":true,"href":"https:\/\/ollerpintures.com\/ca\/wp-json\/wp\/v2\/media\/23129"}],"wp:attachment":[{"href":"https:\/\/ollerpintures.com\/ca\/wp-json\/wp\/v2\/media?parent=23138"}],"wp:term":[{"taxonomy":"pwb-brand","embeddable":true,"href":"https:\/\/ollerpintures.com\/ca\/wp-json\/wp\/v2\/pwb-brand?post=23138"},{"taxonomy":"product_brand","embeddable":true,"href":"https:\/\/ollerpintures.com\/ca\/wp-json\/wp\/v2\/product_brand?post=23138"},{"taxonomy":"product_cat","embeddable":true,"href":"https:\/\/ollerpintures.com\/ca\/wp-json\/wp\/v2\/product_cat?post=23138"},{"taxonomy":"product_tag","embeddable":true,"href":"https:\/\/ollerpintures.com\/ca\/wp-json\/wp\/v2\/product_tag?post=23138"}],"curies":[{"name":"wp","href":"https:\/\/api.w.org\/{rel}","templated":true}]}}