{"id":22126,"date":"2022-08-25T10:02:05","date_gmt":"2022-08-25T09:02:05","guid":{"rendered":"https:\/\/oller-pintures.c.wetopi.com\/?post_type=product&#038;p=22126"},"modified":"2026-04-14T02:00:40","modified_gmt":"2026-04-14T01:00:40","slug":"pintura-setinada-la-pajarita-amarillo-limon","status":"publish","type":"product","link":"https:\/\/ollerpintures.com\/ca\/producte\/pintura-setinada-la-pajarita-amarillo-limon\/","title":{"rendered":"Pintura setinada LA PAJARITA Amarillo Lim\u00f3n"},"content":{"rendered":"<div class=\"description aos-init aos-animate\" data-aos=\"fade-up\" data-aos-easing=\"ease\" data-aos-duration=\"1000\" data-aos-offset=\"000\" data-aos-delay=\"000\" data-aos-once=\"true\">La Pintura Setinada \u00e9s una <strong>pintura de base l\u00e0tex<\/strong> que permet realitzar <strong>manualitats<\/strong> i pintar sobre un gran nombre de superf\u00edcies:<strong> llen\u00e7, porexpan, paper maix\u00e9, fusta, pedra, cartr\u00f3, suro, goma eva<\/strong>&#8230; Els seus <strong>colors s\u00f3n f\u00e0cilment barrejables entre ells<\/strong>, la qual cosa ens permet deixar volar la nostra creativitat. A m\u00e9s, disposa d&#8217;un <strong>alt nivell de cubrici\u00f3<\/strong>, \u00e9s <strong>molt el\u00e0stica i resistent<\/strong> al pas del temps.<\/div>\n<div data-aos=\"fade-up\" data-aos-easing=\"ease\" data-aos-duration=\"1000\" data-aos-offset=\"000\" data-aos-delay=\"000\" data-aos-once=\"true\"><\/div>\n<div data-aos=\"fade-up\" data-aos-easing=\"ease\" data-aos-duration=\"1000\" data-aos-offset=\"000\" data-aos-delay=\"000\" data-aos-once=\"true\">Aquesta <strong>pintura per manualitats<\/strong> t\u00e9 una formulaci\u00f3 que la fa ideal per projectes de <strong>creativitat infantil,<\/strong> ja que est\u00e0 realitzada amb mat\u00e8ries primes que <strong>no contenen subst\u00e0ncies causants d&#8217;al\u00b7l\u00e8rgies<\/strong> a la seva composici\u00f3.<\/div>\n<div data-aos=\"fade-up\" data-aos-easing=\"ease\" data-aos-duration=\"1000\" data-aos-offset=\"000\" data-aos-delay=\"000\" data-aos-once=\"true\"><\/div>\n<div data-aos=\"fade-up\" data-aos-easing=\"ease\" data-aos-duration=\"1000\" data-aos-offset=\"000\" data-aos-delay=\"000\" data-aos-once=\"true\">A m\u00e9s, la pintura setinada compleix amb la <strong>normativa EN71-3<\/strong>, la qual cosa la fa totalment <strong>segura<\/strong> pel seu \u00fas sobre joguines i material que hagi de ser utilitzat per <strong>nens i nenes<\/strong>.<\/div>\n<div data-aos=\"fade-up\" data-aos-easing=\"ease\" data-aos-duration=\"1000\" data-aos-offset=\"000\" data-aos-delay=\"000\" data-aos-once=\"true\"><\/div>\n<div data-aos=\"fade-up\" data-aos-easing=\"ease\" data-aos-duration=\"1000\" data-aos-offset=\"000\" data-aos-delay=\"000\" data-aos-once=\"true\"><strong>Aplicacions<\/strong>:<\/div>\n<ul>\n<li data-aos=\"fade-up\" data-aos-easing=\"ease\" data-aos-duration=\"1000\" data-aos-offset=\"000\" data-aos-delay=\"000\" data-aos-once=\"true\">Manualitats infantils<\/li>\n<li data-aos=\"fade-up\" data-aos-easing=\"ease\" data-aos-duration=\"1000\" data-aos-offset=\"000\" data-aos-delay=\"000\" data-aos-once=\"true\">Decoraci\u00f3 de mobles petits i elements decoratius<\/li>\n<li data-aos=\"fade-up\" data-aos-easing=\"ease\" data-aos-duration=\"1000\" data-aos-offset=\"000\" data-aos-delay=\"000\" data-aos-once=\"true\">Personalitzaci\u00f3 d&#8217;accessoris<\/li>\n<li data-aos=\"fade-up\" data-aos-easing=\"ease\" data-aos-duration=\"1000\" data-aos-offset=\"000\" data-aos-delay=\"000\" data-aos-once=\"true\">Material escolar<\/li>\n<li data-aos=\"fade-up\" data-aos-easing=\"ease\" data-aos-duration=\"1000\" data-aos-offset=\"000\" data-aos-delay=\"000\" data-aos-once=\"true\">Iniciaci\u00f3 a la pintura i il\u00b7lustraci\u00f3 juvenil<\/li>\n<\/ul>\n<p><strong>Superf\u00edcies indicades:<\/strong><\/p>\n<ul>\n<li>Cartr\u00f3<\/li>\n<li>Guix<\/li>\n<li>Fusta<\/li>\n<li>Metall<\/li>\n<li>Paper<\/li>\n<li>Llen\u00e7<\/li>\n<li>Porexpan<\/li>\n<li>Paper maix\u00e9<\/li>\n<li>Pedra<\/li>\n<li>Suro<\/li>\n<li>Goma eva<\/li>\n<\/ul>\n<p><strong>Utensilis d&#8217;aplicaci\u00f3:\u00a0<\/strong><\/p>\n<ul>\n<li><a href=\"https:\/\/ollerpintures.com\/ca\/categoria-producte\/eines\/per-pintar\/brotxes-i-pinzells\/\" target=\"_blank\" rel=\"noopener\">Brotxa<\/a><\/li>\n<li><a href=\"https:\/\/ollerpintures.com\/ca\/categoria-producte\/eines\/per-pintar\/brotxes-i-pinzells\/\" target=\"_blank\" rel=\"noopener\">Pinzell<\/a><\/li>\n<li>Pistola<\/li>\n<li><a href=\"https:\/\/ollerpintures.com\/ca\/categoria-producte\/eines\/per-pintar\/corrons-rodillos\/\" target=\"_blank\" rel=\"noopener\">Corr\u00f3<\/a><\/li>\n<li>Aer\u00f2graf<\/li>\n<\/ul>\n<p><strong>Caracter\u00edstiques:\u00a0<\/strong><\/p>\n<ul>\n<li>Acabat: setinat<\/li>\n<li>Densitat: 1.303<\/li>\n<li>Rendiment: 10-12m2\/L<\/li>\n<li>Neteja: aigua i sab\u00f3<\/li>\n<li>Sec al tacte: 30-40min<\/li>\n<li>Sec per repintar: 3-4h<\/li>\n<li>Sec total: 24h<\/li>\n<li>Diluent: aigua<\/li>\n<\/ul>\n<p>&nbsp;<\/p>\n<p><strong>Aquest producte pot tenir un temps d&#8217;entrega superior a les 72h.<\/strong><\/p>\n<p>&nbsp;<\/p>\n<p>&nbsp;<\/p>\n","protected":false},"excerpt":{"rendered":"<p><strong>Aquest producte pot tenir un temps d&#8217;entrega superior a les 72h.<\/strong><\/p>\n<p>La Pintura Setinada \u00e9s una <strong>pintura de base l\u00e0tex<\/strong> que permet realitzar <strong>manualitats<\/strong> i pintar sobre un gran nombre de superf\u00edcies:<strong> llen\u00e7, porexpan, paper maix\u00e9, fusta, pedra, cartr\u00f3, suro, goma eva<\/strong>&#8230; Els seus <strong>colors s\u00f3n f\u00e0cilment barrejables entre ells<\/strong>, la qual cosa ens permet deixar volar la nostra creativitat. A m\u00e9s, disposa d&#8217;un <strong>alt nivell de cubrici\u00f3<\/strong>, \u00e9s <strong>molt el\u00e0stica i resistent<\/strong> al pas del temps.<\/p>\n","protected":false},"featured_media":22132,"template":"","meta":{"_acf_changed":false},"pwb-brand":[1804],"product_brand":[],"product_cat":[24,845,1803],"product_tag":[1806,1807,66,1805],"class_list":{"0":"post-22126","1":"product","2":"type-product","3":"status-publish","4":"has-post-thumbnail","6":"pwb-brand-la-pajarita","7":"product_cat-pintura","8":"product_cat-pintura-decorativa","9":"product_cat-pintura-la-pajarita","10":"product_tag-la-pajarita","11":"product_tag-manualitats","12":"product_tag-pintura","13":"product_tag-pintura-decorativa","14":"no-featured-image-padding","15":"resize-featured-image","16":"sales-flash-overlay","17":"woocommerce-text-align-left","18":"woocommerce-image-align-center","19":"do-quantity-buttons","21":"first","22":"instock","23":"shipping-taxable","24":"purchasable","25":"product-type-variable"},"acf":[],"yoast_head":"<!-- This site is optimized with the Yoast SEO plugin v27.1.1 - https:\/\/yoast.com\/product\/yoast-seo-wordpress\/ -->\n<title>Pintura setinada LA PAJARITA Amarillo Lim\u00f3n - Oller Pinturas y Revestimientos<\/title>\n<meta name=\"description\" content=\"Aquest producte pot tenir un temps d&#039;entrega superior a les 72h.  La Pintura Setinada \u00e9s una pintura de base l\u00e0tex que permet realitzar manualitats i pintar sobre un gran nombre de superf\u00edcies: llen\u00e7, porexpan, paper maix\u00e9, fusta, pedra, cartr\u00f3, suro, goma eva... Els seus colors s\u00f3n f\u00e0cilment barrejables entre ells, la qual cosa ens permet deixar volar la nostra creativitat. A m\u00e9s, disposa d&#039;un alt nivell de cubrici\u00f3, \u00e9s molt el\u00e0stica i resistent al pas del temps.\" \/>\n<meta name=\"robots\" content=\"index, follow, max-snippet:-1, max-image-preview:large, max-video-preview:-1\" \/>\n<link rel=\"canonical\" href=\"https:\/\/ollerpintures.com\/ca\/producte\/pintura-setinada-la-pajarita-amarillo-limon\/\" \/>\n<meta property=\"og:locale\" content=\"ca_ES\" \/>\n<meta property=\"og:type\" content=\"article\" \/>\n<meta property=\"og:title\" content=\"Pintura setinada LA PAJARITA Amarillo Lim\u00f3n - Oller Pinturas y Revestimientos\" \/>\n<meta property=\"og:description\" content=\"Aquest producte pot tenir un temps d&#039;entrega superior a les 72h.  La Pintura Setinada \u00e9s una pintura de base l\u00e0tex que permet realitzar manualitats i pintar sobre un gran nombre de superf\u00edcies: llen\u00e7, porexpan, paper maix\u00e9, fusta, pedra, cartr\u00f3, suro, goma eva... Els seus colors s\u00f3n f\u00e0cilment barrejables entre ells, la qual cosa ens permet deixar volar la nostra creativitat. A m\u00e9s, disposa d&#039;un alt nivell de cubrici\u00f3, \u00e9s molt el\u00e0stica i resistent al pas del temps.\" \/>\n<meta property=\"og:url\" content=\"https:\/\/ollerpintures.com\/ca\/producte\/pintura-setinada-la-pajarita-amarillo-limon\/\" \/>\n<meta property=\"og:site_name\" content=\"Oller Pinturas y Revestimientos\" \/>\n<meta property=\"article:publisher\" content=\"https:\/\/www.facebook.com\/people\/Oller-Pintures\/100063652056709\/\" \/>\n<meta property=\"article:modified_time\" content=\"2026-04-14T01:00:40+00:00\" \/>\n<meta property=\"og:image\" content=\"https:\/\/ollerpintures.com\/wp-content\/uploads\/2022\/08\/pintura-satinada-la-pajarita-amarillo-limon.jpg\" \/>\n\t<meta property=\"og:image:width\" content=\"1080\" \/>\n\t<meta property=\"og:image:height\" content=\"1080\" \/>\n\t<meta property=\"og:image:type\" content=\"image\/jpeg\" \/>\n<meta name=\"twitter:card\" content=\"summary_large_image\" \/>\n<meta name=\"twitter:label1\" content=\"Temps estimat de lectura\" \/>\n\t<meta name=\"twitter:data1\" content=\"1 minut\" \/>\n<script type=\"application\/ld+json\" class=\"yoast-schema-graph\">{\"@context\":\"https:\/\/schema.org\",\"@graph\":[{\"@type\":\"WebPage\",\"@id\":\"https:\/\/ollerpintures.com\/ca\/producte\/pintura-setinada-la-pajarita-amarillo-limon\/\",\"url\":\"https:\/\/ollerpintures.com\/ca\/producte\/pintura-setinada-la-pajarita-amarillo-limon\/\",\"name\":\"Pintura setinada LA PAJARITA Amarillo Lim\u00f3n - Oller Pinturas y Revestimientos\",\"isPartOf\":{\"@id\":\"https:\/\/ollerpintures.com\/ca\/#website\"},\"primaryImageOfPage\":{\"@id\":\"https:\/\/ollerpintures.com\/ca\/producte\/pintura-setinada-la-pajarita-amarillo-limon\/#primaryimage\"},\"image\":{\"@id\":\"https:\/\/ollerpintures.com\/ca\/producte\/pintura-setinada-la-pajarita-amarillo-limon\/#primaryimage\"},\"thumbnailUrl\":\"https:\/\/ollerpintures.com\/wp-content\/uploads\/2022\/08\/pintura-satinada-la-pajarita-amarillo-limon.jpg\",\"datePublished\":\"2022-08-25T09:02:05+00:00\",\"dateModified\":\"2026-04-14T01:00:40+00:00\",\"description\":\"Aquest producte pot tenir un temps d'entrega superior a les 72h. La Pintura Setinada \u00e9s una pintura de base l\u00e0tex que permet realitzar manualitats i pintar sobre un gran nombre de superf\u00edcies: llen\u00e7, porexpan, paper maix\u00e9, fusta, pedra, cartr\u00f3, suro, goma eva... Els seus colors s\u00f3n f\u00e0cilment barrejables entre ells, la qual cosa ens permet deixar volar la nostra creativitat. A m\u00e9s, disposa d'un alt nivell de cubrici\u00f3, \u00e9s molt el\u00e0stica i resistent al pas del temps.\",\"breadcrumb\":{\"@id\":\"https:\/\/ollerpintures.com\/ca\/producte\/pintura-setinada-la-pajarita-amarillo-limon\/#breadcrumb\"},\"inLanguage\":\"ca\",\"potentialAction\":[{\"@type\":\"ReadAction\",\"target\":[\"https:\/\/ollerpintures.com\/ca\/producte\/pintura-setinada-la-pajarita-amarillo-limon\/\"]}]},{\"@type\":\"ImageObject\",\"inLanguage\":\"ca\",\"@id\":\"https:\/\/ollerpintures.com\/ca\/producte\/pintura-setinada-la-pajarita-amarillo-limon\/#primaryimage\",\"url\":\"https:\/\/ollerpintures.com\/wp-content\/uploads\/2022\/08\/pintura-satinada-la-pajarita-amarillo-limon.jpg\",\"contentUrl\":\"https:\/\/ollerpintures.com\/wp-content\/uploads\/2022\/08\/pintura-satinada-la-pajarita-amarillo-limon.jpg\",\"width\":1080,\"height\":1080,\"caption\":\"Pintura Satinada la Pajarita Amarillo limon\"},{\"@type\":\"BreadcrumbList\",\"@id\":\"https:\/\/ollerpintures.com\/ca\/producte\/pintura-setinada-la-pajarita-amarillo-limon\/#breadcrumb\",\"itemListElement\":[{\"@type\":\"ListItem\",\"position\":1,\"name\":\"Inici\",\"item\":\"https:\/\/ollerpintures.com\/ca\/\"},{\"@type\":\"ListItem\",\"position\":2,\"name\":\"Botiga\",\"item\":\"https:\/\/ollerpintures.com\/ca\/botiga\/\"},{\"@type\":\"ListItem\",\"position\":3,\"name\":\"Pintura setinada LA PAJARITA Amarillo Lim\u00f3n\"}]},{\"@type\":\"WebSite\",\"@id\":\"https:\/\/ollerpintures.com\/ca\/#website\",\"url\":\"https:\/\/ollerpintures.com\/ca\/\",\"name\":\"Oller Pinturas y Revestimientos\",\"description\":\"Pinturas y revestimientos para profesionales, industrias, obras p\u00fablicas, bricolaje. Pinturas de calidad profesional i mucho m\u00e1s.\",\"publisher\":{\"@id\":\"https:\/\/ollerpintures.com\/ca\/#organization\"},\"alternateName\":\"Oller Grup\",\"potentialAction\":[{\"@type\":\"SearchAction\",\"target\":{\"@type\":\"EntryPoint\",\"urlTemplate\":\"https:\/\/ollerpintures.com\/ca\/?s={search_term_string}\"},\"query-input\":{\"@type\":\"PropertyValueSpecification\",\"valueRequired\":true,\"valueName\":\"search_term_string\"}}],\"inLanguage\":\"ca\"},{\"@type\":\"Organization\",\"@id\":\"https:\/\/ollerpintures.com\/ca\/#organization\",\"name\":\"Oller Pintures i Revestiments\",\"alternateName\":\"Oller Grup\",\"url\":\"https:\/\/ollerpintures.com\/ca\/\",\"logo\":{\"@type\":\"ImageObject\",\"inLanguage\":\"ca\",\"@id\":\"https:\/\/ollerpintures.com\/ca\/#\/schema\/logo\/image\/\",\"url\":\"https:\/\/ollerpintures.com\/wp-content\/uploads\/2024\/05\/newLogo.png\",\"contentUrl\":\"https:\/\/ollerpintures.com\/wp-content\/uploads\/2024\/05\/newLogo.png\",\"width\":483,\"height\":244,\"caption\":\"Oller Pintures i Revestiments\"},\"image\":{\"@id\":\"https:\/\/ollerpintures.com\/ca\/#\/schema\/logo\/image\/\"},\"sameAs\":[\"https:\/\/www.facebook.com\/people\/Oller-Pintures\/100063652056709\/\",\"https:\/\/www.instagram.com\/ollerpintures\/\",\"https:\/\/descriptor.es\/organization\/oller-grup\/\"]}]}<\/script>\n<!-- \/ Yoast SEO plugin. -->","yoast_head_json":{"title":"Pintura setinada LA PAJARITA Amarillo Lim\u00f3n - Oller Pinturas y Revestimientos","description":"Aquest producte pot tenir un temps d'entrega superior a les 72h.  La Pintura Setinada \u00e9s una pintura de base l\u00e0tex que permet realitzar manualitats i pintar sobre un gran nombre de superf\u00edcies: llen\u00e7, porexpan, paper maix\u00e9, fusta, pedra, cartr\u00f3, suro, goma eva... Els seus colors s\u00f3n f\u00e0cilment barrejables entre ells, la qual cosa ens permet deixar volar la nostra creativitat. A m\u00e9s, disposa d'un alt nivell de cubrici\u00f3, \u00e9s molt el\u00e0stica i resistent al pas del temps.","robots":{"index":"index","follow":"follow","max-snippet":"max-snippet:-1","max-image-preview":"max-image-preview:large","max-video-preview":"max-video-preview:-1"},"canonical":"https:\/\/ollerpintures.com\/ca\/producte\/pintura-setinada-la-pajarita-amarillo-limon\/","og_locale":"ca_ES","og_type":"article","og_title":"Pintura setinada LA PAJARITA Amarillo Lim\u00f3n - Oller Pinturas y Revestimientos","og_description":"Aquest producte pot tenir un temps d'entrega superior a les 72h.  La Pintura Setinada \u00e9s una pintura de base l\u00e0tex que permet realitzar manualitats i pintar sobre un gran nombre de superf\u00edcies: llen\u00e7, porexpan, paper maix\u00e9, fusta, pedra, cartr\u00f3, suro, goma eva... Els seus colors s\u00f3n f\u00e0cilment barrejables entre ells, la qual cosa ens permet deixar volar la nostra creativitat. A m\u00e9s, disposa d'un alt nivell de cubrici\u00f3, \u00e9s molt el\u00e0stica i resistent al pas del temps.","og_url":"https:\/\/ollerpintures.com\/ca\/producte\/pintura-setinada-la-pajarita-amarillo-limon\/","og_site_name":"Oller Pinturas y Revestimientos","article_publisher":"https:\/\/www.facebook.com\/people\/Oller-Pintures\/100063652056709\/","article_modified_time":"2026-04-14T01:00:40+00:00","og_image":[{"width":1080,"height":1080,"url":"https:\/\/ollerpintures.com\/wp-content\/uploads\/2022\/08\/pintura-satinada-la-pajarita-amarillo-limon.jpg","type":"image\/jpeg"}],"twitter_card":"summary_large_image","twitter_misc":{"Temps estimat de lectura":"1 minut"},"schema":{"@context":"https:\/\/schema.org","@graph":[{"@type":"WebPage","@id":"https:\/\/ollerpintures.com\/ca\/producte\/pintura-setinada-la-pajarita-amarillo-limon\/","url":"https:\/\/ollerpintures.com\/ca\/producte\/pintura-setinada-la-pajarita-amarillo-limon\/","name":"Pintura setinada LA PAJARITA Amarillo Lim\u00f3n - Oller Pinturas y Revestimientos","isPartOf":{"@id":"https:\/\/ollerpintures.com\/ca\/#website"},"primaryImageOfPage":{"@id":"https:\/\/ollerpintures.com\/ca\/producte\/pintura-setinada-la-pajarita-amarillo-limon\/#primaryimage"},"image":{"@id":"https:\/\/ollerpintures.com\/ca\/producte\/pintura-setinada-la-pajarita-amarillo-limon\/#primaryimage"},"thumbnailUrl":"https:\/\/ollerpintures.com\/wp-content\/uploads\/2022\/08\/pintura-satinada-la-pajarita-amarillo-limon.jpg","datePublished":"2022-08-25T09:02:05+00:00","dateModified":"2026-04-14T01:00:40+00:00","description":"Aquest producte pot tenir un temps d'entrega superior a les 72h. La Pintura Setinada \u00e9s una pintura de base l\u00e0tex que permet realitzar manualitats i pintar sobre un gran nombre de superf\u00edcies: llen\u00e7, porexpan, paper maix\u00e9, fusta, pedra, cartr\u00f3, suro, goma eva... Els seus colors s\u00f3n f\u00e0cilment barrejables entre ells, la qual cosa ens permet deixar volar la nostra creativitat. A m\u00e9s, disposa d'un alt nivell de cubrici\u00f3, \u00e9s molt el\u00e0stica i resistent al pas del temps.","breadcrumb":{"@id":"https:\/\/ollerpintures.com\/ca\/producte\/pintura-setinada-la-pajarita-amarillo-limon\/#breadcrumb"},"inLanguage":"ca","potentialAction":[{"@type":"ReadAction","target":["https:\/\/ollerpintures.com\/ca\/producte\/pintura-setinada-la-pajarita-amarillo-limon\/"]}]},{"@type":"ImageObject","inLanguage":"ca","@id":"https:\/\/ollerpintures.com\/ca\/producte\/pintura-setinada-la-pajarita-amarillo-limon\/#primaryimage","url":"https:\/\/ollerpintures.com\/wp-content\/uploads\/2022\/08\/pintura-satinada-la-pajarita-amarillo-limon.jpg","contentUrl":"https:\/\/ollerpintures.com\/wp-content\/uploads\/2022\/08\/pintura-satinada-la-pajarita-amarillo-limon.jpg","width":1080,"height":1080,"caption":"Pintura Satinada la Pajarita Amarillo limon"},{"@type":"BreadcrumbList","@id":"https:\/\/ollerpintures.com\/ca\/producte\/pintura-setinada-la-pajarita-amarillo-limon\/#breadcrumb","itemListElement":[{"@type":"ListItem","position":1,"name":"Inici","item":"https:\/\/ollerpintures.com\/ca\/"},{"@type":"ListItem","position":2,"name":"Botiga","item":"https:\/\/ollerpintures.com\/ca\/botiga\/"},{"@type":"ListItem","position":3,"name":"Pintura setinada LA PAJARITA Amarillo Lim\u00f3n"}]},{"@type":"WebSite","@id":"https:\/\/ollerpintures.com\/ca\/#website","url":"https:\/\/ollerpintures.com\/ca\/","name":"Oller Pinturas y Revestimientos","description":"Pinturas y revestimientos para profesionales, industrias, obras p\u00fablicas, bricolaje. Pinturas de calidad profesional i mucho m\u00e1s.","publisher":{"@id":"https:\/\/ollerpintures.com\/ca\/#organization"},"alternateName":"Oller Grup","potentialAction":[{"@type":"SearchAction","target":{"@type":"EntryPoint","urlTemplate":"https:\/\/ollerpintures.com\/ca\/?s={search_term_string}"},"query-input":{"@type":"PropertyValueSpecification","valueRequired":true,"valueName":"search_term_string"}}],"inLanguage":"ca"},{"@type":"Organization","@id":"https:\/\/ollerpintures.com\/ca\/#organization","name":"Oller Pintures i Revestiments","alternateName":"Oller Grup","url":"https:\/\/ollerpintures.com\/ca\/","logo":{"@type":"ImageObject","inLanguage":"ca","@id":"https:\/\/ollerpintures.com\/ca\/#\/schema\/logo\/image\/","url":"https:\/\/ollerpintures.com\/wp-content\/uploads\/2024\/05\/newLogo.png","contentUrl":"https:\/\/ollerpintures.com\/wp-content\/uploads\/2024\/05\/newLogo.png","width":483,"height":244,"caption":"Oller Pintures i Revestiments"},"image":{"@id":"https:\/\/ollerpintures.com\/ca\/#\/schema\/logo\/image\/"},"sameAs":["https:\/\/www.facebook.com\/people\/Oller-Pintures\/100063652056709\/","https:\/\/www.instagram.com\/ollerpintures\/","https:\/\/descriptor.es\/organization\/oller-grup\/"]}]}},"brands":[{"id":1804,"name":"La Pajarita","slug":"la-pajarita"}],"_links":{"self":[{"href":"https:\/\/ollerpintures.com\/ca\/wp-json\/wp\/v2\/product\/22126","targetHints":{"allow":["GET"]}}],"collection":[{"href":"https:\/\/ollerpintures.com\/ca\/wp-json\/wp\/v2\/product"}],"about":[{"href":"https:\/\/ollerpintures.com\/ca\/wp-json\/wp\/v2\/types\/product"}],"wp:featuredmedia":[{"embeddable":true,"href":"https:\/\/ollerpintures.com\/ca\/wp-json\/wp\/v2\/media\/22132"}],"wp:attachment":[{"href":"https:\/\/ollerpintures.com\/ca\/wp-json\/wp\/v2\/media?parent=22126"}],"wp:term":[{"taxonomy":"pwb-brand","embeddable":true,"href":"https:\/\/ollerpintures.com\/ca\/wp-json\/wp\/v2\/pwb-brand?post=22126"},{"taxonomy":"product_brand","embeddable":true,"href":"https:\/\/ollerpintures.com\/ca\/wp-json\/wp\/v2\/product_brand?post=22126"},{"taxonomy":"product_cat","embeddable":true,"href":"https:\/\/ollerpintures.com\/ca\/wp-json\/wp\/v2\/product_cat?post=22126"},{"taxonomy":"product_tag","embeddable":true,"href":"https:\/\/ollerpintures.com\/ca\/wp-json\/wp\/v2\/product_tag?post=22126"}],"curies":[{"name":"wp","href":"https:\/\/api.w.org\/{rel}","templated":true}]}}