{"id":20989,"date":"2022-05-19T09:13:00","date_gmt":"2022-05-19T08:13:00","guid":{"rendered":"https:\/\/oller-pintures.c.wetopi.com\/?post_type=product&#038;p=20989"},"modified":"2022-06-03T06:51:08","modified_gmt":"2022-06-03T05:51:08","slug":"pintura-piscina-de-fibra-blau-piscines","status":"publish","type":"product","link":"https:\/\/ollerpintures.com\/ca\/producte\/pintura-piscina-de-fibra-blau-piscines\/","title":{"rendered":"Pintura Piscina de Fibra Blau Piscines 4L"},"content":{"rendered":"<p>Aquesta \u00e9s una <strong>pintura ideal per piscines de fibra<\/strong>. Esmalt de poliuret\u00e0 de 2 components PPG, d\u2019alta qualitat. \u00c9s el<strong> color blau piscina universal<\/strong>, l&#8217;escollit per excel\u00b7l\u00e8ncia.<\/p>\n<p>Si vols pintar una piscina de fibra amb la millor qualitat de pintura, aquesta \u00e9s la teva opci\u00f3. I si la vols en un color diferent, te&#8217;l preparem a mida: nom\u00e9s cal que ens contactis i indiquis quin <a href=\"https:\/\/ollerpintures.com\/ca\/cartes-de-color-en-pintura\/\" target=\"_blank\" rel=\"noopener\">color RAL<\/a> vols.<\/p>\n<h4><strong>Caracter\u00edstiques Pintura per piscina de fibra color blau piscines:<\/strong><\/h4>\n<ul>\n<li>Millor pintura per piscina de fibra<\/li>\n<li>Sense l\u00edmit de repintabilitat<\/li>\n<li>Excel\u00b7lent resist\u00e8ncia a les condicions d\u2019exposici\u00f3 atmosf\u00e8rica<\/li>\n<li>Excel\u00b7lent retenci\u00f3 de lluentor i color<\/li>\n<li>No grogueja<\/li>\n<li>Resistent a esquitxades d\u2019olis minerals i vegetals, parafines, productes de petroli alif\u00e0tics i productes qu\u00edmics suaus<\/li>\n<li>Repintable fins i tot despr\u00e9s de fortes exposicions atmosf\u00e8riques<\/li>\n<li>Bones propietats d\u2019aplicaci\u00f3<\/li>\n<li>Rendiment aproximat: 40m2\/pot<\/li>\n<\/ul>\n<h4><strong>Usos i aplicacions:<\/strong><\/h4>\n<ul>\n<li>Pintura per piscines de fibra<\/li>\n<li>Pintura per piscines de poliester<\/li>\n<li>Pintura per piscines de resina<\/li>\n<\/ul>\n<h4><strong>Com aplicar pintura per piscines de fibra:<\/strong><\/h4>\n<ol>\n<li>Neteja pr\u00e8viament la superf\u00edcie a fons<\/li>\n<li>\u00c9s recomanable fregar la superf\u00edcie suaument per fer que l&#8217;anclatge de la pintura sigui millor<\/li>\n<li>Un cop fregada la piscina, elimina tota la pols generada i torna a netejar-la. A poder ser, amb aigua a pressi\u00f3. Pots ajudar-te d&#8217;una <a href=\"https:\/\/ollerpintures.com\/ca\/producte\/hidrorentadora-stanley-1600w-125-bar-motor-420l-h-motor-universal\/\" target=\"_blank\" rel=\"noopener\">hidronetejadora<\/a>.<\/li>\n<li>Assegura que la piscina est\u00e0 totalment seca<\/li>\n<li>Si la piscina est\u00e0 en mal estat, recomanem aplicar pr\u00e8viament la <a href=\"https:\/\/ollerpintures.com\/ca\/producte\/imprimacio-sigmacover-280\/\" target=\"_blank\" rel=\"noopener\">Imprimaci\u00f3 Sigmacover 280<\/a><\/li>\n<li>Preparaci\u00f3 de la pintura: barreja pintura amb catalitzador 30 minuts abans de pintar la piscina<\/li>\n<li>Aplica 2 capes de la pintura per piscines de fibra i fins a 3 per aconseguir un millor resultat\n<ul>\n<li>Per evitar que surtin irregularitats a la superf\u00edcie pintada, aplica la pintura en direccions creuades entre capes per segellar-la b\u00e9<\/li>\n<li>Temps m\u00e0xim d&#8217;assecat entre capa i capa: 72h<\/li>\n<li>Aplica la pintura amb corr\u00f3, brotxa o pistola<\/li>\n<\/ul>\n<\/li>\n<li>Respecta el temps d&#8217;assecat total abans d&#8217;omplir-la, perqu\u00e8 la pintura pugui actuar correctament i evitar possibles problemes posteriors. M\u00ednim rep\u00f2s de 7 dies.<\/li>\n<\/ol>\n<p>Consulta la fitxa t\u00e8cnica de la pintura per m\u00e9s informaci\u00f3 abans de pintar la piscina.<\/p>\n","protected":false},"excerpt":{"rendered":"<h4><strong>Caracter\u00edstiques Pintura per piscina de fibra color blau piscines:<\/strong><\/h4>\n<ul>\n<li>Millor pintura per piscina de fibra<\/li>\n<li>Sense l\u00edmit de repintabilitat<\/li>\n<li>Excel\u00b7lent resist\u00e8ncia a les condicions d\u2019exposici\u00f3 atmosf\u00e8rica<\/li>\n<li>Excel\u00b7lent retenci\u00f3 de lluentor i color<\/li>\n<li>No grogueja<\/li>\n<li>Resistent a esquitxades d\u2019olis minerals i vegetals, parafines, productes de petroli alif\u00e0tics i productes qu\u00edmics suaus<\/li>\n<li>Repintable fins i tot despr\u00e9s de fortes exposicions atmosf\u00e8riques<\/li>\n<li>Bones propietats d\u2019aplicaci\u00f3<\/li>\n<\/ul>\n","protected":false},"featured_media":21522,"template":"","meta":{"_acf_changed":false},"pwb-brand":[1821],"product_brand":[],"product_cat":[24,821,729],"product_tag":[83,733,1822],"class_list":{"0":"post-20989","1":"product","2":"type-product","3":"status-publish","4":"has-post-thumbnail","6":"pwb-brand-ppg","7":"product_cat-pintura","8":"product_cat-tractament-per-fusta-i-jardi","9":"product_cat-pintura-per-piscines","10":"product_tag-esmalt","11":"product_tag-pintura-per-piscina","12":"product_tag-ppg","13":"no-featured-image-padding","14":"resize-featured-image","15":"sales-flash-overlay","16":"woocommerce-text-align-left","17":"woocommerce-image-align-center","18":"do-quantity-buttons","19":"wc-has-gallery","21":"first","22":"instock","23":"shipping-taxable","24":"purchasable","25":"product-type-simple"},"acf":[],"yoast_head":"<!-- This site is optimized with the Yoast SEO plugin v27.1.1 - https:\/\/yoast.com\/product\/yoast-seo-wordpress\/ -->\n<title>Pintura Piscina de Fibra Blau Piscines 4L - Oller Pinturas y Revestimientos<\/title>\n<meta name=\"description\" content=\"Caracter\u00edstiques Pintura per piscina de fibra color blau piscines:   Millor pintura per piscina de fibra  Sense l\u00edmit de repintabilitat  Excel\u00b7lent resist\u00e8ncia a les condicions d\u2019exposici\u00f3 atmosf\u00e8rica  Excel\u00b7lent retenci\u00f3 de lluentor i color  No grogueja  Resistent a esquitxades d\u2019olis minerals i vegetals, parafines, productes de petroli alif\u00e0tics i productes qu\u00edmics suaus  Repintable fins i tot despr\u00e9s de fortes exposicions atmosf\u00e8riques  Bones propietats d\u2019aplicaci\u00f3\" \/>\n<meta name=\"robots\" content=\"index, follow, max-snippet:-1, max-image-preview:large, max-video-preview:-1\" \/>\n<link rel=\"canonical\" href=\"https:\/\/ollerpintures.com\/ca\/producte\/pintura-piscina-de-fibra-blau-piscines\/\" \/>\n<meta property=\"og:locale\" content=\"ca_ES\" \/>\n<meta property=\"og:type\" content=\"article\" \/>\n<meta property=\"og:title\" content=\"Pintura Piscina de Fibra Blau Piscines 4L - Oller Pinturas y Revestimientos\" \/>\n<meta property=\"og:description\" content=\"Caracter\u00edstiques Pintura per piscina de fibra color blau piscines:   Millor pintura per piscina de fibra  Sense l\u00edmit de repintabilitat  Excel\u00b7lent resist\u00e8ncia a les condicions d\u2019exposici\u00f3 atmosf\u00e8rica  Excel\u00b7lent retenci\u00f3 de lluentor i color  No grogueja  Resistent a esquitxades d\u2019olis minerals i vegetals, parafines, productes de petroli alif\u00e0tics i productes qu\u00edmics suaus  Repintable fins i tot despr\u00e9s de fortes exposicions atmosf\u00e8riques  Bones propietats d\u2019aplicaci\u00f3\" \/>\n<meta property=\"og:url\" content=\"https:\/\/ollerpintures.com\/ca\/producte\/pintura-piscina-de-fibra-blau-piscines\/\" \/>\n<meta property=\"og:site_name\" content=\"Oller Pinturas y Revestimientos\" \/>\n<meta property=\"article:publisher\" content=\"https:\/\/www.facebook.com\/people\/Oller-Pintures\/100063652056709\/\" \/>\n<meta property=\"article:modified_time\" content=\"2022-06-03T05:51:08+00:00\" \/>\n<meta property=\"og:image\" content=\"https:\/\/ollerpintures.com\/wp-content\/uploads\/2022\/05\/pintura-para-piscinas-azul-sigmadur-520-oller-pintures.jpg\" \/>\n\t<meta property=\"og:image:width\" content=\"1080\" \/>\n\t<meta property=\"og:image:height\" content=\"1080\" \/>\n\t<meta property=\"og:image:type\" content=\"image\/jpeg\" \/>\n<meta name=\"twitter:card\" content=\"summary_large_image\" \/>\n<meta name=\"twitter:label1\" content=\"Temps estimat de lectura\" \/>\n\t<meta name=\"twitter:data1\" content=\"2 minuts\" \/>\n<script type=\"application\/ld+json\" class=\"yoast-schema-graph\">{\"@context\":\"https:\/\/schema.org\",\"@graph\":[{\"@type\":\"WebPage\",\"@id\":\"https:\/\/ollerpintures.com\/ca\/producte\/pintura-piscina-de-fibra-blau-piscines\/\",\"url\":\"https:\/\/ollerpintures.com\/ca\/producte\/pintura-piscina-de-fibra-blau-piscines\/\",\"name\":\"Pintura Piscina de Fibra Blau Piscines 4L - Oller Pinturas y Revestimientos\",\"isPartOf\":{\"@id\":\"https:\/\/ollerpintures.com\/ca\/#website\"},\"primaryImageOfPage\":{\"@id\":\"https:\/\/ollerpintures.com\/ca\/producte\/pintura-piscina-de-fibra-blau-piscines\/#primaryimage\"},\"image\":{\"@id\":\"https:\/\/ollerpintures.com\/ca\/producte\/pintura-piscina-de-fibra-blau-piscines\/#primaryimage\"},\"thumbnailUrl\":\"https:\/\/ollerpintures.com\/wp-content\/uploads\/2022\/05\/pintura-para-piscinas-azul-sigmadur-520-oller-pintures.jpg\",\"datePublished\":\"2022-05-19T08:13:00+00:00\",\"dateModified\":\"2022-06-03T05:51:08+00:00\",\"description\":\"Caracter\u00edstiques Pintura per piscina de fibra color blau piscines: Millor pintura per piscina de fibra Sense l\u00edmit de repintabilitat Excel\u00b7lent resist\u00e8ncia a les condicions d\u2019exposici\u00f3 atmosf\u00e8rica Excel\u00b7lent retenci\u00f3 de lluentor i color No grogueja Resistent a esquitxades d\u2019olis minerals i vegetals, parafines, productes de petroli alif\u00e0tics i productes qu\u00edmics suaus Repintable fins i tot despr\u00e9s de fortes exposicions atmosf\u00e8riques Bones propietats d\u2019aplicaci\u00f3\",\"breadcrumb\":{\"@id\":\"https:\/\/ollerpintures.com\/ca\/producte\/pintura-piscina-de-fibra-blau-piscines\/#breadcrumb\"},\"inLanguage\":\"ca\",\"potentialAction\":[{\"@type\":\"ReadAction\",\"target\":[\"https:\/\/ollerpintures.com\/ca\/producte\/pintura-piscina-de-fibra-blau-piscines\/\"]}]},{\"@type\":\"ImageObject\",\"inLanguage\":\"ca\",\"@id\":\"https:\/\/ollerpintures.com\/ca\/producte\/pintura-piscina-de-fibra-blau-piscines\/#primaryimage\",\"url\":\"https:\/\/ollerpintures.com\/wp-content\/uploads\/2022\/05\/pintura-para-piscinas-azul-sigmadur-520-oller-pintures.jpg\",\"contentUrl\":\"https:\/\/ollerpintures.com\/wp-content\/uploads\/2022\/05\/pintura-para-piscinas-azul-sigmadur-520-oller-pintures.jpg\",\"width\":1080,\"height\":1080,\"caption\":\"pintura per piscines blava\"},{\"@type\":\"BreadcrumbList\",\"@id\":\"https:\/\/ollerpintures.com\/ca\/producte\/pintura-piscina-de-fibra-blau-piscines\/#breadcrumb\",\"itemListElement\":[{\"@type\":\"ListItem\",\"position\":1,\"name\":\"Inici\",\"item\":\"https:\/\/ollerpintures.com\/ca\/\"},{\"@type\":\"ListItem\",\"position\":2,\"name\":\"Botiga\",\"item\":\"https:\/\/ollerpintures.com\/ca\/botiga\/\"},{\"@type\":\"ListItem\",\"position\":3,\"name\":\"Pintura Piscina de Fibra Blau Piscines 4L\"}]},{\"@type\":\"WebSite\",\"@id\":\"https:\/\/ollerpintures.com\/ca\/#website\",\"url\":\"https:\/\/ollerpintures.com\/ca\/\",\"name\":\"Oller Pinturas y Revestimientos\",\"description\":\"Pinturas y revestimientos para profesionales, industrias, obras p\u00fablicas, bricolaje. Pinturas de calidad profesional i mucho m\u00e1s.\",\"publisher\":{\"@id\":\"https:\/\/ollerpintures.com\/ca\/#organization\"},\"alternateName\":\"Oller Grup\",\"potentialAction\":[{\"@type\":\"SearchAction\",\"target\":{\"@type\":\"EntryPoint\",\"urlTemplate\":\"https:\/\/ollerpintures.com\/ca\/?s={search_term_string}\"},\"query-input\":{\"@type\":\"PropertyValueSpecification\",\"valueRequired\":true,\"valueName\":\"search_term_string\"}}],\"inLanguage\":\"ca\"},{\"@type\":\"Organization\",\"@id\":\"https:\/\/ollerpintures.com\/ca\/#organization\",\"name\":\"Oller Pintures i Revestiments\",\"alternateName\":\"Oller Grup\",\"url\":\"https:\/\/ollerpintures.com\/ca\/\",\"logo\":{\"@type\":\"ImageObject\",\"inLanguage\":\"ca\",\"@id\":\"https:\/\/ollerpintures.com\/ca\/#\/schema\/logo\/image\/\",\"url\":\"https:\/\/ollerpintures.com\/wp-content\/uploads\/2024\/05\/newLogo.png\",\"contentUrl\":\"https:\/\/ollerpintures.com\/wp-content\/uploads\/2024\/05\/newLogo.png\",\"width\":483,\"height\":244,\"caption\":\"Oller Pintures i Revestiments\"},\"image\":{\"@id\":\"https:\/\/ollerpintures.com\/ca\/#\/schema\/logo\/image\/\"},\"sameAs\":[\"https:\/\/www.facebook.com\/people\/Oller-Pintures\/100063652056709\/\",\"https:\/\/www.instagram.com\/ollerpintures\/\",\"https:\/\/descriptor.es\/organization\/oller-grup\/\"]}]}<\/script>\n<!-- \/ Yoast SEO plugin. -->","yoast_head_json":{"title":"Pintura Piscina de Fibra Blau Piscines 4L - Oller Pinturas y Revestimientos","description":"Caracter\u00edstiques Pintura per piscina de fibra color blau piscines:   Millor pintura per piscina de fibra  Sense l\u00edmit de repintabilitat  Excel\u00b7lent resist\u00e8ncia a les condicions d\u2019exposici\u00f3 atmosf\u00e8rica  Excel\u00b7lent retenci\u00f3 de lluentor i color  No grogueja  Resistent a esquitxades d\u2019olis minerals i vegetals, parafines, productes de petroli alif\u00e0tics i productes qu\u00edmics suaus  Repintable fins i tot despr\u00e9s de fortes exposicions atmosf\u00e8riques  Bones propietats d\u2019aplicaci\u00f3","robots":{"index":"index","follow":"follow","max-snippet":"max-snippet:-1","max-image-preview":"max-image-preview:large","max-video-preview":"max-video-preview:-1"},"canonical":"https:\/\/ollerpintures.com\/ca\/producte\/pintura-piscina-de-fibra-blau-piscines\/","og_locale":"ca_ES","og_type":"article","og_title":"Pintura Piscina de Fibra Blau Piscines 4L - Oller Pinturas y Revestimientos","og_description":"Caracter\u00edstiques Pintura per piscina de fibra color blau piscines:   Millor pintura per piscina de fibra  Sense l\u00edmit de repintabilitat  Excel\u00b7lent resist\u00e8ncia a les condicions d\u2019exposici\u00f3 atmosf\u00e8rica  Excel\u00b7lent retenci\u00f3 de lluentor i color  No grogueja  Resistent a esquitxades d\u2019olis minerals i vegetals, parafines, productes de petroli alif\u00e0tics i productes qu\u00edmics suaus  Repintable fins i tot despr\u00e9s de fortes exposicions atmosf\u00e8riques  Bones propietats d\u2019aplicaci\u00f3","og_url":"https:\/\/ollerpintures.com\/ca\/producte\/pintura-piscina-de-fibra-blau-piscines\/","og_site_name":"Oller Pinturas y Revestimientos","article_publisher":"https:\/\/www.facebook.com\/people\/Oller-Pintures\/100063652056709\/","article_modified_time":"2022-06-03T05:51:08+00:00","og_image":[{"width":1080,"height":1080,"url":"https:\/\/ollerpintures.com\/wp-content\/uploads\/2022\/05\/pintura-para-piscinas-azul-sigmadur-520-oller-pintures.jpg","type":"image\/jpeg"}],"twitter_card":"summary_large_image","twitter_misc":{"Temps estimat de lectura":"2 minuts"},"schema":{"@context":"https:\/\/schema.org","@graph":[{"@type":"WebPage","@id":"https:\/\/ollerpintures.com\/ca\/producte\/pintura-piscina-de-fibra-blau-piscines\/","url":"https:\/\/ollerpintures.com\/ca\/producte\/pintura-piscina-de-fibra-blau-piscines\/","name":"Pintura Piscina de Fibra Blau Piscines 4L - Oller Pinturas y Revestimientos","isPartOf":{"@id":"https:\/\/ollerpintures.com\/ca\/#website"},"primaryImageOfPage":{"@id":"https:\/\/ollerpintures.com\/ca\/producte\/pintura-piscina-de-fibra-blau-piscines\/#primaryimage"},"image":{"@id":"https:\/\/ollerpintures.com\/ca\/producte\/pintura-piscina-de-fibra-blau-piscines\/#primaryimage"},"thumbnailUrl":"https:\/\/ollerpintures.com\/wp-content\/uploads\/2022\/05\/pintura-para-piscinas-azul-sigmadur-520-oller-pintures.jpg","datePublished":"2022-05-19T08:13:00+00:00","dateModified":"2022-06-03T05:51:08+00:00","description":"Caracter\u00edstiques Pintura per piscina de fibra color blau piscines: Millor pintura per piscina de fibra Sense l\u00edmit de repintabilitat Excel\u00b7lent resist\u00e8ncia a les condicions d\u2019exposici\u00f3 atmosf\u00e8rica Excel\u00b7lent retenci\u00f3 de lluentor i color No grogueja Resistent a esquitxades d\u2019olis minerals i vegetals, parafines, productes de petroli alif\u00e0tics i productes qu\u00edmics suaus Repintable fins i tot despr\u00e9s de fortes exposicions atmosf\u00e8riques Bones propietats d\u2019aplicaci\u00f3","breadcrumb":{"@id":"https:\/\/ollerpintures.com\/ca\/producte\/pintura-piscina-de-fibra-blau-piscines\/#breadcrumb"},"inLanguage":"ca","potentialAction":[{"@type":"ReadAction","target":["https:\/\/ollerpintures.com\/ca\/producte\/pintura-piscina-de-fibra-blau-piscines\/"]}]},{"@type":"ImageObject","inLanguage":"ca","@id":"https:\/\/ollerpintures.com\/ca\/producte\/pintura-piscina-de-fibra-blau-piscines\/#primaryimage","url":"https:\/\/ollerpintures.com\/wp-content\/uploads\/2022\/05\/pintura-para-piscinas-azul-sigmadur-520-oller-pintures.jpg","contentUrl":"https:\/\/ollerpintures.com\/wp-content\/uploads\/2022\/05\/pintura-para-piscinas-azul-sigmadur-520-oller-pintures.jpg","width":1080,"height":1080,"caption":"pintura per piscines blava"},{"@type":"BreadcrumbList","@id":"https:\/\/ollerpintures.com\/ca\/producte\/pintura-piscina-de-fibra-blau-piscines\/#breadcrumb","itemListElement":[{"@type":"ListItem","position":1,"name":"Inici","item":"https:\/\/ollerpintures.com\/ca\/"},{"@type":"ListItem","position":2,"name":"Botiga","item":"https:\/\/ollerpintures.com\/ca\/botiga\/"},{"@type":"ListItem","position":3,"name":"Pintura Piscina de Fibra Blau Piscines 4L"}]},{"@type":"WebSite","@id":"https:\/\/ollerpintures.com\/ca\/#website","url":"https:\/\/ollerpintures.com\/ca\/","name":"Oller Pinturas y Revestimientos","description":"Pinturas y revestimientos para profesionales, industrias, obras p\u00fablicas, bricolaje. Pinturas de calidad profesional i mucho m\u00e1s.","publisher":{"@id":"https:\/\/ollerpintures.com\/ca\/#organization"},"alternateName":"Oller Grup","potentialAction":[{"@type":"SearchAction","target":{"@type":"EntryPoint","urlTemplate":"https:\/\/ollerpintures.com\/ca\/?s={search_term_string}"},"query-input":{"@type":"PropertyValueSpecification","valueRequired":true,"valueName":"search_term_string"}}],"inLanguage":"ca"},{"@type":"Organization","@id":"https:\/\/ollerpintures.com\/ca\/#organization","name":"Oller Pintures i Revestiments","alternateName":"Oller Grup","url":"https:\/\/ollerpintures.com\/ca\/","logo":{"@type":"ImageObject","inLanguage":"ca","@id":"https:\/\/ollerpintures.com\/ca\/#\/schema\/logo\/image\/","url":"https:\/\/ollerpintures.com\/wp-content\/uploads\/2024\/05\/newLogo.png","contentUrl":"https:\/\/ollerpintures.com\/wp-content\/uploads\/2024\/05\/newLogo.png","width":483,"height":244,"caption":"Oller Pintures i Revestiments"},"image":{"@id":"https:\/\/ollerpintures.com\/ca\/#\/schema\/logo\/image\/"},"sameAs":["https:\/\/www.facebook.com\/people\/Oller-Pintures\/100063652056709\/","https:\/\/www.instagram.com\/ollerpintures\/","https:\/\/descriptor.es\/organization\/oller-grup\/"]}]}},"brands":[{"id":1821,"name":"PPG","slug":"ppg"}],"_links":{"self":[{"href":"https:\/\/ollerpintures.com\/ca\/wp-json\/wp\/v2\/product\/20989","targetHints":{"allow":["GET"]}}],"collection":[{"href":"https:\/\/ollerpintures.com\/ca\/wp-json\/wp\/v2\/product"}],"about":[{"href":"https:\/\/ollerpintures.com\/ca\/wp-json\/wp\/v2\/types\/product"}],"wp:featuredmedia":[{"embeddable":true,"href":"https:\/\/ollerpintures.com\/ca\/wp-json\/wp\/v2\/media\/21522"}],"wp:attachment":[{"href":"https:\/\/ollerpintures.com\/ca\/wp-json\/wp\/v2\/media?parent=20989"}],"wp:term":[{"taxonomy":"pwb-brand","embeddable":true,"href":"https:\/\/ollerpintures.com\/ca\/wp-json\/wp\/v2\/pwb-brand?post=20989"},{"taxonomy":"product_brand","embeddable":true,"href":"https:\/\/ollerpintures.com\/ca\/wp-json\/wp\/v2\/product_brand?post=20989"},{"taxonomy":"product_cat","embeddable":true,"href":"https:\/\/ollerpintures.com\/ca\/wp-json\/wp\/v2\/product_cat?post=20989"},{"taxonomy":"product_tag","embeddable":true,"href":"https:\/\/ollerpintures.com\/ca\/wp-json\/wp\/v2\/product_tag?post=20989"}],"curies":[{"name":"wp","href":"https:\/\/api.w.org\/{rel}","templated":true}]}}