{"id":20840,"date":"2022-05-13T11:52:03","date_gmt":"2022-05-13T10:52:03","guid":{"rendered":"https:\/\/oller-pintures.c.wetopi.com\/?post_type=product&#038;p=20840"},"modified":"2024-04-21T12:16:02","modified_gmt":"2024-04-21T11:16:02","slug":"imprimacio-sigmacover-280","status":"publish","type":"product","link":"https:\/\/ollerpintures.com\/ca\/producte\/imprimacio-sigmacover-280\/","title":{"rendered":"Imprimaci\u00f3 Epoxi Sigmacover 280 Light Grey Multiadherent 4L"},"content":{"rendered":"<p>La imprimaci\u00f3 Epoxi Sigmacover 280 \u00e9s una imprimaci\u00f3 multiadherent epoxi universal amb gran adher\u00e8ncia sobre superf\u00edcies de dif\u00edcil absorci\u00f3 i t\u00e9 un gran poder anticorrosiu. La recomanem com a base per pintures de poliuret\u00e0. \u00c9s molt indicada pel tractament anticorrosiu de superf\u00edcies met\u00e0l\u00b7liques.<\/p>\n<p><strong>Imprimaci\u00f3 + enduridor, tot incl\u00f2s en la compra d&#8217;aquest producte.<\/strong><\/p>\n<p><strong>Caracter\u00edstiques:<\/strong><\/p>\n<ul>\n<li>Alt poder corrosiu<\/li>\n<li>Bona adher\u00e8ncia sobre superf\u00edcies complicades<\/li>\n<li>Bona resist\u00e8ncia a l&#8217;aigua i corrosi\u00f3<\/li>\n<li>Excel\u00b7lent repintabilitat<\/li>\n<li>Rendiment: 8m2\/L<\/li>\n<li>Pot recobrir-se amb la majoria de revestiments alqu\u00eddics, vin\u00edlics, clorocaucho, epoxi i poliuretans de 2 components<\/li>\n<\/ul>\n<p><strong>Usos de la Imprimaci\u00f3 Epoxi Sigmacover 280:<\/strong><\/p>\n<ul>\n<li>Base d&#8217;adher\u00e8ncia per Sigmadur 550 i Sigmadur 520 en la seva gama de la <a href=\"https:\/\/ollerpintures.com\/ca\/cartes-de-color-en-pintura\/\">carta de colors RAL<\/a><\/li>\n<li>Protecci\u00f3 de metalls i acer no f\u00e8rrics<\/li>\n<li>Ferro<\/li>\n<li>Alumini<\/li>\n<li>Acer Inoxidable<\/li>\n<li>Fusta<\/li>\n<li>Poli\u00e8ster<\/li>\n<li>Apte per <a href=\"https:\/\/www.seomanager.es\/corrosion-y-tratamientos-anticorrosivos\/#corrosion-ambientes-marinos\" target=\"_blank\" rel=\"noopener\">ambients de costa<\/a><\/li>\n<li>Superf\u00edcies submergides<\/li>\n<\/ul>\n<p><strong>Consulta la fitxa t\u00e8cnica adjunta per informaci\u00f3 m\u00e9s detallada.<\/strong><\/p>\n","protected":false},"excerpt":{"rendered":"<p><strong>Usos:<\/strong><\/p>\n<ul>\n<li>Base d&#8217;adher\u00e8ncia per Sigmadur 550 i Sigmadur 520<\/li>\n<li>Protecci\u00f3 de metalls i acer no f\u00e8rrics<\/li>\n<li>Ferro<\/li>\n<li>Alumini<\/li>\n<li>Acer Inoxidable<\/li>\n<li>Fusta<\/li>\n<li>Poli\u00e8ster<\/li>\n<li>Apte per ambients de costa<\/li>\n<li>Superf\u00edcies submergides<\/li>\n<\/ul>\n","protected":false},"featured_media":20843,"template":"","meta":{"_acf_changed":false},"pwb-brand":[],"product_brand":[],"product_cat":[24,546,582],"product_tag":[583],"class_list":{"0":"post-20840","1":"product","2":"type-product","3":"status-publish","4":"has-post-thumbnail","6":"product_cat-pintura","7":"product_cat-abans-de-pintar","8":"product_cat-imprimacions","9":"product_tag-imprimacions","10":"no-featured-image-padding","11":"resize-featured-image","12":"sales-flash-overlay","13":"woocommerce-text-align-left","14":"woocommerce-image-align-center","15":"do-quantity-buttons","17":"first","18":"instock","19":"shipping-taxable","20":"purchasable","21":"product-type-simple"},"acf":[],"yoast_head":"<!-- This site is optimized with the Yoast SEO plugin v27.1.1 - https:\/\/yoast.com\/product\/yoast-seo-wordpress\/ -->\n<title>Imprimaci\u00f3 Epoxi Sigmacover 280 Light Grey Multiadherent 4L - Oller Pinturas y Revestimientos<\/title>\n<meta name=\"description\" content=\"La imprimaci\u00f3 Epoxi Sigmacover 280 \u00e9s un multiadherent epoxi universal amb gran adher\u00e8ncia sobre superf\u00edcies de dif\u00edcil absorci\u00f3 i anticorrosiva.\" \/>\n<meta name=\"robots\" content=\"index, follow, max-snippet:-1, max-image-preview:large, max-video-preview:-1\" \/>\n<link rel=\"canonical\" href=\"https:\/\/ollerpintures.com\/ca\/producte\/imprimacio-sigmacover-280\/\" \/>\n<meta property=\"og:locale\" content=\"ca_ES\" \/>\n<meta property=\"og:type\" content=\"article\" \/>\n<meta property=\"og:title\" content=\"Imprimaci\u00f3 Epoxi Sigmacover 280 Light Grey Multiadherent 4L - Oller Pinturas y Revestimientos\" \/>\n<meta property=\"og:description\" content=\"La imprimaci\u00f3 Epoxi Sigmacover 280 \u00e9s un multiadherent epoxi universal amb gran adher\u00e8ncia sobre superf\u00edcies de dif\u00edcil absorci\u00f3 i anticorrosiva.\" \/>\n<meta property=\"og:url\" content=\"https:\/\/ollerpintures.com\/ca\/producte\/imprimacio-sigmacover-280\/\" \/>\n<meta property=\"og:site_name\" content=\"Oller Pinturas y Revestimientos\" \/>\n<meta property=\"article:publisher\" content=\"https:\/\/www.facebook.com\/people\/Oller-Pintures\/100063652056709\/\" \/>\n<meta property=\"article:modified_time\" content=\"2024-04-21T11:16:02+00:00\" \/>\n<meta property=\"og:image\" content=\"https:\/\/ollerpintures.com\/wp-content\/uploads\/2022\/05\/imprimacion-epoxi-sigmacover-280.jpg\" \/>\n\t<meta property=\"og:image:width\" content=\"1080\" \/>\n\t<meta property=\"og:image:height\" content=\"1080\" \/>\n\t<meta property=\"og:image:type\" content=\"image\/jpeg\" \/>\n<meta name=\"twitter:card\" content=\"summary_large_image\" \/>\n<meta name=\"twitter:label1\" content=\"Temps estimat de lectura\" \/>\n\t<meta name=\"twitter:data1\" content=\"1 minut\" \/>\n<script type=\"application\/ld+json\" class=\"yoast-schema-graph\">{\"@context\":\"https:\/\/schema.org\",\"@graph\":[{\"@type\":\"WebPage\",\"@id\":\"https:\/\/ollerpintures.com\/ca\/producte\/imprimacio-sigmacover-280\/\",\"url\":\"https:\/\/ollerpintures.com\/ca\/producte\/imprimacio-sigmacover-280\/\",\"name\":\"Imprimaci\u00f3 Epoxi Sigmacover 280 Light Grey Multiadherent 4L - Oller Pinturas y Revestimientos\",\"isPartOf\":{\"@id\":\"https:\/\/ollerpintures.com\/ca\/#website\"},\"primaryImageOfPage\":{\"@id\":\"https:\/\/ollerpintures.com\/ca\/producte\/imprimacio-sigmacover-280\/#primaryimage\"},\"image\":{\"@id\":\"https:\/\/ollerpintures.com\/ca\/producte\/imprimacio-sigmacover-280\/#primaryimage\"},\"thumbnailUrl\":\"https:\/\/ollerpintures.com\/wp-content\/uploads\/2022\/05\/imprimacion-epoxi-sigmacover-280.jpg\",\"datePublished\":\"2022-05-13T10:52:03+00:00\",\"dateModified\":\"2024-04-21T11:16:02+00:00\",\"description\":\"La imprimaci\u00f3 Epoxi Sigmacover 280 \u00e9s un multiadherent epoxi universal amb gran adher\u00e8ncia sobre superf\u00edcies de dif\u00edcil absorci\u00f3 i anticorrosiva.\",\"breadcrumb\":{\"@id\":\"https:\/\/ollerpintures.com\/ca\/producte\/imprimacio-sigmacover-280\/#breadcrumb\"},\"inLanguage\":\"ca\",\"potentialAction\":[{\"@type\":\"ReadAction\",\"target\":[\"https:\/\/ollerpintures.com\/ca\/producte\/imprimacio-sigmacover-280\/\"]}]},{\"@type\":\"ImageObject\",\"inLanguage\":\"ca\",\"@id\":\"https:\/\/ollerpintures.com\/ca\/producte\/imprimacio-sigmacover-280\/#primaryimage\",\"url\":\"https:\/\/ollerpintures.com\/wp-content\/uploads\/2022\/05\/imprimacion-epoxi-sigmacover-280.jpg\",\"contentUrl\":\"https:\/\/ollerpintures.com\/wp-content\/uploads\/2022\/05\/imprimacion-epoxi-sigmacover-280.jpg\",\"width\":1080,\"height\":1080,\"caption\":\"Imprimaci\u00f3n epoxi Sigmacover\"},{\"@type\":\"BreadcrumbList\",\"@id\":\"https:\/\/ollerpintures.com\/ca\/producte\/imprimacio-sigmacover-280\/#breadcrumb\",\"itemListElement\":[{\"@type\":\"ListItem\",\"position\":1,\"name\":\"Inici\",\"item\":\"https:\/\/ollerpintures.com\/ca\/\"},{\"@type\":\"ListItem\",\"position\":2,\"name\":\"Botiga\",\"item\":\"https:\/\/ollerpintures.com\/ca\/botiga\/\"},{\"@type\":\"ListItem\",\"position\":3,\"name\":\"Imprimaci\u00f3 Epoxi Sigmacover 280 Light Grey Multiadherent 4L\"}]},{\"@type\":\"WebSite\",\"@id\":\"https:\/\/ollerpintures.com\/ca\/#website\",\"url\":\"https:\/\/ollerpintures.com\/ca\/\",\"name\":\"Oller Pinturas y Revestimientos\",\"description\":\"Pinturas y revestimientos para profesionales, industrias, obras p\u00fablicas, bricolaje. Pinturas de calidad profesional i mucho m\u00e1s.\",\"publisher\":{\"@id\":\"https:\/\/ollerpintures.com\/ca\/#organization\"},\"alternateName\":\"Oller Grup\",\"potentialAction\":[{\"@type\":\"SearchAction\",\"target\":{\"@type\":\"EntryPoint\",\"urlTemplate\":\"https:\/\/ollerpintures.com\/ca\/?s={search_term_string}\"},\"query-input\":{\"@type\":\"PropertyValueSpecification\",\"valueRequired\":true,\"valueName\":\"search_term_string\"}}],\"inLanguage\":\"ca\"},{\"@type\":\"Organization\",\"@id\":\"https:\/\/ollerpintures.com\/ca\/#organization\",\"name\":\"Oller Pintures i Revestiments\",\"alternateName\":\"Oller Grup\",\"url\":\"https:\/\/ollerpintures.com\/ca\/\",\"logo\":{\"@type\":\"ImageObject\",\"inLanguage\":\"ca\",\"@id\":\"https:\/\/ollerpintures.com\/ca\/#\/schema\/logo\/image\/\",\"url\":\"https:\/\/ollerpintures.com\/wp-content\/uploads\/2024\/05\/newLogo.png\",\"contentUrl\":\"https:\/\/ollerpintures.com\/wp-content\/uploads\/2024\/05\/newLogo.png\",\"width\":483,\"height\":244,\"caption\":\"Oller Pintures i Revestiments\"},\"image\":{\"@id\":\"https:\/\/ollerpintures.com\/ca\/#\/schema\/logo\/image\/\"},\"sameAs\":[\"https:\/\/www.facebook.com\/people\/Oller-Pintures\/100063652056709\/\",\"https:\/\/www.instagram.com\/ollerpintures\/\",\"https:\/\/descriptor.es\/organization\/oller-grup\/\"]}]}<\/script>\n<!-- \/ Yoast SEO plugin. -->","yoast_head_json":{"title":"Imprimaci\u00f3 Epoxi Sigmacover 280 Light Grey Multiadherent 4L - Oller Pinturas y Revestimientos","description":"La imprimaci\u00f3 Epoxi Sigmacover 280 \u00e9s un multiadherent epoxi universal amb gran adher\u00e8ncia sobre superf\u00edcies de dif\u00edcil absorci\u00f3 i anticorrosiva.","robots":{"index":"index","follow":"follow","max-snippet":"max-snippet:-1","max-image-preview":"max-image-preview:large","max-video-preview":"max-video-preview:-1"},"canonical":"https:\/\/ollerpintures.com\/ca\/producte\/imprimacio-sigmacover-280\/","og_locale":"ca_ES","og_type":"article","og_title":"Imprimaci\u00f3 Epoxi Sigmacover 280 Light Grey Multiadherent 4L - Oller Pinturas y Revestimientos","og_description":"La imprimaci\u00f3 Epoxi Sigmacover 280 \u00e9s un multiadherent epoxi universal amb gran adher\u00e8ncia sobre superf\u00edcies de dif\u00edcil absorci\u00f3 i anticorrosiva.","og_url":"https:\/\/ollerpintures.com\/ca\/producte\/imprimacio-sigmacover-280\/","og_site_name":"Oller Pinturas y Revestimientos","article_publisher":"https:\/\/www.facebook.com\/people\/Oller-Pintures\/100063652056709\/","article_modified_time":"2024-04-21T11:16:02+00:00","og_image":[{"width":1080,"height":1080,"url":"https:\/\/ollerpintures.com\/wp-content\/uploads\/2022\/05\/imprimacion-epoxi-sigmacover-280.jpg","type":"image\/jpeg"}],"twitter_card":"summary_large_image","twitter_misc":{"Temps estimat de lectura":"1 minut"},"schema":{"@context":"https:\/\/schema.org","@graph":[{"@type":"WebPage","@id":"https:\/\/ollerpintures.com\/ca\/producte\/imprimacio-sigmacover-280\/","url":"https:\/\/ollerpintures.com\/ca\/producte\/imprimacio-sigmacover-280\/","name":"Imprimaci\u00f3 Epoxi Sigmacover 280 Light Grey Multiadherent 4L - Oller Pinturas y Revestimientos","isPartOf":{"@id":"https:\/\/ollerpintures.com\/ca\/#website"},"primaryImageOfPage":{"@id":"https:\/\/ollerpintures.com\/ca\/producte\/imprimacio-sigmacover-280\/#primaryimage"},"image":{"@id":"https:\/\/ollerpintures.com\/ca\/producte\/imprimacio-sigmacover-280\/#primaryimage"},"thumbnailUrl":"https:\/\/ollerpintures.com\/wp-content\/uploads\/2022\/05\/imprimacion-epoxi-sigmacover-280.jpg","datePublished":"2022-05-13T10:52:03+00:00","dateModified":"2024-04-21T11:16:02+00:00","description":"La imprimaci\u00f3 Epoxi Sigmacover 280 \u00e9s un multiadherent epoxi universal amb gran adher\u00e8ncia sobre superf\u00edcies de dif\u00edcil absorci\u00f3 i anticorrosiva.","breadcrumb":{"@id":"https:\/\/ollerpintures.com\/ca\/producte\/imprimacio-sigmacover-280\/#breadcrumb"},"inLanguage":"ca","potentialAction":[{"@type":"ReadAction","target":["https:\/\/ollerpintures.com\/ca\/producte\/imprimacio-sigmacover-280\/"]}]},{"@type":"ImageObject","inLanguage":"ca","@id":"https:\/\/ollerpintures.com\/ca\/producte\/imprimacio-sigmacover-280\/#primaryimage","url":"https:\/\/ollerpintures.com\/wp-content\/uploads\/2022\/05\/imprimacion-epoxi-sigmacover-280.jpg","contentUrl":"https:\/\/ollerpintures.com\/wp-content\/uploads\/2022\/05\/imprimacion-epoxi-sigmacover-280.jpg","width":1080,"height":1080,"caption":"Imprimaci\u00f3n epoxi Sigmacover"},{"@type":"BreadcrumbList","@id":"https:\/\/ollerpintures.com\/ca\/producte\/imprimacio-sigmacover-280\/#breadcrumb","itemListElement":[{"@type":"ListItem","position":1,"name":"Inici","item":"https:\/\/ollerpintures.com\/ca\/"},{"@type":"ListItem","position":2,"name":"Botiga","item":"https:\/\/ollerpintures.com\/ca\/botiga\/"},{"@type":"ListItem","position":3,"name":"Imprimaci\u00f3 Epoxi Sigmacover 280 Light Grey Multiadherent 4L"}]},{"@type":"WebSite","@id":"https:\/\/ollerpintures.com\/ca\/#website","url":"https:\/\/ollerpintures.com\/ca\/","name":"Oller Pinturas y Revestimientos","description":"Pinturas y revestimientos para profesionales, industrias, obras p\u00fablicas, bricolaje. Pinturas de calidad profesional i mucho m\u00e1s.","publisher":{"@id":"https:\/\/ollerpintures.com\/ca\/#organization"},"alternateName":"Oller Grup","potentialAction":[{"@type":"SearchAction","target":{"@type":"EntryPoint","urlTemplate":"https:\/\/ollerpintures.com\/ca\/?s={search_term_string}"},"query-input":{"@type":"PropertyValueSpecification","valueRequired":true,"valueName":"search_term_string"}}],"inLanguage":"ca"},{"@type":"Organization","@id":"https:\/\/ollerpintures.com\/ca\/#organization","name":"Oller Pintures i Revestiments","alternateName":"Oller Grup","url":"https:\/\/ollerpintures.com\/ca\/","logo":{"@type":"ImageObject","inLanguage":"ca","@id":"https:\/\/ollerpintures.com\/ca\/#\/schema\/logo\/image\/","url":"https:\/\/ollerpintures.com\/wp-content\/uploads\/2024\/05\/newLogo.png","contentUrl":"https:\/\/ollerpintures.com\/wp-content\/uploads\/2024\/05\/newLogo.png","width":483,"height":244,"caption":"Oller Pintures i Revestiments"},"image":{"@id":"https:\/\/ollerpintures.com\/ca\/#\/schema\/logo\/image\/"},"sameAs":["https:\/\/www.facebook.com\/people\/Oller-Pintures\/100063652056709\/","https:\/\/www.instagram.com\/ollerpintures\/","https:\/\/descriptor.es\/organization\/oller-grup\/"]}]}},"brands":[],"_links":{"self":[{"href":"https:\/\/ollerpintures.com\/ca\/wp-json\/wp\/v2\/product\/20840","targetHints":{"allow":["GET"]}}],"collection":[{"href":"https:\/\/ollerpintures.com\/ca\/wp-json\/wp\/v2\/product"}],"about":[{"href":"https:\/\/ollerpintures.com\/ca\/wp-json\/wp\/v2\/types\/product"}],"wp:featuredmedia":[{"embeddable":true,"href":"https:\/\/ollerpintures.com\/ca\/wp-json\/wp\/v2\/media\/20843"}],"wp:attachment":[{"href":"https:\/\/ollerpintures.com\/ca\/wp-json\/wp\/v2\/media?parent=20840"}],"wp:term":[{"taxonomy":"pwb-brand","embeddable":true,"href":"https:\/\/ollerpintures.com\/ca\/wp-json\/wp\/v2\/pwb-brand?post=20840"},{"taxonomy":"product_brand","embeddable":true,"href":"https:\/\/ollerpintures.com\/ca\/wp-json\/wp\/v2\/product_brand?post=20840"},{"taxonomy":"product_cat","embeddable":true,"href":"https:\/\/ollerpintures.com\/ca\/wp-json\/wp\/v2\/product_cat?post=20840"},{"taxonomy":"product_tag","embeddable":true,"href":"https:\/\/ollerpintures.com\/ca\/wp-json\/wp\/v2\/product_tag?post=20840"}],"curies":[{"name":"wp","href":"https:\/\/api.w.org\/{rel}","templated":true}]}}