{"id":20597,"date":"2022-05-13T10:07:04","date_gmt":"2022-05-13T09:07:04","guid":{"rendered":"https:\/\/oller-pintures.c.wetopi.com\/?post_type=product&#038;p=20597"},"modified":"2022-05-13T10:39:32","modified_gmt":"2022-05-13T09:39:32","slug":"imprimacio-epoxi-sigmafast-278-ral-7035-15l-enduridor-5l","status":"publish","type":"product","link":"https:\/\/ollerpintures.com\/ca\/producte\/imprimacio-epoxi-sigmafast-278-ral-7035-15l-enduridor-5l\/","title":{"rendered":"Imprimaci\u00f3 Epoxi Sigmafast 278 RAL 7035 15L + Enduridor 5L"},"content":{"rendered":"<p>La imprimaci\u00f3 epoxi Sigmafast 278 \u00e9s una imprimaci\u00f3 epoxi<strong> de dos components<\/strong> amb fosfat de zinc, alts s\u00f2lids i r\u00e0pid repintat fins i tot a baixes temperatures.<\/p>\n<p><strong>Caracter\u00edstiques:<\/strong><\/p>\n<ul>\n<li>Imprimaci\u00f3 per sistemes de protecci\u00f3 anticorrosiva<\/li>\n<li>Excel\u00b7lent resist\u00e8ncia a la corrosi\u00f3 en exposici\u00f3 atmosf\u00e8rica<\/li>\n<li>F\u00e0cil aplicaci\u00f3 amb pistola sense aire<\/li>\n<li>Acabat: semilluent<\/li>\n<li>Color: RAL 7035<\/li>\n<\/ul>\n<p>Nota: els epoxi groguegen amb el pas del temps i aix\u00f2 \u00e9s m\u00e9s visible en colors com el blanc o el blanc trencat. Aquest \u00e9s un producte per utilitzar \u00fanicament en \u00e0rees no cosm\u00e8tiques.<\/p>\n<p>Consulta la fitxa t\u00e8cnica adjunta per informaci\u00f3 m\u00e9s detallada.<\/p>\n","protected":false},"excerpt":{"rendered":"<p><strong>Caracter\u00edstiques:<\/strong><\/p>\n<ul>\n<li>Imprimaci\u00f3 per sistemes de protecci\u00f3 anticorrosiva<\/li>\n<li>Excel\u00b7lent resist\u00e8ncia a la corrosi\u00f3 en exposici\u00f3 atmosf\u00e8rica<\/li>\n<li>F\u00e0cil aplicaci\u00f3 amb pistola sense aire<\/li>\n<li>Acabat: semilluent<\/li>\n<\/ul>\n","protected":false},"featured_media":20634,"template":"","meta":{"_acf_changed":false},"pwb-brand":[],"product_brand":[],"product_cat":[24,1819,1836,546,582],"product_tag":[583],"class_list":{"0":"post-20597","1":"product","2":"type-product","3":"status-publish","4":"has-post-thumbnail","6":"product_cat-pintura","7":"product_cat-pintura-carta-ral","8":"product_cat-ral-7000-grisos","9":"product_cat-abans-de-pintar","10":"product_cat-imprimacions","11":"product_tag-imprimacions","12":"no-featured-image-padding","13":"resize-featured-image","14":"sales-flash-overlay","15":"woocommerce-text-align-left","16":"woocommerce-image-align-center","17":"do-quantity-buttons","18":"wc-has-gallery","20":"first","21":"instock","22":"shipping-taxable","23":"purchasable","24":"product-type-simple"},"acf":[],"yoast_head":"<!-- This site is optimized with the Yoast SEO plugin v27.1.1 - https:\/\/yoast.com\/product\/yoast-seo-wordpress\/ -->\n<title>Imprimaci\u00f3 Epoxi Sigmafast 278 RAL 7035 15L + Enduridor 5L - Oller Pinturas y Revestimientos<\/title>\n<meta name=\"description\" content=\"Caracter\u00edstiques:   Imprimaci\u00f3 per sistemes de protecci\u00f3 anticorrosiva  Excel\u00b7lent resist\u00e8ncia a la corrosi\u00f3 en exposici\u00f3 atmosf\u00e8rica  F\u00e0cil aplicaci\u00f3 amb pistola sense aire  Acabat: semilluent\" \/>\n<meta name=\"robots\" content=\"index, follow, max-snippet:-1, max-image-preview:large, max-video-preview:-1\" \/>\n<link rel=\"canonical\" href=\"https:\/\/ollerpintures.com\/ca\/producte\/imprimacio-epoxi-sigmafast-278-ral-7035-15l-enduridor-5l\/\" \/>\n<meta property=\"og:locale\" content=\"ca_ES\" \/>\n<meta property=\"og:type\" content=\"article\" \/>\n<meta property=\"og:title\" content=\"Imprimaci\u00f3 Epoxi Sigmafast 278 RAL 7035 15L + Enduridor 5L - Oller Pinturas y Revestimientos\" \/>\n<meta property=\"og:description\" content=\"Caracter\u00edstiques:   Imprimaci\u00f3 per sistemes de protecci\u00f3 anticorrosiva  Excel\u00b7lent resist\u00e8ncia a la corrosi\u00f3 en exposici\u00f3 atmosf\u00e8rica  F\u00e0cil aplicaci\u00f3 amb pistola sense aire  Acabat: semilluent\" \/>\n<meta property=\"og:url\" content=\"https:\/\/ollerpintures.com\/ca\/producte\/imprimacio-epoxi-sigmafast-278-ral-7035-15l-enduridor-5l\/\" \/>\n<meta property=\"og:site_name\" content=\"Oller Pinturas y Revestimientos\" \/>\n<meta property=\"article:publisher\" content=\"https:\/\/www.facebook.com\/people\/Oller-Pintures\/100063652056709\/\" \/>\n<meta property=\"article:modified_time\" content=\"2022-05-13T09:39:32+00:00\" \/>\n<meta property=\"og:image\" content=\"https:\/\/ollerpintures.com\/wp-content\/uploads\/2022\/05\/imprimacion-epoxi-sigmafast-278-ral-7035-comprar-online.jpg\" \/>\n\t<meta property=\"og:image:width\" content=\"1080\" \/>\n\t<meta property=\"og:image:height\" content=\"1080\" \/>\n\t<meta property=\"og:image:type\" content=\"image\/jpeg\" \/>\n<meta name=\"twitter:card\" content=\"summary_large_image\" \/>\n<meta name=\"twitter:label1\" content=\"Temps estimat de lectura\" \/>\n\t<meta name=\"twitter:data1\" content=\"1 minut\" \/>\n<script type=\"application\/ld+json\" class=\"yoast-schema-graph\">{\"@context\":\"https:\/\/schema.org\",\"@graph\":[{\"@type\":\"WebPage\",\"@id\":\"https:\/\/ollerpintures.com\/ca\/producte\/imprimacio-epoxi-sigmafast-278-ral-7035-15l-enduridor-5l\/\",\"url\":\"https:\/\/ollerpintures.com\/ca\/producte\/imprimacio-epoxi-sigmafast-278-ral-7035-15l-enduridor-5l\/\",\"name\":\"Imprimaci\u00f3 Epoxi Sigmafast 278 RAL 7035 15L + Enduridor 5L - Oller Pinturas y Revestimientos\",\"isPartOf\":{\"@id\":\"https:\/\/ollerpintures.com\/ca\/#website\"},\"primaryImageOfPage\":{\"@id\":\"https:\/\/ollerpintures.com\/ca\/producte\/imprimacio-epoxi-sigmafast-278-ral-7035-15l-enduridor-5l\/#primaryimage\"},\"image\":{\"@id\":\"https:\/\/ollerpintures.com\/ca\/producte\/imprimacio-epoxi-sigmafast-278-ral-7035-15l-enduridor-5l\/#primaryimage\"},\"thumbnailUrl\":\"https:\/\/ollerpintures.com\/wp-content\/uploads\/2022\/05\/imprimacion-epoxi-sigmafast-278-ral-7035-comprar-online.jpg\",\"datePublished\":\"2022-05-13T09:07:04+00:00\",\"dateModified\":\"2022-05-13T09:39:32+00:00\",\"description\":\"Caracter\u00edstiques: Imprimaci\u00f3 per sistemes de protecci\u00f3 anticorrosiva Excel\u00b7lent resist\u00e8ncia a la corrosi\u00f3 en exposici\u00f3 atmosf\u00e8rica F\u00e0cil aplicaci\u00f3 amb pistola sense aire Acabat: semilluent\",\"breadcrumb\":{\"@id\":\"https:\/\/ollerpintures.com\/ca\/producte\/imprimacio-epoxi-sigmafast-278-ral-7035-15l-enduridor-5l\/#breadcrumb\"},\"inLanguage\":\"ca\",\"potentialAction\":[{\"@type\":\"ReadAction\",\"target\":[\"https:\/\/ollerpintures.com\/ca\/producte\/imprimacio-epoxi-sigmafast-278-ral-7035-15l-enduridor-5l\/\"]}]},{\"@type\":\"ImageObject\",\"inLanguage\":\"ca\",\"@id\":\"https:\/\/ollerpintures.com\/ca\/producte\/imprimacio-epoxi-sigmafast-278-ral-7035-15l-enduridor-5l\/#primaryimage\",\"url\":\"https:\/\/ollerpintures.com\/wp-content\/uploads\/2022\/05\/imprimacion-epoxi-sigmafast-278-ral-7035-comprar-online.jpg\",\"contentUrl\":\"https:\/\/ollerpintures.com\/wp-content\/uploads\/2022\/05\/imprimacion-epoxi-sigmafast-278-ral-7035-comprar-online.jpg\",\"width\":1080,\"height\":1080,\"caption\":\"imprimacio epoxi sigmafast 278\"},{\"@type\":\"BreadcrumbList\",\"@id\":\"https:\/\/ollerpintures.com\/ca\/producte\/imprimacio-epoxi-sigmafast-278-ral-7035-15l-enduridor-5l\/#breadcrumb\",\"itemListElement\":[{\"@type\":\"ListItem\",\"position\":1,\"name\":\"Inici\",\"item\":\"https:\/\/ollerpintures.com\/ca\/\"},{\"@type\":\"ListItem\",\"position\":2,\"name\":\"Botiga\",\"item\":\"https:\/\/ollerpintures.com\/ca\/botiga\/\"},{\"@type\":\"ListItem\",\"position\":3,\"name\":\"Imprimaci\u00f3 Epoxi Sigmafast 278 RAL 7035 15L + Enduridor 5L\"}]},{\"@type\":\"WebSite\",\"@id\":\"https:\/\/ollerpintures.com\/ca\/#website\",\"url\":\"https:\/\/ollerpintures.com\/ca\/\",\"name\":\"Oller Pinturas y Revestimientos\",\"description\":\"Pinturas y revestimientos para profesionales, industrias, obras p\u00fablicas, bricolaje. Pinturas de calidad profesional i mucho m\u00e1s.\",\"publisher\":{\"@id\":\"https:\/\/ollerpintures.com\/ca\/#organization\"},\"alternateName\":\"Oller Grup\",\"potentialAction\":[{\"@type\":\"SearchAction\",\"target\":{\"@type\":\"EntryPoint\",\"urlTemplate\":\"https:\/\/ollerpintures.com\/ca\/?s={search_term_string}\"},\"query-input\":{\"@type\":\"PropertyValueSpecification\",\"valueRequired\":true,\"valueName\":\"search_term_string\"}}],\"inLanguage\":\"ca\"},{\"@type\":\"Organization\",\"@id\":\"https:\/\/ollerpintures.com\/ca\/#organization\",\"name\":\"Oller Pintures i Revestiments\",\"alternateName\":\"Oller Grup\",\"url\":\"https:\/\/ollerpintures.com\/ca\/\",\"logo\":{\"@type\":\"ImageObject\",\"inLanguage\":\"ca\",\"@id\":\"https:\/\/ollerpintures.com\/ca\/#\/schema\/logo\/image\/\",\"url\":\"https:\/\/ollerpintures.com\/wp-content\/uploads\/2024\/05\/newLogo.png\",\"contentUrl\":\"https:\/\/ollerpintures.com\/wp-content\/uploads\/2024\/05\/newLogo.png\",\"width\":483,\"height\":244,\"caption\":\"Oller Pintures i Revestiments\"},\"image\":{\"@id\":\"https:\/\/ollerpintures.com\/ca\/#\/schema\/logo\/image\/\"},\"sameAs\":[\"https:\/\/www.facebook.com\/people\/Oller-Pintures\/100063652056709\/\",\"https:\/\/www.instagram.com\/ollerpintures\/\",\"https:\/\/descriptor.es\/organization\/oller-grup\/\"]}]}<\/script>\n<!-- \/ Yoast SEO plugin. -->","yoast_head_json":{"title":"Imprimaci\u00f3 Epoxi Sigmafast 278 RAL 7035 15L + Enduridor 5L - Oller Pinturas y Revestimientos","description":"Caracter\u00edstiques:   Imprimaci\u00f3 per sistemes de protecci\u00f3 anticorrosiva  Excel\u00b7lent resist\u00e8ncia a la corrosi\u00f3 en exposici\u00f3 atmosf\u00e8rica  F\u00e0cil aplicaci\u00f3 amb pistola sense aire  Acabat: semilluent","robots":{"index":"index","follow":"follow","max-snippet":"max-snippet:-1","max-image-preview":"max-image-preview:large","max-video-preview":"max-video-preview:-1"},"canonical":"https:\/\/ollerpintures.com\/ca\/producte\/imprimacio-epoxi-sigmafast-278-ral-7035-15l-enduridor-5l\/","og_locale":"ca_ES","og_type":"article","og_title":"Imprimaci\u00f3 Epoxi Sigmafast 278 RAL 7035 15L + Enduridor 5L - Oller Pinturas y Revestimientos","og_description":"Caracter\u00edstiques:   Imprimaci\u00f3 per sistemes de protecci\u00f3 anticorrosiva  Excel\u00b7lent resist\u00e8ncia a la corrosi\u00f3 en exposici\u00f3 atmosf\u00e8rica  F\u00e0cil aplicaci\u00f3 amb pistola sense aire  Acabat: semilluent","og_url":"https:\/\/ollerpintures.com\/ca\/producte\/imprimacio-epoxi-sigmafast-278-ral-7035-15l-enduridor-5l\/","og_site_name":"Oller Pinturas y Revestimientos","article_publisher":"https:\/\/www.facebook.com\/people\/Oller-Pintures\/100063652056709\/","article_modified_time":"2022-05-13T09:39:32+00:00","og_image":[{"width":1080,"height":1080,"url":"https:\/\/ollerpintures.com\/wp-content\/uploads\/2022\/05\/imprimacion-epoxi-sigmafast-278-ral-7035-comprar-online.jpg","type":"image\/jpeg"}],"twitter_card":"summary_large_image","twitter_misc":{"Temps estimat de lectura":"1 minut"},"schema":{"@context":"https:\/\/schema.org","@graph":[{"@type":"WebPage","@id":"https:\/\/ollerpintures.com\/ca\/producte\/imprimacio-epoxi-sigmafast-278-ral-7035-15l-enduridor-5l\/","url":"https:\/\/ollerpintures.com\/ca\/producte\/imprimacio-epoxi-sigmafast-278-ral-7035-15l-enduridor-5l\/","name":"Imprimaci\u00f3 Epoxi Sigmafast 278 RAL 7035 15L + Enduridor 5L - Oller Pinturas y Revestimientos","isPartOf":{"@id":"https:\/\/ollerpintures.com\/ca\/#website"},"primaryImageOfPage":{"@id":"https:\/\/ollerpintures.com\/ca\/producte\/imprimacio-epoxi-sigmafast-278-ral-7035-15l-enduridor-5l\/#primaryimage"},"image":{"@id":"https:\/\/ollerpintures.com\/ca\/producte\/imprimacio-epoxi-sigmafast-278-ral-7035-15l-enduridor-5l\/#primaryimage"},"thumbnailUrl":"https:\/\/ollerpintures.com\/wp-content\/uploads\/2022\/05\/imprimacion-epoxi-sigmafast-278-ral-7035-comprar-online.jpg","datePublished":"2022-05-13T09:07:04+00:00","dateModified":"2022-05-13T09:39:32+00:00","description":"Caracter\u00edstiques: Imprimaci\u00f3 per sistemes de protecci\u00f3 anticorrosiva Excel\u00b7lent resist\u00e8ncia a la corrosi\u00f3 en exposici\u00f3 atmosf\u00e8rica F\u00e0cil aplicaci\u00f3 amb pistola sense aire Acabat: semilluent","breadcrumb":{"@id":"https:\/\/ollerpintures.com\/ca\/producte\/imprimacio-epoxi-sigmafast-278-ral-7035-15l-enduridor-5l\/#breadcrumb"},"inLanguage":"ca","potentialAction":[{"@type":"ReadAction","target":["https:\/\/ollerpintures.com\/ca\/producte\/imprimacio-epoxi-sigmafast-278-ral-7035-15l-enduridor-5l\/"]}]},{"@type":"ImageObject","inLanguage":"ca","@id":"https:\/\/ollerpintures.com\/ca\/producte\/imprimacio-epoxi-sigmafast-278-ral-7035-15l-enduridor-5l\/#primaryimage","url":"https:\/\/ollerpintures.com\/wp-content\/uploads\/2022\/05\/imprimacion-epoxi-sigmafast-278-ral-7035-comprar-online.jpg","contentUrl":"https:\/\/ollerpintures.com\/wp-content\/uploads\/2022\/05\/imprimacion-epoxi-sigmafast-278-ral-7035-comprar-online.jpg","width":1080,"height":1080,"caption":"imprimacio epoxi sigmafast 278"},{"@type":"BreadcrumbList","@id":"https:\/\/ollerpintures.com\/ca\/producte\/imprimacio-epoxi-sigmafast-278-ral-7035-15l-enduridor-5l\/#breadcrumb","itemListElement":[{"@type":"ListItem","position":1,"name":"Inici","item":"https:\/\/ollerpintures.com\/ca\/"},{"@type":"ListItem","position":2,"name":"Botiga","item":"https:\/\/ollerpintures.com\/ca\/botiga\/"},{"@type":"ListItem","position":3,"name":"Imprimaci\u00f3 Epoxi Sigmafast 278 RAL 7035 15L + Enduridor 5L"}]},{"@type":"WebSite","@id":"https:\/\/ollerpintures.com\/ca\/#website","url":"https:\/\/ollerpintures.com\/ca\/","name":"Oller Pinturas y Revestimientos","description":"Pinturas y revestimientos para profesionales, industrias, obras p\u00fablicas, bricolaje. Pinturas de calidad profesional i mucho m\u00e1s.","publisher":{"@id":"https:\/\/ollerpintures.com\/ca\/#organization"},"alternateName":"Oller Grup","potentialAction":[{"@type":"SearchAction","target":{"@type":"EntryPoint","urlTemplate":"https:\/\/ollerpintures.com\/ca\/?s={search_term_string}"},"query-input":{"@type":"PropertyValueSpecification","valueRequired":true,"valueName":"search_term_string"}}],"inLanguage":"ca"},{"@type":"Organization","@id":"https:\/\/ollerpintures.com\/ca\/#organization","name":"Oller Pintures i Revestiments","alternateName":"Oller Grup","url":"https:\/\/ollerpintures.com\/ca\/","logo":{"@type":"ImageObject","inLanguage":"ca","@id":"https:\/\/ollerpintures.com\/ca\/#\/schema\/logo\/image\/","url":"https:\/\/ollerpintures.com\/wp-content\/uploads\/2024\/05\/newLogo.png","contentUrl":"https:\/\/ollerpintures.com\/wp-content\/uploads\/2024\/05\/newLogo.png","width":483,"height":244,"caption":"Oller Pintures i Revestiments"},"image":{"@id":"https:\/\/ollerpintures.com\/ca\/#\/schema\/logo\/image\/"},"sameAs":["https:\/\/www.facebook.com\/people\/Oller-Pintures\/100063652056709\/","https:\/\/www.instagram.com\/ollerpintures\/","https:\/\/descriptor.es\/organization\/oller-grup\/"]}]}},"brands":[],"_links":{"self":[{"href":"https:\/\/ollerpintures.com\/ca\/wp-json\/wp\/v2\/product\/20597","targetHints":{"allow":["GET"]}}],"collection":[{"href":"https:\/\/ollerpintures.com\/ca\/wp-json\/wp\/v2\/product"}],"about":[{"href":"https:\/\/ollerpintures.com\/ca\/wp-json\/wp\/v2\/types\/product"}],"wp:featuredmedia":[{"embeddable":true,"href":"https:\/\/ollerpintures.com\/ca\/wp-json\/wp\/v2\/media\/20634"}],"wp:attachment":[{"href":"https:\/\/ollerpintures.com\/ca\/wp-json\/wp\/v2\/media?parent=20597"}],"wp:term":[{"taxonomy":"pwb-brand","embeddable":true,"href":"https:\/\/ollerpintures.com\/ca\/wp-json\/wp\/v2\/pwb-brand?post=20597"},{"taxonomy":"product_brand","embeddable":true,"href":"https:\/\/ollerpintures.com\/ca\/wp-json\/wp\/v2\/product_brand?post=20597"},{"taxonomy":"product_cat","embeddable":true,"href":"https:\/\/ollerpintures.com\/ca\/wp-json\/wp\/v2\/product_cat?post=20597"},{"taxonomy":"product_tag","embeddable":true,"href":"https:\/\/ollerpintures.com\/ca\/wp-json\/wp\/v2\/product_tag?post=20597"}],"curies":[{"name":"wp","href":"https:\/\/api.w.org\/{rel}","templated":true}]}}