{"id":20505,"date":"2022-05-11T08:58:27","date_gmt":"2022-05-11T07:58:27","guid":{"rendered":"https:\/\/oller-pintures.c.wetopi.com\/?post_type=product&#038;p=20505"},"modified":"2026-04-14T14:00:12","modified_gmt":"2026-04-14T13:00:12","slug":"renovador-bordes-piscina","status":"publish","type":"product","link":"https:\/\/ollerpintures.com\/ca\/producte\/renovador-bordes-piscina\/","title":{"rendered":"Renovador de bordes de Piscina BLATEM 4L"},"content":{"rendered":"<div class=\"col-xs-12 col-sm-8 field field-name-body field-type-text-with-summary field-label-hidden\">\n<div>Renovador de vores de piscines interiors i piscines exteriors. Producte d&#8217;alta qualitat, feta a base de resines de clorcautx\u00fa<strong> pel pintat de vores de piscines d&#8217;obra nova o piscines pintades amb pintura de clorcautx\u00fa.\u00a0<\/strong><\/div>\n<\/div>\n<div><\/div>\n<div class=\"col-xs-12 col-sm-8 field field-name-body field-type-text-with-summary field-label-hidden\">\n<div><strong>Caracter\u00edstiques:\u00a0<\/strong><\/div>\n<ul>\n<li>Excel\u00b7lent adher\u00e8ncia<\/li>\n<li>Resist\u00e8ncia a l&#8217;alcalinitat<\/li>\n<li>Resist\u00e8ncia a agents atmosf\u00e8rics i productes qu\u00edmics pel tractament de piscina<\/li>\n<li>Bona cubrici\u00f3, rendiment, aplicaci\u00f3 i assecat<\/li>\n<li>Color: blanc<\/li>\n<li>Acabat: rug\u00f3s (antilliscant) i mat<\/li>\n<li>Repintat: m\u00ednim 5 hores<\/li>\n<li>Rendiment: 7-11 m2\/L\/capa<\/li>\n<\/ul>\n<\/div>\n<p><strong>Preparaci\u00f3 pr\u00e8via de la superf\u00edcie:\u00a0<\/strong><\/p>\n<ul>\n<li>Piscines noves: eliminar pols i assegurar-se que estigui completament neta i seca<\/li>\n<li>Piscines pintades: eliminar zones en mal estat, netejar i deixar assecar la superf\u00edcie<\/li>\n<\/ul>\n<p>Per veure en detall la forma d&#8217;aplicaci\u00f3, consulteu la <strong>fitxa t\u00e8cnica<\/strong> adjuntada d&#8217;aquesta pintura per vores de piscina.<\/p>\n<p>Per diluir la pintura, utilitzeu<a href=\"https:\/\/ollerpintures.com\/ca\/producte\/dissolvent-clorocaucho-1l\/\"> Dissolvent de Clorcautx\u00fa<\/a>.<\/p>\n<p>&nbsp;<\/p>\n<p>&nbsp;<\/p>\n<p>&nbsp;<\/p>\n<div class=\"col-xs-12 col-sm-8 field field-name-body field-type-text-with-summary field-label-hidden\">\n<div><\/div>\n<\/div>\n<div class=\"group-cartas-catalogos field-group-html-element col-xs-12 col-sm-8 pull-right\">\n<div class=\"field field-name-calculadora-de-pintura field-type-ds field-label-hidden\">\n<div class=\"field-items\">\n<div class=\"field-item even\"><\/div>\n<\/div>\n<\/div>\n<\/div>\n","protected":false},"excerpt":{"rendered":"<div><strong>Caracter\u00edstiques:\u00a0<\/strong><\/div>\n<ul>\n<li>Excel\u00b7lent adher\u00e8ncia<\/li>\n<li>Resist\u00e8ncia a l&#8217;alcalinitat<\/li>\n<li>Resist\u00e8ncia a agents atmosf\u00e8rics i productes qu\u00edmics pel tractament de piscina<\/li>\n<li>Bona cubrici\u00f3, rendiment, aplicaci\u00f3 i assecat<\/li>\n<li>Color: blanc<\/li>\n<li>Acabat: rug\u00f3s (antilliscant) i mat<\/li>\n<li>Repintat: m\u00ednim 5 hores<\/li>\n<li>Rendiment: 7-11 m2\/L\/capa<\/li>\n<\/ul>\n","protected":false},"featured_media":20509,"template":"","meta":{"_acf_changed":false},"pwb-brand":[60],"product_brand":[],"product_cat":[24,821,729],"product_tag":[81,733,731],"class_list":{"0":"post-20505","1":"product","2":"type-product","3":"status-publish","4":"has-post-thumbnail","6":"pwb-brand-blatem","7":"product_cat-pintura","8":"product_cat-tractament-per-fusta-i-jardi","9":"product_cat-pintura-per-piscines","10":"product_tag-blatem","11":"product_tag-pintura-per-piscina","12":"product_tag-piscina","13":"no-featured-image-padding","14":"resize-featured-image","15":"sales-flash-overlay","16":"woocommerce-text-align-left","17":"woocommerce-image-align-center","18":"do-quantity-buttons","20":"first","21":"instock","22":"shipping-taxable","23":"purchasable","24":"product-type-simple"},"acf":[],"yoast_head":"<!-- This site is optimized with the Yoast SEO plugin v27.1.1 - https:\/\/yoast.com\/product\/yoast-seo-wordpress\/ -->\n<title>Renovador de bordes de Piscina BLATEM 4L - Oller Pinturas y Revestimientos<\/title>\n<meta name=\"description\" content=\"Caracter\u00edstiques:\u00a0   Excel\u00b7lent adher\u00e8ncia  Resist\u00e8ncia a l&#039;alcalinitat  Resist\u00e8ncia a agents atmosf\u00e8rics i productes qu\u00edmics pel tractament de piscina  Bona cubrici\u00f3, rendiment, aplicaci\u00f3 i assecat  Color: blanc  Acabat: rug\u00f3s (antilliscant) i mat  Repintat: m\u00ednim 5 hores  Rendiment: 7-11 m2\/L\/capa\" \/>\n<meta name=\"robots\" content=\"index, follow, max-snippet:-1, max-image-preview:large, max-video-preview:-1\" \/>\n<link rel=\"canonical\" href=\"https:\/\/ollerpintures.com\/ca\/producte\/renovador-bordes-piscina\/\" \/>\n<meta property=\"og:locale\" content=\"ca_ES\" \/>\n<meta property=\"og:type\" content=\"article\" \/>\n<meta property=\"og:title\" content=\"Renovador de bordes de Piscina BLATEM 4L - Oller Pinturas y Revestimientos\" \/>\n<meta property=\"og:description\" content=\"Caracter\u00edstiques:\u00a0   Excel\u00b7lent adher\u00e8ncia  Resist\u00e8ncia a l&#039;alcalinitat  Resist\u00e8ncia a agents atmosf\u00e8rics i productes qu\u00edmics pel tractament de piscina  Bona cubrici\u00f3, rendiment, aplicaci\u00f3 i assecat  Color: blanc  Acabat: rug\u00f3s (antilliscant) i mat  Repintat: m\u00ednim 5 hores  Rendiment: 7-11 m2\/L\/capa\" \/>\n<meta property=\"og:url\" content=\"https:\/\/ollerpintures.com\/ca\/producte\/renovador-bordes-piscina\/\" \/>\n<meta property=\"og:site_name\" content=\"Oller Pinturas y Revestimientos\" \/>\n<meta property=\"article:publisher\" content=\"https:\/\/www.facebook.com\/people\/Oller-Pintures\/100063652056709\/\" \/>\n<meta property=\"article:modified_time\" content=\"2026-04-14T13:00:12+00:00\" \/>\n<meta property=\"og:image\" content=\"https:\/\/ollerpintures.com\/wp-content\/uploads\/2022\/05\/renovador-bordes-piscinas-blatem-comprar-pintura-online-oller.png\" \/>\n\t<meta property=\"og:image:width\" content=\"567\" \/>\n\t<meta property=\"og:image:height\" content=\"567\" \/>\n\t<meta property=\"og:image:type\" content=\"image\/png\" \/>\n<meta name=\"twitter:card\" content=\"summary_large_image\" \/>\n<meta name=\"twitter:label1\" content=\"Temps estimat de lectura\" \/>\n\t<meta name=\"twitter:data1\" content=\"1 minut\" \/>\n<script type=\"application\/ld+json\" class=\"yoast-schema-graph\">{\"@context\":\"https:\/\/schema.org\",\"@graph\":[{\"@type\":\"WebPage\",\"@id\":\"https:\/\/ollerpintures.com\/ca\/producte\/renovador-bordes-piscina\/\",\"url\":\"https:\/\/ollerpintures.com\/ca\/producte\/renovador-bordes-piscina\/\",\"name\":\"Renovador de bordes de Piscina BLATEM 4L - Oller Pinturas y Revestimientos\",\"isPartOf\":{\"@id\":\"https:\/\/ollerpintures.com\/ca\/#website\"},\"primaryImageOfPage\":{\"@id\":\"https:\/\/ollerpintures.com\/ca\/producte\/renovador-bordes-piscina\/#primaryimage\"},\"image\":{\"@id\":\"https:\/\/ollerpintures.com\/ca\/producte\/renovador-bordes-piscina\/#primaryimage\"},\"thumbnailUrl\":\"https:\/\/ollerpintures.com\/wp-content\/uploads\/2022\/05\/renovador-bordes-piscinas-blatem-comprar-pintura-online-oller.png\",\"datePublished\":\"2022-05-11T07:58:27+00:00\",\"dateModified\":\"2026-04-14T13:00:12+00:00\",\"description\":\"Caracter\u00edstiques:\u00a0 Excel\u00b7lent adher\u00e8ncia Resist\u00e8ncia a l'alcalinitat Resist\u00e8ncia a agents atmosf\u00e8rics i productes qu\u00edmics pel tractament de piscina Bona cubrici\u00f3, rendiment, aplicaci\u00f3 i assecat Color: blanc Acabat: rug\u00f3s (antilliscant) i mat Repintat: m\u00ednim 5 hores Rendiment: 7-11 m2\/L\/capa\",\"breadcrumb\":{\"@id\":\"https:\/\/ollerpintures.com\/ca\/producte\/renovador-bordes-piscina\/#breadcrumb\"},\"inLanguage\":\"ca\",\"potentialAction\":[{\"@type\":\"ReadAction\",\"target\":[\"https:\/\/ollerpintures.com\/ca\/producte\/renovador-bordes-piscina\/\"]}]},{\"@type\":\"ImageObject\",\"inLanguage\":\"ca\",\"@id\":\"https:\/\/ollerpintures.com\/ca\/producte\/renovador-bordes-piscina\/#primaryimage\",\"url\":\"https:\/\/ollerpintures.com\/wp-content\/uploads\/2022\/05\/renovador-bordes-piscinas-blatem-comprar-pintura-online-oller.png\",\"contentUrl\":\"https:\/\/ollerpintures.com\/wp-content\/uploads\/2022\/05\/renovador-bordes-piscinas-blatem-comprar-pintura-online-oller.png\",\"width\":567,\"height\":567,\"caption\":\"Renovador bordes piscina Blatem\"},{\"@type\":\"BreadcrumbList\",\"@id\":\"https:\/\/ollerpintures.com\/ca\/producte\/renovador-bordes-piscina\/#breadcrumb\",\"itemListElement\":[{\"@type\":\"ListItem\",\"position\":1,\"name\":\"Inici\",\"item\":\"https:\/\/ollerpintures.com\/ca\/\"},{\"@type\":\"ListItem\",\"position\":2,\"name\":\"Botiga\",\"item\":\"https:\/\/ollerpintures.com\/ca\/botiga\/\"},{\"@type\":\"ListItem\",\"position\":3,\"name\":\"Renovador de bordes de Piscina BLATEM 4L\"}]},{\"@type\":\"WebSite\",\"@id\":\"https:\/\/ollerpintures.com\/ca\/#website\",\"url\":\"https:\/\/ollerpintures.com\/ca\/\",\"name\":\"Oller Pinturas y Revestimientos\",\"description\":\"Pinturas y revestimientos para profesionales, industrias, obras p\u00fablicas, bricolaje. Pinturas de calidad profesional i mucho m\u00e1s.\",\"publisher\":{\"@id\":\"https:\/\/ollerpintures.com\/ca\/#organization\"},\"alternateName\":\"Oller Grup\",\"potentialAction\":[{\"@type\":\"SearchAction\",\"target\":{\"@type\":\"EntryPoint\",\"urlTemplate\":\"https:\/\/ollerpintures.com\/ca\/?s={search_term_string}\"},\"query-input\":{\"@type\":\"PropertyValueSpecification\",\"valueRequired\":true,\"valueName\":\"search_term_string\"}}],\"inLanguage\":\"ca\"},{\"@type\":\"Organization\",\"@id\":\"https:\/\/ollerpintures.com\/ca\/#organization\",\"name\":\"Oller Pintures i Revestiments\",\"alternateName\":\"Oller Grup\",\"url\":\"https:\/\/ollerpintures.com\/ca\/\",\"logo\":{\"@type\":\"ImageObject\",\"inLanguage\":\"ca\",\"@id\":\"https:\/\/ollerpintures.com\/ca\/#\/schema\/logo\/image\/\",\"url\":\"https:\/\/ollerpintures.com\/wp-content\/uploads\/2024\/05\/newLogo.png\",\"contentUrl\":\"https:\/\/ollerpintures.com\/wp-content\/uploads\/2024\/05\/newLogo.png\",\"width\":483,\"height\":244,\"caption\":\"Oller Pintures i Revestiments\"},\"image\":{\"@id\":\"https:\/\/ollerpintures.com\/ca\/#\/schema\/logo\/image\/\"},\"sameAs\":[\"https:\/\/www.facebook.com\/people\/Oller-Pintures\/100063652056709\/\",\"https:\/\/www.instagram.com\/ollerpintures\/\",\"https:\/\/descriptor.es\/organization\/oller-grup\/\"]}]}<\/script>\n<!-- \/ Yoast SEO plugin. -->","yoast_head_json":{"title":"Renovador de bordes de Piscina BLATEM 4L - Oller Pinturas y Revestimientos","description":"Caracter\u00edstiques:\u00a0   Excel\u00b7lent adher\u00e8ncia  Resist\u00e8ncia a l'alcalinitat  Resist\u00e8ncia a agents atmosf\u00e8rics i productes qu\u00edmics pel tractament de piscina  Bona cubrici\u00f3, rendiment, aplicaci\u00f3 i assecat  Color: blanc  Acabat: rug\u00f3s (antilliscant) i mat  Repintat: m\u00ednim 5 hores  Rendiment: 7-11 m2\/L\/capa","robots":{"index":"index","follow":"follow","max-snippet":"max-snippet:-1","max-image-preview":"max-image-preview:large","max-video-preview":"max-video-preview:-1"},"canonical":"https:\/\/ollerpintures.com\/ca\/producte\/renovador-bordes-piscina\/","og_locale":"ca_ES","og_type":"article","og_title":"Renovador de bordes de Piscina BLATEM 4L - Oller Pinturas y Revestimientos","og_description":"Caracter\u00edstiques:\u00a0   Excel\u00b7lent adher\u00e8ncia  Resist\u00e8ncia a l'alcalinitat  Resist\u00e8ncia a agents atmosf\u00e8rics i productes qu\u00edmics pel tractament de piscina  Bona cubrici\u00f3, rendiment, aplicaci\u00f3 i assecat  Color: blanc  Acabat: rug\u00f3s (antilliscant) i mat  Repintat: m\u00ednim 5 hores  Rendiment: 7-11 m2\/L\/capa","og_url":"https:\/\/ollerpintures.com\/ca\/producte\/renovador-bordes-piscina\/","og_site_name":"Oller Pinturas y Revestimientos","article_publisher":"https:\/\/www.facebook.com\/people\/Oller-Pintures\/100063652056709\/","article_modified_time":"2026-04-14T13:00:12+00:00","og_image":[{"width":567,"height":567,"url":"https:\/\/ollerpintures.com\/wp-content\/uploads\/2022\/05\/renovador-bordes-piscinas-blatem-comprar-pintura-online-oller.png","type":"image\/png"}],"twitter_card":"summary_large_image","twitter_misc":{"Temps estimat de lectura":"1 minut"},"schema":{"@context":"https:\/\/schema.org","@graph":[{"@type":"WebPage","@id":"https:\/\/ollerpintures.com\/ca\/producte\/renovador-bordes-piscina\/","url":"https:\/\/ollerpintures.com\/ca\/producte\/renovador-bordes-piscina\/","name":"Renovador de bordes de Piscina BLATEM 4L - Oller Pinturas y Revestimientos","isPartOf":{"@id":"https:\/\/ollerpintures.com\/ca\/#website"},"primaryImageOfPage":{"@id":"https:\/\/ollerpintures.com\/ca\/producte\/renovador-bordes-piscina\/#primaryimage"},"image":{"@id":"https:\/\/ollerpintures.com\/ca\/producte\/renovador-bordes-piscina\/#primaryimage"},"thumbnailUrl":"https:\/\/ollerpintures.com\/wp-content\/uploads\/2022\/05\/renovador-bordes-piscinas-blatem-comprar-pintura-online-oller.png","datePublished":"2022-05-11T07:58:27+00:00","dateModified":"2026-04-14T13:00:12+00:00","description":"Caracter\u00edstiques:\u00a0 Excel\u00b7lent adher\u00e8ncia Resist\u00e8ncia a l'alcalinitat Resist\u00e8ncia a agents atmosf\u00e8rics i productes qu\u00edmics pel tractament de piscina Bona cubrici\u00f3, rendiment, aplicaci\u00f3 i assecat Color: blanc Acabat: rug\u00f3s (antilliscant) i mat Repintat: m\u00ednim 5 hores Rendiment: 7-11 m2\/L\/capa","breadcrumb":{"@id":"https:\/\/ollerpintures.com\/ca\/producte\/renovador-bordes-piscina\/#breadcrumb"},"inLanguage":"ca","potentialAction":[{"@type":"ReadAction","target":["https:\/\/ollerpintures.com\/ca\/producte\/renovador-bordes-piscina\/"]}]},{"@type":"ImageObject","inLanguage":"ca","@id":"https:\/\/ollerpintures.com\/ca\/producte\/renovador-bordes-piscina\/#primaryimage","url":"https:\/\/ollerpintures.com\/wp-content\/uploads\/2022\/05\/renovador-bordes-piscinas-blatem-comprar-pintura-online-oller.png","contentUrl":"https:\/\/ollerpintures.com\/wp-content\/uploads\/2022\/05\/renovador-bordes-piscinas-blatem-comprar-pintura-online-oller.png","width":567,"height":567,"caption":"Renovador bordes piscina Blatem"},{"@type":"BreadcrumbList","@id":"https:\/\/ollerpintures.com\/ca\/producte\/renovador-bordes-piscina\/#breadcrumb","itemListElement":[{"@type":"ListItem","position":1,"name":"Inici","item":"https:\/\/ollerpintures.com\/ca\/"},{"@type":"ListItem","position":2,"name":"Botiga","item":"https:\/\/ollerpintures.com\/ca\/botiga\/"},{"@type":"ListItem","position":3,"name":"Renovador de bordes de Piscina BLATEM 4L"}]},{"@type":"WebSite","@id":"https:\/\/ollerpintures.com\/ca\/#website","url":"https:\/\/ollerpintures.com\/ca\/","name":"Oller Pinturas y Revestimientos","description":"Pinturas y revestimientos para profesionales, industrias, obras p\u00fablicas, bricolaje. Pinturas de calidad profesional i mucho m\u00e1s.","publisher":{"@id":"https:\/\/ollerpintures.com\/ca\/#organization"},"alternateName":"Oller Grup","potentialAction":[{"@type":"SearchAction","target":{"@type":"EntryPoint","urlTemplate":"https:\/\/ollerpintures.com\/ca\/?s={search_term_string}"},"query-input":{"@type":"PropertyValueSpecification","valueRequired":true,"valueName":"search_term_string"}}],"inLanguage":"ca"},{"@type":"Organization","@id":"https:\/\/ollerpintures.com\/ca\/#organization","name":"Oller Pintures i Revestiments","alternateName":"Oller Grup","url":"https:\/\/ollerpintures.com\/ca\/","logo":{"@type":"ImageObject","inLanguage":"ca","@id":"https:\/\/ollerpintures.com\/ca\/#\/schema\/logo\/image\/","url":"https:\/\/ollerpintures.com\/wp-content\/uploads\/2024\/05\/newLogo.png","contentUrl":"https:\/\/ollerpintures.com\/wp-content\/uploads\/2024\/05\/newLogo.png","width":483,"height":244,"caption":"Oller Pintures i Revestiments"},"image":{"@id":"https:\/\/ollerpintures.com\/ca\/#\/schema\/logo\/image\/"},"sameAs":["https:\/\/www.facebook.com\/people\/Oller-Pintures\/100063652056709\/","https:\/\/www.instagram.com\/ollerpintures\/","https:\/\/descriptor.es\/organization\/oller-grup\/"]}]}},"brands":[{"id":60,"name":"Blatem","slug":"blatem"}],"_links":{"self":[{"href":"https:\/\/ollerpintures.com\/ca\/wp-json\/wp\/v2\/product\/20505","targetHints":{"allow":["GET"]}}],"collection":[{"href":"https:\/\/ollerpintures.com\/ca\/wp-json\/wp\/v2\/product"}],"about":[{"href":"https:\/\/ollerpintures.com\/ca\/wp-json\/wp\/v2\/types\/product"}],"wp:featuredmedia":[{"embeddable":true,"href":"https:\/\/ollerpintures.com\/ca\/wp-json\/wp\/v2\/media\/20509"}],"wp:attachment":[{"href":"https:\/\/ollerpintures.com\/ca\/wp-json\/wp\/v2\/media?parent=20505"}],"wp:term":[{"taxonomy":"pwb-brand","embeddable":true,"href":"https:\/\/ollerpintures.com\/ca\/wp-json\/wp\/v2\/pwb-brand?post=20505"},{"taxonomy":"product_brand","embeddable":true,"href":"https:\/\/ollerpintures.com\/ca\/wp-json\/wp\/v2\/product_brand?post=20505"},{"taxonomy":"product_cat","embeddable":true,"href":"https:\/\/ollerpintures.com\/ca\/wp-json\/wp\/v2\/product_cat?post=20505"},{"taxonomy":"product_tag","embeddable":true,"href":"https:\/\/ollerpintures.com\/ca\/wp-json\/wp\/v2\/product_tag?post=20505"}],"curies":[{"name":"wp","href":"https:\/\/api.w.org\/{rel}","templated":true}]}}