{"id":18787,"date":"2022-04-28T07:39:50","date_gmt":"2022-04-28T06:39:50","guid":{"rendered":"https:\/\/oller-pintures.c.wetopi.com\/?post_type=product&#038;p=18787"},"modified":"2022-11-16T11:50:10","modified_gmt":"2022-11-16T10:50:10","slug":"sigmadur-550-ral-9010-blanco-puro","status":"publish","type":"product","link":"https:\/\/ollerpintures.com\/ca\/producte\/sigmadur-550-ral-9010-blanco-puro\/","title":{"rendered":"Sigmadur 550 RAL 9010 Blanco Puro A+B 4L | Esmalt poliuret\u00e0 de 2 components"},"content":{"rendered":"<p>Esmalt de poliuret\u00e0 de 2 components PPG. Sigmadur 550 \u00e9s un esmalt d&#8217;alta qualitat i pots tenir-lo en el color que vulguis, te&#8217;l fem a mida! Si no trobes el RAL o producte que busques, contacta&#8217;ns i demana&#8217;ns-el.<\/p>\n<p><strong>Caracter\u00edstiques Sigmadur 550 RAL 9010 Blanco Puro:<\/strong><\/p>\n<ul>\n<li>Sense l\u00edmit de repintabilitat<\/li>\n<li>Excel\u00b7lent resist\u00e8ncia a les condicions d&#8217;exposici\u00f3 atmosf\u00e8rica<\/li>\n<li>Excel\u00b7lent retenci\u00f3 de lluentor i color<\/li>\n<li>No grogueja<\/li>\n<li>Resistent a esquitxades d&#8217;olis minerals i vegetals, parafines, productes de petroli alif\u00e0tics i productes qu\u00edmics suaus<\/li>\n<li>Repintable fins i tot despr\u00e9s de fortes exposicions atmosf\u00e8riques<\/li>\n<li>Bones propietats d&#8217;aplicaci\u00f3<\/li>\n<\/ul>\n<p><strong>Usos<\/strong>:<\/p>\n<ul>\n<li>Pintura per paviments<\/li>\n<li>Pintura per maquin\u00e0ria industrial<\/li>\n<li>Pintura per piscina de fibra<\/li>\n<li>Pintura per estructures met\u00e0l\u00b7liques<\/li>\n<li>Pintura per senyalitzaci\u00f3<\/li>\n<\/ul>\n<p>Consulta la fitxa t\u00e8cnica adjunta per m\u00e9s informaci\u00f3.<\/p>\n","protected":false},"excerpt":{"rendered":"<p><strong>Caracter\u00edstiques Sigmadur 550 RAL 9010 Blanco Puro:<\/strong><\/p>\n<ul>\n<li>Sense l\u00edmit de repintabilitat<\/li>\n<li>Excel\u00b7lent resist\u00e8ncia a les condicions d&#8217;exposici\u00f3 atmosf\u00e8rica<\/li>\n<li>Excel\u00b7lent retenci\u00f3 de lluentor i color<\/li>\n<li>No grogueja<\/li>\n<li>Resistent a esquitxades d&#8217;olis minerals i vegetals, parafines, productes de petroli alif\u00e0tics i productes qu\u00edmics suaus<\/li>\n<li>Repintable fins i tot despr\u00e9s de fortes exposicions atmosf\u00e8riques<\/li>\n<li>Bones propietats d&#8217;aplicaci\u00f3<\/li>\n<\/ul>\n","protected":false},"featured_media":18792,"template":"","meta":{"_acf_changed":false},"pwb-brand":[1821],"product_brand":[],"product_cat":[24,1819,1835,85],"product_tag":[1823,83,1824,1822],"class_list":{"0":"post-18787","1":"product","2":"type-product","3":"status-publish","4":"has-post-thumbnail","6":"pwb-brand-ppg","7":"product_cat-pintura","8":"product_cat-pintura-carta-ral","9":"product_cat-ral-9000-blancs-i-negres","10":"product_cat-ferro-esmalt-pintures","11":"product_tag-colors-ral","12":"product_tag-esmalt","13":"product_tag-poliureta","14":"product_tag-ppg","15":"no-featured-image-padding","16":"resize-featured-image","17":"sales-flash-overlay","18":"woocommerce-text-align-left","19":"woocommerce-image-align-center","20":"do-quantity-buttons","21":"wc-has-gallery","23":"first","24":"instock","25":"shipping-taxable","26":"purchasable","27":"product-type-simple"},"acf":[],"yoast_head":"<!-- This site is optimized with the Yoast SEO plugin v27.1.1 - https:\/\/yoast.com\/product\/yoast-seo-wordpress\/ -->\n<title>Sigmadur 550 RAL 9010 Blanco Puro A+B 4L | Esmalt poliuret\u00e0 de 2 components - Oller Pinturas y Revestimientos<\/title>\n<meta name=\"description\" content=\"Caracter\u00edstiques Sigmadur 550 RAL 9010 Blanco Puro:   Sense l\u00edmit de repintabilitat  Excel\u00b7lent resist\u00e8ncia a les condicions d&#039;exposici\u00f3 atmosf\u00e8rica  Excel\u00b7lent retenci\u00f3 de lluentor i color  No grogueja  Resistent a esquitxades d&#039;olis minerals i vegetals, parafines, productes de petroli alif\u00e0tics i productes qu\u00edmics suaus  Repintable fins i tot despr\u00e9s de fortes exposicions atmosf\u00e8riques  Bones propietats d&#039;aplicaci\u00f3\" \/>\n<meta name=\"robots\" content=\"index, follow, max-snippet:-1, max-image-preview:large, max-video-preview:-1\" \/>\n<link rel=\"canonical\" href=\"https:\/\/ollerpintures.com\/ca\/producte\/sigmadur-550-ral-9010-blanco-puro\/\" \/>\n<meta property=\"og:locale\" content=\"ca_ES\" \/>\n<meta property=\"og:type\" content=\"article\" \/>\n<meta property=\"og:title\" content=\"Sigmadur 550 RAL 9010 Blanco Puro A+B 4L | Esmalt poliuret\u00e0 de 2 components - Oller Pinturas y Revestimientos\" \/>\n<meta property=\"og:description\" content=\"Caracter\u00edstiques Sigmadur 550 RAL 9010 Blanco Puro:   Sense l\u00edmit de repintabilitat  Excel\u00b7lent resist\u00e8ncia a les condicions d&#039;exposici\u00f3 atmosf\u00e8rica  Excel\u00b7lent retenci\u00f3 de lluentor i color  No grogueja  Resistent a esquitxades d&#039;olis minerals i vegetals, parafines, productes de petroli alif\u00e0tics i productes qu\u00edmics suaus  Repintable fins i tot despr\u00e9s de fortes exposicions atmosf\u00e8riques  Bones propietats d&#039;aplicaci\u00f3\" \/>\n<meta property=\"og:url\" content=\"https:\/\/ollerpintures.com\/ca\/producte\/sigmadur-550-ral-9010-blanco-puro\/\" \/>\n<meta property=\"og:site_name\" content=\"Oller Pinturas y Revestimientos\" \/>\n<meta property=\"article:publisher\" content=\"https:\/\/www.facebook.com\/people\/Oller-Pintures\/100063652056709\/\" \/>\n<meta property=\"article:modified_time\" content=\"2022-11-16T10:50:10+00:00\" \/>\n<meta property=\"og:image\" content=\"https:\/\/ollerpintures.com\/wp-content\/uploads\/2022\/04\/sigmadur-550-ral-9010-blanco-puro-comprar-online-oller.jpg\" \/>\n\t<meta property=\"og:image:width\" content=\"1080\" \/>\n\t<meta property=\"og:image:height\" content=\"1080\" \/>\n\t<meta property=\"og:image:type\" content=\"image\/jpeg\" \/>\n<meta name=\"twitter:card\" content=\"summary_large_image\" \/>\n<meta name=\"twitter:label1\" content=\"Temps estimat de lectura\" \/>\n\t<meta name=\"twitter:data1\" content=\"1 minut\" \/>\n<script type=\"application\/ld+json\" class=\"yoast-schema-graph\">{\"@context\":\"https:\/\/schema.org\",\"@graph\":[{\"@type\":\"WebPage\",\"@id\":\"https:\/\/ollerpintures.com\/ca\/producte\/sigmadur-550-ral-9010-blanco-puro\/\",\"url\":\"https:\/\/ollerpintures.com\/ca\/producte\/sigmadur-550-ral-9010-blanco-puro\/\",\"name\":\"Sigmadur 550 RAL 9010 Blanco Puro A+B 4L | Esmalt poliuret\u00e0 de 2 components - Oller Pinturas y Revestimientos\",\"isPartOf\":{\"@id\":\"https:\/\/ollerpintures.com\/ca\/#website\"},\"primaryImageOfPage\":{\"@id\":\"https:\/\/ollerpintures.com\/ca\/producte\/sigmadur-550-ral-9010-blanco-puro\/#primaryimage\"},\"image\":{\"@id\":\"https:\/\/ollerpintures.com\/ca\/producte\/sigmadur-550-ral-9010-blanco-puro\/#primaryimage\"},\"thumbnailUrl\":\"https:\/\/ollerpintures.com\/wp-content\/uploads\/2022\/04\/sigmadur-550-ral-9010-blanco-puro-comprar-online-oller.jpg\",\"datePublished\":\"2022-04-28T06:39:50+00:00\",\"dateModified\":\"2022-11-16T10:50:10+00:00\",\"description\":\"Caracter\u00edstiques Sigmadur 550 RAL 9010 Blanco Puro: Sense l\u00edmit de repintabilitat Excel\u00b7lent resist\u00e8ncia a les condicions d'exposici\u00f3 atmosf\u00e8rica Excel\u00b7lent retenci\u00f3 de lluentor i color No grogueja Resistent a esquitxades d'olis minerals i vegetals, parafines, productes de petroli alif\u00e0tics i productes qu\u00edmics suaus Repintable fins i tot despr\u00e9s de fortes exposicions atmosf\u00e8riques Bones propietats d'aplicaci\u00f3\",\"breadcrumb\":{\"@id\":\"https:\/\/ollerpintures.com\/ca\/producte\/sigmadur-550-ral-9010-blanco-puro\/#breadcrumb\"},\"inLanguage\":\"ca\",\"potentialAction\":[{\"@type\":\"ReadAction\",\"target\":[\"https:\/\/ollerpintures.com\/ca\/producte\/sigmadur-550-ral-9010-blanco-puro\/\"]}]},{\"@type\":\"ImageObject\",\"inLanguage\":\"ca\",\"@id\":\"https:\/\/ollerpintures.com\/ca\/producte\/sigmadur-550-ral-9010-blanco-puro\/#primaryimage\",\"url\":\"https:\/\/ollerpintures.com\/wp-content\/uploads\/2022\/04\/sigmadur-550-ral-9010-blanco-puro-comprar-online-oller.jpg\",\"contentUrl\":\"https:\/\/ollerpintures.com\/wp-content\/uploads\/2022\/04\/sigmadur-550-ral-9010-blanco-puro-comprar-online-oller.jpg\",\"width\":1080,\"height\":1080,\"caption\":\"sigmadur 550 ral 9010 blanco puro\"},{\"@type\":\"BreadcrumbList\",\"@id\":\"https:\/\/ollerpintures.com\/ca\/producte\/sigmadur-550-ral-9010-blanco-puro\/#breadcrumb\",\"itemListElement\":[{\"@type\":\"ListItem\",\"position\":1,\"name\":\"Inici\",\"item\":\"https:\/\/ollerpintures.com\/ca\/\"},{\"@type\":\"ListItem\",\"position\":2,\"name\":\"Botiga\",\"item\":\"https:\/\/ollerpintures.com\/ca\/botiga\/\"},{\"@type\":\"ListItem\",\"position\":3,\"name\":\"Sigmadur 550 RAL 9010 Blanco Puro A+B 4L | Esmalt poliuret\u00e0 de 2 components\"}]},{\"@type\":\"WebSite\",\"@id\":\"https:\/\/ollerpintures.com\/ca\/#website\",\"url\":\"https:\/\/ollerpintures.com\/ca\/\",\"name\":\"Oller Pinturas y Revestimientos\",\"description\":\"Pinturas y revestimientos para profesionales, industrias, obras p\u00fablicas, bricolaje. Pinturas de calidad profesional i mucho m\u00e1s.\",\"publisher\":{\"@id\":\"https:\/\/ollerpintures.com\/ca\/#organization\"},\"alternateName\":\"Oller Grup\",\"potentialAction\":[{\"@type\":\"SearchAction\",\"target\":{\"@type\":\"EntryPoint\",\"urlTemplate\":\"https:\/\/ollerpintures.com\/ca\/?s={search_term_string}\"},\"query-input\":{\"@type\":\"PropertyValueSpecification\",\"valueRequired\":true,\"valueName\":\"search_term_string\"}}],\"inLanguage\":\"ca\"},{\"@type\":\"Organization\",\"@id\":\"https:\/\/ollerpintures.com\/ca\/#organization\",\"name\":\"Oller Pintures i Revestiments\",\"alternateName\":\"Oller Grup\",\"url\":\"https:\/\/ollerpintures.com\/ca\/\",\"logo\":{\"@type\":\"ImageObject\",\"inLanguage\":\"ca\",\"@id\":\"https:\/\/ollerpintures.com\/ca\/#\/schema\/logo\/image\/\",\"url\":\"https:\/\/ollerpintures.com\/wp-content\/uploads\/2024\/05\/newLogo.png\",\"contentUrl\":\"https:\/\/ollerpintures.com\/wp-content\/uploads\/2024\/05\/newLogo.png\",\"width\":483,\"height\":244,\"caption\":\"Oller Pintures i Revestiments\"},\"image\":{\"@id\":\"https:\/\/ollerpintures.com\/ca\/#\/schema\/logo\/image\/\"},\"sameAs\":[\"https:\/\/www.facebook.com\/people\/Oller-Pintures\/100063652056709\/\",\"https:\/\/www.instagram.com\/ollerpintures\/\",\"https:\/\/descriptor.es\/organization\/oller-grup\/\"]}]}<\/script>\n<!-- \/ Yoast SEO plugin. -->","yoast_head_json":{"title":"Sigmadur 550 RAL 9010 Blanco Puro A+B 4L | Esmalt poliuret\u00e0 de 2 components - Oller Pinturas y Revestimientos","description":"Caracter\u00edstiques Sigmadur 550 RAL 9010 Blanco Puro:   Sense l\u00edmit de repintabilitat  Excel\u00b7lent resist\u00e8ncia a les condicions d'exposici\u00f3 atmosf\u00e8rica  Excel\u00b7lent retenci\u00f3 de lluentor i color  No grogueja  Resistent a esquitxades d'olis minerals i vegetals, parafines, productes de petroli alif\u00e0tics i productes qu\u00edmics suaus  Repintable fins i tot despr\u00e9s de fortes exposicions atmosf\u00e8riques  Bones propietats d'aplicaci\u00f3","robots":{"index":"index","follow":"follow","max-snippet":"max-snippet:-1","max-image-preview":"max-image-preview:large","max-video-preview":"max-video-preview:-1"},"canonical":"https:\/\/ollerpintures.com\/ca\/producte\/sigmadur-550-ral-9010-blanco-puro\/","og_locale":"ca_ES","og_type":"article","og_title":"Sigmadur 550 RAL 9010 Blanco Puro A+B 4L | Esmalt poliuret\u00e0 de 2 components - Oller Pinturas y Revestimientos","og_description":"Caracter\u00edstiques Sigmadur 550 RAL 9010 Blanco Puro:   Sense l\u00edmit de repintabilitat  Excel\u00b7lent resist\u00e8ncia a les condicions d'exposici\u00f3 atmosf\u00e8rica  Excel\u00b7lent retenci\u00f3 de lluentor i color  No grogueja  Resistent a esquitxades d'olis minerals i vegetals, parafines, productes de petroli alif\u00e0tics i productes qu\u00edmics suaus  Repintable fins i tot despr\u00e9s de fortes exposicions atmosf\u00e8riques  Bones propietats d'aplicaci\u00f3","og_url":"https:\/\/ollerpintures.com\/ca\/producte\/sigmadur-550-ral-9010-blanco-puro\/","og_site_name":"Oller Pinturas y Revestimientos","article_publisher":"https:\/\/www.facebook.com\/people\/Oller-Pintures\/100063652056709\/","article_modified_time":"2022-11-16T10:50:10+00:00","og_image":[{"width":1080,"height":1080,"url":"https:\/\/ollerpintures.com\/wp-content\/uploads\/2022\/04\/sigmadur-550-ral-9010-blanco-puro-comprar-online-oller.jpg","type":"image\/jpeg"}],"twitter_card":"summary_large_image","twitter_misc":{"Temps estimat de lectura":"1 minut"},"schema":{"@context":"https:\/\/schema.org","@graph":[{"@type":"WebPage","@id":"https:\/\/ollerpintures.com\/ca\/producte\/sigmadur-550-ral-9010-blanco-puro\/","url":"https:\/\/ollerpintures.com\/ca\/producte\/sigmadur-550-ral-9010-blanco-puro\/","name":"Sigmadur 550 RAL 9010 Blanco Puro A+B 4L | Esmalt poliuret\u00e0 de 2 components - Oller Pinturas y Revestimientos","isPartOf":{"@id":"https:\/\/ollerpintures.com\/ca\/#website"},"primaryImageOfPage":{"@id":"https:\/\/ollerpintures.com\/ca\/producte\/sigmadur-550-ral-9010-blanco-puro\/#primaryimage"},"image":{"@id":"https:\/\/ollerpintures.com\/ca\/producte\/sigmadur-550-ral-9010-blanco-puro\/#primaryimage"},"thumbnailUrl":"https:\/\/ollerpintures.com\/wp-content\/uploads\/2022\/04\/sigmadur-550-ral-9010-blanco-puro-comprar-online-oller.jpg","datePublished":"2022-04-28T06:39:50+00:00","dateModified":"2022-11-16T10:50:10+00:00","description":"Caracter\u00edstiques Sigmadur 550 RAL 9010 Blanco Puro: Sense l\u00edmit de repintabilitat Excel\u00b7lent resist\u00e8ncia a les condicions d'exposici\u00f3 atmosf\u00e8rica Excel\u00b7lent retenci\u00f3 de lluentor i color No grogueja Resistent a esquitxades d'olis minerals i vegetals, parafines, productes de petroli alif\u00e0tics i productes qu\u00edmics suaus Repintable fins i tot despr\u00e9s de fortes exposicions atmosf\u00e8riques Bones propietats d'aplicaci\u00f3","breadcrumb":{"@id":"https:\/\/ollerpintures.com\/ca\/producte\/sigmadur-550-ral-9010-blanco-puro\/#breadcrumb"},"inLanguage":"ca","potentialAction":[{"@type":"ReadAction","target":["https:\/\/ollerpintures.com\/ca\/producte\/sigmadur-550-ral-9010-blanco-puro\/"]}]},{"@type":"ImageObject","inLanguage":"ca","@id":"https:\/\/ollerpintures.com\/ca\/producte\/sigmadur-550-ral-9010-blanco-puro\/#primaryimage","url":"https:\/\/ollerpintures.com\/wp-content\/uploads\/2022\/04\/sigmadur-550-ral-9010-blanco-puro-comprar-online-oller.jpg","contentUrl":"https:\/\/ollerpintures.com\/wp-content\/uploads\/2022\/04\/sigmadur-550-ral-9010-blanco-puro-comprar-online-oller.jpg","width":1080,"height":1080,"caption":"sigmadur 550 ral 9010 blanco puro"},{"@type":"BreadcrumbList","@id":"https:\/\/ollerpintures.com\/ca\/producte\/sigmadur-550-ral-9010-blanco-puro\/#breadcrumb","itemListElement":[{"@type":"ListItem","position":1,"name":"Inici","item":"https:\/\/ollerpintures.com\/ca\/"},{"@type":"ListItem","position":2,"name":"Botiga","item":"https:\/\/ollerpintures.com\/ca\/botiga\/"},{"@type":"ListItem","position":3,"name":"Sigmadur 550 RAL 9010 Blanco Puro A+B 4L | Esmalt poliuret\u00e0 de 2 components"}]},{"@type":"WebSite","@id":"https:\/\/ollerpintures.com\/ca\/#website","url":"https:\/\/ollerpintures.com\/ca\/","name":"Oller Pinturas y Revestimientos","description":"Pinturas y revestimientos para profesionales, industrias, obras p\u00fablicas, bricolaje. Pinturas de calidad profesional i mucho m\u00e1s.","publisher":{"@id":"https:\/\/ollerpintures.com\/ca\/#organization"},"alternateName":"Oller Grup","potentialAction":[{"@type":"SearchAction","target":{"@type":"EntryPoint","urlTemplate":"https:\/\/ollerpintures.com\/ca\/?s={search_term_string}"},"query-input":{"@type":"PropertyValueSpecification","valueRequired":true,"valueName":"search_term_string"}}],"inLanguage":"ca"},{"@type":"Organization","@id":"https:\/\/ollerpintures.com\/ca\/#organization","name":"Oller Pintures i Revestiments","alternateName":"Oller Grup","url":"https:\/\/ollerpintures.com\/ca\/","logo":{"@type":"ImageObject","inLanguage":"ca","@id":"https:\/\/ollerpintures.com\/ca\/#\/schema\/logo\/image\/","url":"https:\/\/ollerpintures.com\/wp-content\/uploads\/2024\/05\/newLogo.png","contentUrl":"https:\/\/ollerpintures.com\/wp-content\/uploads\/2024\/05\/newLogo.png","width":483,"height":244,"caption":"Oller Pintures i Revestiments"},"image":{"@id":"https:\/\/ollerpintures.com\/ca\/#\/schema\/logo\/image\/"},"sameAs":["https:\/\/www.facebook.com\/people\/Oller-Pintures\/100063652056709\/","https:\/\/www.instagram.com\/ollerpintures\/","https:\/\/descriptor.es\/organization\/oller-grup\/"]}]}},"brands":[{"id":1821,"name":"PPG","slug":"ppg"}],"_links":{"self":[{"href":"https:\/\/ollerpintures.com\/ca\/wp-json\/wp\/v2\/product\/18787","targetHints":{"allow":["GET"]}}],"collection":[{"href":"https:\/\/ollerpintures.com\/ca\/wp-json\/wp\/v2\/product"}],"about":[{"href":"https:\/\/ollerpintures.com\/ca\/wp-json\/wp\/v2\/types\/product"}],"wp:featuredmedia":[{"embeddable":true,"href":"https:\/\/ollerpintures.com\/ca\/wp-json\/wp\/v2\/media\/18792"}],"wp:attachment":[{"href":"https:\/\/ollerpintures.com\/ca\/wp-json\/wp\/v2\/media?parent=18787"}],"wp:term":[{"taxonomy":"pwb-brand","embeddable":true,"href":"https:\/\/ollerpintures.com\/ca\/wp-json\/wp\/v2\/pwb-brand?post=18787"},{"taxonomy":"product_brand","embeddable":true,"href":"https:\/\/ollerpintures.com\/ca\/wp-json\/wp\/v2\/product_brand?post=18787"},{"taxonomy":"product_cat","embeddable":true,"href":"https:\/\/ollerpintures.com\/ca\/wp-json\/wp\/v2\/product_cat?post=18787"},{"taxonomy":"product_tag","embeddable":true,"href":"https:\/\/ollerpintures.com\/ca\/wp-json\/wp\/v2\/product_tag?post=18787"}],"curies":[{"name":"wp","href":"https:\/\/api.w.org\/{rel}","templated":true}]}}