{"id":18372,"date":"2022-03-09T09:45:16","date_gmt":"2022-03-09T08:45:16","guid":{"rendered":"https:\/\/oller-pintures.c.wetopi.com\/?post_type=product&#038;p=18372"},"modified":"2023-03-09T15:58:05","modified_gmt":"2023-03-09T14:58:05","slug":"tractament-tarima-de-fusta","status":"publish","type":"product","link":"https:\/\/ollerpintures.com\/ca\/producte\/tractament-tarima-de-fusta\/","title":{"rendered":"Pack PINTURA PER TARIMA DE FUSTA | Pack lasur per fusta + netejador biodegradable + eines"},"content":{"rendered":"<p>Et recomanem tots els productes que necessites per fer un bon tractament d&#8217;una tarima de fusta de jard\u00ed. <strong>T&#8217;ho posem molt f\u00e0cil amb aquest pack per tractar tarima de fusta amb garantia. <\/strong>Assegura un bon resultat gr\u00e0cies a la qualitat professional de la nostra pintura:<\/p>\n<p><strong>Qu\u00e8 contempla aquest kit?<\/strong><\/p>\n<p><img decoding=\"async\" class=\"emoji ls-is-cached lazyloaded\" role=\"img\" draggable=\"false\" src=\"https:\/\/s.w.org\/images\/core\/emoji\/13.1.0\/svg\/2705.svg\" alt=\"\u2705\" data-src=\"https:\/\/s.w.org\/images\/core\/emoji\/13.1.0\/svg\/2705.svg\" \/>\u00a0<a href=\"https:\/\/ollerpintures.com\/ca\/producte\/netejador-biodegradable-per-fusta-net-trol-owatrol\/\" target=\"_blank\" rel=\"noopener\">Netejador biodegradable per fusta Net-Trol OWATROL 2,5L<\/a><\/p>\n<p><img decoding=\"async\" class=\"emoji ls-is-cached lazyloaded\" role=\"img\" draggable=\"false\" src=\"https:\/\/s.w.org\/images\/core\/emoji\/13.1.0\/svg\/2705.svg\" alt=\"\u2705\" data-src=\"https:\/\/s.w.org\/images\/core\/emoji\/13.1.0\/svg\/2705.svg\" \/> 2\u00a0Lasurs per tarimes de fusta SIKKENS Cetol BL Hydratol 2,5L<\/p>\n<ul>\n<li>Color <a href=\"https:\/\/ollerpintures.com\/ca\/producte\/pintura-per-tarimes-de-fusta-lasur-sikkens-cetol-bl-hydratol-teka\/\" target=\"_blank\" rel=\"noopener\">Teka<\/a><\/li>\n<li>Color <a href=\"https:\/\/ollerpintures.com\/ca\/producte\/pintura-per-tarimes-de-fusta-lasur-sikkens-cetol-bl-hydratol-roble-claro\/\" target=\"_blank\" rel=\"noopener\">Roble Claro<\/a><\/li>\n<\/ul>\n<p><img decoding=\"async\" class=\"emoji ls-is-cached lazyloaded\" role=\"img\" draggable=\"false\" src=\"https:\/\/s.w.org\/images\/core\/emoji\/13.1.0\/svg\/2705.svg\" alt=\"\u2705\" data-src=\"https:\/\/s.w.org\/images\/core\/emoji\/13.1.0\/svg\/2705.svg\" \/>\u00a0<a href=\"https:\/\/ollerpintures.com\/ca\/producte\/pad-madera-hilo-largo\/\" target=\"_blank\" rel=\"noopener\">PAD<\/a>\u00a0+\u00a0<a href=\"https:\/\/ollerpintures.com\/ca\/producte\/allargament-alumini-per-corro-2m\/\" target=\"_blank\" rel=\"noopener\">extensi\u00f3 d\u2019alumini<\/a>\u00a0\u2192 per la c\u00f2moda i correcta aplicaci\u00f3 del lasur<\/p>\n<p><img decoding=\"async\" class=\"emoji ls-is-cached lazyloaded\" role=\"img\" draggable=\"false\" src=\"https:\/\/s.w.org\/images\/core\/emoji\/13.1.0\/svg\/2705.svg\" alt=\"\u2705\" data-src=\"https:\/\/s.w.org\/images\/core\/emoji\/13.1.0\/svg\/2705.svg\" \/><a href=\"https:\/\/ollerpintures.com\/ca\/producte\/cubeta-de-plastic-16l-amb-reixeta-per-pintar\/\" target=\"_blank\" rel=\"noopener\">\u00a0Cubeta de pl\u00e0stic de 16L amb reixeta<\/a><\/p>\n<p>&nbsp;<\/p>\n<p><strong>Recomanacions extra:\u00a0<\/strong><\/p>\n<p><img decoding=\"async\" class=\"emoji ls-is-cached lazyloaded\" role=\"img\" draggable=\"false\" src=\"https:\/\/s.w.org\/images\/core\/emoji\/13.1.0\/svg\/2705.svg\" alt=\"\u2705\" data-src=\"https:\/\/s.w.org\/images\/core\/emoji\/13.1.0\/svg\/2705.svg\" \/>\u00a0<a href=\"https:\/\/ollerpintures.com\/ca\/categoria-producte\/maquinaria\/hidrorentadores\/\" target=\"_blank\" rel=\"noopener\">Hidronetejadora STANLEY<\/a>\u00a0\u2192 T\u2019ajudar\u00e0 a fer el primer pas: neteja a fons de la superf\u00edcie. Et far\u00e0 el proc\u00e9s m\u00e9s senzill i r\u00e0pid i podr\u00e0s comen\u00e7ar a pintar molt abans!<\/p>\n<p>&nbsp;<\/p>\n<p><a href=\"https:\/\/ollerpintures.com\/ca\/tarima-de-fusta-per-piscina-tractament-de-la-fusta\/\" target=\"_blank\" rel=\"noopener\"><strong>Com fer un bon tractament d\u2019una tarima de fusta?\u00a0 \u2192 M\u00e9s informaci\u00f3 <\/strong><\/a><strong><a href=\"https:\/\/ollerpintures.com\/ca\/tarima-de-fusta-per-piscina-tractament-de-la-fusta\/\">AQU\u00cd<\/a><\/strong><\/p>\n<ol>\n<li><strong>Neteja a fons la superf\u00edcie<\/strong> \u2192 utilitza Net-Trol OWATROL despr\u00e9s d\u2019haver netejat amb aigua a pressi\u00f3 la tarima<\/li>\n<li><strong>Aplica el lasur<\/strong> Cetol BL Hydratol amb l\u2019ajuda del PAD + extensi\u00f3 d\u2019alumini.<\/li>\n<li>Respecta els temps d\u2019assecat (consultar a les fitxes t\u00e8cniques) i ja tindr\u00e0s el jard\u00ed llest per gaudir-lo!<\/li>\n<\/ol>\n<p>&nbsp;<\/p>\n<p>&nbsp;<\/p>\n","protected":false},"excerpt":{"rendered":"<div class=\"woocommerce-product-details__short-description\">\n<p><b>Kit per pintar tarimes de fusta: netejador biodegradable Net-Trol, pintura lasur per fusta, cubeta amb reixeta, PAD, extensi\u00f3 d\u2019alumini per corr\u00f3. <span style=\"color: #ff6600;\">Escull el color que prefereixes per la tarima de fusta i aprofita el pack per pintar c\u00f2modament i preparar el jard\u00ed abans que arribi l&#8217;estiu!<\/span><\/b><\/p>\n<\/div>\n<form class=\"cart\" action=\"https:\/\/ollerpintures.com\/ca\/producte\/kit-pintura-per-piscina-poliester\/\" enctype=\"multipart\/form-data\" method=\"post\">\n<div class=\"quantity buttons-added\"><\/div>\n<\/form>\n","protected":false},"featured_media":18378,"template":"","meta":{"_acf_changed":false},"pwb-brand":[403],"product_brand":[],"product_cat":[24,821,838,830,539,76],"product_tag":[518,732,651,823],"class_list":{"0":"post-18372","1":"product","2":"type-product","3":"status-publish","4":"has-post-thumbnail","6":"pwb-brand-zenko","7":"product_cat-pintura","8":"product_cat-tractament-per-fusta-i-jardi","9":"product_cat-netejadors-i-decapants","10":"product_cat-lasur-protector","11":"product_cat-pintura-per-fusta","12":"product_cat-ofertes","13":"product_tag-fusta","14":"product_tag-jardi","15":"product_tag-pack","16":"product_tag-tarimes-de-fusta","17":"no-featured-image-padding","18":"resize-featured-image","19":"sales-flash-overlay","20":"woocommerce-text-align-left","21":"woocommerce-image-align-center","22":"do-quantity-buttons","24":"first","25":"instock","26":"shipping-taxable","27":"purchasable","28":"product-type-variable"},"acf":[],"yoast_head":"<!-- This site is optimized with the Yoast SEO plugin v27.1.1 - https:\/\/yoast.com\/product\/yoast-seo-wordpress\/ -->\n<title>Pack PINTURA PER TARIMA DE FUSTA | Pack lasur per fusta + netejador biodegradable + eines - Oller Pinturas y Revestimientos<\/title>\n<meta name=\"description\" content=\"Kit per pintar tarimes de fusta: netejador biodegradable Net-Trol, pintura lasur per fusta, cubeta amb reixeta, PAD, extensi\u00f3 d\u2019alumini per corr\u00f3. Escull el color que prefereixes per la tarima de fusta i aprofita el pack per pintar c\u00f2modament i preparar el jard\u00ed abans que arribi l&#039;estiu!\" \/>\n<meta name=\"robots\" content=\"index, follow, max-snippet:-1, max-image-preview:large, max-video-preview:-1\" \/>\n<link rel=\"canonical\" href=\"https:\/\/ollerpintures.com\/ca\/producte\/tractament-tarima-de-fusta\/\" \/>\n<meta property=\"og:locale\" content=\"ca_ES\" \/>\n<meta property=\"og:type\" content=\"article\" \/>\n<meta property=\"og:title\" content=\"Pack PINTURA PER TARIMA DE FUSTA | Pack lasur per fusta + netejador biodegradable + eines - Oller Pinturas y Revestimientos\" \/>\n<meta property=\"og:description\" content=\"Kit per pintar tarimes de fusta: netejador biodegradable Net-Trol, pintura lasur per fusta, cubeta amb reixeta, PAD, extensi\u00f3 d\u2019alumini per corr\u00f3. Escull el color que prefereixes per la tarima de fusta i aprofita el pack per pintar c\u00f2modament i preparar el jard\u00ed abans que arribi l&#039;estiu!\" \/>\n<meta property=\"og:url\" content=\"https:\/\/ollerpintures.com\/ca\/producte\/tractament-tarima-de-fusta\/\" \/>\n<meta property=\"og:site_name\" content=\"Oller Pinturas y Revestimientos\" \/>\n<meta property=\"article:publisher\" content=\"https:\/\/www.facebook.com\/people\/Oller-Pintures\/100063652056709\/\" \/>\n<meta property=\"article:modified_time\" content=\"2023-03-09T14:58:05+00:00\" \/>\n<meta property=\"og:image\" content=\"https:\/\/ollerpintures.com\/wp-content\/uploads\/2022\/03\/pintura-piscina-fibra-pack-online-oller.jpg\" \/>\n\t<meta property=\"og:image:width\" content=\"1080\" \/>\n\t<meta property=\"og:image:height\" content=\"1080\" \/>\n\t<meta property=\"og:image:type\" content=\"image\/jpeg\" \/>\n<meta name=\"twitter:card\" content=\"summary_large_image\" \/>\n<meta name=\"twitter:label1\" content=\"Temps estimat de lectura\" \/>\n\t<meta name=\"twitter:data1\" content=\"2 minuts\" \/>\n<script type=\"application\/ld+json\" class=\"yoast-schema-graph\">{\"@context\":\"https:\/\/schema.org\",\"@graph\":[{\"@type\":\"WebPage\",\"@id\":\"https:\/\/ollerpintures.com\/ca\/producte\/tractament-tarima-de-fusta\/\",\"url\":\"https:\/\/ollerpintures.com\/ca\/producte\/tractament-tarima-de-fusta\/\",\"name\":\"Pack PINTURA PER TARIMA DE FUSTA | Pack lasur per fusta + netejador biodegradable + eines - Oller Pinturas y Revestimientos\",\"isPartOf\":{\"@id\":\"https:\/\/ollerpintures.com\/ca\/#website\"},\"primaryImageOfPage\":{\"@id\":\"https:\/\/ollerpintures.com\/ca\/producte\/tractament-tarima-de-fusta\/#primaryimage\"},\"image\":{\"@id\":\"https:\/\/ollerpintures.com\/ca\/producte\/tractament-tarima-de-fusta\/#primaryimage\"},\"thumbnailUrl\":\"https:\/\/ollerpintures.com\/wp-content\/uploads\/2022\/03\/pintura-para-tratamiento-tarima-de-madera-lasur-sikkens-hydratol-net-trol-comprar-online-oller-pintures.jpg\",\"datePublished\":\"2022-03-09T08:45:16+00:00\",\"dateModified\":\"2023-03-09T14:58:05+00:00\",\"description\":\"Kit per pintar tarimes de fusta: netejador biodegradable Net-Trol, pintura lasur per fusta, cubeta amb reixeta, PAD, extensi\u00f3 d\u2019alumini per corr\u00f3. Escull el color que prefereixes per la tarima de fusta i aprofita el pack per pintar c\u00f2modament i preparar el jard\u00ed abans que arribi l'estiu!\",\"breadcrumb\":{\"@id\":\"https:\/\/ollerpintures.com\/ca\/producte\/tractament-tarima-de-fusta\/#breadcrumb\"},\"inLanguage\":\"ca\",\"potentialAction\":[{\"@type\":\"ReadAction\",\"target\":[\"https:\/\/ollerpintures.com\/ca\/producte\/tractament-tarima-de-fusta\/\"]}]},{\"@type\":\"ImageObject\",\"inLanguage\":\"ca\",\"@id\":\"https:\/\/ollerpintures.com\/ca\/producte\/tractament-tarima-de-fusta\/#primaryimage\",\"url\":\"https:\/\/ollerpintures.com\/wp-content\/uploads\/2022\/03\/pintura-para-tratamiento-tarima-de-madera-lasur-sikkens-hydratol-net-trol-comprar-online-oller-pintures.jpg\",\"contentUrl\":\"https:\/\/ollerpintures.com\/wp-content\/uploads\/2022\/03\/pintura-para-tratamiento-tarima-de-madera-lasur-sikkens-hydratol-net-trol-comprar-online-oller-pintures.jpg\",\"width\":1080,\"height\":1080,\"caption\":\"tractament per tarimes de fusta\"},{\"@type\":\"BreadcrumbList\",\"@id\":\"https:\/\/ollerpintures.com\/ca\/producte\/tractament-tarima-de-fusta\/#breadcrumb\",\"itemListElement\":[{\"@type\":\"ListItem\",\"position\":1,\"name\":\"Inici\",\"item\":\"https:\/\/ollerpintures.com\/ca\/\"},{\"@type\":\"ListItem\",\"position\":2,\"name\":\"Botiga\",\"item\":\"https:\/\/ollerpintures.com\/ca\/botiga\/\"},{\"@type\":\"ListItem\",\"position\":3,\"name\":\"Pack PINTURA PER TARIMA DE FUSTA | Pack lasur per fusta + netejador biodegradable + eines\"}]},{\"@type\":\"WebSite\",\"@id\":\"https:\/\/ollerpintures.com\/ca\/#website\",\"url\":\"https:\/\/ollerpintures.com\/ca\/\",\"name\":\"Oller Pinturas y Revestimientos\",\"description\":\"Pinturas y revestimientos para profesionales, industrias, obras p\u00fablicas, bricolaje. Pinturas de calidad profesional i mucho m\u00e1s.\",\"publisher\":{\"@id\":\"https:\/\/ollerpintures.com\/ca\/#organization\"},\"alternateName\":\"Oller Grup\",\"potentialAction\":[{\"@type\":\"SearchAction\",\"target\":{\"@type\":\"EntryPoint\",\"urlTemplate\":\"https:\/\/ollerpintures.com\/ca\/?s={search_term_string}\"},\"query-input\":{\"@type\":\"PropertyValueSpecification\",\"valueRequired\":true,\"valueName\":\"search_term_string\"}}],\"inLanguage\":\"ca\"},{\"@type\":\"Organization\",\"@id\":\"https:\/\/ollerpintures.com\/ca\/#organization\",\"name\":\"Oller Pintures i Revestiments\",\"alternateName\":\"Oller Grup\",\"url\":\"https:\/\/ollerpintures.com\/ca\/\",\"logo\":{\"@type\":\"ImageObject\",\"inLanguage\":\"ca\",\"@id\":\"https:\/\/ollerpintures.com\/ca\/#\/schema\/logo\/image\/\",\"url\":\"https:\/\/ollerpintures.com\/wp-content\/uploads\/2024\/05\/newLogo.png\",\"contentUrl\":\"https:\/\/ollerpintures.com\/wp-content\/uploads\/2024\/05\/newLogo.png\",\"width\":483,\"height\":244,\"caption\":\"Oller Pintures i Revestiments\"},\"image\":{\"@id\":\"https:\/\/ollerpintures.com\/ca\/#\/schema\/logo\/image\/\"},\"sameAs\":[\"https:\/\/www.facebook.com\/people\/Oller-Pintures\/100063652056709\/\",\"https:\/\/www.instagram.com\/ollerpintures\/\",\"https:\/\/descriptor.es\/organization\/oller-grup\/\"]}]}<\/script>\n<!-- \/ Yoast SEO plugin. -->","yoast_head_json":{"title":"Pack PINTURA PER TARIMA DE FUSTA | Pack lasur per fusta + netejador biodegradable + eines - Oller Pinturas y Revestimientos","description":"Kit per pintar tarimes de fusta: netejador biodegradable Net-Trol, pintura lasur per fusta, cubeta amb reixeta, PAD, extensi\u00f3 d\u2019alumini per corr\u00f3. Escull el color que prefereixes per la tarima de fusta i aprofita el pack per pintar c\u00f2modament i preparar el jard\u00ed abans que arribi l'estiu!","robots":{"index":"index","follow":"follow","max-snippet":"max-snippet:-1","max-image-preview":"max-image-preview:large","max-video-preview":"max-video-preview:-1"},"canonical":"https:\/\/ollerpintures.com\/ca\/producte\/tractament-tarima-de-fusta\/","og_locale":"ca_ES","og_type":"article","og_title":"Pack PINTURA PER TARIMA DE FUSTA | Pack lasur per fusta + netejador biodegradable + eines - Oller Pinturas y Revestimientos","og_description":"Kit per pintar tarimes de fusta: netejador biodegradable Net-Trol, pintura lasur per fusta, cubeta amb reixeta, PAD, extensi\u00f3 d\u2019alumini per corr\u00f3. Escull el color que prefereixes per la tarima de fusta i aprofita el pack per pintar c\u00f2modament i preparar el jard\u00ed abans que arribi l'estiu!","og_url":"https:\/\/ollerpintures.com\/ca\/producte\/tractament-tarima-de-fusta\/","og_site_name":"Oller Pinturas y Revestimientos","article_publisher":"https:\/\/www.facebook.com\/people\/Oller-Pintures\/100063652056709\/","article_modified_time":"2023-03-09T14:58:05+00:00","og_image":[{"width":1080,"height":1080,"url":"https:\/\/ollerpintures.com\/wp-content\/uploads\/2022\/03\/pintura-piscina-fibra-pack-online-oller.jpg","type":"image\/jpeg"}],"twitter_card":"summary_large_image","twitter_misc":{"Temps estimat de lectura":"2 minuts"},"schema":{"@context":"https:\/\/schema.org","@graph":[{"@type":"WebPage","@id":"https:\/\/ollerpintures.com\/ca\/producte\/tractament-tarima-de-fusta\/","url":"https:\/\/ollerpintures.com\/ca\/producte\/tractament-tarima-de-fusta\/","name":"Pack PINTURA PER TARIMA DE FUSTA | Pack lasur per fusta + netejador biodegradable + eines - Oller Pinturas y Revestimientos","isPartOf":{"@id":"https:\/\/ollerpintures.com\/ca\/#website"},"primaryImageOfPage":{"@id":"https:\/\/ollerpintures.com\/ca\/producte\/tractament-tarima-de-fusta\/#primaryimage"},"image":{"@id":"https:\/\/ollerpintures.com\/ca\/producte\/tractament-tarima-de-fusta\/#primaryimage"},"thumbnailUrl":"https:\/\/ollerpintures.com\/wp-content\/uploads\/2022\/03\/pintura-para-tratamiento-tarima-de-madera-lasur-sikkens-hydratol-net-trol-comprar-online-oller-pintures.jpg","datePublished":"2022-03-09T08:45:16+00:00","dateModified":"2023-03-09T14:58:05+00:00","description":"Kit per pintar tarimes de fusta: netejador biodegradable Net-Trol, pintura lasur per fusta, cubeta amb reixeta, PAD, extensi\u00f3 d\u2019alumini per corr\u00f3. Escull el color que prefereixes per la tarima de fusta i aprofita el pack per pintar c\u00f2modament i preparar el jard\u00ed abans que arribi l'estiu!","breadcrumb":{"@id":"https:\/\/ollerpintures.com\/ca\/producte\/tractament-tarima-de-fusta\/#breadcrumb"},"inLanguage":"ca","potentialAction":[{"@type":"ReadAction","target":["https:\/\/ollerpintures.com\/ca\/producte\/tractament-tarima-de-fusta\/"]}]},{"@type":"ImageObject","inLanguage":"ca","@id":"https:\/\/ollerpintures.com\/ca\/producte\/tractament-tarima-de-fusta\/#primaryimage","url":"https:\/\/ollerpintures.com\/wp-content\/uploads\/2022\/03\/pintura-para-tratamiento-tarima-de-madera-lasur-sikkens-hydratol-net-trol-comprar-online-oller-pintures.jpg","contentUrl":"https:\/\/ollerpintures.com\/wp-content\/uploads\/2022\/03\/pintura-para-tratamiento-tarima-de-madera-lasur-sikkens-hydratol-net-trol-comprar-online-oller-pintures.jpg","width":1080,"height":1080,"caption":"tractament per tarimes de fusta"},{"@type":"BreadcrumbList","@id":"https:\/\/ollerpintures.com\/ca\/producte\/tractament-tarima-de-fusta\/#breadcrumb","itemListElement":[{"@type":"ListItem","position":1,"name":"Inici","item":"https:\/\/ollerpintures.com\/ca\/"},{"@type":"ListItem","position":2,"name":"Botiga","item":"https:\/\/ollerpintures.com\/ca\/botiga\/"},{"@type":"ListItem","position":3,"name":"Pack PINTURA PER TARIMA DE FUSTA | Pack lasur per fusta + netejador biodegradable + eines"}]},{"@type":"WebSite","@id":"https:\/\/ollerpintures.com\/ca\/#website","url":"https:\/\/ollerpintures.com\/ca\/","name":"Oller Pinturas y Revestimientos","description":"Pinturas y revestimientos para profesionales, industrias, obras p\u00fablicas, bricolaje. Pinturas de calidad profesional i mucho m\u00e1s.","publisher":{"@id":"https:\/\/ollerpintures.com\/ca\/#organization"},"alternateName":"Oller Grup","potentialAction":[{"@type":"SearchAction","target":{"@type":"EntryPoint","urlTemplate":"https:\/\/ollerpintures.com\/ca\/?s={search_term_string}"},"query-input":{"@type":"PropertyValueSpecification","valueRequired":true,"valueName":"search_term_string"}}],"inLanguage":"ca"},{"@type":"Organization","@id":"https:\/\/ollerpintures.com\/ca\/#organization","name":"Oller Pintures i Revestiments","alternateName":"Oller Grup","url":"https:\/\/ollerpintures.com\/ca\/","logo":{"@type":"ImageObject","inLanguage":"ca","@id":"https:\/\/ollerpintures.com\/ca\/#\/schema\/logo\/image\/","url":"https:\/\/ollerpintures.com\/wp-content\/uploads\/2024\/05\/newLogo.png","contentUrl":"https:\/\/ollerpintures.com\/wp-content\/uploads\/2024\/05\/newLogo.png","width":483,"height":244,"caption":"Oller Pintures i Revestiments"},"image":{"@id":"https:\/\/ollerpintures.com\/ca\/#\/schema\/logo\/image\/"},"sameAs":["https:\/\/www.facebook.com\/people\/Oller-Pintures\/100063652056709\/","https:\/\/www.instagram.com\/ollerpintures\/","https:\/\/descriptor.es\/organization\/oller-grup\/"]}]}},"brands":[{"id":403,"name":"Zenko","slug":"zenko"}],"_links":{"self":[{"href":"https:\/\/ollerpintures.com\/ca\/wp-json\/wp\/v2\/product\/18372","targetHints":{"allow":["GET"]}}],"collection":[{"href":"https:\/\/ollerpintures.com\/ca\/wp-json\/wp\/v2\/product"}],"about":[{"href":"https:\/\/ollerpintures.com\/ca\/wp-json\/wp\/v2\/types\/product"}],"wp:featuredmedia":[{"embeddable":true,"href":"https:\/\/ollerpintures.com\/ca\/wp-json\/wp\/v2\/media\/18378"}],"wp:attachment":[{"href":"https:\/\/ollerpintures.com\/ca\/wp-json\/wp\/v2\/media?parent=18372"}],"wp:term":[{"taxonomy":"pwb-brand","embeddable":true,"href":"https:\/\/ollerpintures.com\/ca\/wp-json\/wp\/v2\/pwb-brand?post=18372"},{"taxonomy":"product_brand","embeddable":true,"href":"https:\/\/ollerpintures.com\/ca\/wp-json\/wp\/v2\/product_brand?post=18372"},{"taxonomy":"product_cat","embeddable":true,"href":"https:\/\/ollerpintures.com\/ca\/wp-json\/wp\/v2\/product_cat?post=18372"},{"taxonomy":"product_tag","embeddable":true,"href":"https:\/\/ollerpintures.com\/ca\/wp-json\/wp\/v2\/product_tag?post=18372"}],"curies":[{"name":"wp","href":"https:\/\/api.w.org\/{rel}","templated":true}]}}