{"id":18347,"date":"2022-03-07T12:57:04","date_gmt":"2022-03-07T11:57:04","guid":{"rendered":"https:\/\/oller-pintures.c.wetopi.com\/?post_type=product&#038;p=18347"},"modified":"2022-10-07T16:10:40","modified_gmt":"2022-10-07T15:10:40","slug":"kit-pintura-per-tarima-de-fusta","status":"publish","type":"product","link":"https:\/\/ollerpintures.com\/ca\/producte\/kit-pintura-per-tarima-de-fusta\/","title":{"rendered":"Pack PINTURA PER TARIMA DE FUSTA | Fes-lo al teu gust!"},"content":{"rendered":"<p>Has de reparar una tarima de fusta d&#8217;un jard\u00ed? Et proposem un kit de productes pel tractament de la fusta ideal si la tarima est\u00e0 a prop d&#8217;una zona de gespa! Utilitza productes biodegradables per no fer-la malb\u00e9 i mantenir el jard\u00ed en perfecte estat de cara al bon temps. A continuaci\u00f3 pots escollir els productes que s&#8217;ajusten millor al teu projecte amb les quantitats que necessitis.<\/p>\n<p><strong>Qu\u00e8 contempla aquest kit?<\/strong><\/p>\n<p><img decoding=\"async\" class=\"emoji ls-is-cached lazyloaded\" role=\"img\" draggable=\"false\" src=\"https:\/\/s.w.org\/images\/core\/emoji\/13.1.0\/svg\/2705.svg\" alt=\"\u2705\" data-src=\"https:\/\/s.w.org\/images\/core\/emoji\/13.1.0\/svg\/2705.svg\" \/> <a href=\"https:\/\/ollerpintures.com\/ca\/producte\/netejador-biodegradable-per-fusta-net-trol-owatrol\/\" target=\"_blank\" rel=\"noopener\">Netejador biodegradable per fusta Net-Trol OWATROL\u00a0<\/a><\/p>\n<ul>\n<li>Env\u00e0s d&#8217;1L<\/li>\n<li>Env\u00e0s de 2,5L<\/li>\n<\/ul>\n<p><img decoding=\"async\" class=\"emoji ls-is-cached lazyloaded\" role=\"img\" draggable=\"false\" src=\"https:\/\/s.w.org\/images\/core\/emoji\/13.1.0\/svg\/2705.svg\" alt=\"\u2705\" data-src=\"https:\/\/s.w.org\/images\/core\/emoji\/13.1.0\/svg\/2705.svg\" \/> <a href=\"https:\/\/ollerpintures.com\/ca\/producte\/pintura-per-tarimes-de-fusta-lasur-sikkens-cetol-bl-hydratol-teka\/\" target=\"_blank\" rel=\"noopener\">Lasur per tarimes de fusta SIKKENS Cetol BL Hydratol <\/a><\/p>\n<ul>\n<li>Color Teka\n<ul>\n<li>Env\u00e0s 1L<\/li>\n<li>Env\u00e0s 2,5L<\/li>\n<li>Env\u00e0s 10L<\/li>\n<\/ul>\n<\/li>\n<li>Color Roble Claro\n<ul>\n<li>Env\u00e0s 1L<\/li>\n<li>Env\u00e0s 2,5L<\/li>\n<li>Env\u00e0s 10L<\/li>\n<\/ul>\n<\/li>\n<\/ul>\n<p><img decoding=\"async\" class=\"emoji ls-is-cached lazyloaded\" role=\"img\" draggable=\"false\" src=\"https:\/\/s.w.org\/images\/core\/emoji\/13.1.0\/svg\/2705.svg\" alt=\"\u2705\" data-src=\"https:\/\/s.w.org\/images\/core\/emoji\/13.1.0\/svg\/2705.svg\" \/> <a href=\"https:\/\/ollerpintures.com\/ca\/producte\/pad-madera-hilo-largo\/\" target=\"_blank\" rel=\"noopener\">PAD<\/a> + <a href=\"https:\/\/ollerpintures.com\/ca\/producte\/allargament-alumini-per-corro-2m\/\" target=\"_blank\" rel=\"noopener\">extensi\u00f3 d&#8217;alumini<\/a> \u2192 per la c\u00f2moda i correcta aplicaci\u00f3 del lasur<\/p>\n<p><img decoding=\"async\" class=\"emoji ls-is-cached lazyloaded\" role=\"img\" draggable=\"false\" src=\"https:\/\/s.w.org\/images\/core\/emoji\/13.1.0\/svg\/2705.svg\" alt=\"\u2705\" data-src=\"https:\/\/s.w.org\/images\/core\/emoji\/13.1.0\/svg\/2705.svg\" \/><a href=\"https:\/\/ollerpintures.com\/ca\/producte\/cubeta-de-plastic-16l-amb-reixeta-per-pintar\/\" target=\"_blank\" rel=\"noopener\"> Cubeta de pl\u00e0stic de 16L amb reixeta<\/a><\/p>\n<p>&nbsp;<\/p>\n<p><strong>Recomanacions extra:\u00a0<\/strong><\/p>\n<p><img decoding=\"async\" class=\"emoji ls-is-cached lazyloaded\" role=\"img\" draggable=\"false\" src=\"https:\/\/s.w.org\/images\/core\/emoji\/13.1.0\/svg\/2705.svg\" alt=\"\u2705\" data-src=\"https:\/\/s.w.org\/images\/core\/emoji\/13.1.0\/svg\/2705.svg\" \/> <a href=\"https:\/\/ollerpintures.com\/ca\/categoria-producte\/maquinaria\/hidrorentadores\/\" target=\"_blank\" rel=\"noopener\">Hidronetejadora STANLEY<\/a> \u2192 T&#8217;ajudar\u00e0 a fer el primer pas: neteja a fons de la superf\u00edcie. Et far\u00e0 el proc\u00e9s m\u00e9s senzill i r\u00e0pid i podr\u00e0s comen\u00e7ar a pintar molt abans!<\/p>\n<p>&nbsp;<\/p>\n<p><a href=\"https:\/\/ollerpintures.com\/ca\/tarima-de-fusta-per-piscina-tractament-de-la-fusta\/\" target=\"_blank\" rel=\"noopener\"><strong>Com fer un bon tractament d&#8217;una tarima de fusta?\u00a0\u00a0<\/strong><\/a><\/p>\n<ol>\n<li>Neteja a fons la superf\u00edcie \u2192 utilitza Net-Trol OWATROL despr\u00e9s d&#8217;haver netejat amb aigua a pressi\u00f3 la tarima<\/li>\n<li>Aplica el lasur Cetol BL Hydratol amb l&#8217;ajuda del PAD + extensi\u00f3 d&#8217;alumini.<\/li>\n<li>Respecta els temps d&#8217;assecat (consultar a les fitxes t\u00e8cniques) i ja tindr\u00e0s el jard\u00ed llest per gaudir-lo!<\/li>\n<\/ol>\n<p>&nbsp;<\/p>\n<p>&nbsp;<\/p>\n<p>&nbsp;<\/p>\n","protected":false},"excerpt":{"rendered":"<p>Kit per fer el tractament d&#8217;una tarima de fusta. <strong>Escull els productes que m\u00e9s s&#8217;ajustin al teu projecte i fes el teu propi kit!\u00a0<\/strong><\/p>\n","protected":false},"featured_media":18370,"template":"","meta":{"_acf_changed":false},"pwb-brand":[839,820],"product_brand":[],"product_cat":[821,838,830,842,539,807],"product_tag":[732,651,823],"class_list":{"0":"post-18347","1":"product","2":"type-product","3":"status-publish","4":"has-post-thumbnail","6":"pwb-brand-owatrol","7":"pwb-brand-sikkens","8":"product_cat-tractament-per-fusta-i-jardi","9":"product_cat-netejadors-i-decapants","10":"product_cat-lasur-protector","11":"product_cat-eines-i-maquines-per-fusta","12":"product_cat-pintura-per-fusta","13":"product_cat-hidrorentadores","14":"product_tag-jardi","15":"product_tag-pack","16":"product_tag-tarimes-de-fusta","17":"no-featured-image-padding","18":"resize-featured-image","19":"sales-flash-overlay","20":"woocommerce-text-align-left","21":"woocommerce-image-align-center","22":"do-quantity-buttons","24":"first","25":"instock","26":"shipping-taxable","27":"product-type-grouped"},"acf":[],"yoast_head":"<!-- This site is optimized with the Yoast SEO plugin v27.1.1 - https:\/\/yoast.com\/product\/yoast-seo-wordpress\/ -->\n<title>Pack PINTURA PER TARIMA DE FUSTA | Fes-lo al teu gust! - Oller Pinturas y Revestimientos<\/title>\n<meta name=\"description\" content=\"Kit per fer el tractament d&#039;una tarima de fusta. Escull els productes que m\u00e9s s&#039;ajustin al teu projecte i fes el teu propi kit!\u00a0\" \/>\n<meta name=\"robots\" content=\"index, follow, max-snippet:-1, max-image-preview:large, max-video-preview:-1\" \/>\n<link rel=\"canonical\" href=\"https:\/\/ollerpintures.com\/ca\/producte\/kit-pintura-per-tarima-de-fusta\/\" \/>\n<meta property=\"og:locale\" content=\"ca_ES\" \/>\n<meta property=\"og:type\" content=\"article\" \/>\n<meta property=\"og:title\" content=\"Pack PINTURA PER TARIMA DE FUSTA | Fes-lo al teu gust! - Oller Pinturas y Revestimientos\" \/>\n<meta property=\"og:description\" content=\"Kit per fer el tractament d&#039;una tarima de fusta. Escull els productes que m\u00e9s s&#039;ajustin al teu projecte i fes el teu propi kit!\u00a0\" \/>\n<meta property=\"og:url\" content=\"https:\/\/ollerpintures.com\/ca\/producte\/kit-pintura-per-tarima-de-fusta\/\" \/>\n<meta property=\"og:site_name\" content=\"Oller Pinturas y Revestimientos\" \/>\n<meta property=\"article:publisher\" content=\"https:\/\/www.facebook.com\/people\/Oller-Pintures\/100063652056709\/\" \/>\n<meta property=\"article:modified_time\" content=\"2022-10-07T15:10:40+00:00\" \/>\n<meta property=\"og:image\" content=\"https:\/\/ollerpintures.com\/wp-content\/uploads\/2022\/03\/pintura-para-tarima-de-madera-lasur-net-trol-owatrol-comprar-online-oller-pintures.jpg\" \/>\n\t<meta property=\"og:image:width\" content=\"1080\" \/>\n\t<meta property=\"og:image:height\" content=\"1080\" \/>\n\t<meta property=\"og:image:type\" content=\"image\/jpeg\" \/>\n<meta name=\"twitter:card\" content=\"summary_large_image\" \/>\n<meta name=\"twitter:label1\" content=\"Temps estimat de lectura\" \/>\n\t<meta name=\"twitter:data1\" content=\"2 minuts\" \/>\n<script type=\"application\/ld+json\" class=\"yoast-schema-graph\">{\"@context\":\"https:\/\/schema.org\",\"@graph\":[{\"@type\":\"WebPage\",\"@id\":\"https:\/\/ollerpintures.com\/ca\/producte\/kit-pintura-per-tarima-de-fusta\/\",\"url\":\"https:\/\/ollerpintures.com\/ca\/producte\/kit-pintura-per-tarima-de-fusta\/\",\"name\":\"Pack PINTURA PER TARIMA DE FUSTA | Fes-lo al teu gust! - Oller Pinturas y Revestimientos\",\"isPartOf\":{\"@id\":\"https:\/\/ollerpintures.com\/ca\/#website\"},\"primaryImageOfPage\":{\"@id\":\"https:\/\/ollerpintures.com\/ca\/producte\/kit-pintura-per-tarima-de-fusta\/#primaryimage\"},\"image\":{\"@id\":\"https:\/\/ollerpintures.com\/ca\/producte\/kit-pintura-per-tarima-de-fusta\/#primaryimage\"},\"thumbnailUrl\":\"https:\/\/ollerpintures.com\/wp-content\/uploads\/2022\/03\/pintura-para-tarima-de-madera-lasur-net-trol-owatrol-comprar-online-oller-pintures.jpg\",\"datePublished\":\"2022-03-07T11:57:04+00:00\",\"dateModified\":\"2022-10-07T15:10:40+00:00\",\"description\":\"Kit per fer el tractament d'una tarima de fusta. Escull els productes que m\u00e9s s'ajustin al teu projecte i fes el teu propi kit!\u00a0\",\"breadcrumb\":{\"@id\":\"https:\/\/ollerpintures.com\/ca\/producte\/kit-pintura-per-tarima-de-fusta\/#breadcrumb\"},\"inLanguage\":\"ca\",\"potentialAction\":[{\"@type\":\"ReadAction\",\"target\":[\"https:\/\/ollerpintures.com\/ca\/producte\/kit-pintura-per-tarima-de-fusta\/\"]}]},{\"@type\":\"ImageObject\",\"inLanguage\":\"ca\",\"@id\":\"https:\/\/ollerpintures.com\/ca\/producte\/kit-pintura-per-tarima-de-fusta\/#primaryimage\",\"url\":\"https:\/\/ollerpintures.com\/wp-content\/uploads\/2022\/03\/pintura-para-tarima-de-madera-lasur-net-trol-owatrol-comprar-online-oller-pintures.jpg\",\"contentUrl\":\"https:\/\/ollerpintures.com\/wp-content\/uploads\/2022\/03\/pintura-para-tarima-de-madera-lasur-net-trol-owatrol-comprar-online-oller-pintures.jpg\",\"width\":1080,\"height\":1080,\"caption\":\"pintura per tarima de fusta\"},{\"@type\":\"BreadcrumbList\",\"@id\":\"https:\/\/ollerpintures.com\/ca\/producte\/kit-pintura-per-tarima-de-fusta\/#breadcrumb\",\"itemListElement\":[{\"@type\":\"ListItem\",\"position\":1,\"name\":\"Inici\",\"item\":\"https:\/\/ollerpintures.com\/ca\/\"},{\"@type\":\"ListItem\",\"position\":2,\"name\":\"Botiga\",\"item\":\"https:\/\/ollerpintures.com\/ca\/botiga\/\"},{\"@type\":\"ListItem\",\"position\":3,\"name\":\"Pack PINTURA PER TARIMA DE FUSTA | Fes-lo al teu gust!\"}]},{\"@type\":\"WebSite\",\"@id\":\"https:\/\/ollerpintures.com\/ca\/#website\",\"url\":\"https:\/\/ollerpintures.com\/ca\/\",\"name\":\"Oller Pinturas y Revestimientos\",\"description\":\"Pinturas y revestimientos para profesionales, industrias, obras p\u00fablicas, bricolaje. Pinturas de calidad profesional i mucho m\u00e1s.\",\"publisher\":{\"@id\":\"https:\/\/ollerpintures.com\/ca\/#organization\"},\"alternateName\":\"Oller Grup\",\"potentialAction\":[{\"@type\":\"SearchAction\",\"target\":{\"@type\":\"EntryPoint\",\"urlTemplate\":\"https:\/\/ollerpintures.com\/ca\/?s={search_term_string}\"},\"query-input\":{\"@type\":\"PropertyValueSpecification\",\"valueRequired\":true,\"valueName\":\"search_term_string\"}}],\"inLanguage\":\"ca\"},{\"@type\":\"Organization\",\"@id\":\"https:\/\/ollerpintures.com\/ca\/#organization\",\"name\":\"Oller Pintures i Revestiments\",\"alternateName\":\"Oller Grup\",\"url\":\"https:\/\/ollerpintures.com\/ca\/\",\"logo\":{\"@type\":\"ImageObject\",\"inLanguage\":\"ca\",\"@id\":\"https:\/\/ollerpintures.com\/ca\/#\/schema\/logo\/image\/\",\"url\":\"https:\/\/ollerpintures.com\/wp-content\/uploads\/2024\/05\/newLogo.png\",\"contentUrl\":\"https:\/\/ollerpintures.com\/wp-content\/uploads\/2024\/05\/newLogo.png\",\"width\":483,\"height\":244,\"caption\":\"Oller Pintures i Revestiments\"},\"image\":{\"@id\":\"https:\/\/ollerpintures.com\/ca\/#\/schema\/logo\/image\/\"},\"sameAs\":[\"https:\/\/www.facebook.com\/people\/Oller-Pintures\/100063652056709\/\",\"https:\/\/www.instagram.com\/ollerpintures\/\",\"https:\/\/descriptor.es\/organization\/oller-grup\/\"]}]}<\/script>\n<!-- \/ Yoast SEO plugin. -->","yoast_head_json":{"title":"Pack PINTURA PER TARIMA DE FUSTA | Fes-lo al teu gust! - Oller Pinturas y Revestimientos","description":"Kit per fer el tractament d'una tarima de fusta. Escull els productes que m\u00e9s s'ajustin al teu projecte i fes el teu propi kit!\u00a0","robots":{"index":"index","follow":"follow","max-snippet":"max-snippet:-1","max-image-preview":"max-image-preview:large","max-video-preview":"max-video-preview:-1"},"canonical":"https:\/\/ollerpintures.com\/ca\/producte\/kit-pintura-per-tarima-de-fusta\/","og_locale":"ca_ES","og_type":"article","og_title":"Pack PINTURA PER TARIMA DE FUSTA | Fes-lo al teu gust! - Oller Pinturas y Revestimientos","og_description":"Kit per fer el tractament d'una tarima de fusta. Escull els productes que m\u00e9s s'ajustin al teu projecte i fes el teu propi kit!\u00a0","og_url":"https:\/\/ollerpintures.com\/ca\/producte\/kit-pintura-per-tarima-de-fusta\/","og_site_name":"Oller Pinturas y Revestimientos","article_publisher":"https:\/\/www.facebook.com\/people\/Oller-Pintures\/100063652056709\/","article_modified_time":"2022-10-07T15:10:40+00:00","og_image":[{"width":1080,"height":1080,"url":"https:\/\/ollerpintures.com\/wp-content\/uploads\/2022\/03\/pintura-para-tarima-de-madera-lasur-net-trol-owatrol-comprar-online-oller-pintures.jpg","type":"image\/jpeg"}],"twitter_card":"summary_large_image","twitter_misc":{"Temps estimat de lectura":"2 minuts"},"schema":{"@context":"https:\/\/schema.org","@graph":[{"@type":"WebPage","@id":"https:\/\/ollerpintures.com\/ca\/producte\/kit-pintura-per-tarima-de-fusta\/","url":"https:\/\/ollerpintures.com\/ca\/producte\/kit-pintura-per-tarima-de-fusta\/","name":"Pack PINTURA PER TARIMA DE FUSTA | Fes-lo al teu gust! - Oller Pinturas y Revestimientos","isPartOf":{"@id":"https:\/\/ollerpintures.com\/ca\/#website"},"primaryImageOfPage":{"@id":"https:\/\/ollerpintures.com\/ca\/producte\/kit-pintura-per-tarima-de-fusta\/#primaryimage"},"image":{"@id":"https:\/\/ollerpintures.com\/ca\/producte\/kit-pintura-per-tarima-de-fusta\/#primaryimage"},"thumbnailUrl":"https:\/\/ollerpintures.com\/wp-content\/uploads\/2022\/03\/pintura-para-tarima-de-madera-lasur-net-trol-owatrol-comprar-online-oller-pintures.jpg","datePublished":"2022-03-07T11:57:04+00:00","dateModified":"2022-10-07T15:10:40+00:00","description":"Kit per fer el tractament d'una tarima de fusta. Escull els productes que m\u00e9s s'ajustin al teu projecte i fes el teu propi kit!\u00a0","breadcrumb":{"@id":"https:\/\/ollerpintures.com\/ca\/producte\/kit-pintura-per-tarima-de-fusta\/#breadcrumb"},"inLanguage":"ca","potentialAction":[{"@type":"ReadAction","target":["https:\/\/ollerpintures.com\/ca\/producte\/kit-pintura-per-tarima-de-fusta\/"]}]},{"@type":"ImageObject","inLanguage":"ca","@id":"https:\/\/ollerpintures.com\/ca\/producte\/kit-pintura-per-tarima-de-fusta\/#primaryimage","url":"https:\/\/ollerpintures.com\/wp-content\/uploads\/2022\/03\/pintura-para-tarima-de-madera-lasur-net-trol-owatrol-comprar-online-oller-pintures.jpg","contentUrl":"https:\/\/ollerpintures.com\/wp-content\/uploads\/2022\/03\/pintura-para-tarima-de-madera-lasur-net-trol-owatrol-comprar-online-oller-pintures.jpg","width":1080,"height":1080,"caption":"pintura per tarima de fusta"},{"@type":"BreadcrumbList","@id":"https:\/\/ollerpintures.com\/ca\/producte\/kit-pintura-per-tarima-de-fusta\/#breadcrumb","itemListElement":[{"@type":"ListItem","position":1,"name":"Inici","item":"https:\/\/ollerpintures.com\/ca\/"},{"@type":"ListItem","position":2,"name":"Botiga","item":"https:\/\/ollerpintures.com\/ca\/botiga\/"},{"@type":"ListItem","position":3,"name":"Pack PINTURA PER TARIMA DE FUSTA | Fes-lo al teu gust!"}]},{"@type":"WebSite","@id":"https:\/\/ollerpintures.com\/ca\/#website","url":"https:\/\/ollerpintures.com\/ca\/","name":"Oller Pinturas y Revestimientos","description":"Pinturas y revestimientos para profesionales, industrias, obras p\u00fablicas, bricolaje. Pinturas de calidad profesional i mucho m\u00e1s.","publisher":{"@id":"https:\/\/ollerpintures.com\/ca\/#organization"},"alternateName":"Oller Grup","potentialAction":[{"@type":"SearchAction","target":{"@type":"EntryPoint","urlTemplate":"https:\/\/ollerpintures.com\/ca\/?s={search_term_string}"},"query-input":{"@type":"PropertyValueSpecification","valueRequired":true,"valueName":"search_term_string"}}],"inLanguage":"ca"},{"@type":"Organization","@id":"https:\/\/ollerpintures.com\/ca\/#organization","name":"Oller Pintures i Revestiments","alternateName":"Oller Grup","url":"https:\/\/ollerpintures.com\/ca\/","logo":{"@type":"ImageObject","inLanguage":"ca","@id":"https:\/\/ollerpintures.com\/ca\/#\/schema\/logo\/image\/","url":"https:\/\/ollerpintures.com\/wp-content\/uploads\/2024\/05\/newLogo.png","contentUrl":"https:\/\/ollerpintures.com\/wp-content\/uploads\/2024\/05\/newLogo.png","width":483,"height":244,"caption":"Oller Pintures i Revestiments"},"image":{"@id":"https:\/\/ollerpintures.com\/ca\/#\/schema\/logo\/image\/"},"sameAs":["https:\/\/www.facebook.com\/people\/Oller-Pintures\/100063652056709\/","https:\/\/www.instagram.com\/ollerpintures\/","https:\/\/descriptor.es\/organization\/oller-grup\/"]}]}},"brands":[{"id":839,"name":"Owatrol","slug":"owatrol"},{"id":820,"name":"Sikkens","slug":"sikkens"}],"_links":{"self":[{"href":"https:\/\/ollerpintures.com\/ca\/wp-json\/wp\/v2\/product\/18347","targetHints":{"allow":["GET"]}}],"collection":[{"href":"https:\/\/ollerpintures.com\/ca\/wp-json\/wp\/v2\/product"}],"about":[{"href":"https:\/\/ollerpintures.com\/ca\/wp-json\/wp\/v2\/types\/product"}],"wp:featuredmedia":[{"embeddable":true,"href":"https:\/\/ollerpintures.com\/ca\/wp-json\/wp\/v2\/media\/18370"}],"wp:attachment":[{"href":"https:\/\/ollerpintures.com\/ca\/wp-json\/wp\/v2\/media?parent=18347"}],"wp:term":[{"taxonomy":"pwb-brand","embeddable":true,"href":"https:\/\/ollerpintures.com\/ca\/wp-json\/wp\/v2\/pwb-brand?post=18347"},{"taxonomy":"product_brand","embeddable":true,"href":"https:\/\/ollerpintures.com\/ca\/wp-json\/wp\/v2\/product_brand?post=18347"},{"taxonomy":"product_cat","embeddable":true,"href":"https:\/\/ollerpintures.com\/ca\/wp-json\/wp\/v2\/product_cat?post=18347"},{"taxonomy":"product_tag","embeddable":true,"href":"https:\/\/ollerpintures.com\/ca\/wp-json\/wp\/v2\/product_tag?post=18347"}],"curies":[{"name":"wp","href":"https:\/\/api.w.org\/{rel}","templated":true}]}}