{"id":18335,"date":"2022-03-07T12:07:39","date_gmt":"2022-03-07T11:07:39","guid":{"rendered":"https:\/\/oller-pintures.c.wetopi.com\/?post_type=product&#038;p=18335"},"modified":"2023-03-09T12:32:12","modified_gmt":"2023-03-09T11:32:12","slug":"kit-complet-pintura-per-piscines-acrilica","status":"publish","type":"product","link":"https:\/\/ollerpintures.com\/ca\/producte\/kit-complet-pintura-per-piscines-acrilica\/","title":{"rendered":"Pack PINTURA PER PISCINES ACR\u00cdLICA | Pack per piscina complet"},"content":{"rendered":"<p>Et recomanem tots els productes que necessites per pintar piscina d\u2019obra amb \u00e8xit.<strong> T&#8217;ho posem molt f\u00e0cil amb aquest pack per pintar piscines amb pintura per piscines acr\u00edlica. <\/strong>Assegura un bon resultat gr\u00e0cies a la qualitat professional de la nostra pintura:<\/p>\n<p><img decoding=\"async\" class=\"emoji ls-is-cached lazyloaded\" role=\"img\" draggable=\"false\" src=\"https:\/\/s.w.org\/images\/core\/emoji\/13.1.0\/svg\/2705.svg\" alt=\"\u2705\" data-src=\"https:\/\/s.w.org\/images\/core\/emoji\/13.1.0\/svg\/2705.svg\" \/><strong>\u00a0Pintura per piscines acr\u00edlica a l\u2019aigua\u00a0<\/strong>\u2192 Rendiment: 7-11m2\/L\/capa \u2192 A escollir color:<\/p>\n<ul>\n<li>Pintura per piscines acr\u00edlica\u00a0<strong>BLAVA<\/strong>\u00a0de Zenko<\/li>\n<li>Pintura per piscines acr\u00edlica\u00a0<strong>BLANCA<\/strong>\u00a0de Blatem<\/li>\n<\/ul>\n<p><img decoding=\"async\" class=\"emoji ls-is-cached lazyloaded\" role=\"img\" draggable=\"false\" src=\"https:\/\/s.w.org\/images\/core\/emoji\/13.1.0\/svg\/2705.svg\" alt=\"\u2705\" data-src=\"https:\/\/s.w.org\/images\/core\/emoji\/13.1.0\/svg\/2705.svg\" \/><strong>\u00a0Cubeta pl\u00e0stic 16L amb reixeta<\/strong><\/p>\n<p><strong><img decoding=\"async\" class=\"emoji ls-is-cached lazyloaded\" role=\"img\" draggable=\"false\" src=\"https:\/\/s.w.org\/images\/core\/emoji\/13.1.0\/svg\/2705.svg\" alt=\"\u2705\" data-src=\"https:\/\/s.w.org\/images\/core\/emoji\/13.1.0\/svg\/2705.svg\" \/>\u00a0Corr\u00f3 especial per terres i piscines<\/strong><\/p>\n<p><strong><img decoding=\"async\" class=\"emoji ls-is-cached lazyloaded\" role=\"img\" draggable=\"false\" src=\"https:\/\/s.w.org\/images\/core\/emoji\/13.1.0\/svg\/2705.svg\" alt=\"\u2705\" data-src=\"https:\/\/s.w.org\/images\/core\/emoji\/13.1.0\/svg\/2705.svg\" \/>\u00a0Extensi\u00f3 d\u2019alumini per corr\u00f3<\/strong><\/p>\n<p><strong><img decoding=\"async\" class=\"emoji ls-is-cached lazyloaded\" role=\"img\" draggable=\"false\" src=\"https:\/\/s.w.org\/images\/core\/emoji\/13.1.0\/svg\/2705.svg\" alt=\"\u2705\" data-src=\"https:\/\/s.w.org\/images\/core\/emoji\/13.1.0\/svg\/2705.svg\" \/>\u00a0Brotxa per retallar cantonades<\/strong><\/p>\n<p>&nbsp;<\/p>\n<p><strong>Com pintar una piscina de ciment? \u2192 M\u00e9s informaci\u00f3\u00a0<a href=\"https:\/\/ollerpintures.com\/ca\/pintar-la-piscina-segons-el-seu-tipus\/\">AQU\u00cd<\/a><\/strong><\/p>\n<p>&nbsp;<\/p>\n","protected":false},"excerpt":{"rendered":"<div class=\"woocommerce-product-details__short-description\">\n<p><b>Kit per pintar piscina amb pintura acr\u00edlica: pintura per piscina acr\u00edlica, cubeta amb reixeta, corr\u00f3 especial per piscines, extensi\u00f3 d\u2019alumini per corr\u00f3, brotxa rodona. <span style=\"color: #ff6600;\">Escull el color de pintura per piscina que vols i aprofita el pack per pintar c\u00f2modament la piscina abans que arribi l&#8217;estiu!<\/span><\/b><\/p>\n<\/div>\n<form class=\"cart\" action=\"https:\/\/ollerpintures.com\/ca\/producte\/kit-pintura-per-piscina-poliester\/\" enctype=\"multipart\/form-data\" method=\"post\">\n<div class=\"quantity buttons-added\"><\/div>\n<\/form>\n","protected":false},"featured_media":18343,"template":"","meta":{"_acf_changed":false},"pwb-brand":[403],"product_brand":[],"product_cat":[821,729],"product_tag":[732,651,733,731],"class_list":{"0":"post-18335","1":"product","2":"type-product","3":"status-publish","4":"has-post-thumbnail","6":"pwb-brand-zenko","7":"product_cat-tractament-per-fusta-i-jardi","8":"product_cat-pintura-per-piscines","9":"product_tag-jardi","10":"product_tag-pack","11":"product_tag-pintura-per-piscina","12":"product_tag-piscina","13":"no-featured-image-padding","14":"resize-featured-image","15":"sales-flash-overlay","16":"woocommerce-text-align-left","17":"woocommerce-image-align-center","18":"do-quantity-buttons","19":"wc-has-gallery","21":"first","22":"instock","23":"shipping-taxable","24":"purchasable","25":"product-type-variable"},"acf":[],"yoast_head":"<!-- This site is optimized with the Yoast SEO plugin v27.1.1 - https:\/\/yoast.com\/product\/yoast-seo-wordpress\/ -->\n<title>Pack PINTURA PER PISCINES ACR\u00cdLICA | Pack per piscina complet - Oller Pinturas y Revestimientos<\/title>\n<meta name=\"description\" content=\"Kit per pintar piscina amb pintura acr\u00edlica: pintura per piscina acr\u00edlica, cubeta amb reixeta, corr\u00f3 especial per piscines, extensi\u00f3 d\u2019alumini per corr\u00f3, brotxa rodona. Escull el color de pintura per piscina que vols i aprofita el pack per pintar c\u00f2modament la piscina abans que arribi l&#039;estiu!\" \/>\n<meta name=\"robots\" content=\"index, follow, max-snippet:-1, max-image-preview:large, max-video-preview:-1\" \/>\n<link rel=\"canonical\" href=\"https:\/\/ollerpintures.com\/ca\/producte\/kit-complet-pintura-per-piscines-acrilica\/\" \/>\n<meta property=\"og:locale\" content=\"ca_ES\" \/>\n<meta property=\"og:type\" content=\"article\" \/>\n<meta property=\"og:title\" content=\"Pack PINTURA PER PISCINES ACR\u00cdLICA | Pack per piscina complet - Oller Pinturas y Revestimientos\" \/>\n<meta property=\"og:description\" content=\"Kit per pintar piscina amb pintura acr\u00edlica: pintura per piscina acr\u00edlica, cubeta amb reixeta, corr\u00f3 especial per piscines, extensi\u00f3 d\u2019alumini per corr\u00f3, brotxa rodona. Escull el color de pintura per piscina que vols i aprofita el pack per pintar c\u00f2modament la piscina abans que arribi l&#039;estiu!\" \/>\n<meta property=\"og:url\" content=\"https:\/\/ollerpintures.com\/ca\/producte\/kit-complet-pintura-per-piscines-acrilica\/\" \/>\n<meta property=\"og:site_name\" content=\"Oller Pinturas y Revestimientos\" \/>\n<meta property=\"article:publisher\" content=\"https:\/\/www.facebook.com\/people\/Oller-Pintures\/100063652056709\/\" \/>\n<meta property=\"article:modified_time\" content=\"2023-03-09T11:32:12+00:00\" \/>\n<meta property=\"og:image\" content=\"https:\/\/ollerpintures.com\/wp-content\/uploads\/2022\/03\/pintura-piscina-fibra-pack-online-oller.jpg\" \/>\n\t<meta property=\"og:image:width\" content=\"1080\" \/>\n\t<meta property=\"og:image:height\" content=\"1080\" \/>\n\t<meta property=\"og:image:type\" content=\"image\/jpeg\" \/>\n<meta name=\"twitter:card\" content=\"summary_large_image\" \/>\n<meta name=\"twitter:label1\" content=\"Temps estimat de lectura\" \/>\n\t<meta name=\"twitter:data1\" content=\"2 minuts\" \/>\n<script type=\"application\/ld+json\" class=\"yoast-schema-graph\">{\"@context\":\"https:\/\/schema.org\",\"@graph\":[{\"@type\":\"WebPage\",\"@id\":\"https:\/\/ollerpintures.com\/ca\/producte\/kit-complet-pintura-per-piscines-acrilica\/\",\"url\":\"https:\/\/ollerpintures.com\/ca\/producte\/kit-complet-pintura-per-piscines-acrilica\/\",\"name\":\"Pack PINTURA PER PISCINES ACR\u00cdLICA | Pack per piscina complet - Oller Pinturas y Revestimientos\",\"isPartOf\":{\"@id\":\"https:\/\/ollerpintures.com\/ca\/#website\"},\"primaryImageOfPage\":{\"@id\":\"https:\/\/ollerpintures.com\/ca\/producte\/kit-complet-pintura-per-piscines-acrilica\/#primaryimage\"},\"image\":{\"@id\":\"https:\/\/ollerpintures.com\/ca\/producte\/kit-complet-pintura-per-piscines-acrilica\/#primaryimage\"},\"thumbnailUrl\":\"https:\/\/ollerpintures.com\/wp-content\/uploads\/2022\/03\/pintura-para-piscinas-acrilica-pack-economico-comprar-online-oller-pintures.jpg\",\"datePublished\":\"2022-03-07T11:07:39+00:00\",\"dateModified\":\"2023-03-09T11:32:12+00:00\",\"description\":\"Kit per pintar piscina amb pintura acr\u00edlica: pintura per piscina acr\u00edlica, cubeta amb reixeta, corr\u00f3 especial per piscines, extensi\u00f3 d\u2019alumini per corr\u00f3, brotxa rodona. Escull el color de pintura per piscina que vols i aprofita el pack per pintar c\u00f2modament la piscina abans que arribi l'estiu!\",\"breadcrumb\":{\"@id\":\"https:\/\/ollerpintures.com\/ca\/producte\/kit-complet-pintura-per-piscines-acrilica\/#breadcrumb\"},\"inLanguage\":\"ca\",\"potentialAction\":[{\"@type\":\"ReadAction\",\"target\":[\"https:\/\/ollerpintures.com\/ca\/producte\/kit-complet-pintura-per-piscines-acrilica\/\"]}]},{\"@type\":\"ImageObject\",\"inLanguage\":\"ca\",\"@id\":\"https:\/\/ollerpintures.com\/ca\/producte\/kit-complet-pintura-per-piscines-acrilica\/#primaryimage\",\"url\":\"https:\/\/ollerpintures.com\/wp-content\/uploads\/2022\/03\/pintura-para-piscinas-acrilica-pack-economico-comprar-online-oller-pintures.jpg\",\"contentUrl\":\"https:\/\/ollerpintures.com\/wp-content\/uploads\/2022\/03\/pintura-para-piscinas-acrilica-pack-economico-comprar-online-oller-pintures.jpg\",\"width\":1080,\"height\":1080,\"caption\":\"pintura per piscines acr\u00edlica\"},{\"@type\":\"BreadcrumbList\",\"@id\":\"https:\/\/ollerpintures.com\/ca\/producte\/kit-complet-pintura-per-piscines-acrilica\/#breadcrumb\",\"itemListElement\":[{\"@type\":\"ListItem\",\"position\":1,\"name\":\"Inici\",\"item\":\"https:\/\/ollerpintures.com\/ca\/\"},{\"@type\":\"ListItem\",\"position\":2,\"name\":\"Botiga\",\"item\":\"https:\/\/ollerpintures.com\/ca\/botiga\/\"},{\"@type\":\"ListItem\",\"position\":3,\"name\":\"Pack PINTURA PER PISCINES ACR\u00cdLICA | Pack per piscina complet\"}]},{\"@type\":\"WebSite\",\"@id\":\"https:\/\/ollerpintures.com\/ca\/#website\",\"url\":\"https:\/\/ollerpintures.com\/ca\/\",\"name\":\"Oller Pinturas y Revestimientos\",\"description\":\"Pinturas y revestimientos para profesionales, industrias, obras p\u00fablicas, bricolaje. Pinturas de calidad profesional i mucho m\u00e1s.\",\"publisher\":{\"@id\":\"https:\/\/ollerpintures.com\/ca\/#organization\"},\"alternateName\":\"Oller Grup\",\"potentialAction\":[{\"@type\":\"SearchAction\",\"target\":{\"@type\":\"EntryPoint\",\"urlTemplate\":\"https:\/\/ollerpintures.com\/ca\/?s={search_term_string}\"},\"query-input\":{\"@type\":\"PropertyValueSpecification\",\"valueRequired\":true,\"valueName\":\"search_term_string\"}}],\"inLanguage\":\"ca\"},{\"@type\":\"Organization\",\"@id\":\"https:\/\/ollerpintures.com\/ca\/#organization\",\"name\":\"Oller Pintures i Revestiments\",\"alternateName\":\"Oller Grup\",\"url\":\"https:\/\/ollerpintures.com\/ca\/\",\"logo\":{\"@type\":\"ImageObject\",\"inLanguage\":\"ca\",\"@id\":\"https:\/\/ollerpintures.com\/ca\/#\/schema\/logo\/image\/\",\"url\":\"https:\/\/ollerpintures.com\/wp-content\/uploads\/2024\/05\/newLogo.png\",\"contentUrl\":\"https:\/\/ollerpintures.com\/wp-content\/uploads\/2024\/05\/newLogo.png\",\"width\":483,\"height\":244,\"caption\":\"Oller Pintures i Revestiments\"},\"image\":{\"@id\":\"https:\/\/ollerpintures.com\/ca\/#\/schema\/logo\/image\/\"},\"sameAs\":[\"https:\/\/www.facebook.com\/people\/Oller-Pintures\/100063652056709\/\",\"https:\/\/www.instagram.com\/ollerpintures\/\",\"https:\/\/descriptor.es\/organization\/oller-grup\/\"]}]}<\/script>\n<!-- \/ Yoast SEO plugin. -->","yoast_head_json":{"title":"Pack PINTURA PER PISCINES ACR\u00cdLICA | Pack per piscina complet - Oller Pinturas y Revestimientos","description":"Kit per pintar piscina amb pintura acr\u00edlica: pintura per piscina acr\u00edlica, cubeta amb reixeta, corr\u00f3 especial per piscines, extensi\u00f3 d\u2019alumini per corr\u00f3, brotxa rodona. Escull el color de pintura per piscina que vols i aprofita el pack per pintar c\u00f2modament la piscina abans que arribi l'estiu!","robots":{"index":"index","follow":"follow","max-snippet":"max-snippet:-1","max-image-preview":"max-image-preview:large","max-video-preview":"max-video-preview:-1"},"canonical":"https:\/\/ollerpintures.com\/ca\/producte\/kit-complet-pintura-per-piscines-acrilica\/","og_locale":"ca_ES","og_type":"article","og_title":"Pack PINTURA PER PISCINES ACR\u00cdLICA | Pack per piscina complet - Oller Pinturas y Revestimientos","og_description":"Kit per pintar piscina amb pintura acr\u00edlica: pintura per piscina acr\u00edlica, cubeta amb reixeta, corr\u00f3 especial per piscines, extensi\u00f3 d\u2019alumini per corr\u00f3, brotxa rodona. Escull el color de pintura per piscina que vols i aprofita el pack per pintar c\u00f2modament la piscina abans que arribi l'estiu!","og_url":"https:\/\/ollerpintures.com\/ca\/producte\/kit-complet-pintura-per-piscines-acrilica\/","og_site_name":"Oller Pinturas y Revestimientos","article_publisher":"https:\/\/www.facebook.com\/people\/Oller-Pintures\/100063652056709\/","article_modified_time":"2023-03-09T11:32:12+00:00","og_image":[{"width":1080,"height":1080,"url":"https:\/\/ollerpintures.com\/wp-content\/uploads\/2022\/03\/pintura-piscina-fibra-pack-online-oller.jpg","type":"image\/jpeg"}],"twitter_card":"summary_large_image","twitter_misc":{"Temps estimat de lectura":"2 minuts"},"schema":{"@context":"https:\/\/schema.org","@graph":[{"@type":"WebPage","@id":"https:\/\/ollerpintures.com\/ca\/producte\/kit-complet-pintura-per-piscines-acrilica\/","url":"https:\/\/ollerpintures.com\/ca\/producte\/kit-complet-pintura-per-piscines-acrilica\/","name":"Pack PINTURA PER PISCINES ACR\u00cdLICA | Pack per piscina complet - Oller Pinturas y Revestimientos","isPartOf":{"@id":"https:\/\/ollerpintures.com\/ca\/#website"},"primaryImageOfPage":{"@id":"https:\/\/ollerpintures.com\/ca\/producte\/kit-complet-pintura-per-piscines-acrilica\/#primaryimage"},"image":{"@id":"https:\/\/ollerpintures.com\/ca\/producte\/kit-complet-pintura-per-piscines-acrilica\/#primaryimage"},"thumbnailUrl":"https:\/\/ollerpintures.com\/wp-content\/uploads\/2022\/03\/pintura-para-piscinas-acrilica-pack-economico-comprar-online-oller-pintures.jpg","datePublished":"2022-03-07T11:07:39+00:00","dateModified":"2023-03-09T11:32:12+00:00","description":"Kit per pintar piscina amb pintura acr\u00edlica: pintura per piscina acr\u00edlica, cubeta amb reixeta, corr\u00f3 especial per piscines, extensi\u00f3 d\u2019alumini per corr\u00f3, brotxa rodona. Escull el color de pintura per piscina que vols i aprofita el pack per pintar c\u00f2modament la piscina abans que arribi l'estiu!","breadcrumb":{"@id":"https:\/\/ollerpintures.com\/ca\/producte\/kit-complet-pintura-per-piscines-acrilica\/#breadcrumb"},"inLanguage":"ca","potentialAction":[{"@type":"ReadAction","target":["https:\/\/ollerpintures.com\/ca\/producte\/kit-complet-pintura-per-piscines-acrilica\/"]}]},{"@type":"ImageObject","inLanguage":"ca","@id":"https:\/\/ollerpintures.com\/ca\/producte\/kit-complet-pintura-per-piscines-acrilica\/#primaryimage","url":"https:\/\/ollerpintures.com\/wp-content\/uploads\/2022\/03\/pintura-para-piscinas-acrilica-pack-economico-comprar-online-oller-pintures.jpg","contentUrl":"https:\/\/ollerpintures.com\/wp-content\/uploads\/2022\/03\/pintura-para-piscinas-acrilica-pack-economico-comprar-online-oller-pintures.jpg","width":1080,"height":1080,"caption":"pintura per piscines acr\u00edlica"},{"@type":"BreadcrumbList","@id":"https:\/\/ollerpintures.com\/ca\/producte\/kit-complet-pintura-per-piscines-acrilica\/#breadcrumb","itemListElement":[{"@type":"ListItem","position":1,"name":"Inici","item":"https:\/\/ollerpintures.com\/ca\/"},{"@type":"ListItem","position":2,"name":"Botiga","item":"https:\/\/ollerpintures.com\/ca\/botiga\/"},{"@type":"ListItem","position":3,"name":"Pack PINTURA PER PISCINES ACR\u00cdLICA | Pack per piscina complet"}]},{"@type":"WebSite","@id":"https:\/\/ollerpintures.com\/ca\/#website","url":"https:\/\/ollerpintures.com\/ca\/","name":"Oller Pinturas y Revestimientos","description":"Pinturas y revestimientos para profesionales, industrias, obras p\u00fablicas, bricolaje. Pinturas de calidad profesional i mucho m\u00e1s.","publisher":{"@id":"https:\/\/ollerpintures.com\/ca\/#organization"},"alternateName":"Oller Grup","potentialAction":[{"@type":"SearchAction","target":{"@type":"EntryPoint","urlTemplate":"https:\/\/ollerpintures.com\/ca\/?s={search_term_string}"},"query-input":{"@type":"PropertyValueSpecification","valueRequired":true,"valueName":"search_term_string"}}],"inLanguage":"ca"},{"@type":"Organization","@id":"https:\/\/ollerpintures.com\/ca\/#organization","name":"Oller Pintures i Revestiments","alternateName":"Oller Grup","url":"https:\/\/ollerpintures.com\/ca\/","logo":{"@type":"ImageObject","inLanguage":"ca","@id":"https:\/\/ollerpintures.com\/ca\/#\/schema\/logo\/image\/","url":"https:\/\/ollerpintures.com\/wp-content\/uploads\/2024\/05\/newLogo.png","contentUrl":"https:\/\/ollerpintures.com\/wp-content\/uploads\/2024\/05\/newLogo.png","width":483,"height":244,"caption":"Oller Pintures i Revestiments"},"image":{"@id":"https:\/\/ollerpintures.com\/ca\/#\/schema\/logo\/image\/"},"sameAs":["https:\/\/www.facebook.com\/people\/Oller-Pintures\/100063652056709\/","https:\/\/www.instagram.com\/ollerpintures\/","https:\/\/descriptor.es\/organization\/oller-grup\/"]}]}},"brands":[{"id":403,"name":"Zenko","slug":"zenko"}],"_links":{"self":[{"href":"https:\/\/ollerpintures.com\/ca\/wp-json\/wp\/v2\/product\/18335","targetHints":{"allow":["GET"]}}],"collection":[{"href":"https:\/\/ollerpintures.com\/ca\/wp-json\/wp\/v2\/product"}],"about":[{"href":"https:\/\/ollerpintures.com\/ca\/wp-json\/wp\/v2\/types\/product"}],"wp:featuredmedia":[{"embeddable":true,"href":"https:\/\/ollerpintures.com\/ca\/wp-json\/wp\/v2\/media\/18343"}],"wp:attachment":[{"href":"https:\/\/ollerpintures.com\/ca\/wp-json\/wp\/v2\/media?parent=18335"}],"wp:term":[{"taxonomy":"pwb-brand","embeddable":true,"href":"https:\/\/ollerpintures.com\/ca\/wp-json\/wp\/v2\/pwb-brand?post=18335"},{"taxonomy":"product_brand","embeddable":true,"href":"https:\/\/ollerpintures.com\/ca\/wp-json\/wp\/v2\/product_brand?post=18335"},{"taxonomy":"product_cat","embeddable":true,"href":"https:\/\/ollerpintures.com\/ca\/wp-json\/wp\/v2\/product_cat?post=18335"},{"taxonomy":"product_tag","embeddable":true,"href":"https:\/\/ollerpintures.com\/ca\/wp-json\/wp\/v2\/product_tag?post=18335"}],"curies":[{"name":"wp","href":"https:\/\/api.w.org\/{rel}","templated":true}]}}