{"id":18204,"date":"2022-02-23T08:49:56","date_gmt":"2022-02-23T07:49:56","guid":{"rendered":"https:\/\/oller-pintures.c.wetopi.com\/?post_type=product&#038;p=18204"},"modified":"2026-04-14T14:00:24","modified_gmt":"2026-04-14T13:00:24","slug":"montana-colors-caps","status":"publish","type":"product","link":"https:\/\/ollerpintures.com\/ca\/producte\/montana-colors-caps\/","title":{"rendered":"Difusors MTN Caps | Montana Colors"},"content":{"rendered":"<div class=\"m-texto\">\n<p class=\"p1\">Caps, difusors, boquilles, atomitzadors&#8230; existeixen mil i una maneres de donar nom al dispositiu final que s&#8217;encarrega de donar forma i for\u00e7a al tra\u00e7 de pintura de l&#8217;aerosol o spray. Tamb\u00e9 existeixen mil i un models de caps, cadascun amb un funcionament propi que s&#8217;adapta a cada necessitat espec\u00edfica. S\u00f3n els MTN Caps i a Oller els tens al millor preu!<\/p>\n<\/div>\n<ul>\n<li><strong>Skinny Cream Cap<\/strong> &#8211; <img decoding=\"async\" class=\"emoji\" style=\"background-color: #ffffff;\" role=\"img\" draggable=\"false\" src=\"https:\/\/s.w.org\/images\/core\/emoji\/13.1.0\/svg\/2705.svg\" alt=\"\u2705\" \/> <strong>1,6cm<\/strong><\/li>\n<li><strong>Hardcore Medium Cap<\/strong> &#8211; <img decoding=\"async\" class=\"emoji\" style=\"background-color: #ffffff;\" role=\"img\" draggable=\"false\" src=\"https:\/\/s.w.org\/images\/core\/emoji\/13.1.0\/svg\/2705.svg\" alt=\"\u2705\" \/>\u00a0L\u00ednies mitjanes \u2013 <strong>2cm<\/strong>. Recomanat per Hardcore.<\/li>\n<li><strong>Transfer<\/strong> <strong>Cap<\/strong> &#8211;\u00a0<img decoding=\"async\" class=\"emoji\" style=\"background-color: #ffffff;\" role=\"img\" draggable=\"false\" src=\"https:\/\/s.w.org\/images\/core\/emoji\/13.1.0\/svg\/2705.svg\" alt=\"\u2705\" \/>\u00a0<strong>2,5cm<\/strong><\/li>\n<li><strong>Transversal Cap<\/strong> &#8211; <img decoding=\"async\" class=\"emoji\" style=\"background-color: #ffffff;\" role=\"img\" draggable=\"false\" src=\"https:\/\/s.w.org\/images\/core\/emoji\/13.1.0\/svg\/2705.svg\" alt=\"\u2705\" \/><strong>\u00a01,8-6cm<\/strong>. Efecte bisellat.<\/li>\n<li><strong>Transversal Fat Cap<\/strong> &#8211; <img decoding=\"async\" class=\"emoji\" style=\"background-color: #ffffff;\" role=\"img\" draggable=\"false\" src=\"https:\/\/s.w.org\/images\/core\/emoji\/13.1.0\/svg\/2705.svg\" alt=\"\u2705\" \/>\u00a0<strong>9cm<\/strong>. Efecte bisellat.<\/li>\n<li><strong>Fat Pink Cap<\/strong> &#8211; <img decoding=\"async\" class=\"emoji\" style=\"background-color: #ffffff;\" role=\"img\" draggable=\"false\" src=\"https:\/\/s.w.org\/images\/core\/emoji\/13.1.0\/svg\/2705.svg\" alt=\"\u2705\" \/>\u00a0L\u00ednies gruixudes \u2013 <strong>6cm<\/strong>. Recomanat per MTN 94, Water Based i Mega.<\/li>\n<li><strong>Hardcore Fat Cap<\/strong> &#8211; <img decoding=\"async\" class=\"emoji\" style=\"background-color: #ffffff;\" role=\"img\" draggable=\"false\" src=\"https:\/\/s.w.org\/images\/core\/emoji\/13.1.0\/svg\/2705.svg\" alt=\"\u2705\" \/>\u00a0L\u00ednies molt gruixudes \u2013 <strong>6,5cm<\/strong>. Recomanat per Hardcore.<\/li>\n<li><strong>Universal Cap<\/strong> &#8211; <img decoding=\"async\" class=\"emoji\" style=\"background-color: #ffffff;\" role=\"img\" draggable=\"false\" src=\"https:\/\/s.w.org\/images\/core\/emoji\/13.1.0\/svg\/2705.svg\" alt=\"\u2705\" \/> L\u00ednies mitjanes \u2013 <strong>2cm<\/strong>. Recomanat per MTN 94 i Water Based.<\/li>\n<li><strong>NY Fat Cap<\/strong> &#8211; <img decoding=\"async\" class=\"emoji\" style=\"background-color: #ffffff;\" role=\"img\" draggable=\"false\" src=\"https:\/\/s.w.org\/images\/core\/emoji\/13.1.0\/svg\/2705.svg\" alt=\"\u2705\" \/>\u00a0L\u00ednies gruixudes \u2013 <strong>6cm<\/strong>. Recomanat per Hardcore i MTN 94.<\/li>\n<li><strong>Soft Cap<\/strong> &#8211; <img decoding=\"async\" class=\"emoji\" style=\"background-color: #ffffff;\" role=\"img\" draggable=\"false\" src=\"https:\/\/s.w.org\/images\/core\/emoji\/13.1.0\/svg\/2705.svg\" alt=\"\u2705\" \/>\u00a0L\u00ednies mitjanes \u2013 <strong>3,5cm<\/strong>. Recomanat per qualsevol spray MTN.<\/li>\n<li><strong>Super Fat Cap<\/strong> &#8211; <img decoding=\"async\" class=\"emoji\" style=\"background-color: #ffffff;\" role=\"img\" draggable=\"false\" src=\"https:\/\/s.w.org\/images\/core\/emoji\/13.1.0\/svg\/2705.svg\" alt=\"\u2705\" \/>\u00a0L\u00ednies molt gruixudes \u2013 <strong>7,5cm<\/strong>. Recomanat per Mega Plata i Mega Colors.<\/li>\n<li><strong>Astro Fat Cap<\/strong> &#8211; <img decoding=\"async\" class=\"emoji\" style=\"background-color: #ffffff;\" role=\"img\" draggable=\"false\" src=\"https:\/\/s.w.org\/images\/core\/emoji\/13.1.0\/svg\/2705.svg\" alt=\"\u2705\" \/>\u00a0L\u00ednies molt gruixudes \u2013 <strong>9cm<\/strong>. Recomanat per Nitro 2G.\n<div class=\"woocommerce-variation single_variation\">\n<div class=\"woocommerce-variation-price\"><\/div>\n<div class=\"woocommerce-variation-availability\"><\/div>\n<\/div>\n<\/li>\n<\/ul>\n<div class=\"m-content_items s-items s-section\">\n<div class=\"sta-all sta-14 show\">\n<div class=\"m-img\"><\/div>\n<\/div>\n<\/div>\n<div class=\"woocommerce-variation single_variation\">\n<div class=\"woocommerce-variation-price\"><\/div>\n<div class=\"woocommerce-variation-availability\"><\/div>\n<\/div>\n<div class=\"woocommerce-variation single_variation\">\n<div class=\"woocommerce-variation-price\"><\/div>\n<div class=\"woocommerce-variation-availability\"><\/div>\n<\/div>\n<div class=\"woocommerce-variation single_variation\">\n<div class=\"woocommerce-variation-price\"><\/div>\n<div class=\"woocommerce-variation-availability\"><\/div>\n<\/div>\n<div class=\"woocommerce-variation single_variation\">\n<div class=\"woocommerce-variation-price\"><\/div>\n<div class=\"woocommerce-variation-availability\"><\/div>\n<\/div>\n<div class=\"woocommerce-variation single_variation\">\n<div class=\"woocommerce-variation-price\"><\/div>\n<div class=\"woocommerce-variation-availability\"><\/div>\n<\/div>\n<div class=\"woocommerce-variation single_variation\">\n<div class=\"woocommerce-variation-price\"><\/div>\n<div class=\"woocommerce-variation-availability\"><\/div>\n<\/div>\n<div class=\"woocommerce-variation single_variation\">\n<div class=\"woocommerce-variation-price\"><\/div>\n<div class=\"woocommerce-variation-availability\"><\/div>\n<\/div>\n","protected":false},"excerpt":{"rendered":"<div class=\"woocommerce-variation single_variation\">\n<div class=\"woocommerce-variation-description\">\n<div class=\"woocommerce-variation single_variation\">\n<div class=\"woocommerce-variation-description\">\n<div class=\"woocommerce-variation single_variation\">\n<div class=\"woocommerce-variation-description\">\n<div class=\"woocommerce-variation single_variation\">\n<div class=\"woocommerce-variation-description\">\n<div class=\"woocommerce-variation single_variation\">\n<div class=\"woocommerce-variation-description\">\n<div class=\"woocommerce-variation single_variation\">\n<div class=\"woocommerce-variation-description\">\n<div class=\"woocommerce-variation single_variation\">\n<div class=\"woocommerce-variation-description\">\n<div class=\"woocommerce-variation single_variation\">\n<div class=\"woocommerce-variation-description\">\n<div class=\"woocommerce-variation single_variation\">\n<div class=\"woocommerce-variation-description\">\n<div class=\"woocommerce-variation single_variation\">\n<div class=\"woocommerce-variation-description\">\n<p>&nbsp;<\/p>\n<\/div>\n<div class=\"woocommerce-variation-price\"><\/div>\n<div class=\"woocommerce-variation-availability\"><\/div>\n<\/div>\n<\/div>\n<div class=\"woocommerce-variation-price\"><\/div>\n<div class=\"woocommerce-variation-availability\"><\/div>\n<\/div>\n<\/div>\n<div class=\"woocommerce-variation-price\"><\/div>\n<div class=\"woocommerce-variation-availability\"><\/div>\n<\/div>\n<\/div>\n<\/div>\n<\/div>\n<\/div>\n<\/div>\n<\/div>\n<\/div>\n<div class=\"woocommerce-variation-availability\"><\/div>\n<\/div>\n<\/div>\n<div class=\"woocommerce-variation-price\"><\/div>\n<div class=\"woocommerce-variation-availability\"><\/div>\n<\/div>\n<\/div>\n<div class=\"woocommerce-variation-price\"><\/div>\n<div class=\"woocommerce-variation-availability\"><\/div>\n<\/div>\n<\/div>\n<\/div>\n","protected":false},"featured_media":18205,"template":"","meta":{"_acf_changed":false},"pwb-brand":[684],"product_brand":[],"product_cat":[628,685],"product_tag":[1770,1785,69],"class_list":{"0":"post-18204","1":"product","2":"type-product","3":"status-publish","4":"has-post-thumbnail","6":"pwb-brand-montana-colors","7":"product_cat-sprays","8":"product_cat-montana","9":"product_tag-mtn","10":"product_tag-mtn-caps","11":"product_tag-spray","12":"no-featured-image-padding","13":"resize-featured-image","14":"sales-flash-overlay","15":"woocommerce-text-align-left","16":"woocommerce-image-align-center","17":"do-quantity-buttons","18":"wc-has-gallery","20":"first","21":"instock","22":"shipping-taxable","23":"purchasable","24":"product-type-simple"},"acf":[],"yoast_head":"<!-- This site is optimized with the Yoast SEO plugin v27.1.1 - https:\/\/yoast.com\/product\/yoast-seo-wordpress\/ -->\n<title>Difusors MTN Caps | Montana Colors - Oller Pinturas y Revestimientos<\/title>\n<meta name=\"description\" content=\"&nbsp;\" \/>\n<meta name=\"robots\" content=\"index, follow, max-snippet:-1, max-image-preview:large, max-video-preview:-1\" \/>\n<link rel=\"canonical\" href=\"https:\/\/ollerpintures.com\/ca\/producte\/montana-colors-caps\/\" \/>\n<meta property=\"og:locale\" content=\"ca_ES\" \/>\n<meta property=\"og:type\" content=\"article\" \/>\n<meta property=\"og:title\" content=\"Difusors MTN Caps | Montana Colors - Oller Pinturas y Revestimientos\" \/>\n<meta property=\"og:description\" content=\"&nbsp;\" \/>\n<meta property=\"og:url\" content=\"https:\/\/ollerpintures.com\/ca\/producte\/montana-colors-caps\/\" \/>\n<meta property=\"og:site_name\" content=\"Oller Pinturas y Revestimientos\" \/>\n<meta property=\"article:publisher\" content=\"https:\/\/www.facebook.com\/people\/Oller-Pintures\/100063652056709\/\" \/>\n<meta property=\"article:modified_time\" content=\"2026-04-14T13:00:24+00:00\" \/>\n<meta property=\"og:image\" content=\"https:\/\/ollerpintures.com\/wp-content\/uploads\/2022\/02\/mtn-caps-montana-colors.jpg\" \/>\n\t<meta property=\"og:image:width\" content=\"400\" \/>\n\t<meta property=\"og:image:height\" content=\"400\" \/>\n\t<meta property=\"og:image:type\" content=\"image\/jpeg\" \/>\n<meta name=\"twitter:card\" content=\"summary_large_image\" \/>\n<meta name=\"twitter:label1\" content=\"Temps estimat de lectura\" \/>\n\t<meta name=\"twitter:data1\" content=\"4 minuts\" \/>\n<script type=\"application\/ld+json\" class=\"yoast-schema-graph\">{\"@context\":\"https:\/\/schema.org\",\"@graph\":[{\"@type\":\"WebPage\",\"@id\":\"https:\/\/ollerpintures.com\/ca\/producte\/montana-colors-caps\/\",\"url\":\"https:\/\/ollerpintures.com\/ca\/producte\/montana-colors-caps\/\",\"name\":\"Difusors MTN Caps | Montana Colors - Oller Pinturas y Revestimientos\",\"isPartOf\":{\"@id\":\"https:\/\/ollerpintures.com\/ca\/#website\"},\"primaryImageOfPage\":{\"@id\":\"https:\/\/ollerpintures.com\/ca\/producte\/montana-colors-caps\/#primaryimage\"},\"image\":{\"@id\":\"https:\/\/ollerpintures.com\/ca\/producte\/montana-colors-caps\/#primaryimage\"},\"thumbnailUrl\":\"https:\/\/ollerpintures.com\/wp-content\/uploads\/2022\/02\/mtn-caps-montana-colors.jpg\",\"datePublished\":\"2022-02-23T07:49:56+00:00\",\"dateModified\":\"2026-04-14T13:00:24+00:00\",\"description\":\"&nbsp;\",\"breadcrumb\":{\"@id\":\"https:\/\/ollerpintures.com\/ca\/producte\/montana-colors-caps\/#breadcrumb\"},\"inLanguage\":\"ca\",\"potentialAction\":[{\"@type\":\"ReadAction\",\"target\":[\"https:\/\/ollerpintures.com\/ca\/producte\/montana-colors-caps\/\"]}]},{\"@type\":\"ImageObject\",\"inLanguage\":\"ca\",\"@id\":\"https:\/\/ollerpintures.com\/ca\/producte\/montana-colors-caps\/#primaryimage\",\"url\":\"https:\/\/ollerpintures.com\/wp-content\/uploads\/2022\/02\/mtn-caps-montana-colors.jpg\",\"contentUrl\":\"https:\/\/ollerpintures.com\/wp-content\/uploads\/2022\/02\/mtn-caps-montana-colors.jpg\",\"width\":400,\"height\":400,\"caption\":\"montana caps mtn colors\"},{\"@type\":\"BreadcrumbList\",\"@id\":\"https:\/\/ollerpintures.com\/ca\/producte\/montana-colors-caps\/#breadcrumb\",\"itemListElement\":[{\"@type\":\"ListItem\",\"position\":1,\"name\":\"Inici\",\"item\":\"https:\/\/ollerpintures.com\/ca\/\"},{\"@type\":\"ListItem\",\"position\":2,\"name\":\"Botiga\",\"item\":\"https:\/\/ollerpintures.com\/ca\/botiga\/\"},{\"@type\":\"ListItem\",\"position\":3,\"name\":\"Difusors MTN Caps | Montana Colors\"}]},{\"@type\":\"WebSite\",\"@id\":\"https:\/\/ollerpintures.com\/ca\/#website\",\"url\":\"https:\/\/ollerpintures.com\/ca\/\",\"name\":\"Oller Pinturas y Revestimientos\",\"description\":\"Pinturas y revestimientos para profesionales, industrias, obras p\u00fablicas, bricolaje. Pinturas de calidad profesional i mucho m\u00e1s.\",\"publisher\":{\"@id\":\"https:\/\/ollerpintures.com\/ca\/#organization\"},\"alternateName\":\"Oller Grup\",\"potentialAction\":[{\"@type\":\"SearchAction\",\"target\":{\"@type\":\"EntryPoint\",\"urlTemplate\":\"https:\/\/ollerpintures.com\/ca\/?s={search_term_string}\"},\"query-input\":{\"@type\":\"PropertyValueSpecification\",\"valueRequired\":true,\"valueName\":\"search_term_string\"}}],\"inLanguage\":\"ca\"},{\"@type\":\"Organization\",\"@id\":\"https:\/\/ollerpintures.com\/ca\/#organization\",\"name\":\"Oller Pintures i Revestiments\",\"alternateName\":\"Oller Grup\",\"url\":\"https:\/\/ollerpintures.com\/ca\/\",\"logo\":{\"@type\":\"ImageObject\",\"inLanguage\":\"ca\",\"@id\":\"https:\/\/ollerpintures.com\/ca\/#\/schema\/logo\/image\/\",\"url\":\"https:\/\/ollerpintures.com\/wp-content\/uploads\/2024\/05\/newLogo.png\",\"contentUrl\":\"https:\/\/ollerpintures.com\/wp-content\/uploads\/2024\/05\/newLogo.png\",\"width\":483,\"height\":244,\"caption\":\"Oller Pintures i Revestiments\"},\"image\":{\"@id\":\"https:\/\/ollerpintures.com\/ca\/#\/schema\/logo\/image\/\"},\"sameAs\":[\"https:\/\/www.facebook.com\/people\/Oller-Pintures\/100063652056709\/\",\"https:\/\/www.instagram.com\/ollerpintures\/\",\"https:\/\/descriptor.es\/organization\/oller-grup\/\"]}]}<\/script>\n<!-- \/ Yoast SEO plugin. -->","yoast_head_json":{"title":"Difusors MTN Caps | Montana Colors - Oller Pinturas y Revestimientos","description":"&nbsp;","robots":{"index":"index","follow":"follow","max-snippet":"max-snippet:-1","max-image-preview":"max-image-preview:large","max-video-preview":"max-video-preview:-1"},"canonical":"https:\/\/ollerpintures.com\/ca\/producte\/montana-colors-caps\/","og_locale":"ca_ES","og_type":"article","og_title":"Difusors MTN Caps | Montana Colors - Oller Pinturas y Revestimientos","og_description":"&nbsp;","og_url":"https:\/\/ollerpintures.com\/ca\/producte\/montana-colors-caps\/","og_site_name":"Oller Pinturas y Revestimientos","article_publisher":"https:\/\/www.facebook.com\/people\/Oller-Pintures\/100063652056709\/","article_modified_time":"2026-04-14T13:00:24+00:00","og_image":[{"width":400,"height":400,"url":"https:\/\/ollerpintures.com\/wp-content\/uploads\/2022\/02\/mtn-caps-montana-colors.jpg","type":"image\/jpeg"}],"twitter_card":"summary_large_image","twitter_misc":{"Temps estimat de lectura":"4 minuts"},"schema":{"@context":"https:\/\/schema.org","@graph":[{"@type":"WebPage","@id":"https:\/\/ollerpintures.com\/ca\/producte\/montana-colors-caps\/","url":"https:\/\/ollerpintures.com\/ca\/producte\/montana-colors-caps\/","name":"Difusors MTN Caps | Montana Colors - Oller Pinturas y Revestimientos","isPartOf":{"@id":"https:\/\/ollerpintures.com\/ca\/#website"},"primaryImageOfPage":{"@id":"https:\/\/ollerpintures.com\/ca\/producte\/montana-colors-caps\/#primaryimage"},"image":{"@id":"https:\/\/ollerpintures.com\/ca\/producte\/montana-colors-caps\/#primaryimage"},"thumbnailUrl":"https:\/\/ollerpintures.com\/wp-content\/uploads\/2022\/02\/mtn-caps-montana-colors.jpg","datePublished":"2022-02-23T07:49:56+00:00","dateModified":"2026-04-14T13:00:24+00:00","description":"&nbsp;","breadcrumb":{"@id":"https:\/\/ollerpintures.com\/ca\/producte\/montana-colors-caps\/#breadcrumb"},"inLanguage":"ca","potentialAction":[{"@type":"ReadAction","target":["https:\/\/ollerpintures.com\/ca\/producte\/montana-colors-caps\/"]}]},{"@type":"ImageObject","inLanguage":"ca","@id":"https:\/\/ollerpintures.com\/ca\/producte\/montana-colors-caps\/#primaryimage","url":"https:\/\/ollerpintures.com\/wp-content\/uploads\/2022\/02\/mtn-caps-montana-colors.jpg","contentUrl":"https:\/\/ollerpintures.com\/wp-content\/uploads\/2022\/02\/mtn-caps-montana-colors.jpg","width":400,"height":400,"caption":"montana caps mtn colors"},{"@type":"BreadcrumbList","@id":"https:\/\/ollerpintures.com\/ca\/producte\/montana-colors-caps\/#breadcrumb","itemListElement":[{"@type":"ListItem","position":1,"name":"Inici","item":"https:\/\/ollerpintures.com\/ca\/"},{"@type":"ListItem","position":2,"name":"Botiga","item":"https:\/\/ollerpintures.com\/ca\/botiga\/"},{"@type":"ListItem","position":3,"name":"Difusors MTN Caps | Montana Colors"}]},{"@type":"WebSite","@id":"https:\/\/ollerpintures.com\/ca\/#website","url":"https:\/\/ollerpintures.com\/ca\/","name":"Oller Pinturas y Revestimientos","description":"Pinturas y revestimientos para profesionales, industrias, obras p\u00fablicas, bricolaje. Pinturas de calidad profesional i mucho m\u00e1s.","publisher":{"@id":"https:\/\/ollerpintures.com\/ca\/#organization"},"alternateName":"Oller Grup","potentialAction":[{"@type":"SearchAction","target":{"@type":"EntryPoint","urlTemplate":"https:\/\/ollerpintures.com\/ca\/?s={search_term_string}"},"query-input":{"@type":"PropertyValueSpecification","valueRequired":true,"valueName":"search_term_string"}}],"inLanguage":"ca"},{"@type":"Organization","@id":"https:\/\/ollerpintures.com\/ca\/#organization","name":"Oller Pintures i Revestiments","alternateName":"Oller Grup","url":"https:\/\/ollerpintures.com\/ca\/","logo":{"@type":"ImageObject","inLanguage":"ca","@id":"https:\/\/ollerpintures.com\/ca\/#\/schema\/logo\/image\/","url":"https:\/\/ollerpintures.com\/wp-content\/uploads\/2024\/05\/newLogo.png","contentUrl":"https:\/\/ollerpintures.com\/wp-content\/uploads\/2024\/05\/newLogo.png","width":483,"height":244,"caption":"Oller Pintures i Revestiments"},"image":{"@id":"https:\/\/ollerpintures.com\/ca\/#\/schema\/logo\/image\/"},"sameAs":["https:\/\/www.facebook.com\/people\/Oller-Pintures\/100063652056709\/","https:\/\/www.instagram.com\/ollerpintures\/","https:\/\/descriptor.es\/organization\/oller-grup\/"]}]}},"brands":[{"id":684,"name":"Montana Colors | MTN","slug":"montana-colors"}],"_links":{"self":[{"href":"https:\/\/ollerpintures.com\/ca\/wp-json\/wp\/v2\/product\/18204","targetHints":{"allow":["GET"]}}],"collection":[{"href":"https:\/\/ollerpintures.com\/ca\/wp-json\/wp\/v2\/product"}],"about":[{"href":"https:\/\/ollerpintures.com\/ca\/wp-json\/wp\/v2\/types\/product"}],"wp:featuredmedia":[{"embeddable":true,"href":"https:\/\/ollerpintures.com\/ca\/wp-json\/wp\/v2\/media\/18205"}],"wp:attachment":[{"href":"https:\/\/ollerpintures.com\/ca\/wp-json\/wp\/v2\/media?parent=18204"}],"wp:term":[{"taxonomy":"pwb-brand","embeddable":true,"href":"https:\/\/ollerpintures.com\/ca\/wp-json\/wp\/v2\/pwb-brand?post=18204"},{"taxonomy":"product_brand","embeddable":true,"href":"https:\/\/ollerpintures.com\/ca\/wp-json\/wp\/v2\/product_brand?post=18204"},{"taxonomy":"product_cat","embeddable":true,"href":"https:\/\/ollerpintures.com\/ca\/wp-json\/wp\/v2\/product_cat?post=18204"},{"taxonomy":"product_tag","embeddable":true,"href":"https:\/\/ollerpintures.com\/ca\/wp-json\/wp\/v2\/product_tag?post=18204"}],"curies":[{"name":"wp","href":"https:\/\/api.w.org\/{rel}","templated":true}]}}