{"id":16494,"date":"2022-01-18T10:13:35","date_gmt":"2022-01-18T09:13:35","guid":{"rendered":"https:\/\/oller-pintures.c.wetopi.com\/?post_type=product&#038;p=16494"},"modified":"2026-05-07T14:00:44","modified_gmt":"2026-05-07T13:00:44","slug":"spray-mtn-94-400ml-montana-colors","status":"publish","type":"product","link":"https:\/\/ollerpintures.com\/ca\/producte\/spray-mtn-94-400ml-montana-colors\/","title":{"rendered":"Spray MTN 94 400ml | Montana Colors"},"content":{"rendered":"<p><strong>MTN 94<\/strong> \u00e9s un dels sprays m\u00e9s <strong>vers\u00e0tils<\/strong> que existeix avui dia. \u00c9s apte per molts tipus de superf\u00edcie, si vols comprar spray per aconseguir<strong> un pintat de qualitat, de r\u00e0pid assecat i c\u00f2mode amb acabat mat, decideix comprar sprays MTN 94. <\/strong>Fabricats amb resines alqu\u00eddiques modificades d&#8217;\u00faltima generaci\u00f3 i dissenyat per desafiar les exig\u00e8ncies del mercat de belles arts, graffiti i pintura. Comprar sprays montana millor preu \u00e9s possible gr\u00e0cies a l&#8217;oferta que fem a Oller Pintures! Aprofita-ho!<\/p>\n<p><strong>Caracter\u00edstiques:\u00a0<\/strong><\/p>\n<ul>\n<li>217 colors disponibles<\/li>\n<li>Acabat mat<\/li>\n<li>R\u00e0pid assecat<\/li>\n<li>Bon enduriment<\/li>\n<li>No cont\u00e9 plom ni altres metalls pesats<\/li>\n<li>Durabilitat del color<\/li>\n<li>F\u00e0cil aplicaci\u00f3 i repintat<\/li>\n<li>Bon comportament a la intemp\u00e8rie<\/li>\n<li>Molt bona resist\u00e8ncia als raigs UV<\/li>\n<\/ul>\n<p><strong>Aplicacions destacades:<\/strong><\/p>\n<ul>\n<li>Bricolatge<\/li>\n<li>Jardineria<\/li>\n<li>Automoci\u00f3<\/li>\n<li>Belles Arts<\/li>\n<li>Graffiti<\/li>\n<li>Rotulaci\u00f3<\/li>\n<li>Fontaneria<\/li>\n<li>Ind\u00fastria<\/li>\n<li>Muralisme<\/li>\n<\/ul>\n<p><strong>TUTORIAL: Com pintar i vernissar un objecte amb MTN 94<\/strong><\/p>\n<div style=\"width: 1200px;\" class=\"wp-video\"><video class=\"wp-video-shortcode\" id=\"video-16494-1\" width=\"1200\" height=\"675\" preload=\"metadata\" controls=\"controls\"><source type=\"video\/mp4\" src=\"https:\/\/ollerpintures.com\/wp-content\/uploads\/2022\/01\/Como-pintar-y-barnizar-un-objeto-con-Montana-Colors.mp4?_=1\" \/><a href=\"https:\/\/ollerpintures.com\/wp-content\/uploads\/2022\/01\/Como-pintar-y-barnizar-un-objeto-con-Montana-Colors.mp4\">https:\/\/ollerpintures.com\/wp-content\/uploads\/2022\/01\/Como-pintar-y-barnizar-un-objeto-con-Montana-Colors.mp4<\/a><\/video><\/div>\n<p>&nbsp;<\/p>\n<p><em><strong>*Els productes de pintura en aerosols marca MTN BY MONTANA COLORS son posteriors al lot 22060<\/strong><\/em><\/p>\n","protected":false},"excerpt":{"rendered":"<p><em>*Per motius t\u00e8cnics aquesta carta de colors pot no mostrar els colors reals. Per a una refer\u00e8ncia m\u00e9s fidel, veure el &#8220;Donut&#8221; de l&#8217;spray.<\/em><\/p>\n<p><em><strong>*Els productes de pintura en aerosols marca MTN BY MONTANA COLORS son posteriors al lot 22060<\/strong><\/em><\/p>\n","protected":false},"featured_media":16914,"template":"","meta":{"_acf_changed":false},"pwb-brand":[684],"product_brand":[],"product_cat":[628,685],"product_tag":[63,62,686,94,69],"class_list":{"0":"post-16494","1":"product","2":"type-product","3":"status-publish","4":"has-post-thumbnail","6":"pwb-brand-montana-colors","7":"product_cat-sprays","8":"product_cat-montana","9":"product_tag-exterior","10":"product_tag-interior","11":"product_tag-montana","12":"product_tag-multisuperficie","13":"product_tag-spray","14":"product_shipping_class-sprays-mtn","15":"no-featured-image-padding","16":"resize-featured-image","17":"sales-flash-overlay","18":"woocommerce-text-align-left","19":"woocommerce-image-align-center","20":"do-quantity-buttons","21":"wc-has-gallery","23":"first","24":"instock","25":"shipping-taxable","26":"purchasable","27":"product-type-variable"},"acf":{"json-ld":"","dctermstitle":"","dctermsdescription":"","dctermsabstract":"","dctermsreferences":"https:\/\/ollerpintures.com\/es\/"},"yoast_head":"<!-- This site is optimized with the Yoast SEO plugin v27.1.1 - https:\/\/yoast.com\/product\/yoast-seo-wordpress\/ -->\n<title>Spray MTN 94 400ml | Montana Colors - Oller Pinturas y Revestimientos<\/title>\n<meta name=\"description\" content=\"*Per motius t\u00e8cnics aquesta carta de colors pot no mostrar els colors reals. Per a una refer\u00e8ncia m\u00e9s fidel, veure el &quot;Donut&quot; de l&#039;spray.  *Els productes de pintura en aerosols marca MTN BY MONTANA COLORS son posteriors al lot 22060\" \/>\n<meta name=\"robots\" content=\"index, follow, max-snippet:-1, max-image-preview:large, max-video-preview:-1\" \/>\n<link rel=\"canonical\" href=\"https:\/\/ollerpintures.com\/ca\/producte\/spray-mtn-94-400ml-montana-colors\/\" \/>\n<meta property=\"og:locale\" content=\"ca_ES\" \/>\n<meta property=\"og:type\" content=\"article\" \/>\n<meta property=\"og:title\" content=\"Spray MTN 94 400ml | Montana Colors - Oller Pinturas y Revestimientos\" \/>\n<meta property=\"og:description\" content=\"*Per motius t\u00e8cnics aquesta carta de colors pot no mostrar els colors reals. Per a una refer\u00e8ncia m\u00e9s fidel, veure el &quot;Donut&quot; de l&#039;spray.  *Els productes de pintura en aerosols marca MTN BY MONTANA COLORS son posteriors al lot 22060\" \/>\n<meta property=\"og:url\" content=\"https:\/\/ollerpintures.com\/ca\/producte\/spray-mtn-94-400ml-montana-colors\/\" \/>\n<meta property=\"og:site_name\" content=\"Oller Pinturas y Revestimientos\" \/>\n<meta property=\"article:publisher\" content=\"https:\/\/www.facebook.com\/people\/Oller-Pintures\/100063652056709\/\" \/>\n<meta property=\"article:modified_time\" content=\"2026-05-07T13:00:44+00:00\" \/>\n<meta property=\"og:image\" content=\"https:\/\/ollerpintures.com\/wp-content\/uploads\/2022\/01\/spray-mtn-94-comprar-online-oller-pintures.jpg\" \/>\n\t<meta property=\"og:image:width\" content=\"1080\" \/>\n\t<meta property=\"og:image:height\" content=\"1080\" \/>\n\t<meta property=\"og:image:type\" content=\"image\/jpeg\" \/>\n<meta name=\"twitter:card\" content=\"summary_large_image\" \/>\n<meta name=\"twitter:label1\" content=\"Temps estimat de lectura\" \/>\n\t<meta name=\"twitter:data1\" content=\"1 minut\" \/>\n<script type=\"application\/ld+json\" class=\"yoast-schema-graph\">{\"@context\":\"https:\/\/schema.org\",\"@graph\":[{\"@type\":\"WebPage\",\"@id\":\"https:\/\/ollerpintures.com\/ca\/producte\/spray-mtn-94-400ml-montana-colors\/\",\"url\":\"https:\/\/ollerpintures.com\/ca\/producte\/spray-mtn-94-400ml-montana-colors\/\",\"name\":\"Spray MTN 94 400ml | Montana Colors - Oller Pinturas y Revestimientos\",\"isPartOf\":{\"@id\":\"https:\/\/ollerpintures.com\/ca\/#website\"},\"primaryImageOfPage\":{\"@id\":\"https:\/\/ollerpintures.com\/ca\/producte\/spray-mtn-94-400ml-montana-colors\/#primaryimage\"},\"image\":{\"@id\":\"https:\/\/ollerpintures.com\/ca\/producte\/spray-mtn-94-400ml-montana-colors\/#primaryimage\"},\"thumbnailUrl\":\"https:\/\/ollerpintures.com\/wp-content\/uploads\/2022\/01\/spray-mtn-94-comprar-online-oller-pintures.jpg\",\"datePublished\":\"2022-01-18T09:13:35+00:00\",\"dateModified\":\"2026-05-07T13:00:44+00:00\",\"description\":\"*Per motius t\u00e8cnics aquesta carta de colors pot no mostrar els colors reals. Per a una refer\u00e8ncia m\u00e9s fidel, veure el \\\"Donut\\\" de l'spray. *Els productes de pintura en aerosols marca MTN BY MONTANA COLORS son posteriors al lot 22060\",\"breadcrumb\":{\"@id\":\"https:\/\/ollerpintures.com\/ca\/producte\/spray-mtn-94-400ml-montana-colors\/#breadcrumb\"},\"inLanguage\":\"ca\",\"potentialAction\":[{\"@type\":\"ReadAction\",\"target\":[\"https:\/\/ollerpintures.com\/ca\/producte\/spray-mtn-94-400ml-montana-colors\/\"]}]},{\"@type\":\"ImageObject\",\"inLanguage\":\"ca\",\"@id\":\"https:\/\/ollerpintures.com\/ca\/producte\/spray-mtn-94-400ml-montana-colors\/#primaryimage\",\"url\":\"https:\/\/ollerpintures.com\/wp-content\/uploads\/2022\/01\/spray-mtn-94-comprar-online-oller-pintures.jpg\",\"contentUrl\":\"https:\/\/ollerpintures.com\/wp-content\/uploads\/2022\/01\/spray-mtn-94-comprar-online-oller-pintures.jpg\",\"width\":1080,\"height\":1080,\"caption\":\"spray mtn 94 montana colors\"},{\"@type\":\"BreadcrumbList\",\"@id\":\"https:\/\/ollerpintures.com\/ca\/producte\/spray-mtn-94-400ml-montana-colors\/#breadcrumb\",\"itemListElement\":[{\"@type\":\"ListItem\",\"position\":1,\"name\":\"Inici\",\"item\":\"https:\/\/ollerpintures.com\/ca\/\"},{\"@type\":\"ListItem\",\"position\":2,\"name\":\"Botiga\",\"item\":\"https:\/\/ollerpintures.com\/ca\/botiga\/\"},{\"@type\":\"ListItem\",\"position\":3,\"name\":\"Spray MTN 94 400ml | Montana Colors\"}]},{\"@type\":\"WebSite\",\"@id\":\"https:\/\/ollerpintures.com\/ca\/#website\",\"url\":\"https:\/\/ollerpintures.com\/ca\/\",\"name\":\"Oller Pinturas y Revestimientos\",\"description\":\"Pinturas y revestimientos para profesionales, industrias, obras p\u00fablicas, bricolaje. Pinturas de calidad profesional i mucho m\u00e1s.\",\"publisher\":{\"@id\":\"https:\/\/ollerpintures.com\/ca\/#organization\"},\"alternateName\":\"Oller Grup\",\"potentialAction\":[{\"@type\":\"SearchAction\",\"target\":{\"@type\":\"EntryPoint\",\"urlTemplate\":\"https:\/\/ollerpintures.com\/ca\/?s={search_term_string}\"},\"query-input\":{\"@type\":\"PropertyValueSpecification\",\"valueRequired\":true,\"valueName\":\"search_term_string\"}}],\"inLanguage\":\"ca\"},{\"@type\":\"Organization\",\"@id\":\"https:\/\/ollerpintures.com\/ca\/#organization\",\"name\":\"Oller Pintures i Revestiments\",\"alternateName\":\"Oller Grup\",\"url\":\"https:\/\/ollerpintures.com\/ca\/\",\"logo\":{\"@type\":\"ImageObject\",\"inLanguage\":\"ca\",\"@id\":\"https:\/\/ollerpintures.com\/ca\/#\/schema\/logo\/image\/\",\"url\":\"https:\/\/ollerpintures.com\/wp-content\/uploads\/2024\/05\/newLogo.png\",\"contentUrl\":\"https:\/\/ollerpintures.com\/wp-content\/uploads\/2024\/05\/newLogo.png\",\"width\":483,\"height\":244,\"caption\":\"Oller Pintures i Revestiments\"},\"image\":{\"@id\":\"https:\/\/ollerpintures.com\/ca\/#\/schema\/logo\/image\/\"},\"sameAs\":[\"https:\/\/www.facebook.com\/people\/Oller-Pintures\/100063652056709\/\",\"https:\/\/www.instagram.com\/ollerpintures\/\",\"https:\/\/descriptor.es\/organization\/oller-grup\/\"]}]}<\/script>\n<!-- \/ Yoast SEO plugin. -->","yoast_head_json":{"title":"Spray MTN 94 400ml | Montana Colors - Oller Pinturas y Revestimientos","description":"*Per motius t\u00e8cnics aquesta carta de colors pot no mostrar els colors reals. Per a una refer\u00e8ncia m\u00e9s fidel, veure el \"Donut\" de l'spray.  *Els productes de pintura en aerosols marca MTN BY MONTANA COLORS son posteriors al lot 22060","robots":{"index":"index","follow":"follow","max-snippet":"max-snippet:-1","max-image-preview":"max-image-preview:large","max-video-preview":"max-video-preview:-1"},"canonical":"https:\/\/ollerpintures.com\/ca\/producte\/spray-mtn-94-400ml-montana-colors\/","og_locale":"ca_ES","og_type":"article","og_title":"Spray MTN 94 400ml | Montana Colors - Oller Pinturas y Revestimientos","og_description":"*Per motius t\u00e8cnics aquesta carta de colors pot no mostrar els colors reals. Per a una refer\u00e8ncia m\u00e9s fidel, veure el \"Donut\" de l'spray.  *Els productes de pintura en aerosols marca MTN BY MONTANA COLORS son posteriors al lot 22060","og_url":"https:\/\/ollerpintures.com\/ca\/producte\/spray-mtn-94-400ml-montana-colors\/","og_site_name":"Oller Pinturas y Revestimientos","article_publisher":"https:\/\/www.facebook.com\/people\/Oller-Pintures\/100063652056709\/","article_modified_time":"2026-05-07T13:00:44+00:00","og_image":[{"width":1080,"height":1080,"url":"https:\/\/ollerpintures.com\/wp-content\/uploads\/2022\/01\/spray-mtn-94-comprar-online-oller-pintures.jpg","type":"image\/jpeg"}],"twitter_card":"summary_large_image","twitter_misc":{"Temps estimat de lectura":"1 minut"},"schema":{"@context":"https:\/\/schema.org","@graph":[{"@type":"WebPage","@id":"https:\/\/ollerpintures.com\/ca\/producte\/spray-mtn-94-400ml-montana-colors\/","url":"https:\/\/ollerpintures.com\/ca\/producte\/spray-mtn-94-400ml-montana-colors\/","name":"Spray MTN 94 400ml | Montana Colors - Oller Pinturas y Revestimientos","isPartOf":{"@id":"https:\/\/ollerpintures.com\/ca\/#website"},"primaryImageOfPage":{"@id":"https:\/\/ollerpintures.com\/ca\/producte\/spray-mtn-94-400ml-montana-colors\/#primaryimage"},"image":{"@id":"https:\/\/ollerpintures.com\/ca\/producte\/spray-mtn-94-400ml-montana-colors\/#primaryimage"},"thumbnailUrl":"https:\/\/ollerpintures.com\/wp-content\/uploads\/2022\/01\/spray-mtn-94-comprar-online-oller-pintures.jpg","datePublished":"2022-01-18T09:13:35+00:00","dateModified":"2026-05-07T13:00:44+00:00","description":"*Per motius t\u00e8cnics aquesta carta de colors pot no mostrar els colors reals. Per a una refer\u00e8ncia m\u00e9s fidel, veure el \"Donut\" de l'spray. *Els productes de pintura en aerosols marca MTN BY MONTANA COLORS son posteriors al lot 22060","breadcrumb":{"@id":"https:\/\/ollerpintures.com\/ca\/producte\/spray-mtn-94-400ml-montana-colors\/#breadcrumb"},"inLanguage":"ca","potentialAction":[{"@type":"ReadAction","target":["https:\/\/ollerpintures.com\/ca\/producte\/spray-mtn-94-400ml-montana-colors\/"]}]},{"@type":"ImageObject","inLanguage":"ca","@id":"https:\/\/ollerpintures.com\/ca\/producte\/spray-mtn-94-400ml-montana-colors\/#primaryimage","url":"https:\/\/ollerpintures.com\/wp-content\/uploads\/2022\/01\/spray-mtn-94-comprar-online-oller-pintures.jpg","contentUrl":"https:\/\/ollerpintures.com\/wp-content\/uploads\/2022\/01\/spray-mtn-94-comprar-online-oller-pintures.jpg","width":1080,"height":1080,"caption":"spray mtn 94 montana colors"},{"@type":"BreadcrumbList","@id":"https:\/\/ollerpintures.com\/ca\/producte\/spray-mtn-94-400ml-montana-colors\/#breadcrumb","itemListElement":[{"@type":"ListItem","position":1,"name":"Inici","item":"https:\/\/ollerpintures.com\/ca\/"},{"@type":"ListItem","position":2,"name":"Botiga","item":"https:\/\/ollerpintures.com\/ca\/botiga\/"},{"@type":"ListItem","position":3,"name":"Spray MTN 94 400ml | Montana Colors"}]},{"@type":"WebSite","@id":"https:\/\/ollerpintures.com\/ca\/#website","url":"https:\/\/ollerpintures.com\/ca\/","name":"Oller Pinturas y Revestimientos","description":"Pinturas y revestimientos para profesionales, industrias, obras p\u00fablicas, bricolaje. Pinturas de calidad profesional i mucho m\u00e1s.","publisher":{"@id":"https:\/\/ollerpintures.com\/ca\/#organization"},"alternateName":"Oller Grup","potentialAction":[{"@type":"SearchAction","target":{"@type":"EntryPoint","urlTemplate":"https:\/\/ollerpintures.com\/ca\/?s={search_term_string}"},"query-input":{"@type":"PropertyValueSpecification","valueRequired":true,"valueName":"search_term_string"}}],"inLanguage":"ca"},{"@type":"Organization","@id":"https:\/\/ollerpintures.com\/ca\/#organization","name":"Oller Pintures i Revestiments","alternateName":"Oller Grup","url":"https:\/\/ollerpintures.com\/ca\/","logo":{"@type":"ImageObject","inLanguage":"ca","@id":"https:\/\/ollerpintures.com\/ca\/#\/schema\/logo\/image\/","url":"https:\/\/ollerpintures.com\/wp-content\/uploads\/2024\/05\/newLogo.png","contentUrl":"https:\/\/ollerpintures.com\/wp-content\/uploads\/2024\/05\/newLogo.png","width":483,"height":244,"caption":"Oller Pintures i Revestiments"},"image":{"@id":"https:\/\/ollerpintures.com\/ca\/#\/schema\/logo\/image\/"},"sameAs":["https:\/\/www.facebook.com\/people\/Oller-Pintures\/100063652056709\/","https:\/\/www.instagram.com\/ollerpintures\/","https:\/\/descriptor.es\/organization\/oller-grup\/"]}]}},"brands":[{"id":684,"name":"Montana Colors | MTN","slug":"montana-colors"}],"_links":{"self":[{"href":"https:\/\/ollerpintures.com\/ca\/wp-json\/wp\/v2\/product\/16494","targetHints":{"allow":["GET"]}}],"collection":[{"href":"https:\/\/ollerpintures.com\/ca\/wp-json\/wp\/v2\/product"}],"about":[{"href":"https:\/\/ollerpintures.com\/ca\/wp-json\/wp\/v2\/types\/product"}],"wp:featuredmedia":[{"embeddable":true,"href":"https:\/\/ollerpintures.com\/ca\/wp-json\/wp\/v2\/media\/16914"}],"wp:attachment":[{"href":"https:\/\/ollerpintures.com\/ca\/wp-json\/wp\/v2\/media?parent=16494"}],"wp:term":[{"taxonomy":"pwb-brand","embeddable":true,"href":"https:\/\/ollerpintures.com\/ca\/wp-json\/wp\/v2\/pwb-brand?post=16494"},{"taxonomy":"product_brand","embeddable":true,"href":"https:\/\/ollerpintures.com\/ca\/wp-json\/wp\/v2\/product_brand?post=16494"},{"taxonomy":"product_cat","embeddable":true,"href":"https:\/\/ollerpintures.com\/ca\/wp-json\/wp\/v2\/product_cat?post=16494"},{"taxonomy":"product_tag","embeddable":true,"href":"https:\/\/ollerpintures.com\/ca\/wp-json\/wp\/v2\/product_tag?post=16494"}],"curies":[{"name":"wp","href":"https:\/\/api.w.org\/{rel}","templated":true}]}}