{"id":15359,"date":"2021-11-08T08:51:59","date_gmt":"2021-11-08T07:51:59","guid":{"rendered":"https:\/\/oller-pintures.c.wetopi.com\/?post_type=product&#038;p=15359"},"modified":"2026-04-16T02:00:36","modified_gmt":"2026-04-16T01:00:36","slug":"spray-montana-hardcore-mtn-metalizado-400ml","status":"publish","type":"product","link":"https:\/\/ollerpintures.com\/ca\/producte\/spray-montana-hardcore-mtn-metalizado-400ml\/","title":{"rendered":"Spray Hardcore MTN Metalizado 400ml | Montana Colors"},"content":{"rendered":"<p>Montana ofereix una qualitat excel\u00b7lent amb el seu spray <strong>Hardcore MTN.<\/strong> Aconseguir\u00e0s un tra\u00e7 homogeni fins al final i gr\u00e0cies a l&#8217;extensa gamma de colors podr\u00e0s escollir entre 142 opcions: tonalitats que donaran un acabat ben vist\u00f3s a les superf\u00edcies que pintis. Aqu\u00ed tens disponibles els sprays en acabat metalitzat: colors or i coure.<\/p>\n<p>&nbsp;<\/p>\n<p><strong>Caracter\u00edstiques:\u00a0<\/strong><\/p>\n<ul>\n<li>R\u00e0pid assecat<\/li>\n<li>Flexibilitat excel\u00b7lent<\/li>\n<li>Gran resist\u00e8ncia a les ratllades<\/li>\n<li>Enduriment total en 24-48h<\/li>\n<li>No cont\u00e9 plom ni altres metalls pesats<\/li>\n<li>Molt bon comportament a la intemp\u00e8rie<\/li>\n<li>Molt bona resist\u00e8ncia als raigs UV<\/li>\n<\/ul>\n<p>Amb l&#8217;aerosol Hardcore de Montana Colors obtindr\u00e0s una pintura en spray brillant amb perfecta cubrici\u00f3 i assecat ultra r\u00e0pid. S\u00f3n pintures formulades amb resines alqu\u00eddiques al dissolvent, que han transformat la concepci\u00f3 del graffiti a nivell mundial.<\/p>\n<p>&nbsp;<\/p>\n<p><em><strong>*Els productes de pintura en aerosols marca MTN BY MONTANA COLORS son posteriors al lot 22060<\/strong><\/em><\/p>\n","protected":false},"excerpt":{"rendered":"<p><strong>Caracter\u00edstiques:\u00a0<\/strong><\/p>\n<ul>\n<li>R\u00e0pid assecat<\/li>\n<li>Flexibilitat excel\u00b7lent<\/li>\n<li>Gran resist\u00e8ncia a les ratllades<\/li>\n<li>Enduriment total en 24-48h<\/li>\n<li>No cont\u00e9 plom ni altres metalls pesats<\/li>\n<li>Molt bon comportament a la intemp\u00e8rie<\/li>\n<li>Molt bona resist\u00e8ncia als raigs UV<\/li>\n<\/ul>\n<p><em><strong>*Els productes de pintura en aerosols marca MTN BY MONTANA COLORS son posteriors al lot 22060<\/strong><\/em><\/p>\n","protected":false},"featured_media":15643,"template":"","meta":{"_acf_changed":false},"pwb-brand":[684],"product_brand":[],"product_cat":[628,685],"product_tag":[63,62,686,94,69],"class_list":{"0":"post-15359","1":"product","2":"type-product","3":"status-publish","4":"has-post-thumbnail","6":"pwb-brand-montana-colors","7":"product_cat-sprays","8":"product_cat-montana","9":"product_tag-exterior","10":"product_tag-interior","11":"product_tag-montana","12":"product_tag-multisuperficie","13":"product_tag-spray","14":"no-featured-image-padding","15":"resize-featured-image","16":"sales-flash-overlay","17":"woocommerce-text-align-left","18":"woocommerce-image-align-center","19":"do-quantity-buttons","21":"first","22":"instock","23":"shipping-taxable","24":"purchasable","25":"product-type-variable"},"acf":[],"yoast_head":"<!-- This site is optimized with the Yoast SEO plugin v27.1.1 - https:\/\/yoast.com\/product\/yoast-seo-wordpress\/ -->\n<title>Spray Hardcore MTN Metalizado 400ml | Montana Colors - Oller Pinturas y Revestimientos<\/title>\n<meta name=\"description\" content=\"Caracter\u00edstiques:\u00a0   R\u00e0pid assecat  Flexibilitat excel\u00b7lent  Gran resist\u00e8ncia a les ratllades  Enduriment total en 24-48h  No cont\u00e9 plom ni altres metalls pesats  Molt bon comportament a la intemp\u00e8rie  Molt bona resist\u00e8ncia als raigs UV  *Els productes de pintura en aerosols marca MTN BY MONTANA COLORS son posteriors al lot 22060\" \/>\n<meta name=\"robots\" content=\"index, follow, max-snippet:-1, max-image-preview:large, max-video-preview:-1\" \/>\n<link rel=\"canonical\" href=\"https:\/\/ollerpintures.com\/ca\/producte\/spray-montana-hardcore-mtn-metalizado-400ml\/\" \/>\n<meta property=\"og:locale\" content=\"ca_ES\" \/>\n<meta property=\"og:type\" content=\"article\" \/>\n<meta property=\"og:title\" content=\"Spray Hardcore MTN Metalizado 400ml | Montana Colors - Oller Pinturas y Revestimientos\" \/>\n<meta property=\"og:description\" content=\"Caracter\u00edstiques:\u00a0   R\u00e0pid assecat  Flexibilitat excel\u00b7lent  Gran resist\u00e8ncia a les ratllades  Enduriment total en 24-48h  No cont\u00e9 plom ni altres metalls pesats  Molt bon comportament a la intemp\u00e8rie  Molt bona resist\u00e8ncia als raigs UV  *Els productes de pintura en aerosols marca MTN BY MONTANA COLORS son posteriors al lot 22060\" \/>\n<meta property=\"og:url\" content=\"https:\/\/ollerpintures.com\/ca\/producte\/spray-montana-hardcore-mtn-metalizado-400ml\/\" \/>\n<meta property=\"og:site_name\" content=\"Oller Pinturas y Revestimientos\" \/>\n<meta property=\"article:publisher\" content=\"https:\/\/www.facebook.com\/people\/Oller-Pintures\/100063652056709\/\" \/>\n<meta property=\"article:modified_time\" content=\"2026-04-16T01:00:36+00:00\" \/>\n<meta property=\"og:image\" content=\"https:\/\/ollerpintures.com\/wp-content\/uploads\/2021\/11\/spray-montana-mtn-harcdore-metalizado-oro-cobre-comprar-online-oller-pintures.jpg\" \/>\n\t<meta property=\"og:image:width\" content=\"1080\" \/>\n\t<meta property=\"og:image:height\" content=\"1080\" \/>\n\t<meta property=\"og:image:type\" content=\"image\/jpeg\" \/>\n<meta name=\"twitter:card\" content=\"summary_large_image\" \/>\n<meta name=\"twitter:label1\" content=\"Temps estimat de lectura\" \/>\n\t<meta name=\"twitter:data1\" content=\"1 minut\" \/>\n<script type=\"application\/ld+json\" class=\"yoast-schema-graph\">{\"@context\":\"https:\/\/schema.org\",\"@graph\":[{\"@type\":\"WebPage\",\"@id\":\"https:\/\/ollerpintures.com\/ca\/producte\/spray-montana-hardcore-mtn-metalizado-400ml\/\",\"url\":\"https:\/\/ollerpintures.com\/ca\/producte\/spray-montana-hardcore-mtn-metalizado-400ml\/\",\"name\":\"Spray Hardcore MTN Metalizado 400ml | Montana Colors - Oller Pinturas y Revestimientos\",\"isPartOf\":{\"@id\":\"https:\/\/ollerpintures.com\/ca\/#website\"},\"primaryImageOfPage\":{\"@id\":\"https:\/\/ollerpintures.com\/ca\/producte\/spray-montana-hardcore-mtn-metalizado-400ml\/#primaryimage\"},\"image\":{\"@id\":\"https:\/\/ollerpintures.com\/ca\/producte\/spray-montana-hardcore-mtn-metalizado-400ml\/#primaryimage\"},\"thumbnailUrl\":\"https:\/\/ollerpintures.com\/wp-content\/uploads\/2021\/11\/spray-montana-mtn-harcdore-metalizado-oro-cobre-comprar-online-oller-pintures.jpg\",\"datePublished\":\"2021-11-08T07:51:59+00:00\",\"dateModified\":\"2026-04-16T01:00:36+00:00\",\"description\":\"Caracter\u00edstiques:\u00a0 R\u00e0pid assecat Flexibilitat excel\u00b7lent Gran resist\u00e8ncia a les ratllades Enduriment total en 24-48h No cont\u00e9 plom ni altres metalls pesats Molt bon comportament a la intemp\u00e8rie Molt bona resist\u00e8ncia als raigs UV *Els productes de pintura en aerosols marca MTN BY MONTANA COLORS son posteriors al lot 22060\",\"breadcrumb\":{\"@id\":\"https:\/\/ollerpintures.com\/ca\/producte\/spray-montana-hardcore-mtn-metalizado-400ml\/#breadcrumb\"},\"inLanguage\":\"ca\",\"potentialAction\":[{\"@type\":\"ReadAction\",\"target\":[\"https:\/\/ollerpintures.com\/ca\/producte\/spray-montana-hardcore-mtn-metalizado-400ml\/\"]}]},{\"@type\":\"ImageObject\",\"inLanguage\":\"ca\",\"@id\":\"https:\/\/ollerpintures.com\/ca\/producte\/spray-montana-hardcore-mtn-metalizado-400ml\/#primaryimage\",\"url\":\"https:\/\/ollerpintures.com\/wp-content\/uploads\/2021\/11\/spray-montana-mtn-harcdore-metalizado-oro-cobre-comprar-online-oller-pintures.jpg\",\"contentUrl\":\"https:\/\/ollerpintures.com\/wp-content\/uploads\/2021\/11\/spray-montana-mtn-harcdore-metalizado-oro-cobre-comprar-online-oller-pintures.jpg\",\"width\":1080,\"height\":1080,\"caption\":\"Spray MTN Harcdore Metalizado\"},{\"@type\":\"BreadcrumbList\",\"@id\":\"https:\/\/ollerpintures.com\/ca\/producte\/spray-montana-hardcore-mtn-metalizado-400ml\/#breadcrumb\",\"itemListElement\":[{\"@type\":\"ListItem\",\"position\":1,\"name\":\"Inici\",\"item\":\"https:\/\/ollerpintures.com\/ca\/\"},{\"@type\":\"ListItem\",\"position\":2,\"name\":\"Botiga\",\"item\":\"https:\/\/ollerpintures.com\/ca\/botiga\/\"},{\"@type\":\"ListItem\",\"position\":3,\"name\":\"Spray Hardcore MTN Metalizado 400ml | Montana Colors\"}]},{\"@type\":\"WebSite\",\"@id\":\"https:\/\/ollerpintures.com\/ca\/#website\",\"url\":\"https:\/\/ollerpintures.com\/ca\/\",\"name\":\"Oller Pinturas y Revestimientos\",\"description\":\"Pinturas y revestimientos para profesionales, industrias, obras p\u00fablicas, bricolaje. Pinturas de calidad profesional i mucho m\u00e1s.\",\"publisher\":{\"@id\":\"https:\/\/ollerpintures.com\/ca\/#organization\"},\"alternateName\":\"Oller Grup\",\"potentialAction\":[{\"@type\":\"SearchAction\",\"target\":{\"@type\":\"EntryPoint\",\"urlTemplate\":\"https:\/\/ollerpintures.com\/ca\/?s={search_term_string}\"},\"query-input\":{\"@type\":\"PropertyValueSpecification\",\"valueRequired\":true,\"valueName\":\"search_term_string\"}}],\"inLanguage\":\"ca\"},{\"@type\":\"Organization\",\"@id\":\"https:\/\/ollerpintures.com\/ca\/#organization\",\"name\":\"Oller Pintures i Revestiments\",\"alternateName\":\"Oller Grup\",\"url\":\"https:\/\/ollerpintures.com\/ca\/\",\"logo\":{\"@type\":\"ImageObject\",\"inLanguage\":\"ca\",\"@id\":\"https:\/\/ollerpintures.com\/ca\/#\/schema\/logo\/image\/\",\"url\":\"https:\/\/ollerpintures.com\/wp-content\/uploads\/2024\/05\/newLogo.png\",\"contentUrl\":\"https:\/\/ollerpintures.com\/wp-content\/uploads\/2024\/05\/newLogo.png\",\"width\":483,\"height\":244,\"caption\":\"Oller Pintures i Revestiments\"},\"image\":{\"@id\":\"https:\/\/ollerpintures.com\/ca\/#\/schema\/logo\/image\/\"},\"sameAs\":[\"https:\/\/www.facebook.com\/people\/Oller-Pintures\/100063652056709\/\",\"https:\/\/www.instagram.com\/ollerpintures\/\",\"https:\/\/descriptor.es\/organization\/oller-grup\/\"]}]}<\/script>\n<!-- \/ Yoast SEO plugin. -->","yoast_head_json":{"title":"Spray Hardcore MTN Metalizado 400ml | Montana Colors - Oller Pinturas y Revestimientos","description":"Caracter\u00edstiques:\u00a0   R\u00e0pid assecat  Flexibilitat excel\u00b7lent  Gran resist\u00e8ncia a les ratllades  Enduriment total en 24-48h  No cont\u00e9 plom ni altres metalls pesats  Molt bon comportament a la intemp\u00e8rie  Molt bona resist\u00e8ncia als raigs UV  *Els productes de pintura en aerosols marca MTN BY MONTANA COLORS son posteriors al lot 22060","robots":{"index":"index","follow":"follow","max-snippet":"max-snippet:-1","max-image-preview":"max-image-preview:large","max-video-preview":"max-video-preview:-1"},"canonical":"https:\/\/ollerpintures.com\/ca\/producte\/spray-montana-hardcore-mtn-metalizado-400ml\/","og_locale":"ca_ES","og_type":"article","og_title":"Spray Hardcore MTN Metalizado 400ml | Montana Colors - Oller Pinturas y Revestimientos","og_description":"Caracter\u00edstiques:\u00a0   R\u00e0pid assecat  Flexibilitat excel\u00b7lent  Gran resist\u00e8ncia a les ratllades  Enduriment total en 24-48h  No cont\u00e9 plom ni altres metalls pesats  Molt bon comportament a la intemp\u00e8rie  Molt bona resist\u00e8ncia als raigs UV  *Els productes de pintura en aerosols marca MTN BY MONTANA COLORS son posteriors al lot 22060","og_url":"https:\/\/ollerpintures.com\/ca\/producte\/spray-montana-hardcore-mtn-metalizado-400ml\/","og_site_name":"Oller Pinturas y Revestimientos","article_publisher":"https:\/\/www.facebook.com\/people\/Oller-Pintures\/100063652056709\/","article_modified_time":"2026-04-16T01:00:36+00:00","og_image":[{"width":1080,"height":1080,"url":"https:\/\/ollerpintures.com\/wp-content\/uploads\/2021\/11\/spray-montana-mtn-harcdore-metalizado-oro-cobre-comprar-online-oller-pintures.jpg","type":"image\/jpeg"}],"twitter_card":"summary_large_image","twitter_misc":{"Temps estimat de lectura":"1 minut"},"schema":{"@context":"https:\/\/schema.org","@graph":[{"@type":"WebPage","@id":"https:\/\/ollerpintures.com\/ca\/producte\/spray-montana-hardcore-mtn-metalizado-400ml\/","url":"https:\/\/ollerpintures.com\/ca\/producte\/spray-montana-hardcore-mtn-metalizado-400ml\/","name":"Spray Hardcore MTN Metalizado 400ml | Montana Colors - Oller Pinturas y Revestimientos","isPartOf":{"@id":"https:\/\/ollerpintures.com\/ca\/#website"},"primaryImageOfPage":{"@id":"https:\/\/ollerpintures.com\/ca\/producte\/spray-montana-hardcore-mtn-metalizado-400ml\/#primaryimage"},"image":{"@id":"https:\/\/ollerpintures.com\/ca\/producte\/spray-montana-hardcore-mtn-metalizado-400ml\/#primaryimage"},"thumbnailUrl":"https:\/\/ollerpintures.com\/wp-content\/uploads\/2021\/11\/spray-montana-mtn-harcdore-metalizado-oro-cobre-comprar-online-oller-pintures.jpg","datePublished":"2021-11-08T07:51:59+00:00","dateModified":"2026-04-16T01:00:36+00:00","description":"Caracter\u00edstiques:\u00a0 R\u00e0pid assecat Flexibilitat excel\u00b7lent Gran resist\u00e8ncia a les ratllades Enduriment total en 24-48h No cont\u00e9 plom ni altres metalls pesats Molt bon comportament a la intemp\u00e8rie Molt bona resist\u00e8ncia als raigs UV *Els productes de pintura en aerosols marca MTN BY MONTANA COLORS son posteriors al lot 22060","breadcrumb":{"@id":"https:\/\/ollerpintures.com\/ca\/producte\/spray-montana-hardcore-mtn-metalizado-400ml\/#breadcrumb"},"inLanguage":"ca","potentialAction":[{"@type":"ReadAction","target":["https:\/\/ollerpintures.com\/ca\/producte\/spray-montana-hardcore-mtn-metalizado-400ml\/"]}]},{"@type":"ImageObject","inLanguage":"ca","@id":"https:\/\/ollerpintures.com\/ca\/producte\/spray-montana-hardcore-mtn-metalizado-400ml\/#primaryimage","url":"https:\/\/ollerpintures.com\/wp-content\/uploads\/2021\/11\/spray-montana-mtn-harcdore-metalizado-oro-cobre-comprar-online-oller-pintures.jpg","contentUrl":"https:\/\/ollerpintures.com\/wp-content\/uploads\/2021\/11\/spray-montana-mtn-harcdore-metalizado-oro-cobre-comprar-online-oller-pintures.jpg","width":1080,"height":1080,"caption":"Spray MTN Harcdore Metalizado"},{"@type":"BreadcrumbList","@id":"https:\/\/ollerpintures.com\/ca\/producte\/spray-montana-hardcore-mtn-metalizado-400ml\/#breadcrumb","itemListElement":[{"@type":"ListItem","position":1,"name":"Inici","item":"https:\/\/ollerpintures.com\/ca\/"},{"@type":"ListItem","position":2,"name":"Botiga","item":"https:\/\/ollerpintures.com\/ca\/botiga\/"},{"@type":"ListItem","position":3,"name":"Spray Hardcore MTN Metalizado 400ml | Montana Colors"}]},{"@type":"WebSite","@id":"https:\/\/ollerpintures.com\/ca\/#website","url":"https:\/\/ollerpintures.com\/ca\/","name":"Oller Pinturas y Revestimientos","description":"Pinturas y revestimientos para profesionales, industrias, obras p\u00fablicas, bricolaje. Pinturas de calidad profesional i mucho m\u00e1s.","publisher":{"@id":"https:\/\/ollerpintures.com\/ca\/#organization"},"alternateName":"Oller Grup","potentialAction":[{"@type":"SearchAction","target":{"@type":"EntryPoint","urlTemplate":"https:\/\/ollerpintures.com\/ca\/?s={search_term_string}"},"query-input":{"@type":"PropertyValueSpecification","valueRequired":true,"valueName":"search_term_string"}}],"inLanguage":"ca"},{"@type":"Organization","@id":"https:\/\/ollerpintures.com\/ca\/#organization","name":"Oller Pintures i Revestiments","alternateName":"Oller Grup","url":"https:\/\/ollerpintures.com\/ca\/","logo":{"@type":"ImageObject","inLanguage":"ca","@id":"https:\/\/ollerpintures.com\/ca\/#\/schema\/logo\/image\/","url":"https:\/\/ollerpintures.com\/wp-content\/uploads\/2024\/05\/newLogo.png","contentUrl":"https:\/\/ollerpintures.com\/wp-content\/uploads\/2024\/05\/newLogo.png","width":483,"height":244,"caption":"Oller Pintures i Revestiments"},"image":{"@id":"https:\/\/ollerpintures.com\/ca\/#\/schema\/logo\/image\/"},"sameAs":["https:\/\/www.facebook.com\/people\/Oller-Pintures\/100063652056709\/","https:\/\/www.instagram.com\/ollerpintures\/","https:\/\/descriptor.es\/organization\/oller-grup\/"]}]}},"brands":[{"id":684,"name":"Montana Colors | MTN","slug":"montana-colors"}],"_links":{"self":[{"href":"https:\/\/ollerpintures.com\/ca\/wp-json\/wp\/v2\/product\/15359","targetHints":{"allow":["GET"]}}],"collection":[{"href":"https:\/\/ollerpintures.com\/ca\/wp-json\/wp\/v2\/product"}],"about":[{"href":"https:\/\/ollerpintures.com\/ca\/wp-json\/wp\/v2\/types\/product"}],"wp:featuredmedia":[{"embeddable":true,"href":"https:\/\/ollerpintures.com\/ca\/wp-json\/wp\/v2\/media\/15643"}],"wp:attachment":[{"href":"https:\/\/ollerpintures.com\/ca\/wp-json\/wp\/v2\/media?parent=15359"}],"wp:term":[{"taxonomy":"pwb-brand","embeddable":true,"href":"https:\/\/ollerpintures.com\/ca\/wp-json\/wp\/v2\/pwb-brand?post=15359"},{"taxonomy":"product_brand","embeddable":true,"href":"https:\/\/ollerpintures.com\/ca\/wp-json\/wp\/v2\/product_brand?post=15359"},{"taxonomy":"product_cat","embeddable":true,"href":"https:\/\/ollerpintures.com\/ca\/wp-json\/wp\/v2\/product_cat?post=15359"},{"taxonomy":"product_tag","embeddable":true,"href":"https:\/\/ollerpintures.com\/ca\/wp-json\/wp\/v2\/product_tag?post=15359"}],"curies":[{"name":"wp","href":"https:\/\/api.w.org\/{rel}","templated":true}]}}