{"id":13972,"date":"2021-10-01T11:15:52","date_gmt":"2021-10-01T10:15:52","guid":{"rendered":"https:\/\/oller-pintures.c.wetopi.com\/producte\/pintura-chalk-paint-bruguer-mint\/"},"modified":"2023-11-21T15:27:37","modified_gmt":"2023-11-21T14:27:37","slug":"pintura-chalk-paint-bruguer-mint","status":"publish","type":"product","link":"https:\/\/ollerpintures.com\/ca\/producte\/pintura-chalk-paint-bruguer-mint\/","title":{"rendered":"Pintura Chalk Paint BRUGUER Mint"},"content":{"rendered":"<p>La pintura al guix Chalk Paint de Bruguer \u00e9s una molt bona opci\u00f3 per projectes de bricolatge i decoraci\u00f3:<\/p>\n<ul>\n<li>Acabat mat<\/li>\n<li>Sense imprimaci\u00f3<\/li>\n<li>Multisuperf\u00edcie<\/li>\n<li>Base aigua<\/li>\n<li>No \u00e9s t\u00f2xica<\/li>\n<li>Assecat r\u00e0pid<\/li>\n<\/ul>\n<p>Experimenta i deixa volar la teva creativitat gr\u00e0cies a la pintura al guix Chalk Paint!<\/p>\n","protected":false},"excerpt":{"rendered":"<ul>\n<li>Acabat mat<\/li>\n<li>Sense imprimaci\u00f3<\/li>\n<li>Multisuperf\u00edcie<\/li>\n<li>Base aigua<\/li>\n<li>No \u00e9s t\u00f2xica<\/li>\n<li>Assecat r\u00e0pid<\/li>\n<\/ul>\n","protected":false},"featured_media":14094,"template":"","meta":{"_acf_changed":false},"pwb-brand":[41],"product_brand":[],"product_cat":[24,845,688,796,76],"product_tag":[37,73,517,66],"class_list":{"0":"post-13972","1":"product","2":"type-product","3":"status-publish","4":"has-post-thumbnail","6":"pwb-brand-bruguer","7":"product_cat-pintura","8":"product_cat-pintura-decorativa","9":"product_cat-chalk-paint-pinturaexterior","10":"product_cat-pintures-especials","11":"product_cat-ofertes","12":"product_tag-bricolatge","13":"product_tag-bruguer","14":"product_tag-chalk-paint","15":"product_tag-pintura","16":"no-featured-image-padding","17":"resize-featured-image","18":"sales-flash-overlay","19":"woocommerce-text-align-left","20":"woocommerce-image-align-center","21":"do-quantity-buttons","22":"wc-has-gallery","24":"first","25":"instock","26":"shipping-taxable","27":"purchasable","28":"product-type-variable"},"acf":[],"yoast_head":"<!-- This site is optimized with the Yoast SEO plugin v27.1.1 - https:\/\/yoast.com\/product\/yoast-seo-wordpress\/ -->\n<title>Pintura Chalk Paint BRUGUER Mint - Oller Pinturas y Revestimientos<\/title>\n<meta name=\"description\" content=\"Acabat mat  Sense imprimaci\u00f3  Multisuperf\u00edcie  Base aigua  No \u00e9s t\u00f2xica  Assecat r\u00e0pid\" \/>\n<meta name=\"robots\" content=\"index, follow, max-snippet:-1, max-image-preview:large, max-video-preview:-1\" \/>\n<link rel=\"canonical\" href=\"https:\/\/ollerpintures.com\/ca\/producte\/pintura-chalk-paint-bruguer-mint\/\" \/>\n<meta property=\"og:locale\" content=\"ca_ES\" \/>\n<meta property=\"og:type\" content=\"article\" \/>\n<meta property=\"og:title\" content=\"Pintura Chalk Paint BRUGUER Mint - Oller Pinturas y Revestimientos\" \/>\n<meta property=\"og:description\" content=\"Acabat mat  Sense imprimaci\u00f3  Multisuperf\u00edcie  Base aigua  No \u00e9s t\u00f2xica  Assecat r\u00e0pid\" \/>\n<meta property=\"og:url\" content=\"https:\/\/ollerpintures.com\/ca\/producte\/pintura-chalk-paint-bruguer-mint\/\" \/>\n<meta property=\"og:site_name\" content=\"Oller Pinturas y Revestimientos\" \/>\n<meta property=\"article:publisher\" content=\"https:\/\/www.facebook.com\/people\/Oller-Pintures\/100063652056709\/\" \/>\n<meta property=\"article:modified_time\" content=\"2023-11-21T14:27:37+00:00\" \/>\n<meta property=\"og:image\" content=\"https:\/\/ollerpintures.com\/wp-content\/uploads\/2021\/10\/chalk-paint-pintura-a-la-tiza-bruguer-mint-175-ml-precio-oferta-comprar-online-oller-pintures-oferta.jpg\" \/>\n\t<meta property=\"og:image:width\" content=\"1080\" \/>\n\t<meta property=\"og:image:height\" content=\"1080\" \/>\n\t<meta property=\"og:image:type\" content=\"image\/jpeg\" \/>\n<meta name=\"twitter:card\" content=\"summary_large_image\" \/>\n<script type=\"application\/ld+json\" class=\"yoast-schema-graph\">{\"@context\":\"https:\/\/schema.org\",\"@graph\":[{\"@type\":\"WebPage\",\"@id\":\"https:\/\/ollerpintures.com\/ca\/producte\/pintura-chalk-paint-bruguer-mint\/\",\"url\":\"https:\/\/ollerpintures.com\/ca\/producte\/pintura-chalk-paint-bruguer-mint\/\",\"name\":\"Pintura Chalk Paint BRUGUER Mint - Oller Pinturas y Revestimientos\",\"isPartOf\":{\"@id\":\"https:\/\/ollerpintures.com\/ca\/#website\"},\"primaryImageOfPage\":{\"@id\":\"https:\/\/ollerpintures.com\/ca\/producte\/pintura-chalk-paint-bruguer-mint\/#primaryimage\"},\"image\":{\"@id\":\"https:\/\/ollerpintures.com\/ca\/producte\/pintura-chalk-paint-bruguer-mint\/#primaryimage\"},\"thumbnailUrl\":\"https:\/\/ollerpintures.com\/wp-content\/uploads\/2021\/10\/chalk-paint-pintura-a-la-tiza-bruguer-mint-175-ml-precio-oferta-comprar-online-oller-pintures-oferta.jpg\",\"datePublished\":\"2021-10-01T10:15:52+00:00\",\"dateModified\":\"2023-11-21T14:27:37+00:00\",\"description\":\"Acabat mat Sense imprimaci\u00f3 Multisuperf\u00edcie Base aigua No \u00e9s t\u00f2xica Assecat r\u00e0pid\",\"breadcrumb\":{\"@id\":\"https:\/\/ollerpintures.com\/ca\/producte\/pintura-chalk-paint-bruguer-mint\/#breadcrumb\"},\"inLanguage\":\"ca\",\"potentialAction\":[{\"@type\":\"ReadAction\",\"target\":[\"https:\/\/ollerpintures.com\/ca\/producte\/pintura-chalk-paint-bruguer-mint\/\"]}]},{\"@type\":\"ImageObject\",\"inLanguage\":\"ca\",\"@id\":\"https:\/\/ollerpintures.com\/ca\/producte\/pintura-chalk-paint-bruguer-mint\/#primaryimage\",\"url\":\"https:\/\/ollerpintures.com\/wp-content\/uploads\/2021\/10\/chalk-paint-pintura-a-la-tiza-bruguer-mint-175-ml-precio-oferta-comprar-online-oller-pintures-oferta.jpg\",\"contentUrl\":\"https:\/\/ollerpintures.com\/wp-content\/uploads\/2021\/10\/chalk-paint-pintura-a-la-tiza-bruguer-mint-175-ml-precio-oferta-comprar-online-oller-pintures-oferta.jpg\",\"width\":1080,\"height\":1080,\"caption\":\"chalk paint bruguer mint\"},{\"@type\":\"BreadcrumbList\",\"@id\":\"https:\/\/ollerpintures.com\/ca\/producte\/pintura-chalk-paint-bruguer-mint\/#breadcrumb\",\"itemListElement\":[{\"@type\":\"ListItem\",\"position\":1,\"name\":\"Inici\",\"item\":\"https:\/\/ollerpintures.com\/ca\/\"},{\"@type\":\"ListItem\",\"position\":2,\"name\":\"Botiga\",\"item\":\"https:\/\/ollerpintures.com\/ca\/botiga\/\"},{\"@type\":\"ListItem\",\"position\":3,\"name\":\"Pintura Chalk Paint BRUGUER Mint\"}]},{\"@type\":\"WebSite\",\"@id\":\"https:\/\/ollerpintures.com\/ca\/#website\",\"url\":\"https:\/\/ollerpintures.com\/ca\/\",\"name\":\"Oller Pinturas y Revestimientos\",\"description\":\"Pinturas y revestimientos para profesionales, industrias, obras p\u00fablicas, bricolaje. Pinturas de calidad profesional i mucho m\u00e1s.\",\"publisher\":{\"@id\":\"https:\/\/ollerpintures.com\/ca\/#organization\"},\"alternateName\":\"Oller Grup\",\"potentialAction\":[{\"@type\":\"SearchAction\",\"target\":{\"@type\":\"EntryPoint\",\"urlTemplate\":\"https:\/\/ollerpintures.com\/ca\/?s={search_term_string}\"},\"query-input\":{\"@type\":\"PropertyValueSpecification\",\"valueRequired\":true,\"valueName\":\"search_term_string\"}}],\"inLanguage\":\"ca\"},{\"@type\":\"Organization\",\"@id\":\"https:\/\/ollerpintures.com\/ca\/#organization\",\"name\":\"Oller Pintures i Revestiments\",\"alternateName\":\"Oller Grup\",\"url\":\"https:\/\/ollerpintures.com\/ca\/\",\"logo\":{\"@type\":\"ImageObject\",\"inLanguage\":\"ca\",\"@id\":\"https:\/\/ollerpintures.com\/ca\/#\/schema\/logo\/image\/\",\"url\":\"https:\/\/ollerpintures.com\/wp-content\/uploads\/2024\/05\/newLogo.png\",\"contentUrl\":\"https:\/\/ollerpintures.com\/wp-content\/uploads\/2024\/05\/newLogo.png\",\"width\":483,\"height\":244,\"caption\":\"Oller Pintures i Revestiments\"},\"image\":{\"@id\":\"https:\/\/ollerpintures.com\/ca\/#\/schema\/logo\/image\/\"},\"sameAs\":[\"https:\/\/www.facebook.com\/people\/Oller-Pintures\/100063652056709\/\",\"https:\/\/www.instagram.com\/ollerpintures\/\",\"https:\/\/descriptor.es\/organization\/oller-grup\/\"]}]}<\/script>\n<!-- \/ Yoast SEO plugin. -->","yoast_head_json":{"title":"Pintura Chalk Paint BRUGUER Mint - Oller Pinturas y Revestimientos","description":"Acabat mat  Sense imprimaci\u00f3  Multisuperf\u00edcie  Base aigua  No \u00e9s t\u00f2xica  Assecat r\u00e0pid","robots":{"index":"index","follow":"follow","max-snippet":"max-snippet:-1","max-image-preview":"max-image-preview:large","max-video-preview":"max-video-preview:-1"},"canonical":"https:\/\/ollerpintures.com\/ca\/producte\/pintura-chalk-paint-bruguer-mint\/","og_locale":"ca_ES","og_type":"article","og_title":"Pintura Chalk Paint BRUGUER Mint - Oller Pinturas y Revestimientos","og_description":"Acabat mat  Sense imprimaci\u00f3  Multisuperf\u00edcie  Base aigua  No \u00e9s t\u00f2xica  Assecat r\u00e0pid","og_url":"https:\/\/ollerpintures.com\/ca\/producte\/pintura-chalk-paint-bruguer-mint\/","og_site_name":"Oller Pinturas y Revestimientos","article_publisher":"https:\/\/www.facebook.com\/people\/Oller-Pintures\/100063652056709\/","article_modified_time":"2023-11-21T14:27:37+00:00","og_image":[{"width":1080,"height":1080,"url":"https:\/\/ollerpintures.com\/wp-content\/uploads\/2021\/10\/chalk-paint-pintura-a-la-tiza-bruguer-mint-175-ml-precio-oferta-comprar-online-oller-pintures-oferta.jpg","type":"image\/jpeg"}],"twitter_card":"summary_large_image","schema":{"@context":"https:\/\/schema.org","@graph":[{"@type":"WebPage","@id":"https:\/\/ollerpintures.com\/ca\/producte\/pintura-chalk-paint-bruguer-mint\/","url":"https:\/\/ollerpintures.com\/ca\/producte\/pintura-chalk-paint-bruguer-mint\/","name":"Pintura Chalk Paint BRUGUER Mint - Oller Pinturas y Revestimientos","isPartOf":{"@id":"https:\/\/ollerpintures.com\/ca\/#website"},"primaryImageOfPage":{"@id":"https:\/\/ollerpintures.com\/ca\/producte\/pintura-chalk-paint-bruguer-mint\/#primaryimage"},"image":{"@id":"https:\/\/ollerpintures.com\/ca\/producte\/pintura-chalk-paint-bruguer-mint\/#primaryimage"},"thumbnailUrl":"https:\/\/ollerpintures.com\/wp-content\/uploads\/2021\/10\/chalk-paint-pintura-a-la-tiza-bruguer-mint-175-ml-precio-oferta-comprar-online-oller-pintures-oferta.jpg","datePublished":"2021-10-01T10:15:52+00:00","dateModified":"2023-11-21T14:27:37+00:00","description":"Acabat mat Sense imprimaci\u00f3 Multisuperf\u00edcie Base aigua No \u00e9s t\u00f2xica Assecat r\u00e0pid","breadcrumb":{"@id":"https:\/\/ollerpintures.com\/ca\/producte\/pintura-chalk-paint-bruguer-mint\/#breadcrumb"},"inLanguage":"ca","potentialAction":[{"@type":"ReadAction","target":["https:\/\/ollerpintures.com\/ca\/producte\/pintura-chalk-paint-bruguer-mint\/"]}]},{"@type":"ImageObject","inLanguage":"ca","@id":"https:\/\/ollerpintures.com\/ca\/producte\/pintura-chalk-paint-bruguer-mint\/#primaryimage","url":"https:\/\/ollerpintures.com\/wp-content\/uploads\/2021\/10\/chalk-paint-pintura-a-la-tiza-bruguer-mint-175-ml-precio-oferta-comprar-online-oller-pintures-oferta.jpg","contentUrl":"https:\/\/ollerpintures.com\/wp-content\/uploads\/2021\/10\/chalk-paint-pintura-a-la-tiza-bruguer-mint-175-ml-precio-oferta-comprar-online-oller-pintures-oferta.jpg","width":1080,"height":1080,"caption":"chalk paint bruguer mint"},{"@type":"BreadcrumbList","@id":"https:\/\/ollerpintures.com\/ca\/producte\/pintura-chalk-paint-bruguer-mint\/#breadcrumb","itemListElement":[{"@type":"ListItem","position":1,"name":"Inici","item":"https:\/\/ollerpintures.com\/ca\/"},{"@type":"ListItem","position":2,"name":"Botiga","item":"https:\/\/ollerpintures.com\/ca\/botiga\/"},{"@type":"ListItem","position":3,"name":"Pintura Chalk Paint BRUGUER Mint"}]},{"@type":"WebSite","@id":"https:\/\/ollerpintures.com\/ca\/#website","url":"https:\/\/ollerpintures.com\/ca\/","name":"Oller Pinturas y Revestimientos","description":"Pinturas y revestimientos para profesionales, industrias, obras p\u00fablicas, bricolaje. Pinturas de calidad profesional i mucho m\u00e1s.","publisher":{"@id":"https:\/\/ollerpintures.com\/ca\/#organization"},"alternateName":"Oller Grup","potentialAction":[{"@type":"SearchAction","target":{"@type":"EntryPoint","urlTemplate":"https:\/\/ollerpintures.com\/ca\/?s={search_term_string}"},"query-input":{"@type":"PropertyValueSpecification","valueRequired":true,"valueName":"search_term_string"}}],"inLanguage":"ca"},{"@type":"Organization","@id":"https:\/\/ollerpintures.com\/ca\/#organization","name":"Oller Pintures i Revestiments","alternateName":"Oller Grup","url":"https:\/\/ollerpintures.com\/ca\/","logo":{"@type":"ImageObject","inLanguage":"ca","@id":"https:\/\/ollerpintures.com\/ca\/#\/schema\/logo\/image\/","url":"https:\/\/ollerpintures.com\/wp-content\/uploads\/2024\/05\/newLogo.png","contentUrl":"https:\/\/ollerpintures.com\/wp-content\/uploads\/2024\/05\/newLogo.png","width":483,"height":244,"caption":"Oller Pintures i Revestiments"},"image":{"@id":"https:\/\/ollerpintures.com\/ca\/#\/schema\/logo\/image\/"},"sameAs":["https:\/\/www.facebook.com\/people\/Oller-Pintures\/100063652056709\/","https:\/\/www.instagram.com\/ollerpintures\/","https:\/\/descriptor.es\/organization\/oller-grup\/"]}]}},"brands":[{"id":41,"name":"Bruguer","slug":"bruguer"}],"_links":{"self":[{"href":"https:\/\/ollerpintures.com\/ca\/wp-json\/wp\/v2\/product\/13972","targetHints":{"allow":["GET"]}}],"collection":[{"href":"https:\/\/ollerpintures.com\/ca\/wp-json\/wp\/v2\/product"}],"about":[{"href":"https:\/\/ollerpintures.com\/ca\/wp-json\/wp\/v2\/types\/product"}],"wp:featuredmedia":[{"embeddable":true,"href":"https:\/\/ollerpintures.com\/ca\/wp-json\/wp\/v2\/media\/14094"}],"wp:attachment":[{"href":"https:\/\/ollerpintures.com\/ca\/wp-json\/wp\/v2\/media?parent=13972"}],"wp:term":[{"taxonomy":"pwb-brand","embeddable":true,"href":"https:\/\/ollerpintures.com\/ca\/wp-json\/wp\/v2\/pwb-brand?post=13972"},{"taxonomy":"product_brand","embeddable":true,"href":"https:\/\/ollerpintures.com\/ca\/wp-json\/wp\/v2\/product_brand?post=13972"},{"taxonomy":"product_cat","embeddable":true,"href":"https:\/\/ollerpintures.com\/ca\/wp-json\/wp\/v2\/product_cat?post=13972"},{"taxonomy":"product_tag","embeddable":true,"href":"https:\/\/ollerpintures.com\/ca\/wp-json\/wp\/v2\/product_tag?post=13972"}],"curies":[{"name":"wp","href":"https:\/\/api.w.org\/{rel}","templated":true}]}}