{"id":13263,"date":"2021-09-07T17:31:37","date_gmt":"2021-09-07T16:31:37","guid":{"rendered":"https:\/\/oller-pintures.c.wetopi.com\/?post_type=product&#038;p=13263"},"modified":"2026-02-02T14:00:29","modified_gmt":"2026-02-02T13:00:29","slug":"disc-de-lijar-granat-stf-d150-48-p60-gr-50-festool-ref-575161","status":"publish","type":"product","link":"https:\/\/ollerpintures.com\/ca\/producte\/disc-de-lijar-granat-stf-d150-48-p60-gr-50-festool-ref-575161\/","title":{"rendered":"Disc de lijar Granat STF D150\/48 P60 GR\/50 FESTOOL Ref. 575161"},"content":{"rendered":"<p>Disc apte per RO 150, ES 150, ETS 150, ETS EC 150, LEX 150, WTS 150, HSK-D 150. <strong>150mm de di\u00e0metre i gra P60. Packs de 50 unitats.\u00a0<\/strong><\/p>\n<p><strong>Aplicacions principals:\u00a0<\/strong><\/p>\n<ul>\n<li>Sistemes de vernissat m\u00e9s moderns<\/li>\n<li>Especialment recomanat per vernissos VOC<\/li>\n<li>Pl\u00e0stics, materials minerals i acr\u00edlics<\/li>\n<li>Bases dures<\/li>\n<\/ul>\n<p><strong>Disc de lijar Granat STF D150\/48 P60 GR\/50 REF. 575161 FESTOOL<\/strong><\/p>\n<p><strong>Abrasiu Festool de primera qualitat!\u00a0<\/strong><\/p>\n<p><strong>Marca: Festool<\/strong><\/p>\n<p><strong>Refer\u00e8ncia: 575161<\/strong><\/p>\n","protected":false},"excerpt":{"rendered":"<p>Disc apte per RO 150, ES 150, ETS 150, ETS EC 150, LEX 150, WTS 150, HSK-D 150. <strong>150mm de di\u00e0metre i gra P60. Packs de 50 unitats.\u00a0<\/strong><\/p>\n<p><strong>Aplicacions principals:\u00a0<\/strong><\/p>\n<ul>\n<li>Sistemes de vernissat m\u00e9s moderns<\/li>\n<li>Especialment recomanat per vernissos VOC<\/li>\n<li>Pl\u00e0stics, materials minerals i acr\u00edlics<\/li>\n<li>Bases dures<\/li>\n<\/ul>\n<p><strong>Abrasiu Festool de primera qualitat!\u00a0<\/strong><\/p>\n<p><strong>Marca: Festool<\/strong><\/p>\n<p><strong>Refer\u00e8ncia: 575161<\/strong><\/p>\n","protected":false},"featured_media":13264,"template":"","meta":{"_acf_changed":false},"pwb-brand":[909],"product_brand":[],"product_cat":[77,100,985,806,1960],"product_tag":[989,986,96,910,809],"class_list":{"0":"post-13263","1":"product","2":"type-product","3":"status-publish","4":"has-post-thumbnail","6":"pwb-brand-festool","7":"product_cat-eines","8":"product_cat-preparacio-de-superficies","9":"product_cat-discs-per-lijar","10":"product_cat-maquinaria","11":"product_cat-festool","12":"product_tag-abrasiu","13":"product_tag-discs-lija","14":"product_tag-eines","15":"product_tag-festool","16":"product_tag-maquinaria","17":"no-featured-image-padding","18":"resize-featured-image","19":"sales-flash-overlay","20":"woocommerce-text-align-left","21":"woocommerce-image-align-center","22":"do-quantity-buttons","24":"first","25":"instock","26":"shipping-taxable","27":"purchasable","28":"product-type-simple"},"acf":[],"yoast_head":"<!-- This site is optimized with the Yoast SEO plugin v27.1.1 - https:\/\/yoast.com\/product\/yoast-seo-wordpress\/ -->\n<title>Disc de lijar Granat STF D150\/48 P60 GR\/50 FESTOOL Ref. 575161 - Oller Pinturas y Revestimientos<\/title>\n<meta name=\"description\" content=\"Disc apte per RO 150, ES 150, ETS 150, ETS EC 150, LEX 150, WTS 150, HSK-D 150. 150mm de di\u00e0metre i gra P60. Packs de 50 unitats.\u00a0  Aplicacions principals:\u00a0   Sistemes de vernissat m\u00e9s moderns  Especialment recomanat per vernissos VOC  Pl\u00e0stics, materials minerals i acr\u00edlics  Bases dures  Abrasiu Festool de primera qualitat!\u00a0  Marca: Festool  Refer\u00e8ncia: 575161\" \/>\n<meta name=\"robots\" content=\"index, follow, max-snippet:-1, max-image-preview:large, max-video-preview:-1\" \/>\n<link rel=\"canonical\" href=\"https:\/\/ollerpintures.com\/ca\/producte\/disc-de-lijar-granat-stf-d150-48-p60-gr-50-festool-ref-575161\/\" \/>\n<meta property=\"og:locale\" content=\"ca_ES\" \/>\n<meta property=\"og:type\" content=\"article\" \/>\n<meta property=\"og:title\" content=\"Disc de lijar Granat STF D150\/48 P60 GR\/50 FESTOOL Ref. 575161 - Oller Pinturas y Revestimientos\" \/>\n<meta property=\"og:description\" content=\"Disc apte per RO 150, ES 150, ETS 150, ETS EC 150, LEX 150, WTS 150, HSK-D 150. 150mm de di\u00e0metre i gra P60. Packs de 50 unitats.\u00a0  Aplicacions principals:\u00a0   Sistemes de vernissat m\u00e9s moderns  Especialment recomanat per vernissos VOC  Pl\u00e0stics, materials minerals i acr\u00edlics  Bases dures  Abrasiu Festool de primera qualitat!\u00a0  Marca: Festool  Refer\u00e8ncia: 575161\" \/>\n<meta property=\"og:url\" content=\"https:\/\/ollerpintures.com\/ca\/producte\/disc-de-lijar-granat-stf-d150-48-p60-gr-50-festool-ref-575161\/\" \/>\n<meta property=\"og:site_name\" content=\"Oller Pinturas y Revestimientos\" \/>\n<meta property=\"article:publisher\" content=\"https:\/\/www.facebook.com\/people\/Oller-Pintures\/100063652056709\/\" \/>\n<meta property=\"article:modified_time\" content=\"2026-02-02T13:00:29+00:00\" \/>\n<meta property=\"og:image\" content=\"https:\/\/ollerpintures.com\/wp-content\/uploads\/2021\/09\/disco-lija-granat-festool-150-diametro-stf-d150-p-60-comprar-online-lijadora-profesional-oller-pintures-preu.jpg\" \/>\n\t<meta property=\"og:image:width\" content=\"1080\" \/>\n\t<meta property=\"og:image:height\" content=\"1080\" \/>\n\t<meta property=\"og:image:type\" content=\"image\/jpeg\" \/>\n<meta name=\"twitter:card\" content=\"summary_large_image\" \/>\n<meta name=\"twitter:label1\" content=\"Temps estimat de lectura\" \/>\n\t<meta name=\"twitter:data1\" content=\"1 minut\" \/>\n<script type=\"application\/ld+json\" class=\"yoast-schema-graph\">{\"@context\":\"https:\/\/schema.org\",\"@graph\":[{\"@type\":\"WebPage\",\"@id\":\"https:\/\/ollerpintures.com\/ca\/producte\/disc-de-lijar-granat-stf-d150-48-p60-gr-50-festool-ref-575161\/\",\"url\":\"https:\/\/ollerpintures.com\/ca\/producte\/disc-de-lijar-granat-stf-d150-48-p60-gr-50-festool-ref-575161\/\",\"name\":\"Disc de lijar Granat STF D150\/48 P60 GR\/50 FESTOOL Ref. 575161 - Oller Pinturas y Revestimientos\",\"isPartOf\":{\"@id\":\"https:\/\/ollerpintures.com\/ca\/#website\"},\"primaryImageOfPage\":{\"@id\":\"https:\/\/ollerpintures.com\/ca\/producte\/disc-de-lijar-granat-stf-d150-48-p60-gr-50-festool-ref-575161\/#primaryimage\"},\"image\":{\"@id\":\"https:\/\/ollerpintures.com\/ca\/producte\/disc-de-lijar-granat-stf-d150-48-p60-gr-50-festool-ref-575161\/#primaryimage\"},\"thumbnailUrl\":\"https:\/\/ollerpintures.com\/wp-content\/uploads\/2021\/09\/disco-lija-granat-festool-150-diametro-stf-d150-p-60-comprar-online-lijadora-profesional-oller-pintures-preu.jpg\",\"datePublished\":\"2021-09-07T16:31:37+00:00\",\"dateModified\":\"2026-02-02T13:00:29+00:00\",\"description\":\"Disc apte per RO 150, ES 150, ETS 150, ETS EC 150, LEX 150, WTS 150, HSK-D 150. 150mm de di\u00e0metre i gra P60. Packs de 50 unitats.\u00a0 Aplicacions principals:\u00a0 Sistemes de vernissat m\u00e9s moderns Especialment recomanat per vernissos VOC Pl\u00e0stics, materials minerals i acr\u00edlics Bases dures Abrasiu Festool de primera qualitat!\u00a0 Marca: Festool Refer\u00e8ncia: 575161\",\"breadcrumb\":{\"@id\":\"https:\/\/ollerpintures.com\/ca\/producte\/disc-de-lijar-granat-stf-d150-48-p60-gr-50-festool-ref-575161\/#breadcrumb\"},\"inLanguage\":\"ca\",\"potentialAction\":[{\"@type\":\"ReadAction\",\"target\":[\"https:\/\/ollerpintures.com\/ca\/producte\/disc-de-lijar-granat-stf-d150-48-p60-gr-50-festool-ref-575161\/\"]}]},{\"@type\":\"ImageObject\",\"inLanguage\":\"ca\",\"@id\":\"https:\/\/ollerpintures.com\/ca\/producte\/disc-de-lijar-granat-stf-d150-48-p60-gr-50-festool-ref-575161\/#primaryimage\",\"url\":\"https:\/\/ollerpintures.com\/wp-content\/uploads\/2021\/09\/disco-lija-granat-festool-150-diametro-stf-d150-p-60-comprar-online-lijadora-profesional-oller-pintures-preu.jpg\",\"contentUrl\":\"https:\/\/ollerpintures.com\/wp-content\/uploads\/2021\/09\/disco-lija-granat-festool-150-diametro-stf-d150-p-60-comprar-online-lijadora-profesional-oller-pintures-preu.jpg\",\"width\":1080,\"height\":1080,\"caption\":\"Disc lija Festool ref. 575161\"},{\"@type\":\"BreadcrumbList\",\"@id\":\"https:\/\/ollerpintures.com\/ca\/producte\/disc-de-lijar-granat-stf-d150-48-p60-gr-50-festool-ref-575161\/#breadcrumb\",\"itemListElement\":[{\"@type\":\"ListItem\",\"position\":1,\"name\":\"Inici\",\"item\":\"https:\/\/ollerpintures.com\/ca\/\"},{\"@type\":\"ListItem\",\"position\":2,\"name\":\"Botiga\",\"item\":\"https:\/\/ollerpintures.com\/ca\/botiga\/\"},{\"@type\":\"ListItem\",\"position\":3,\"name\":\"Disc de lijar Granat STF D150\/48 P60 GR\/50 FESTOOL Ref. 575161\"}]},{\"@type\":\"WebSite\",\"@id\":\"https:\/\/ollerpintures.com\/ca\/#website\",\"url\":\"https:\/\/ollerpintures.com\/ca\/\",\"name\":\"Oller Pinturas y Revestimientos\",\"description\":\"Pinturas y revestimientos para profesionales, industrias, obras p\u00fablicas, bricolaje. Pinturas de calidad profesional i mucho m\u00e1s.\",\"publisher\":{\"@id\":\"https:\/\/ollerpintures.com\/ca\/#organization\"},\"alternateName\":\"Oller Grup\",\"potentialAction\":[{\"@type\":\"SearchAction\",\"target\":{\"@type\":\"EntryPoint\",\"urlTemplate\":\"https:\/\/ollerpintures.com\/ca\/?s={search_term_string}\"},\"query-input\":{\"@type\":\"PropertyValueSpecification\",\"valueRequired\":true,\"valueName\":\"search_term_string\"}}],\"inLanguage\":\"ca\"},{\"@type\":\"Organization\",\"@id\":\"https:\/\/ollerpintures.com\/ca\/#organization\",\"name\":\"Oller Pintures i Revestiments\",\"alternateName\":\"Oller Grup\",\"url\":\"https:\/\/ollerpintures.com\/ca\/\",\"logo\":{\"@type\":\"ImageObject\",\"inLanguage\":\"ca\",\"@id\":\"https:\/\/ollerpintures.com\/ca\/#\/schema\/logo\/image\/\",\"url\":\"https:\/\/ollerpintures.com\/wp-content\/uploads\/2024\/05\/newLogo.png\",\"contentUrl\":\"https:\/\/ollerpintures.com\/wp-content\/uploads\/2024\/05\/newLogo.png\",\"width\":483,\"height\":244,\"caption\":\"Oller Pintures i Revestiments\"},\"image\":{\"@id\":\"https:\/\/ollerpintures.com\/ca\/#\/schema\/logo\/image\/\"},\"sameAs\":[\"https:\/\/www.facebook.com\/people\/Oller-Pintures\/100063652056709\/\",\"https:\/\/www.instagram.com\/ollerpintures\/\",\"https:\/\/descriptor.es\/organization\/oller-grup\/\"]}]}<\/script>\n<!-- \/ Yoast SEO plugin. -->","yoast_head_json":{"title":"Disc de lijar Granat STF D150\/48 P60 GR\/50 FESTOOL Ref. 575161 - Oller Pinturas y Revestimientos","description":"Disc apte per RO 150, ES 150, ETS 150, ETS EC 150, LEX 150, WTS 150, HSK-D 150. 150mm de di\u00e0metre i gra P60. Packs de 50 unitats.\u00a0  Aplicacions principals:\u00a0   Sistemes de vernissat m\u00e9s moderns  Especialment recomanat per vernissos VOC  Pl\u00e0stics, materials minerals i acr\u00edlics  Bases dures  Abrasiu Festool de primera qualitat!\u00a0  Marca: Festool  Refer\u00e8ncia: 575161","robots":{"index":"index","follow":"follow","max-snippet":"max-snippet:-1","max-image-preview":"max-image-preview:large","max-video-preview":"max-video-preview:-1"},"canonical":"https:\/\/ollerpintures.com\/ca\/producte\/disc-de-lijar-granat-stf-d150-48-p60-gr-50-festool-ref-575161\/","og_locale":"ca_ES","og_type":"article","og_title":"Disc de lijar Granat STF D150\/48 P60 GR\/50 FESTOOL Ref. 575161 - Oller Pinturas y Revestimientos","og_description":"Disc apte per RO 150, ES 150, ETS 150, ETS EC 150, LEX 150, WTS 150, HSK-D 150. 150mm de di\u00e0metre i gra P60. Packs de 50 unitats.\u00a0  Aplicacions principals:\u00a0   Sistemes de vernissat m\u00e9s moderns  Especialment recomanat per vernissos VOC  Pl\u00e0stics, materials minerals i acr\u00edlics  Bases dures  Abrasiu Festool de primera qualitat!\u00a0  Marca: Festool  Refer\u00e8ncia: 575161","og_url":"https:\/\/ollerpintures.com\/ca\/producte\/disc-de-lijar-granat-stf-d150-48-p60-gr-50-festool-ref-575161\/","og_site_name":"Oller Pinturas y Revestimientos","article_publisher":"https:\/\/www.facebook.com\/people\/Oller-Pintures\/100063652056709\/","article_modified_time":"2026-02-02T13:00:29+00:00","og_image":[{"width":1080,"height":1080,"url":"https:\/\/ollerpintures.com\/wp-content\/uploads\/2021\/09\/disco-lija-granat-festool-150-diametro-stf-d150-p-60-comprar-online-lijadora-profesional-oller-pintures-preu.jpg","type":"image\/jpeg"}],"twitter_card":"summary_large_image","twitter_misc":{"Temps estimat de lectura":"1 minut"},"schema":{"@context":"https:\/\/schema.org","@graph":[{"@type":"WebPage","@id":"https:\/\/ollerpintures.com\/ca\/producte\/disc-de-lijar-granat-stf-d150-48-p60-gr-50-festool-ref-575161\/","url":"https:\/\/ollerpintures.com\/ca\/producte\/disc-de-lijar-granat-stf-d150-48-p60-gr-50-festool-ref-575161\/","name":"Disc de lijar Granat STF D150\/48 P60 GR\/50 FESTOOL Ref. 575161 - Oller Pinturas y Revestimientos","isPartOf":{"@id":"https:\/\/ollerpintures.com\/ca\/#website"},"primaryImageOfPage":{"@id":"https:\/\/ollerpintures.com\/ca\/producte\/disc-de-lijar-granat-stf-d150-48-p60-gr-50-festool-ref-575161\/#primaryimage"},"image":{"@id":"https:\/\/ollerpintures.com\/ca\/producte\/disc-de-lijar-granat-stf-d150-48-p60-gr-50-festool-ref-575161\/#primaryimage"},"thumbnailUrl":"https:\/\/ollerpintures.com\/wp-content\/uploads\/2021\/09\/disco-lija-granat-festool-150-diametro-stf-d150-p-60-comprar-online-lijadora-profesional-oller-pintures-preu.jpg","datePublished":"2021-09-07T16:31:37+00:00","dateModified":"2026-02-02T13:00:29+00:00","description":"Disc apte per RO 150, ES 150, ETS 150, ETS EC 150, LEX 150, WTS 150, HSK-D 150. 150mm de di\u00e0metre i gra P60. Packs de 50 unitats.\u00a0 Aplicacions principals:\u00a0 Sistemes de vernissat m\u00e9s moderns Especialment recomanat per vernissos VOC Pl\u00e0stics, materials minerals i acr\u00edlics Bases dures Abrasiu Festool de primera qualitat!\u00a0 Marca: Festool Refer\u00e8ncia: 575161","breadcrumb":{"@id":"https:\/\/ollerpintures.com\/ca\/producte\/disc-de-lijar-granat-stf-d150-48-p60-gr-50-festool-ref-575161\/#breadcrumb"},"inLanguage":"ca","potentialAction":[{"@type":"ReadAction","target":["https:\/\/ollerpintures.com\/ca\/producte\/disc-de-lijar-granat-stf-d150-48-p60-gr-50-festool-ref-575161\/"]}]},{"@type":"ImageObject","inLanguage":"ca","@id":"https:\/\/ollerpintures.com\/ca\/producte\/disc-de-lijar-granat-stf-d150-48-p60-gr-50-festool-ref-575161\/#primaryimage","url":"https:\/\/ollerpintures.com\/wp-content\/uploads\/2021\/09\/disco-lija-granat-festool-150-diametro-stf-d150-p-60-comprar-online-lijadora-profesional-oller-pintures-preu.jpg","contentUrl":"https:\/\/ollerpintures.com\/wp-content\/uploads\/2021\/09\/disco-lija-granat-festool-150-diametro-stf-d150-p-60-comprar-online-lijadora-profesional-oller-pintures-preu.jpg","width":1080,"height":1080,"caption":"Disc lija Festool ref. 575161"},{"@type":"BreadcrumbList","@id":"https:\/\/ollerpintures.com\/ca\/producte\/disc-de-lijar-granat-stf-d150-48-p60-gr-50-festool-ref-575161\/#breadcrumb","itemListElement":[{"@type":"ListItem","position":1,"name":"Inici","item":"https:\/\/ollerpintures.com\/ca\/"},{"@type":"ListItem","position":2,"name":"Botiga","item":"https:\/\/ollerpintures.com\/ca\/botiga\/"},{"@type":"ListItem","position":3,"name":"Disc de lijar Granat STF D150\/48 P60 GR\/50 FESTOOL Ref. 575161"}]},{"@type":"WebSite","@id":"https:\/\/ollerpintures.com\/ca\/#website","url":"https:\/\/ollerpintures.com\/ca\/","name":"Oller Pinturas y Revestimientos","description":"Pinturas y revestimientos para profesionales, industrias, obras p\u00fablicas, bricolaje. Pinturas de calidad profesional i mucho m\u00e1s.","publisher":{"@id":"https:\/\/ollerpintures.com\/ca\/#organization"},"alternateName":"Oller Grup","potentialAction":[{"@type":"SearchAction","target":{"@type":"EntryPoint","urlTemplate":"https:\/\/ollerpintures.com\/ca\/?s={search_term_string}"},"query-input":{"@type":"PropertyValueSpecification","valueRequired":true,"valueName":"search_term_string"}}],"inLanguage":"ca"},{"@type":"Organization","@id":"https:\/\/ollerpintures.com\/ca\/#organization","name":"Oller Pintures i Revestiments","alternateName":"Oller Grup","url":"https:\/\/ollerpintures.com\/ca\/","logo":{"@type":"ImageObject","inLanguage":"ca","@id":"https:\/\/ollerpintures.com\/ca\/#\/schema\/logo\/image\/","url":"https:\/\/ollerpintures.com\/wp-content\/uploads\/2024\/05\/newLogo.png","contentUrl":"https:\/\/ollerpintures.com\/wp-content\/uploads\/2024\/05\/newLogo.png","width":483,"height":244,"caption":"Oller Pintures i Revestiments"},"image":{"@id":"https:\/\/ollerpintures.com\/ca\/#\/schema\/logo\/image\/"},"sameAs":["https:\/\/www.facebook.com\/people\/Oller-Pintures\/100063652056709\/","https:\/\/www.instagram.com\/ollerpintures\/","https:\/\/descriptor.es\/organization\/oller-grup\/"]}]}},"brands":[{"id":909,"name":"Festool","slug":"festool"}],"_links":{"self":[{"href":"https:\/\/ollerpintures.com\/ca\/wp-json\/wp\/v2\/product\/13263","targetHints":{"allow":["GET"]}}],"collection":[{"href":"https:\/\/ollerpintures.com\/ca\/wp-json\/wp\/v2\/product"}],"about":[{"href":"https:\/\/ollerpintures.com\/ca\/wp-json\/wp\/v2\/types\/product"}],"wp:featuredmedia":[{"embeddable":true,"href":"https:\/\/ollerpintures.com\/ca\/wp-json\/wp\/v2\/media\/13264"}],"wp:attachment":[{"href":"https:\/\/ollerpintures.com\/ca\/wp-json\/wp\/v2\/media?parent=13263"}],"wp:term":[{"taxonomy":"pwb-brand","embeddable":true,"href":"https:\/\/ollerpintures.com\/ca\/wp-json\/wp\/v2\/pwb-brand?post=13263"},{"taxonomy":"product_brand","embeddable":true,"href":"https:\/\/ollerpintures.com\/ca\/wp-json\/wp\/v2\/product_brand?post=13263"},{"taxonomy":"product_cat","embeddable":true,"href":"https:\/\/ollerpintures.com\/ca\/wp-json\/wp\/v2\/product_cat?post=13263"},{"taxonomy":"product_tag","embeddable":true,"href":"https:\/\/ollerpintures.com\/ca\/wp-json\/wp\/v2\/product_tag?post=13263"}],"curies":[{"name":"wp","href":"https:\/\/api.w.org\/{rel}","templated":true}]}}