{"id":13009,"date":"2021-09-03T11:29:26","date_gmt":"2021-09-03T10:29:26","guid":{"rendered":"https:\/\/oller-pintures.c.wetopi.com\/?post_type=product&#038;p=13009"},"modified":"2023-05-15T07:36:17","modified_gmt":"2023-05-15T06:36:17","slug":"pack-facanes-revestiment-termoaillant-fixador-cubeta-brotxa-corro-allargador","status":"publish","type":"product","link":"https:\/\/ollerpintures.com\/ca\/producte\/pack-facanes-revestiment-termoaillant-fixador-cubeta-brotxa-corro-allargador\/","title":{"rendered":"Pack Fa\u00e7anes &#8211; Revestiment termoa\u00efllant + fixador + cubeta + brotxa + corr\u00f3 + allargador"},"content":{"rendered":"<p><strong>Pinta fa\u00e7anes amb el pack complet<\/strong>. Guanya en comoditat i practicitat! Amb aquest pack s&#8217;inclou:<\/p>\n<ul>\n<li><span class=\"JsGRdQ\">Pintura per fa\u00e7anes: Revestiment <\/span><a href=\"https:\/\/ollerpintures.com\/producte\/pintura-revestiment-per-facanes-renovatherm-procolor-blanc-15l\/\"><span class=\"JsGRdQ\">RENOVATHERM 15L Blanc<\/span><\/a><\/li>\n<li><span class=\"JsGRdQ\">Fixador <\/span><span class=\"JsGRdQ\">PROCOFIX 750ml Incolor<\/span><\/li>\n<li><a href=\"https:\/\/ollerpintures.com\/producte\/cubeta-de-plastic-16l-amb-reixeta-per-pintar\/\"><span class=\"JsGRdQ\">Cubeta <\/span><span class=\"JsGRdQ\">16L<\/span><\/a><\/li>\n<li><a href=\"https:\/\/ollerpintures.com\/producte\/corro-per-facanes-superficies-rugoses-felpon-50-soft-touch-rond-22cm\/\"><span class=\"JsGRdQ\">Corr\u00f3 <\/span><span class=\"JsGRdQ\">Felpon 50 Soft Touch Rond 22cm<\/span><\/a><\/li>\n<li><a href=\"https:\/\/ollerpintures.com\/producte\/allargament-alumini-per-corro-2m\/\"><span class=\"JsGRdQ\">Allargador <\/span><span class=\"JsGRdQ\">d&#8217;alumini<\/span><\/a><\/li>\n<li><span class=\"JsGRdQ\">Brotxa <\/span><span class=\"JsGRdQ\">per retallar<\/span><\/li>\n<\/ul>\n<p>Amb aquest pack de pintura per fa\u00e7anes podr\u00e0s cobrir, aproximadament, 100m2.<\/p>\n<p>&nbsp;<\/p>\n","protected":false},"excerpt":{"rendered":"<ul>\n<li><span class=\"JsGRdQ\">Pintura per fa\u00e7anes: Revestiment <\/span><span class=\"JsGRdQ\">RENOVATHERM 15L Blanc<\/span><\/li>\n<li><span class=\"JsGRdQ\">Fixador <\/span><span class=\"JsGRdQ\">PROCOFIX 750ml Incolor<\/span><\/li>\n<li><span class=\"JsGRdQ\">Cubeta <\/span><span class=\"JsGRdQ\">16L<\/span><\/li>\n<li><span class=\"JsGRdQ\">Corr\u00f3 <\/span><span class=\"JsGRdQ\">Felpon 50 Soft Touch Rond 22cm<\/span><\/li>\n<li><span class=\"JsGRdQ\">Allargador <\/span><span class=\"JsGRdQ\">d&#8217;alumini<\/span><\/li>\n<li><span class=\"JsGRdQ\">Brotxa <\/span><span class=\"JsGRdQ\">per retallar<\/span><\/li>\n<\/ul>\n<p>Amb aquest pack de pintura per fa\u00e7anes podr\u00e0s cobrir, aproximadament,<strong> 100m2.\u00a0<\/strong><\/p>\n","protected":false},"featured_media":13010,"template":"","meta":{"_acf_changed":false},"pwb-brand":[61],"product_brand":[],"product_cat":[24,70,78,77,95],"product_tag":[96,79,651,82],"class_list":{"0":"post-13009","1":"product","2":"type-product","3":"status-publish","4":"has-post-thumbnail","6":"pwb-brand-procolor","7":"product_cat-pintura","8":"product_cat-pinturaexterior","9":"product_cat-facanes","10":"product_cat-eines","11":"product_cat-per-pintar","12":"product_tag-eines","13":"product_tag-facana","14":"product_tag-pack","15":"product_tag-procolor","16":"no-featured-image-padding","17":"resize-featured-image","18":"sales-flash-overlay","19":"woocommerce-text-align-left","20":"woocommerce-image-align-center","21":"do-quantity-buttons","22":"wc-has-gallery","24":"first","25":"instock","26":"shipping-taxable","27":"purchasable","28":"product-type-simple"},"acf":[],"yoast_head":"<!-- This site is optimized with the Yoast SEO plugin v27.1.1 - https:\/\/yoast.com\/product\/yoast-seo-wordpress\/ -->\n<title>Pack Fa\u00e7anes - Revestiment termoa\u00efllant + fixador + cubeta + brotxa + corr\u00f3 + allargador - Oller Pinturas y Revestimientos<\/title>\n<meta name=\"description\" content=\"Pintura per fa\u00e7anes: Revestiment RENOVATHERM 15L Blanc  Fixador PROCOFIX 750ml Incolor  Cubeta 16L  Corr\u00f3 Felpon 50 Soft Touch Rond 22cm  Allargador d&#039;alumini  Brotxa per retallar  Amb aquest pack de pintura per fa\u00e7anes podr\u00e0s cobrir, aproximadament, 100m2.\u00a0\" \/>\n<meta name=\"robots\" content=\"index, follow, max-snippet:-1, max-image-preview:large, max-video-preview:-1\" \/>\n<link rel=\"canonical\" href=\"https:\/\/ollerpintures.com\/ca\/producte\/pack-facanes-revestiment-termoaillant-fixador-cubeta-brotxa-corro-allargador\/\" \/>\n<meta property=\"og:locale\" content=\"ca_ES\" \/>\n<meta property=\"og:type\" content=\"article\" \/>\n<meta property=\"og:title\" content=\"Pack Fa\u00e7anes - Revestiment termoa\u00efllant + fixador + cubeta + brotxa + corr\u00f3 + allargador - Oller Pinturas y Revestimientos\" \/>\n<meta property=\"og:description\" content=\"Pintura per fa\u00e7anes: Revestiment RENOVATHERM 15L Blanc  Fixador PROCOFIX 750ml Incolor  Cubeta 16L  Corr\u00f3 Felpon 50 Soft Touch Rond 22cm  Allargador d&#039;alumini  Brotxa per retallar  Amb aquest pack de pintura per fa\u00e7anes podr\u00e0s cobrir, aproximadament, 100m2.\u00a0\" \/>\n<meta property=\"og:url\" content=\"https:\/\/ollerpintures.com\/ca\/producte\/pack-facanes-revestiment-termoaillant-fixador-cubeta-brotxa-corro-allargador\/\" \/>\n<meta property=\"og:site_name\" content=\"Oller Pinturas y Revestimientos\" \/>\n<meta property=\"article:publisher\" content=\"https:\/\/www.facebook.com\/people\/Oller-Pintures\/100063652056709\/\" \/>\n<meta property=\"article:modified_time\" content=\"2023-05-15T06:36:17+00:00\" \/>\n<meta property=\"og:image\" content=\"https:\/\/ollerpintures.com\/wp-content\/uploads\/2021\/09\/pintura-fachadas-pack-revestimiento-termoaislante-renovatherm-procofix-rodillo-brocha-alargo-aluminio-comprar-online-oller.jpg\" \/>\n\t<meta property=\"og:image:width\" content=\"1080\" \/>\n\t<meta property=\"og:image:height\" content=\"1080\" \/>\n\t<meta property=\"og:image:type\" content=\"image\/jpeg\" \/>\n<meta name=\"twitter:card\" content=\"summary_large_image\" \/>\n<meta name=\"twitter:label1\" content=\"Temps estimat de lectura\" \/>\n\t<meta name=\"twitter:data1\" content=\"1 minut\" \/>\n<script type=\"application\/ld+json\" class=\"yoast-schema-graph\">{\"@context\":\"https:\/\/schema.org\",\"@graph\":[{\"@type\":\"WebPage\",\"@id\":\"https:\/\/ollerpintures.com\/ca\/producte\/pack-facanes-revestiment-termoaillant-fixador-cubeta-brotxa-corro-allargador\/\",\"url\":\"https:\/\/ollerpintures.com\/ca\/producte\/pack-facanes-revestiment-termoaillant-fixador-cubeta-brotxa-corro-allargador\/\",\"name\":\"Pack Fa\u00e7anes - Revestiment termoa\u00efllant + fixador + cubeta + brotxa + corr\u00f3 + allargador - Oller Pinturas y Revestimientos\",\"isPartOf\":{\"@id\":\"https:\/\/ollerpintures.com\/ca\/#website\"},\"primaryImageOfPage\":{\"@id\":\"https:\/\/ollerpintures.com\/ca\/producte\/pack-facanes-revestiment-termoaillant-fixador-cubeta-brotxa-corro-allargador\/#primaryimage\"},\"image\":{\"@id\":\"https:\/\/ollerpintures.com\/ca\/producte\/pack-facanes-revestiment-termoaillant-fixador-cubeta-brotxa-corro-allargador\/#primaryimage\"},\"thumbnailUrl\":\"https:\/\/ollerpintures.com\/wp-content\/uploads\/2021\/09\/pintura-fachadas-pack-revestimiento-termoaislante-renovatherm-procofix-rodillo-brocha-alargo-aluminio-comprar-online-oller.jpg\",\"datePublished\":\"2021-09-03T10:29:26+00:00\",\"dateModified\":\"2023-05-15T06:36:17+00:00\",\"description\":\"Pintura per fa\u00e7anes: Revestiment RENOVATHERM 15L Blanc Fixador PROCOFIX 750ml Incolor Cubeta 16L Corr\u00f3 Felpon 50 Soft Touch Rond 22cm Allargador d'alumini Brotxa per retallar Amb aquest pack de pintura per fa\u00e7anes podr\u00e0s cobrir, aproximadament, 100m2.\u00a0\",\"breadcrumb\":{\"@id\":\"https:\/\/ollerpintures.com\/ca\/producte\/pack-facanes-revestiment-termoaillant-fixador-cubeta-brotxa-corro-allargador\/#breadcrumb\"},\"inLanguage\":\"ca\",\"potentialAction\":[{\"@type\":\"ReadAction\",\"target\":[\"https:\/\/ollerpintures.com\/ca\/producte\/pack-facanes-revestiment-termoaillant-fixador-cubeta-brotxa-corro-allargador\/\"]}]},{\"@type\":\"ImageObject\",\"inLanguage\":\"ca\",\"@id\":\"https:\/\/ollerpintures.com\/ca\/producte\/pack-facanes-revestiment-termoaillant-fixador-cubeta-brotxa-corro-allargador\/#primaryimage\",\"url\":\"https:\/\/ollerpintures.com\/wp-content\/uploads\/2021\/09\/pintura-fachadas-pack-revestimiento-termoaislante-renovatherm-procofix-rodillo-brocha-alargo-aluminio-comprar-online-oller.jpg\",\"contentUrl\":\"https:\/\/ollerpintures.com\/wp-content\/uploads\/2021\/09\/pintura-fachadas-pack-revestimiento-termoaislante-renovatherm-procofix-rodillo-brocha-alargo-aluminio-comprar-online-oller.jpg\",\"width\":1080,\"height\":1080,\"caption\":\"pack pintura fa\u00e7anes\"},{\"@type\":\"BreadcrumbList\",\"@id\":\"https:\/\/ollerpintures.com\/ca\/producte\/pack-facanes-revestiment-termoaillant-fixador-cubeta-brotxa-corro-allargador\/#breadcrumb\",\"itemListElement\":[{\"@type\":\"ListItem\",\"position\":1,\"name\":\"Inici\",\"item\":\"https:\/\/ollerpintures.com\/ca\/\"},{\"@type\":\"ListItem\",\"position\":2,\"name\":\"Botiga\",\"item\":\"https:\/\/ollerpintures.com\/ca\/botiga\/\"},{\"@type\":\"ListItem\",\"position\":3,\"name\":\"Pack Fa\u00e7anes &#8211; Revestiment termoa\u00efllant + fixador + cubeta + brotxa + corr\u00f3 + allargador\"}]},{\"@type\":\"WebSite\",\"@id\":\"https:\/\/ollerpintures.com\/ca\/#website\",\"url\":\"https:\/\/ollerpintures.com\/ca\/\",\"name\":\"Oller Pinturas y Revestimientos\",\"description\":\"Pinturas y revestimientos para profesionales, industrias, obras p\u00fablicas, bricolaje. Pinturas de calidad profesional i mucho m\u00e1s.\",\"publisher\":{\"@id\":\"https:\/\/ollerpintures.com\/ca\/#organization\"},\"alternateName\":\"Oller Grup\",\"potentialAction\":[{\"@type\":\"SearchAction\",\"target\":{\"@type\":\"EntryPoint\",\"urlTemplate\":\"https:\/\/ollerpintures.com\/ca\/?s={search_term_string}\"},\"query-input\":{\"@type\":\"PropertyValueSpecification\",\"valueRequired\":true,\"valueName\":\"search_term_string\"}}],\"inLanguage\":\"ca\"},{\"@type\":\"Organization\",\"@id\":\"https:\/\/ollerpintures.com\/ca\/#organization\",\"name\":\"Oller Pintures i Revestiments\",\"alternateName\":\"Oller Grup\",\"url\":\"https:\/\/ollerpintures.com\/ca\/\",\"logo\":{\"@type\":\"ImageObject\",\"inLanguage\":\"ca\",\"@id\":\"https:\/\/ollerpintures.com\/ca\/#\/schema\/logo\/image\/\",\"url\":\"https:\/\/ollerpintures.com\/wp-content\/uploads\/2024\/05\/newLogo.png\",\"contentUrl\":\"https:\/\/ollerpintures.com\/wp-content\/uploads\/2024\/05\/newLogo.png\",\"width\":483,\"height\":244,\"caption\":\"Oller Pintures i Revestiments\"},\"image\":{\"@id\":\"https:\/\/ollerpintures.com\/ca\/#\/schema\/logo\/image\/\"},\"sameAs\":[\"https:\/\/www.facebook.com\/people\/Oller-Pintures\/100063652056709\/\",\"https:\/\/www.instagram.com\/ollerpintures\/\",\"https:\/\/descriptor.es\/organization\/oller-grup\/\"]}]}<\/script>\n<!-- \/ Yoast SEO plugin. -->","yoast_head_json":{"title":"Pack Fa\u00e7anes - Revestiment termoa\u00efllant + fixador + cubeta + brotxa + corr\u00f3 + allargador - Oller Pinturas y Revestimientos","description":"Pintura per fa\u00e7anes: Revestiment RENOVATHERM 15L Blanc  Fixador PROCOFIX 750ml Incolor  Cubeta 16L  Corr\u00f3 Felpon 50 Soft Touch Rond 22cm  Allargador d'alumini  Brotxa per retallar  Amb aquest pack de pintura per fa\u00e7anes podr\u00e0s cobrir, aproximadament, 100m2.\u00a0","robots":{"index":"index","follow":"follow","max-snippet":"max-snippet:-1","max-image-preview":"max-image-preview:large","max-video-preview":"max-video-preview:-1"},"canonical":"https:\/\/ollerpintures.com\/ca\/producte\/pack-facanes-revestiment-termoaillant-fixador-cubeta-brotxa-corro-allargador\/","og_locale":"ca_ES","og_type":"article","og_title":"Pack Fa\u00e7anes - Revestiment termoa\u00efllant + fixador + cubeta + brotxa + corr\u00f3 + allargador - Oller Pinturas y Revestimientos","og_description":"Pintura per fa\u00e7anes: Revestiment RENOVATHERM 15L Blanc  Fixador PROCOFIX 750ml Incolor  Cubeta 16L  Corr\u00f3 Felpon 50 Soft Touch Rond 22cm  Allargador d'alumini  Brotxa per retallar  Amb aquest pack de pintura per fa\u00e7anes podr\u00e0s cobrir, aproximadament, 100m2.\u00a0","og_url":"https:\/\/ollerpintures.com\/ca\/producte\/pack-facanes-revestiment-termoaillant-fixador-cubeta-brotxa-corro-allargador\/","og_site_name":"Oller Pinturas y Revestimientos","article_publisher":"https:\/\/www.facebook.com\/people\/Oller-Pintures\/100063652056709\/","article_modified_time":"2023-05-15T06:36:17+00:00","og_image":[{"width":1080,"height":1080,"url":"https:\/\/ollerpintures.com\/wp-content\/uploads\/2021\/09\/pintura-fachadas-pack-revestimiento-termoaislante-renovatherm-procofix-rodillo-brocha-alargo-aluminio-comprar-online-oller.jpg","type":"image\/jpeg"}],"twitter_card":"summary_large_image","twitter_misc":{"Temps estimat de lectura":"1 minut"},"schema":{"@context":"https:\/\/schema.org","@graph":[{"@type":"WebPage","@id":"https:\/\/ollerpintures.com\/ca\/producte\/pack-facanes-revestiment-termoaillant-fixador-cubeta-brotxa-corro-allargador\/","url":"https:\/\/ollerpintures.com\/ca\/producte\/pack-facanes-revestiment-termoaillant-fixador-cubeta-brotxa-corro-allargador\/","name":"Pack Fa\u00e7anes - Revestiment termoa\u00efllant + fixador + cubeta + brotxa + corr\u00f3 + allargador - Oller Pinturas y Revestimientos","isPartOf":{"@id":"https:\/\/ollerpintures.com\/ca\/#website"},"primaryImageOfPage":{"@id":"https:\/\/ollerpintures.com\/ca\/producte\/pack-facanes-revestiment-termoaillant-fixador-cubeta-brotxa-corro-allargador\/#primaryimage"},"image":{"@id":"https:\/\/ollerpintures.com\/ca\/producte\/pack-facanes-revestiment-termoaillant-fixador-cubeta-brotxa-corro-allargador\/#primaryimage"},"thumbnailUrl":"https:\/\/ollerpintures.com\/wp-content\/uploads\/2021\/09\/pintura-fachadas-pack-revestimiento-termoaislante-renovatherm-procofix-rodillo-brocha-alargo-aluminio-comprar-online-oller.jpg","datePublished":"2021-09-03T10:29:26+00:00","dateModified":"2023-05-15T06:36:17+00:00","description":"Pintura per fa\u00e7anes: Revestiment RENOVATHERM 15L Blanc Fixador PROCOFIX 750ml Incolor Cubeta 16L Corr\u00f3 Felpon 50 Soft Touch Rond 22cm Allargador d'alumini Brotxa per retallar Amb aquest pack de pintura per fa\u00e7anes podr\u00e0s cobrir, aproximadament, 100m2.\u00a0","breadcrumb":{"@id":"https:\/\/ollerpintures.com\/ca\/producte\/pack-facanes-revestiment-termoaillant-fixador-cubeta-brotxa-corro-allargador\/#breadcrumb"},"inLanguage":"ca","potentialAction":[{"@type":"ReadAction","target":["https:\/\/ollerpintures.com\/ca\/producte\/pack-facanes-revestiment-termoaillant-fixador-cubeta-brotxa-corro-allargador\/"]}]},{"@type":"ImageObject","inLanguage":"ca","@id":"https:\/\/ollerpintures.com\/ca\/producte\/pack-facanes-revestiment-termoaillant-fixador-cubeta-brotxa-corro-allargador\/#primaryimage","url":"https:\/\/ollerpintures.com\/wp-content\/uploads\/2021\/09\/pintura-fachadas-pack-revestimiento-termoaislante-renovatherm-procofix-rodillo-brocha-alargo-aluminio-comprar-online-oller.jpg","contentUrl":"https:\/\/ollerpintures.com\/wp-content\/uploads\/2021\/09\/pintura-fachadas-pack-revestimiento-termoaislante-renovatherm-procofix-rodillo-brocha-alargo-aluminio-comprar-online-oller.jpg","width":1080,"height":1080,"caption":"pack pintura fa\u00e7anes"},{"@type":"BreadcrumbList","@id":"https:\/\/ollerpintures.com\/ca\/producte\/pack-facanes-revestiment-termoaillant-fixador-cubeta-brotxa-corro-allargador\/#breadcrumb","itemListElement":[{"@type":"ListItem","position":1,"name":"Inici","item":"https:\/\/ollerpintures.com\/ca\/"},{"@type":"ListItem","position":2,"name":"Botiga","item":"https:\/\/ollerpintures.com\/ca\/botiga\/"},{"@type":"ListItem","position":3,"name":"Pack Fa\u00e7anes &#8211; Revestiment termoa\u00efllant + fixador + cubeta + brotxa + corr\u00f3 + allargador"}]},{"@type":"WebSite","@id":"https:\/\/ollerpintures.com\/ca\/#website","url":"https:\/\/ollerpintures.com\/ca\/","name":"Oller Pinturas y Revestimientos","description":"Pinturas y revestimientos para profesionales, industrias, obras p\u00fablicas, bricolaje. Pinturas de calidad profesional i mucho m\u00e1s.","publisher":{"@id":"https:\/\/ollerpintures.com\/ca\/#organization"},"alternateName":"Oller Grup","potentialAction":[{"@type":"SearchAction","target":{"@type":"EntryPoint","urlTemplate":"https:\/\/ollerpintures.com\/ca\/?s={search_term_string}"},"query-input":{"@type":"PropertyValueSpecification","valueRequired":true,"valueName":"search_term_string"}}],"inLanguage":"ca"},{"@type":"Organization","@id":"https:\/\/ollerpintures.com\/ca\/#organization","name":"Oller Pintures i Revestiments","alternateName":"Oller Grup","url":"https:\/\/ollerpintures.com\/ca\/","logo":{"@type":"ImageObject","inLanguage":"ca","@id":"https:\/\/ollerpintures.com\/ca\/#\/schema\/logo\/image\/","url":"https:\/\/ollerpintures.com\/wp-content\/uploads\/2024\/05\/newLogo.png","contentUrl":"https:\/\/ollerpintures.com\/wp-content\/uploads\/2024\/05\/newLogo.png","width":483,"height":244,"caption":"Oller Pintures i Revestiments"},"image":{"@id":"https:\/\/ollerpintures.com\/ca\/#\/schema\/logo\/image\/"},"sameAs":["https:\/\/www.facebook.com\/people\/Oller-Pintures\/100063652056709\/","https:\/\/www.instagram.com\/ollerpintures\/","https:\/\/descriptor.es\/organization\/oller-grup\/"]}]}},"brands":[{"id":61,"name":"Procolor","slug":"procolor"}],"_links":{"self":[{"href":"https:\/\/ollerpintures.com\/ca\/wp-json\/wp\/v2\/product\/13009","targetHints":{"allow":["GET"]}}],"collection":[{"href":"https:\/\/ollerpintures.com\/ca\/wp-json\/wp\/v2\/product"}],"about":[{"href":"https:\/\/ollerpintures.com\/ca\/wp-json\/wp\/v2\/types\/product"}],"wp:featuredmedia":[{"embeddable":true,"href":"https:\/\/ollerpintures.com\/ca\/wp-json\/wp\/v2\/media\/13010"}],"wp:attachment":[{"href":"https:\/\/ollerpintures.com\/ca\/wp-json\/wp\/v2\/media?parent=13009"}],"wp:term":[{"taxonomy":"pwb-brand","embeddable":true,"href":"https:\/\/ollerpintures.com\/ca\/wp-json\/wp\/v2\/pwb-brand?post=13009"},{"taxonomy":"product_brand","embeddable":true,"href":"https:\/\/ollerpintures.com\/ca\/wp-json\/wp\/v2\/product_brand?post=13009"},{"taxonomy":"product_cat","embeddable":true,"href":"https:\/\/ollerpintures.com\/ca\/wp-json\/wp\/v2\/product_cat?post=13009"},{"taxonomy":"product_tag","embeddable":true,"href":"https:\/\/ollerpintures.com\/ca\/wp-json\/wp\/v2\/product_tag?post=13009"}],"curies":[{"name":"wp","href":"https:\/\/api.w.org\/{rel}","templated":true}]}}