{"id":12838,"date":"2021-08-16T11:18:55","date_gmt":"2021-08-16T10:18:55","guid":{"rendered":"https:\/\/oller-pintures.c.wetopi.com\/?post_type=product&#038;p=12838"},"modified":"2023-08-23T15:00:07","modified_gmt":"2023-08-23T14:00:07","slug":"amoladora-de-saneamiento-rg-130-e-set-dia-hd-festool","status":"publish","type":"product","link":"https:\/\/ollerpintures.com\/ca\/producte\/amoladora-de-saneamiento-rg-130-e-set-dia-hd-festool\/","title":{"rendered":"Amoladora de Saneamiento RG 130 E-Set DIA HD FESTOOL Ref. 768977"},"content":{"rendered":"<p>Amb l&#8217; amoladora de saneamiento RG 130 E-Set DIA HD de FESTOOL podr\u00e0s <strong>lijar superf\u00edcies de manera c\u00f2moda, no perjudicial i neta.\u00a0<\/strong><\/p>\n<p><strong>Polir terres de paret a paret: no perjudicial per la teva salut i net pels teus clients!<\/strong><\/p>\n<h4><strong>Avantatges i beneficis:<\/strong><\/h4>\n<ul>\n<li>Amoladora de sanejament robusta i duradora per eliminar restes persistents d&#8217;adhesiu en rajoles i parquet<\/li>\n<li>Excel\u00b7lent aspiraci\u00f3 de la pols en combinaci\u00f3 amb el sistema d&#8217;aspiraci\u00f3 m\u00f2bil CTM 36 AC RENOFIX<\/li>\n<li>El motor de 1600W garanteix l&#8217;arrencada de material i l&#8217;acceleraci\u00f3 del proc\u00e9s<\/li>\n<li>Polir terres ran de paret gr\u00e0cies a una banda de raspall plegable<\/li>\n<li>El m\u00e0nec adicional i la taula de guiat permeten un \u00fas i maneig molt c\u00f2mode<\/li>\n<li>Amb disc de diamant DIA THERMO, ideal per arrencar materials termoel\u00e0stics<\/li>\n<\/ul>\n<h4><strong>Aplicacions principals:<\/strong><\/h4>\n<ul>\n<li>Especialistes en eines de diamants<\/li>\n<li>Soluci\u00f3 \u00f2ptima per eliminar material en renovacions i sanejaments<\/li>\n<li>Arrencar formig\u00f3 i revestiments sobre bases dures<\/li>\n<li>\u00c0rees grans o aplicacions locals a paret, sostre i terra<\/li>\n<\/ul>\n<p>&nbsp;<\/p>\n<h4><strong>Dades t\u00e8cniques:<\/strong><\/h4>\n<div class=\"table-element__row tableRow\">\n<ul>\n<li class=\"table-element__cell tableCell\"><em>Lijado de superficies: Valor total medio vibraci\u00f3n ah 5,20 m\/s\u00b2<\/em><\/li>\n<li class=\"table-element__cell tableCell\"><em>Lijado de superficies: Incertidumbre (ruido) K 3,00 dB<\/em><\/li>\n<li class=\"table-element__cell tableCell\"><em>Lijado de superficies: Incertidumbre (vibraci\u00f3n) K 1,50 m\/s\u00b2<\/em><\/li>\n<li><em>Lijado de superficies: Nivel de potencia sonora LWA en dB(A) 106,00 dB(A)<\/em><\/li>\n<li><em>Lijado de superficies: Serie de normas EN 60745-2-3<\/em><\/li>\n<li><em>Lijado de superficies: Nivel de intensidad sonora LpA en dB(A) 95,00 dB(A)<\/em><\/li>\n<\/ul>\n<\/div>\n<p><strong>Marca: Festool<\/strong><\/p>\n<p><strong>Refer\u00e8ncia: 768977<\/strong><\/p>\n","protected":false},"excerpt":{"rendered":"<p>Amb l&#8217; amoladora de saneamiento RG 130 E-Set DIA HD de FESTOOL podr\u00e0s <strong>lijar superf\u00edcies de manera c\u00f2moda, no perjudicial i neta.\u00a0<\/strong><\/p>\n<p><strong>Descobreix tots els avantatges a continuaci\u00f3!<\/strong><\/p>\n<p><strong>Marca: Festool<\/strong><\/p>\n<p><strong>Refer\u00e8ncia: 768977<\/strong><\/p>\n","protected":false},"featured_media":12843,"template":"","meta":{"_acf_changed":false},"pwb-brand":[909],"product_brand":[],"product_cat":[806,1960,908],"product_tag":[910,911,809],"class_list":{"0":"post-12838","1":"product","2":"type-product","3":"status-publish","4":"has-post-thumbnail","6":"pwb-brand-festool","7":"product_cat-maquinaria","8":"product_cat-festool","9":"product_cat-lijadores","10":"product_tag-festool","11":"product_tag-lijar-2","12":"product_tag-maquinaria","13":"no-featured-image-padding","14":"resize-featured-image","15":"sales-flash-overlay","16":"woocommerce-text-align-left","17":"woocommerce-image-align-center","18":"do-quantity-buttons","19":"wc-has-gallery","21":"first","22":"outofstock","23":"shipping-taxable","24":"purchasable","25":"product-type-simple"},"acf":[],"yoast_head":"<!-- This site is optimized with the Yoast SEO plugin v27.1.1 - https:\/\/yoast.com\/product\/yoast-seo-wordpress\/ -->\n<title>Amoladora de Saneamiento RG 130 E-Set DIA HD FESTOOL Ref. 768977 - Oller Pinturas y Revestimientos<\/title>\n<meta name=\"description\" content=\"Amb l&#039; amoladora de saneamiento RG 130 E-Set DIA HD de FESTOOL podr\u00e0s lijar superf\u00edcies de manera c\u00f2moda, no perjudicial i neta.\u00a0  Descobreix tots els avantatges a continuaci\u00f3!  Marca: Festool  Refer\u00e8ncia: 768977\" \/>\n<meta name=\"robots\" content=\"index, follow, max-snippet:-1, max-image-preview:large, max-video-preview:-1\" \/>\n<link rel=\"canonical\" href=\"https:\/\/ollerpintures.com\/ca\/producte\/amoladora-de-saneamiento-rg-130-e-set-dia-hd-festool\/\" \/>\n<meta property=\"og:locale\" content=\"ca_ES\" \/>\n<meta property=\"og:type\" content=\"article\" \/>\n<meta property=\"og:title\" content=\"Amoladora de Saneamiento RG 130 E-Set DIA HD FESTOOL Ref. 768977 - Oller Pinturas y Revestimientos\" \/>\n<meta property=\"og:description\" content=\"Amb l&#039; amoladora de saneamiento RG 130 E-Set DIA HD de FESTOOL podr\u00e0s lijar superf\u00edcies de manera c\u00f2moda, no perjudicial i neta.\u00a0  Descobreix tots els avantatges a continuaci\u00f3!  Marca: Festool  Refer\u00e8ncia: 768977\" \/>\n<meta property=\"og:url\" content=\"https:\/\/ollerpintures.com\/ca\/producte\/amoladora-de-saneamiento-rg-130-e-set-dia-hd-festool\/\" \/>\n<meta property=\"og:site_name\" content=\"Oller Pinturas y Revestimientos\" \/>\n<meta property=\"article:publisher\" content=\"https:\/\/www.facebook.com\/people\/Oller-Pintures\/100063652056709\/\" \/>\n<meta property=\"article:modified_time\" content=\"2023-08-23T14:00:07+00:00\" \/>\n<meta property=\"og:image\" content=\"https:\/\/ollerpintures.com\/wp-content\/uploads\/2021\/08\/amoladora-saneamiento-rg-130-e-set-dia-hd-festool-comprar-online-oller-maquinaria.jpg\" \/>\n\t<meta property=\"og:image:width\" content=\"1080\" \/>\n\t<meta property=\"og:image:height\" content=\"1080\" \/>\n\t<meta property=\"og:image:type\" content=\"image\/jpeg\" \/>\n<meta name=\"twitter:card\" content=\"summary_large_image\" \/>\n<meta name=\"twitter:label1\" content=\"Temps estimat de lectura\" \/>\n\t<meta name=\"twitter:data1\" content=\"2 minuts\" \/>\n<script type=\"application\/ld+json\" class=\"yoast-schema-graph\">{\"@context\":\"https:\/\/schema.org\",\"@graph\":[{\"@type\":\"WebPage\",\"@id\":\"https:\/\/ollerpintures.com\/ca\/producte\/amoladora-de-saneamiento-rg-130-e-set-dia-hd-festool\/\",\"url\":\"https:\/\/ollerpintures.com\/ca\/producte\/amoladora-de-saneamiento-rg-130-e-set-dia-hd-festool\/\",\"name\":\"Amoladora de Saneamiento RG 130 E-Set DIA HD FESTOOL Ref. 768977 - Oller Pinturas y Revestimientos\",\"isPartOf\":{\"@id\":\"https:\/\/ollerpintures.com\/ca\/#website\"},\"primaryImageOfPage\":{\"@id\":\"https:\/\/ollerpintures.com\/ca\/producte\/amoladora-de-saneamiento-rg-130-e-set-dia-hd-festool\/#primaryimage\"},\"image\":{\"@id\":\"https:\/\/ollerpintures.com\/ca\/producte\/amoladora-de-saneamiento-rg-130-e-set-dia-hd-festool\/#primaryimage\"},\"thumbnailUrl\":\"https:\/\/ollerpintures.com\/wp-content\/uploads\/2021\/08\/amoladora-saneamiento-rg-130-e-set-dia-hd-festool-comprar-online-oller-maquinaria.jpg\",\"datePublished\":\"2021-08-16T10:18:55+00:00\",\"dateModified\":\"2023-08-23T14:00:07+00:00\",\"description\":\"Amb l' amoladora de saneamiento RG 130 E-Set DIA HD de FESTOOL podr\u00e0s lijar superf\u00edcies de manera c\u00f2moda, no perjudicial i neta.\u00a0 Descobreix tots els avantatges a continuaci\u00f3! Marca: Festool Refer\u00e8ncia: 768977\",\"breadcrumb\":{\"@id\":\"https:\/\/ollerpintures.com\/ca\/producte\/amoladora-de-saneamiento-rg-130-e-set-dia-hd-festool\/#breadcrumb\"},\"inLanguage\":\"ca\",\"potentialAction\":[{\"@type\":\"ReadAction\",\"target\":[\"https:\/\/ollerpintures.com\/ca\/producte\/amoladora-de-saneamiento-rg-130-e-set-dia-hd-festool\/\"]}]},{\"@type\":\"ImageObject\",\"inLanguage\":\"ca\",\"@id\":\"https:\/\/ollerpintures.com\/ca\/producte\/amoladora-de-saneamiento-rg-130-e-set-dia-hd-festool\/#primaryimage\",\"url\":\"https:\/\/ollerpintures.com\/wp-content\/uploads\/2021\/08\/amoladora-saneamiento-rg-130-e-set-dia-hd-festool-comprar-online-oller-maquinaria.jpg\",\"contentUrl\":\"https:\/\/ollerpintures.com\/wp-content\/uploads\/2021\/08\/amoladora-saneamiento-rg-130-e-set-dia-hd-festool-comprar-online-oller-maquinaria.jpg\",\"width\":1080,\"height\":1080,\"caption\":\"amoladora saneamiento RG 130 E-Set DIA HD\"},{\"@type\":\"BreadcrumbList\",\"@id\":\"https:\/\/ollerpintures.com\/ca\/producte\/amoladora-de-saneamiento-rg-130-e-set-dia-hd-festool\/#breadcrumb\",\"itemListElement\":[{\"@type\":\"ListItem\",\"position\":1,\"name\":\"Inici\",\"item\":\"https:\/\/ollerpintures.com\/ca\/\"},{\"@type\":\"ListItem\",\"position\":2,\"name\":\"Botiga\",\"item\":\"https:\/\/ollerpintures.com\/ca\/botiga\/\"},{\"@type\":\"ListItem\",\"position\":3,\"name\":\"Amoladora de Saneamiento RG 130 E-Set DIA HD FESTOOL Ref. 768977\"}]},{\"@type\":\"WebSite\",\"@id\":\"https:\/\/ollerpintures.com\/ca\/#website\",\"url\":\"https:\/\/ollerpintures.com\/ca\/\",\"name\":\"Oller Pinturas y Revestimientos\",\"description\":\"Pinturas y revestimientos para profesionales, industrias, obras p\u00fablicas, bricolaje. Pinturas de calidad profesional i mucho m\u00e1s.\",\"publisher\":{\"@id\":\"https:\/\/ollerpintures.com\/ca\/#organization\"},\"alternateName\":\"Oller Grup\",\"potentialAction\":[{\"@type\":\"SearchAction\",\"target\":{\"@type\":\"EntryPoint\",\"urlTemplate\":\"https:\/\/ollerpintures.com\/ca\/?s={search_term_string}\"},\"query-input\":{\"@type\":\"PropertyValueSpecification\",\"valueRequired\":true,\"valueName\":\"search_term_string\"}}],\"inLanguage\":\"ca\"},{\"@type\":\"Organization\",\"@id\":\"https:\/\/ollerpintures.com\/ca\/#organization\",\"name\":\"Oller Pintures i Revestiments\",\"alternateName\":\"Oller Grup\",\"url\":\"https:\/\/ollerpintures.com\/ca\/\",\"logo\":{\"@type\":\"ImageObject\",\"inLanguage\":\"ca\",\"@id\":\"https:\/\/ollerpintures.com\/ca\/#\/schema\/logo\/image\/\",\"url\":\"https:\/\/ollerpintures.com\/wp-content\/uploads\/2024\/05\/newLogo.png\",\"contentUrl\":\"https:\/\/ollerpintures.com\/wp-content\/uploads\/2024\/05\/newLogo.png\",\"width\":483,\"height\":244,\"caption\":\"Oller Pintures i Revestiments\"},\"image\":{\"@id\":\"https:\/\/ollerpintures.com\/ca\/#\/schema\/logo\/image\/\"},\"sameAs\":[\"https:\/\/www.facebook.com\/people\/Oller-Pintures\/100063652056709\/\",\"https:\/\/www.instagram.com\/ollerpintures\/\",\"https:\/\/descriptor.es\/organization\/oller-grup\/\"]}]}<\/script>\n<!-- \/ Yoast SEO plugin. -->","yoast_head_json":{"title":"Amoladora de Saneamiento RG 130 E-Set DIA HD FESTOOL Ref. 768977 - Oller Pinturas y Revestimientos","description":"Amb l' amoladora de saneamiento RG 130 E-Set DIA HD de FESTOOL podr\u00e0s lijar superf\u00edcies de manera c\u00f2moda, no perjudicial i neta.\u00a0  Descobreix tots els avantatges a continuaci\u00f3!  Marca: Festool  Refer\u00e8ncia: 768977","robots":{"index":"index","follow":"follow","max-snippet":"max-snippet:-1","max-image-preview":"max-image-preview:large","max-video-preview":"max-video-preview:-1"},"canonical":"https:\/\/ollerpintures.com\/ca\/producte\/amoladora-de-saneamiento-rg-130-e-set-dia-hd-festool\/","og_locale":"ca_ES","og_type":"article","og_title":"Amoladora de Saneamiento RG 130 E-Set DIA HD FESTOOL Ref. 768977 - Oller Pinturas y Revestimientos","og_description":"Amb l' amoladora de saneamiento RG 130 E-Set DIA HD de FESTOOL podr\u00e0s lijar superf\u00edcies de manera c\u00f2moda, no perjudicial i neta.\u00a0  Descobreix tots els avantatges a continuaci\u00f3!  Marca: Festool  Refer\u00e8ncia: 768977","og_url":"https:\/\/ollerpintures.com\/ca\/producte\/amoladora-de-saneamiento-rg-130-e-set-dia-hd-festool\/","og_site_name":"Oller Pinturas y Revestimientos","article_publisher":"https:\/\/www.facebook.com\/people\/Oller-Pintures\/100063652056709\/","article_modified_time":"2023-08-23T14:00:07+00:00","og_image":[{"width":1080,"height":1080,"url":"https:\/\/ollerpintures.com\/wp-content\/uploads\/2021\/08\/amoladora-saneamiento-rg-130-e-set-dia-hd-festool-comprar-online-oller-maquinaria.jpg","type":"image\/jpeg"}],"twitter_card":"summary_large_image","twitter_misc":{"Temps estimat de lectura":"2 minuts"},"schema":{"@context":"https:\/\/schema.org","@graph":[{"@type":"WebPage","@id":"https:\/\/ollerpintures.com\/ca\/producte\/amoladora-de-saneamiento-rg-130-e-set-dia-hd-festool\/","url":"https:\/\/ollerpintures.com\/ca\/producte\/amoladora-de-saneamiento-rg-130-e-set-dia-hd-festool\/","name":"Amoladora de Saneamiento RG 130 E-Set DIA HD FESTOOL Ref. 768977 - Oller Pinturas y Revestimientos","isPartOf":{"@id":"https:\/\/ollerpintures.com\/ca\/#website"},"primaryImageOfPage":{"@id":"https:\/\/ollerpintures.com\/ca\/producte\/amoladora-de-saneamiento-rg-130-e-set-dia-hd-festool\/#primaryimage"},"image":{"@id":"https:\/\/ollerpintures.com\/ca\/producte\/amoladora-de-saneamiento-rg-130-e-set-dia-hd-festool\/#primaryimage"},"thumbnailUrl":"https:\/\/ollerpintures.com\/wp-content\/uploads\/2021\/08\/amoladora-saneamiento-rg-130-e-set-dia-hd-festool-comprar-online-oller-maquinaria.jpg","datePublished":"2021-08-16T10:18:55+00:00","dateModified":"2023-08-23T14:00:07+00:00","description":"Amb l' amoladora de saneamiento RG 130 E-Set DIA HD de FESTOOL podr\u00e0s lijar superf\u00edcies de manera c\u00f2moda, no perjudicial i neta.\u00a0 Descobreix tots els avantatges a continuaci\u00f3! Marca: Festool Refer\u00e8ncia: 768977","breadcrumb":{"@id":"https:\/\/ollerpintures.com\/ca\/producte\/amoladora-de-saneamiento-rg-130-e-set-dia-hd-festool\/#breadcrumb"},"inLanguage":"ca","potentialAction":[{"@type":"ReadAction","target":["https:\/\/ollerpintures.com\/ca\/producte\/amoladora-de-saneamiento-rg-130-e-set-dia-hd-festool\/"]}]},{"@type":"ImageObject","inLanguage":"ca","@id":"https:\/\/ollerpintures.com\/ca\/producte\/amoladora-de-saneamiento-rg-130-e-set-dia-hd-festool\/#primaryimage","url":"https:\/\/ollerpintures.com\/wp-content\/uploads\/2021\/08\/amoladora-saneamiento-rg-130-e-set-dia-hd-festool-comprar-online-oller-maquinaria.jpg","contentUrl":"https:\/\/ollerpintures.com\/wp-content\/uploads\/2021\/08\/amoladora-saneamiento-rg-130-e-set-dia-hd-festool-comprar-online-oller-maquinaria.jpg","width":1080,"height":1080,"caption":"amoladora saneamiento RG 130 E-Set DIA HD"},{"@type":"BreadcrumbList","@id":"https:\/\/ollerpintures.com\/ca\/producte\/amoladora-de-saneamiento-rg-130-e-set-dia-hd-festool\/#breadcrumb","itemListElement":[{"@type":"ListItem","position":1,"name":"Inici","item":"https:\/\/ollerpintures.com\/ca\/"},{"@type":"ListItem","position":2,"name":"Botiga","item":"https:\/\/ollerpintures.com\/ca\/botiga\/"},{"@type":"ListItem","position":3,"name":"Amoladora de Saneamiento RG 130 E-Set DIA HD FESTOOL Ref. 768977"}]},{"@type":"WebSite","@id":"https:\/\/ollerpintures.com\/ca\/#website","url":"https:\/\/ollerpintures.com\/ca\/","name":"Oller Pinturas y Revestimientos","description":"Pinturas y revestimientos para profesionales, industrias, obras p\u00fablicas, bricolaje. Pinturas de calidad profesional i mucho m\u00e1s.","publisher":{"@id":"https:\/\/ollerpintures.com\/ca\/#organization"},"alternateName":"Oller Grup","potentialAction":[{"@type":"SearchAction","target":{"@type":"EntryPoint","urlTemplate":"https:\/\/ollerpintures.com\/ca\/?s={search_term_string}"},"query-input":{"@type":"PropertyValueSpecification","valueRequired":true,"valueName":"search_term_string"}}],"inLanguage":"ca"},{"@type":"Organization","@id":"https:\/\/ollerpintures.com\/ca\/#organization","name":"Oller Pintures i Revestiments","alternateName":"Oller Grup","url":"https:\/\/ollerpintures.com\/ca\/","logo":{"@type":"ImageObject","inLanguage":"ca","@id":"https:\/\/ollerpintures.com\/ca\/#\/schema\/logo\/image\/","url":"https:\/\/ollerpintures.com\/wp-content\/uploads\/2024\/05\/newLogo.png","contentUrl":"https:\/\/ollerpintures.com\/wp-content\/uploads\/2024\/05\/newLogo.png","width":483,"height":244,"caption":"Oller Pintures i Revestiments"},"image":{"@id":"https:\/\/ollerpintures.com\/ca\/#\/schema\/logo\/image\/"},"sameAs":["https:\/\/www.facebook.com\/people\/Oller-Pintures\/100063652056709\/","https:\/\/www.instagram.com\/ollerpintures\/","https:\/\/descriptor.es\/organization\/oller-grup\/"]}]}},"brands":[{"id":909,"name":"Festool","slug":"festool"}],"_links":{"self":[{"href":"https:\/\/ollerpintures.com\/ca\/wp-json\/wp\/v2\/product\/12838","targetHints":{"allow":["GET"]}}],"collection":[{"href":"https:\/\/ollerpintures.com\/ca\/wp-json\/wp\/v2\/product"}],"about":[{"href":"https:\/\/ollerpintures.com\/ca\/wp-json\/wp\/v2\/types\/product"}],"wp:featuredmedia":[{"embeddable":true,"href":"https:\/\/ollerpintures.com\/ca\/wp-json\/wp\/v2\/media\/12843"}],"wp:attachment":[{"href":"https:\/\/ollerpintures.com\/ca\/wp-json\/wp\/v2\/media?parent=12838"}],"wp:term":[{"taxonomy":"pwb-brand","embeddable":true,"href":"https:\/\/ollerpintures.com\/ca\/wp-json\/wp\/v2\/pwb-brand?post=12838"},{"taxonomy":"product_brand","embeddable":true,"href":"https:\/\/ollerpintures.com\/ca\/wp-json\/wp\/v2\/product_brand?post=12838"},{"taxonomy":"product_cat","embeddable":true,"href":"https:\/\/ollerpintures.com\/ca\/wp-json\/wp\/v2\/product_cat?post=12838"},{"taxonomy":"product_tag","embeddable":true,"href":"https:\/\/ollerpintures.com\/ca\/wp-json\/wp\/v2\/product_tag?post=12838"}],"curies":[{"name":"wp","href":"https:\/\/api.w.org\/{rel}","templated":true}]}}