{"id":11850,"date":"2021-06-08T08:46:24","date_gmt":"2021-06-08T07:46:24","guid":{"rendered":"https:\/\/oller-pintures.c.wetopi.com\/?post_type=product&#038;p=11850"},"modified":"2026-04-14T02:00:40","modified_gmt":"2026-04-14T01:00:40","slug":"netejador-biodegradable-per-fusta-net-trol-owatrol","status":"publish","type":"product","link":"https:\/\/ollerpintures.com\/ca\/producte\/netejador-biodegradable-per-fusta-net-trol-owatrol\/","title":{"rendered":"Netejador Biodegradable per fusta Net-Trol OWATROL"},"content":{"rendered":"<p style=\"font-weight: 400;\">El <strong>Netejador Biodegradable NET-TROL per fusta<\/strong> est\u00e0 pensat especialment per <strong>restaurar la fusta i recuperar el seu color original.<\/strong> \u00c9s la millor opci\u00f3 per reparar fustes agrisades: \u00e9s un producte de base aigua i biodegradable que funciona r\u00e0pidament. Si vols reparar una tarima que t\u00e9 gespa a prop, et recomanem 100% fer-ho amb Net-Trol per no fer malb\u00e9 el jard\u00ed amb altres productes que continguin dissolvent.<\/p>\n<p>Per un projecte m\u00e9s complet, pots aplicar pr\u00e8viament el <a href=\"https:\/\/ollerpintures.com\/producte\/decapant-de-lasur-owatrol-prepdeck\/\">Decapant PrepDeck<\/a>.<\/p>\n<p><strong>Caracter\u00edstiques<\/strong>:<\/p>\n<ul>\n<li>Gel netejador i recuperador de suports<\/li>\n<li>Recupera totes les fustes oxidades<\/li>\n<li>Neteja els tra\u00e7os t\u00e8cnics de certes fustes<\/li>\n<li>Elimina els rastres causats pel mal temps, moho, \u00f2xid, contaminaci\u00f3, etc<\/li>\n<li>Restaura la lluentor dels pl\u00e0stics degradats per culpa dels raigs UV<\/li>\n<li>Producte no agressiu<\/li>\n<li>Biodegradable<\/li>\n<\/ul>\n<p data-th=\"Propiedades\"><strong>On el puc aplicar?\u00a0<\/strong><\/p>\n<ul>\n<li data-th=\"Propiedades\">Fustes exteriors agrisades o brutes<\/li>\n<li data-th=\"Propiedades\">Superf\u00edcies horitzontals o verticals: terrasses, revestiments, tanques, cobertes de vaixells, mobles de jard\u00ed&#8230;<\/li>\n<li data-th=\"Propiedades\">Altres: ciment oxidat, pedres amb moho, pl\u00e0stics amb pols<\/li>\n<\/ul>\n<p data-th=\"Destino\">\n","protected":false},"excerpt":{"rendered":"<p>El <strong>Netejador Biodegradable NET-TROL per fusta<\/strong> est\u00e0 pensat especialment per <strong>restaurar la fusta i recuperar el seu color original.<\/strong> \u00c9s la millor opci\u00f3 per reparar fustes agrisades: \u00e9s un producte de base aigua i biodegradable que funciona r\u00e0pidament. Si vols reparar una tarima que t\u00e9 gespa a prop, et recomanem 100% fer-ho amb Net-Trol per no fer malb\u00e9 el jard\u00ed amb altres productes que continguin dissolvent.<\/p>\n","protected":false},"featured_media":11853,"template":"","meta":{"_acf_changed":false},"pwb-brand":[839],"product_brand":[],"product_cat":[821,838],"product_tag":[518,732,823,741],"class_list":{"0":"post-11850","1":"product","2":"type-product","3":"status-publish","4":"has-post-thumbnail","6":"pwb-brand-owatrol","7":"product_cat-tractament-per-fusta-i-jardi","8":"product_cat-netejadors-i-decapants","9":"product_tag-fusta","10":"product_tag-jardi","11":"product_tag-tarimes-de-fusta","12":"product_tag-tractament-per-fusta","13":"no-featured-image-padding","14":"resize-featured-image","15":"sales-flash-overlay","16":"woocommerce-text-align-left","17":"woocommerce-image-align-center","18":"do-quantity-buttons","19":"wc-has-gallery","21":"first","22":"instock","23":"shipping-taxable","24":"purchasable","25":"product-type-variable"},"acf":[],"yoast_head":"<!-- This site is optimized with the Yoast SEO plugin v27.1.1 - https:\/\/yoast.com\/product\/yoast-seo-wordpress\/ -->\n<title>Netejador Biodegradable per fusta Net-Trol OWATROL - Oller Pinturas y Revestimientos<\/title>\n<meta name=\"description\" content=\"El Netejador Biodegradable NET-TROL per fusta est\u00e0 pensat especialment per restaurar la fusta i recuperar el seu color original. \u00c9s la millor opci\u00f3 per reparar fustes agrisades: \u00e9s un producte de base aigua i biodegradable que funciona r\u00e0pidament. Si vols reparar una tarima que t\u00e9 gespa a prop, et recomanem 100% fer-ho amb Net-Trol per no fer malb\u00e9 el jard\u00ed amb altres productes que continguin dissolvent.\" \/>\n<meta name=\"robots\" content=\"index, follow, max-snippet:-1, max-image-preview:large, max-video-preview:-1\" \/>\n<link rel=\"canonical\" href=\"https:\/\/ollerpintures.com\/ca\/producte\/netejador-biodegradable-per-fusta-net-trol-owatrol\/\" \/>\n<meta property=\"og:locale\" content=\"ca_ES\" \/>\n<meta property=\"og:type\" content=\"article\" \/>\n<meta property=\"og:title\" content=\"Netejador Biodegradable per fusta Net-Trol OWATROL - Oller Pinturas y Revestimientos\" \/>\n<meta property=\"og:description\" content=\"El Netejador Biodegradable NET-TROL per fusta est\u00e0 pensat especialment per restaurar la fusta i recuperar el seu color original. \u00c9s la millor opci\u00f3 per reparar fustes agrisades: \u00e9s un producte de base aigua i biodegradable que funciona r\u00e0pidament. Si vols reparar una tarima que t\u00e9 gespa a prop, et recomanem 100% fer-ho amb Net-Trol per no fer malb\u00e9 el jard\u00ed amb altres productes que continguin dissolvent.\" \/>\n<meta property=\"og:url\" content=\"https:\/\/ollerpintures.com\/ca\/producte\/netejador-biodegradable-per-fusta-net-trol-owatrol\/\" \/>\n<meta property=\"og:site_name\" content=\"Oller Pinturas y Revestimientos\" \/>\n<meta property=\"article:publisher\" content=\"https:\/\/www.facebook.com\/people\/Oller-Pintures\/100063652056709\/\" \/>\n<meta property=\"article:modified_time\" content=\"2026-04-14T01:00:40+00:00\" \/>\n<meta property=\"og:image\" content=\"https:\/\/ollerpintures.com\/wp-content\/uploads\/2021\/06\/limpiador-madera-netrol-net-trol-owatrol-tarima-tarimas-online-oller.jpg\" \/>\n\t<meta property=\"og:image:width\" content=\"1080\" \/>\n\t<meta property=\"og:image:height\" content=\"1080\" \/>\n\t<meta property=\"og:image:type\" content=\"image\/jpeg\" \/>\n<meta name=\"twitter:card\" content=\"summary_large_image\" \/>\n<meta name=\"twitter:label1\" content=\"Temps estimat de lectura\" \/>\n\t<meta name=\"twitter:data1\" content=\"1 minut\" \/>\n<script type=\"application\/ld+json\" class=\"yoast-schema-graph\">{\"@context\":\"https:\/\/schema.org\",\"@graph\":[{\"@type\":\"WebPage\",\"@id\":\"https:\/\/ollerpintures.com\/ca\/producte\/netejador-biodegradable-per-fusta-net-trol-owatrol\/\",\"url\":\"https:\/\/ollerpintures.com\/ca\/producte\/netejador-biodegradable-per-fusta-net-trol-owatrol\/\",\"name\":\"Netejador Biodegradable per fusta Net-Trol OWATROL - Oller Pinturas y Revestimientos\",\"isPartOf\":{\"@id\":\"https:\/\/ollerpintures.com\/ca\/#website\"},\"primaryImageOfPage\":{\"@id\":\"https:\/\/ollerpintures.com\/ca\/producte\/netejador-biodegradable-per-fusta-net-trol-owatrol\/#primaryimage\"},\"image\":{\"@id\":\"https:\/\/ollerpintures.com\/ca\/producte\/netejador-biodegradable-per-fusta-net-trol-owatrol\/#primaryimage\"},\"thumbnailUrl\":\"https:\/\/ollerpintures.com\/wp-content\/uploads\/2021\/06\/limpiador-madera-netrol-net-trol-owatrol-tarima-tarimas-online-oller.jpg\",\"datePublished\":\"2021-06-08T07:46:24+00:00\",\"dateModified\":\"2026-04-14T01:00:40+00:00\",\"description\":\"El Netejador Biodegradable NET-TROL per fusta est\u00e0 pensat especialment per restaurar la fusta i recuperar el seu color original. \u00c9s la millor opci\u00f3 per reparar fustes agrisades: \u00e9s un producte de base aigua i biodegradable que funciona r\u00e0pidament. Si vols reparar una tarima que t\u00e9 gespa a prop, et recomanem 100% fer-ho amb Net-Trol per no fer malb\u00e9 el jard\u00ed amb altres productes que continguin dissolvent.\",\"breadcrumb\":{\"@id\":\"https:\/\/ollerpintures.com\/ca\/producte\/netejador-biodegradable-per-fusta-net-trol-owatrol\/#breadcrumb\"},\"inLanguage\":\"ca\",\"potentialAction\":[{\"@type\":\"ReadAction\",\"target\":[\"https:\/\/ollerpintures.com\/ca\/producte\/netejador-biodegradable-per-fusta-net-trol-owatrol\/\"]}]},{\"@type\":\"ImageObject\",\"inLanguage\":\"ca\",\"@id\":\"https:\/\/ollerpintures.com\/ca\/producte\/netejador-biodegradable-per-fusta-net-trol-owatrol\/#primaryimage\",\"url\":\"https:\/\/ollerpintures.com\/wp-content\/uploads\/2021\/06\/limpiador-madera-netrol-net-trol-owatrol-tarima-tarimas-online-oller.jpg\",\"contentUrl\":\"https:\/\/ollerpintures.com\/wp-content\/uploads\/2021\/06\/limpiador-madera-netrol-net-trol-owatrol-tarima-tarimas-online-oller.jpg\",\"width\":1080,\"height\":1080,\"caption\":\"Netejador fusta OWATROL Net-Trol\"},{\"@type\":\"BreadcrumbList\",\"@id\":\"https:\/\/ollerpintures.com\/ca\/producte\/netejador-biodegradable-per-fusta-net-trol-owatrol\/#breadcrumb\",\"itemListElement\":[{\"@type\":\"ListItem\",\"position\":1,\"name\":\"Inici\",\"item\":\"https:\/\/ollerpintures.com\/ca\/\"},{\"@type\":\"ListItem\",\"position\":2,\"name\":\"Botiga\",\"item\":\"https:\/\/ollerpintures.com\/ca\/botiga\/\"},{\"@type\":\"ListItem\",\"position\":3,\"name\":\"Netejador Biodegradable per fusta Net-Trol OWATROL\"}]},{\"@type\":\"WebSite\",\"@id\":\"https:\/\/ollerpintures.com\/ca\/#website\",\"url\":\"https:\/\/ollerpintures.com\/ca\/\",\"name\":\"Oller Pinturas y Revestimientos\",\"description\":\"Pinturas y revestimientos para profesionales, industrias, obras p\u00fablicas, bricolaje. Pinturas de calidad profesional i mucho m\u00e1s.\",\"publisher\":{\"@id\":\"https:\/\/ollerpintures.com\/ca\/#organization\"},\"alternateName\":\"Oller Grup\",\"potentialAction\":[{\"@type\":\"SearchAction\",\"target\":{\"@type\":\"EntryPoint\",\"urlTemplate\":\"https:\/\/ollerpintures.com\/ca\/?s={search_term_string}\"},\"query-input\":{\"@type\":\"PropertyValueSpecification\",\"valueRequired\":true,\"valueName\":\"search_term_string\"}}],\"inLanguage\":\"ca\"},{\"@type\":\"Organization\",\"@id\":\"https:\/\/ollerpintures.com\/ca\/#organization\",\"name\":\"Oller Pintures i Revestiments\",\"alternateName\":\"Oller Grup\",\"url\":\"https:\/\/ollerpintures.com\/ca\/\",\"logo\":{\"@type\":\"ImageObject\",\"inLanguage\":\"ca\",\"@id\":\"https:\/\/ollerpintures.com\/ca\/#\/schema\/logo\/image\/\",\"url\":\"https:\/\/ollerpintures.com\/wp-content\/uploads\/2024\/05\/newLogo.png\",\"contentUrl\":\"https:\/\/ollerpintures.com\/wp-content\/uploads\/2024\/05\/newLogo.png\",\"width\":483,\"height\":244,\"caption\":\"Oller Pintures i Revestiments\"},\"image\":{\"@id\":\"https:\/\/ollerpintures.com\/ca\/#\/schema\/logo\/image\/\"},\"sameAs\":[\"https:\/\/www.facebook.com\/people\/Oller-Pintures\/100063652056709\/\",\"https:\/\/www.instagram.com\/ollerpintures\/\",\"https:\/\/descriptor.es\/organization\/oller-grup\/\"]}]}<\/script>\n<!-- \/ Yoast SEO plugin. -->","yoast_head_json":{"title":"Netejador Biodegradable per fusta Net-Trol OWATROL - Oller Pinturas y Revestimientos","description":"El Netejador Biodegradable NET-TROL per fusta est\u00e0 pensat especialment per restaurar la fusta i recuperar el seu color original. \u00c9s la millor opci\u00f3 per reparar fustes agrisades: \u00e9s un producte de base aigua i biodegradable que funciona r\u00e0pidament. Si vols reparar una tarima que t\u00e9 gespa a prop, et recomanem 100% fer-ho amb Net-Trol per no fer malb\u00e9 el jard\u00ed amb altres productes que continguin dissolvent.","robots":{"index":"index","follow":"follow","max-snippet":"max-snippet:-1","max-image-preview":"max-image-preview:large","max-video-preview":"max-video-preview:-1"},"canonical":"https:\/\/ollerpintures.com\/ca\/producte\/netejador-biodegradable-per-fusta-net-trol-owatrol\/","og_locale":"ca_ES","og_type":"article","og_title":"Netejador Biodegradable per fusta Net-Trol OWATROL - Oller Pinturas y Revestimientos","og_description":"El Netejador Biodegradable NET-TROL per fusta est\u00e0 pensat especialment per restaurar la fusta i recuperar el seu color original. \u00c9s la millor opci\u00f3 per reparar fustes agrisades: \u00e9s un producte de base aigua i biodegradable que funciona r\u00e0pidament. Si vols reparar una tarima que t\u00e9 gespa a prop, et recomanem 100% fer-ho amb Net-Trol per no fer malb\u00e9 el jard\u00ed amb altres productes que continguin dissolvent.","og_url":"https:\/\/ollerpintures.com\/ca\/producte\/netejador-biodegradable-per-fusta-net-trol-owatrol\/","og_site_name":"Oller Pinturas y Revestimientos","article_publisher":"https:\/\/www.facebook.com\/people\/Oller-Pintures\/100063652056709\/","article_modified_time":"2026-04-14T01:00:40+00:00","og_image":[{"width":1080,"height":1080,"url":"https:\/\/ollerpintures.com\/wp-content\/uploads\/2021\/06\/limpiador-madera-netrol-net-trol-owatrol-tarima-tarimas-online-oller.jpg","type":"image\/jpeg"}],"twitter_card":"summary_large_image","twitter_misc":{"Temps estimat de lectura":"1 minut"},"schema":{"@context":"https:\/\/schema.org","@graph":[{"@type":"WebPage","@id":"https:\/\/ollerpintures.com\/ca\/producte\/netejador-biodegradable-per-fusta-net-trol-owatrol\/","url":"https:\/\/ollerpintures.com\/ca\/producte\/netejador-biodegradable-per-fusta-net-trol-owatrol\/","name":"Netejador Biodegradable per fusta Net-Trol OWATROL - Oller Pinturas y Revestimientos","isPartOf":{"@id":"https:\/\/ollerpintures.com\/ca\/#website"},"primaryImageOfPage":{"@id":"https:\/\/ollerpintures.com\/ca\/producte\/netejador-biodegradable-per-fusta-net-trol-owatrol\/#primaryimage"},"image":{"@id":"https:\/\/ollerpintures.com\/ca\/producte\/netejador-biodegradable-per-fusta-net-trol-owatrol\/#primaryimage"},"thumbnailUrl":"https:\/\/ollerpintures.com\/wp-content\/uploads\/2021\/06\/limpiador-madera-netrol-net-trol-owatrol-tarima-tarimas-online-oller.jpg","datePublished":"2021-06-08T07:46:24+00:00","dateModified":"2026-04-14T01:00:40+00:00","description":"El Netejador Biodegradable NET-TROL per fusta est\u00e0 pensat especialment per restaurar la fusta i recuperar el seu color original. \u00c9s la millor opci\u00f3 per reparar fustes agrisades: \u00e9s un producte de base aigua i biodegradable que funciona r\u00e0pidament. Si vols reparar una tarima que t\u00e9 gespa a prop, et recomanem 100% fer-ho amb Net-Trol per no fer malb\u00e9 el jard\u00ed amb altres productes que continguin dissolvent.","breadcrumb":{"@id":"https:\/\/ollerpintures.com\/ca\/producte\/netejador-biodegradable-per-fusta-net-trol-owatrol\/#breadcrumb"},"inLanguage":"ca","potentialAction":[{"@type":"ReadAction","target":["https:\/\/ollerpintures.com\/ca\/producte\/netejador-biodegradable-per-fusta-net-trol-owatrol\/"]}]},{"@type":"ImageObject","inLanguage":"ca","@id":"https:\/\/ollerpintures.com\/ca\/producte\/netejador-biodegradable-per-fusta-net-trol-owatrol\/#primaryimage","url":"https:\/\/ollerpintures.com\/wp-content\/uploads\/2021\/06\/limpiador-madera-netrol-net-trol-owatrol-tarima-tarimas-online-oller.jpg","contentUrl":"https:\/\/ollerpintures.com\/wp-content\/uploads\/2021\/06\/limpiador-madera-netrol-net-trol-owatrol-tarima-tarimas-online-oller.jpg","width":1080,"height":1080,"caption":"Netejador fusta OWATROL Net-Trol"},{"@type":"BreadcrumbList","@id":"https:\/\/ollerpintures.com\/ca\/producte\/netejador-biodegradable-per-fusta-net-trol-owatrol\/#breadcrumb","itemListElement":[{"@type":"ListItem","position":1,"name":"Inici","item":"https:\/\/ollerpintures.com\/ca\/"},{"@type":"ListItem","position":2,"name":"Botiga","item":"https:\/\/ollerpintures.com\/ca\/botiga\/"},{"@type":"ListItem","position":3,"name":"Netejador Biodegradable per fusta Net-Trol OWATROL"}]},{"@type":"WebSite","@id":"https:\/\/ollerpintures.com\/ca\/#website","url":"https:\/\/ollerpintures.com\/ca\/","name":"Oller Pinturas y Revestimientos","description":"Pinturas y revestimientos para profesionales, industrias, obras p\u00fablicas, bricolaje. Pinturas de calidad profesional i mucho m\u00e1s.","publisher":{"@id":"https:\/\/ollerpintures.com\/ca\/#organization"},"alternateName":"Oller Grup","potentialAction":[{"@type":"SearchAction","target":{"@type":"EntryPoint","urlTemplate":"https:\/\/ollerpintures.com\/ca\/?s={search_term_string}"},"query-input":{"@type":"PropertyValueSpecification","valueRequired":true,"valueName":"search_term_string"}}],"inLanguage":"ca"},{"@type":"Organization","@id":"https:\/\/ollerpintures.com\/ca\/#organization","name":"Oller Pintures i Revestiments","alternateName":"Oller Grup","url":"https:\/\/ollerpintures.com\/ca\/","logo":{"@type":"ImageObject","inLanguage":"ca","@id":"https:\/\/ollerpintures.com\/ca\/#\/schema\/logo\/image\/","url":"https:\/\/ollerpintures.com\/wp-content\/uploads\/2024\/05\/newLogo.png","contentUrl":"https:\/\/ollerpintures.com\/wp-content\/uploads\/2024\/05\/newLogo.png","width":483,"height":244,"caption":"Oller Pintures i Revestiments"},"image":{"@id":"https:\/\/ollerpintures.com\/ca\/#\/schema\/logo\/image\/"},"sameAs":["https:\/\/www.facebook.com\/people\/Oller-Pintures\/100063652056709\/","https:\/\/www.instagram.com\/ollerpintures\/","https:\/\/descriptor.es\/organization\/oller-grup\/"]}]}},"brands":[{"id":839,"name":"Owatrol","slug":"owatrol"}],"_links":{"self":[{"href":"https:\/\/ollerpintures.com\/ca\/wp-json\/wp\/v2\/product\/11850","targetHints":{"allow":["GET"]}}],"collection":[{"href":"https:\/\/ollerpintures.com\/ca\/wp-json\/wp\/v2\/product"}],"about":[{"href":"https:\/\/ollerpintures.com\/ca\/wp-json\/wp\/v2\/types\/product"}],"wp:featuredmedia":[{"embeddable":true,"href":"https:\/\/ollerpintures.com\/ca\/wp-json\/wp\/v2\/media\/11853"}],"wp:attachment":[{"href":"https:\/\/ollerpintures.com\/ca\/wp-json\/wp\/v2\/media?parent=11850"}],"wp:term":[{"taxonomy":"pwb-brand","embeddable":true,"href":"https:\/\/ollerpintures.com\/ca\/wp-json\/wp\/v2\/pwb-brand?post=11850"},{"taxonomy":"product_brand","embeddable":true,"href":"https:\/\/ollerpintures.com\/ca\/wp-json\/wp\/v2\/product_brand?post=11850"},{"taxonomy":"product_cat","embeddable":true,"href":"https:\/\/ollerpintures.com\/ca\/wp-json\/wp\/v2\/product_cat?post=11850"},{"taxonomy":"product_tag","embeddable":true,"href":"https:\/\/ollerpintures.com\/ca\/wp-json\/wp\/v2\/product_tag?post=11850"}],"curies":[{"name":"wp","href":"https:\/\/api.w.org\/{rel}","templated":true}]}}