{"id":11796,"date":"2021-06-07T10:27:25","date_gmt":"2021-06-07T09:27:25","guid":{"rendered":"https:\/\/oller-pintures.c.wetopi.com\/?post_type=product&#038;p=11796"},"modified":"2026-04-14T02:00:40","modified_gmt":"2026-04-14T01:00:40","slug":"decapant-de-lasur-owatrol-prepdeck","status":"publish","type":"product","link":"https:\/\/ollerpintures.com\/ca\/producte\/decapant-de-lasur-owatrol-prepdeck\/","title":{"rendered":"Decapant per fusta de lasur OWATROL PrepDeck"},"content":{"rendered":"<div class=\"attribute\">\n<div class=\"col data\" data-th=\"Descripci\u00f3n\">\n<p>El<strong> Decapant per fusta OWATROL PrepDeck<\/strong> \u00e9s un producte professional dissenyat espec\u00edficament per <strong>eliminar velles taques s\u00f2lides i semitransparents, marques de classificaci\u00f3 i altres acabats en fusta<\/strong>. Si busques canviar l&#8217;aparen\u00e7a de tarimes de fusta i partir de zero, utilitza decapant previ al netejador per eliminar qualsevol capa i resta de producte que pugui tenir encara la fusta.<\/p>\n<h5>Caracter\u00edstiques del decapant per fusta:<\/h5>\n<ul>\n<li>Decapa els acabats antics de la fusta exterior, fins i tot els 100% acr\u00edlics<\/li>\n<li>Redueix el glacejat de la fusta nova<\/li>\n<li>Millora la penetraci\u00f3 dels acabats en fusta no porosa<\/li>\n<li>Neteja la fusta envellida<\/li>\n<li>Elimina les marques de classificaci\u00f3<\/li>\n<li>Pot utilitzar-se s\u00f2lid o dilu\u00eft<\/li>\n<li>\u00c9s apte per totes les fustes exteriors<\/li>\n<li>Ideal per <a href=\"https:\/\/ollerpintures.com\/ca\/tarima-de-fusta-per-piscina-tractament-de-la-fusta\/\" target=\"_blank\" rel=\"noopener\">tarimes<\/a>, revestiments i altres superf\u00edcies de fusta<\/li>\n<\/ul>\n<p>&nbsp;<\/p>\n<\/div>\n<\/div>\n","protected":false},"excerpt":{"rendered":"<p>El<strong> Decapant OWATROL PrepDeck<\/strong> \u00e9s un producte professional dissenyat espec\u00edficament per <strong>eliminar velles taques s\u00f2lides i semitransparents, marques de classificaci\u00f3 i altres acabats en fusta<\/strong>. Si busques canviar l&#8217;aparen\u00e7a de tarimes de fusta i partir de zero, utilitza decapant previ al netejador per eliminar qualsevol capa i resta de producte que pugui tenir encara la fusta.<\/p>\n","protected":false},"featured_media":11804,"template":"","meta":{"_acf_changed":false},"pwb-brand":[839],"product_brand":[],"product_cat":[24,821,838],"product_tag":[63,518,762,698,823,741],"class_list":{"0":"post-11796","1":"product","2":"type-product","3":"status-publish","4":"has-post-thumbnail","6":"pwb-brand-owatrol","7":"product_cat-pintura","8":"product_cat-tractament-per-fusta-i-jardi","9":"product_cat-netejadors-i-decapants","10":"product_tag-exterior","11":"product_tag-fusta","12":"product_tag-pintura-exterior","13":"product_tag-proteccio-per-fusta","14":"product_tag-tarimes-de-fusta","15":"product_tag-tractament-per-fusta","16":"no-featured-image-padding","17":"resize-featured-image","18":"sales-flash-overlay","19":"woocommerce-text-align-left","20":"woocommerce-image-align-center","21":"do-quantity-buttons","23":"first","24":"instock","25":"shipping-taxable","26":"purchasable","27":"product-type-variable"},"acf":[],"yoast_head":"<!-- This site is optimized with the Yoast SEO plugin v27.1.1 - https:\/\/yoast.com\/product\/yoast-seo-wordpress\/ -->\n<title>Decapant per fusta de lasur OWATROL PrepDeck - Oller Pinturas y Revestimientos<\/title>\n<meta name=\"description\" content=\"El decapant per fusta Owatrol PrepDeck \u00e9s ideal per eliminar velles taques s\u00f2lides i semitransparents, marques de classificaci\u00f3 i altres acabats en fusta.\" \/>\n<meta name=\"robots\" content=\"index, follow, max-snippet:-1, max-image-preview:large, max-video-preview:-1\" \/>\n<link rel=\"canonical\" href=\"https:\/\/ollerpintures.com\/ca\/producte\/decapant-de-lasur-owatrol-prepdeck\/\" \/>\n<meta property=\"og:locale\" content=\"ca_ES\" \/>\n<meta property=\"og:type\" content=\"article\" \/>\n<meta property=\"og:title\" content=\"Decapant per fusta de lasur OWATROL PrepDeck - Oller Pinturas y Revestimientos\" \/>\n<meta property=\"og:description\" content=\"El decapant per fusta Owatrol PrepDeck \u00e9s ideal per eliminar velles taques s\u00f2lides i semitransparents, marques de classificaci\u00f3 i altres acabats en fusta.\" \/>\n<meta property=\"og:url\" content=\"https:\/\/ollerpintures.com\/ca\/producte\/decapant-de-lasur-owatrol-prepdeck\/\" \/>\n<meta property=\"og:site_name\" content=\"Oller Pinturas y Revestimientos\" \/>\n<meta property=\"article:publisher\" content=\"https:\/\/www.facebook.com\/people\/Oller-Pintures\/100063652056709\/\" \/>\n<meta property=\"article:modified_time\" content=\"2026-04-14T01:00:40+00:00\" \/>\n<meta property=\"og:image\" content=\"https:\/\/ollerpintures.com\/wp-content\/uploads\/2021\/06\/decapante-protector-madera-lasur-owatrol-prepdeck-online-oller.jpg\" \/>\n\t<meta property=\"og:image:width\" content=\"1080\" \/>\n\t<meta property=\"og:image:height\" content=\"1080\" \/>\n\t<meta property=\"og:image:type\" content=\"image\/jpeg\" \/>\n<meta name=\"twitter:card\" content=\"summary_large_image\" \/>\n<meta name=\"twitter:label1\" content=\"Temps estimat de lectura\" \/>\n\t<meta name=\"twitter:data1\" content=\"1 minut\" \/>\n<script type=\"application\/ld+json\" class=\"yoast-schema-graph\">{\"@context\":\"https:\/\/schema.org\",\"@graph\":[{\"@type\":\"WebPage\",\"@id\":\"https:\/\/ollerpintures.com\/ca\/producte\/decapant-de-lasur-owatrol-prepdeck\/\",\"url\":\"https:\/\/ollerpintures.com\/ca\/producte\/decapant-de-lasur-owatrol-prepdeck\/\",\"name\":\"Decapant per fusta de lasur OWATROL PrepDeck - Oller Pinturas y Revestimientos\",\"isPartOf\":{\"@id\":\"https:\/\/ollerpintures.com\/ca\/#website\"},\"primaryImageOfPage\":{\"@id\":\"https:\/\/ollerpintures.com\/ca\/producte\/decapant-de-lasur-owatrol-prepdeck\/#primaryimage\"},\"image\":{\"@id\":\"https:\/\/ollerpintures.com\/ca\/producte\/decapant-de-lasur-owatrol-prepdeck\/#primaryimage\"},\"thumbnailUrl\":\"https:\/\/ollerpintures.com\/wp-content\/uploads\/2021\/06\/decapante-protector-madera-lasur-owatrol-prepdeck-online-oller.jpg\",\"datePublished\":\"2021-06-07T09:27:25+00:00\",\"dateModified\":\"2026-04-14T01:00:40+00:00\",\"description\":\"El decapant per fusta Owatrol PrepDeck \u00e9s ideal per eliminar velles taques s\u00f2lides i semitransparents, marques de classificaci\u00f3 i altres acabats en fusta.\",\"breadcrumb\":{\"@id\":\"https:\/\/ollerpintures.com\/ca\/producte\/decapant-de-lasur-owatrol-prepdeck\/#breadcrumb\"},\"inLanguage\":\"ca\",\"potentialAction\":[{\"@type\":\"ReadAction\",\"target\":[\"https:\/\/ollerpintures.com\/ca\/producte\/decapant-de-lasur-owatrol-prepdeck\/\"]}]},{\"@type\":\"ImageObject\",\"inLanguage\":\"ca\",\"@id\":\"https:\/\/ollerpintures.com\/ca\/producte\/decapant-de-lasur-owatrol-prepdeck\/#primaryimage\",\"url\":\"https:\/\/ollerpintures.com\/wp-content\/uploads\/2021\/06\/decapante-protector-madera-lasur-owatrol-prepdeck-online-oller.jpg\",\"contentUrl\":\"https:\/\/ollerpintures.com\/wp-content\/uploads\/2021\/06\/decapante-protector-madera-lasur-owatrol-prepdeck-online-oller.jpg\",\"width\":1080,\"height\":1080,\"caption\":\"decapante madera owatrol prepdeck\"},{\"@type\":\"BreadcrumbList\",\"@id\":\"https:\/\/ollerpintures.com\/ca\/producte\/decapant-de-lasur-owatrol-prepdeck\/#breadcrumb\",\"itemListElement\":[{\"@type\":\"ListItem\",\"position\":1,\"name\":\"Inici\",\"item\":\"https:\/\/ollerpintures.com\/ca\/\"},{\"@type\":\"ListItem\",\"position\":2,\"name\":\"Botiga\",\"item\":\"https:\/\/ollerpintures.com\/ca\/botiga\/\"},{\"@type\":\"ListItem\",\"position\":3,\"name\":\"Decapant per fusta de lasur OWATROL PrepDeck\"}]},{\"@type\":\"WebSite\",\"@id\":\"https:\/\/ollerpintures.com\/ca\/#website\",\"url\":\"https:\/\/ollerpintures.com\/ca\/\",\"name\":\"Oller Pinturas y Revestimientos\",\"description\":\"Pinturas y revestimientos para profesionales, industrias, obras p\u00fablicas, bricolaje. Pinturas de calidad profesional i mucho m\u00e1s.\",\"publisher\":{\"@id\":\"https:\/\/ollerpintures.com\/ca\/#organization\"},\"alternateName\":\"Oller Grup\",\"potentialAction\":[{\"@type\":\"SearchAction\",\"target\":{\"@type\":\"EntryPoint\",\"urlTemplate\":\"https:\/\/ollerpintures.com\/ca\/?s={search_term_string}\"},\"query-input\":{\"@type\":\"PropertyValueSpecification\",\"valueRequired\":true,\"valueName\":\"search_term_string\"}}],\"inLanguage\":\"ca\"},{\"@type\":\"Organization\",\"@id\":\"https:\/\/ollerpintures.com\/ca\/#organization\",\"name\":\"Oller Pintures i Revestiments\",\"alternateName\":\"Oller Grup\",\"url\":\"https:\/\/ollerpintures.com\/ca\/\",\"logo\":{\"@type\":\"ImageObject\",\"inLanguage\":\"ca\",\"@id\":\"https:\/\/ollerpintures.com\/ca\/#\/schema\/logo\/image\/\",\"url\":\"https:\/\/ollerpintures.com\/wp-content\/uploads\/2024\/05\/newLogo.png\",\"contentUrl\":\"https:\/\/ollerpintures.com\/wp-content\/uploads\/2024\/05\/newLogo.png\",\"width\":483,\"height\":244,\"caption\":\"Oller Pintures i Revestiments\"},\"image\":{\"@id\":\"https:\/\/ollerpintures.com\/ca\/#\/schema\/logo\/image\/\"},\"sameAs\":[\"https:\/\/www.facebook.com\/people\/Oller-Pintures\/100063652056709\/\",\"https:\/\/www.instagram.com\/ollerpintures\/\",\"https:\/\/descriptor.es\/organization\/oller-grup\/\"]}]}<\/script>\n<!-- \/ Yoast SEO plugin. -->","yoast_head_json":{"title":"Decapant per fusta de lasur OWATROL PrepDeck - Oller Pinturas y Revestimientos","description":"El decapant per fusta Owatrol PrepDeck \u00e9s ideal per eliminar velles taques s\u00f2lides i semitransparents, marques de classificaci\u00f3 i altres acabats en fusta.","robots":{"index":"index","follow":"follow","max-snippet":"max-snippet:-1","max-image-preview":"max-image-preview:large","max-video-preview":"max-video-preview:-1"},"canonical":"https:\/\/ollerpintures.com\/ca\/producte\/decapant-de-lasur-owatrol-prepdeck\/","og_locale":"ca_ES","og_type":"article","og_title":"Decapant per fusta de lasur OWATROL PrepDeck - Oller Pinturas y Revestimientos","og_description":"El decapant per fusta Owatrol PrepDeck \u00e9s ideal per eliminar velles taques s\u00f2lides i semitransparents, marques de classificaci\u00f3 i altres acabats en fusta.","og_url":"https:\/\/ollerpintures.com\/ca\/producte\/decapant-de-lasur-owatrol-prepdeck\/","og_site_name":"Oller Pinturas y Revestimientos","article_publisher":"https:\/\/www.facebook.com\/people\/Oller-Pintures\/100063652056709\/","article_modified_time":"2026-04-14T01:00:40+00:00","og_image":[{"width":1080,"height":1080,"url":"https:\/\/ollerpintures.com\/wp-content\/uploads\/2021\/06\/decapante-protector-madera-lasur-owatrol-prepdeck-online-oller.jpg","type":"image\/jpeg"}],"twitter_card":"summary_large_image","twitter_misc":{"Temps estimat de lectura":"1 minut"},"schema":{"@context":"https:\/\/schema.org","@graph":[{"@type":"WebPage","@id":"https:\/\/ollerpintures.com\/ca\/producte\/decapant-de-lasur-owatrol-prepdeck\/","url":"https:\/\/ollerpintures.com\/ca\/producte\/decapant-de-lasur-owatrol-prepdeck\/","name":"Decapant per fusta de lasur OWATROL PrepDeck - Oller Pinturas y Revestimientos","isPartOf":{"@id":"https:\/\/ollerpintures.com\/ca\/#website"},"primaryImageOfPage":{"@id":"https:\/\/ollerpintures.com\/ca\/producte\/decapant-de-lasur-owatrol-prepdeck\/#primaryimage"},"image":{"@id":"https:\/\/ollerpintures.com\/ca\/producte\/decapant-de-lasur-owatrol-prepdeck\/#primaryimage"},"thumbnailUrl":"https:\/\/ollerpintures.com\/wp-content\/uploads\/2021\/06\/decapante-protector-madera-lasur-owatrol-prepdeck-online-oller.jpg","datePublished":"2021-06-07T09:27:25+00:00","dateModified":"2026-04-14T01:00:40+00:00","description":"El decapant per fusta Owatrol PrepDeck \u00e9s ideal per eliminar velles taques s\u00f2lides i semitransparents, marques de classificaci\u00f3 i altres acabats en fusta.","breadcrumb":{"@id":"https:\/\/ollerpintures.com\/ca\/producte\/decapant-de-lasur-owatrol-prepdeck\/#breadcrumb"},"inLanguage":"ca","potentialAction":[{"@type":"ReadAction","target":["https:\/\/ollerpintures.com\/ca\/producte\/decapant-de-lasur-owatrol-prepdeck\/"]}]},{"@type":"ImageObject","inLanguage":"ca","@id":"https:\/\/ollerpintures.com\/ca\/producte\/decapant-de-lasur-owatrol-prepdeck\/#primaryimage","url":"https:\/\/ollerpintures.com\/wp-content\/uploads\/2021\/06\/decapante-protector-madera-lasur-owatrol-prepdeck-online-oller.jpg","contentUrl":"https:\/\/ollerpintures.com\/wp-content\/uploads\/2021\/06\/decapante-protector-madera-lasur-owatrol-prepdeck-online-oller.jpg","width":1080,"height":1080,"caption":"decapante madera owatrol prepdeck"},{"@type":"BreadcrumbList","@id":"https:\/\/ollerpintures.com\/ca\/producte\/decapant-de-lasur-owatrol-prepdeck\/#breadcrumb","itemListElement":[{"@type":"ListItem","position":1,"name":"Inici","item":"https:\/\/ollerpintures.com\/ca\/"},{"@type":"ListItem","position":2,"name":"Botiga","item":"https:\/\/ollerpintures.com\/ca\/botiga\/"},{"@type":"ListItem","position":3,"name":"Decapant per fusta de lasur OWATROL PrepDeck"}]},{"@type":"WebSite","@id":"https:\/\/ollerpintures.com\/ca\/#website","url":"https:\/\/ollerpintures.com\/ca\/","name":"Oller Pinturas y Revestimientos","description":"Pinturas y revestimientos para profesionales, industrias, obras p\u00fablicas, bricolaje. Pinturas de calidad profesional i mucho m\u00e1s.","publisher":{"@id":"https:\/\/ollerpintures.com\/ca\/#organization"},"alternateName":"Oller Grup","potentialAction":[{"@type":"SearchAction","target":{"@type":"EntryPoint","urlTemplate":"https:\/\/ollerpintures.com\/ca\/?s={search_term_string}"},"query-input":{"@type":"PropertyValueSpecification","valueRequired":true,"valueName":"search_term_string"}}],"inLanguage":"ca"},{"@type":"Organization","@id":"https:\/\/ollerpintures.com\/ca\/#organization","name":"Oller Pintures i Revestiments","alternateName":"Oller Grup","url":"https:\/\/ollerpintures.com\/ca\/","logo":{"@type":"ImageObject","inLanguage":"ca","@id":"https:\/\/ollerpintures.com\/ca\/#\/schema\/logo\/image\/","url":"https:\/\/ollerpintures.com\/wp-content\/uploads\/2024\/05\/newLogo.png","contentUrl":"https:\/\/ollerpintures.com\/wp-content\/uploads\/2024\/05\/newLogo.png","width":483,"height":244,"caption":"Oller Pintures i Revestiments"},"image":{"@id":"https:\/\/ollerpintures.com\/ca\/#\/schema\/logo\/image\/"},"sameAs":["https:\/\/www.facebook.com\/people\/Oller-Pintures\/100063652056709\/","https:\/\/www.instagram.com\/ollerpintures\/","https:\/\/descriptor.es\/organization\/oller-grup\/"]}]}},"brands":[{"id":839,"name":"Owatrol","slug":"owatrol"}],"_links":{"self":[{"href":"https:\/\/ollerpintures.com\/ca\/wp-json\/wp\/v2\/product\/11796","targetHints":{"allow":["GET"]}}],"collection":[{"href":"https:\/\/ollerpintures.com\/ca\/wp-json\/wp\/v2\/product"}],"about":[{"href":"https:\/\/ollerpintures.com\/ca\/wp-json\/wp\/v2\/types\/product"}],"wp:featuredmedia":[{"embeddable":true,"href":"https:\/\/ollerpintures.com\/ca\/wp-json\/wp\/v2\/media\/11804"}],"wp:attachment":[{"href":"https:\/\/ollerpintures.com\/ca\/wp-json\/wp\/v2\/media?parent=11796"}],"wp:term":[{"taxonomy":"pwb-brand","embeddable":true,"href":"https:\/\/ollerpintures.com\/ca\/wp-json\/wp\/v2\/pwb-brand?post=11796"},{"taxonomy":"product_brand","embeddable":true,"href":"https:\/\/ollerpintures.com\/ca\/wp-json\/wp\/v2\/product_brand?post=11796"},{"taxonomy":"product_cat","embeddable":true,"href":"https:\/\/ollerpintures.com\/ca\/wp-json\/wp\/v2\/product_cat?post=11796"},{"taxonomy":"product_tag","embeddable":true,"href":"https:\/\/ollerpintures.com\/ca\/wp-json\/wp\/v2\/product_tag?post=11796"}],"curies":[{"name":"wp","href":"https:\/\/api.w.org\/{rel}","templated":true}]}}