{"id":11765,"date":"2021-06-07T07:31:11","date_gmt":"2021-06-07T06:31:11","guid":{"rendered":"https:\/\/oller-pintures.c.wetopi.com\/?post_type=product&#038;p=11765"},"modified":"2026-04-14T02:00:41","modified_gmt":"2026-04-14T01:00:41","slug":"oli-de-teca-xyladecor-teca","status":"publish","type":"product","link":"https:\/\/ollerpintures.com\/ca\/producte\/oli-de-teca-xyladecor-teca\/","title":{"rendered":"Oli de Teca per fusta XYLADECOR Teca"},"content":{"rendered":"<p>L&#8217;Oli de Teca XYLADECOR Teca \u00e9s el millor producte per protegir la fusta de teca de l&#8217;exterior. Escull la mida que m\u00e9s et convingui segons la superf\u00edcie a pintar i protegeix els mobles a la perfecci\u00f3: la relaci\u00f3 habitual s\u00f3n 13m2\/litre. \u00c9s un producte que recomanem per utilitzar amb fustes tropicals i d&#8217;exterior.<\/p>\n<p>Aquest Oli de Teca est\u00e0 fet d&#8217;olis naturals i resines que donen la nutrici\u00f3 necess\u00e0ria a la fusta i absorveixen els rajos UV. Aix\u00ed,<strong> protegeix la fusta dels raigs de sol.\u00a0<\/strong><\/p>\n","protected":false},"excerpt":{"rendered":"<p>L&#8217;Oli de Teca XYLADECOR Teca \u00e9s el millor producte per protegir la fusta de teca de l&#8217;exterior. Escull la mida que m\u00e9s et convingui segons la superf\u00edcie a pintar i protegeix els mobles a la perfecci\u00f3: la relaci\u00f3 habitual s\u00f3n 13m2\/litre. \u00c9s un producte que recomanem per utilitzar amb fustes tropicals i d&#8217;exterior.<\/p>\n","protected":false},"featured_media":11768,"template":"","meta":{"_acf_changed":false},"pwb-brand":[691],"product_brand":[],"product_cat":[24,821,832],"product_tag":[518,833,698,823,741],"class_list":{"0":"post-11765","1":"product","2":"type-product","3":"status-publish","4":"has-post-thumbnail","6":"pwb-brand-xyladecor","7":"product_cat-pintura","8":"product_cat-tractament-per-fusta-i-jardi","9":"product_cat-oli-de-teca","10":"product_tag-fusta","11":"product_tag-oli-de-teca","12":"product_tag-proteccio-per-fusta","13":"product_tag-tarimes-de-fusta","14":"product_tag-tractament-per-fusta","15":"no-featured-image-padding","16":"resize-featured-image","17":"sales-flash-overlay","18":"woocommerce-text-align-left","19":"woocommerce-image-align-center","20":"do-quantity-buttons","22":"first","23":"instock","24":"shipping-taxable","25":"purchasable","26":"product-type-variable"},"acf":[],"yoast_head":"<!-- This site is optimized with the Yoast SEO plugin v27.1.1 - https:\/\/yoast.com\/product\/yoast-seo-wordpress\/ -->\n<title>Oli de Teca per fusta XYLADECOR Teca - Oller Pinturas y Revestimientos<\/title>\n<meta name=\"description\" content=\"L&#039;Oli de Teca XYLADECOR Teca \u00e9s el millor producte per protegir la fusta de teca de l&#039;exterior. Escull la mida que m\u00e9s et convingui segons la superf\u00edcie a pintar i protegeix els mobles a la perfecci\u00f3: la relaci\u00f3 habitual s\u00f3n 13m2\/litre. \u00c9s un producte que recomanem per utilitzar amb fustes tropicals i d&#039;exterior.\" \/>\n<meta name=\"robots\" content=\"index, follow, max-snippet:-1, max-image-preview:large, max-video-preview:-1\" \/>\n<link rel=\"canonical\" href=\"https:\/\/ollerpintures.com\/ca\/producte\/oli-de-teca-xyladecor-teca\/\" \/>\n<meta property=\"og:locale\" content=\"ca_ES\" \/>\n<meta property=\"og:type\" content=\"article\" \/>\n<meta property=\"og:title\" content=\"Oli de Teca per fusta XYLADECOR Teca - Oller Pinturas y Revestimientos\" \/>\n<meta property=\"og:description\" content=\"L&#039;Oli de Teca XYLADECOR Teca \u00e9s el millor producte per protegir la fusta de teca de l&#039;exterior. Escull la mida que m\u00e9s et convingui segons la superf\u00edcie a pintar i protegeix els mobles a la perfecci\u00f3: la relaci\u00f3 habitual s\u00f3n 13m2\/litre. \u00c9s un producte que recomanem per utilitzar amb fustes tropicals i d&#039;exterior.\" \/>\n<meta property=\"og:url\" content=\"https:\/\/ollerpintures.com\/ca\/producte\/oli-de-teca-xyladecor-teca\/\" \/>\n<meta property=\"og:site_name\" content=\"Oller Pinturas y Revestimientos\" \/>\n<meta property=\"article:publisher\" content=\"https:\/\/www.facebook.com\/people\/Oller-Pintures\/100063652056709\/\" \/>\n<meta property=\"article:modified_time\" content=\"2026-04-14T01:00:41+00:00\" \/>\n<meta property=\"og:image\" content=\"https:\/\/ollerpintures.com\/wp-content\/uploads\/2021\/06\/aceite-para-teca-color-teca-xyladecor-online-oller-comprar-pintura.jpg\" \/>\n\t<meta property=\"og:image:width\" content=\"1080\" \/>\n\t<meta property=\"og:image:height\" content=\"1080\" \/>\n\t<meta property=\"og:image:type\" content=\"image\/jpeg\" \/>\n<meta name=\"twitter:card\" content=\"summary_large_image\" \/>\n<meta name=\"twitter:label1\" content=\"Temps estimat de lectura\" \/>\n\t<meta name=\"twitter:data1\" content=\"1 minut\" \/>\n<script type=\"application\/ld+json\" class=\"yoast-schema-graph\">{\"@context\":\"https:\/\/schema.org\",\"@graph\":[{\"@type\":\"WebPage\",\"@id\":\"https:\/\/ollerpintures.com\/ca\/producte\/oli-de-teca-xyladecor-teca\/\",\"url\":\"https:\/\/ollerpintures.com\/ca\/producte\/oli-de-teca-xyladecor-teca\/\",\"name\":\"Oli de Teca per fusta XYLADECOR Teca - Oller Pinturas y Revestimientos\",\"isPartOf\":{\"@id\":\"https:\/\/ollerpintures.com\/ca\/#website\"},\"primaryImageOfPage\":{\"@id\":\"https:\/\/ollerpintures.com\/ca\/producte\/oli-de-teca-xyladecor-teca\/#primaryimage\"},\"image\":{\"@id\":\"https:\/\/ollerpintures.com\/ca\/producte\/oli-de-teca-xyladecor-teca\/#primaryimage\"},\"thumbnailUrl\":\"https:\/\/ollerpintures.com\/wp-content\/uploads\/2021\/06\/aceite-para-teca-color-teca-xyladecor-online-oller-comprar-pintura.jpg\",\"datePublished\":\"2021-06-07T06:31:11+00:00\",\"dateModified\":\"2026-04-14T01:00:41+00:00\",\"description\":\"L'Oli de Teca XYLADECOR Teca \u00e9s el millor producte per protegir la fusta de teca de l'exterior. Escull la mida que m\u00e9s et convingui segons la superf\u00edcie a pintar i protegeix els mobles a la perfecci\u00f3: la relaci\u00f3 habitual s\u00f3n 13m2\/litre. \u00c9s un producte que recomanem per utilitzar amb fustes tropicals i d'exterior.\",\"breadcrumb\":{\"@id\":\"https:\/\/ollerpintures.com\/ca\/producte\/oli-de-teca-xyladecor-teca\/#breadcrumb\"},\"inLanguage\":\"ca\",\"potentialAction\":[{\"@type\":\"ReadAction\",\"target\":[\"https:\/\/ollerpintures.com\/ca\/producte\/oli-de-teca-xyladecor-teca\/\"]}]},{\"@type\":\"ImageObject\",\"inLanguage\":\"ca\",\"@id\":\"https:\/\/ollerpintures.com\/ca\/producte\/oli-de-teca-xyladecor-teca\/#primaryimage\",\"url\":\"https:\/\/ollerpintures.com\/wp-content\/uploads\/2021\/06\/aceite-para-teca-color-teca-xyladecor-online-oller-comprar-pintura.jpg\",\"contentUrl\":\"https:\/\/ollerpintures.com\/wp-content\/uploads\/2021\/06\/aceite-para-teca-color-teca-xyladecor-online-oller-comprar-pintura.jpg\",\"width\":1080,\"height\":1080,\"caption\":\"Oli de Teca XYLADECOR Teca\"},{\"@type\":\"BreadcrumbList\",\"@id\":\"https:\/\/ollerpintures.com\/ca\/producte\/oli-de-teca-xyladecor-teca\/#breadcrumb\",\"itemListElement\":[{\"@type\":\"ListItem\",\"position\":1,\"name\":\"Inici\",\"item\":\"https:\/\/ollerpintures.com\/ca\/\"},{\"@type\":\"ListItem\",\"position\":2,\"name\":\"Botiga\",\"item\":\"https:\/\/ollerpintures.com\/ca\/botiga\/\"},{\"@type\":\"ListItem\",\"position\":3,\"name\":\"Oli de Teca per fusta XYLADECOR Teca\"}]},{\"@type\":\"WebSite\",\"@id\":\"https:\/\/ollerpintures.com\/ca\/#website\",\"url\":\"https:\/\/ollerpintures.com\/ca\/\",\"name\":\"Oller Pinturas y Revestimientos\",\"description\":\"Pinturas y revestimientos para profesionales, industrias, obras p\u00fablicas, bricolaje. Pinturas de calidad profesional i mucho m\u00e1s.\",\"publisher\":{\"@id\":\"https:\/\/ollerpintures.com\/ca\/#organization\"},\"alternateName\":\"Oller Grup\",\"potentialAction\":[{\"@type\":\"SearchAction\",\"target\":{\"@type\":\"EntryPoint\",\"urlTemplate\":\"https:\/\/ollerpintures.com\/ca\/?s={search_term_string}\"},\"query-input\":{\"@type\":\"PropertyValueSpecification\",\"valueRequired\":true,\"valueName\":\"search_term_string\"}}],\"inLanguage\":\"ca\"},{\"@type\":\"Organization\",\"@id\":\"https:\/\/ollerpintures.com\/ca\/#organization\",\"name\":\"Oller Pintures i Revestiments\",\"alternateName\":\"Oller Grup\",\"url\":\"https:\/\/ollerpintures.com\/ca\/\",\"logo\":{\"@type\":\"ImageObject\",\"inLanguage\":\"ca\",\"@id\":\"https:\/\/ollerpintures.com\/ca\/#\/schema\/logo\/image\/\",\"url\":\"https:\/\/ollerpintures.com\/wp-content\/uploads\/2024\/05\/newLogo.png\",\"contentUrl\":\"https:\/\/ollerpintures.com\/wp-content\/uploads\/2024\/05\/newLogo.png\",\"width\":483,\"height\":244,\"caption\":\"Oller Pintures i Revestiments\"},\"image\":{\"@id\":\"https:\/\/ollerpintures.com\/ca\/#\/schema\/logo\/image\/\"},\"sameAs\":[\"https:\/\/www.facebook.com\/people\/Oller-Pintures\/100063652056709\/\",\"https:\/\/www.instagram.com\/ollerpintures\/\",\"https:\/\/descriptor.es\/organization\/oller-grup\/\"]}]}<\/script>\n<!-- \/ Yoast SEO plugin. -->","yoast_head_json":{"title":"Oli de Teca per fusta XYLADECOR Teca - Oller Pinturas y Revestimientos","description":"L'Oli de Teca XYLADECOR Teca \u00e9s el millor producte per protegir la fusta de teca de l'exterior. Escull la mida que m\u00e9s et convingui segons la superf\u00edcie a pintar i protegeix els mobles a la perfecci\u00f3: la relaci\u00f3 habitual s\u00f3n 13m2\/litre. \u00c9s un producte que recomanem per utilitzar amb fustes tropicals i d'exterior.","robots":{"index":"index","follow":"follow","max-snippet":"max-snippet:-1","max-image-preview":"max-image-preview:large","max-video-preview":"max-video-preview:-1"},"canonical":"https:\/\/ollerpintures.com\/ca\/producte\/oli-de-teca-xyladecor-teca\/","og_locale":"ca_ES","og_type":"article","og_title":"Oli de Teca per fusta XYLADECOR Teca - Oller Pinturas y Revestimientos","og_description":"L'Oli de Teca XYLADECOR Teca \u00e9s el millor producte per protegir la fusta de teca de l'exterior. Escull la mida que m\u00e9s et convingui segons la superf\u00edcie a pintar i protegeix els mobles a la perfecci\u00f3: la relaci\u00f3 habitual s\u00f3n 13m2\/litre. \u00c9s un producte que recomanem per utilitzar amb fustes tropicals i d'exterior.","og_url":"https:\/\/ollerpintures.com\/ca\/producte\/oli-de-teca-xyladecor-teca\/","og_site_name":"Oller Pinturas y Revestimientos","article_publisher":"https:\/\/www.facebook.com\/people\/Oller-Pintures\/100063652056709\/","article_modified_time":"2026-04-14T01:00:41+00:00","og_image":[{"width":1080,"height":1080,"url":"https:\/\/ollerpintures.com\/wp-content\/uploads\/2021\/06\/aceite-para-teca-color-teca-xyladecor-online-oller-comprar-pintura.jpg","type":"image\/jpeg"}],"twitter_card":"summary_large_image","twitter_misc":{"Temps estimat de lectura":"1 minut"},"schema":{"@context":"https:\/\/schema.org","@graph":[{"@type":"WebPage","@id":"https:\/\/ollerpintures.com\/ca\/producte\/oli-de-teca-xyladecor-teca\/","url":"https:\/\/ollerpintures.com\/ca\/producte\/oli-de-teca-xyladecor-teca\/","name":"Oli de Teca per fusta XYLADECOR Teca - Oller Pinturas y Revestimientos","isPartOf":{"@id":"https:\/\/ollerpintures.com\/ca\/#website"},"primaryImageOfPage":{"@id":"https:\/\/ollerpintures.com\/ca\/producte\/oli-de-teca-xyladecor-teca\/#primaryimage"},"image":{"@id":"https:\/\/ollerpintures.com\/ca\/producte\/oli-de-teca-xyladecor-teca\/#primaryimage"},"thumbnailUrl":"https:\/\/ollerpintures.com\/wp-content\/uploads\/2021\/06\/aceite-para-teca-color-teca-xyladecor-online-oller-comprar-pintura.jpg","datePublished":"2021-06-07T06:31:11+00:00","dateModified":"2026-04-14T01:00:41+00:00","description":"L'Oli de Teca XYLADECOR Teca \u00e9s el millor producte per protegir la fusta de teca de l'exterior. Escull la mida que m\u00e9s et convingui segons la superf\u00edcie a pintar i protegeix els mobles a la perfecci\u00f3: la relaci\u00f3 habitual s\u00f3n 13m2\/litre. \u00c9s un producte que recomanem per utilitzar amb fustes tropicals i d'exterior.","breadcrumb":{"@id":"https:\/\/ollerpintures.com\/ca\/producte\/oli-de-teca-xyladecor-teca\/#breadcrumb"},"inLanguage":"ca","potentialAction":[{"@type":"ReadAction","target":["https:\/\/ollerpintures.com\/ca\/producte\/oli-de-teca-xyladecor-teca\/"]}]},{"@type":"ImageObject","inLanguage":"ca","@id":"https:\/\/ollerpintures.com\/ca\/producte\/oli-de-teca-xyladecor-teca\/#primaryimage","url":"https:\/\/ollerpintures.com\/wp-content\/uploads\/2021\/06\/aceite-para-teca-color-teca-xyladecor-online-oller-comprar-pintura.jpg","contentUrl":"https:\/\/ollerpintures.com\/wp-content\/uploads\/2021\/06\/aceite-para-teca-color-teca-xyladecor-online-oller-comprar-pintura.jpg","width":1080,"height":1080,"caption":"Oli de Teca XYLADECOR Teca"},{"@type":"BreadcrumbList","@id":"https:\/\/ollerpintures.com\/ca\/producte\/oli-de-teca-xyladecor-teca\/#breadcrumb","itemListElement":[{"@type":"ListItem","position":1,"name":"Inici","item":"https:\/\/ollerpintures.com\/ca\/"},{"@type":"ListItem","position":2,"name":"Botiga","item":"https:\/\/ollerpintures.com\/ca\/botiga\/"},{"@type":"ListItem","position":3,"name":"Oli de Teca per fusta XYLADECOR Teca"}]},{"@type":"WebSite","@id":"https:\/\/ollerpintures.com\/ca\/#website","url":"https:\/\/ollerpintures.com\/ca\/","name":"Oller Pinturas y Revestimientos","description":"Pinturas y revestimientos para profesionales, industrias, obras p\u00fablicas, bricolaje. Pinturas de calidad profesional i mucho m\u00e1s.","publisher":{"@id":"https:\/\/ollerpintures.com\/ca\/#organization"},"alternateName":"Oller Grup","potentialAction":[{"@type":"SearchAction","target":{"@type":"EntryPoint","urlTemplate":"https:\/\/ollerpintures.com\/ca\/?s={search_term_string}"},"query-input":{"@type":"PropertyValueSpecification","valueRequired":true,"valueName":"search_term_string"}}],"inLanguage":"ca"},{"@type":"Organization","@id":"https:\/\/ollerpintures.com\/ca\/#organization","name":"Oller Pintures i Revestiments","alternateName":"Oller Grup","url":"https:\/\/ollerpintures.com\/ca\/","logo":{"@type":"ImageObject","inLanguage":"ca","@id":"https:\/\/ollerpintures.com\/ca\/#\/schema\/logo\/image\/","url":"https:\/\/ollerpintures.com\/wp-content\/uploads\/2024\/05\/newLogo.png","contentUrl":"https:\/\/ollerpintures.com\/wp-content\/uploads\/2024\/05\/newLogo.png","width":483,"height":244,"caption":"Oller Pintures i Revestiments"},"image":{"@id":"https:\/\/ollerpintures.com\/ca\/#\/schema\/logo\/image\/"},"sameAs":["https:\/\/www.facebook.com\/people\/Oller-Pintures\/100063652056709\/","https:\/\/www.instagram.com\/ollerpintures\/","https:\/\/descriptor.es\/organization\/oller-grup\/"]}]}},"brands":[{"id":691,"name":"Xyladecor","slug":"xyladecor"}],"_links":{"self":[{"href":"https:\/\/ollerpintures.com\/ca\/wp-json\/wp\/v2\/product\/11765","targetHints":{"allow":["GET"]}}],"collection":[{"href":"https:\/\/ollerpintures.com\/ca\/wp-json\/wp\/v2\/product"}],"about":[{"href":"https:\/\/ollerpintures.com\/ca\/wp-json\/wp\/v2\/types\/product"}],"wp:featuredmedia":[{"embeddable":true,"href":"https:\/\/ollerpintures.com\/ca\/wp-json\/wp\/v2\/media\/11768"}],"wp:attachment":[{"href":"https:\/\/ollerpintures.com\/ca\/wp-json\/wp\/v2\/media?parent=11765"}],"wp:term":[{"taxonomy":"pwb-brand","embeddable":true,"href":"https:\/\/ollerpintures.com\/ca\/wp-json\/wp\/v2\/pwb-brand?post=11765"},{"taxonomy":"product_brand","embeddable":true,"href":"https:\/\/ollerpintures.com\/ca\/wp-json\/wp\/v2\/product_brand?post=11765"},{"taxonomy":"product_cat","embeddable":true,"href":"https:\/\/ollerpintures.com\/ca\/wp-json\/wp\/v2\/product_cat?post=11765"},{"taxonomy":"product_tag","embeddable":true,"href":"https:\/\/ollerpintures.com\/ca\/wp-json\/wp\/v2\/product_tag?post=11765"}],"curies":[{"name":"wp","href":"https:\/\/api.w.org\/{rel}","templated":true}]}}