{"id":11653,"date":"2021-06-02T09:03:43","date_gmt":"2021-06-02T08:03:43","guid":{"rendered":"https:\/\/oller-pintures.c.wetopi.com\/?post_type=product&#038;p=11653"},"modified":"2026-04-14T02:00:39","modified_gmt":"2026-04-14T01:00:39","slug":"pintura-per-tarimes-de-fusta-lasur-sikkens-cetol-bl-hydratol-teka","status":"publish","type":"product","link":"https:\/\/ollerpintures.com\/ca\/producte\/pintura-per-tarimes-de-fusta-lasur-sikkens-cetol-bl-hydratol-teka\/","title":{"rendered":"Pintura per tarimes de fusta Lasur SIKKENS Cetol BL Hydratol &#8211; Teka"},"content":{"rendered":"<p>Pintura per fusta lasur a l&#8217;aigua mat. El producte<strong> Cetol BL Hydratol<\/strong> <strong>\u00e9s el producte estrella per cuidar jardins<\/strong>: protector per tarimes de fusta i superf\u00edcies verticals de grans dimensions. T\u00e9 molt bona resist\u00e8ncia als filtres UV i \u00e9s molt f\u00e0cil d&#8217;aplicar.<\/p>\n<blockquote><p>Aconsegueix uns <strong>jardins impecables<\/strong> gr\u00e0cies a aquest producte, la <a href=\"https:\/\/ollerpintures.com\/categoria-producte\/pintura\/pinturaexterior\/pintura-per-piscines\/\" target=\"_blank\" rel=\"noopener\">pintura per piscina<\/a> i els millors accessoris pel projecte: <a href=\"https:\/\/ollerpintures.com\/producte\/pad-madera-hilo-largo\/\" target=\"_blank\" rel=\"noopener\">PADs<\/a>, <a href=\"https:\/\/ollerpintures.com\/categoria-producte\/maquinaria\/hidrorentadores\/\" target=\"_blank\" rel=\"noopener\">hidrorentadores<\/a>, <a href=\"https:\/\/ollerpintures.com\/categoria-producte\/eines\/per-pintar\/brotxes-i-pinzells\/\" target=\"_blank\" rel=\"noopener\">pinzells<\/a>, <a href=\"https:\/\/ollerpintures.com\/categoria-producte\/eines\/per-pintar\/cubetes\/\" target=\"_blank\" rel=\"noopener\">cubetes<\/a>&#8230;<\/p><\/blockquote>\n<p>&nbsp;<\/p>\n<p><strong>Caracter\u00edstiques<\/strong>:<\/p>\n<ul>\n<li>F\u00e0cil d&#8217;aplicar<\/li>\n<li>Acabat mat<\/li>\n<li>Bona resist\u00e8ncia als filtres UV<\/li>\n<li>Bon poder de penetraci\u00f3 al suport<\/li>\n<li>Producte a l&#8217;aigua: olor m\u00ednima<\/li>\n<li>Micropor\u00f3s, poder regulador de la humitat<\/li>\n<li>Molt transll\u00facid: real\u00e7a la textura de la fusta<\/li>\n<\/ul>\n<p><strong><em>Consulta la fitxa t\u00e8cnica per m\u00e9s informaci\u00f3 sobre el producte i la seva aplicaci\u00f3!\u00a0<\/em><\/strong><\/p>\n<p>&nbsp;<\/p>\n<p>&nbsp;<\/p>\n<p>&nbsp;<\/p>\n","protected":false},"excerpt":{"rendered":"<p>Pintura per fusta lasur a l&#8217;aigua mat. El producte<strong> Cetol BL Hydratol<\/strong> <strong>\u00e9s el producte estrella per cuidar jardins<\/strong>: protector per tarimes de fusta i superf\u00edcies verticals de grans dimensions. T\u00e9 molt bona resist\u00e8ncia als filtres UV i \u00e9s molt f\u00e0cil d&#8217;aplicar.<\/p>\n","protected":false},"featured_media":12754,"template":"","meta":{"_acf_changed":false},"pwb-brand":[820],"product_brand":[],"product_cat":[24,821,830,539],"product_tag":[518,732,822,698,823,741],"class_list":{"0":"post-11653","1":"product","2":"type-product","3":"status-publish","4":"has-post-thumbnail","6":"pwb-brand-sikkens","7":"product_cat-pintura","8":"product_cat-tractament-per-fusta-i-jardi","9":"product_cat-lasur-protector","10":"product_cat-pintura-per-fusta","11":"product_tag-fusta","12":"product_tag-jardi","13":"product_tag-lasur","14":"product_tag-proteccio-per-fusta","15":"product_tag-tarimes-de-fusta","16":"product_tag-tractament-per-fusta","17":"no-featured-image-padding","18":"resize-featured-image","19":"sales-flash-overlay","20":"woocommerce-text-align-left","21":"woocommerce-image-align-center","22":"do-quantity-buttons","23":"wc-has-gallery","25":"first","26":"instock","27":"shipping-taxable","28":"purchasable","29":"product-type-variable"},"acf":[],"yoast_head":"<!-- This site is optimized with the Yoast SEO plugin v27.1.1 - https:\/\/yoast.com\/product\/yoast-seo-wordpress\/ -->\n<title>Pintura per tarimes de fusta Lasur SIKKENS Cetol BL Hydratol - Teka - Oller Pinturas y Revestimientos<\/title>\n<meta name=\"description\" content=\"Pintura per fusta lasur a l&#039;aigua mat. El producte Cetol BL Hydratol \u00e9s el producte estrella per cuidar jardins: protector per tarimes de fusta i superf\u00edcies verticals de grans dimensions. T\u00e9 molt bona resist\u00e8ncia als filtres UV i \u00e9s molt f\u00e0cil d&#039;aplicar.\" \/>\n<meta name=\"robots\" content=\"index, follow, max-snippet:-1, max-image-preview:large, max-video-preview:-1\" \/>\n<link rel=\"canonical\" href=\"https:\/\/ollerpintures.com\/ca\/producte\/pintura-per-tarimes-de-fusta-lasur-sikkens-cetol-bl-hydratol-teka\/\" \/>\n<meta property=\"og:locale\" content=\"ca_ES\" \/>\n<meta property=\"og:type\" content=\"article\" \/>\n<meta property=\"og:title\" content=\"Pintura per tarimes de fusta Lasur SIKKENS Cetol BL Hydratol - Teka - Oller Pinturas y Revestimientos\" \/>\n<meta property=\"og:description\" content=\"Pintura per fusta lasur a l&#039;aigua mat. El producte Cetol BL Hydratol \u00e9s el producte estrella per cuidar jardins: protector per tarimes de fusta i superf\u00edcies verticals de grans dimensions. T\u00e9 molt bona resist\u00e8ncia als filtres UV i \u00e9s molt f\u00e0cil d&#039;aplicar.\" \/>\n<meta property=\"og:url\" content=\"https:\/\/ollerpintures.com\/ca\/producte\/pintura-per-tarimes-de-fusta-lasur-sikkens-cetol-bl-hydratol-teka\/\" \/>\n<meta property=\"og:site_name\" content=\"Oller Pinturas y Revestimientos\" \/>\n<meta property=\"article:publisher\" content=\"https:\/\/www.facebook.com\/people\/Oller-Pintures\/100063652056709\/\" \/>\n<meta property=\"article:modified_time\" content=\"2026-04-14T01:00:39+00:00\" \/>\n<meta property=\"og:image\" content=\"https:\/\/ollerpintures.com\/wp-content\/uploads\/2021\/06\/sikkens-cetol-hydratol-lasur-para-madera-oller-comprar-online-tekka.jpg\" \/>\n\t<meta property=\"og:image:width\" content=\"1080\" \/>\n\t<meta property=\"og:image:height\" content=\"1080\" \/>\n\t<meta property=\"og:image:type\" content=\"image\/jpeg\" \/>\n<meta name=\"twitter:card\" content=\"summary_large_image\" \/>\n<meta name=\"twitter:label1\" content=\"Temps estimat de lectura\" \/>\n\t<meta name=\"twitter:data1\" content=\"1 minut\" \/>\n<script type=\"application\/ld+json\" class=\"yoast-schema-graph\">{\"@context\":\"https:\/\/schema.org\",\"@graph\":[{\"@type\":\"WebPage\",\"@id\":\"https:\/\/ollerpintures.com\/ca\/producte\/pintura-per-tarimes-de-fusta-lasur-sikkens-cetol-bl-hydratol-teka\/\",\"url\":\"https:\/\/ollerpintures.com\/ca\/producte\/pintura-per-tarimes-de-fusta-lasur-sikkens-cetol-bl-hydratol-teka\/\",\"name\":\"Pintura per tarimes de fusta Lasur SIKKENS Cetol BL Hydratol - Teka - Oller Pinturas y Revestimientos\",\"isPartOf\":{\"@id\":\"https:\/\/ollerpintures.com\/ca\/#website\"},\"primaryImageOfPage\":{\"@id\":\"https:\/\/ollerpintures.com\/ca\/producte\/pintura-per-tarimes-de-fusta-lasur-sikkens-cetol-bl-hydratol-teka\/#primaryimage\"},\"image\":{\"@id\":\"https:\/\/ollerpintures.com\/ca\/producte\/pintura-per-tarimes-de-fusta-lasur-sikkens-cetol-bl-hydratol-teka\/#primaryimage\"},\"thumbnailUrl\":\"https:\/\/ollerpintures.com\/wp-content\/uploads\/2021\/06\/sikkens-cetol-hydratol-lasur-para-madera-oller-comprar-online-tekka.jpg\",\"datePublished\":\"2021-06-02T08:03:43+00:00\",\"dateModified\":\"2026-04-14T01:00:39+00:00\",\"description\":\"Pintura per fusta lasur a l'aigua mat. El producte Cetol BL Hydratol \u00e9s el producte estrella per cuidar jardins: protector per tarimes de fusta i superf\u00edcies verticals de grans dimensions. T\u00e9 molt bona resist\u00e8ncia als filtres UV i \u00e9s molt f\u00e0cil d'aplicar.\",\"breadcrumb\":{\"@id\":\"https:\/\/ollerpintures.com\/ca\/producte\/pintura-per-tarimes-de-fusta-lasur-sikkens-cetol-bl-hydratol-teka\/#breadcrumb\"},\"inLanguage\":\"ca\",\"potentialAction\":[{\"@type\":\"ReadAction\",\"target\":[\"https:\/\/ollerpintures.com\/ca\/producte\/pintura-per-tarimes-de-fusta-lasur-sikkens-cetol-bl-hydratol-teka\/\"]}]},{\"@type\":\"ImageObject\",\"inLanguage\":\"ca\",\"@id\":\"https:\/\/ollerpintures.com\/ca\/producte\/pintura-per-tarimes-de-fusta-lasur-sikkens-cetol-bl-hydratol-teka\/#primaryimage\",\"url\":\"https:\/\/ollerpintures.com\/wp-content\/uploads\/2021\/06\/sikkens-cetol-hydratol-lasur-para-madera-oller-comprar-online-tekka.jpg\",\"contentUrl\":\"https:\/\/ollerpintures.com\/wp-content\/uploads\/2021\/06\/sikkens-cetol-hydratol-lasur-para-madera-oller-comprar-online-tekka.jpg\",\"width\":1080,\"height\":1080,\"caption\":\"lasur madera\"},{\"@type\":\"BreadcrumbList\",\"@id\":\"https:\/\/ollerpintures.com\/ca\/producte\/pintura-per-tarimes-de-fusta-lasur-sikkens-cetol-bl-hydratol-teka\/#breadcrumb\",\"itemListElement\":[{\"@type\":\"ListItem\",\"position\":1,\"name\":\"Inici\",\"item\":\"https:\/\/ollerpintures.com\/ca\/\"},{\"@type\":\"ListItem\",\"position\":2,\"name\":\"Botiga\",\"item\":\"https:\/\/ollerpintures.com\/ca\/botiga\/\"},{\"@type\":\"ListItem\",\"position\":3,\"name\":\"Pintura per tarimes de fusta Lasur SIKKENS Cetol BL Hydratol &#8211; Teka\"}]},{\"@type\":\"WebSite\",\"@id\":\"https:\/\/ollerpintures.com\/ca\/#website\",\"url\":\"https:\/\/ollerpintures.com\/ca\/\",\"name\":\"Oller Pinturas y Revestimientos\",\"description\":\"Pinturas y revestimientos para profesionales, industrias, obras p\u00fablicas, bricolaje. Pinturas de calidad profesional i mucho m\u00e1s.\",\"publisher\":{\"@id\":\"https:\/\/ollerpintures.com\/ca\/#organization\"},\"alternateName\":\"Oller Grup\",\"potentialAction\":[{\"@type\":\"SearchAction\",\"target\":{\"@type\":\"EntryPoint\",\"urlTemplate\":\"https:\/\/ollerpintures.com\/ca\/?s={search_term_string}\"},\"query-input\":{\"@type\":\"PropertyValueSpecification\",\"valueRequired\":true,\"valueName\":\"search_term_string\"}}],\"inLanguage\":\"ca\"},{\"@type\":\"Organization\",\"@id\":\"https:\/\/ollerpintures.com\/ca\/#organization\",\"name\":\"Oller Pintures i Revestiments\",\"alternateName\":\"Oller Grup\",\"url\":\"https:\/\/ollerpintures.com\/ca\/\",\"logo\":{\"@type\":\"ImageObject\",\"inLanguage\":\"ca\",\"@id\":\"https:\/\/ollerpintures.com\/ca\/#\/schema\/logo\/image\/\",\"url\":\"https:\/\/ollerpintures.com\/wp-content\/uploads\/2024\/05\/newLogo.png\",\"contentUrl\":\"https:\/\/ollerpintures.com\/wp-content\/uploads\/2024\/05\/newLogo.png\",\"width\":483,\"height\":244,\"caption\":\"Oller Pintures i Revestiments\"},\"image\":{\"@id\":\"https:\/\/ollerpintures.com\/ca\/#\/schema\/logo\/image\/\"},\"sameAs\":[\"https:\/\/www.facebook.com\/people\/Oller-Pintures\/100063652056709\/\",\"https:\/\/www.instagram.com\/ollerpintures\/\",\"https:\/\/descriptor.es\/organization\/oller-grup\/\"]}]}<\/script>\n<!-- \/ Yoast SEO plugin. -->","yoast_head_json":{"title":"Pintura per tarimes de fusta Lasur SIKKENS Cetol BL Hydratol - Teka - Oller Pinturas y Revestimientos","description":"Pintura per fusta lasur a l'aigua mat. El producte Cetol BL Hydratol \u00e9s el producte estrella per cuidar jardins: protector per tarimes de fusta i superf\u00edcies verticals de grans dimensions. T\u00e9 molt bona resist\u00e8ncia als filtres UV i \u00e9s molt f\u00e0cil d'aplicar.","robots":{"index":"index","follow":"follow","max-snippet":"max-snippet:-1","max-image-preview":"max-image-preview:large","max-video-preview":"max-video-preview:-1"},"canonical":"https:\/\/ollerpintures.com\/ca\/producte\/pintura-per-tarimes-de-fusta-lasur-sikkens-cetol-bl-hydratol-teka\/","og_locale":"ca_ES","og_type":"article","og_title":"Pintura per tarimes de fusta Lasur SIKKENS Cetol BL Hydratol - Teka - Oller Pinturas y Revestimientos","og_description":"Pintura per fusta lasur a l'aigua mat. El producte Cetol BL Hydratol \u00e9s el producte estrella per cuidar jardins: protector per tarimes de fusta i superf\u00edcies verticals de grans dimensions. T\u00e9 molt bona resist\u00e8ncia als filtres UV i \u00e9s molt f\u00e0cil d'aplicar.","og_url":"https:\/\/ollerpintures.com\/ca\/producte\/pintura-per-tarimes-de-fusta-lasur-sikkens-cetol-bl-hydratol-teka\/","og_site_name":"Oller Pinturas y Revestimientos","article_publisher":"https:\/\/www.facebook.com\/people\/Oller-Pintures\/100063652056709\/","article_modified_time":"2026-04-14T01:00:39+00:00","og_image":[{"width":1080,"height":1080,"url":"https:\/\/ollerpintures.com\/wp-content\/uploads\/2021\/06\/sikkens-cetol-hydratol-lasur-para-madera-oller-comprar-online-tekka.jpg","type":"image\/jpeg"}],"twitter_card":"summary_large_image","twitter_misc":{"Temps estimat de lectura":"1 minut"},"schema":{"@context":"https:\/\/schema.org","@graph":[{"@type":"WebPage","@id":"https:\/\/ollerpintures.com\/ca\/producte\/pintura-per-tarimes-de-fusta-lasur-sikkens-cetol-bl-hydratol-teka\/","url":"https:\/\/ollerpintures.com\/ca\/producte\/pintura-per-tarimes-de-fusta-lasur-sikkens-cetol-bl-hydratol-teka\/","name":"Pintura per tarimes de fusta Lasur SIKKENS Cetol BL Hydratol - Teka - Oller Pinturas y Revestimientos","isPartOf":{"@id":"https:\/\/ollerpintures.com\/ca\/#website"},"primaryImageOfPage":{"@id":"https:\/\/ollerpintures.com\/ca\/producte\/pintura-per-tarimes-de-fusta-lasur-sikkens-cetol-bl-hydratol-teka\/#primaryimage"},"image":{"@id":"https:\/\/ollerpintures.com\/ca\/producte\/pintura-per-tarimes-de-fusta-lasur-sikkens-cetol-bl-hydratol-teka\/#primaryimage"},"thumbnailUrl":"https:\/\/ollerpintures.com\/wp-content\/uploads\/2021\/06\/sikkens-cetol-hydratol-lasur-para-madera-oller-comprar-online-tekka.jpg","datePublished":"2021-06-02T08:03:43+00:00","dateModified":"2026-04-14T01:00:39+00:00","description":"Pintura per fusta lasur a l'aigua mat. El producte Cetol BL Hydratol \u00e9s el producte estrella per cuidar jardins: protector per tarimes de fusta i superf\u00edcies verticals de grans dimensions. T\u00e9 molt bona resist\u00e8ncia als filtres UV i \u00e9s molt f\u00e0cil d'aplicar.","breadcrumb":{"@id":"https:\/\/ollerpintures.com\/ca\/producte\/pintura-per-tarimes-de-fusta-lasur-sikkens-cetol-bl-hydratol-teka\/#breadcrumb"},"inLanguage":"ca","potentialAction":[{"@type":"ReadAction","target":["https:\/\/ollerpintures.com\/ca\/producte\/pintura-per-tarimes-de-fusta-lasur-sikkens-cetol-bl-hydratol-teka\/"]}]},{"@type":"ImageObject","inLanguage":"ca","@id":"https:\/\/ollerpintures.com\/ca\/producte\/pintura-per-tarimes-de-fusta-lasur-sikkens-cetol-bl-hydratol-teka\/#primaryimage","url":"https:\/\/ollerpintures.com\/wp-content\/uploads\/2021\/06\/sikkens-cetol-hydratol-lasur-para-madera-oller-comprar-online-tekka.jpg","contentUrl":"https:\/\/ollerpintures.com\/wp-content\/uploads\/2021\/06\/sikkens-cetol-hydratol-lasur-para-madera-oller-comprar-online-tekka.jpg","width":1080,"height":1080,"caption":"lasur madera"},{"@type":"BreadcrumbList","@id":"https:\/\/ollerpintures.com\/ca\/producte\/pintura-per-tarimes-de-fusta-lasur-sikkens-cetol-bl-hydratol-teka\/#breadcrumb","itemListElement":[{"@type":"ListItem","position":1,"name":"Inici","item":"https:\/\/ollerpintures.com\/ca\/"},{"@type":"ListItem","position":2,"name":"Botiga","item":"https:\/\/ollerpintures.com\/ca\/botiga\/"},{"@type":"ListItem","position":3,"name":"Pintura per tarimes de fusta Lasur SIKKENS Cetol BL Hydratol &#8211; Teka"}]},{"@type":"WebSite","@id":"https:\/\/ollerpintures.com\/ca\/#website","url":"https:\/\/ollerpintures.com\/ca\/","name":"Oller Pinturas y Revestimientos","description":"Pinturas y revestimientos para profesionales, industrias, obras p\u00fablicas, bricolaje. Pinturas de calidad profesional i mucho m\u00e1s.","publisher":{"@id":"https:\/\/ollerpintures.com\/ca\/#organization"},"alternateName":"Oller Grup","potentialAction":[{"@type":"SearchAction","target":{"@type":"EntryPoint","urlTemplate":"https:\/\/ollerpintures.com\/ca\/?s={search_term_string}"},"query-input":{"@type":"PropertyValueSpecification","valueRequired":true,"valueName":"search_term_string"}}],"inLanguage":"ca"},{"@type":"Organization","@id":"https:\/\/ollerpintures.com\/ca\/#organization","name":"Oller Pintures i Revestiments","alternateName":"Oller Grup","url":"https:\/\/ollerpintures.com\/ca\/","logo":{"@type":"ImageObject","inLanguage":"ca","@id":"https:\/\/ollerpintures.com\/ca\/#\/schema\/logo\/image\/","url":"https:\/\/ollerpintures.com\/wp-content\/uploads\/2024\/05\/newLogo.png","contentUrl":"https:\/\/ollerpintures.com\/wp-content\/uploads\/2024\/05\/newLogo.png","width":483,"height":244,"caption":"Oller Pintures i Revestiments"},"image":{"@id":"https:\/\/ollerpintures.com\/ca\/#\/schema\/logo\/image\/"},"sameAs":["https:\/\/www.facebook.com\/people\/Oller-Pintures\/100063652056709\/","https:\/\/www.instagram.com\/ollerpintures\/","https:\/\/descriptor.es\/organization\/oller-grup\/"]}]}},"brands":[{"id":820,"name":"Sikkens","slug":"sikkens"}],"_links":{"self":[{"href":"https:\/\/ollerpintures.com\/ca\/wp-json\/wp\/v2\/product\/11653","targetHints":{"allow":["GET"]}}],"collection":[{"href":"https:\/\/ollerpintures.com\/ca\/wp-json\/wp\/v2\/product"}],"about":[{"href":"https:\/\/ollerpintures.com\/ca\/wp-json\/wp\/v2\/types\/product"}],"wp:featuredmedia":[{"embeddable":true,"href":"https:\/\/ollerpintures.com\/ca\/wp-json\/wp\/v2\/media\/12754"}],"wp:attachment":[{"href":"https:\/\/ollerpintures.com\/ca\/wp-json\/wp\/v2\/media?parent=11653"}],"wp:term":[{"taxonomy":"pwb-brand","embeddable":true,"href":"https:\/\/ollerpintures.com\/ca\/wp-json\/wp\/v2\/pwb-brand?post=11653"},{"taxonomy":"product_brand","embeddable":true,"href":"https:\/\/ollerpintures.com\/ca\/wp-json\/wp\/v2\/product_brand?post=11653"},{"taxonomy":"product_cat","embeddable":true,"href":"https:\/\/ollerpintures.com\/ca\/wp-json\/wp\/v2\/product_cat?post=11653"},{"taxonomy":"product_tag","embeddable":true,"href":"https:\/\/ollerpintures.com\/ca\/wp-json\/wp\/v2\/product_tag?post=11653"}],"curies":[{"name":"wp","href":"https:\/\/api.w.org\/{rel}","templated":true}]}}