{"id":11600,"date":"2021-05-31T10:12:30","date_gmt":"2021-05-31T09:12:30","guid":{"rendered":"https:\/\/oller-pintures.c.wetopi.com\/?post_type=product&#038;p=11600"},"modified":"2026-04-14T14:00:28","modified_gmt":"2026-04-14T13:00:28","slug":"hidrorentadora-stanley-2200w-150-bar-motor-440l-h-motor-universal","status":"publish","type":"product","link":"https:\/\/ollerpintures.com\/ca\/producte\/hidrorentadora-stanley-2200w-150-bar-motor-440l-h-motor-universal\/","title":{"rendered":"Hidrorentadora STANLEY 2200W 150 bar motor  &#8211; 440L\/h Motor Universal"},"content":{"rendered":"<p>La Hidrorentadora STANLEY 2200W 150 bar motor &#8211; 440L\/h Motor Universal \u00e9s una m\u00e0quina per <strong>netejar superf\u00edcies amb aigua a alta pressi\u00f3.<\/strong> Amb l&#8217;ajuda d&#8217;una hidrorentadora podr\u00e0s dur a terme projectes amb total comoditat i et permetr\u00e0 fer la <strong>neteja de fa\u00e7anes, tarimes de fusta de jard\u00ed, piscines, murs exteriors, rampes i moltes altres zones a la perfecci\u00f3.\u00a0<\/strong><\/p>\n<p>Stanley \u00e9s una marca de garantia per a les eines i maquin\u00e0ria professionals, reconeguda mundialment i amb un bagatge extens des de 1843. A Oller confiem i hem comprovat l&#8217;alta qualitat dels seus productes.<\/p>\n<p><strong>Mod. SXPW22E<\/strong><\/p>\n<p>&nbsp;<\/p>\n","protected":false},"excerpt":{"rendered":"<p>M\u00e0quina per <strong>netejar superf\u00edcies amb aigua a alta pressi\u00f3.<\/strong> Amb l&#8217;ajuda d&#8217;una hidrorentadora podr\u00e0s dur a terme projectes amb total comoditat i et permetr\u00e0 fer la <strong>neteja de fa\u00e7anes, tarimes de fusta de jard\u00ed, piscines, murs exteriors, rampes i moltes altres zones a la perfecci\u00f3.\u00a0<\/strong><\/p>\n","protected":false},"featured_media":12852,"template":"","meta":{"_acf_changed":false},"pwb-brand":[808],"product_brand":[],"product_cat":[821,842,806,807],"product_tag":[810,809,811],"class_list":{"0":"post-11600","1":"product","2":"type-product","3":"status-publish","4":"has-post-thumbnail","6":"pwb-brand-stanley","7":"product_cat-tractament-per-fusta-i-jardi","8":"product_cat-eines-i-maquines-per-fusta","9":"product_cat-maquinaria","10":"product_cat-hidrorentadores","11":"product_tag-hidrorentadores","12":"product_tag-maquinaria","13":"product_tag-stanley","14":"no-featured-image-padding","15":"resize-featured-image","16":"sales-flash-overlay","17":"woocommerce-text-align-left","18":"woocommerce-image-align-center","19":"do-quantity-buttons","20":"wc-has-gallery","22":"first","23":"outofstock","24":"featured","25":"shipping-taxable","26":"purchasable","27":"product-type-simple"},"acf":[],"yoast_head":"<!-- This site is optimized with the Yoast SEO plugin v27.1.1 - https:\/\/yoast.com\/product\/yoast-seo-wordpress\/ -->\n<title>Hidrorentadora STANLEY 2200W 150 bar motor - 440L\/h Motor Universal - Oller Pinturas y Revestimientos<\/title>\n<meta name=\"description\" content=\"M\u00e0quina per netejar superf\u00edcies amb aigua a alta pressi\u00f3. Amb l&#039;ajuda d&#039;una hidrorentadora podr\u00e0s dur a terme projectes amb total comoditat i et permetr\u00e0 fer la neteja de fa\u00e7anes, tarimes de fusta de jard\u00ed, piscines, murs exteriors, rampes i moltes altres zones a la perfecci\u00f3.\u00a0\" \/>\n<meta name=\"robots\" content=\"index, follow, max-snippet:-1, max-image-preview:large, max-video-preview:-1\" \/>\n<link rel=\"canonical\" href=\"https:\/\/ollerpintures.com\/ca\/producte\/hidrorentadora-stanley-2200w-150-bar-motor-440l-h-motor-universal\/\" \/>\n<meta property=\"og:locale\" content=\"ca_ES\" \/>\n<meta property=\"og:type\" content=\"article\" \/>\n<meta property=\"og:title\" content=\"Hidrorentadora STANLEY 2200W 150 bar motor - 440L\/h Motor Universal - Oller Pinturas y Revestimientos\" \/>\n<meta property=\"og:description\" content=\"M\u00e0quina per netejar superf\u00edcies amb aigua a alta pressi\u00f3. Amb l&#039;ajuda d&#039;una hidrorentadora podr\u00e0s dur a terme projectes amb total comoditat i et permetr\u00e0 fer la neteja de fa\u00e7anes, tarimes de fusta de jard\u00ed, piscines, murs exteriors, rampes i moltes altres zones a la perfecci\u00f3.\u00a0\" \/>\n<meta property=\"og:url\" content=\"https:\/\/ollerpintures.com\/ca\/producte\/hidrorentadora-stanley-2200w-150-bar-motor-440l-h-motor-universal\/\" \/>\n<meta property=\"og:site_name\" content=\"Oller Pinturas y Revestimientos\" \/>\n<meta property=\"article:publisher\" content=\"https:\/\/www.facebook.com\/people\/Oller-Pintures\/100063652056709\/\" \/>\n<meta property=\"article:modified_time\" content=\"2026-04-14T13:00:28+00:00\" \/>\n<meta property=\"og:image\" content=\"https:\/\/ollerpintures.com\/wp-content\/uploads\/2021\/05\/maquina-limpiar-pintor-hidrolimpiadora-hidrolavadora-stanley-2200-w-comprar-online-oller-promocion-regalo.jpg\" \/>\n\t<meta property=\"og:image:width\" content=\"1080\" \/>\n\t<meta property=\"og:image:height\" content=\"1080\" \/>\n\t<meta property=\"og:image:type\" content=\"image\/jpeg\" \/>\n<meta name=\"twitter:card\" content=\"summary_large_image\" \/>\n<meta name=\"twitter:label1\" content=\"Temps estimat de lectura\" \/>\n\t<meta name=\"twitter:data1\" content=\"1 minut\" \/>\n<script type=\"application\/ld+json\" class=\"yoast-schema-graph\">{\"@context\":\"https:\/\/schema.org\",\"@graph\":[{\"@type\":\"WebPage\",\"@id\":\"https:\/\/ollerpintures.com\/ca\/producte\/hidrorentadora-stanley-2200w-150-bar-motor-440l-h-motor-universal\/\",\"url\":\"https:\/\/ollerpintures.com\/ca\/producte\/hidrorentadora-stanley-2200w-150-bar-motor-440l-h-motor-universal\/\",\"name\":\"Hidrorentadora STANLEY 2200W 150 bar motor - 440L\/h Motor Universal - Oller Pinturas y Revestimientos\",\"isPartOf\":{\"@id\":\"https:\/\/ollerpintures.com\/ca\/#website\"},\"primaryImageOfPage\":{\"@id\":\"https:\/\/ollerpintures.com\/ca\/producte\/hidrorentadora-stanley-2200w-150-bar-motor-440l-h-motor-universal\/#primaryimage\"},\"image\":{\"@id\":\"https:\/\/ollerpintures.com\/ca\/producte\/hidrorentadora-stanley-2200w-150-bar-motor-440l-h-motor-universal\/#primaryimage\"},\"thumbnailUrl\":\"https:\/\/ollerpintures.com\/wp-content\/uploads\/2021\/05\/maquina-limpiar-pintor-hidrolimpiadora-hidrolavadora-stanley-2200-w-comprar-online-oller-promocion-regalo.jpg\",\"datePublished\":\"2021-05-31T09:12:30+00:00\",\"dateModified\":\"2026-04-14T13:00:28+00:00\",\"description\":\"M\u00e0quina per netejar superf\u00edcies amb aigua a alta pressi\u00f3. Amb l'ajuda d'una hidrorentadora podr\u00e0s dur a terme projectes amb total comoditat i et permetr\u00e0 fer la neteja de fa\u00e7anes, tarimes de fusta de jard\u00ed, piscines, murs exteriors, rampes i moltes altres zones a la perfecci\u00f3.\u00a0\",\"breadcrumb\":{\"@id\":\"https:\/\/ollerpintures.com\/ca\/producte\/hidrorentadora-stanley-2200w-150-bar-motor-440l-h-motor-universal\/#breadcrumb\"},\"inLanguage\":\"ca\",\"potentialAction\":[{\"@type\":\"ReadAction\",\"target\":[\"https:\/\/ollerpintures.com\/ca\/producte\/hidrorentadora-stanley-2200w-150-bar-motor-440l-h-motor-universal\/\"]}]},{\"@type\":\"ImageObject\",\"inLanguage\":\"ca\",\"@id\":\"https:\/\/ollerpintures.com\/ca\/producte\/hidrorentadora-stanley-2200w-150-bar-motor-440l-h-motor-universal\/#primaryimage\",\"url\":\"https:\/\/ollerpintures.com\/wp-content\/uploads\/2021\/05\/maquina-limpiar-pintor-hidrolimpiadora-hidrolavadora-stanley-2200-w-comprar-online-oller-promocion-regalo.jpg\",\"contentUrl\":\"https:\/\/ollerpintures.com\/wp-content\/uploads\/2021\/05\/maquina-limpiar-pintor-hidrolimpiadora-hidrolavadora-stanley-2200-w-comprar-online-oller-promocion-regalo.jpg\",\"width\":1080,\"height\":1080,\"caption\":\"hidrorentadora Stanley\"},{\"@type\":\"BreadcrumbList\",\"@id\":\"https:\/\/ollerpintures.com\/ca\/producte\/hidrorentadora-stanley-2200w-150-bar-motor-440l-h-motor-universal\/#breadcrumb\",\"itemListElement\":[{\"@type\":\"ListItem\",\"position\":1,\"name\":\"Inici\",\"item\":\"https:\/\/ollerpintures.com\/ca\/\"},{\"@type\":\"ListItem\",\"position\":2,\"name\":\"Botiga\",\"item\":\"https:\/\/ollerpintures.com\/ca\/botiga\/\"},{\"@type\":\"ListItem\",\"position\":3,\"name\":\"Hidrorentadora STANLEY 2200W 150 bar motor &#8211; 440L\/h Motor Universal\"}]},{\"@type\":\"WebSite\",\"@id\":\"https:\/\/ollerpintures.com\/ca\/#website\",\"url\":\"https:\/\/ollerpintures.com\/ca\/\",\"name\":\"Oller Pinturas y Revestimientos\",\"description\":\"Pinturas y revestimientos para profesionales, industrias, obras p\u00fablicas, bricolaje. Pinturas de calidad profesional i mucho m\u00e1s.\",\"publisher\":{\"@id\":\"https:\/\/ollerpintures.com\/ca\/#organization\"},\"alternateName\":\"Oller Grup\",\"potentialAction\":[{\"@type\":\"SearchAction\",\"target\":{\"@type\":\"EntryPoint\",\"urlTemplate\":\"https:\/\/ollerpintures.com\/ca\/?s={search_term_string}\"},\"query-input\":{\"@type\":\"PropertyValueSpecification\",\"valueRequired\":true,\"valueName\":\"search_term_string\"}}],\"inLanguage\":\"ca\"},{\"@type\":\"Organization\",\"@id\":\"https:\/\/ollerpintures.com\/ca\/#organization\",\"name\":\"Oller Pintures i Revestiments\",\"alternateName\":\"Oller Grup\",\"url\":\"https:\/\/ollerpintures.com\/ca\/\",\"logo\":{\"@type\":\"ImageObject\",\"inLanguage\":\"ca\",\"@id\":\"https:\/\/ollerpintures.com\/ca\/#\/schema\/logo\/image\/\",\"url\":\"https:\/\/ollerpintures.com\/wp-content\/uploads\/2024\/05\/newLogo.png\",\"contentUrl\":\"https:\/\/ollerpintures.com\/wp-content\/uploads\/2024\/05\/newLogo.png\",\"width\":483,\"height\":244,\"caption\":\"Oller Pintures i Revestiments\"},\"image\":{\"@id\":\"https:\/\/ollerpintures.com\/ca\/#\/schema\/logo\/image\/\"},\"sameAs\":[\"https:\/\/www.facebook.com\/people\/Oller-Pintures\/100063652056709\/\",\"https:\/\/www.instagram.com\/ollerpintures\/\",\"https:\/\/descriptor.es\/organization\/oller-grup\/\"]}]}<\/script>\n<!-- \/ Yoast SEO plugin. -->","yoast_head_json":{"title":"Hidrorentadora STANLEY 2200W 150 bar motor - 440L\/h Motor Universal - Oller Pinturas y Revestimientos","description":"M\u00e0quina per netejar superf\u00edcies amb aigua a alta pressi\u00f3. Amb l'ajuda d'una hidrorentadora podr\u00e0s dur a terme projectes amb total comoditat i et permetr\u00e0 fer la neteja de fa\u00e7anes, tarimes de fusta de jard\u00ed, piscines, murs exteriors, rampes i moltes altres zones a la perfecci\u00f3.\u00a0","robots":{"index":"index","follow":"follow","max-snippet":"max-snippet:-1","max-image-preview":"max-image-preview:large","max-video-preview":"max-video-preview:-1"},"canonical":"https:\/\/ollerpintures.com\/ca\/producte\/hidrorentadora-stanley-2200w-150-bar-motor-440l-h-motor-universal\/","og_locale":"ca_ES","og_type":"article","og_title":"Hidrorentadora STANLEY 2200W 150 bar motor - 440L\/h Motor Universal - Oller Pinturas y Revestimientos","og_description":"M\u00e0quina per netejar superf\u00edcies amb aigua a alta pressi\u00f3. Amb l'ajuda d'una hidrorentadora podr\u00e0s dur a terme projectes amb total comoditat i et permetr\u00e0 fer la neteja de fa\u00e7anes, tarimes de fusta de jard\u00ed, piscines, murs exteriors, rampes i moltes altres zones a la perfecci\u00f3.\u00a0","og_url":"https:\/\/ollerpintures.com\/ca\/producte\/hidrorentadora-stanley-2200w-150-bar-motor-440l-h-motor-universal\/","og_site_name":"Oller Pinturas y Revestimientos","article_publisher":"https:\/\/www.facebook.com\/people\/Oller-Pintures\/100063652056709\/","article_modified_time":"2026-04-14T13:00:28+00:00","og_image":[{"width":1080,"height":1080,"url":"https:\/\/ollerpintures.com\/wp-content\/uploads\/2021\/05\/maquina-limpiar-pintor-hidrolimpiadora-hidrolavadora-stanley-2200-w-comprar-online-oller-promocion-regalo.jpg","type":"image\/jpeg"}],"twitter_card":"summary_large_image","twitter_misc":{"Temps estimat de lectura":"1 minut"},"schema":{"@context":"https:\/\/schema.org","@graph":[{"@type":"WebPage","@id":"https:\/\/ollerpintures.com\/ca\/producte\/hidrorentadora-stanley-2200w-150-bar-motor-440l-h-motor-universal\/","url":"https:\/\/ollerpintures.com\/ca\/producte\/hidrorentadora-stanley-2200w-150-bar-motor-440l-h-motor-universal\/","name":"Hidrorentadora STANLEY 2200W 150 bar motor - 440L\/h Motor Universal - Oller Pinturas y Revestimientos","isPartOf":{"@id":"https:\/\/ollerpintures.com\/ca\/#website"},"primaryImageOfPage":{"@id":"https:\/\/ollerpintures.com\/ca\/producte\/hidrorentadora-stanley-2200w-150-bar-motor-440l-h-motor-universal\/#primaryimage"},"image":{"@id":"https:\/\/ollerpintures.com\/ca\/producte\/hidrorentadora-stanley-2200w-150-bar-motor-440l-h-motor-universal\/#primaryimage"},"thumbnailUrl":"https:\/\/ollerpintures.com\/wp-content\/uploads\/2021\/05\/maquina-limpiar-pintor-hidrolimpiadora-hidrolavadora-stanley-2200-w-comprar-online-oller-promocion-regalo.jpg","datePublished":"2021-05-31T09:12:30+00:00","dateModified":"2026-04-14T13:00:28+00:00","description":"M\u00e0quina per netejar superf\u00edcies amb aigua a alta pressi\u00f3. Amb l'ajuda d'una hidrorentadora podr\u00e0s dur a terme projectes amb total comoditat i et permetr\u00e0 fer la neteja de fa\u00e7anes, tarimes de fusta de jard\u00ed, piscines, murs exteriors, rampes i moltes altres zones a la perfecci\u00f3.\u00a0","breadcrumb":{"@id":"https:\/\/ollerpintures.com\/ca\/producte\/hidrorentadora-stanley-2200w-150-bar-motor-440l-h-motor-universal\/#breadcrumb"},"inLanguage":"ca","potentialAction":[{"@type":"ReadAction","target":["https:\/\/ollerpintures.com\/ca\/producte\/hidrorentadora-stanley-2200w-150-bar-motor-440l-h-motor-universal\/"]}]},{"@type":"ImageObject","inLanguage":"ca","@id":"https:\/\/ollerpintures.com\/ca\/producte\/hidrorentadora-stanley-2200w-150-bar-motor-440l-h-motor-universal\/#primaryimage","url":"https:\/\/ollerpintures.com\/wp-content\/uploads\/2021\/05\/maquina-limpiar-pintor-hidrolimpiadora-hidrolavadora-stanley-2200-w-comprar-online-oller-promocion-regalo.jpg","contentUrl":"https:\/\/ollerpintures.com\/wp-content\/uploads\/2021\/05\/maquina-limpiar-pintor-hidrolimpiadora-hidrolavadora-stanley-2200-w-comprar-online-oller-promocion-regalo.jpg","width":1080,"height":1080,"caption":"hidrorentadora Stanley"},{"@type":"BreadcrumbList","@id":"https:\/\/ollerpintures.com\/ca\/producte\/hidrorentadora-stanley-2200w-150-bar-motor-440l-h-motor-universal\/#breadcrumb","itemListElement":[{"@type":"ListItem","position":1,"name":"Inici","item":"https:\/\/ollerpintures.com\/ca\/"},{"@type":"ListItem","position":2,"name":"Botiga","item":"https:\/\/ollerpintures.com\/ca\/botiga\/"},{"@type":"ListItem","position":3,"name":"Hidrorentadora STANLEY 2200W 150 bar motor &#8211; 440L\/h Motor Universal"}]},{"@type":"WebSite","@id":"https:\/\/ollerpintures.com\/ca\/#website","url":"https:\/\/ollerpintures.com\/ca\/","name":"Oller Pinturas y Revestimientos","description":"Pinturas y revestimientos para profesionales, industrias, obras p\u00fablicas, bricolaje. Pinturas de calidad profesional i mucho m\u00e1s.","publisher":{"@id":"https:\/\/ollerpintures.com\/ca\/#organization"},"alternateName":"Oller Grup","potentialAction":[{"@type":"SearchAction","target":{"@type":"EntryPoint","urlTemplate":"https:\/\/ollerpintures.com\/ca\/?s={search_term_string}"},"query-input":{"@type":"PropertyValueSpecification","valueRequired":true,"valueName":"search_term_string"}}],"inLanguage":"ca"},{"@type":"Organization","@id":"https:\/\/ollerpintures.com\/ca\/#organization","name":"Oller Pintures i Revestiments","alternateName":"Oller Grup","url":"https:\/\/ollerpintures.com\/ca\/","logo":{"@type":"ImageObject","inLanguage":"ca","@id":"https:\/\/ollerpintures.com\/ca\/#\/schema\/logo\/image\/","url":"https:\/\/ollerpintures.com\/wp-content\/uploads\/2024\/05\/newLogo.png","contentUrl":"https:\/\/ollerpintures.com\/wp-content\/uploads\/2024\/05\/newLogo.png","width":483,"height":244,"caption":"Oller Pintures i Revestiments"},"image":{"@id":"https:\/\/ollerpintures.com\/ca\/#\/schema\/logo\/image\/"},"sameAs":["https:\/\/www.facebook.com\/people\/Oller-Pintures\/100063652056709\/","https:\/\/www.instagram.com\/ollerpintures\/","https:\/\/descriptor.es\/organization\/oller-grup\/"]}]}},"brands":[{"id":808,"name":"Stanley","slug":"stanley"}],"_links":{"self":[{"href":"https:\/\/ollerpintures.com\/ca\/wp-json\/wp\/v2\/product\/11600","targetHints":{"allow":["GET"]}}],"collection":[{"href":"https:\/\/ollerpintures.com\/ca\/wp-json\/wp\/v2\/product"}],"about":[{"href":"https:\/\/ollerpintures.com\/ca\/wp-json\/wp\/v2\/types\/product"}],"wp:featuredmedia":[{"embeddable":true,"href":"https:\/\/ollerpintures.com\/ca\/wp-json\/wp\/v2\/media\/12852"}],"wp:attachment":[{"href":"https:\/\/ollerpintures.com\/ca\/wp-json\/wp\/v2\/media?parent=11600"}],"wp:term":[{"taxonomy":"pwb-brand","embeddable":true,"href":"https:\/\/ollerpintures.com\/ca\/wp-json\/wp\/v2\/pwb-brand?post=11600"},{"taxonomy":"product_brand","embeddable":true,"href":"https:\/\/ollerpintures.com\/ca\/wp-json\/wp\/v2\/product_brand?post=11600"},{"taxonomy":"product_cat","embeddable":true,"href":"https:\/\/ollerpintures.com\/ca\/wp-json\/wp\/v2\/product_cat?post=11600"},{"taxonomy":"product_tag","embeddable":true,"href":"https:\/\/ollerpintures.com\/ca\/wp-json\/wp\/v2\/product_tag?post=11600"}],"curies":[{"name":"wp","href":"https:\/\/api.w.org\/{rel}","templated":true}]}}