{"id":11518,"date":"2021-05-28T11:37:53","date_gmt":"2021-05-28T10:37:53","guid":{"rendered":"https:\/\/oller-pintures.c.wetopi.com\/?post_type=product&#038;p=11518"},"modified":"2026-04-14T14:00:28","modified_gmt":"2026-04-14T13:00:28","slug":"corro-per-piscines-i-terres-22cm","status":"publish","type":"product","link":"https:\/\/ollerpintures.com\/ca\/producte\/corro-per-piscines-i-terres-22cm\/","title":{"rendered":"Corr\u00f3 per piscines i terres 22cm"},"content":{"rendered":"<p>Aquest \u00e9s un <strong>corr\u00f3 especial per pintar piscines i terres<\/strong>. Aconseguir\u00e0s un acabat fi i podr\u00e0s pintar amb comoditat, sense deixar marques a la superf\u00edcie. El recomanem per pintar amb epoxis, resines, clorcautx\u00fa i poliuretans; per aix\u00f2 <strong>\u00e9s la opci\u00f3 que necessites si busques un corr\u00f3 per pintar piscines i terres!<\/strong><\/p>\n<p>\u00c9s el complement perfecte per treballar amb <strong><a href=\"https:\/\/ollerpintures.com\/producte\/pintura-per-piscines-zenko-piscinas-clorocaucho-blau-5kg\/\" target=\"_blank\" rel=\"noopener\">Pintura per piscines ZENKO Piscinas Clorocaucho Blau 5K<\/a> o <a href=\"https:\/\/ollerpintures.com\/producte\/esmalt-lluent-per-piscines-de-fibra-blatempur-piscinas-poliester-blau-4l\/\" target=\"_blank\" rel=\"noopener\">Pintura per piscines de fibra BLATEMPUR Piscinas Poliester Blau 4L<\/a><\/strong>, entre d&#8217;altres.<\/p>\n<p>Per aconseguir un millor acabat i experi\u00e8ncia, recorda polir abans la superf\u00edcie amb una<strong><a href=\"https:\/\/ollerpintures.com\/producte\/lija-en-rotllo-115x5\/\" target=\"_blank\" rel=\"noopener\"> lija de P80 o P100<\/a><\/strong><\/p>\n<p>&nbsp;<\/p>\n<p>&nbsp;<\/p>\n<p>&nbsp;<\/p>\n","protected":false},"excerpt":{"rendered":"<p>Aquest \u00e9s un <strong>corr\u00f3 especial per pintar piscines i terres<\/strong>. Aconseguir\u00e0s un acabat fi i podr\u00e0s pintar amb comoditat, sense deixar marques a la superf\u00edcie. El recomanem per pintar amb epoxis, resines, clorcautx\u00fa i poliuretans; per aix\u00f2 <strong>\u00e9s la opci\u00f3 que necessites si busques un corr\u00f3 per pintar piscines i terres!<\/strong><\/p>\n","protected":false},"featured_media":11549,"template":"","meta":{"_acf_changed":false},"pwb-brand":[],"product_brand":[],"product_cat":[821,842,77,95,99],"product_tag":[97,96,731],"class_list":{"0":"post-11518","1":"product","2":"type-product","3":"status-publish","4":"has-post-thumbnail","6":"product_cat-tractament-per-fusta-i-jardi","7":"product_cat-eines-i-maquines-per-fusta","8":"product_cat-eines","9":"product_cat-per-pintar","10":"product_cat-corrons-rodillos","11":"product_tag-corro","12":"product_tag-eines","13":"product_tag-piscina","14":"no-featured-image-padding","15":"resize-featured-image","16":"sales-flash-overlay","17":"woocommerce-text-align-left","18":"woocommerce-image-align-center","19":"do-quantity-buttons","21":"first","22":"instock","23":"shipping-taxable","24":"purchasable","25":"product-type-simple"},"acf":[],"yoast_head":"<!-- This site is optimized with the Yoast SEO plugin v27.1.1 - https:\/\/yoast.com\/product\/yoast-seo-wordpress\/ -->\n<title>Corr\u00f3 per piscines i terres 22cm - Pintar Piscines - Oller Grup<\/title>\n<meta name=\"description\" content=\"Aquest \u00e9s un corr\u00f3 especial per pintar piscines i terres. Aconseguir\u00e0s un acabat fi i podr\u00e0s pintar amb comoditat, sense deixar marques a la superf\u00edcie. El recomanem per pintar amb epoxis, resines, clorcautx\u00fa i poliuretans; per aix\u00f2 \u00e9s la opci\u00f3 que necessites si busques un corr\u00f3 per pintar piscines i terres!\" \/>\n<meta name=\"robots\" content=\"index, follow, max-snippet:-1, max-image-preview:large, max-video-preview:-1\" \/>\n<link rel=\"canonical\" href=\"https:\/\/ollerpintures.com\/ca\/producte\/corro-per-piscines-i-terres-22cm\/\" \/>\n<meta property=\"og:locale\" content=\"ca_ES\" \/>\n<meta property=\"og:type\" content=\"article\" \/>\n<meta property=\"og:title\" content=\"Corr\u00f3 per piscines i terres 22cm - Pintar Piscines - Oller Grup\" \/>\n<meta property=\"og:description\" content=\"Aquest \u00e9s un corr\u00f3 especial per pintar piscines i terres. Aconseguir\u00e0s un acabat fi i podr\u00e0s pintar amb comoditat, sense deixar marques a la superf\u00edcie. El recomanem per pintar amb epoxis, resines, clorcautx\u00fa i poliuretans; per aix\u00f2 \u00e9s la opci\u00f3 que necessites si busques un corr\u00f3 per pintar piscines i terres!\" \/>\n<meta property=\"og:url\" content=\"https:\/\/ollerpintures.com\/ca\/producte\/corro-per-piscines-i-terres-22cm\/\" \/>\n<meta property=\"og:site_name\" content=\"Oller Pinturas y Revestimientos\" \/>\n<meta property=\"article:publisher\" content=\"https:\/\/www.facebook.com\/people\/Oller-Pintures\/100063652056709\/\" \/>\n<meta property=\"article:modified_time\" content=\"2026-04-14T13:00:28+00:00\" \/>\n<meta property=\"og:image\" content=\"https:\/\/ollerpintures.com\/wp-content\/uploads\/2021\/05\/rodillo-especial-piscinas-suelos-comprar-online-oller-pintura-pintar.jpg\" \/>\n\t<meta property=\"og:image:width\" content=\"1080\" \/>\n\t<meta property=\"og:image:height\" content=\"1080\" \/>\n\t<meta property=\"og:image:type\" content=\"image\/jpeg\" \/>\n<meta name=\"twitter:card\" content=\"summary_large_image\" \/>\n<meta name=\"twitter:label1\" content=\"Temps estimat de lectura\" \/>\n\t<meta name=\"twitter:data1\" content=\"1 minut\" \/>\n<script type=\"application\/ld+json\" class=\"yoast-schema-graph\">{\"@context\":\"https:\/\/schema.org\",\"@graph\":[{\"@type\":\"WebPage\",\"@id\":\"https:\/\/ollerpintures.com\/ca\/producte\/corro-per-piscines-i-terres-22cm\/\",\"url\":\"https:\/\/ollerpintures.com\/ca\/producte\/corro-per-piscines-i-terres-22cm\/\",\"name\":\"Corr\u00f3 per piscines i terres 22cm - Pintar Piscines - Oller Grup\",\"isPartOf\":{\"@id\":\"https:\/\/ollerpintures.com\/ca\/#website\"},\"primaryImageOfPage\":{\"@id\":\"https:\/\/ollerpintures.com\/ca\/producte\/corro-per-piscines-i-terres-22cm\/#primaryimage\"},\"image\":{\"@id\":\"https:\/\/ollerpintures.com\/ca\/producte\/corro-per-piscines-i-terres-22cm\/#primaryimage\"},\"thumbnailUrl\":\"https:\/\/ollerpintures.com\/wp-content\/uploads\/2021\/05\/rodillo-especial-piscinas-suelos-comprar-online-oller-pintura-pintar.jpg\",\"datePublished\":\"2021-05-28T10:37:53+00:00\",\"dateModified\":\"2026-04-14T13:00:28+00:00\",\"description\":\"Aquest \u00e9s un corr\u00f3 especial per pintar piscines i terres. Aconseguir\u00e0s un acabat fi i podr\u00e0s pintar amb comoditat, sense deixar marques a la superf\u00edcie. El recomanem per pintar amb epoxis, resines, clorcautx\u00fa i poliuretans; per aix\u00f2 \u00e9s la opci\u00f3 que necessites si busques un corr\u00f3 per pintar piscines i terres!\",\"breadcrumb\":{\"@id\":\"https:\/\/ollerpintures.com\/ca\/producte\/corro-per-piscines-i-terres-22cm\/#breadcrumb\"},\"inLanguage\":\"ca\",\"potentialAction\":[{\"@type\":\"ReadAction\",\"target\":[\"https:\/\/ollerpintures.com\/ca\/producte\/corro-per-piscines-i-terres-22cm\/\"]}]},{\"@type\":\"ImageObject\",\"inLanguage\":\"ca\",\"@id\":\"https:\/\/ollerpintures.com\/ca\/producte\/corro-per-piscines-i-terres-22cm\/#primaryimage\",\"url\":\"https:\/\/ollerpintures.com\/wp-content\/uploads\/2021\/05\/rodillo-especial-piscinas-suelos-comprar-online-oller-pintura-pintar.jpg\",\"contentUrl\":\"https:\/\/ollerpintures.com\/wp-content\/uploads\/2021\/05\/rodillo-especial-piscinas-suelos-comprar-online-oller-pintura-pintar.jpg\",\"width\":1080,\"height\":1080,\"caption\":\"Corr\u00f3 especial per piscines i terres\"},{\"@type\":\"BreadcrumbList\",\"@id\":\"https:\/\/ollerpintures.com\/ca\/producte\/corro-per-piscines-i-terres-22cm\/#breadcrumb\",\"itemListElement\":[{\"@type\":\"ListItem\",\"position\":1,\"name\":\"Inici\",\"item\":\"https:\/\/ollerpintures.com\/ca\/\"},{\"@type\":\"ListItem\",\"position\":2,\"name\":\"Botiga\",\"item\":\"https:\/\/ollerpintures.com\/ca\/botiga\/\"},{\"@type\":\"ListItem\",\"position\":3,\"name\":\"Corr\u00f3 per piscines i terres 22cm\"}]},{\"@type\":\"WebSite\",\"@id\":\"https:\/\/ollerpintures.com\/ca\/#website\",\"url\":\"https:\/\/ollerpintures.com\/ca\/\",\"name\":\"Oller Pinturas y Revestimientos\",\"description\":\"Pinturas y revestimientos para profesionales, industrias, obras p\u00fablicas, bricolaje. Pinturas de calidad profesional i mucho m\u00e1s.\",\"publisher\":{\"@id\":\"https:\/\/ollerpintures.com\/ca\/#organization\"},\"alternateName\":\"Oller Grup\",\"potentialAction\":[{\"@type\":\"SearchAction\",\"target\":{\"@type\":\"EntryPoint\",\"urlTemplate\":\"https:\/\/ollerpintures.com\/ca\/?s={search_term_string}\"},\"query-input\":{\"@type\":\"PropertyValueSpecification\",\"valueRequired\":true,\"valueName\":\"search_term_string\"}}],\"inLanguage\":\"ca\"},{\"@type\":\"Organization\",\"@id\":\"https:\/\/ollerpintures.com\/ca\/#organization\",\"name\":\"Oller Pintures i Revestiments\",\"alternateName\":\"Oller Grup\",\"url\":\"https:\/\/ollerpintures.com\/ca\/\",\"logo\":{\"@type\":\"ImageObject\",\"inLanguage\":\"ca\",\"@id\":\"https:\/\/ollerpintures.com\/ca\/#\/schema\/logo\/image\/\",\"url\":\"https:\/\/ollerpintures.com\/wp-content\/uploads\/2024\/05\/newLogo.png\",\"contentUrl\":\"https:\/\/ollerpintures.com\/wp-content\/uploads\/2024\/05\/newLogo.png\",\"width\":483,\"height\":244,\"caption\":\"Oller Pintures i Revestiments\"},\"image\":{\"@id\":\"https:\/\/ollerpintures.com\/ca\/#\/schema\/logo\/image\/\"},\"sameAs\":[\"https:\/\/www.facebook.com\/people\/Oller-Pintures\/100063652056709\/\",\"https:\/\/www.instagram.com\/ollerpintures\/\",\"https:\/\/descriptor.es\/organization\/oller-grup\/\"]}]}<\/script>\n<!-- \/ Yoast SEO plugin. -->","yoast_head_json":{"title":"Corr\u00f3 per piscines i terres 22cm - Pintar Piscines - Oller Grup","description":"Aquest \u00e9s un corr\u00f3 especial per pintar piscines i terres. Aconseguir\u00e0s un acabat fi i podr\u00e0s pintar amb comoditat, sense deixar marques a la superf\u00edcie. El recomanem per pintar amb epoxis, resines, clorcautx\u00fa i poliuretans; per aix\u00f2 \u00e9s la opci\u00f3 que necessites si busques un corr\u00f3 per pintar piscines i terres!","robots":{"index":"index","follow":"follow","max-snippet":"max-snippet:-1","max-image-preview":"max-image-preview:large","max-video-preview":"max-video-preview:-1"},"canonical":"https:\/\/ollerpintures.com\/ca\/producte\/corro-per-piscines-i-terres-22cm\/","og_locale":"ca_ES","og_type":"article","og_title":"Corr\u00f3 per piscines i terres 22cm - Pintar Piscines - Oller Grup","og_description":"Aquest \u00e9s un corr\u00f3 especial per pintar piscines i terres. Aconseguir\u00e0s un acabat fi i podr\u00e0s pintar amb comoditat, sense deixar marques a la superf\u00edcie. El recomanem per pintar amb epoxis, resines, clorcautx\u00fa i poliuretans; per aix\u00f2 \u00e9s la opci\u00f3 que necessites si busques un corr\u00f3 per pintar piscines i terres!","og_url":"https:\/\/ollerpintures.com\/ca\/producte\/corro-per-piscines-i-terres-22cm\/","og_site_name":"Oller Pinturas y Revestimientos","article_publisher":"https:\/\/www.facebook.com\/people\/Oller-Pintures\/100063652056709\/","article_modified_time":"2026-04-14T13:00:28+00:00","og_image":[{"width":1080,"height":1080,"url":"https:\/\/ollerpintures.com\/wp-content\/uploads\/2021\/05\/rodillo-especial-piscinas-suelos-comprar-online-oller-pintura-pintar.jpg","type":"image\/jpeg"}],"twitter_card":"summary_large_image","twitter_misc":{"Temps estimat de lectura":"1 minut"},"schema":{"@context":"https:\/\/schema.org","@graph":[{"@type":"WebPage","@id":"https:\/\/ollerpintures.com\/ca\/producte\/corro-per-piscines-i-terres-22cm\/","url":"https:\/\/ollerpintures.com\/ca\/producte\/corro-per-piscines-i-terres-22cm\/","name":"Corr\u00f3 per piscines i terres 22cm - Pintar Piscines - Oller Grup","isPartOf":{"@id":"https:\/\/ollerpintures.com\/ca\/#website"},"primaryImageOfPage":{"@id":"https:\/\/ollerpintures.com\/ca\/producte\/corro-per-piscines-i-terres-22cm\/#primaryimage"},"image":{"@id":"https:\/\/ollerpintures.com\/ca\/producte\/corro-per-piscines-i-terres-22cm\/#primaryimage"},"thumbnailUrl":"https:\/\/ollerpintures.com\/wp-content\/uploads\/2021\/05\/rodillo-especial-piscinas-suelos-comprar-online-oller-pintura-pintar.jpg","datePublished":"2021-05-28T10:37:53+00:00","dateModified":"2026-04-14T13:00:28+00:00","description":"Aquest \u00e9s un corr\u00f3 especial per pintar piscines i terres. Aconseguir\u00e0s un acabat fi i podr\u00e0s pintar amb comoditat, sense deixar marques a la superf\u00edcie. El recomanem per pintar amb epoxis, resines, clorcautx\u00fa i poliuretans; per aix\u00f2 \u00e9s la opci\u00f3 que necessites si busques un corr\u00f3 per pintar piscines i terres!","breadcrumb":{"@id":"https:\/\/ollerpintures.com\/ca\/producte\/corro-per-piscines-i-terres-22cm\/#breadcrumb"},"inLanguage":"ca","potentialAction":[{"@type":"ReadAction","target":["https:\/\/ollerpintures.com\/ca\/producte\/corro-per-piscines-i-terres-22cm\/"]}]},{"@type":"ImageObject","inLanguage":"ca","@id":"https:\/\/ollerpintures.com\/ca\/producte\/corro-per-piscines-i-terres-22cm\/#primaryimage","url":"https:\/\/ollerpintures.com\/wp-content\/uploads\/2021\/05\/rodillo-especial-piscinas-suelos-comprar-online-oller-pintura-pintar.jpg","contentUrl":"https:\/\/ollerpintures.com\/wp-content\/uploads\/2021\/05\/rodillo-especial-piscinas-suelos-comprar-online-oller-pintura-pintar.jpg","width":1080,"height":1080,"caption":"Corr\u00f3 especial per piscines i terres"},{"@type":"BreadcrumbList","@id":"https:\/\/ollerpintures.com\/ca\/producte\/corro-per-piscines-i-terres-22cm\/#breadcrumb","itemListElement":[{"@type":"ListItem","position":1,"name":"Inici","item":"https:\/\/ollerpintures.com\/ca\/"},{"@type":"ListItem","position":2,"name":"Botiga","item":"https:\/\/ollerpintures.com\/ca\/botiga\/"},{"@type":"ListItem","position":3,"name":"Corr\u00f3 per piscines i terres 22cm"}]},{"@type":"WebSite","@id":"https:\/\/ollerpintures.com\/ca\/#website","url":"https:\/\/ollerpintures.com\/ca\/","name":"Oller Pinturas y Revestimientos","description":"Pinturas y revestimientos para profesionales, industrias, obras p\u00fablicas, bricolaje. Pinturas de calidad profesional i mucho m\u00e1s.","publisher":{"@id":"https:\/\/ollerpintures.com\/ca\/#organization"},"alternateName":"Oller Grup","potentialAction":[{"@type":"SearchAction","target":{"@type":"EntryPoint","urlTemplate":"https:\/\/ollerpintures.com\/ca\/?s={search_term_string}"},"query-input":{"@type":"PropertyValueSpecification","valueRequired":true,"valueName":"search_term_string"}}],"inLanguage":"ca"},{"@type":"Organization","@id":"https:\/\/ollerpintures.com\/ca\/#organization","name":"Oller Pintures i Revestiments","alternateName":"Oller Grup","url":"https:\/\/ollerpintures.com\/ca\/","logo":{"@type":"ImageObject","inLanguage":"ca","@id":"https:\/\/ollerpintures.com\/ca\/#\/schema\/logo\/image\/","url":"https:\/\/ollerpintures.com\/wp-content\/uploads\/2024\/05\/newLogo.png","contentUrl":"https:\/\/ollerpintures.com\/wp-content\/uploads\/2024\/05\/newLogo.png","width":483,"height":244,"caption":"Oller Pintures i Revestiments"},"image":{"@id":"https:\/\/ollerpintures.com\/ca\/#\/schema\/logo\/image\/"},"sameAs":["https:\/\/www.facebook.com\/people\/Oller-Pintures\/100063652056709\/","https:\/\/www.instagram.com\/ollerpintures\/","https:\/\/descriptor.es\/organization\/oller-grup\/"]}]}},"brands":[],"_links":{"self":[{"href":"https:\/\/ollerpintures.com\/ca\/wp-json\/wp\/v2\/product\/11518","targetHints":{"allow":["GET"]}}],"collection":[{"href":"https:\/\/ollerpintures.com\/ca\/wp-json\/wp\/v2\/product"}],"about":[{"href":"https:\/\/ollerpintures.com\/ca\/wp-json\/wp\/v2\/types\/product"}],"wp:featuredmedia":[{"embeddable":true,"href":"https:\/\/ollerpintures.com\/ca\/wp-json\/wp\/v2\/media\/11549"}],"wp:attachment":[{"href":"https:\/\/ollerpintures.com\/ca\/wp-json\/wp\/v2\/media?parent=11518"}],"wp:term":[{"taxonomy":"pwb-brand","embeddable":true,"href":"https:\/\/ollerpintures.com\/ca\/wp-json\/wp\/v2\/pwb-brand?post=11518"},{"taxonomy":"product_brand","embeddable":true,"href":"https:\/\/ollerpintures.com\/ca\/wp-json\/wp\/v2\/product_brand?post=11518"},{"taxonomy":"product_cat","embeddable":true,"href":"https:\/\/ollerpintures.com\/ca\/wp-json\/wp\/v2\/product_cat?post=11518"},{"taxonomy":"product_tag","embeddable":true,"href":"https:\/\/ollerpintures.com\/ca\/wp-json\/wp\/v2\/product_tag?post=11518"}],"curies":[{"name":"wp","href":"https:\/\/api.w.org\/{rel}","templated":true}]}}