{"id":10693,"date":"2021-05-07T11:19:40","date_gmt":"2021-05-07T10:19:40","guid":{"rendered":"https:\/\/oller-pintures.c.wetopi.com\/?post_type=product&#038;p=10693"},"modified":"2026-04-04T14:00:38","modified_gmt":"2026-04-04T13:00:38","slug":"pintura-colores-del-mundo-bruguer-patagonia-4l","status":"publish","type":"product","link":"https:\/\/ollerpintures.com\/ca\/producte\/pintura-colores-del-mundo-bruguer-patagonia-4l\/","title":{"rendered":"Pintura Colores del Mundo BRUGUER Patagonia 4L"},"content":{"rendered":"<p>Possiblement <strong>la millor cubeta de colors monocapa del mercat. <\/strong>Colores del Mundo de Bruguer et d\u00f3na la oportunitat de pintar les teves parets amb una pintura <strong>ecol\u00f2gica<\/strong>, rentable i que <strong>no fa olor;<\/strong> podr\u00e0s tornar a instal\u00b7lar-te a l&#8217;habitaci\u00f3 pintada sense haver d&#8217;esperar un temps que marxin les olors!<\/p>\n<p>A m\u00e9s, et permetr\u00e0 pintar molt c\u00f2modament: no esquitxa i no deixa marques de les passades. Ning\u00fa notar\u00e0 on acaben els marges de les cantonades i sostres!<\/p>\n<hr \/>\n<p><strong><span style=\"color: #ff6600;\">Consell Oller:<\/span> <\/strong>si voleu pintar sobre una paret de color clar o semblant al que aplicareu, en tindreu suficient amb una capa. Si el que voleu \u00e9s pintar sobre colors molt intensos, <strong>us aconsellem fer dues capes per tenir millors resultats.<\/strong><\/p>\n<hr \/>\n<p>&nbsp;<\/p>\n<p><strong><em>Somnia un dest\u00ed i porta&#8217;l a casa teva!<\/em><\/strong><\/p>\n<p><em>Colores del Mundo \u00e9s una col\u00b7lecci\u00f3 de pintures que ens transporta, amb els seus colors, als indrets m\u00e9s ins\u00f2lits del m\u00f3n. Pintura mat, ecol\u00f2gica, d&#8217;alta qualitat fabricada per aconseguir una cobertura total en una sola m\u00e0.<\/em><\/p>\n","protected":false},"excerpt":{"rendered":"<p>Possiblement <strong>la millor cubeta de colors monocapa del mercat: pintura ecol\u00f2gica, rentable i no fa olor.\u00a0<\/strong><\/p>\n","protected":false},"featured_media":10689,"template":"","meta":{"_acf_changed":false},"pwb-brand":[41],"product_brand":[],"product_cat":[24,42,775],"product_tag":[73,72,62,71,66],"class_list":{"0":"post-10693","1":"product","2":"type-product","3":"status-publish","4":"has-post-thumbnail","6":"pwb-brand-bruguer","7":"product_cat-pintura","8":"product_cat-interiorpintura","9":"product_cat-colores-del-mundo-bruguer_ca","10":"product_tag-bruguer","11":"product_tag-colores-del-mundo","12":"product_tag-interior","13":"product_tag-paret","14":"product_tag-pintura","15":"no-featured-image-padding","16":"resize-featured-image","17":"sales-flash-overlay","18":"woocommerce-text-align-left","19":"woocommerce-image-align-center","20":"do-quantity-buttons","22":"first","23":"instock","24":"shipping-taxable","25":"purchasable","26":"product-type-variable"},"acf":[],"yoast_head":"<!-- This site is optimized with the Yoast SEO plugin v27.1.1 - https:\/\/yoast.com\/product\/yoast-seo-wordpress\/ -->\n<title>Pintura Colores del Mundo BRUGUER Patagonia 4L - Oller Pinturas y Revestimientos<\/title>\n<meta name=\"description\" content=\"Possiblement la millor cubeta de colors monocapa del mercat: pintura ecol\u00f2gica, rentable i no fa olor.\u00a0\" \/>\n<meta name=\"robots\" content=\"index, follow, max-snippet:-1, max-image-preview:large, max-video-preview:-1\" \/>\n<link rel=\"canonical\" href=\"https:\/\/ollerpintures.com\/ca\/producte\/pintura-colores-del-mundo-bruguer-patagonia-4l\/\" \/>\n<meta property=\"og:locale\" content=\"ca_ES\" \/>\n<meta property=\"og:type\" content=\"article\" \/>\n<meta property=\"og:title\" content=\"Pintura Colores del Mundo BRUGUER Patagonia 4L - Oller Pinturas y Revestimientos\" \/>\n<meta property=\"og:description\" content=\"Possiblement la millor cubeta de colors monocapa del mercat: pintura ecol\u00f2gica, rentable i no fa olor.\u00a0\" \/>\n<meta property=\"og:url\" content=\"https:\/\/ollerpintures.com\/ca\/producte\/pintura-colores-del-mundo-bruguer-patagonia-4l\/\" \/>\n<meta property=\"og:site_name\" content=\"Oller Pinturas y Revestimientos\" \/>\n<meta property=\"article:publisher\" content=\"https:\/\/www.facebook.com\/people\/Oller-Pintures\/100063652056709\/\" \/>\n<meta property=\"article:modified_time\" content=\"2026-04-04T13:00:38+00:00\" \/>\n<meta property=\"og:image\" content=\"https:\/\/ollerpintures.com\/wp-content\/uploads\/2021\/05\/pintura-colores-del-mundo-patagonia-comprar-online-oller.jpg\" \/>\n\t<meta property=\"og:image:width\" content=\"1080\" \/>\n\t<meta property=\"og:image:height\" content=\"1080\" \/>\n\t<meta property=\"og:image:type\" content=\"image\/jpeg\" \/>\n<meta name=\"twitter:card\" content=\"summary_large_image\" \/>\n<meta name=\"twitter:label1\" content=\"Temps estimat de lectura\" \/>\n\t<meta name=\"twitter:data1\" content=\"1 minut\" \/>\n<script type=\"application\/ld+json\" class=\"yoast-schema-graph\">{\"@context\":\"https:\/\/schema.org\",\"@graph\":[{\"@type\":\"WebPage\",\"@id\":\"https:\/\/ollerpintures.com\/ca\/producte\/pintura-colores-del-mundo-bruguer-patagonia-4l\/\",\"url\":\"https:\/\/ollerpintures.com\/ca\/producte\/pintura-colores-del-mundo-bruguer-patagonia-4l\/\",\"name\":\"Pintura Colores del Mundo BRUGUER Patagonia 4L - Oller Pinturas y Revestimientos\",\"isPartOf\":{\"@id\":\"https:\/\/ollerpintures.com\/ca\/#website\"},\"primaryImageOfPage\":{\"@id\":\"https:\/\/ollerpintures.com\/ca\/producte\/pintura-colores-del-mundo-bruguer-patagonia-4l\/#primaryimage\"},\"image\":{\"@id\":\"https:\/\/ollerpintures.com\/ca\/producte\/pintura-colores-del-mundo-bruguer-patagonia-4l\/#primaryimage\"},\"thumbnailUrl\":\"https:\/\/ollerpintures.com\/wp-content\/uploads\/2021\/05\/pintura-colores-del-mundo-patagonia-comprar-online-oller.jpg\",\"datePublished\":\"2021-05-07T10:19:40+00:00\",\"dateModified\":\"2026-04-04T13:00:38+00:00\",\"description\":\"Possiblement la millor cubeta de colors monocapa del mercat: pintura ecol\u00f2gica, rentable i no fa olor.\u00a0\",\"breadcrumb\":{\"@id\":\"https:\/\/ollerpintures.com\/ca\/producte\/pintura-colores-del-mundo-bruguer-patagonia-4l\/#breadcrumb\"},\"inLanguage\":\"ca\",\"potentialAction\":[{\"@type\":\"ReadAction\",\"target\":[\"https:\/\/ollerpintures.com\/ca\/producte\/pintura-colores-del-mundo-bruguer-patagonia-4l\/\"]}]},{\"@type\":\"ImageObject\",\"inLanguage\":\"ca\",\"@id\":\"https:\/\/ollerpintures.com\/ca\/producte\/pintura-colores-del-mundo-bruguer-patagonia-4l\/#primaryimage\",\"url\":\"https:\/\/ollerpintures.com\/wp-content\/uploads\/2021\/05\/pintura-colores-del-mundo-patagonia-comprar-online-oller.jpg\",\"contentUrl\":\"https:\/\/ollerpintures.com\/wp-content\/uploads\/2021\/05\/pintura-colores-del-mundo-patagonia-comprar-online-oller.jpg\",\"width\":1080,\"height\":1080},{\"@type\":\"BreadcrumbList\",\"@id\":\"https:\/\/ollerpintures.com\/ca\/producte\/pintura-colores-del-mundo-bruguer-patagonia-4l\/#breadcrumb\",\"itemListElement\":[{\"@type\":\"ListItem\",\"position\":1,\"name\":\"Inici\",\"item\":\"https:\/\/ollerpintures.com\/ca\/\"},{\"@type\":\"ListItem\",\"position\":2,\"name\":\"Botiga\",\"item\":\"https:\/\/ollerpintures.com\/ca\/botiga\/\"},{\"@type\":\"ListItem\",\"position\":3,\"name\":\"Pintura Colores del Mundo BRUGUER Patagonia 4L\"}]},{\"@type\":\"WebSite\",\"@id\":\"https:\/\/ollerpintures.com\/ca\/#website\",\"url\":\"https:\/\/ollerpintures.com\/ca\/\",\"name\":\"Oller Pinturas y Revestimientos\",\"description\":\"Pinturas y revestimientos para profesionales, industrias, obras p\u00fablicas, bricolaje. Pinturas de calidad profesional i mucho m\u00e1s.\",\"publisher\":{\"@id\":\"https:\/\/ollerpintures.com\/ca\/#organization\"},\"alternateName\":\"Oller Grup\",\"potentialAction\":[{\"@type\":\"SearchAction\",\"target\":{\"@type\":\"EntryPoint\",\"urlTemplate\":\"https:\/\/ollerpintures.com\/ca\/?s={search_term_string}\"},\"query-input\":{\"@type\":\"PropertyValueSpecification\",\"valueRequired\":true,\"valueName\":\"search_term_string\"}}],\"inLanguage\":\"ca\"},{\"@type\":\"Organization\",\"@id\":\"https:\/\/ollerpintures.com\/ca\/#organization\",\"name\":\"Oller Pintures i Revestiments\",\"alternateName\":\"Oller Grup\",\"url\":\"https:\/\/ollerpintures.com\/ca\/\",\"logo\":{\"@type\":\"ImageObject\",\"inLanguage\":\"ca\",\"@id\":\"https:\/\/ollerpintures.com\/ca\/#\/schema\/logo\/image\/\",\"url\":\"https:\/\/ollerpintures.com\/wp-content\/uploads\/2024\/05\/newLogo.png\",\"contentUrl\":\"https:\/\/ollerpintures.com\/wp-content\/uploads\/2024\/05\/newLogo.png\",\"width\":483,\"height\":244,\"caption\":\"Oller Pintures i Revestiments\"},\"image\":{\"@id\":\"https:\/\/ollerpintures.com\/ca\/#\/schema\/logo\/image\/\"},\"sameAs\":[\"https:\/\/www.facebook.com\/people\/Oller-Pintures\/100063652056709\/\",\"https:\/\/www.instagram.com\/ollerpintures\/\",\"https:\/\/descriptor.es\/organization\/oller-grup\/\"]}]}<\/script>\n<!-- \/ Yoast SEO plugin. -->","yoast_head_json":{"title":"Pintura Colores del Mundo BRUGUER Patagonia 4L - Oller Pinturas y Revestimientos","description":"Possiblement la millor cubeta de colors monocapa del mercat: pintura ecol\u00f2gica, rentable i no fa olor.\u00a0","robots":{"index":"index","follow":"follow","max-snippet":"max-snippet:-1","max-image-preview":"max-image-preview:large","max-video-preview":"max-video-preview:-1"},"canonical":"https:\/\/ollerpintures.com\/ca\/producte\/pintura-colores-del-mundo-bruguer-patagonia-4l\/","og_locale":"ca_ES","og_type":"article","og_title":"Pintura Colores del Mundo BRUGUER Patagonia 4L - Oller Pinturas y Revestimientos","og_description":"Possiblement la millor cubeta de colors monocapa del mercat: pintura ecol\u00f2gica, rentable i no fa olor.\u00a0","og_url":"https:\/\/ollerpintures.com\/ca\/producte\/pintura-colores-del-mundo-bruguer-patagonia-4l\/","og_site_name":"Oller Pinturas y Revestimientos","article_publisher":"https:\/\/www.facebook.com\/people\/Oller-Pintures\/100063652056709\/","article_modified_time":"2026-04-04T13:00:38+00:00","og_image":[{"width":1080,"height":1080,"url":"https:\/\/ollerpintures.com\/wp-content\/uploads\/2021\/05\/pintura-colores-del-mundo-patagonia-comprar-online-oller.jpg","type":"image\/jpeg"}],"twitter_card":"summary_large_image","twitter_misc":{"Temps estimat de lectura":"1 minut"},"schema":{"@context":"https:\/\/schema.org","@graph":[{"@type":"WebPage","@id":"https:\/\/ollerpintures.com\/ca\/producte\/pintura-colores-del-mundo-bruguer-patagonia-4l\/","url":"https:\/\/ollerpintures.com\/ca\/producte\/pintura-colores-del-mundo-bruguer-patagonia-4l\/","name":"Pintura Colores del Mundo BRUGUER Patagonia 4L - Oller Pinturas y Revestimientos","isPartOf":{"@id":"https:\/\/ollerpintures.com\/ca\/#website"},"primaryImageOfPage":{"@id":"https:\/\/ollerpintures.com\/ca\/producte\/pintura-colores-del-mundo-bruguer-patagonia-4l\/#primaryimage"},"image":{"@id":"https:\/\/ollerpintures.com\/ca\/producte\/pintura-colores-del-mundo-bruguer-patagonia-4l\/#primaryimage"},"thumbnailUrl":"https:\/\/ollerpintures.com\/wp-content\/uploads\/2021\/05\/pintura-colores-del-mundo-patagonia-comprar-online-oller.jpg","datePublished":"2021-05-07T10:19:40+00:00","dateModified":"2026-04-04T13:00:38+00:00","description":"Possiblement la millor cubeta de colors monocapa del mercat: pintura ecol\u00f2gica, rentable i no fa olor.\u00a0","breadcrumb":{"@id":"https:\/\/ollerpintures.com\/ca\/producte\/pintura-colores-del-mundo-bruguer-patagonia-4l\/#breadcrumb"},"inLanguage":"ca","potentialAction":[{"@type":"ReadAction","target":["https:\/\/ollerpintures.com\/ca\/producte\/pintura-colores-del-mundo-bruguer-patagonia-4l\/"]}]},{"@type":"ImageObject","inLanguage":"ca","@id":"https:\/\/ollerpintures.com\/ca\/producte\/pintura-colores-del-mundo-bruguer-patagonia-4l\/#primaryimage","url":"https:\/\/ollerpintures.com\/wp-content\/uploads\/2021\/05\/pintura-colores-del-mundo-patagonia-comprar-online-oller.jpg","contentUrl":"https:\/\/ollerpintures.com\/wp-content\/uploads\/2021\/05\/pintura-colores-del-mundo-patagonia-comprar-online-oller.jpg","width":1080,"height":1080},{"@type":"BreadcrumbList","@id":"https:\/\/ollerpintures.com\/ca\/producte\/pintura-colores-del-mundo-bruguer-patagonia-4l\/#breadcrumb","itemListElement":[{"@type":"ListItem","position":1,"name":"Inici","item":"https:\/\/ollerpintures.com\/ca\/"},{"@type":"ListItem","position":2,"name":"Botiga","item":"https:\/\/ollerpintures.com\/ca\/botiga\/"},{"@type":"ListItem","position":3,"name":"Pintura Colores del Mundo BRUGUER Patagonia 4L"}]},{"@type":"WebSite","@id":"https:\/\/ollerpintures.com\/ca\/#website","url":"https:\/\/ollerpintures.com\/ca\/","name":"Oller Pinturas y Revestimientos","description":"Pinturas y revestimientos para profesionales, industrias, obras p\u00fablicas, bricolaje. Pinturas de calidad profesional i mucho m\u00e1s.","publisher":{"@id":"https:\/\/ollerpintures.com\/ca\/#organization"},"alternateName":"Oller Grup","potentialAction":[{"@type":"SearchAction","target":{"@type":"EntryPoint","urlTemplate":"https:\/\/ollerpintures.com\/ca\/?s={search_term_string}"},"query-input":{"@type":"PropertyValueSpecification","valueRequired":true,"valueName":"search_term_string"}}],"inLanguage":"ca"},{"@type":"Organization","@id":"https:\/\/ollerpintures.com\/ca\/#organization","name":"Oller Pintures i Revestiments","alternateName":"Oller Grup","url":"https:\/\/ollerpintures.com\/ca\/","logo":{"@type":"ImageObject","inLanguage":"ca","@id":"https:\/\/ollerpintures.com\/ca\/#\/schema\/logo\/image\/","url":"https:\/\/ollerpintures.com\/wp-content\/uploads\/2024\/05\/newLogo.png","contentUrl":"https:\/\/ollerpintures.com\/wp-content\/uploads\/2024\/05\/newLogo.png","width":483,"height":244,"caption":"Oller Pintures i Revestiments"},"image":{"@id":"https:\/\/ollerpintures.com\/ca\/#\/schema\/logo\/image\/"},"sameAs":["https:\/\/www.facebook.com\/people\/Oller-Pintures\/100063652056709\/","https:\/\/www.instagram.com\/ollerpintures\/","https:\/\/descriptor.es\/organization\/oller-grup\/"]}]}},"brands":[{"id":41,"name":"Bruguer","slug":"bruguer"}],"_links":{"self":[{"href":"https:\/\/ollerpintures.com\/ca\/wp-json\/wp\/v2\/product\/10693","targetHints":{"allow":["GET"]}}],"collection":[{"href":"https:\/\/ollerpintures.com\/ca\/wp-json\/wp\/v2\/product"}],"about":[{"href":"https:\/\/ollerpintures.com\/ca\/wp-json\/wp\/v2\/types\/product"}],"wp:featuredmedia":[{"embeddable":true,"href":"https:\/\/ollerpintures.com\/ca\/wp-json\/wp\/v2\/media\/10689"}],"wp:attachment":[{"href":"https:\/\/ollerpintures.com\/ca\/wp-json\/wp\/v2\/media?parent=10693"}],"wp:term":[{"taxonomy":"pwb-brand","embeddable":true,"href":"https:\/\/ollerpintures.com\/ca\/wp-json\/wp\/v2\/pwb-brand?post=10693"},{"taxonomy":"product_brand","embeddable":true,"href":"https:\/\/ollerpintures.com\/ca\/wp-json\/wp\/v2\/product_brand?post=10693"},{"taxonomy":"product_cat","embeddable":true,"href":"https:\/\/ollerpintures.com\/ca\/wp-json\/wp\/v2\/product_cat?post=10693"},{"taxonomy":"product_tag","embeddable":true,"href":"https:\/\/ollerpintures.com\/ca\/wp-json\/wp\/v2\/product_tag?post=10693"}],"curies":[{"name":"wp","href":"https:\/\/api.w.org\/{rel}","templated":true}]}}