{"id":10011,"date":"2021-05-04T08:38:12","date_gmt":"2021-05-04T07:38:12","guid":{"rendered":"https:\/\/oller-pintures.c.wetopi.com\/?post_type=product&#038;p=10011"},"modified":"2026-04-14T14:00:15","modified_gmt":"2026-04-14T13:00:15","slug":"impermeabilitzant-membrana-hibrida-grn-blanca","status":"publish","type":"product","link":"https:\/\/ollerpintures.com\/ca\/producte\/impermeabilitzant-membrana-hibrida-grn-blanca\/","title":{"rendered":"Pintura Impermeabilitzant Membrana H\u00edbrida GRN Blanca 15L"},"content":{"rendered":"<p>La<strong> Membrana H\u00edbrida GRN<\/strong> \u00e9s l&#8217;\u00faltima tend\u00e8ncia en <strong>impermeabilitzaci\u00f3 de\u00a0 superf\u00edcies<\/strong> i dona un resultat excel\u00b7lent: ha solucionat fins el 80% dels casos de <strong>goteres i humitats<\/strong>. Es tracta d&#8217;una membrana h\u00edbrida de <strong>poliuret\u00e0<\/strong> amb una elasticitat superior al 600% i amb propietats transitables. T\u00e9 molta capacitat de resist\u00e8ncia i \u00e9s id\u00f2nia com impermeabilitzant de terrasses i cobertes on hi hagi fissures o microfissures.<\/p>\n<p>Si est\u00e0s fart\/a de les goteres, aquest \u00e9s el teu producte ideal: \u00e9s 100% transitable, aix\u00ed que es podr\u00e0 fer vida totalment normal a la superf\u00edcie a impermeabilitzar sense patir pel seu desgast o deteriorament.<\/p>\n<p><em><strong>M\u00e9s informaci\u00f3 sobre com impermeabilitzar una terrassa al nostre blog!<\/strong><\/em><\/p>\n","protected":false},"excerpt":{"rendered":"<p>La Membrana H\u00edbrida GRN \u00e9s l&#8217;\u00faltima tend\u00e8ncia en impermeabilitzaci\u00f3 de\u00a0 superf\u00edcies i dona un resultat excel\u00b7lent: ha solucionat fins el 80% dels casos de goteres &#8230; <\/p>\n<p class=\"read-more-container\"><a title=\"Pintura Impermeabilitzant Membrana H\u00edbrida GRN Blanca 15L\" class=\"read-more button\" href=\"https:\/\/ollerpintures.com\/ca\/producte\/impermeabilitzant-membrana-hibrida-grn-blanca\/#more-10011\" aria-label=\"M\u00e9s informaci\u00f3 sobre Pintura Impermeabilitzant Membrana H\u00edbrida GRN Blanca 15L\">Seguir llegint<\/a><\/p>\n","protected":false},"featured_media":10017,"template":"","meta":{"_acf_changed":false},"pwb-brand":[761],"product_brand":[],"product_cat":[24,70,760],"product_tag":[63,765,762,763,764],"class_list":{"0":"post-10011","1":"product","2":"type-product","3":"status-publish","4":"has-post-thumbnail","6":"pwb-brand-grn","7":"product_cat-pintura","8":"product_cat-pinturaexterior","9":"product_cat-pintura-impermeabilitzant","10":"product_tag-exterior","11":"product_tag-grn","12":"product_tag-pintura-exterior","13":"product_tag-pintura-impermeabilitzant","14":"product_tag-terrassa","15":"no-featured-image-padding","16":"resize-featured-image","17":"sales-flash-overlay","18":"woocommerce-text-align-left","19":"woocommerce-image-align-center","20":"do-quantity-buttons","21":"wc-has-gallery","23":"first","24":"instock","25":"featured","26":"shipping-taxable","27":"purchasable","28":"product-type-simple"},"acf":[],"yoast_head":"<!-- This site is optimized with the Yoast SEO plugin v27.1.1 - https:\/\/yoast.com\/product\/yoast-seo-wordpress\/ -->\n<title>Pintura Impermeabilitzant Membrana H\u00edbrida GRN Blanca 15L - Oller Pinturas y Revestimientos<\/title>\n<meta name=\"description\" content=\"La Membrana H\u00edbrida GRN \u00e9s l&#039;\u00faltima tend\u00e8ncia en impermeabilitzaci\u00f3 de\u00a0 superf\u00edcies i dona un resultat excel\u00b7lent: ha solucionat fins el 80% dels casos de\" \/>\n<meta name=\"robots\" content=\"index, follow, max-snippet:-1, max-image-preview:large, max-video-preview:-1\" \/>\n<link rel=\"canonical\" href=\"https:\/\/ollerpintures.com\/ca\/producte\/impermeabilitzant-membrana-hibrida-grn-blanca\/\" \/>\n<meta property=\"og:locale\" content=\"ca_ES\" \/>\n<meta property=\"og:type\" content=\"article\" \/>\n<meta property=\"og:title\" content=\"Pintura Impermeabilitzant Membrana H\u00edbrida GRN Blanca 15L - Oller Pinturas y Revestimientos\" \/>\n<meta property=\"og:description\" content=\"La Membrana H\u00edbrida GRN \u00e9s l&#039;\u00faltima tend\u00e8ncia en impermeabilitzaci\u00f3 de\u00a0 superf\u00edcies i dona un resultat excel\u00b7lent: ha solucionat fins el 80% dels casos de\" \/>\n<meta property=\"og:url\" content=\"https:\/\/ollerpintures.com\/ca\/producte\/impermeabilitzant-membrana-hibrida-grn-blanca\/\" \/>\n<meta property=\"og:site_name\" content=\"Oller Pinturas y Revestimientos\" \/>\n<meta property=\"article:publisher\" content=\"https:\/\/www.facebook.com\/people\/Oller-Pintures\/100063652056709\/\" \/>\n<meta property=\"article:modified_time\" content=\"2026-04-14T13:00:15+00:00\" \/>\n<meta property=\"og:image\" content=\"https:\/\/ollerpintures.com\/wp-content\/uploads\/2021\/05\/pintura-impermeabilitzant-impermeabilitzar-terrassa-superficie-impermeable-online-oller.jpg\" \/>\n\t<meta property=\"og:image:width\" content=\"1080\" \/>\n\t<meta property=\"og:image:height\" content=\"1080\" \/>\n\t<meta property=\"og:image:type\" content=\"image\/jpeg\" \/>\n<meta name=\"twitter:card\" content=\"summary_large_image\" \/>\n<meta name=\"twitter:label1\" content=\"Temps estimat de lectura\" \/>\n\t<meta name=\"twitter:data1\" content=\"1 minut\" \/>\n<script type=\"application\/ld+json\" class=\"yoast-schema-graph\">{\"@context\":\"https:\/\/schema.org\",\"@graph\":[{\"@type\":\"WebPage\",\"@id\":\"https:\/\/ollerpintures.com\/ca\/producte\/impermeabilitzant-membrana-hibrida-grn-blanca\/\",\"url\":\"https:\/\/ollerpintures.com\/ca\/producte\/impermeabilitzant-membrana-hibrida-grn-blanca\/\",\"name\":\"Pintura Impermeabilitzant Membrana H\u00edbrida GRN Blanca 15L - Oller Pinturas y Revestimientos\",\"isPartOf\":{\"@id\":\"https:\/\/ollerpintures.com\/ca\/#website\"},\"primaryImageOfPage\":{\"@id\":\"https:\/\/ollerpintures.com\/ca\/producte\/impermeabilitzant-membrana-hibrida-grn-blanca\/#primaryimage\"},\"image\":{\"@id\":\"https:\/\/ollerpintures.com\/ca\/producte\/impermeabilitzant-membrana-hibrida-grn-blanca\/#primaryimage\"},\"thumbnailUrl\":\"https:\/\/ollerpintures.com\/wp-content\/uploads\/2021\/05\/pintura-impermeabilitzant-impermeabilitzar-terrassa-superficie-impermeable-online-oller.jpg\",\"datePublished\":\"2021-05-04T07:38:12+00:00\",\"dateModified\":\"2026-04-14T13:00:15+00:00\",\"description\":\"La Membrana H\u00edbrida GRN \u00e9s l'\u00faltima tend\u00e8ncia en impermeabilitzaci\u00f3 de\u00a0 superf\u00edcies i dona un resultat excel\u00b7lent: ha solucionat fins el 80% dels casos de\",\"breadcrumb\":{\"@id\":\"https:\/\/ollerpintures.com\/ca\/producte\/impermeabilitzant-membrana-hibrida-grn-blanca\/#breadcrumb\"},\"inLanguage\":\"ca\",\"potentialAction\":[{\"@type\":\"ReadAction\",\"target\":[\"https:\/\/ollerpintures.com\/ca\/producte\/impermeabilitzant-membrana-hibrida-grn-blanca\/\"]}]},{\"@type\":\"ImageObject\",\"inLanguage\":\"ca\",\"@id\":\"https:\/\/ollerpintures.com\/ca\/producte\/impermeabilitzant-membrana-hibrida-grn-blanca\/#primaryimage\",\"url\":\"https:\/\/ollerpintures.com\/wp-content\/uploads\/2021\/05\/pintura-impermeabilitzant-impermeabilitzar-terrassa-superficie-impermeable-online-oller.jpg\",\"contentUrl\":\"https:\/\/ollerpintures.com\/wp-content\/uploads\/2021\/05\/pintura-impermeabilitzant-impermeabilitzar-terrassa-superficie-impermeable-online-oller.jpg\",\"width\":1080,\"height\":1080,\"caption\":\"pintura impermeabilitant Membrana H\u00edbrida GRN\"},{\"@type\":\"BreadcrumbList\",\"@id\":\"https:\/\/ollerpintures.com\/ca\/producte\/impermeabilitzant-membrana-hibrida-grn-blanca\/#breadcrumb\",\"itemListElement\":[{\"@type\":\"ListItem\",\"position\":1,\"name\":\"Inici\",\"item\":\"https:\/\/ollerpintures.com\/ca\/\"},{\"@type\":\"ListItem\",\"position\":2,\"name\":\"Botiga\",\"item\":\"https:\/\/ollerpintures.com\/ca\/botiga\/\"},{\"@type\":\"ListItem\",\"position\":3,\"name\":\"Pintura Impermeabilitzant Membrana H\u00edbrida GRN Blanca 15L\"}]},{\"@type\":\"WebSite\",\"@id\":\"https:\/\/ollerpintures.com\/ca\/#website\",\"url\":\"https:\/\/ollerpintures.com\/ca\/\",\"name\":\"Oller Pinturas y Revestimientos\",\"description\":\"Pinturas y revestimientos para profesionales, industrias, obras p\u00fablicas, bricolaje. Pinturas de calidad profesional i mucho m\u00e1s.\",\"publisher\":{\"@id\":\"https:\/\/ollerpintures.com\/ca\/#organization\"},\"alternateName\":\"Oller Grup\",\"potentialAction\":[{\"@type\":\"SearchAction\",\"target\":{\"@type\":\"EntryPoint\",\"urlTemplate\":\"https:\/\/ollerpintures.com\/ca\/?s={search_term_string}\"},\"query-input\":{\"@type\":\"PropertyValueSpecification\",\"valueRequired\":true,\"valueName\":\"search_term_string\"}}],\"inLanguage\":\"ca\"},{\"@type\":\"Organization\",\"@id\":\"https:\/\/ollerpintures.com\/ca\/#organization\",\"name\":\"Oller Pintures i Revestiments\",\"alternateName\":\"Oller Grup\",\"url\":\"https:\/\/ollerpintures.com\/ca\/\",\"logo\":{\"@type\":\"ImageObject\",\"inLanguage\":\"ca\",\"@id\":\"https:\/\/ollerpintures.com\/ca\/#\/schema\/logo\/image\/\",\"url\":\"https:\/\/ollerpintures.com\/wp-content\/uploads\/2024\/05\/newLogo.png\",\"contentUrl\":\"https:\/\/ollerpintures.com\/wp-content\/uploads\/2024\/05\/newLogo.png\",\"width\":483,\"height\":244,\"caption\":\"Oller Pintures i Revestiments\"},\"image\":{\"@id\":\"https:\/\/ollerpintures.com\/ca\/#\/schema\/logo\/image\/\"},\"sameAs\":[\"https:\/\/www.facebook.com\/people\/Oller-Pintures\/100063652056709\/\",\"https:\/\/www.instagram.com\/ollerpintures\/\",\"https:\/\/descriptor.es\/organization\/oller-grup\/\"]}]}<\/script>\n<!-- \/ Yoast SEO plugin. -->","yoast_head_json":{"title":"Pintura Impermeabilitzant Membrana H\u00edbrida GRN Blanca 15L - Oller Pinturas y Revestimientos","description":"La Membrana H\u00edbrida GRN \u00e9s l'\u00faltima tend\u00e8ncia en impermeabilitzaci\u00f3 de\u00a0 superf\u00edcies i dona un resultat excel\u00b7lent: ha solucionat fins el 80% dels casos de","robots":{"index":"index","follow":"follow","max-snippet":"max-snippet:-1","max-image-preview":"max-image-preview:large","max-video-preview":"max-video-preview:-1"},"canonical":"https:\/\/ollerpintures.com\/ca\/producte\/impermeabilitzant-membrana-hibrida-grn-blanca\/","og_locale":"ca_ES","og_type":"article","og_title":"Pintura Impermeabilitzant Membrana H\u00edbrida GRN Blanca 15L - Oller Pinturas y Revestimientos","og_description":"La Membrana H\u00edbrida GRN \u00e9s l'\u00faltima tend\u00e8ncia en impermeabilitzaci\u00f3 de\u00a0 superf\u00edcies i dona un resultat excel\u00b7lent: ha solucionat fins el 80% dels casos de","og_url":"https:\/\/ollerpintures.com\/ca\/producte\/impermeabilitzant-membrana-hibrida-grn-blanca\/","og_site_name":"Oller Pinturas y Revestimientos","article_publisher":"https:\/\/www.facebook.com\/people\/Oller-Pintures\/100063652056709\/","article_modified_time":"2026-04-14T13:00:15+00:00","og_image":[{"width":1080,"height":1080,"url":"https:\/\/ollerpintures.com\/wp-content\/uploads\/2021\/05\/pintura-impermeabilitzant-impermeabilitzar-terrassa-superficie-impermeable-online-oller.jpg","type":"image\/jpeg"}],"twitter_card":"summary_large_image","twitter_misc":{"Temps estimat de lectura":"1 minut"},"schema":{"@context":"https:\/\/schema.org","@graph":[{"@type":"WebPage","@id":"https:\/\/ollerpintures.com\/ca\/producte\/impermeabilitzant-membrana-hibrida-grn-blanca\/","url":"https:\/\/ollerpintures.com\/ca\/producte\/impermeabilitzant-membrana-hibrida-grn-blanca\/","name":"Pintura Impermeabilitzant Membrana H\u00edbrida GRN Blanca 15L - Oller Pinturas y Revestimientos","isPartOf":{"@id":"https:\/\/ollerpintures.com\/ca\/#website"},"primaryImageOfPage":{"@id":"https:\/\/ollerpintures.com\/ca\/producte\/impermeabilitzant-membrana-hibrida-grn-blanca\/#primaryimage"},"image":{"@id":"https:\/\/ollerpintures.com\/ca\/producte\/impermeabilitzant-membrana-hibrida-grn-blanca\/#primaryimage"},"thumbnailUrl":"https:\/\/ollerpintures.com\/wp-content\/uploads\/2021\/05\/pintura-impermeabilitzant-impermeabilitzar-terrassa-superficie-impermeable-online-oller.jpg","datePublished":"2021-05-04T07:38:12+00:00","dateModified":"2026-04-14T13:00:15+00:00","description":"La Membrana H\u00edbrida GRN \u00e9s l'\u00faltima tend\u00e8ncia en impermeabilitzaci\u00f3 de\u00a0 superf\u00edcies i dona un resultat excel\u00b7lent: ha solucionat fins el 80% dels casos de","breadcrumb":{"@id":"https:\/\/ollerpintures.com\/ca\/producte\/impermeabilitzant-membrana-hibrida-grn-blanca\/#breadcrumb"},"inLanguage":"ca","potentialAction":[{"@type":"ReadAction","target":["https:\/\/ollerpintures.com\/ca\/producte\/impermeabilitzant-membrana-hibrida-grn-blanca\/"]}]},{"@type":"ImageObject","inLanguage":"ca","@id":"https:\/\/ollerpintures.com\/ca\/producte\/impermeabilitzant-membrana-hibrida-grn-blanca\/#primaryimage","url":"https:\/\/ollerpintures.com\/wp-content\/uploads\/2021\/05\/pintura-impermeabilitzant-impermeabilitzar-terrassa-superficie-impermeable-online-oller.jpg","contentUrl":"https:\/\/ollerpintures.com\/wp-content\/uploads\/2021\/05\/pintura-impermeabilitzant-impermeabilitzar-terrassa-superficie-impermeable-online-oller.jpg","width":1080,"height":1080,"caption":"pintura impermeabilitant Membrana H\u00edbrida GRN"},{"@type":"BreadcrumbList","@id":"https:\/\/ollerpintures.com\/ca\/producte\/impermeabilitzant-membrana-hibrida-grn-blanca\/#breadcrumb","itemListElement":[{"@type":"ListItem","position":1,"name":"Inici","item":"https:\/\/ollerpintures.com\/ca\/"},{"@type":"ListItem","position":2,"name":"Botiga","item":"https:\/\/ollerpintures.com\/ca\/botiga\/"},{"@type":"ListItem","position":3,"name":"Pintura Impermeabilitzant Membrana H\u00edbrida GRN Blanca 15L"}]},{"@type":"WebSite","@id":"https:\/\/ollerpintures.com\/ca\/#website","url":"https:\/\/ollerpintures.com\/ca\/","name":"Oller Pinturas y Revestimientos","description":"Pinturas y revestimientos para profesionales, industrias, obras p\u00fablicas, bricolaje. Pinturas de calidad profesional i mucho m\u00e1s.","publisher":{"@id":"https:\/\/ollerpintures.com\/ca\/#organization"},"alternateName":"Oller Grup","potentialAction":[{"@type":"SearchAction","target":{"@type":"EntryPoint","urlTemplate":"https:\/\/ollerpintures.com\/ca\/?s={search_term_string}"},"query-input":{"@type":"PropertyValueSpecification","valueRequired":true,"valueName":"search_term_string"}}],"inLanguage":"ca"},{"@type":"Organization","@id":"https:\/\/ollerpintures.com\/ca\/#organization","name":"Oller Pintures i Revestiments","alternateName":"Oller Grup","url":"https:\/\/ollerpintures.com\/ca\/","logo":{"@type":"ImageObject","inLanguage":"ca","@id":"https:\/\/ollerpintures.com\/ca\/#\/schema\/logo\/image\/","url":"https:\/\/ollerpintures.com\/wp-content\/uploads\/2024\/05\/newLogo.png","contentUrl":"https:\/\/ollerpintures.com\/wp-content\/uploads\/2024\/05\/newLogo.png","width":483,"height":244,"caption":"Oller Pintures i Revestiments"},"image":{"@id":"https:\/\/ollerpintures.com\/ca\/#\/schema\/logo\/image\/"},"sameAs":["https:\/\/www.facebook.com\/people\/Oller-Pintures\/100063652056709\/","https:\/\/www.instagram.com\/ollerpintures\/","https:\/\/descriptor.es\/organization\/oller-grup\/"]}]}},"brands":[{"id":761,"name":"GRN","slug":"grn"}],"_links":{"self":[{"href":"https:\/\/ollerpintures.com\/ca\/wp-json\/wp\/v2\/product\/10011","targetHints":{"allow":["GET"]}}],"collection":[{"href":"https:\/\/ollerpintures.com\/ca\/wp-json\/wp\/v2\/product"}],"about":[{"href":"https:\/\/ollerpintures.com\/ca\/wp-json\/wp\/v2\/types\/product"}],"wp:featuredmedia":[{"embeddable":true,"href":"https:\/\/ollerpintures.com\/ca\/wp-json\/wp\/v2\/media\/10017"}],"wp:attachment":[{"href":"https:\/\/ollerpintures.com\/ca\/wp-json\/wp\/v2\/media?parent=10011"}],"wp:term":[{"taxonomy":"pwb-brand","embeddable":true,"href":"https:\/\/ollerpintures.com\/ca\/wp-json\/wp\/v2\/pwb-brand?post=10011"},{"taxonomy":"product_brand","embeddable":true,"href":"https:\/\/ollerpintures.com\/ca\/wp-json\/wp\/v2\/product_brand?post=10011"},{"taxonomy":"product_cat","embeddable":true,"href":"https:\/\/ollerpintures.com\/ca\/wp-json\/wp\/v2\/product_cat?post=10011"},{"taxonomy":"product_tag","embeddable":true,"href":"https:\/\/ollerpintures.com\/ca\/wp-json\/wp\/v2\/product_tag?post=10011"}],"curies":[{"name":"wp","href":"https:\/\/api.w.org\/{rel}","templated":true}]}}