{"id":4065,"date":"2020-12-03T10:48:26","date_gmt":"2020-12-03T09:48:26","guid":{"rendered":"https:\/\/novaweb.oller-pintures.c.wetopi.com\/?page_id=4065"},"modified":"2021-09-22T10:45:10","modified_gmt":"2021-09-22T09:45:10","slug":"avis-legal","status":"publish","type":"page","link":"https:\/\/ollerpintures.com\/ca\/avis-legal\/","title":{"rendered":"Av\u00eds legal"},"content":{"rendered":"\n<p><strong>CONDICIONS GENERALS D\u2019\u00daS<\/strong><\/p>\n\n\n\n<p>Oller Comercial de Pintures del Vall\u00e8s, S.L. l\u2019informa que l\u2019acc\u00e9s i \u00fas d\u2019aquesta p\u00e0gina web i tots els subdominis i directoris inclosos sota la mateixa (en endavant el website), aix\u00ed com els serveis o continguts que mitjan\u00e7ant aquest es puguin obtenir, es troben subjectes als termes que es detallen en aquest av\u00eds legal, sens prejudici de que l\u2019acc\u00e9s a algun d\u2019aquests serveis o continguts pugui requerir l\u2019acceptaci\u00f3 d\u2019unes Condicions Generals, o particulars, addicionals.<\/p>\n\n\n\n<p>Oller Comercial de Pintures del Vall\u00e8s, S.L. es reserva el dret a efectuar canvis en el website sense fer cap av\u00eds previ, amb l\u2019objectiu d\u2019actualitzar, corregir, modificar, afegir o eliminar els continguts del website o del seu disseny. Els continguts i serveis del website s\u2019actualitzen peri\u00f2dicament, pel que li suggerim que comprovi sempre la vig\u00e8ncia i exactitud de la informaci\u00f3, serveis i continguts recollits en el website, aix\u00ed com la revisi\u00f3 del present av\u00eds legal.<\/p>\n\n\n\n<p>El codi font, els dissenys gr\u00e0fics, les imatges, les fotografies, els sons, les animacions, el software, els texts, els noms de domini, els signes distintius, aix\u00ed com la informaci\u00f3 i els continguts recollits al llarg de tot el website pertanyen a Oller Comercial de Pintures del Vall\u00e8s, S.L. i estan protegits pels corresponents drets de propietat intel\u00b7lectual i industrial.<\/p>\n\n\n\n<p>La seva utilitzaci\u00f3, reproducci\u00f3, distribuci\u00f3, comunicaci\u00f3 p\u00fablica, transformaci\u00f3 o qualsevol altra activitat semblant o an\u00e0loga, es prohibeix totalment, tret de que hi hagi una autoritzaci\u00f3 expressa per part de Oller Comercial de Pintures del Vall\u00e8s, S.L.. L\u2019usuari, \u00fanicament i exclusivament, pot fer servir el material que aparegui al website per al seu \u00fas personal i privat, prohibint-se la seva utilitzaci\u00f3 amb finalitats comercials o per a qualsevol altre \u00fas que no sigui el personal i privat.<\/p>\n\n\n\n<p>Oller Comercial de Pintures del Vall\u00e8s, S.L. \u00e9s respectuosa amb els drets de propietat intel\u00b7lectual i industrial de tercers. Si considera que aquest website pogu\u00e9s estar violant els seus drets, li agrairem que contacti amb Oller Comercial de Pintures del Vall\u00e8s, S.L., enviant un correu electr\u00f2nic a l\u2019adre\u00e7a info@ollerpintures.com, indicant a l\u2019assumpte del correu \u201cRef. Website\u201d.<\/p>\n\n\n\n<p><strong>INFORMACI\u00d3 GENERAL<\/strong><\/p>\n\n\n\n<p>En compliment del que preveu la Llei 34\/2002, d\u2019onze de juliol, de Serveis de la Societat de la Informaci\u00f3 i de Comer\u00e7 Electr\u00f2nic, s\u2019informa a l\u2019usuari que la p\u00e0gina web corporativa de Oller Comercial de Pintures del Vall\u00e8s, S.L. es troba allotjada al domini www.ollerpintures.com, propietat de la societat Oller Comercial de Pintures del Vall\u00e8s, S.L.<\/p>\n\n\n\n<p>Oller Comercial de Pintures del Vall\u00e8s, S.L. es una Societat Limitada. La seva seu social es troba a Granollers, Avinguda d\u2019Europa, 19, Granollers (Barcelona), CP: 08401 amb CIF: B-60.734.068. Oller Comercial de Pintures del Vall\u00e8s, S.L. \u00e9s una societat inscrita al registre mercantil de Barcelona TOM 31048, FOLI 213, FULL B-133.544, inscripci\u00f3 5\u00aa.<\/p>\n\n\n\n<p>Oller Comercial de Pintures del Vall\u00e8s, S.L. \u00e9s una empresa dedicada a la comercialitzaci\u00f3 de pintures, paper pintat, complements per a la decoraci\u00f3, protecci\u00f3 i conservaci\u00f3 de superf\u00edcies. Per establir una comunicaci\u00f3 directa i efectiva amb Oller Comercial de Pintures del Vall\u00e8s, S.L. pot telefonar al n\u00famero de tel\u00e8fon 93 870 92 11, o enviar un correu electr\u00f2nic a l\u2019adre\u00e7a info@ollerpintures.com indicant a l\u2019assumpte del correu \u201cRef. Av\u00eds Legal\u201d.<\/p>\n\n\n\n<p><strong>LINKS O ENLLA\u00c7OS A ALTRES LLOCS WEB<\/strong><\/p>\n\n\n\n<p>Oller Comercial de Pintures del Vall\u00e8s, S.L. ha incorporat al website enlla\u00e7os a altres p\u00e0gines web que considera que poden ser del seu inter\u00e8s. L\u2019objectiu d\u2019aquests enlla\u00e7os \u00e9s \u00fanicament el de facilitar-li la cerca d\u2019altres recursos del seu inter\u00e8s mitjan\u00e7ant Internet. Aquestes p\u00e0gines web no pertanyen a Oller Comercial de Pintures del Vall\u00e8s, S.L., i Oller Comercial de Pintures del Vall\u00e8s, S.L. no fa una revisi\u00f3 dels seus continguts, pel que, Oller Comercial de Pintures del Vall\u00e8s, S.L. no pot fer-se responsable dels seus continguts, del funcionament de la p\u00e0gina enlla\u00e7ada o dels possibles danys que es puguin derivar de l\u2019acc\u00e9s o \u00fas de la mateixa. Oller Comercial de Pintures del Vall\u00e8s, S.L. es mostra plenament respectuosa amb els drets de propietat intel\u00b7lectual o industrial que puguin correspondre, a terceres persones, sobre les p\u00e0gines web a les que es refereixin els links inserits al website. Per aix\u00f2, si considera que la inclusi\u00f3 d\u2019aquests enlla\u00e7os al website poguessin estar violant els seus drets, li agrairem que es posi en contacte amb Oller Comercial de Pintures del Vall\u00e8s, S.L., enviant un correu electr\u00f2nic a l\u2019adre\u00e7a info@ollerpintures.com indicant a l\u2019assumpte del correu \u201cRef. Website\u201d.<\/p>\n\n\n\n<p>D\u2019altra banda, amb car\u00e0cter general s\u2019autoritza l\u2019enlla\u00e7 de p\u00e0gines web o d\u2019adreces de correu electr\u00f2nic al website, a excepci\u00f3 d\u2019aquells sup\u00f2sits en els que expressament Oller Comercial de Pintures del Vall\u00e8s, S.L. manifesti el contrari. Addicionalment, i en tot cas per entendre com aplicable l\u2019esmentada autoritzaci\u00f3 general, els enlla\u00e7os hauran de respectar, necess\u00e0riament, la seg\u00fcent condici\u00f3: l\u2019establiment de l\u2019enlla\u00e7 no suposar\u00e0, per s\u00ed mateix, cap mena de d\u2019acord, contracte, patrocini ni recomanaci\u00f3 per part de Oller Comercial de Pintures del Vall\u00e8s, S.L. de la p\u00e0gina que efectua l\u2019enlla\u00e7.<\/p>\n\n\n\n<p>No obstant aix\u00f2, en qualsevol moment Oller Comercial de Pintures del Vall\u00e8s, S.L. podr\u00e0 retirar l\u2019autoritzaci\u00f3 esmentada en el par\u00e0graf anterior, sense que hagi de fer cap tipus d\u2019al\u00b7legaci\u00f3. En tal cas, la p\u00e0gina que hagi fet l\u2019enlla\u00e7, haur\u00e0 de procedir a la seva supressi\u00f3 de forma immediata, tan aviat com rebi la notificaci\u00f3 de revocaci\u00f3 de l\u2019autoritzaci\u00f3, emesa per Oller Comercial de Pintures del Vall\u00e8s, S.L.<\/p>\n\n\n\n<p><strong>COOKIES<\/strong><\/p>\n\n\n\n<p>Per veure la <strong><a href=\"https:\/\/ollerpintures.com\/ca\/politica-de-cookies\/\" target=\"_blank\" rel=\"noreferrer noopener\">pol\u00edtica de cookies<\/a><\/strong> del website, l\u2019emplacem a que s\u2019adreci a la secci\u00f3 concreta del website on l\u2019informem de forma m\u00e9s particular sobre les cookies emprades, la seva finalitat, i sobre com pot bloquejar-les.<\/p>\n\n\n\n<p><strong>PROTECCI\u00d3 DE DADES<\/strong><\/p>\n\n\n\n<p>Per consultar el detall sobre la identitat del responsable del tractament, els tractaments de dades personals que efectuem, les finalitats amb qu\u00e8 s&#8217;efectuen els tractaments, els per\u00edodes de retenci\u00f3 i sobre l&#8217;exercici dels seus drets, l\u2019emplacem a que es dirigeixi a la secci\u00f3 concreta del website on es descriu la <strong><a href=\"https:\/\/ollerpintures.com\/politica-de-privacitat\/\" target=\"_blank\" rel=\"noreferrer noopener\">pol\u00edtica de privacitat<\/a><\/strong>.<\/p>\n","protected":false},"excerpt":{"rendered":"<p>CONDICIONS GENERALS D\u2019\u00daS Oller Comercial de Pintures del Vall\u00e8s, S.L. l\u2019informa que l\u2019acc\u00e9s i \u00fas d\u2019aquesta p\u00e0gina web i tots els subdominis i directoris inclosos &#8230; <\/p>\n<p class=\"read-more-container\"><a title=\"Av\u00eds legal\" class=\"read-more button\" href=\"https:\/\/ollerpintures.com\/ca\/avis-legal\/#more-4065\" aria-label=\"M\u00e9s informaci\u00f3 sobre Av\u00eds legal\">Seguir llegint<\/a><\/p>\n","protected":false},"author":11,"featured_media":0,"parent":0,"menu_order":0,"comment_status":"closed","ping_status":"open","template":"","meta":{"_acf_changed":false,"footnotes":""},"class_list":{"0":"post-4065","1":"page","2":"type-page","3":"status-publish","5":"no-featured-image-padding"},"acf":[],"yoast_head":"<!-- This site is optimized with the Yoast SEO plugin v27.1.1 - https:\/\/yoast.com\/product\/yoast-seo-wordpress\/ -->\n<title>Av\u00eds legal - Oller Pinturas y Revestimientos<\/title>\n<meta name=\"description\" content=\"Oller Pinturas y Revestimientos per a professionals, ind\u00fastries, obres p\u00fabliques, bricolatge. Pintures de qualitat professional i molt m\u00e9s!\" \/>\n<meta name=\"robots\" content=\"noindex, nofollow\" \/>\n<meta property=\"og:locale\" content=\"ca_ES\" \/>\n<meta property=\"og:type\" content=\"article\" \/>\n<meta property=\"og:title\" content=\"Av\u00eds legal - Oller Pinturas y Revestimientos\" \/>\n<meta property=\"og:description\" content=\"Oller Pinturas y Revestimientos per a professionals, ind\u00fastries, obres p\u00fabliques, bricolatge. Pintures de qualitat professional i molt m\u00e9s!\" \/>\n<meta property=\"og:url\" content=\"https:\/\/ollerpintures.com\/ca\/avis-legal\/\" \/>\n<meta property=\"og:site_name\" content=\"Oller Pinturas y Revestimientos\" \/>\n<meta property=\"article:publisher\" content=\"https:\/\/www.facebook.com\/people\/Oller-Pintures\/100063652056709\/\" \/>\n<meta property=\"article:modified_time\" content=\"2021-09-22T09:45:10+00:00\" \/>\n<meta property=\"og:image\" content=\"https:\/\/ollerpintures.com\/wp-content\/uploads\/2022\/05\/pinturas-venta-pinturas-distribuidores-mayorista-oller-pintures-granollers-tienda.jpg\" \/>\n\t<meta property=\"og:image:width\" content=\"1920\" \/>\n\t<meta property=\"og:image:height\" content=\"866\" \/>\n\t<meta property=\"og:image:type\" content=\"image\/jpeg\" \/>\n<meta name=\"twitter:card\" content=\"summary_large_image\" \/>\n<meta name=\"twitter:label1\" content=\"Temps estimat de lectura\" \/>\n\t<meta name=\"twitter:data1\" content=\"5 minuts\" \/>\n<script type=\"application\/ld+json\" class=\"yoast-schema-graph\">{\"@context\":\"https:\/\/schema.org\",\"@graph\":[{\"@type\":\"WebPage\",\"@id\":\"https:\/\/ollerpintures.com\/ca\/avis-legal\/\",\"url\":\"https:\/\/ollerpintures.com\/ca\/avis-legal\/\",\"name\":\"Av\u00eds legal - Oller Pinturas y Revestimientos\",\"isPartOf\":{\"@id\":\"https:\/\/ollerpintures.com\/ca\/#website\"},\"datePublished\":\"2020-12-03T09:48:26+00:00\",\"dateModified\":\"2021-09-22T09:45:10+00:00\",\"description\":\"Oller Pinturas y Revestimientos per a professionals, ind\u00fastries, obres p\u00fabliques, bricolatge. Pintures de qualitat professional i molt m\u00e9s!\",\"breadcrumb\":{\"@id\":\"https:\/\/ollerpintures.com\/ca\/avis-legal\/#breadcrumb\"},\"inLanguage\":\"ca\",\"potentialAction\":[{\"@type\":\"ReadAction\",\"target\":[\"https:\/\/ollerpintures.com\/ca\/avis-legal\/\"]}]},{\"@type\":\"BreadcrumbList\",\"@id\":\"https:\/\/ollerpintures.com\/ca\/avis-legal\/#breadcrumb\",\"itemListElement\":[{\"@type\":\"ListItem\",\"position\":1,\"name\":\"Inici\",\"item\":\"https:\/\/ollerpintures.com\/ca\/\"},{\"@type\":\"ListItem\",\"position\":2,\"name\":\"Av\u00eds legal\"}]},{\"@type\":\"WebSite\",\"@id\":\"https:\/\/ollerpintures.com\/ca\/#website\",\"url\":\"https:\/\/ollerpintures.com\/ca\/\",\"name\":\"Oller Pinturas y Revestimientos\",\"description\":\"Pinturas y revestimientos para profesionales, industrias, obras p\u00fablicas, bricolaje. Pinturas de calidad profesional i mucho m\u00e1s.\",\"publisher\":{\"@id\":\"https:\/\/ollerpintures.com\/ca\/#organization\"},\"alternateName\":\"Oller Grup\",\"potentialAction\":[{\"@type\":\"SearchAction\",\"target\":{\"@type\":\"EntryPoint\",\"urlTemplate\":\"https:\/\/ollerpintures.com\/ca\/?s={search_term_string}\"},\"query-input\":{\"@type\":\"PropertyValueSpecification\",\"valueRequired\":true,\"valueName\":\"search_term_string\"}}],\"inLanguage\":\"ca\"},{\"@type\":\"Organization\",\"@id\":\"https:\/\/ollerpintures.com\/ca\/#organization\",\"name\":\"Oller Pintures i Revestiments\",\"alternateName\":\"Oller Grup\",\"url\":\"https:\/\/ollerpintures.com\/ca\/\",\"logo\":{\"@type\":\"ImageObject\",\"inLanguage\":\"ca\",\"@id\":\"https:\/\/ollerpintures.com\/ca\/#\/schema\/logo\/image\/\",\"url\":\"https:\/\/ollerpintures.com\/wp-content\/uploads\/2024\/05\/newLogo.png\",\"contentUrl\":\"https:\/\/ollerpintures.com\/wp-content\/uploads\/2024\/05\/newLogo.png\",\"width\":483,\"height\":244,\"caption\":\"Oller Pintures i Revestiments\"},\"image\":{\"@id\":\"https:\/\/ollerpintures.com\/ca\/#\/schema\/logo\/image\/\"},\"sameAs\":[\"https:\/\/www.facebook.com\/people\/Oller-Pintures\/100063652056709\/\",\"https:\/\/www.instagram.com\/ollerpintures\/\",\"https:\/\/descriptor.es\/organization\/oller-grup\/\"]}]}<\/script>\n<!-- \/ Yoast SEO plugin. -->","yoast_head_json":{"title":"Av\u00eds legal - Oller Pinturas y Revestimientos","description":"Oller Pinturas y Revestimientos per a professionals, ind\u00fastries, obres p\u00fabliques, bricolatge. Pintures de qualitat professional i molt m\u00e9s!","robots":{"index":"noindex","follow":"nofollow"},"og_locale":"ca_ES","og_type":"article","og_title":"Av\u00eds legal - Oller Pinturas y Revestimientos","og_description":"Oller Pinturas y Revestimientos per a professionals, ind\u00fastries, obres p\u00fabliques, bricolatge. Pintures de qualitat professional i molt m\u00e9s!","og_url":"https:\/\/ollerpintures.com\/ca\/avis-legal\/","og_site_name":"Oller Pinturas y Revestimientos","article_publisher":"https:\/\/www.facebook.com\/people\/Oller-Pintures\/100063652056709\/","article_modified_time":"2021-09-22T09:45:10+00:00","og_image":[{"width":1920,"height":866,"url":"https:\/\/ollerpintures.com\/wp-content\/uploads\/2022\/05\/pinturas-venta-pinturas-distribuidores-mayorista-oller-pintures-granollers-tienda.jpg","type":"image\/jpeg"}],"twitter_card":"summary_large_image","twitter_misc":{"Temps estimat de lectura":"5 minuts"},"schema":{"@context":"https:\/\/schema.org","@graph":[{"@type":"WebPage","@id":"https:\/\/ollerpintures.com\/ca\/avis-legal\/","url":"https:\/\/ollerpintures.com\/ca\/avis-legal\/","name":"Av\u00eds legal - Oller Pinturas y Revestimientos","isPartOf":{"@id":"https:\/\/ollerpintures.com\/ca\/#website"},"datePublished":"2020-12-03T09:48:26+00:00","dateModified":"2021-09-22T09:45:10+00:00","description":"Oller Pinturas y Revestimientos per a professionals, ind\u00fastries, obres p\u00fabliques, bricolatge. Pintures de qualitat professional i molt m\u00e9s!","breadcrumb":{"@id":"https:\/\/ollerpintures.com\/ca\/avis-legal\/#breadcrumb"},"inLanguage":"ca","potentialAction":[{"@type":"ReadAction","target":["https:\/\/ollerpintures.com\/ca\/avis-legal\/"]}]},{"@type":"BreadcrumbList","@id":"https:\/\/ollerpintures.com\/ca\/avis-legal\/#breadcrumb","itemListElement":[{"@type":"ListItem","position":1,"name":"Inici","item":"https:\/\/ollerpintures.com\/ca\/"},{"@type":"ListItem","position":2,"name":"Av\u00eds legal"}]},{"@type":"WebSite","@id":"https:\/\/ollerpintures.com\/ca\/#website","url":"https:\/\/ollerpintures.com\/ca\/","name":"Oller Pinturas y Revestimientos","description":"Pinturas y revestimientos para profesionales, industrias, obras p\u00fablicas, bricolaje. Pinturas de calidad profesional i mucho m\u00e1s.","publisher":{"@id":"https:\/\/ollerpintures.com\/ca\/#organization"},"alternateName":"Oller Grup","potentialAction":[{"@type":"SearchAction","target":{"@type":"EntryPoint","urlTemplate":"https:\/\/ollerpintures.com\/ca\/?s={search_term_string}"},"query-input":{"@type":"PropertyValueSpecification","valueRequired":true,"valueName":"search_term_string"}}],"inLanguage":"ca"},{"@type":"Organization","@id":"https:\/\/ollerpintures.com\/ca\/#organization","name":"Oller Pintures i Revestiments","alternateName":"Oller Grup","url":"https:\/\/ollerpintures.com\/ca\/","logo":{"@type":"ImageObject","inLanguage":"ca","@id":"https:\/\/ollerpintures.com\/ca\/#\/schema\/logo\/image\/","url":"https:\/\/ollerpintures.com\/wp-content\/uploads\/2024\/05\/newLogo.png","contentUrl":"https:\/\/ollerpintures.com\/wp-content\/uploads\/2024\/05\/newLogo.png","width":483,"height":244,"caption":"Oller Pintures i Revestiments"},"image":{"@id":"https:\/\/ollerpintures.com\/ca\/#\/schema\/logo\/image\/"},"sameAs":["https:\/\/www.facebook.com\/people\/Oller-Pintures\/100063652056709\/","https:\/\/www.instagram.com\/ollerpintures\/","https:\/\/descriptor.es\/organization\/oller-grup\/"]}]}},"_links":{"self":[{"href":"https:\/\/ollerpintures.com\/ca\/wp-json\/wp\/v2\/pages\/4065","targetHints":{"allow":["GET"]}}],"collection":[{"href":"https:\/\/ollerpintures.com\/ca\/wp-json\/wp\/v2\/pages"}],"about":[{"href":"https:\/\/ollerpintures.com\/ca\/wp-json\/wp\/v2\/types\/page"}],"author":[{"embeddable":true,"href":"https:\/\/ollerpintures.com\/ca\/wp-json\/wp\/v2\/users\/11"}],"replies":[{"embeddable":true,"href":"https:\/\/ollerpintures.com\/ca\/wp-json\/wp\/v2\/comments?post=4065"}],"version-history":[{"count":0,"href":"https:\/\/ollerpintures.com\/ca\/wp-json\/wp\/v2\/pages\/4065\/revisions"}],"wp:attachment":[{"href":"https:\/\/ollerpintures.com\/ca\/wp-json\/wp\/v2\/media?parent=4065"}],"curies":[{"name":"wp","href":"https:\/\/api.w.org\/{rel}","templated":true}]}}