{"id":4062,"date":"2020-12-03T10:35:08","date_gmt":"2020-12-03T09:35:08","guid":{"rendered":"https:\/\/novaweb.oller-pintures.c.wetopi.com\/?page_id=4062"},"modified":"2024-05-15T16:00:24","modified_gmt":"2024-05-15T15:00:24","slug":"politica-de-cookies","status":"publish","type":"page","link":"https:\/\/ollerpintures.com\/ca\/politica-de-cookies\/","title":{"rendered":"Pol\u00edtica de cookies"},"content":{"rendered":"\n<p><strong>Definici\u00f3 i funci\u00f3 de les cookies<\/strong><\/p>\n\n\n\n<p>Una cookie \u00e9s un fitxer que es descarrega al seu ordinador en accedir a determinades p\u00e0gines web. Les cookies permeten a una p\u00e0gina web, entre altres coses, emmagatzemar i recuperar informaci\u00f3 sobre els h\u00e0bits de navegaci\u00f3 d\u2019un usuari o del seu equip, i depenent de la informaci\u00f3 que continguin i de la forma que faci servir el seu equip, poden utilitzar-se per recon\u00e8ixer a l\u2019usuari.<\/p>\n\n\n\n<p><strong>Tipus de cookies que fa servir aquesta p\u00e0gina web<\/strong><\/p>\n\n\n\n<ul class=\"wp-block-list\">\n<li><strong>Cookies t\u00e8cniques:<\/strong> s\u00f3n aquelles que permeten a l\u2019usuari la navegaci\u00f3 a trav\u00e9s de la p\u00e0gina web, i la utilitzaci\u00f3 de les diferents opcions i serveis.<\/li>\n<\/ul>\n\n\n\n<ul class=\"wp-block-list\">\n<li><strong>Cookies d\u2019an\u00e0lisi:<\/strong> son aquelles que b\u00e9 tractades per nosaltres o per tercers, ens permeten quantificar el n\u00famero d\u2019usuaris i aix\u00ed fer la mesura i an\u00e0lisi estad\u00edstic de la utilitzaci\u00f3 que fan els usuaris del servei ofert. Per aquest fet, s\u2019analitza la seva navegaci\u00f3 a la nostra p\u00e0gina web amb la finalitat de millorar la disposici\u00f3 dels enlla\u00e7os, els continguts publicats, i la nostra oferta de serveis.<\/li>\n<\/ul>\n\n\n\n<p><strong>Qui fa servir la informaci\u00f3 recollida per les cookies?<\/strong><\/p>\n\n\n\n<p>Les cookies d\u2019an\u00e0lisi s\u00f3n instal\u00b7lades per part del servei Google Analytics, prove\u00eft&nbsp; per la societat Google Inc, amb seu a 1600 Amphitheatre Parkway<\/p>\n\n\n\n<p>Mountain View, CA 94043 (Estats Units d\u2019Am\u00e8rica). La informaci\u00f3 recollida serveix per incorporar la informaci\u00f3 a l\u2019eina d\u2019an\u00e0lisi del comportament dels usuaris en la navegaci\u00f3 pel website, i en s\u00ed mateixa, no cont\u00e9 cap dada personal.<\/p>\n\n\n\n<p><strong>Com desactivar o eliminar les cookies que fa servir el website?<\/strong><\/p>\n\n\n\n<p>Vost\u00e8 pot permetre, bloquejar o eliminar les cookies instal\u00b7lades al seu equip mitjan\u00e7ant la configuraci\u00f3 de les opcions del navegador instal\u00b7lat al seu ordinador.<\/p>\n\n\n\n<p>A continuaci\u00f3 s\u2019adjunta la informaci\u00f3 sobre com desactivar o eliminar les cookies enunciades als navegadors web m\u00e9s usuals:<\/p>\n\n\n\n<ul class=\"wp-block-list\">\n<li><strong>Internet Explorer:<\/strong> Eines -&gt; Opcions d\u2019Internet -&gt; Privacitat -&gt; Configuraci\u00f3.<\/li>\n<\/ul>\n\n\n\n<p>Per m\u00e9s informaci\u00f3, pot consultar el suport de Microsoft o el men\u00fa d\u2019ajuda del navegador.<\/p>\n\n\n\n<ul class=\"wp-block-list\">\n<li><strong>Firefox: <\/strong>Eines -&gt; Opcions -&gt; Privacitat -&gt; Historial -&gt; Configuraci\u00f3 Personalitzada.<\/li>\n<\/ul>\n\n\n\n<p>Per m\u00e9s informaci\u00f3, pot consultar el suport de Mozilla o el men\u00fa d\u2019ajuda del navegador.<\/p>\n\n\n\n<ul class=\"wp-block-list\">\n<li><strong>Chrome:<\/strong> Configuraci\u00f3 -&gt; Mostrar opcions avan\u00e7ades -&gt; Privacitat -&gt; Configuraci\u00f3 de contingut.<\/li>\n<\/ul>\n\n\n\n<p>Per m\u00e9s informaci\u00f3, pot consultar el suport de Google o el men\u00fa d\u2019ajuda del navegador.<\/p>\n\n\n\n<ul class=\"wp-block-list\">\n<li><strong>Safari:<\/strong> Prefer\u00e8ncies -&gt; Seguretat.<\/li>\n<\/ul>\n\n\n\n<p>Per m\u00e9s informaci\u00f3, pot consultar el suport d\u2019Apple o el men\u00fa d\u2019ajuda del navegador.<\/p>\n","protected":false},"excerpt":{"rendered":"<p>Definici\u00f3 i funci\u00f3 de les cookies Una cookie \u00e9s un fitxer que es descarrega al seu ordinador en accedir a determinades p\u00e0gines web. Les cookies &#8230; <\/p>\n<p class=\"read-more-container\"><a title=\"Pol\u00edtica de cookies\" class=\"read-more button\" href=\"https:\/\/ollerpintures.com\/ca\/politica-de-cookies\/#more-4062\" aria-label=\"M\u00e9s informaci\u00f3 sobre Pol\u00edtica de cookies\">Seguir llegint<\/a><\/p>\n","protected":false},"author":11,"featured_media":0,"parent":0,"menu_order":0,"comment_status":"closed","ping_status":"open","template":"","meta":{"_acf_changed":false,"footnotes":""},"class_list":{"0":"post-4062","1":"page","2":"type-page","3":"status-publish","5":"no-featured-image-padding"},"acf":[],"yoast_head":"<!-- This site is optimized with the Yoast SEO plugin v27.1.1 - https:\/\/yoast.com\/product\/yoast-seo-wordpress\/ -->\n<title>Pol\u00edtica de cookies - Oller Pinturas y Revestimientos<\/title>\n<meta name=\"description\" content=\"Oller Pinturas y Revestimientos per a professionals, ind\u00fastries, obres p\u00fabliques, bricolatge. Pintures de qualitat professional i molt m\u00e9s!\" \/>\n<meta name=\"robots\" content=\"noindex, follow\" \/>\n<meta property=\"og:locale\" content=\"ca_ES\" \/>\n<meta property=\"og:type\" content=\"article\" \/>\n<meta property=\"og:title\" content=\"Pol\u00edtica de cookies - Oller Pinturas y Revestimientos\" \/>\n<meta property=\"og:description\" content=\"Oller Pinturas y Revestimientos per a professionals, ind\u00fastries, obres p\u00fabliques, bricolatge. Pintures de qualitat professional i molt m\u00e9s!\" \/>\n<meta property=\"og:url\" content=\"https:\/\/ollerpintures.com\/ca\/politica-de-cookies\/\" \/>\n<meta property=\"og:site_name\" content=\"Oller Pinturas y Revestimientos\" \/>\n<meta property=\"article:publisher\" content=\"https:\/\/www.facebook.com\/people\/Oller-Pintures\/100063652056709\/\" \/>\n<meta property=\"article:modified_time\" content=\"2024-05-15T15:00:24+00:00\" \/>\n<meta property=\"og:image\" content=\"https:\/\/ollerpintures.com\/wp-content\/uploads\/2022\/05\/pinturas-venta-pinturas-distribuidores-mayorista-oller-pintures-granollers-tienda.jpg\" \/>\n\t<meta property=\"og:image:width\" content=\"1920\" \/>\n\t<meta property=\"og:image:height\" content=\"866\" \/>\n\t<meta property=\"og:image:type\" content=\"image\/jpeg\" \/>\n<meta name=\"twitter:card\" content=\"summary_large_image\" \/>\n<meta name=\"twitter:label1\" content=\"Temps estimat de lectura\" \/>\n\t<meta name=\"twitter:data1\" content=\"3 minuts\" \/>\n<script type=\"application\/ld+json\" class=\"yoast-schema-graph\">{\"@context\":\"https:\/\/schema.org\",\"@graph\":[{\"@type\":\"WebPage\",\"@id\":\"https:\/\/ollerpintures.com\/ca\/politica-de-cookies\/\",\"url\":\"https:\/\/ollerpintures.com\/ca\/politica-de-cookies\/\",\"name\":\"Pol\u00edtica de cookies - Oller Pinturas y Revestimientos\",\"isPartOf\":{\"@id\":\"https:\/\/ollerpintures.com\/ca\/#website\"},\"datePublished\":\"2020-12-03T09:35:08+00:00\",\"dateModified\":\"2024-05-15T15:00:24+00:00\",\"description\":\"Oller Pinturas y Revestimientos per a professionals, ind\u00fastries, obres p\u00fabliques, bricolatge. Pintures de qualitat professional i molt m\u00e9s!\",\"breadcrumb\":{\"@id\":\"https:\/\/ollerpintures.com\/ca\/politica-de-cookies\/#breadcrumb\"},\"inLanguage\":\"ca\",\"potentialAction\":[{\"@type\":\"ReadAction\",\"target\":[\"https:\/\/ollerpintures.com\/ca\/politica-de-cookies\/\"]}]},{\"@type\":\"BreadcrumbList\",\"@id\":\"https:\/\/ollerpintures.com\/ca\/politica-de-cookies\/#breadcrumb\",\"itemListElement\":[{\"@type\":\"ListItem\",\"position\":1,\"name\":\"Inici\",\"item\":\"https:\/\/ollerpintures.com\/ca\/\"},{\"@type\":\"ListItem\",\"position\":2,\"name\":\"Pol\u00edtica de cookies\"}]},{\"@type\":\"WebSite\",\"@id\":\"https:\/\/ollerpintures.com\/ca\/#website\",\"url\":\"https:\/\/ollerpintures.com\/ca\/\",\"name\":\"Oller Pinturas y Revestimientos\",\"description\":\"Pinturas y revestimientos para profesionales, industrias, obras p\u00fablicas, bricolaje. Pinturas de calidad profesional i mucho m\u00e1s.\",\"publisher\":{\"@id\":\"https:\/\/ollerpintures.com\/ca\/#organization\"},\"alternateName\":\"Oller Grup\",\"potentialAction\":[{\"@type\":\"SearchAction\",\"target\":{\"@type\":\"EntryPoint\",\"urlTemplate\":\"https:\/\/ollerpintures.com\/ca\/?s={search_term_string}\"},\"query-input\":{\"@type\":\"PropertyValueSpecification\",\"valueRequired\":true,\"valueName\":\"search_term_string\"}}],\"inLanguage\":\"ca\"},{\"@type\":\"Organization\",\"@id\":\"https:\/\/ollerpintures.com\/ca\/#organization\",\"name\":\"Oller Pintures i Revestiments\",\"alternateName\":\"Oller Grup\",\"url\":\"https:\/\/ollerpintures.com\/ca\/\",\"logo\":{\"@type\":\"ImageObject\",\"inLanguage\":\"ca\",\"@id\":\"https:\/\/ollerpintures.com\/ca\/#\/schema\/logo\/image\/\",\"url\":\"https:\/\/ollerpintures.com\/wp-content\/uploads\/2024\/05\/newLogo.png\",\"contentUrl\":\"https:\/\/ollerpintures.com\/wp-content\/uploads\/2024\/05\/newLogo.png\",\"width\":483,\"height\":244,\"caption\":\"Oller Pintures i Revestiments\"},\"image\":{\"@id\":\"https:\/\/ollerpintures.com\/ca\/#\/schema\/logo\/image\/\"},\"sameAs\":[\"https:\/\/www.facebook.com\/people\/Oller-Pintures\/100063652056709\/\",\"https:\/\/www.instagram.com\/ollerpintures\/\",\"https:\/\/descriptor.es\/organization\/oller-grup\/\"]}]}<\/script>\n<!-- \/ Yoast SEO plugin. -->","yoast_head_json":{"title":"Pol\u00edtica de cookies - Oller Pinturas y Revestimientos","description":"Oller Pinturas y Revestimientos per a professionals, ind\u00fastries, obres p\u00fabliques, bricolatge. Pintures de qualitat professional i molt m\u00e9s!","robots":{"index":"noindex","follow":"follow"},"og_locale":"ca_ES","og_type":"article","og_title":"Pol\u00edtica de cookies - Oller Pinturas y Revestimientos","og_description":"Oller Pinturas y Revestimientos per a professionals, ind\u00fastries, obres p\u00fabliques, bricolatge. Pintures de qualitat professional i molt m\u00e9s!","og_url":"https:\/\/ollerpintures.com\/ca\/politica-de-cookies\/","og_site_name":"Oller Pinturas y Revestimientos","article_publisher":"https:\/\/www.facebook.com\/people\/Oller-Pintures\/100063652056709\/","article_modified_time":"2024-05-15T15:00:24+00:00","og_image":[{"width":1920,"height":866,"url":"https:\/\/ollerpintures.com\/wp-content\/uploads\/2022\/05\/pinturas-venta-pinturas-distribuidores-mayorista-oller-pintures-granollers-tienda.jpg","type":"image\/jpeg"}],"twitter_card":"summary_large_image","twitter_misc":{"Temps estimat de lectura":"3 minuts"},"schema":{"@context":"https:\/\/schema.org","@graph":[{"@type":"WebPage","@id":"https:\/\/ollerpintures.com\/ca\/politica-de-cookies\/","url":"https:\/\/ollerpintures.com\/ca\/politica-de-cookies\/","name":"Pol\u00edtica de cookies - Oller Pinturas y Revestimientos","isPartOf":{"@id":"https:\/\/ollerpintures.com\/ca\/#website"},"datePublished":"2020-12-03T09:35:08+00:00","dateModified":"2024-05-15T15:00:24+00:00","description":"Oller Pinturas y Revestimientos per a professionals, ind\u00fastries, obres p\u00fabliques, bricolatge. Pintures de qualitat professional i molt m\u00e9s!","breadcrumb":{"@id":"https:\/\/ollerpintures.com\/ca\/politica-de-cookies\/#breadcrumb"},"inLanguage":"ca","potentialAction":[{"@type":"ReadAction","target":["https:\/\/ollerpintures.com\/ca\/politica-de-cookies\/"]}]},{"@type":"BreadcrumbList","@id":"https:\/\/ollerpintures.com\/ca\/politica-de-cookies\/#breadcrumb","itemListElement":[{"@type":"ListItem","position":1,"name":"Inici","item":"https:\/\/ollerpintures.com\/ca\/"},{"@type":"ListItem","position":2,"name":"Pol\u00edtica de cookies"}]},{"@type":"WebSite","@id":"https:\/\/ollerpintures.com\/ca\/#website","url":"https:\/\/ollerpintures.com\/ca\/","name":"Oller Pinturas y Revestimientos","description":"Pinturas y revestimientos para profesionales, industrias, obras p\u00fablicas, bricolaje. Pinturas de calidad profesional i mucho m\u00e1s.","publisher":{"@id":"https:\/\/ollerpintures.com\/ca\/#organization"},"alternateName":"Oller Grup","potentialAction":[{"@type":"SearchAction","target":{"@type":"EntryPoint","urlTemplate":"https:\/\/ollerpintures.com\/ca\/?s={search_term_string}"},"query-input":{"@type":"PropertyValueSpecification","valueRequired":true,"valueName":"search_term_string"}}],"inLanguage":"ca"},{"@type":"Organization","@id":"https:\/\/ollerpintures.com\/ca\/#organization","name":"Oller Pintures i Revestiments","alternateName":"Oller Grup","url":"https:\/\/ollerpintures.com\/ca\/","logo":{"@type":"ImageObject","inLanguage":"ca","@id":"https:\/\/ollerpintures.com\/ca\/#\/schema\/logo\/image\/","url":"https:\/\/ollerpintures.com\/wp-content\/uploads\/2024\/05\/newLogo.png","contentUrl":"https:\/\/ollerpintures.com\/wp-content\/uploads\/2024\/05\/newLogo.png","width":483,"height":244,"caption":"Oller Pintures i Revestiments"},"image":{"@id":"https:\/\/ollerpintures.com\/ca\/#\/schema\/logo\/image\/"},"sameAs":["https:\/\/www.facebook.com\/people\/Oller-Pintures\/100063652056709\/","https:\/\/www.instagram.com\/ollerpintures\/","https:\/\/descriptor.es\/organization\/oller-grup\/"]}]}},"_links":{"self":[{"href":"https:\/\/ollerpintures.com\/ca\/wp-json\/wp\/v2\/pages\/4062","targetHints":{"allow":["GET"]}}],"collection":[{"href":"https:\/\/ollerpintures.com\/ca\/wp-json\/wp\/v2\/pages"}],"about":[{"href":"https:\/\/ollerpintures.com\/ca\/wp-json\/wp\/v2\/types\/page"}],"author":[{"embeddable":true,"href":"https:\/\/ollerpintures.com\/ca\/wp-json\/wp\/v2\/users\/11"}],"replies":[{"embeddable":true,"href":"https:\/\/ollerpintures.com\/ca\/wp-json\/wp\/v2\/comments?post=4062"}],"version-history":[{"count":1,"href":"https:\/\/ollerpintures.com\/ca\/wp-json\/wp\/v2\/pages\/4062\/revisions"}],"predecessor-version":[{"id":25780,"href":"https:\/\/ollerpintures.com\/ca\/wp-json\/wp\/v2\/pages\/4062\/revisions\/25780"}],"wp:attachment":[{"href":"https:\/\/ollerpintures.com\/ca\/wp-json\/wp\/v2\/media?parent=4062"}],"curies":[{"name":"wp","href":"https:\/\/api.w.org\/{rel}","templated":true}]}}